{"id":2133,"date":"2023-09-29T03:25:56","date_gmt":"2023-09-29T03:25:56","guid":{"rendered":"https:\/\/exceladvisor.org\/tr\/nesneler\/"},"modified":"2023-12-10T06:06:43","modified_gmt":"2023-12-10T06:06:43","slug":"nesneler","status":"publish","type":"page","link":"https:\/\/exceladvisor.org\/tr\/nesneler\/","title":{"rendered":"Vba nesneleri: kolay resimli a\u00e7\u0131klama"},"content":{"rendered":"<div class=\"excel-icerikten-once\" id=\"excel-3613114114\"><script type=\"text\/javascript\">\r\n\tatOptions = {\r\n\t\t'key' : 'c1158f160081d6540a8409e6925dab94',\r\n\t\t'format' : 'iframe',\r\n\t\t'height' : 250,\r\n\t\t'width' : 300,\r\n\t\t'params' : {}\r\n\t};\r\n<\/script>\r\n<script type=\"text\/javascript\" src=\"\/\/www.highperformanceformat.com\/c1158f160081d6540a8409e6925dab94\/invoke.js\"><\/script><\/div> <p>Visual Basic for Applications nesne y\u00f6nelimli bir dildir ve bundan en iyi \u015fekilde yararlanmak i\u00e7in Excel nesnelerini anlaman\u0131z gerekir. Excel&#8217;de kulland\u0131\u011f\u0131n\u0131z \u00e7al\u0131\u015fma kitab\u0131 farkl\u0131 nesnelerden olu\u015fur.<\/p><p> Ve bir nesneye eklenmi\u015f, eri\u015febilece\u011finiz \u00e7e\u015fitli \u00f6zellikler ve bir nesne \u00fczerinde\/nesneyle birlikte kullanabilece\u011finiz \u00e7e\u015fitli y\u00f6ntemler vard\u0131r. Bunu bir \u00f6rnekle anlayal\u0131m.<\/p><p> \u00dcr\u00fcnler i\u00e7in farkl\u0131 b\u00f6l\u00fcmleri olan b\u00fcy\u00fck bir bakkal d\u00fc\u015f\u00fcn\u00fcn ve bu b\u00f6l\u00fcmlerde ayr\u0131ca raflar var ve bu raflar\u0131n i\u00e7inde \u00fcr\u00fcnler var. <\/p><div class=\"wp-block-image\"><figure class=\"aligncenter size-large is-resized\"><img loading=\"lazy\" decoding=\"async\" class=\"wp-image-57765\" src=\"https:\/\/exceladvisor.org\/wp-content\/uploads\/2023\/08\/1-comprendre-les-objets-Excel.jpg\" sizes=\"auto, \" srcset=\"\" alt=\"excel-nesnelerini anlama\" width=\"458\" height=\"305\"><\/figure><\/div><p> Yani k\u0131yafet sat\u0131n almak istiyorsan\u0131z giyim b\u00f6l\u00fcm\u00fcne gitmeniz gerekiyor ve giyim b\u00f6l\u00fcm\u00fcnde kad\u0131n ve erkeklere y\u00f6nelik alt b\u00f6l\u00fcmleriniz olabiliyor.<\/p><p> Ve bir kuma\u015f se\u00e7ti\u011finizde, o kuma\u015f\u0131n belirli bir rengi, boyutu ve kuma\u015f\u0131 olacakt\u0131r (bunlar o kuma\u015f\u0131n \u00f6zellikleridir).<\/p><p> Benzer \u015fekilde VBA&#8217;da hiyerar\u015fik olarak yap\u0131land\u0131r\u0131lm\u0131\u015f nesneler vard\u0131r.<\/p><h2 class=\"wp-block-heading\"> VBA Nesne Modeli (Hiyerar\u015fi)<\/h2><p> Excel uygulamas\u0131nda bir \u00e7al\u0131\u015fma kitab\u0131n\u0131 a\u00e7t\u0131\u011f\u0131n\u0131zda, o \u00e7al\u0131\u015fma kitab\u0131nda bir \u00e7al\u0131\u015fma sayfan\u0131z (veya birden fazla \u00e7al\u0131\u015fma sayfan\u0131z) olur ve o \u00e7al\u0131\u015fma sayfas\u0131nda h\u00fccreler ve h\u00fccre aral\u0131\u011f\u0131 bulunur.<\/p><p> Excel hiyerar\u015fisi Excel Uygulamas\u0131 ile ba\u015flar ve bu hiyerar\u015fiyi tan\u0131mlayan yap\u0131 a\u015fa\u011f\u0131dad\u0131r: <\/p><div class=\"wp-block-image\"><figure class=\"aligncenter size-large is-resized\"><img loading=\"lazy\" decoding=\"async\" class=\"wp-image-57766\" src=\"https:\/\/exceladvisor.org\/wp-content\/uploads\/2023\/08\/2-modele-dobjet-vba.png\" sizes=\"auto, \" srcset=\"\" alt=\"\" width=\"534\" height=\"545\"><\/figure><\/div><p> Diyelim ki bir \u00e7al\u0131\u015fma kitab\u0131na ba\u015fvuruda bulunmak istiyorsan\u0131z yazd\u0131\u011f\u0131n\u0131z kodun \u015f\u00f6yle g\u00f6r\u00fcnmesi gerekir: <\/p><div class=\"wp-block-image\"><figure class=\"aligncenter size-large is-resized\"><img loading=\"lazy\" decoding=\"async\" class=\"wp-image-57767\" src=\"https:\/\/exceladvisor.org\/wp-content\/uploads\/2023\/08\/3-code-faisant-reference-au-classeur.png\" sizes=\"auto, \" srcset=\"\" alt=\"\" width=\"508\" height=\"255\"><\/figure><\/div><p> Yukar\u0131daki kodda &#8220;Kitap1&#8221; \u00e7al\u0131\u015fma kitab\u0131ndan bahsediyorsunuz.<\/p><p> Yazd\u0131\u011f\u0131n\u0131z \u015fey, \u00f6ncelikle Excel uygulamas\u0131ndan bahsetti\u011finiz ve Uygulama nesnesinin bir par\u00e7as\u0131 olan &#8220;\u00c7al\u0131\u015fma Kitaplar\u0131&#8221;n\u0131 kulland\u0131\u011f\u0131n\u0131zd\u0131r.<\/p><p> \u015eimdi daha ileri gitmek istedi\u011finizi ve &#8220;Kitap1&#8221; \u00e7al\u0131\u015fma kitab\u0131ndaki bir \u00e7al\u0131\u015fma sayfas\u0131na ba\u015fvurmak istedi\u011finizi varsayal\u0131m ve ilgili kod \u015f\u00f6yle olacakt\u0131r: <\/p><div class=\"wp-block-image\"><figure class=\"aligncenter size-large is-resized\"><img loading=\"lazy\" decoding=\"async\" class=\"wp-image-57768\" src=\"https:\/\/exceladvisor.org\/wp-content\/uploads\/2023\/08\/4-code-faisant-reference-a-la-feuille-de-travail.png\" sizes=\"auto, \" srcset=\"\" alt=\"\" width=\"674\" height=\"234\"><\/figure><\/div><p> Bunun ne anlama geldi\u011fini biliyorsun, de\u011fil mi? Ama sana s\u00f6yleyeyim. Yukar\u0131daki kodda &#8220;Kitap1&#8221; \u00e7al\u0131\u015fma kitab\u0131na at\u0131fta bulunduktan sonra, \u00e7al\u0131\u015fma kitab\u0131n\u0131n bir di\u011fer par\u00e7as\u0131 olan &#8220;Sayfa1&#8221; \u00e7al\u0131\u015fma sayfas\u0131na da ba\u015fvurmu\u015f oldunuz.<\/p><p> Biraz daha ileri gidelim. &#8220;Sayfa1&#8221; \u00e7al\u0131\u015fma sayfas\u0131ndaki belirli bir h\u00fccreye bakal\u0131m ve kar\u015f\u0131l\u0131k gelen kod \u015f\u00f6yle olacakt\u0131r: <\/p><div class=\"wp-block-image\"><figure class=\"aligncenter size-large is-resized\"><img loading=\"lazy\" decoding=\"async\" class=\"wp-image-57769\" src=\"https:\/\/exceladvisor.org\/wp-content\/uploads\/2023\/08\/5-code-fait-reference-a-une-cellule-specifique.png\" sizes=\"auto, \" srcset=\"\" alt=\"\" width=\"792\" height=\"230\"><\/figure><\/div><p> Sormadan \u00f6nce \u015funu s\u00f6yleyeyim. Yukar\u0131daki kodda \u201cKitap1\u201d \u00e7al\u0131\u015fma kitab\u0131n\u0131n \u201cSayfa1\u201d \u00e7al\u0131\u015fma sayfas\u0131nda bulunan A1 h\u00fccresinden bahsettiniz.<\/p><p> Bir Range nesnesine bu \u015fekilde ba\u015fvurdu\u011funuzda buna tam nitelikli ba\u015fvuru denir.<\/p><p class=\"qt-tip\"> <strong>Not:<\/strong> Uygulama nesnesinin kullan\u0131lmas\u0131 iste\u011fe ba\u011fl\u0131d\u0131r. Sebep? VBA&#8217;da bir \u015fey yapt\u0131\u011f\u0131n\u0131zda zaten Excel uygulamas\u0131n\u0131n i\u00e7indesiniz.<\/p><h2 class=\"wp-block-heading\"> Bir nesneye yap\u0131lan referans\u0131 basitle\u015ftirin<\/h2><p> Yukar\u0131daki kodda tam nitelikli bir referans kulland\u0131n\u0131z. Bu, VBA&#8217;ya hangi \u00e7al\u0131\u015fma kitab\u0131na, \u00e7al\u0131\u015fma sayfas\u0131na ve h\u00fccreye ba\u015fvuraca\u011f\u0131n\u0131z\u0131 s\u00f6yleyece\u011finiz anlam\u0131na gelir. Peki ya zaten 1. Kitap \u00e7al\u0131\u015fma kitab\u0131ndaysan\u0131z?<\/p><p> Bu durumda, a\u015fa\u011f\u0131daki kodda oldu\u011fu gibi, bir h\u00fccreye ba\u015fvuruda bulunmak istedi\u011finiz \u00e7al\u0131\u015fma sayfas\u0131na ba\u015fvurabilirsiniz: <\/p><div class=\"wp-block-image\"><figure class=\"aligncenter size-large is-resized\"><img loading=\"lazy\" decoding=\"async\" class=\"wp-image-57770\" src=\"https:\/\/exceladvisor.org\/wp-content\/uploads\/2023\/08\/6-simplifier-la-reference-a-un-objet.png\" sizes=\"auto, \" srcset=\"\" alt=\"\" width=\"463\" height=\"259\"><\/figure><\/div><p> Ayr\u0131ca, &#8220;Sayfa1&#8221; \u00e7al\u0131\u015fma sayfas\u0131 etkinse, a\u015fa\u011f\u0131daki kodda oldu\u011fu gibi h\u00fccreye veya h\u00fccre aral\u0131\u011f\u0131na basit\u00e7e ba\u015fvurabilirsiniz: <\/p><div class=\"wp-block-image\"><figure class=\"aligncenter size-large is-resized\"><img loading=\"lazy\" decoding=\"async\" class=\"wp-image-57771\" src=\"https:\/\/exceladvisor.org\/wp-content\/uploads\/2023\/08\/7-font-reference-a-la-cellule-ou-a-la-plage.png\" sizes=\"auto, \" srcset=\"\" alt=\"\" width=\"316\" height=\"260\"><\/figure><\/div><p> <strong>VBA nesneleri hakk\u0131nda daha fazla bilgi edinin:<\/strong> <a href=\"https:\/\/exceladvisor.org\/tr\/baglayici\/\">VBA \u00c7al\u0131\u015fma Kitab\u0131 Nesnesi<\/a> | <a href=\"https:\/\/exceladvisor.org\/tr\/calisma-sayfasi-1\/\">VBA Elektronik Tablo Nesnesi<\/a> | <a href=\"https:\/\/exceladvisor.org\/tr\/aralik-1\/\">VBA Aral\u0131\u011f\u0131 Nesnesi<\/a><\/p><div class=\"gb-container gb-container-4db6181c gb-container-mt\"> <a class=\"gb-button gb-button-c5897111 gb-button-text gb-button-mt-button\" href=\"https:\/\/exceladvisor.org\/tr\/vba\/\">VBA nedir<\/a><h2 class=\"gb-headline gb-headline-665e5f6b gb-headline-text gb-headline-mt-heading\"> \u0130lgili e\u011fitimler <\/h2><div class=\"gb-grid-wrapper gb-grid-wrapper-a20baf7c gb-grid-wrapper-mt-grid\"><div class=\"gb-grid-column gb-grid-column-65ddf67e\"><div class=\"gb-container gb-container-65ddf67e\"><ul><li> <a href=\"https:\/\/exceladvisor.org\/tr\/gorusme-sorulari\/\">VBA M\u00fclakat Sorular\u0131<\/a><\/li><li> <a href=\"https:\/\/exceladvisor.org\/tr\/yorum\/\">VBA koduna yorum ekleme<\/a><\/li><li> <a href=\"https:\/\/exceladvisor.org\/tr\/satir-sonu\/\">VBA koduna sat\u0131r sonu ekleme<\/a><\/li><li> <a href=\"https:\/\/exceladvisor.org\/tr\/yeni-hat\/\">VBA&#8217;da bir dizeye yeni bir sat\u0131r (sat\u0131r ba\u015f\u0131) ekleyin<\/a><\/li><li> <a href=\"https:\/\/exceladvisor.org\/tr\/makro-2yi-calistir\/\">Excel&#8217;de Makro \u00c7al\u0131\u015ft\u0131rma (VBA Kodunu \u00c7al\u0131\u015ft\u0131rma)<\/a><\/li><\/ul><\/div><\/div><\/div><\/div>","protected":false},"excerpt":{"rendered":"","protected":false},"author":1,"featured_media":0,"parent":0,"menu_order":0,"comment_status":"open","ping_status":"closed","template":"","meta":{"ub_ctt_via":"","footnotes":""},"class_list":["post-2133","page","type-page","status-publish","hentry"],"featured_image_src":null,"yoast_head":"<!-- This site is optimized with the Yoast SEO plugin v25.4 - https:\/\/yoast.com\/wordpress\/plugins\/seo\/ -->\n<title>\u25b7 VBA Nesneleri: Resimli k\u0131lavuz 2023 - Excel Dan\u0131\u015fman\u0131<\/title>\n<meta name=\"description\" content=\"Visual Basic for Applications nesne y\u00f6nelimli bir dildir ve bundan en iyi \u015fekilde yararlanmak i\u00e7in Excel nesnelerini anlaman\u0131z gerekir.\" \/>\n<meta name=\"robots\" content=\"index, follow, max-snippet:-1, max-image-preview:large, max-video-preview:-1\" \/>\n<link rel=\"canonical\" href=\"https:\/\/exceladvisor.org\/tr\/nesneler\/\" \/>\n<meta property=\"og:locale\" content=\"tr_TR\" \/>\n<meta property=\"og:type\" content=\"article\" \/>\n<meta property=\"og:title\" content=\"\u25b7 VBA Nesneleri: Resimli k\u0131lavuz 2023 - Excel Dan\u0131\u015fman\u0131\" \/>\n<meta property=\"og:description\" content=\"Visual Basic for Applications nesne y\u00f6nelimli bir dildir ve bundan en iyi \u015fekilde yararlanmak i\u00e7in Excel nesnelerini anlaman\u0131z gerekir.\" \/>\n<meta property=\"og:url\" content=\"https:\/\/exceladvisor.org\/tr\/nesneler\/\" \/>\n<meta property=\"og:site_name\" content=\"Excel Advisor\" \/>\n<meta property=\"article:modified_time\" content=\"2023-12-10T06:06:43+00:00\" \/>\n<meta property=\"og:image\" content=\"https:\/\/exceladvisor.org\/wp-content\/uploads\/2023\/08\/1-comprendre-les-objets-Excel.jpg\" \/>\n<meta name=\"twitter:card\" content=\"summary_large_image\" \/>\n<meta name=\"twitter:label1\" content=\"Tahmini okuma s\u00fcresi\" \/>\n\t<meta name=\"twitter:data1\" content=\"3 dakika\" \/>\n<script type=\"application\/ld+json\" class=\"yoast-schema-graph\">{\"@context\":\"https:\/\/schema.org\",\"@graph\":[{\"@type\":\"WebPage\",\"@id\":\"https:\/\/exceladvisor.org\/tr\/nesneler\/\",\"url\":\"https:\/\/exceladvisor.org\/tr\/nesneler\/\",\"name\":\"\u25b7 VBA Nesneleri: Resimli k\u0131lavuz 2023 - Excel Dan\u0131\u015fman\u0131\",\"isPartOf\":{\"@id\":\"https:\/\/exceladvisor.org\/tr\/#website\"},\"primaryImageOfPage\":{\"@id\":\"https:\/\/exceladvisor.org\/tr\/nesneler\/#primaryimage\"},\"image\":{\"@id\":\"https:\/\/exceladvisor.org\/tr\/nesneler\/#primaryimage\"},\"thumbnailUrl\":\"https:\/\/exceladvisor.org\/wp-content\/uploads\/2023\/08\/1-comprendre-les-objets-Excel.jpg\",\"datePublished\":\"2023-09-29T03:25:56+00:00\",\"dateModified\":\"2023-12-10T06:06:43+00:00\",\"description\":\"Visual Basic for Applications nesne y\u00f6nelimli bir dildir ve bundan en iyi \u015fekilde yararlanmak i\u00e7in Excel nesnelerini anlaman\u0131z gerekir.\",\"breadcrumb\":{\"@id\":\"https:\/\/exceladvisor.org\/tr\/nesneler\/#breadcrumb\"},\"inLanguage\":\"tr\",\"potentialAction\":[{\"@type\":\"ReadAction\",\"target\":[\"https:\/\/exceladvisor.org\/tr\/nesneler\/\"]}]},{\"@type\":\"ImageObject\",\"inLanguage\":\"tr\",\"@id\":\"https:\/\/exceladvisor.org\/tr\/nesneler\/#primaryimage\",\"url\":\"https:\/\/exceladvisor.org\/wp-content\/uploads\/2023\/08\/1-comprendre-les-objets-Excel.jpg\",\"contentUrl\":\"https:\/\/exceladvisor.org\/wp-content\/uploads\/2023\/08\/1-comprendre-les-objets-Excel.jpg\"},{\"@type\":\"BreadcrumbList\",\"@id\":\"https:\/\/exceladvisor.org\/tr\/nesneler\/#breadcrumb\",\"itemListElement\":[{\"@type\":\"ListItem\",\"position\":1,\"name\":\"Ev\",\"item\":\"https:\/\/exceladvisor.org\/tr\/\"},{\"@type\":\"ListItem\",\"position\":2,\"name\":\"Vba nesneleri: kolay resimli a\u00e7\u0131klama\"}]},{\"@type\":\"WebSite\",\"@id\":\"https:\/\/exceladvisor.org\/tr\/#website\",\"url\":\"https:\/\/exceladvisor.org\/tr\/\",\"name\":\"Excel Advisor\",\"description\":\"Veri hakimiyetine y\u00f6nelik nihai rehberiniz!\",\"publisher\":{\"@id\":\"https:\/\/exceladvisor.org\/tr\/#organization\"},\"potentialAction\":[{\"@type\":\"SearchAction\",\"target\":{\"@type\":\"EntryPoint\",\"urlTemplate\":\"https:\/\/exceladvisor.org\/tr\/?s={search_term_string}\"},\"query-input\":{\"@type\":\"PropertyValueSpecification\",\"valueRequired\":true,\"valueName\":\"search_term_string\"}}],\"inLanguage\":\"tr\"},{\"@type\":\"Organization\",\"@id\":\"https:\/\/exceladvisor.org\/tr\/#organization\",\"name\":\"Excel Advisor\",\"url\":\"https:\/\/exceladvisor.org\/tr\/\",\"logo\":{\"@type\":\"ImageObject\",\"inLanguage\":\"tr\",\"@id\":\"https:\/\/exceladvisor.org\/tr\/#\/schema\/logo\/image\/\",\"url\":\"https:\/\/exceladvisor.org\/tr\/wp-content\/uploads\/2023\/12\/exceladvisor.org_.png\",\"contentUrl\":\"https:\/\/exceladvisor.org\/tr\/wp-content\/uploads\/2023\/12\/exceladvisor.org_.png\",\"width\":105,\"height\":36,\"caption\":\"Excel Advisor\"},\"image\":{\"@id\":\"https:\/\/exceladvisor.org\/tr\/#\/schema\/logo\/image\/\"}}]}<\/script>\n<!-- \/ Yoast SEO plugin. -->","yoast_head_json":{"title":"\u25b7 VBA Nesneleri: Resimli k\u0131lavuz 2023 - Excel Dan\u0131\u015fman\u0131","description":"Visual Basic for Applications nesne y\u00f6nelimli bir dildir ve bundan en iyi \u015fekilde yararlanmak i\u00e7in Excel nesnelerini anlaman\u0131z gerekir.","robots":{"index":"index","follow":"follow","max-snippet":"max-snippet:-1","max-image-preview":"max-image-preview:large","max-video-preview":"max-video-preview:-1"},"canonical":"https:\/\/exceladvisor.org\/tr\/nesneler\/","og_locale":"tr_TR","og_type":"article","og_title":"\u25b7 VBA Nesneleri: Resimli k\u0131lavuz 2023 - Excel Dan\u0131\u015fman\u0131","og_description":"Visual Basic for Applications nesne y\u00f6nelimli bir dildir ve bundan en iyi \u015fekilde yararlanmak i\u00e7in Excel nesnelerini anlaman\u0131z gerekir.","og_url":"https:\/\/exceladvisor.org\/tr\/nesneler\/","og_site_name":"Excel Advisor","article_modified_time":"2023-12-10T06:06:43+00:00","og_image":[{"url":"https:\/\/exceladvisor.org\/wp-content\/uploads\/2023\/08\/1-comprendre-les-objets-Excel.jpg","type":"","width":"","height":""}],"twitter_card":"summary_large_image","twitter_misc":{"Tahmini okuma s\u00fcresi":"3 dakika"},"schema":{"@context":"https:\/\/schema.org","@graph":[{"@type":"WebPage","@id":"https:\/\/exceladvisor.org\/tr\/nesneler\/","url":"https:\/\/exceladvisor.org\/tr\/nesneler\/","name":"\u25b7 VBA Nesneleri: Resimli k\u0131lavuz 2023 - Excel Dan\u0131\u015fman\u0131","isPartOf":{"@id":"https:\/\/exceladvisor.org\/tr\/#website"},"primaryImageOfPage":{"@id":"https:\/\/exceladvisor.org\/tr\/nesneler\/#primaryimage"},"image":{"@id":"https:\/\/exceladvisor.org\/tr\/nesneler\/#primaryimage"},"thumbnailUrl":"https:\/\/exceladvisor.org\/wp-content\/uploads\/2023\/08\/1-comprendre-les-objets-Excel.jpg","datePublished":"2023-09-29T03:25:56+00:00","dateModified":"2023-12-10T06:06:43+00:00","description":"Visual Basic for Applications nesne y\u00f6nelimli bir dildir ve bundan en iyi \u015fekilde yararlanmak i\u00e7in Excel nesnelerini anlaman\u0131z gerekir.","breadcrumb":{"@id":"https:\/\/exceladvisor.org\/tr\/nesneler\/#breadcrumb"},"inLanguage":"tr","potentialAction":[{"@type":"ReadAction","target":["https:\/\/exceladvisor.org\/tr\/nesneler\/"]}]},{"@type":"ImageObject","inLanguage":"tr","@id":"https:\/\/exceladvisor.org\/tr\/nesneler\/#primaryimage","url":"https:\/\/exceladvisor.org\/wp-content\/uploads\/2023\/08\/1-comprendre-les-objets-Excel.jpg","contentUrl":"https:\/\/exceladvisor.org\/wp-content\/uploads\/2023\/08\/1-comprendre-les-objets-Excel.jpg"},{"@type":"BreadcrumbList","@id":"https:\/\/exceladvisor.org\/tr\/nesneler\/#breadcrumb","itemListElement":[{"@type":"ListItem","position":1,"name":"Ev","item":"https:\/\/exceladvisor.org\/tr\/"},{"@type":"ListItem","position":2,"name":"Vba nesneleri: kolay resimli a\u00e7\u0131klama"}]},{"@type":"WebSite","@id":"https:\/\/exceladvisor.org\/tr\/#website","url":"https:\/\/exceladvisor.org\/tr\/","name":"Excel Advisor","description":"Veri hakimiyetine y\u00f6nelik nihai rehberiniz!","publisher":{"@id":"https:\/\/exceladvisor.org\/tr\/#organization"},"potentialAction":[{"@type":"SearchAction","target":{"@type":"EntryPoint","urlTemplate":"https:\/\/exceladvisor.org\/tr\/?s={search_term_string}"},"query-input":{"@type":"PropertyValueSpecification","valueRequired":true,"valueName":"search_term_string"}}],"inLanguage":"tr"},{"@type":"Organization","@id":"https:\/\/exceladvisor.org\/tr\/#organization","name":"Excel Advisor","url":"https:\/\/exceladvisor.org\/tr\/","logo":{"@type":"ImageObject","inLanguage":"tr","@id":"https:\/\/exceladvisor.org\/tr\/#\/schema\/logo\/image\/","url":"https:\/\/exceladvisor.org\/tr\/wp-content\/uploads\/2023\/12\/exceladvisor.org_.png","contentUrl":"https:\/\/exceladvisor.org\/tr\/wp-content\/uploads\/2023\/12\/exceladvisor.org_.png","width":105,"height":36,"caption":"Excel Advisor"},"image":{"@id":"https:\/\/exceladvisor.org\/tr\/#\/schema\/logo\/image\/"}}]}},"yoast_meta":{"yoast_wpseo_title":"","yoast_wpseo_metadesc":"","yoast_wpseo_canonical":""},"_links":{"self":[{"href":"https:\/\/exceladvisor.org\/tr\/wp-json\/wp\/v2\/pages\/2133","targetHints":{"allow":["GET"]}}],"collection":[{"href":"https:\/\/exceladvisor.org\/tr\/wp-json\/wp\/v2\/pages"}],"about":[{"href":"https:\/\/exceladvisor.org\/tr\/wp-json\/wp\/v2\/types\/page"}],"author":[{"embeddable":true,"href":"https:\/\/exceladvisor.org\/tr\/wp-json\/wp\/v2\/users\/1"}],"replies":[{"embeddable":true,"href":"https:\/\/exceladvisor.org\/tr\/wp-json\/wp\/v2\/comments?post=2133"}],"version-history":[{"count":1,"href":"https:\/\/exceladvisor.org\/tr\/wp-json\/wp\/v2\/pages\/2133\/revisions"}],"predecessor-version":[{"id":2887,"href":"https:\/\/exceladvisor.org\/tr\/wp-json\/wp\/v2\/pages\/2133\/revisions\/2887"}],"wp:attachment":[{"href":"https:\/\/exceladvisor.org\/tr\/wp-json\/wp\/v2\/media?parent=2133"}],"curies":[{"name":"wp","href":"https:\/\/api.w.org\/{rel}","templated":true}]}}