{"id":2134,"date":"2023-09-29T02:43:45","date_gmt":"2023-09-29T02:43:45","guid":{"rendered":"https:\/\/exceladvisor.org\/tr\/zayif\/"},"modified":"2023-12-10T06:03:03","modified_gmt":"2023-12-10T06:03:03","slug":"zayif","status":"publish","type":"page","link":"https:\/\/exceladvisor.org\/tr\/zayif\/","title":{"rendered":"Excel&#39;de vba&#39;da dim nas\u0131l kullan\u0131l\u0131r?"},"content":{"rendered":"<div class=\"excel-icerikten-once\" id=\"excel-1258176013\"><script type=\"text\/javascript\">\r\n\tatOptions = {\r\n\t\t'key' : 'c1158f160081d6540a8409e6925dab94',\r\n\t\t'format' : 'iframe',\r\n\t\t'height' : 250,\r\n\t\t'width' : 300,\r\n\t\t'params' : {}\r\n\t};\r\n<\/script>\r\n<script type=\"text\/javascript\" src=\"\/\/www.highperformanceformat.com\/c1158f160081d6540a8409e6925dab94\/invoke.js\"><\/script><\/div> <h2 class=\"wp-block-heading\">VBA DIM bildirimi nedir?<\/h2><p> VBA DIM ifadesi, bir de\u011fi\u015fken bildirmeniz gerekti\u011finde kullanman\u0131z gereken &#8220;bildirme&#8221; anlam\u0131na gelir. Bunu kulland\u0131\u011f\u0131n\u0131zda, VBA&#8217;ya belirli bir veri t\u00fcr\u00fc atayarak belirli bir ad\u0131 de\u011fi\u015fken olarak bildirdi\u011finizi bildirir. A\u015fa\u011f\u0131dakileri bildirmek i\u00e7in kullan\u0131labilir:<\/p><ul><li> Temel de\u011fi\u015fkenler<\/li><li> Varyantlar<\/li><li> <a href=\"https:\/\/exceladvisor.org\/tr\/nesneler\/\">Nesneler<\/a><\/li><li> Da\u011f\u0131tmak<\/li><\/ul><h2 class=\"wp-block-heading\"> VBA&#8217;da DIM Ekstresini kullanma<\/h2><ol type=\"1\"><li> Ba\u015f\u0131na \u201cDim\u201d anahtar kelimesini yaz\u0131n.<\/li><li> Daha sonra kullanmak istedi\u011finiz de\u011fi\u015fkenin ad\u0131n\u0131 girin.<\/li><li> Daha sonra &#8220;be\u011fen&#8221; kelimesini kullanman\u0131z gerekir ve an\u0131nda <a href=\"https:\/\/exceladvisor.org\/tr\/degiskenler\/\">veri t\u00fcrlerinin<\/a> bir listesini al\u0131rs\u0131n\u0131z.<\/li><li> Sonunda de\u011fi\u015fkene atamak istedi\u011finiz veri t\u00fcr\u00fcn\u00fc se\u00e7in. <\/li><\/ol><div class=\"wp-block-image\"><figure class=\"aligncenter size-large is-resized\"><img loading=\"lazy\" decoding=\"async\" class=\"wp-image-55786\" src=\"https:\/\/exceladvisor.org\/wp-content\/uploads\/2023\/08\/1-instruction-dim-en-vba.png\" sizes=\"auto, \" srcset=\"\" alt=\"vba'daki dim-ifadesi\" width=\"490\" height=\"380\"><\/figure><\/div><p> Dedi\u011fim gibi bir de\u011fi\u015fkeni tan\u0131mlad\u0131\u011f\u0131n\u0131zda ona bir veri tipi ataman\u0131z gerekir. A\u015fa\u011f\u0131daki anl\u0131k g\u00f6r\u00fcnt\u00fcye bak\u0131n. <\/p><div class=\"wp-block-image\"><figure class=\"aligncenter size-large is-resized\"><img loading=\"lazy\" decoding=\"async\" class=\"wp-image-55787\" src=\"https:\/\/exceladvisor.org\/wp-content\/uploads\/2023\/08\/2-attribuer-un-type-de-donnees.png\" sizes=\"auto, \" srcset=\"\" alt=\"\" width=\"491\" height=\"384\"><\/figure><\/div><h2 class=\"wp-block-heading\"> Tek bir Dim ifadesiyle birden fazla de\u011fi\u015fkeni bildirmek<\/h2><p> Birden fazla de\u011fi\u015fken bildirmeniz gerekti\u011finde, bunu Dim ifadesini yaln\u0131zca bir kez kullanarak yapabilirsiniz. A\u015fa\u011f\u0131daki \u00f6rne\u011fi d\u00fc\u015f\u00fcn\u00fcn. <\/p><div class=\"wp-block-image\"><figure class=\"aligncenter size-large is-resized\"><img loading=\"lazy\" decoding=\"async\" class=\"wp-image-55788\" src=\"https:\/\/exceladvisor.org\/wp-content\/uploads\/2023\/08\/3-variables-multiples-avec-une-instruction-dim.png\" sizes=\"auto, \" srcset=\"\" alt=\"\" width=\"568\" height=\"367\"><\/figure><\/div><h2 class=\"wp-block-heading\"> A\u00e7\u0131k se\u00e7ene\u011fi kullanma<\/h2><p> Kodunuzun performans\u0131n\u0131 art\u0131ran ve ayn\u0131 zamanda verimlili\u011fini art\u0131ran t\u00fcm de\u011fi\u015fkenleri bildirmeniz \u00f6nemle tavsiye edilir. Ancak bir de\u011fi\u015fken bildirmeyi atlarsan\u0131z ve bunu baz\u0131 kodlarda kullan\u0131rsan\u0131z, VBA bu de\u011fi\u015fkeni bir de\u011fi\u015fken olarak al\u0131r.<\/p><p> Bir de\u011fi\u015fkeni bildirmeyi asla ka\u00e7\u0131rmaman\u0131n en iyi yolu, sizi bir de\u011fi\u015fkeni bildirmeye zorlayan ve onu her ka\u00e7\u0131rd\u0131\u011f\u0131n\u0131zda bir hata g\u00f6r\u00fcnt\u00fcleyen Option Explicit ifadesini kullanmakt\u0131r. <\/p><div class=\"wp-block-image\"><figure class=\"aligncenter size-large is-resized\"><img loading=\"lazy\" decoding=\"async\" class=\"wp-image-55789\" src=\"https:\/\/exceladvisor.org\/wp-content\/uploads\/2023\/08\/4-en-utilisant-loption-explicite.png\" sizes=\"auto, \" srcset=\"\" alt=\"\" width=\"520\" height=\"325\"><\/figure><\/div><h2 class=\"wp-block-heading\"> Tablolarla karartma talimat\u0131<\/h2><p> Bir dizi bildirmeniz gerekti\u011finde DIM ifadesini de kullanmal\u0131s\u0131n\u0131z. A\u015fa\u011f\u0131daki payla\u015ft\u0131\u011f\u0131m \u00f6rne\u011fi d\u00fc\u015f\u00fcn\u00fcn. <\/p><div class=\"wp-block-image\"><figure class=\"aligncenter size-large is-resized\"><img loading=\"lazy\" decoding=\"async\" class=\"wp-image-55790\" src=\"https:\/\/exceladvisor.org\/wp-content\/uploads\/2023\/08\/Instruction-5-dim-avec-tableaux.png\" sizes=\"auto, \" srcset=\"\" alt=\"\" width=\"469\" height=\"388\"><\/figure><\/div><p> Yukar\u0131daki \u00f6rnekte, dim ifadesiyle bildirilen iki <a href=\"https:\/\/exceladvisor.org\/tr\/resim-sergisi\/\">diziniz<\/a> var.<\/p><p> \u0130lk dizide \u00fc\u00e7 \u00f6\u011feniz var ve ikincisinde hi\u00e7bir \u00f6\u011fe bildirilmedi. <strong>\u0130\u015fte bir dizi bildirmeniz gereken zaman<\/strong> , dizi \u00f6\u011felerini bildirmek i\u00e7in parantez kullanman\u0131z ve <a href=\"https:\/\/exceladvisor.org\/tr\/dinamik-tablo\/\">dinamik bir dizi<\/a> istiyorsan\u0131z bo\u015f parantezleri kullanman\u0131z gerekir.<\/p><h2 class=\"wp-block-heading\"> DIM&#8217;i Excel nesneleriyle kullanma<\/h2><p> DIM ifadesini kullanarak da bir <a href=\"https:\/\/exceladvisor.org\/tr\/nesneler\/\">nesneye<\/a> ba\u015fvurabilirsiniz. Bir \u00e7al\u0131\u015fma kitab\u0131ndaki sayfalar\u0131 saymak istedi\u011finizi varsayal\u0131m, bu nesneyi bildirebilir ve \u00e7al\u0131\u015fma sayfas\u0131n\u0131 buradan sayabilirsiniz. <\/p><div class=\"wp-block-image\"><figure class=\"aligncenter size-large is-resized\"><img loading=\"lazy\" decoding=\"async\" class=\"wp-image-55791\" src=\"https:\/\/exceladvisor.org\/wp-content\/uploads\/2023\/08\/6-dim-avec-des-objets-excel.png\" sizes=\"auto, \" srcset=\"\" alt=\"\" width=\"671\" height=\"416\"><\/figure><\/div><p> Yukar\u0131daki \u00f6rnekte, wb&#8217;yi bir <a href=\"https:\/\/exceladvisor.org\/tr\/baglayici\/\">\u00e7al\u0131\u015fma kitab\u0131<\/a> olarak bildirdiniz ve ard\u0131ndan kodda daha sonra kullan\u0131lmak \u00fczere &#8220;kitap1&#8221; \u00e7al\u0131\u015fma kitab\u0131n\u0131 tan\u0131mlad\u0131n\u0131z.<\/p><h2 class=\"wp-block-heading\"> Dim deklarasyonunu nereye koymal\u0131?<\/h2><p> Kodun herhangi bir yerinde DIM ifadesini kullanarak bir de\u011fi\u015fken bildirebilirsiniz, ancak kullanmadan \u00f6nce bunu bildirdi\u011finizden emin olun. Diyelim ki kodun 2. sat\u0131r\u0131ndaki bir de\u011fi\u015fkenden bahsediyorsunuz ve 3. sat\u0131rdaki Dim&#8217;i kullanarak bir hata alaca\u011f\u0131n\u0131z\u0131 beyan ettiniz. <\/p><div class=\"wp-block-image\"><figure class=\"aligncenter size-large is-resized\"><img loading=\"lazy\" decoding=\"async\" class=\"wp-image-55792\" src=\"https:\/\/exceladvisor.org\/wp-content\/uploads\/2023\/08\/7-declarer-une-variable-en-utilisant-dim.png\" sizes=\"auto, \" srcset=\"\" alt=\"\" width=\"595\" height=\"399\"><\/figure><\/div><p> Bu nedenle, kullanmadan \u00f6nce bir de\u011fi\u015fkeni bildirdi\u011finizden emin olun. <\/p><div class=\"wp-block-image\"><figure class=\"aligncenter size-large is-resized\"><img loading=\"lazy\" decoding=\"async\" class=\"wp-image-55793\" src=\"https:\/\/exceladvisor.org\/wp-content\/uploads\/2023\/08\/8-declarer-une-variable-avant-de-lutiliser.png\" sizes=\"auto, \" srcset=\"\" alt=\"\" width=\"612\" height=\"387\"><\/figure><\/div><div class=\"gb-container gb-container-4db6181c gb-container-mt\"> <a class=\"gb-button gb-button-c5897111 gb-button-text gb-button-mt-button\" href=\"https:\/\/exceladvisor.org\/tr\/vba\/\">VBA nedir<\/a><h2 class=\"gb-headline gb-headline-665e5f6b gb-headline-text gb-headline-mt-heading\"> \u0130lgili e\u011fitimler <\/h2><div class=\"gb-grid-wrapper gb-grid-wrapper-a20baf7c gb-grid-wrapper-mt-grid\"><div class=\"gb-grid-column gb-grid-column-65ddf67e\"><div class=\"gb-container gb-container-65ddf67e\"><ul><li> <a href=\"https:\/\/exceladvisor.org\/tr\/kuresel-degisken\/\">VBA&#8217;da global (genel) bir de\u011fi\u015fken bildirin<\/a><\/li><li> <a href=\"https:\/\/exceladvisor.org\/tr\/degisken-aralik\/\">VBA&#8217;da de\u011fi\u015fken olarak bir aral\u0131k veya h\u00fccre kullanma<\/a><\/li><li> <a href=\"https:\/\/exceladvisor.org\/tr\/acik-secenek-2\/\">VBA&#8217;da a\u00e7\u0131k se\u00e7enek ifadesi<\/a><\/li><li> <a href=\"https:\/\/exceladvisor.org\/tr\/degisken-mesaj-kutusu\/\">Mesaj kutusundaki de\u011fi\u015fken<\/a><\/li><li> <a href=\"https:\/\/exceladvisor.org\/tr\/degiskenler\/\">VBA de\u011fi\u015fkenleri (beyan, veri t\u00fcrleri ve kapsam)<\/a><\/li><\/ul><\/div><\/div><\/div><\/div>","protected":false},"excerpt":{"rendered":"","protected":false},"author":1,"featured_media":0,"parent":0,"menu_order":0,"comment_status":"open","ping_status":"closed","template":"","meta":{"ub_ctt_via":"","footnotes":""},"class_list":["post-2134","page","type-page","status-publish","hentry"],"featured_image_src":null,"yoast_head":"<!-- This site is optimized with the Yoast SEO plugin v25.4 - https:\/\/yoast.com\/wordpress\/plugins\/seo\/ -->\n<title>Excel&#039;de VBA&#039;da Dim nas\u0131l kullan\u0131l\u0131r? (E\u011fitim 2023)<\/title>\n<meta name=\"description\" content=\"VBA kodunu yazarken bir de\u011fi\u015fkeni ve onun veri t\u00fcr\u00fcn\u00fc bildirmek i\u00e7in dim ifadesini kullanman\u0131z gerekir.\" \/>\n<meta name=\"robots\" content=\"index, follow, max-snippet:-1, max-image-preview:large, max-video-preview:-1\" \/>\n<link rel=\"canonical\" href=\"https:\/\/exceladvisor.org\/tr\/zayif\/\" \/>\n<meta property=\"og:locale\" content=\"tr_TR\" \/>\n<meta property=\"og:type\" content=\"article\" \/>\n<meta property=\"og:title\" content=\"Excel&#039;de VBA&#039;da Dim nas\u0131l kullan\u0131l\u0131r? (E\u011fitim 2023)\" \/>\n<meta property=\"og:description\" content=\"VBA kodunu yazarken bir de\u011fi\u015fkeni ve onun veri t\u00fcr\u00fcn\u00fc bildirmek i\u00e7in dim ifadesini kullanman\u0131z gerekir.\" \/>\n<meta property=\"og:url\" content=\"https:\/\/exceladvisor.org\/tr\/zayif\/\" \/>\n<meta property=\"og:site_name\" content=\"Excel Advisor\" \/>\n<meta property=\"article:modified_time\" content=\"2023-12-10T06:03:03+00:00\" \/>\n<meta property=\"og:image\" content=\"https:\/\/exceladvisor.org\/wp-content\/uploads\/2023\/08\/1-instruction-dim-en-vba.png\" \/>\n<meta name=\"twitter:card\" content=\"summary_large_image\" \/>\n<meta name=\"twitter:label1\" content=\"Tahmini okuma s\u00fcresi\" \/>\n\t<meta name=\"twitter:data1\" content=\"3 dakika\" \/>\n<script type=\"application\/ld+json\" class=\"yoast-schema-graph\">{\"@context\":\"https:\/\/schema.org\",\"@graph\":[{\"@type\":\"WebPage\",\"@id\":\"https:\/\/exceladvisor.org\/tr\/zayif\/\",\"url\":\"https:\/\/exceladvisor.org\/tr\/zayif\/\",\"name\":\"Excel&#39;de VBA&#39;da Dim nas\u0131l kullan\u0131l\u0131r? (E\u011fitim 2023)\",\"isPartOf\":{\"@id\":\"https:\/\/exceladvisor.org\/tr\/#website\"},\"primaryImageOfPage\":{\"@id\":\"https:\/\/exceladvisor.org\/tr\/zayif\/#primaryimage\"},\"image\":{\"@id\":\"https:\/\/exceladvisor.org\/tr\/zayif\/#primaryimage\"},\"thumbnailUrl\":\"https:\/\/exceladvisor.org\/wp-content\/uploads\/2023\/08\/1-instruction-dim-en-vba.png\",\"datePublished\":\"2023-09-29T02:43:45+00:00\",\"dateModified\":\"2023-12-10T06:03:03+00:00\",\"description\":\"VBA kodunu yazarken bir de\u011fi\u015fkeni ve onun veri t\u00fcr\u00fcn\u00fc bildirmek i\u00e7in dim ifadesini kullanman\u0131z gerekir.\",\"breadcrumb\":{\"@id\":\"https:\/\/exceladvisor.org\/tr\/zayif\/#breadcrumb\"},\"inLanguage\":\"tr\",\"potentialAction\":[{\"@type\":\"ReadAction\",\"target\":[\"https:\/\/exceladvisor.org\/tr\/zayif\/\"]}]},{\"@type\":\"ImageObject\",\"inLanguage\":\"tr\",\"@id\":\"https:\/\/exceladvisor.org\/tr\/zayif\/#primaryimage\",\"url\":\"https:\/\/exceladvisor.org\/wp-content\/uploads\/2023\/08\/1-instruction-dim-en-vba.png\",\"contentUrl\":\"https:\/\/exceladvisor.org\/wp-content\/uploads\/2023\/08\/1-instruction-dim-en-vba.png\"},{\"@type\":\"BreadcrumbList\",\"@id\":\"https:\/\/exceladvisor.org\/tr\/zayif\/#breadcrumb\",\"itemListElement\":[{\"@type\":\"ListItem\",\"position\":1,\"name\":\"Ev\",\"item\":\"https:\/\/exceladvisor.org\/tr\/\"},{\"@type\":\"ListItem\",\"position\":2,\"name\":\"Excel&#39;de vba&#39;da dim nas\u0131l kullan\u0131l\u0131r?\"}]},{\"@type\":\"WebSite\",\"@id\":\"https:\/\/exceladvisor.org\/tr\/#website\",\"url\":\"https:\/\/exceladvisor.org\/tr\/\",\"name\":\"Excel Advisor\",\"description\":\"Veri hakimiyetine y\u00f6nelik nihai rehberiniz!\",\"publisher\":{\"@id\":\"https:\/\/exceladvisor.org\/tr\/#organization\"},\"potentialAction\":[{\"@type\":\"SearchAction\",\"target\":{\"@type\":\"EntryPoint\",\"urlTemplate\":\"https:\/\/exceladvisor.org\/tr\/?s={search_term_string}\"},\"query-input\":{\"@type\":\"PropertyValueSpecification\",\"valueRequired\":true,\"valueName\":\"search_term_string\"}}],\"inLanguage\":\"tr\"},{\"@type\":\"Organization\",\"@id\":\"https:\/\/exceladvisor.org\/tr\/#organization\",\"name\":\"Excel Advisor\",\"url\":\"https:\/\/exceladvisor.org\/tr\/\",\"logo\":{\"@type\":\"ImageObject\",\"inLanguage\":\"tr\",\"@id\":\"https:\/\/exceladvisor.org\/tr\/#\/schema\/logo\/image\/\",\"url\":\"https:\/\/exceladvisor.org\/tr\/wp-content\/uploads\/2023\/12\/exceladvisor.org_.png\",\"contentUrl\":\"https:\/\/exceladvisor.org\/tr\/wp-content\/uploads\/2023\/12\/exceladvisor.org_.png\",\"width\":105,\"height\":36,\"caption\":\"Excel Advisor\"},\"image\":{\"@id\":\"https:\/\/exceladvisor.org\/tr\/#\/schema\/logo\/image\/\"}}]}<\/script>\n<!-- \/ Yoast SEO plugin. -->","yoast_head_json":{"title":"Excel&#39;de VBA&#39;da Dim nas\u0131l kullan\u0131l\u0131r? (E\u011fitim 2023)","description":"VBA kodunu yazarken bir de\u011fi\u015fkeni ve onun veri t\u00fcr\u00fcn\u00fc bildirmek i\u00e7in dim ifadesini kullanman\u0131z gerekir.","robots":{"index":"index","follow":"follow","max-snippet":"max-snippet:-1","max-image-preview":"max-image-preview:large","max-video-preview":"max-video-preview:-1"},"canonical":"https:\/\/exceladvisor.org\/tr\/zayif\/","og_locale":"tr_TR","og_type":"article","og_title":"Excel&#39;de VBA&#39;da Dim nas\u0131l kullan\u0131l\u0131r? (E\u011fitim 2023)","og_description":"VBA kodunu yazarken bir de\u011fi\u015fkeni ve onun veri t\u00fcr\u00fcn\u00fc bildirmek i\u00e7in dim ifadesini kullanman\u0131z gerekir.","og_url":"https:\/\/exceladvisor.org\/tr\/zayif\/","og_site_name":"Excel Advisor","article_modified_time":"2023-12-10T06:03:03+00:00","og_image":[{"url":"https:\/\/exceladvisor.org\/wp-content\/uploads\/2023\/08\/1-instruction-dim-en-vba.png","type":"","width":"","height":""}],"twitter_card":"summary_large_image","twitter_misc":{"Tahmini okuma s\u00fcresi":"3 dakika"},"schema":{"@context":"https:\/\/schema.org","@graph":[{"@type":"WebPage","@id":"https:\/\/exceladvisor.org\/tr\/zayif\/","url":"https:\/\/exceladvisor.org\/tr\/zayif\/","name":"Excel&#39;de VBA&#39;da Dim nas\u0131l kullan\u0131l\u0131r? (E\u011fitim 2023)","isPartOf":{"@id":"https:\/\/exceladvisor.org\/tr\/#website"},"primaryImageOfPage":{"@id":"https:\/\/exceladvisor.org\/tr\/zayif\/#primaryimage"},"image":{"@id":"https:\/\/exceladvisor.org\/tr\/zayif\/#primaryimage"},"thumbnailUrl":"https:\/\/exceladvisor.org\/wp-content\/uploads\/2023\/08\/1-instruction-dim-en-vba.png","datePublished":"2023-09-29T02:43:45+00:00","dateModified":"2023-12-10T06:03:03+00:00","description":"VBA kodunu yazarken bir de\u011fi\u015fkeni ve onun veri t\u00fcr\u00fcn\u00fc bildirmek i\u00e7in dim ifadesini kullanman\u0131z gerekir.","breadcrumb":{"@id":"https:\/\/exceladvisor.org\/tr\/zayif\/#breadcrumb"},"inLanguage":"tr","potentialAction":[{"@type":"ReadAction","target":["https:\/\/exceladvisor.org\/tr\/zayif\/"]}]},{"@type":"ImageObject","inLanguage":"tr","@id":"https:\/\/exceladvisor.org\/tr\/zayif\/#primaryimage","url":"https:\/\/exceladvisor.org\/wp-content\/uploads\/2023\/08\/1-instruction-dim-en-vba.png","contentUrl":"https:\/\/exceladvisor.org\/wp-content\/uploads\/2023\/08\/1-instruction-dim-en-vba.png"},{"@type":"BreadcrumbList","@id":"https:\/\/exceladvisor.org\/tr\/zayif\/#breadcrumb","itemListElement":[{"@type":"ListItem","position":1,"name":"Ev","item":"https:\/\/exceladvisor.org\/tr\/"},{"@type":"ListItem","position":2,"name":"Excel&#39;de vba&#39;da dim nas\u0131l kullan\u0131l\u0131r?"}]},{"@type":"WebSite","@id":"https:\/\/exceladvisor.org\/tr\/#website","url":"https:\/\/exceladvisor.org\/tr\/","name":"Excel Advisor","description":"Veri hakimiyetine y\u00f6nelik nihai rehberiniz!","publisher":{"@id":"https:\/\/exceladvisor.org\/tr\/#organization"},"potentialAction":[{"@type":"SearchAction","target":{"@type":"EntryPoint","urlTemplate":"https:\/\/exceladvisor.org\/tr\/?s={search_term_string}"},"query-input":{"@type":"PropertyValueSpecification","valueRequired":true,"valueName":"search_term_string"}}],"inLanguage":"tr"},{"@type":"Organization","@id":"https:\/\/exceladvisor.org\/tr\/#organization","name":"Excel Advisor","url":"https:\/\/exceladvisor.org\/tr\/","logo":{"@type":"ImageObject","inLanguage":"tr","@id":"https:\/\/exceladvisor.org\/tr\/#\/schema\/logo\/image\/","url":"https:\/\/exceladvisor.org\/tr\/wp-content\/uploads\/2023\/12\/exceladvisor.org_.png","contentUrl":"https:\/\/exceladvisor.org\/tr\/wp-content\/uploads\/2023\/12\/exceladvisor.org_.png","width":105,"height":36,"caption":"Excel Advisor"},"image":{"@id":"https:\/\/exceladvisor.org\/tr\/#\/schema\/logo\/image\/"}}]}},"yoast_meta":{"yoast_wpseo_title":"","yoast_wpseo_metadesc":"","yoast_wpseo_canonical":""},"_links":{"self":[{"href":"https:\/\/exceladvisor.org\/tr\/wp-json\/wp\/v2\/pages\/2134","targetHints":{"allow":["GET"]}}],"collection":[{"href":"https:\/\/exceladvisor.org\/tr\/wp-json\/wp\/v2\/pages"}],"about":[{"href":"https:\/\/exceladvisor.org\/tr\/wp-json\/wp\/v2\/types\/page"}],"author":[{"embeddable":true,"href":"https:\/\/exceladvisor.org\/tr\/wp-json\/wp\/v2\/users\/1"}],"replies":[{"embeddable":true,"href":"https:\/\/exceladvisor.org\/tr\/wp-json\/wp\/v2\/comments?post=2134"}],"version-history":[{"count":1,"href":"https:\/\/exceladvisor.org\/tr\/wp-json\/wp\/v2\/pages\/2134\/revisions"}],"predecessor-version":[{"id":2631,"href":"https:\/\/exceladvisor.org\/tr\/wp-json\/wp\/v2\/pages\/2134\/revisions\/2631"}],"wp:attachment":[{"href":"https:\/\/exceladvisor.org\/tr\/wp-json\/wp\/v2\/media?parent=2134"}],"curies":[{"name":"wp","href":"https:\/\/api.w.org\/{rel}","templated":true}]}}