{"id":2140,"date":"2023-09-29T00:37:26","date_gmt":"2023-09-29T00:37:26","guid":{"rendered":"https:\/\/exceladvisor.org\/tr\/sabitler\/"},"modified":"2023-12-10T06:07:52","modified_gmt":"2023-12-10T06:07:52","slug":"sabitler","status":"publish","type":"page","link":"https:\/\/exceladvisor.org\/tr\/sabitler\/","title":{"rendered":"Vba&#39;da sabit nedir?"},"content":{"rendered":"<div class=\"excel-icerikten-once\" id=\"excel-4253042581\"><script type=\"text\/javascript\">\r\n\tatOptions = {\r\n\t\t'key' : 'c1158f160081d6540a8409e6925dab94',\r\n\t\t'format' : 'iframe',\r\n\t\t'height' : 250,\r\n\t\t'width' : 300,\r\n\t\t'params' : {}\r\n\t};\r\n<\/script>\r\n<script type=\"text\/javascript\" src=\"\/\/www.highperformanceformat.com\/c1158f160081d6540a8409e6925dab94\/invoke.js\"><\/script><\/div> <p>VBA&#8217;da sabit, sisteminizde saklanan ve sizin i\u00e7in orada bir de\u011fer saklayabilen bir saklama kutusudur, ancak ona atad\u0131\u011f\u0131n\u0131z de\u011fer, kod \u00e7al\u0131\u015ft\u0131r\u0131ld\u0131\u011f\u0131nda de\u011fi\u015ftirilemez. VBA&#8217;da kullanabilece\u011finiz iki farkl\u0131 sabit t\u00fcr\u00fc vard\u0131r:<\/p><ul><li> \u0130\u00e7sel sabitler<\/li><li> Kullan\u0131c\u0131 tan\u0131ml\u0131 sabitler<\/li><\/ul><p> <strong>\u0130\u00e7sel sabitler,<\/strong> VBA dilinin kendisinde yerle\u015fik olanlard\u0131r (\u00f6rne\u011fin, <a href=\"https:\/\/exceladvisor.org\/tr\/vba-mesaj-kutusu\/\">mesaj kutusunda<\/a> kulland\u0131\u011f\u0131n\u0131z yerle\u015fik sabit vbOKCancel) ve di\u011fer yandan <strong>kullan\u0131c\u0131 tan\u0131ml\u0131 sabitler<\/strong> , bir atayarak olu\u015fturabilece\u011finiz sabitlerdir. ona de\u011fer.<\/p><h2 class=\"wp-block-heading\"> VBA&#8217;da bir sabit bildirin<\/h2><ol type=\"1\"><li> \u201cConst\u201d anahtar kelimesini kullan\u0131n.<\/li><li> Sabit i\u00e7in bir ad belirtin.<\/li><li> \u0130smin ard\u0131ndan \u201cAs\u201d anahtar kelimesini kullan\u0131n.<\/li><li> Sabite atamak istedi\u011finiz de\u011fere g\u00f6re \u201cVeri Tipi\u201dni belirtin.<\/li><li> \u201c=\u201d i\u015faretine e\u015fittir.<\/li><li> Sonu\u00e7ta ona atamak istedi\u011finiz de\u011fer. <\/li><\/ol><div class=\"wp-block-image\"><figure class=\"aligncenter size-large is-resized\"><img loading=\"lazy\" decoding=\"async\" class=\"wp-image-60175\" src=\"https:\/\/exceladvisor.org\/wp-content\/uploads\/2023\/08\/1-declarer-une-constante-en-vba.png\" sizes=\"auto, \" srcset=\"\" alt=\"vba'da-a-sabit-bildirmek\" width=\"483\" height=\"267\"><\/figure><\/div><p> Yukar\u0131da do\u011fum tarihini saklayan bir sabit var. \u015eimdi, do\u011fum tarihinin sabit olmas\u0131 gereken bir \u015fey oldu\u011funu d\u00fc\u015f\u00fcn\u00fcyorsan\u0131z ve bu t\u00fcr bir de\u011fer i\u00e7in bir sabit kullanabilirsiniz.<\/p><h2 class=\"wp-block-heading\"> Bir sabitin kapsam\u0131<\/h2><p> Sabit, <a href=\"https:\/\/exceladvisor.org\/tr\/degiskenler\/\">de\u011fi\u015fkenlerle<\/a> ayn\u0131 kapsama sahiptir. Bir sabit bildirdi\u011finizde prosed\u00fcr d\u00fczeyinde kapsam\u0131 olur, yani onu prosed\u00fcr\u00fcn herhangi bir yerinde kullanabilirsiniz. Ancak \u00f6zel veya genel kapsam\u0131 kullanarak bir sabit bildirebilirsiniz.<\/p><p> \u00d6zel bir sabit yaln\u0131zca sabit olarak bildirildi\u011fi prosed\u00fcr i\u00e7in kullan\u0131labilir. \u00d6zel bir sabit bildirmek i\u00e7in a\u015fa\u011f\u0131daki \u00f6rnekte oldu\u011fu gibi \u201cPrivate\u201d anahtar kelimelerini kullanman\u0131z gerekir.<\/p><pre class=\"wp-block-code\"> <code class=\"language-visual-basic\" lang=\"visual-basic\">Private Const iName As String = \u201cPuneet\u201d<\/code><\/pre><p> Benzer \u015fekilde, bir sabiti public olarak bildirmeniz gerekti\u011finde \u201cPublic\u201d anahtar kelimesini kullanmal\u0131s\u0131n\u0131z.<\/p><pre class=\"wp-block-code\"> <code class=\"language-visual-basic\" lang=\"visual-basic\">Public Const iPrice As String = \u201c$3.99\u201d<\/code><\/pre><div class=\"gb-container gb-container-4db6181c gb-container-mt\"> <a class=\"gb-button gb-button-c5897111 gb-button-text gb-button-mt-button\" href=\"https:\/\/exceladvisor.org\/tr\/vba\/\">VBA nedir<\/a><h2 class=\"gb-headline gb-headline-665e5f6b gb-headline-text gb-headline-mt-heading\"> \u0130lgili e\u011fitimler <\/h2><div class=\"gb-grid-wrapper gb-grid-wrapper-a20baf7c gb-grid-wrapper-mt-grid\"><div class=\"gb-grid-column gb-grid-column-65ddf67e\"><div class=\"gb-container gb-container-65ddf67e\"><ul><li> <a href=\"https:\/\/exceladvisor.org\/tr\/kuresel-degisken\/\">VBA&#8217;da global (genel) bir de\u011fi\u015fken bildirin<\/a><\/li><li> <a href=\"https:\/\/exceladvisor.org\/tr\/degisken-aralik\/\">VBA&#8217;da de\u011fi\u015fken olarak bir aral\u0131k veya h\u00fccre kullanma<\/a><\/li><li> <a href=\"https:\/\/exceladvisor.org\/tr\/acik-secenek-2\/\">VBA&#8217;da a\u00e7\u0131k se\u00e7enek ifadesi<\/a><\/li><li> <a href=\"https:\/\/exceladvisor.org\/tr\/degisken-mesaj-kutusu\/\">Mesaj kutusundaki de\u011fi\u015fken<\/a><\/li><li> <a href=\"https:\/\/exceladvisor.org\/tr\/degiskenler\/\">VBA de\u011fi\u015fkenleri (beyan, veri t\u00fcrleri ve kapsam)<\/a> <\/li><\/ul><\/div><\/div><div class=\"gb-grid-column gb-grid-column-50067b57\"><div class=\"gb-container gb-container-50067b57\"><\/div><\/div><\/div><\/div>","protected":false},"excerpt":{"rendered":"","protected":false},"author":1,"featured_media":0,"parent":0,"menu_order":0,"comment_status":"open","ping_status":"closed","template":"","meta":{"ub_ctt_via":"","footnotes":""},"class_list":["post-2140","page","type-page","status-publish","hentry"],"featured_image_src":null,"yoast_head":"<!-- This site is optimized with the Yoast SEO plugin v25.4 - https:\/\/yoast.com\/wordpress\/plugins\/seo\/ -->\n<title>\u25b7 VBA Sabitleri: Kapsam ve Bildirim (E\u011fitim 2023)<\/title>\n<meta name=\"description\" content=\"VBA&#039;da sabit, sisteminizde saklanan ve orada sizin i\u00e7in bir de\u011fer saklayabilen bir saklama kutusudur.\" \/>\n<meta name=\"robots\" content=\"index, follow, max-snippet:-1, max-image-preview:large, max-video-preview:-1\" \/>\n<link rel=\"canonical\" href=\"https:\/\/exceladvisor.org\/tr\/sabitler\/\" \/>\n<meta property=\"og:locale\" content=\"tr_TR\" \/>\n<meta property=\"og:type\" content=\"article\" \/>\n<meta property=\"og:title\" content=\"\u25b7 VBA Sabitleri: Kapsam ve Bildirim (E\u011fitim 2023)\" \/>\n<meta property=\"og:description\" content=\"VBA&#039;da sabit, sisteminizde saklanan ve orada sizin i\u00e7in bir de\u011fer saklayabilen bir saklama kutusudur.\" \/>\n<meta property=\"og:url\" content=\"https:\/\/exceladvisor.org\/tr\/sabitler\/\" \/>\n<meta property=\"og:site_name\" content=\"Excel Advisor\" \/>\n<meta property=\"article:modified_time\" content=\"2023-12-10T06:07:52+00:00\" \/>\n<meta property=\"og:image\" content=\"https:\/\/exceladvisor.org\/wp-content\/uploads\/2023\/08\/1-declarer-une-constante-en-vba.png\" \/>\n<meta name=\"twitter:card\" content=\"summary_large_image\" \/>\n<meta name=\"twitter:label1\" content=\"Tahmini okuma s\u00fcresi\" \/>\n\t<meta name=\"twitter:data1\" content=\"2 dakika\" \/>\n<script type=\"application\/ld+json\" class=\"yoast-schema-graph\">{\"@context\":\"https:\/\/schema.org\",\"@graph\":[{\"@type\":\"WebPage\",\"@id\":\"https:\/\/exceladvisor.org\/tr\/sabitler\/\",\"url\":\"https:\/\/exceladvisor.org\/tr\/sabitler\/\",\"name\":\"\u25b7 VBA Sabitleri: Kapsam ve Bildirim (E\u011fitim 2023)\",\"isPartOf\":{\"@id\":\"https:\/\/exceladvisor.org\/tr\/#website\"},\"primaryImageOfPage\":{\"@id\":\"https:\/\/exceladvisor.org\/tr\/sabitler\/#primaryimage\"},\"image\":{\"@id\":\"https:\/\/exceladvisor.org\/tr\/sabitler\/#primaryimage\"},\"thumbnailUrl\":\"https:\/\/exceladvisor.org\/wp-content\/uploads\/2023\/08\/1-declarer-une-constante-en-vba.png\",\"datePublished\":\"2023-09-29T00:37:26+00:00\",\"dateModified\":\"2023-12-10T06:07:52+00:00\",\"description\":\"VBA&#39;da sabit, sisteminizde saklanan ve orada sizin i\u00e7in bir de\u011fer saklayabilen bir saklama kutusudur.\",\"breadcrumb\":{\"@id\":\"https:\/\/exceladvisor.org\/tr\/sabitler\/#breadcrumb\"},\"inLanguage\":\"tr\",\"potentialAction\":[{\"@type\":\"ReadAction\",\"target\":[\"https:\/\/exceladvisor.org\/tr\/sabitler\/\"]}]},{\"@type\":\"ImageObject\",\"inLanguage\":\"tr\",\"@id\":\"https:\/\/exceladvisor.org\/tr\/sabitler\/#primaryimage\",\"url\":\"https:\/\/exceladvisor.org\/wp-content\/uploads\/2023\/08\/1-declarer-une-constante-en-vba.png\",\"contentUrl\":\"https:\/\/exceladvisor.org\/wp-content\/uploads\/2023\/08\/1-declarer-une-constante-en-vba.png\"},{\"@type\":\"BreadcrumbList\",\"@id\":\"https:\/\/exceladvisor.org\/tr\/sabitler\/#breadcrumb\",\"itemListElement\":[{\"@type\":\"ListItem\",\"position\":1,\"name\":\"Ev\",\"item\":\"https:\/\/exceladvisor.org\/tr\/\"},{\"@type\":\"ListItem\",\"position\":2,\"name\":\"Vba&#39;da sabit nedir?\"}]},{\"@type\":\"WebSite\",\"@id\":\"https:\/\/exceladvisor.org\/tr\/#website\",\"url\":\"https:\/\/exceladvisor.org\/tr\/\",\"name\":\"Excel Advisor\",\"description\":\"Veri hakimiyetine y\u00f6nelik nihai rehberiniz!\",\"publisher\":{\"@id\":\"https:\/\/exceladvisor.org\/tr\/#organization\"},\"potentialAction\":[{\"@type\":\"SearchAction\",\"target\":{\"@type\":\"EntryPoint\",\"urlTemplate\":\"https:\/\/exceladvisor.org\/tr\/?s={search_term_string}\"},\"query-input\":{\"@type\":\"PropertyValueSpecification\",\"valueRequired\":true,\"valueName\":\"search_term_string\"}}],\"inLanguage\":\"tr\"},{\"@type\":\"Organization\",\"@id\":\"https:\/\/exceladvisor.org\/tr\/#organization\",\"name\":\"Excel Advisor\",\"url\":\"https:\/\/exceladvisor.org\/tr\/\",\"logo\":{\"@type\":\"ImageObject\",\"inLanguage\":\"tr\",\"@id\":\"https:\/\/exceladvisor.org\/tr\/#\/schema\/logo\/image\/\",\"url\":\"https:\/\/exceladvisor.org\/tr\/wp-content\/uploads\/2023\/12\/exceladvisor.org_.png\",\"contentUrl\":\"https:\/\/exceladvisor.org\/tr\/wp-content\/uploads\/2023\/12\/exceladvisor.org_.png\",\"width\":105,\"height\":36,\"caption\":\"Excel Advisor\"},\"image\":{\"@id\":\"https:\/\/exceladvisor.org\/tr\/#\/schema\/logo\/image\/\"}}]}<\/script>\n<!-- \/ Yoast SEO plugin. -->","yoast_head_json":{"title":"\u25b7 VBA Sabitleri: Kapsam ve Bildirim (E\u011fitim 2023)","description":"VBA&#39;da sabit, sisteminizde saklanan ve orada sizin i\u00e7in bir de\u011fer saklayabilen bir saklama kutusudur.","robots":{"index":"index","follow":"follow","max-snippet":"max-snippet:-1","max-image-preview":"max-image-preview:large","max-video-preview":"max-video-preview:-1"},"canonical":"https:\/\/exceladvisor.org\/tr\/sabitler\/","og_locale":"tr_TR","og_type":"article","og_title":"\u25b7 VBA Sabitleri: Kapsam ve Bildirim (E\u011fitim 2023)","og_description":"VBA&#39;da sabit, sisteminizde saklanan ve orada sizin i\u00e7in bir de\u011fer saklayabilen bir saklama kutusudur.","og_url":"https:\/\/exceladvisor.org\/tr\/sabitler\/","og_site_name":"Excel Advisor","article_modified_time":"2023-12-10T06:07:52+00:00","og_image":[{"url":"https:\/\/exceladvisor.org\/wp-content\/uploads\/2023\/08\/1-declarer-une-constante-en-vba.png","type":"","width":"","height":""}],"twitter_card":"summary_large_image","twitter_misc":{"Tahmini okuma s\u00fcresi":"2 dakika"},"schema":{"@context":"https:\/\/schema.org","@graph":[{"@type":"WebPage","@id":"https:\/\/exceladvisor.org\/tr\/sabitler\/","url":"https:\/\/exceladvisor.org\/tr\/sabitler\/","name":"\u25b7 VBA Sabitleri: Kapsam ve Bildirim (E\u011fitim 2023)","isPartOf":{"@id":"https:\/\/exceladvisor.org\/tr\/#website"},"primaryImageOfPage":{"@id":"https:\/\/exceladvisor.org\/tr\/sabitler\/#primaryimage"},"image":{"@id":"https:\/\/exceladvisor.org\/tr\/sabitler\/#primaryimage"},"thumbnailUrl":"https:\/\/exceladvisor.org\/wp-content\/uploads\/2023\/08\/1-declarer-une-constante-en-vba.png","datePublished":"2023-09-29T00:37:26+00:00","dateModified":"2023-12-10T06:07:52+00:00","description":"VBA&#39;da sabit, sisteminizde saklanan ve orada sizin i\u00e7in bir de\u011fer saklayabilen bir saklama kutusudur.","breadcrumb":{"@id":"https:\/\/exceladvisor.org\/tr\/sabitler\/#breadcrumb"},"inLanguage":"tr","potentialAction":[{"@type":"ReadAction","target":["https:\/\/exceladvisor.org\/tr\/sabitler\/"]}]},{"@type":"ImageObject","inLanguage":"tr","@id":"https:\/\/exceladvisor.org\/tr\/sabitler\/#primaryimage","url":"https:\/\/exceladvisor.org\/wp-content\/uploads\/2023\/08\/1-declarer-une-constante-en-vba.png","contentUrl":"https:\/\/exceladvisor.org\/wp-content\/uploads\/2023\/08\/1-declarer-une-constante-en-vba.png"},{"@type":"BreadcrumbList","@id":"https:\/\/exceladvisor.org\/tr\/sabitler\/#breadcrumb","itemListElement":[{"@type":"ListItem","position":1,"name":"Ev","item":"https:\/\/exceladvisor.org\/tr\/"},{"@type":"ListItem","position":2,"name":"Vba&#39;da sabit nedir?"}]},{"@type":"WebSite","@id":"https:\/\/exceladvisor.org\/tr\/#website","url":"https:\/\/exceladvisor.org\/tr\/","name":"Excel Advisor","description":"Veri hakimiyetine y\u00f6nelik nihai rehberiniz!","publisher":{"@id":"https:\/\/exceladvisor.org\/tr\/#organization"},"potentialAction":[{"@type":"SearchAction","target":{"@type":"EntryPoint","urlTemplate":"https:\/\/exceladvisor.org\/tr\/?s={search_term_string}"},"query-input":{"@type":"PropertyValueSpecification","valueRequired":true,"valueName":"search_term_string"}}],"inLanguage":"tr"},{"@type":"Organization","@id":"https:\/\/exceladvisor.org\/tr\/#organization","name":"Excel Advisor","url":"https:\/\/exceladvisor.org\/tr\/","logo":{"@type":"ImageObject","inLanguage":"tr","@id":"https:\/\/exceladvisor.org\/tr\/#\/schema\/logo\/image\/","url":"https:\/\/exceladvisor.org\/tr\/wp-content\/uploads\/2023\/12\/exceladvisor.org_.png","contentUrl":"https:\/\/exceladvisor.org\/tr\/wp-content\/uploads\/2023\/12\/exceladvisor.org_.png","width":105,"height":36,"caption":"Excel Advisor"},"image":{"@id":"https:\/\/exceladvisor.org\/tr\/#\/schema\/logo\/image\/"}}]}},"yoast_meta":{"yoast_wpseo_title":"","yoast_wpseo_metadesc":"","yoast_wpseo_canonical":""},"_links":{"self":[{"href":"https:\/\/exceladvisor.org\/tr\/wp-json\/wp\/v2\/pages\/2140","targetHints":{"allow":["GET"]}}],"collection":[{"href":"https:\/\/exceladvisor.org\/tr\/wp-json\/wp\/v2\/pages"}],"about":[{"href":"https:\/\/exceladvisor.org\/tr\/wp-json\/wp\/v2\/types\/page"}],"author":[{"embeddable":true,"href":"https:\/\/exceladvisor.org\/tr\/wp-json\/wp\/v2\/users\/1"}],"replies":[{"embeddable":true,"href":"https:\/\/exceladvisor.org\/tr\/wp-json\/wp\/v2\/comments?post=2140"}],"version-history":[{"count":1,"href":"https:\/\/exceladvisor.org\/tr\/wp-json\/wp\/v2\/pages\/2140\/revisions"}],"predecessor-version":[{"id":2956,"href":"https:\/\/exceladvisor.org\/tr\/wp-json\/wp\/v2\/pages\/2140\/revisions\/2956"}],"wp:attachment":[{"href":"https:\/\/exceladvisor.org\/tr\/wp-json\/wp\/v2\/media?parent=2140"}],"curies":[{"name":"wp","href":"https:\/\/api.w.org\/{rel}","templated":true}]}}