{"id":2142,"date":"2023-09-28T23:53:52","date_gmt":"2023-09-28T23:53:52","guid":{"rendered":"https:\/\/exceladvisor.org\/tr\/bugunun-tarihi-simdiki-saat\/"},"modified":"2023-12-10T06:03:55","modified_gmt":"2023-12-10T06:03:55","slug":"bugunun-tarihi-simdiki-saat","status":"publish","type":"page","link":"https:\/\/exceladvisor.org\/tr\/bugunun-tarihi-simdiki-saat\/","title":{"rendered":"Ge\u00e7erli tarih ve saat nas\u0131l al\u0131n\u0131r?"},"content":{"rendered":"<div class=\"excel-icerikten-once\" id=\"excel-2196648013\"><script type=\"text\/javascript\">\r\n\tatOptions = {\r\n\t\t'key' : 'c1158f160081d6540a8409e6925dab94',\r\n\t\t'format' : 'iframe',\r\n\t\t'height' : 250,\r\n\t\t'width' : 300,\r\n\t\t'params' : {}\r\n\t};\r\n<\/script>\r\n<script type=\"text\/javascript\" src=\"\/\/www.highperformanceformat.com\/c1158f160081d6540a8409e6925dab94\/invoke.js\"><\/script><\/div> <p>Bu derste VBA kodunu kullanarak bug\u00fcn\u00fcn tarih ve saatini alman\u0131n farkl\u0131 yollar\u0131n\u0131 \u00f6\u011frenece\u011fiz.<\/p><h2 class=\"wp-block-heading\"> VBA&#8217;da bug\u00fcn\u00fcn tarihi<\/h2><p> VBA&#8217;da ge\u00e7erli tarihi almak i\u00e7in kullanabilece\u011finiz &#8221; <a href=\"https:\/\/exceladvisor.org\/tr\/tarih-2\/\">DATE<\/a> &#8221; adl\u0131 bir i\u015flev vard\u0131r. Bu fonksiyonu kulland\u0131\u011f\u0131n\u0131zda t\u0131pk\u0131 a\u015fa\u011f\u0131daki \u00f6rnekte oldu\u011fu gibi sistem tarih ayar\u0131na g\u00f6re g\u00fcncel tarihi d\u00f6nd\u00fcr\u00fcr.<\/p><pre class=\"wp-block-code\"> <code class=\"language-visual-basic\" lang=\"visual-basic\"><strong>Sub<\/strong> myMacro() Range(\"A1\") = Date <strong>End<\/strong> <strong>Sub<\/strong><\/code><\/pre><p> <a href=\"https:\/\/exceladvisor.org\/tr\/makro-2yi-calistir\/\">Bu kodu \u00e7al\u0131\u015ft\u0131rd\u0131\u011f\u0131n\u0131zda<\/a> A1 h\u00fccresine ge\u00e7erli tarihi girer ve Excel&#8217;deki ge\u00e7erli tarih bi\u00e7imini kullan\u0131r. <\/p><div class=\"wp-block-image\"><figure class=\"aligncenter size-full is-resized\"><img loading=\"lazy\" decoding=\"async\" class=\"wp-image-61123\" src=\"https:\/\/exceladvisor.org\/wp-content\/uploads\/2023\/08\/1-date-daujourdhui-en-vba.png\" sizes=\"auto, \" srcset=\"\" alt=\"vba'da bug\u00fcn\u00fcn tarihi\" width=\"448\" height=\"451\"><\/figure><\/div><p> Bu i\u015flevi ayn\u0131 zamanda a\u015fa\u011f\u0131daki kod gibi bir <a href=\"https:\/\/exceladvisor.org\/tr\/vba-mesaj-kutusu\/\">mesaj kutusunda<\/a> bug\u00fcn\u00fcn tarihini almak i\u00e7in de kullanabilirsiniz.<\/p><pre class=\"wp-block-code\"> <code class=\"language-visual-basic\" lang=\"visual-basic\"><strong>Sub<\/strong> myMacro() MsgBox Date <strong>End<\/strong> <strong>Sub<\/strong><\/code><\/pre><h2 class=\"wp-block-heading\"> Bug\u00fcn\u00fcn tarihi ve \u015fimdiki saat<\/h2><p> Benzer \u015fekilde, bug\u00fcn\u00fcn tarih ve saatini almak i\u00e7in kullanabilece\u011finiz &#8221; <a href=\"https:\/\/exceladvisor.org\/tr\/simdi\/\">\u015e\u0130MD\u0130<\/a> &#8221; adl\u0131 bir i\u015flev vard\u0131r. G\u00f6rd\u00fc\u011f\u00fcn\u00fcz gibi a\u015fa\u011f\u0131daki kodda A1 h\u00fccresindeki g\u00fcncel tarih ve saati almak i\u00e7in kulland\u0131k. <\/p><div class=\"wp-block-image\"><figure class=\"aligncenter size-full is-resized\"><img loading=\"lazy\" decoding=\"async\" class=\"wp-image-61124\" src=\"https:\/\/exceladvisor.org\/wp-content\/uploads\/2023\/08\/2-date-daujourdhui-et-heure-actuelle.png\" sizes=\"auto, \" srcset=\"\" alt=\"ge\u00e7erli-tarih-ve-ge\u00e7erli-saat\" width=\"450\" height=\"429\"><\/figure><\/div><pre class=\"wp-block-code\"> <code class=\"language-visual-basic\" lang=\"visual-basic\"><strong>Sub<\/strong> myMacro() Range(\"A1\") = Now <strong>End<\/strong> <strong>Sub<\/strong><\/code><\/pre><h2 class=\"wp-block-heading\"> Ge\u00e7erli saat<\/h2><p> \u015eimdi, tarih ve saat yerine yaln\u0131zca ge\u00e7erli saati almak istiyorsan\u0131z, now i\u015fleviyle birlikte ba\u015fka bir &#8220;Format&#8221; i\u015flevini ( <a href=\"https:\/\/exceladvisor.org\/tr\/bicim\/\">bu i\u015flev hakk\u0131nda daha fazla bilgiyi burada bulabilirsiniz<\/a> ) kullanman\u0131z gerekir. <\/p><div class=\"wp-block-image\"><figure class=\"aligncenter size-full is-resized\"><img loading=\"lazy\" decoding=\"async\" class=\"wp-image-61125\" src=\"https:\/\/exceladvisor.org\/wp-content\/uploads\/2023\/08\/3-heure-actuelle.png\" sizes=\"auto, \" srcset=\"\" alt=\"\u015fu anki saat\" width=\"585\" height=\"388\"><\/figure><\/div><p> Yukar\u0131daki kodda format fonksiyonunun de\u011ferini sa\u011flamak i\u00e7in now fonksiyonunu kulland\u0131k ve ard\u0131ndan sadece zaman i\u00e7in bir format kulland\u0131k.<\/p><pre class=\"wp-block-code\"> <code class=\"language-visual-basic\" lang=\"visual-basic\">Sub myMacro() Range(\"A1\") = Format( <strong>Now<\/strong> , \"HH:MM Am\/Pm\") End Sub<\/code><\/pre><h2 class=\"wp-block-heading\"> Bug\u00fcn\u00fcn tarihinin bi\u00e7imini de\u011fi\u015ftirme (\u00f6rnek: YYYYAAGG)<\/h2><p> Ge\u00e7erli tarihin bi\u00e7imini de\u011fi\u015ftirmek i\u00e7in bi\u00e7im i\u015flevini de kullanabilirsiniz. A\u015fa\u011f\u0131daki kodda format fonksiyonunu kullan\u0131p format\u0131 \u201cYYYYAAGG\u201d olarak belirttik.<\/p><pre class=\"wp-block-code\"> <code class=\"language-visual-basic\" lang=\"visual-basic\">Sub myMacro() <strong>Range<\/strong> (\"A1\"). <strong>Value<\/strong> = <strong>Format<\/strong> ( <strong>Date<\/strong> , \"YYYY\/MM\/DD\") <strong>End<\/strong> Sub<\/code><\/pre><p class=\"qt-tip\"> Not: Yukar\u0131daki kodda A1 h\u00fccresine tarih girmek i\u00e7in value \u00f6zelli\u011fini kulland\u0131k. <\/p><div class=\"wp-block-image\"><figure class=\"aligncenter size-full is-resized\"><img loading=\"lazy\" decoding=\"async\" class=\"wp-image-61126\" src=\"https:\/\/exceladvisor.org\/wp-content\/uploads\/2023\/08\/4-format-de-date-daujourdhui.png\" sizes=\"auto, \" srcset=\"\" alt=\"bug\u00fcn tarih format\u0131\" width=\"613\" height=\"333\"><\/figure><\/div><div class=\"gb-container gb-container-4db6181c gb-container-mt\"> <a class=\"gb-button gb-button-c5897111 gb-button-text gb-button-mt-button\" href=\"https:\/\/exceladvisor.org\/tr\/vba\/\">VBA nedir<\/a><h2 class=\"gb-headline gb-headline-665e5f6b gb-headline-text gb-headline-mt-heading\"> \u0130lgili e\u011fitimler <\/h2><div class=\"gb-grid-wrapper gb-grid-wrapper-a20baf7c gb-grid-wrapper-mt-grid\"><div class=\"gb-grid-column gb-grid-column-65ddf67e\"><div class=\"gb-container gb-container-65ddf67e\"><ul><li> <a href=\"https:\/\/exceladvisor.org\/tr\/ortalama-2\/\">VBA ile Excel&#8217;deki ortalama de\u011ferler<\/a><\/li><li> <a href=\"https:\/\/exceladvisor.org\/tr\/toplam-1\/\">VBA kullanarak Excel&#8217;deki de\u011ferleri toplay\u0131n<\/a><\/li><li> <a href=\"https:\/\/exceladvisor.org\/tr\/mac-2\/\">VBA&#8217;da e\u015fle\u015ftirme i\u015flevi<\/a><\/li><li> <a href=\"https:\/\/exceladvisor.org\/tr\/rastgele-sayi\/\">VBA rastgele say\u0131lar<\/a><\/li><li> <a href=\"https:\/\/exceladvisor.org\/tr\/hesaplamak\/\">VBA hesaplamas\u0131<\/a> <\/li><\/ul><\/div><\/div><div class=\"gb-grid-column gb-grid-column-50067b57\"><div class=\"gb-container gb-container-50067b57\"><\/div><\/div><\/div><\/div>","protected":false},"excerpt":{"rendered":"","protected":false},"author":1,"featured_media":0,"parent":0,"menu_order":0,"comment_status":"open","ping_status":"closed","template":"","meta":{"ub_ctt_via":"","footnotes":""},"class_list":["post-2142","page","type-page","status-publish","hentry"],"featured_image_src":null,"yoast_head":"<!-- This site is optimized with the Yoast SEO plugin v25.4 - https:\/\/yoast.com\/wordpress\/plugins\/seo\/ -->\n<title>\u25b7 VBA arac\u0131l\u0131\u011f\u0131yla g\u00fcncel tarih ve saat nas\u0131l al\u0131n\u0131r?<\/title>\n<meta name=\"description\" content=\"Bu derste, bug\u00fcn\u00fcn tarihini ve ge\u00e7erli saatini bir VBA&#039;dan nas\u0131l alaca\u011f\u0131m\u0131z\u0131 \u00f6\u011frenece\u011fiz. VBA&#039;da bir fonksiyon var\" \/>\n<meta name=\"robots\" content=\"index, follow, max-snippet:-1, max-image-preview:large, max-video-preview:-1\" \/>\n<link rel=\"canonical\" href=\"https:\/\/exceladvisor.org\/tr\/bugunun-tarihi-simdiki-saat\/\" \/>\n<meta property=\"og:locale\" content=\"tr_TR\" \/>\n<meta property=\"og:type\" content=\"article\" \/>\n<meta property=\"og:title\" content=\"\u25b7 VBA arac\u0131l\u0131\u011f\u0131yla g\u00fcncel tarih ve saat nas\u0131l al\u0131n\u0131r?\" \/>\n<meta property=\"og:description\" content=\"Bu derste, bug\u00fcn\u00fcn tarihini ve ge\u00e7erli saatini bir VBA&#039;dan nas\u0131l alaca\u011f\u0131m\u0131z\u0131 \u00f6\u011frenece\u011fiz. VBA&#039;da bir fonksiyon var\" \/>\n<meta property=\"og:url\" content=\"https:\/\/exceladvisor.org\/tr\/bugunun-tarihi-simdiki-saat\/\" \/>\n<meta property=\"og:site_name\" content=\"Excel Advisor\" \/>\n<meta property=\"article:modified_time\" content=\"2023-12-10T06:03:55+00:00\" \/>\n<meta property=\"og:image\" content=\"https:\/\/exceladvisor.org\/wp-content\/uploads\/2023\/08\/1-date-daujourdhui-en-vba.png\" \/>\n<meta name=\"twitter:card\" content=\"summary_large_image\" \/>\n<meta name=\"twitter:label1\" content=\"Tahmini okuma s\u00fcresi\" \/>\n\t<meta name=\"twitter:data1\" content=\"2 dakika\" \/>\n<script type=\"application\/ld+json\" class=\"yoast-schema-graph\">{\"@context\":\"https:\/\/schema.org\",\"@graph\":[{\"@type\":\"WebPage\",\"@id\":\"https:\/\/exceladvisor.org\/tr\/bugunun-tarihi-simdiki-saat\/\",\"url\":\"https:\/\/exceladvisor.org\/tr\/bugunun-tarihi-simdiki-saat\/\",\"name\":\"\u25b7 VBA arac\u0131l\u0131\u011f\u0131yla g\u00fcncel tarih ve saat nas\u0131l al\u0131n\u0131r?\",\"isPartOf\":{\"@id\":\"https:\/\/exceladvisor.org\/tr\/#website\"},\"primaryImageOfPage\":{\"@id\":\"https:\/\/exceladvisor.org\/tr\/bugunun-tarihi-simdiki-saat\/#primaryimage\"},\"image\":{\"@id\":\"https:\/\/exceladvisor.org\/tr\/bugunun-tarihi-simdiki-saat\/#primaryimage\"},\"thumbnailUrl\":\"https:\/\/exceladvisor.org\/wp-content\/uploads\/2023\/08\/1-date-daujourdhui-en-vba.png\",\"datePublished\":\"2023-09-28T23:53:52+00:00\",\"dateModified\":\"2023-12-10T06:03:55+00:00\",\"description\":\"Bu derste, bug\u00fcn\u00fcn tarihini ve ge\u00e7erli saatini bir VBA&#39;dan nas\u0131l alaca\u011f\u0131m\u0131z\u0131 \u00f6\u011frenece\u011fiz. VBA&#39;da bir fonksiyon var\",\"breadcrumb\":{\"@id\":\"https:\/\/exceladvisor.org\/tr\/bugunun-tarihi-simdiki-saat\/#breadcrumb\"},\"inLanguage\":\"tr\",\"potentialAction\":[{\"@type\":\"ReadAction\",\"target\":[\"https:\/\/exceladvisor.org\/tr\/bugunun-tarihi-simdiki-saat\/\"]}]},{\"@type\":\"ImageObject\",\"inLanguage\":\"tr\",\"@id\":\"https:\/\/exceladvisor.org\/tr\/bugunun-tarihi-simdiki-saat\/#primaryimage\",\"url\":\"https:\/\/exceladvisor.org\/wp-content\/uploads\/2023\/08\/1-date-daujourdhui-en-vba.png\",\"contentUrl\":\"https:\/\/exceladvisor.org\/wp-content\/uploads\/2023\/08\/1-date-daujourdhui-en-vba.png\"},{\"@type\":\"BreadcrumbList\",\"@id\":\"https:\/\/exceladvisor.org\/tr\/bugunun-tarihi-simdiki-saat\/#breadcrumb\",\"itemListElement\":[{\"@type\":\"ListItem\",\"position\":1,\"name\":\"Ev\",\"item\":\"https:\/\/exceladvisor.org\/tr\/\"},{\"@type\":\"ListItem\",\"position\":2,\"name\":\"Ge\u00e7erli tarih ve saat nas\u0131l al\u0131n\u0131r?\"}]},{\"@type\":\"WebSite\",\"@id\":\"https:\/\/exceladvisor.org\/tr\/#website\",\"url\":\"https:\/\/exceladvisor.org\/tr\/\",\"name\":\"Excel Advisor\",\"description\":\"Veri hakimiyetine y\u00f6nelik nihai rehberiniz!\",\"publisher\":{\"@id\":\"https:\/\/exceladvisor.org\/tr\/#organization\"},\"potentialAction\":[{\"@type\":\"SearchAction\",\"target\":{\"@type\":\"EntryPoint\",\"urlTemplate\":\"https:\/\/exceladvisor.org\/tr\/?s={search_term_string}\"},\"query-input\":{\"@type\":\"PropertyValueSpecification\",\"valueRequired\":true,\"valueName\":\"search_term_string\"}}],\"inLanguage\":\"tr\"},{\"@type\":\"Organization\",\"@id\":\"https:\/\/exceladvisor.org\/tr\/#organization\",\"name\":\"Excel Advisor\",\"url\":\"https:\/\/exceladvisor.org\/tr\/\",\"logo\":{\"@type\":\"ImageObject\",\"inLanguage\":\"tr\",\"@id\":\"https:\/\/exceladvisor.org\/tr\/#\/schema\/logo\/image\/\",\"url\":\"https:\/\/exceladvisor.org\/tr\/wp-content\/uploads\/2023\/12\/exceladvisor.org_.png\",\"contentUrl\":\"https:\/\/exceladvisor.org\/tr\/wp-content\/uploads\/2023\/12\/exceladvisor.org_.png\",\"width\":105,\"height\":36,\"caption\":\"Excel Advisor\"},\"image\":{\"@id\":\"https:\/\/exceladvisor.org\/tr\/#\/schema\/logo\/image\/\"}}]}<\/script>\n<!-- \/ Yoast SEO plugin. -->","yoast_head_json":{"title":"\u25b7 VBA arac\u0131l\u0131\u011f\u0131yla g\u00fcncel tarih ve saat nas\u0131l al\u0131n\u0131r?","description":"Bu derste, bug\u00fcn\u00fcn tarihini ve ge\u00e7erli saatini bir VBA&#39;dan nas\u0131l alaca\u011f\u0131m\u0131z\u0131 \u00f6\u011frenece\u011fiz. VBA&#39;da bir fonksiyon var","robots":{"index":"index","follow":"follow","max-snippet":"max-snippet:-1","max-image-preview":"max-image-preview:large","max-video-preview":"max-video-preview:-1"},"canonical":"https:\/\/exceladvisor.org\/tr\/bugunun-tarihi-simdiki-saat\/","og_locale":"tr_TR","og_type":"article","og_title":"\u25b7 VBA arac\u0131l\u0131\u011f\u0131yla g\u00fcncel tarih ve saat nas\u0131l al\u0131n\u0131r?","og_description":"Bu derste, bug\u00fcn\u00fcn tarihini ve ge\u00e7erli saatini bir VBA&#39;dan nas\u0131l alaca\u011f\u0131m\u0131z\u0131 \u00f6\u011frenece\u011fiz. VBA&#39;da bir fonksiyon var","og_url":"https:\/\/exceladvisor.org\/tr\/bugunun-tarihi-simdiki-saat\/","og_site_name":"Excel Advisor","article_modified_time":"2023-12-10T06:03:55+00:00","og_image":[{"url":"https:\/\/exceladvisor.org\/wp-content\/uploads\/2023\/08\/1-date-daujourdhui-en-vba.png","type":"","width":"","height":""}],"twitter_card":"summary_large_image","twitter_misc":{"Tahmini okuma s\u00fcresi":"2 dakika"},"schema":{"@context":"https:\/\/schema.org","@graph":[{"@type":"WebPage","@id":"https:\/\/exceladvisor.org\/tr\/bugunun-tarihi-simdiki-saat\/","url":"https:\/\/exceladvisor.org\/tr\/bugunun-tarihi-simdiki-saat\/","name":"\u25b7 VBA arac\u0131l\u0131\u011f\u0131yla g\u00fcncel tarih ve saat nas\u0131l al\u0131n\u0131r?","isPartOf":{"@id":"https:\/\/exceladvisor.org\/tr\/#website"},"primaryImageOfPage":{"@id":"https:\/\/exceladvisor.org\/tr\/bugunun-tarihi-simdiki-saat\/#primaryimage"},"image":{"@id":"https:\/\/exceladvisor.org\/tr\/bugunun-tarihi-simdiki-saat\/#primaryimage"},"thumbnailUrl":"https:\/\/exceladvisor.org\/wp-content\/uploads\/2023\/08\/1-date-daujourdhui-en-vba.png","datePublished":"2023-09-28T23:53:52+00:00","dateModified":"2023-12-10T06:03:55+00:00","description":"Bu derste, bug\u00fcn\u00fcn tarihini ve ge\u00e7erli saatini bir VBA&#39;dan nas\u0131l alaca\u011f\u0131m\u0131z\u0131 \u00f6\u011frenece\u011fiz. VBA&#39;da bir fonksiyon var","breadcrumb":{"@id":"https:\/\/exceladvisor.org\/tr\/bugunun-tarihi-simdiki-saat\/#breadcrumb"},"inLanguage":"tr","potentialAction":[{"@type":"ReadAction","target":["https:\/\/exceladvisor.org\/tr\/bugunun-tarihi-simdiki-saat\/"]}]},{"@type":"ImageObject","inLanguage":"tr","@id":"https:\/\/exceladvisor.org\/tr\/bugunun-tarihi-simdiki-saat\/#primaryimage","url":"https:\/\/exceladvisor.org\/wp-content\/uploads\/2023\/08\/1-date-daujourdhui-en-vba.png","contentUrl":"https:\/\/exceladvisor.org\/wp-content\/uploads\/2023\/08\/1-date-daujourdhui-en-vba.png"},{"@type":"BreadcrumbList","@id":"https:\/\/exceladvisor.org\/tr\/bugunun-tarihi-simdiki-saat\/#breadcrumb","itemListElement":[{"@type":"ListItem","position":1,"name":"Ev","item":"https:\/\/exceladvisor.org\/tr\/"},{"@type":"ListItem","position":2,"name":"Ge\u00e7erli tarih ve saat nas\u0131l al\u0131n\u0131r?"}]},{"@type":"WebSite","@id":"https:\/\/exceladvisor.org\/tr\/#website","url":"https:\/\/exceladvisor.org\/tr\/","name":"Excel Advisor","description":"Veri hakimiyetine y\u00f6nelik nihai rehberiniz!","publisher":{"@id":"https:\/\/exceladvisor.org\/tr\/#organization"},"potentialAction":[{"@type":"SearchAction","target":{"@type":"EntryPoint","urlTemplate":"https:\/\/exceladvisor.org\/tr\/?s={search_term_string}"},"query-input":{"@type":"PropertyValueSpecification","valueRequired":true,"valueName":"search_term_string"}}],"inLanguage":"tr"},{"@type":"Organization","@id":"https:\/\/exceladvisor.org\/tr\/#organization","name":"Excel Advisor","url":"https:\/\/exceladvisor.org\/tr\/","logo":{"@type":"ImageObject","inLanguage":"tr","@id":"https:\/\/exceladvisor.org\/tr\/#\/schema\/logo\/image\/","url":"https:\/\/exceladvisor.org\/tr\/wp-content\/uploads\/2023\/12\/exceladvisor.org_.png","contentUrl":"https:\/\/exceladvisor.org\/tr\/wp-content\/uploads\/2023\/12\/exceladvisor.org_.png","width":105,"height":36,"caption":"Excel Advisor"},"image":{"@id":"https:\/\/exceladvisor.org\/tr\/#\/schema\/logo\/image\/"}}]}},"yoast_meta":{"yoast_wpseo_title":"","yoast_wpseo_metadesc":"","yoast_wpseo_canonical":""},"_links":{"self":[{"href":"https:\/\/exceladvisor.org\/tr\/wp-json\/wp\/v2\/pages\/2142","targetHints":{"allow":["GET"]}}],"collection":[{"href":"https:\/\/exceladvisor.org\/tr\/wp-json\/wp\/v2\/pages"}],"about":[{"href":"https:\/\/exceladvisor.org\/tr\/wp-json\/wp\/v2\/types\/page"}],"author":[{"embeddable":true,"href":"https:\/\/exceladvisor.org\/tr\/wp-json\/wp\/v2\/users\/1"}],"replies":[{"embeddable":true,"href":"https:\/\/exceladvisor.org\/tr\/wp-json\/wp\/v2\/comments?post=2142"}],"version-history":[{"count":1,"href":"https:\/\/exceladvisor.org\/tr\/wp-json\/wp\/v2\/pages\/2142\/revisions"}],"predecessor-version":[{"id":2682,"href":"https:\/\/exceladvisor.org\/tr\/wp-json\/wp\/v2\/pages\/2142\/revisions\/2682"}],"wp:attachment":[{"href":"https:\/\/exceladvisor.org\/tr\/wp-json\/wp\/v2\/media?parent=2142"}],"curies":[{"name":"wp","href":"https:\/\/api.w.org\/{rel}","templated":true}]}}