{"id":2144,"date":"2023-09-28T22:43:00","date_gmt":"2023-09-28T22:43:00","guid":{"rendered":"https:\/\/exceladvisor.org\/tr\/aralik-boyunca-dongu\/"},"modified":"2023-12-10T06:06:13","modified_gmt":"2023-12-10T06:06:13","slug":"aralik-boyunca-dongu","status":"publish","type":"page","link":"https:\/\/exceladvisor.org\/tr\/aralik-boyunca-dongu\/","title":{"rendered":"Vba kullanarak bir aral\u0131kta nas\u0131l gezinilir?"},"content":{"rendered":"<div class=\"excel-icerikten-once\" id=\"excel-2618649374\"><script type=\"text\/javascript\">\r\n\tatOptions = {\r\n\t\t'key' : 'c1158f160081d6540a8409e6925dab94',\r\n\t\t'format' : 'iframe',\r\n\t\t'height' : 250,\r\n\t\t'width' : 300,\r\n\t\t'params' : {}\r\n\t};\r\n<\/script>\r\n<script type=\"text\/javascript\" src=\"\/\/www.highperformanceformat.com\/c1158f160081d6540a8409e6925dab94\/invoke.js\"><\/script><\/div> <p>VBA&#8217;da bir aral\u0131kta d\u00f6ng\u00fc yapmak i\u00e7in &#8220;Her D\u00f6ng\u00fc \u0130\u00e7in&#8221; se\u00e7ene\u011fini kullanman\u0131z gerekir. Bu d\u00f6ng\u00fcy\u00fc kullanarak, VBA&#8217;ya aral\u0131k, s\u00fctun veya sat\u0131rdaki her h\u00fccreden ge\u00e7mesini ve belirli bir etkinlik ger\u00e7ekle\u015ftirmesini s\u00f6yledi\u011finiz kodu yazabilirsiniz.<\/p><pre class=\"wp-block-code\"> <code class=\"language-visual-basic\" lang=\"visual-basic\"><strong>Sub<\/strong> vba_loop_range() <strong>Dim<\/strong> iCell <strong>As<\/strong> Range <strong>For<\/strong> <strong>Each<\/strong> iCell <strong>In<\/strong> Range(\"A1:A10\").Cells   iCell.Value = \"Yes\" <strong>Next<\/strong> iCell <strong>End<\/strong> <strong>Sub<\/strong><\/code><\/pre><p> \u0130\u015fte plajda y\u00fcr\u00fcmenin ad\u0131mlar\u0131:<\/p><ol><li> \u0130lk olarak, d\u00f6ng\u00fc yap\u0131lacak aral\u0131\u011f\u0131n h\u00fccresi olarak kullan\u0131lacak bir de\u011fi\u015fken bildirin. <br><img loading=\"lazy\" decoding=\"async\" title=\"1 d\u00f6ng\u00fcl\u00fc aral\u0131k\" src=\"https:\/\/exceladvisor.org\/wp-content\/uploads\/2023\/08\/1-boucle-a-travers-la-gamme.png\" sizes=\"auto, \" srcset=\"\" alt=\"loop-through-range\" width=\"281\" height=\"277\"><\/li><li> Bundan sonra \u201cFor Every\u201d d\u00f6ng\u00fcs\u00fcn\u00fc ba\u015flat\u0131n ve d\u00f6ng\u00fc s\u0131ras\u0131nda aral\u0131ktaki her h\u00fccreyi temsil etmek i\u00e7in \u201ciCell\u201d de\u011fi\u015fkenini kullan\u0131n. <br><img loading=\"lazy\" decoding=\"async\" title=\"2-kullan\u0131m-icell-de\u011fi\u015fken\" src=\"https:\/\/exceladvisor.org\/wp-content\/uploads\/2023\/08\/2-utiliser-la-variable-icecell.png\" sizes=\"auto, \" srcset=\"\" alt=\"use-icell-variable\" width=\"404\" height=\"289\"><\/li><li> Daha sonra, aral\u0131\u011f\u0131 d\u00f6ng\u00fcye ald\u0131\u011f\u0131m\u0131z her h\u00fccrede bir aktivite ger\u00e7ekle\u015ftirmek i\u00e7in bir kod sat\u0131r\u0131 yazman\u0131z gerekir. <br><img loading=\"lazy\" decoding=\"async\" title=\"3 sat\u0131rl\u0131k kod yazma\" src=\"https:\/\/exceladvisor.org\/wp-content\/uploads\/2023\/08\/3-ecrire-une-ligne-de-code.png\" sizes=\"auto, \" srcset=\"\" alt=\"write-a-line-of-code\" width=\"420\" height=\"356\"><\/li><li> Sonunda bir d\u00f6ng\u00fc i\u00e7in kodu sonland\u0131r\u0131n. <br><img loading=\"lazy\" decoding=\"async\" title=\"4-bir d\u00f6ng\u00fc i\u00e7in kodun sonu\" src=\"https:\/\/exceladvisor.org\/wp-content\/uploads\/2023\/08\/4-terminer-le-code-pour-une-boucle.png\" sizes=\"auto, \" srcset=\"\" alt=\"end-the-code-for-a-loop\" width=\"418\" height=\"363\"><\/li><\/ol><h2 class=\"wp-block-heading\"> VBA kullanarak t\u00fcm s\u00fctun ve bir sat\u0131r \u00fczerinde d\u00f6ng\u00fc yap\u0131n<\/h2><p> Ayn\u0131 \u015fekilde \u00f6nceki \u00f6rnekte kulland\u0131\u011f\u0131m\u0131z kodun ayn\u0131s\u0131 olan a\u015fa\u011f\u0131daki kodu kullanarak her h\u00fccreyi arka arkaya yineleyebilirsiniz, tek fark belirtti\u011fimiz aral\u0131kt\u0131r. <\/p><div class=\"wp-block-image\"><figure class=\"aligncenter size-full is-resized\"><img loading=\"lazy\" decoding=\"async\" class=\"wp-image-61538\" src=\"https:\/\/exceladvisor.org\/wp-content\/uploads\/2023\/08\/5-boucles-sur-toute-la-colonne-et-la-ligne.png\" sizes=\"auto, \" srcset=\"\" alt=\"t\u00fcm s\u00fctun ve sat\u0131r boyunca d\u00f6ng\u00fc\" width=\"406\" height=\"344\"><\/figure><\/div><p> Not: Bir s\u00fctunun veya sat\u0131r\u0131n tamam\u0131n\u0131 g\u00f6zden ge\u00e7irmeden \u00f6nce d\u00f6ng\u00fcn\u00fcn biraz zaman alabilece\u011fini ve Excel&#8217;inizin birka\u00e7 dakika donabilece\u011fini anlamal\u0131s\u0131n\u0131z.<\/p><pre class=\"wp-block-code\"> <code class=\"language-visual-basic\" lang=\"visual-basic\"><strong>Sub<\/strong> vba_loop_range() <strong>Dim<\/strong> iCell <strong>As<\/strong> Range <strong>For<\/strong> <strong>Each<\/strong> iCell <strong>In<\/strong> Range(\"A:A\").Cells   iCell.Value = \"Yes\" <strong>Next<\/strong> iCell <strong>End<\/strong> <strong>Sub<\/strong><\/code><\/pre><p> Ayn\u0131 \u015fekilde, ge\u00e7ilecek aral\u0131k olarak tam bir \u00e7izgiyi kullanabilirsiniz.<\/p><pre class=\"wp-block-code\"> <code class=\"language-visual-basic\" lang=\"visual-basic\"><strong>Sub<\/strong> vba_loop_range() <strong>Dim<\/strong> iCell <strong>As<\/strong> Range <strong>For<\/strong> <strong>Each<\/strong> iCell <strong>In<\/strong> Range(\"1:1\").Cells   iCell.Value = \"Yes\" <strong>Next<\/strong> iCell <strong>End<\/strong> <strong>Sub<\/strong><\/code><\/pre><h2 class=\"wp-block-heading\"> Dinamik aral\u0131kta d\u00f6ng\u00fc<\/h2><p> Dinamik bir h\u00fccre aral\u0131\u011f\u0131nda yineleme yapmak istiyorsan\u0131z a\u015fa\u011f\u0131daki koda bak\u0131n. <\/p><div class=\"wp-block-image\"><figure class=\"aligncenter size-full is-resized\"><img loading=\"lazy\" decoding=\"async\" class=\"wp-image-61539\" src=\"https:\/\/exceladvisor.org\/wp-content\/uploads\/2023\/08\/6-boucles-a-travers-la-plage-dynamique.png\" sizes=\"auto, \" srcset=\"\" alt=\"dinamik aral\u0131kta d\u00f6ng\u00fc\" width=\"751\" height=\"469\"><\/figure><\/div><pre class=\"wp-block-code\"> <code class=\"language-visual-basic\" lang=\"visual-basic\"><strong>Sub<\/strong> vba_dynamic_loop_range() <strong>Dim<\/strong> iCell <strong>As<\/strong> Range <strong>Dim<\/strong> iRange1 <strong>As<\/strong> String <strong>Dim<\/strong> iRange2 <strong>As<\/strong> String <strong>Dim<\/strong> rangeName <strong>As<\/strong> String iRange1 = ActiveCell.Address iRange2 = ActiveCell.Offset(5, 5).Address rangeName = iRange1 &amp; \":\" &amp; iRange2 <strong>For<\/strong> <strong>Each<\/strong> iCell <strong>In<\/strong> Range(rangeName).Cells   iCell = \"Yes\" <strong>Next<\/strong> iCell <strong>End<\/strong> <strong>Sub<\/strong><\/code><\/pre><div class=\"gb-container gb-container-4db6181c gb-container-mt\"> <a class=\"gb-button gb-button-c5897111 gb-button-text gb-button-mt-button\" href=\"https:\/\/exceladvisor.org\/tr\/vba\/\">VBA nedir<\/a><h2 class=\"gb-headline gb-headline-665e5f6b gb-headline-text gb-headline-mt-heading\"> \u0130lgili e\u011fitimler <\/h2><div class=\"gb-grid-wrapper gb-grid-wrapper-a20baf7c gb-grid-wrapper-mt-grid\"><div class=\"gb-grid-column gb-grid-column-65ddf67e\"><div class=\"gb-container gb-container-65ddf67e\"><ul><li> <a href=\"https:\/\/exceladvisor.org\/tr\/donguler\/\">VBA D\u00f6ng\u00fcleri (Ba\u015flang\u0131\u00e7tan \u0130leri Seviyeye)<\/a><\/li><li> <a href=\"https:\/\/exceladvisor.org\/tr\/davayi-sec\/\">VBA Se\u00e7me Vakas\u0131<\/a><\/li><li> <a href=\"https:\/\/exceladvisor.org\/tr\/bu-arada-yapmak\/\">Excel VBA Do While D\u00f6ng\u00fcs\u00fc ve (Do Loop While) \u2013 Bir K\u0131lavuz<\/a><\/li><li> <a href=\"https:\/\/exceladvisor.org\/tr\/dongu-yapraklari\/\">Excel&#8217;de VBA&#8217;y\u0131 kullanarak t\u00fcm sayfalar aras\u0131nda ge\u00e7i\u015f yap\u0131n<\/a><\/li><li> <a href=\"https:\/\/exceladvisor.org\/tr\/dongu-icin\/\">VBA FOR LOOP (Sonraki \u0130\u00e7in, Her Biri \u0130\u00e7in)<\/a> <\/li><\/ul><\/div><\/div><div class=\"gb-grid-column gb-grid-column-50067b57\"><div class=\"gb-container gb-container-50067b57\"><\/div><\/div><\/div><\/div>","protected":false},"excerpt":{"rendered":"","protected":false},"author":1,"featured_media":0,"parent":0,"menu_order":0,"comment_status":"open","ping_status":"closed","template":"","meta":{"ub_ctt_via":"","footnotes":""},"class_list":["post-2144","page","type-page","status-publish","hentry"],"featured_image_src":null,"yoast_head":"<!-- This site is optimized with the Yoast SEO plugin v25.4 - https:\/\/yoast.com\/wordpress\/plugins\/seo\/ -->\n<title>VBA kullanarak bir aral\u0131kta nas\u0131l gezinilir? (E\u011fitim 2023)<\/title>\n<meta name=\"description\" content=\"VBA&#039;da bir aral\u0131kta d\u00f6ng\u00fc yapmak i\u00e7in &quot;Her D\u00f6ng\u00fc \u0130\u00e7in&quot; se\u00e7ene\u011fini kullanman\u0131z gerekir. Bu d\u00f6ng\u00fcy\u00fc kullanarak kodu yazabilirsiniz:\" \/>\n<meta name=\"robots\" content=\"index, follow, max-snippet:-1, max-image-preview:large, max-video-preview:-1\" \/>\n<link rel=\"canonical\" href=\"https:\/\/exceladvisor.org\/tr\/aralik-boyunca-dongu\/\" \/>\n<meta property=\"og:locale\" content=\"tr_TR\" \/>\n<meta property=\"og:type\" content=\"article\" \/>\n<meta property=\"og:title\" content=\"VBA kullanarak bir aral\u0131kta nas\u0131l gezinilir? (E\u011fitim 2023)\" \/>\n<meta property=\"og:description\" content=\"VBA&#039;da bir aral\u0131kta d\u00f6ng\u00fc yapmak i\u00e7in &quot;Her D\u00f6ng\u00fc \u0130\u00e7in&quot; se\u00e7ene\u011fini kullanman\u0131z gerekir. Bu d\u00f6ng\u00fcy\u00fc kullanarak kodu yazabilirsiniz:\" \/>\n<meta property=\"og:url\" content=\"https:\/\/exceladvisor.org\/tr\/aralik-boyunca-dongu\/\" \/>\n<meta property=\"og:site_name\" content=\"Excel Advisor\" \/>\n<meta property=\"article:modified_time\" content=\"2023-12-10T06:06:13+00:00\" \/>\n<meta property=\"og:image\" content=\"https:\/\/exceladvisor.org\/wp-content\/uploads\/2023\/08\/1-boucle-a-travers-la-gamme.png\" \/>\n<meta name=\"twitter:card\" content=\"summary_large_image\" \/>\n<meta name=\"twitter:label1\" content=\"Tahmini okuma s\u00fcresi\" \/>\n\t<meta name=\"twitter:data1\" content=\"2 dakika\" \/>\n<script type=\"application\/ld+json\" class=\"yoast-schema-graph\">{\"@context\":\"https:\/\/schema.org\",\"@graph\":[{\"@type\":\"WebPage\",\"@id\":\"https:\/\/exceladvisor.org\/tr\/aralik-boyunca-dongu\/\",\"url\":\"https:\/\/exceladvisor.org\/tr\/aralik-boyunca-dongu\/\",\"name\":\"VBA kullanarak bir aral\u0131kta nas\u0131l gezinilir? (E\u011fitim 2023)\",\"isPartOf\":{\"@id\":\"https:\/\/exceladvisor.org\/tr\/#website\"},\"primaryImageOfPage\":{\"@id\":\"https:\/\/exceladvisor.org\/tr\/aralik-boyunca-dongu\/#primaryimage\"},\"image\":{\"@id\":\"https:\/\/exceladvisor.org\/tr\/aralik-boyunca-dongu\/#primaryimage\"},\"thumbnailUrl\":\"https:\/\/exceladvisor.org\/wp-content\/uploads\/2023\/08\/1-boucle-a-travers-la-gamme.png\",\"datePublished\":\"2023-09-28T22:43:00+00:00\",\"dateModified\":\"2023-12-10T06:06:13+00:00\",\"description\":\"VBA&#39;da bir aral\u0131kta d\u00f6ng\u00fc yapmak i\u00e7in &quot;Her D\u00f6ng\u00fc \u0130\u00e7in&quot; se\u00e7ene\u011fini kullanman\u0131z gerekir. Bu d\u00f6ng\u00fcy\u00fc kullanarak kodu yazabilirsiniz:\",\"breadcrumb\":{\"@id\":\"https:\/\/exceladvisor.org\/tr\/aralik-boyunca-dongu\/#breadcrumb\"},\"inLanguage\":\"tr\",\"potentialAction\":[{\"@type\":\"ReadAction\",\"target\":[\"https:\/\/exceladvisor.org\/tr\/aralik-boyunca-dongu\/\"]}]},{\"@type\":\"ImageObject\",\"inLanguage\":\"tr\",\"@id\":\"https:\/\/exceladvisor.org\/tr\/aralik-boyunca-dongu\/#primaryimage\",\"url\":\"https:\/\/exceladvisor.org\/wp-content\/uploads\/2023\/08\/1-boucle-a-travers-la-gamme.png\",\"contentUrl\":\"https:\/\/exceladvisor.org\/wp-content\/uploads\/2023\/08\/1-boucle-a-travers-la-gamme.png\"},{\"@type\":\"BreadcrumbList\",\"@id\":\"https:\/\/exceladvisor.org\/tr\/aralik-boyunca-dongu\/#breadcrumb\",\"itemListElement\":[{\"@type\":\"ListItem\",\"position\":1,\"name\":\"Ev\",\"item\":\"https:\/\/exceladvisor.org\/tr\/\"},{\"@type\":\"ListItem\",\"position\":2,\"name\":\"Vba kullanarak bir aral\u0131kta nas\u0131l gezinilir?\"}]},{\"@type\":\"WebSite\",\"@id\":\"https:\/\/exceladvisor.org\/tr\/#website\",\"url\":\"https:\/\/exceladvisor.org\/tr\/\",\"name\":\"Excel Advisor\",\"description\":\"Veri hakimiyetine y\u00f6nelik nihai rehberiniz!\",\"publisher\":{\"@id\":\"https:\/\/exceladvisor.org\/tr\/#organization\"},\"potentialAction\":[{\"@type\":\"SearchAction\",\"target\":{\"@type\":\"EntryPoint\",\"urlTemplate\":\"https:\/\/exceladvisor.org\/tr\/?s={search_term_string}\"},\"query-input\":{\"@type\":\"PropertyValueSpecification\",\"valueRequired\":true,\"valueName\":\"search_term_string\"}}],\"inLanguage\":\"tr\"},{\"@type\":\"Organization\",\"@id\":\"https:\/\/exceladvisor.org\/tr\/#organization\",\"name\":\"Excel Advisor\",\"url\":\"https:\/\/exceladvisor.org\/tr\/\",\"logo\":{\"@type\":\"ImageObject\",\"inLanguage\":\"tr\",\"@id\":\"https:\/\/exceladvisor.org\/tr\/#\/schema\/logo\/image\/\",\"url\":\"https:\/\/exceladvisor.org\/tr\/wp-content\/uploads\/2023\/12\/exceladvisor.org_.png\",\"contentUrl\":\"https:\/\/exceladvisor.org\/tr\/wp-content\/uploads\/2023\/12\/exceladvisor.org_.png\",\"width\":105,\"height\":36,\"caption\":\"Excel Advisor\"},\"image\":{\"@id\":\"https:\/\/exceladvisor.org\/tr\/#\/schema\/logo\/image\/\"}}]}<\/script>\n<!-- \/ Yoast SEO plugin. -->","yoast_head_json":{"title":"VBA kullanarak bir aral\u0131kta nas\u0131l gezinilir? (E\u011fitim 2023)","description":"VBA&#39;da bir aral\u0131kta d\u00f6ng\u00fc yapmak i\u00e7in &quot;Her D\u00f6ng\u00fc \u0130\u00e7in&quot; se\u00e7ene\u011fini kullanman\u0131z gerekir. Bu d\u00f6ng\u00fcy\u00fc kullanarak kodu yazabilirsiniz:","robots":{"index":"index","follow":"follow","max-snippet":"max-snippet:-1","max-image-preview":"max-image-preview:large","max-video-preview":"max-video-preview:-1"},"canonical":"https:\/\/exceladvisor.org\/tr\/aralik-boyunca-dongu\/","og_locale":"tr_TR","og_type":"article","og_title":"VBA kullanarak bir aral\u0131kta nas\u0131l gezinilir? (E\u011fitim 2023)","og_description":"VBA&#39;da bir aral\u0131kta d\u00f6ng\u00fc yapmak i\u00e7in &quot;Her D\u00f6ng\u00fc \u0130\u00e7in&quot; se\u00e7ene\u011fini kullanman\u0131z gerekir. Bu d\u00f6ng\u00fcy\u00fc kullanarak kodu yazabilirsiniz:","og_url":"https:\/\/exceladvisor.org\/tr\/aralik-boyunca-dongu\/","og_site_name":"Excel Advisor","article_modified_time":"2023-12-10T06:06:13+00:00","og_image":[{"url":"https:\/\/exceladvisor.org\/wp-content\/uploads\/2023\/08\/1-boucle-a-travers-la-gamme.png","type":"","width":"","height":""}],"twitter_card":"summary_large_image","twitter_misc":{"Tahmini okuma s\u00fcresi":"2 dakika"},"schema":{"@context":"https:\/\/schema.org","@graph":[{"@type":"WebPage","@id":"https:\/\/exceladvisor.org\/tr\/aralik-boyunca-dongu\/","url":"https:\/\/exceladvisor.org\/tr\/aralik-boyunca-dongu\/","name":"VBA kullanarak bir aral\u0131kta nas\u0131l gezinilir? (E\u011fitim 2023)","isPartOf":{"@id":"https:\/\/exceladvisor.org\/tr\/#website"},"primaryImageOfPage":{"@id":"https:\/\/exceladvisor.org\/tr\/aralik-boyunca-dongu\/#primaryimage"},"image":{"@id":"https:\/\/exceladvisor.org\/tr\/aralik-boyunca-dongu\/#primaryimage"},"thumbnailUrl":"https:\/\/exceladvisor.org\/wp-content\/uploads\/2023\/08\/1-boucle-a-travers-la-gamme.png","datePublished":"2023-09-28T22:43:00+00:00","dateModified":"2023-12-10T06:06:13+00:00","description":"VBA&#39;da bir aral\u0131kta d\u00f6ng\u00fc yapmak i\u00e7in &quot;Her D\u00f6ng\u00fc \u0130\u00e7in&quot; se\u00e7ene\u011fini kullanman\u0131z gerekir. Bu d\u00f6ng\u00fcy\u00fc kullanarak kodu yazabilirsiniz:","breadcrumb":{"@id":"https:\/\/exceladvisor.org\/tr\/aralik-boyunca-dongu\/#breadcrumb"},"inLanguage":"tr","potentialAction":[{"@type":"ReadAction","target":["https:\/\/exceladvisor.org\/tr\/aralik-boyunca-dongu\/"]}]},{"@type":"ImageObject","inLanguage":"tr","@id":"https:\/\/exceladvisor.org\/tr\/aralik-boyunca-dongu\/#primaryimage","url":"https:\/\/exceladvisor.org\/wp-content\/uploads\/2023\/08\/1-boucle-a-travers-la-gamme.png","contentUrl":"https:\/\/exceladvisor.org\/wp-content\/uploads\/2023\/08\/1-boucle-a-travers-la-gamme.png"},{"@type":"BreadcrumbList","@id":"https:\/\/exceladvisor.org\/tr\/aralik-boyunca-dongu\/#breadcrumb","itemListElement":[{"@type":"ListItem","position":1,"name":"Ev","item":"https:\/\/exceladvisor.org\/tr\/"},{"@type":"ListItem","position":2,"name":"Vba kullanarak bir aral\u0131kta nas\u0131l gezinilir?"}]},{"@type":"WebSite","@id":"https:\/\/exceladvisor.org\/tr\/#website","url":"https:\/\/exceladvisor.org\/tr\/","name":"Excel Advisor","description":"Veri hakimiyetine y\u00f6nelik nihai rehberiniz!","publisher":{"@id":"https:\/\/exceladvisor.org\/tr\/#organization"},"potentialAction":[{"@type":"SearchAction","target":{"@type":"EntryPoint","urlTemplate":"https:\/\/exceladvisor.org\/tr\/?s={search_term_string}"},"query-input":{"@type":"PropertyValueSpecification","valueRequired":true,"valueName":"search_term_string"}}],"inLanguage":"tr"},{"@type":"Organization","@id":"https:\/\/exceladvisor.org\/tr\/#organization","name":"Excel Advisor","url":"https:\/\/exceladvisor.org\/tr\/","logo":{"@type":"ImageObject","inLanguage":"tr","@id":"https:\/\/exceladvisor.org\/tr\/#\/schema\/logo\/image\/","url":"https:\/\/exceladvisor.org\/tr\/wp-content\/uploads\/2023\/12\/exceladvisor.org_.png","contentUrl":"https:\/\/exceladvisor.org\/tr\/wp-content\/uploads\/2023\/12\/exceladvisor.org_.png","width":105,"height":36,"caption":"Excel Advisor"},"image":{"@id":"https:\/\/exceladvisor.org\/tr\/#\/schema\/logo\/image\/"}}]}},"yoast_meta":{"yoast_wpseo_title":"","yoast_wpseo_metadesc":"","yoast_wpseo_canonical":""},"_links":{"self":[{"href":"https:\/\/exceladvisor.org\/tr\/wp-json\/wp\/v2\/pages\/2144","targetHints":{"allow":["GET"]}}],"collection":[{"href":"https:\/\/exceladvisor.org\/tr\/wp-json\/wp\/v2\/pages"}],"about":[{"href":"https:\/\/exceladvisor.org\/tr\/wp-json\/wp\/v2\/types\/page"}],"author":[{"embeddable":true,"href":"https:\/\/exceladvisor.org\/tr\/wp-json\/wp\/v2\/users\/1"}],"replies":[{"embeddable":true,"href":"https:\/\/exceladvisor.org\/tr\/wp-json\/wp\/v2\/comments?post=2144"}],"version-history":[{"count":1,"href":"https:\/\/exceladvisor.org\/tr\/wp-json\/wp\/v2\/pages\/2144\/revisions"}],"predecessor-version":[{"id":2857,"href":"https:\/\/exceladvisor.org\/tr\/wp-json\/wp\/v2\/pages\/2144\/revisions\/2857"}],"wp:attachment":[{"href":"https:\/\/exceladvisor.org\/tr\/wp-json\/wp\/v2\/media?parent=2144"}],"curies":[{"name":"wp","href":"https:\/\/api.w.org\/{rel}","templated":true}]}}