{"id":2145,"date":"2023-09-28T22:14:48","date_gmt":"2023-09-28T22:14:48","guid":{"rendered":"https:\/\/exceladvisor.org\/tr\/ortalama-2\/"},"modified":"2023-12-10T06:04:55","modified_gmt":"2023-12-10T06:04:55","slug":"ortalama-2","status":"publish","type":"page","link":"https:\/\/exceladvisor.org\/tr\/ortalama-2\/","title":{"rendered":"Vba arac\u0131l\u0131\u011f\u0131yla excel&#39;deki de\u011ferlerin ortalamas\u0131 nas\u0131l al\u0131n\u0131r?"},"content":{"rendered":"<div class=\"excel-icerikten-once\" id=\"excel-3996166660\"><script type=\"text\/javascript\">\r\n\tatOptions = {\r\n\t\t'key' : 'c1158f160081d6540a8409e6925dab94',\r\n\t\t'format' : 'iframe',\r\n\t\t'height' : 250,\r\n\t\t'width' : 300,\r\n\t\t'params' : {}\r\n\t};\r\n<\/script>\r\n<script type=\"text\/javascript\" src=\"\/\/www.highperformanceformat.com\/c1158f160081d6540a8409e6925dab94\/invoke.js\"><\/script><\/div> <p>Excel&#8217;de, bir h\u00fccre aral\u0131\u011f\u0131ndan veya birden \u00e7ok aral\u0131ktan ortalama de\u011ferleri hesaplamak i\u00e7in VBA&#8217;y\u0131 kullanabilirsiniz. Ve bu derste onu kullanman\u0131n farkl\u0131 yollar\u0131n\u0131 \u00f6\u011frenece\u011fiz.<\/p><h2 class=\"wp-block-heading\"> WorksheetFunction kullan\u0131larak VBA&#8217;da ortalama<\/h2><p> VBA&#8217;da kullanabilece\u011finiz <a href=\"https:\/\/exceladvisor.org\/tr\/islevler\/\">\u00e7e\u015fitli i\u015flevler<\/a> vard\u0131r ancak bu ama\u00e7 i\u00e7in \u00f6zel bir i\u015flev yoktur. Bu ortalama alamayaca\u011f\u0131m\u0131z anlam\u0131na gelmiyor. VBA&#8217;da, VBA kodundaki i\u015flevleri \u00e7a\u011f\u0131rman\u0131za yard\u0131mc\u0131 olabilecek <a href=\"https:\/\/exceladvisor.org\/tr\/elektronik-tablo-islevi\/\">WorksheetFunction<\/a> adl\u0131 bir \u00f6zellik vard\u0131r. <\/p><div class=\"wp-block-image\"><figure class=\"aligncenter size-full is-resized\"><img loading=\"lazy\" decoding=\"async\" class=\"wp-image-61346\" src=\"https:\/\/exceladvisor.org\/wp-content\/uploads\/2023\/08\/1-moyenne-en-vba-en-utilisant-la-fonction-de-feuille-de-calcul.png\" sizes=\"auto, \" srcset=\"\" alt=\"elektronik tablo i\u015flevini kullanarak vba'da ortalama\" width=\"460\" height=\"298\"><\/figure><\/div><p> A1:A10 aral\u0131\u011f\u0131ndaki de\u011ferlerin ortalamas\u0131n\u0131 alal\u0131m.<\/p><ol><li> \u00d6nce \u00e7al\u0131\u015fma sayfas\u0131 i\u015flev \u00f6zelli\u011fini girin, ard\u0131ndan listeden ORTALAMA i\u015flevini se\u00e7in. <br><img loading=\"lazy\" decoding=\"async\" title=\"2 sayfal\u0131k i\u015flev ortalamas\u0131\" src=\"https:\/\/exceladvisor.org\/wp-content\/uploads\/2023\/08\/Moyenne-de-la-fonction-2-feuilles-de-calcul.png\" sizes=\"auto, \" srcset=\"\" alt=\"worksheet-function-average\" width=\"466\" height=\"277\"><\/li><li> Daha sonra, e-tabloya bir fonksiyon girerken yapt\u0131\u011f\u0131n\u0131z gibi bir ba\u015flang\u0131\u00e7 parantezi girmelisiniz. <br><img loading=\"lazy\" decoding=\"async\" title=\"3-ba\u015flang\u0131\u00e7-parantezini girin\" src=\"https:\/\/exceladvisor.org\/wp-content\/uploads\/2023\/08\/3-entrer-parenthese-de-depart.png\" sizes=\"auto, \" srcset=\"\" alt=\"enter-starting-paranthesis\" width=\"451\" height=\"251\"><\/li><li> Bundan sonra ortalamas\u0131n\u0131 hesaplamak istedi\u011fimiz aral\u0131\u011fa at\u0131fta bulunmak i\u00e7in range nesnesini kullanmam\u0131z gerekiyor. <br><img loading=\"lazy\" decoding=\"async\" title=\"4-ue-menzil-nesnesi\" src=\"https:\/\/exceladvisor.org\/wp-content\/uploads\/2023\/08\/4-ue-lobjet-range.png\" sizes=\"auto, \" srcset=\"\" alt=\"use-the-range-object\" width=\"527\" height=\"218\"><\/li><li> Sonunda bir kapatma parantezi yaz\u0131n ve i\u015flevin d\u00f6n\u00fc\u015f de\u011ferini B1 h\u00fccresine atay\u0131n. <br><img loading=\"lazy\" decoding=\"async\" title=\"5-tipi yak\u0131n protez\" src=\"https:\/\/exceladvisor.org\/wp-content\/uploads\/2023\/08\/5-types-de-protheses-fermees.png\" sizes=\"auto, \" srcset=\"\" alt=\"type-close-pranthesis\" width=\"530\" height=\"204\"><\/li><\/ol><pre class=\"wp-block-code\"> <code class=\"language-visual-basic\" lang=\"visual-basic\">Application.WorksheetFunction.Average( <strong>Range<\/strong> (\"A1:A10\"))<\/code><\/pre><p> Art\u0131k <a href=\"https:\/\/exceladvisor.org\/tr\/makro-2yi-calistir\/\">bu kodu \u00e7al\u0131\u015ft\u0131rd\u0131\u011f\u0131n\u0131zda<\/a> A1:A10 aral\u0131\u011f\u0131nda sahip oldu\u011funuz de\u011ferlerin ortalamas\u0131n\u0131 hesapl\u0131yor ve de\u011feri B1 h\u00fccresine giriyor. <\/p><div class=\"wp-block-image\"><figure class=\"aligncenter size-full is-resized\"><img loading=\"lazy\" decoding=\"async\" class=\"wp-image-61351\" src=\"https:\/\/exceladvisor.org\/wp-content\/uploads\/2023\/08\/6-executer-le-code-calcule-la-moyenne.png\" sizes=\"auto, \" srcset=\"\" alt=\"\u00e7al\u0131\u015ft\u0131rma kodu-hesaplama-ortalama\" width=\"728\" height=\"353\"><\/figure><\/div><h2 class=\"wp-block-heading\"> Bir s\u00fctunun veya sat\u0131r\u0131n tamam\u0131n\u0131n ortalama de\u011ferleri<\/h2><p> Bu durumda \u00f6nceki \u00f6rnekte kulland\u0131\u011f\u0131m\u0131z aral\u0131k yerine sadece bir sat\u0131r veya s\u00fctun belirtmeniz yeterli olacakt\u0131r.<\/p><pre class=\"wp-block-code\"> <code class=\"language-visual-basic\" lang=\"visual-basic\">'for the entire column A <strong>Range<\/strong> (\"B1\") = Application.WorksheetFunction.Average( <strong>Range<\/strong> (\"A:A\")) 'for entire row 1 <strong>Range<\/strong> (\"B1\") = Application.WorksheetFunction.Average( <strong>Range<\/strong> (\"1:1\"))<\/code><\/pre><h2 class=\"wp-block-heading\"> Se\u00e7im de\u011ferlerinin ortalamas\u0131n\u0131 almak i\u00e7in VBA&#8217;y\u0131 kullan\u0131n<\/h2><p> \u015eimdi bu gibi kodlar\u0131 kullanabildi\u011finiz i\u00e7in yaln\u0131zca se\u00e7ilen h\u00fccrelerin ortalama de\u011ferini hesaplamak istedi\u011finizi varsayal\u0131m.<\/p><pre class=\"wp-block-code\"> <code class=\"language-visual-basic\" lang=\"visual-basic\"><strong>Sub<\/strong> vba_average_selection() <strong>Dim<\/strong> sRange <strong>As<\/strong> Range <strong>Dim<\/strong> iAverage <strong>As<\/strong> Long <strong>On<\/strong> <strong>Error<\/strong> <strong>GoTo<\/strong> errorHandler <strong>Set<\/strong> sRange = Selection iAverage = WorksheetFunction.Average(Range(sRange.Address)) MsgBox iAverage <strong>Exit<\/strong> <strong>Sub<\/strong> errorHandler: MsgBox \"make sure to select a valid range of cells\" <strong>End<\/strong> <strong>Sub<\/strong><\/code><\/pre><p> Yukar\u0131daki kodda se\u00e7imi kulland\u0131k, ard\u0131ndan &#8220;sRange&#8221; de\u011fi\u015fkeninde belirttik, ard\u0131ndan ortalamay\u0131 almak i\u00e7in bu range de\u011fi\u015fkeninin adresini kulland\u0131k.<\/p><h2 class=\"wp-block-heading\"> VBA yukar\u0131daki t\u00fcm h\u00fccrelerin ortalamas\u0131n\u0131 al\u0131r<\/h2><p> A\u015fa\u011f\u0131daki kod yukar\u0131daki t\u00fcm h\u00fccreleri ve bunlar\u0131n ortalama de\u011ferlerini al\u0131p <a href=\"https:\/\/exceladvisor.org\/tr\/hucre-degeri\/\">sonucu se\u00e7ilen h\u00fccreye girmektedir<\/a> .<\/p><pre class=\"wp-block-code\"> <code class=\"language-visual-basic\" lang=\"visual-basic\"><strong>Sub<\/strong> vba_auto_Average() <strong>Dim<\/strong> iFirst <strong>As<\/strong> String <strong>Dim<\/strong> iLast <strong>As<\/strong> String <strong>Dim<\/strong> iRange <strong>As<\/strong> Range <strong>On<\/strong> <strong>Error<\/strong> <strong>GoTo<\/strong> errorHandler iFirst = Selection. <strong>End<\/strong> (xlUp). <strong>End<\/strong> (xlUp).Address iLast = Selection. <strong>End<\/strong> (xlUp).Address <strong>Set<\/strong> iRange = Range(iFirst &amp; \":\" &amp; iLast) ActiveCell = WorksheetFunction.Average(iRange) <strong>Exit<\/strong> <strong>Sub<\/strong> errorHandler: MsgBox \"make sure to select a valid range of cells\" <strong>End<\/strong> <strong>Sub<\/strong><\/code><\/pre><h2 class=\"wp-block-heading\"> VBA kullanarak dinamik aral\u0131\u011f\u0131n ortalamas\u0131n\u0131 alma<\/h2><p> Benzer \u015fekilde VBA&#8217;y\u0131 kullan\u0131rken de\u011ferlerin ortalamas\u0131n\u0131 almak i\u00e7in <a href=\"https:\/\/exceladvisor.org\/tr\/isimli-plaj\/\">dinamik aral\u0131\u011f\u0131<\/a> kullanabilirsiniz.<\/p><pre class=\"wp-block-code\"> <code class=\"language-visual-basic\" lang=\"visual-basic\">Sub vba_dynamic_range_average() Dim iFirst As String Dim iLast As String Dim iRange As Range On Error GoTo errorHandler iFirst = Selection.Offset(1, 1).Address iLast = Selection.Offset(5, 5).Address Set iRange = Range(iFirst &amp; \":\" &amp; iLast) ActiveCell = WorksheetFunction.Average(iRange) Exit Sub errorHandler: MsgBox \"make sure to select a valid range of cells\" End Sub<\/code><\/pre><h2 class=\"wp-block-heading\"> Dinamik bir s\u00fctunun veya sat\u0131r\u0131n ortalamas\u0131n\u0131 al\u0131n<\/h2><p> Benzer \u015fekilde dinamik bir s\u00fctun kullanmak istiyorsan\u0131z, aktif h\u00fccrenin s\u00fctununu ve orada sahip oldu\u011funuz t\u00fcm de\u011ferlerin ortalamas\u0131n\u0131 alacak a\u015fa\u011f\u0131daki kodu kullanabilirsiniz.<\/p><pre class=\"wp-block-code\"> <code class=\"language-visual-basic\" lang=\"visual-basic\">Sub vba_dynamic_column() Dim iCol As Long On Error GoTo errorHandler iCol = ActiveCell.Column MsgBox WorksheetFunction.Average(Columns(iCol)) Exit Sub errorHandler: MsgBox \"make sure to select a valid range of cells\" End Sub<\/code><\/pre><p> Ve bir s\u0131ra i\u00e7in.<\/p><pre class=\"wp-block-code\"> <code class=\"language-visual-basic\" lang=\"visual-basic\"><strong>Sub<\/strong> vba_dynamic_row() <strong>Dim<\/strong> iRow <strong>As<\/strong> Long <strong>On<\/strong> <strong>Error<\/strong> <strong>GoTo<\/strong> errorHandler iRow = ActiveCell.Row MsgBox WorksheetFunction.Average(Rows(iCol)) <strong>Exit<\/strong> <strong>Sub<\/strong> errorHandler: MsgBox \"make sure to select a valid range of cells\" <strong>End<\/strong> <strong>Sub<\/strong><\/code><\/pre><div class=\"gb-container gb-container-4db6181c gb-container-mt\"> <a class=\"gb-button gb-button-c5897111 gb-button-text gb-button-mt-button\" href=\"https:\/\/exceladvisor.org\/tr\/vba\/\">VBA nedir<\/a><h2 class=\"gb-headline gb-headline-665e5f6b gb-headline-text gb-headline-mt-heading\"> \u0130lgili e\u011fitimler <\/h2><div class=\"gb-grid-wrapper gb-grid-wrapper-a20baf7c gb-grid-wrapper-mt-grid\"><div class=\"gb-grid-column gb-grid-column-65ddf67e\"><div class=\"gb-container gb-container-65ddf67e\"><ul><li> <a href=\"https:\/\/exceladvisor.org\/tr\/bugunun-tarihi-simdiki-saat\/\">VBA&#8217;y\u0131 kullanarak bug\u00fcn\u00fcn tarihini ve ge\u00e7erli saatini al\u0131n<\/a><\/li><li> <a href=\"https:\/\/exceladvisor.org\/tr\/toplam-1\/\">VBA kullanarak Excel&#8217;deki de\u011ferleri toplay\u0131n<\/a><\/li><li> <a href=\"https:\/\/exceladvisor.org\/tr\/mac-2\/\">VBA&#8217;da e\u015fle\u015ftirme i\u015flevi<\/a><\/li><li> <a href=\"https:\/\/exceladvisor.org\/tr\/mod-1\/\">VBA&#8217;da MOD<\/a><\/li><li> <a href=\"https:\/\/exceladvisor.org\/tr\/rastgele-sayi\/\">VBA rastgele say\u0131lar<\/a> <\/li><\/ul><\/div><\/div><div class=\"gb-grid-column gb-grid-column-50067b57\"><div class=\"gb-container gb-container-50067b57\"><\/div><\/div><\/div><\/div>","protected":false},"excerpt":{"rendered":"","protected":false},"author":1,"featured_media":0,"parent":0,"menu_order":0,"comment_status":"open","ping_status":"closed","template":"","meta":{"ub_ctt_via":"","footnotes":""},"class_list":["post-2145","page","type-page","status-publish","hentry"],"featured_image_src":null,"yoast_head":"<!-- This site is optimized with the Yoast SEO plugin v25.4 - https:\/\/yoast.com\/wordpress\/plugins\/seo\/ -->\n<title>\u25b7 VBA arac\u0131l\u0131\u011f\u0131yla Excel&#039;deki de\u011ferlerin ortalamas\u0131 nas\u0131l al\u0131n\u0131r?<\/title>\n<meta name=\"description\" content=\"Excel&#039;de, bir h\u00fccre aral\u0131\u011f\u0131ndaki veya birden \u00e7ok aral\u0131ktaki de\u011ferlerin ortalamas\u0131n\u0131 hesaplamak i\u00e7in VBA&#039;y\u0131 kullanabilirsiniz. Ve bu e\u011fitimde\" \/>\n<meta name=\"robots\" content=\"index, follow, max-snippet:-1, max-image-preview:large, max-video-preview:-1\" \/>\n<link rel=\"canonical\" href=\"https:\/\/exceladvisor.org\/tr\/ortalama-2\/\" \/>\n<meta property=\"og:locale\" content=\"tr_TR\" \/>\n<meta property=\"og:type\" content=\"article\" \/>\n<meta property=\"og:title\" content=\"\u25b7 VBA arac\u0131l\u0131\u011f\u0131yla Excel&#039;deki de\u011ferlerin ortalamas\u0131 nas\u0131l al\u0131n\u0131r?\" \/>\n<meta property=\"og:description\" content=\"Excel&#039;de, bir h\u00fccre aral\u0131\u011f\u0131ndaki veya birden \u00e7ok aral\u0131ktaki de\u011ferlerin ortalamas\u0131n\u0131 hesaplamak i\u00e7in VBA&#039;y\u0131 kullanabilirsiniz. Ve bu e\u011fitimde\" \/>\n<meta property=\"og:url\" content=\"https:\/\/exceladvisor.org\/tr\/ortalama-2\/\" \/>\n<meta property=\"og:site_name\" content=\"Excel Advisor\" \/>\n<meta property=\"article:modified_time\" content=\"2023-12-10T06:04:55+00:00\" \/>\n<meta property=\"og:image\" content=\"https:\/\/exceladvisor.org\/wp-content\/uploads\/2023\/08\/1-moyenne-en-vba-en-utilisant-la-fonction-de-feuille-de-calcul.png\" \/>\n<meta name=\"twitter:card\" content=\"summary_large_image\" \/>\n<meta name=\"twitter:label1\" content=\"Tahmini okuma s\u00fcresi\" \/>\n\t<meta name=\"twitter:data1\" content=\"3 dakika\" \/>\n<script type=\"application\/ld+json\" class=\"yoast-schema-graph\">{\"@context\":\"https:\/\/schema.org\",\"@graph\":[{\"@type\":\"WebPage\",\"@id\":\"https:\/\/exceladvisor.org\/tr\/ortalama-2\/\",\"url\":\"https:\/\/exceladvisor.org\/tr\/ortalama-2\/\",\"name\":\"\u25b7 VBA arac\u0131l\u0131\u011f\u0131yla Excel&#39;deki de\u011ferlerin ortalamas\u0131 nas\u0131l al\u0131n\u0131r?\",\"isPartOf\":{\"@id\":\"https:\/\/exceladvisor.org\/tr\/#website\"},\"primaryImageOfPage\":{\"@id\":\"https:\/\/exceladvisor.org\/tr\/ortalama-2\/#primaryimage\"},\"image\":{\"@id\":\"https:\/\/exceladvisor.org\/tr\/ortalama-2\/#primaryimage\"},\"thumbnailUrl\":\"https:\/\/exceladvisor.org\/wp-content\/uploads\/2023\/08\/1-moyenne-en-vba-en-utilisant-la-fonction-de-feuille-de-calcul.png\",\"datePublished\":\"2023-09-28T22:14:48+00:00\",\"dateModified\":\"2023-12-10T06:04:55+00:00\",\"description\":\"Excel&#39;de, bir h\u00fccre aral\u0131\u011f\u0131ndaki veya birden \u00e7ok aral\u0131ktaki de\u011ferlerin ortalamas\u0131n\u0131 hesaplamak i\u00e7in VBA&#39;y\u0131 kullanabilirsiniz. Ve bu e\u011fitimde\",\"breadcrumb\":{\"@id\":\"https:\/\/exceladvisor.org\/tr\/ortalama-2\/#breadcrumb\"},\"inLanguage\":\"tr\",\"potentialAction\":[{\"@type\":\"ReadAction\",\"target\":[\"https:\/\/exceladvisor.org\/tr\/ortalama-2\/\"]}]},{\"@type\":\"ImageObject\",\"inLanguage\":\"tr\",\"@id\":\"https:\/\/exceladvisor.org\/tr\/ortalama-2\/#primaryimage\",\"url\":\"https:\/\/exceladvisor.org\/wp-content\/uploads\/2023\/08\/1-moyenne-en-vba-en-utilisant-la-fonction-de-feuille-de-calcul.png\",\"contentUrl\":\"https:\/\/exceladvisor.org\/wp-content\/uploads\/2023\/08\/1-moyenne-en-vba-en-utilisant-la-fonction-de-feuille-de-calcul.png\"},{\"@type\":\"BreadcrumbList\",\"@id\":\"https:\/\/exceladvisor.org\/tr\/ortalama-2\/#breadcrumb\",\"itemListElement\":[{\"@type\":\"ListItem\",\"position\":1,\"name\":\"Ev\",\"item\":\"https:\/\/exceladvisor.org\/tr\/\"},{\"@type\":\"ListItem\",\"position\":2,\"name\":\"Vba arac\u0131l\u0131\u011f\u0131yla excel&#39;deki de\u011ferlerin ortalamas\u0131 nas\u0131l al\u0131n\u0131r?\"}]},{\"@type\":\"WebSite\",\"@id\":\"https:\/\/exceladvisor.org\/tr\/#website\",\"url\":\"https:\/\/exceladvisor.org\/tr\/\",\"name\":\"Excel Advisor\",\"description\":\"Veri hakimiyetine y\u00f6nelik nihai rehberiniz!\",\"publisher\":{\"@id\":\"https:\/\/exceladvisor.org\/tr\/#organization\"},\"potentialAction\":[{\"@type\":\"SearchAction\",\"target\":{\"@type\":\"EntryPoint\",\"urlTemplate\":\"https:\/\/exceladvisor.org\/tr\/?s={search_term_string}\"},\"query-input\":{\"@type\":\"PropertyValueSpecification\",\"valueRequired\":true,\"valueName\":\"search_term_string\"}}],\"inLanguage\":\"tr\"},{\"@type\":\"Organization\",\"@id\":\"https:\/\/exceladvisor.org\/tr\/#organization\",\"name\":\"Excel Advisor\",\"url\":\"https:\/\/exceladvisor.org\/tr\/\",\"logo\":{\"@type\":\"ImageObject\",\"inLanguage\":\"tr\",\"@id\":\"https:\/\/exceladvisor.org\/tr\/#\/schema\/logo\/image\/\",\"url\":\"https:\/\/exceladvisor.org\/tr\/wp-content\/uploads\/2023\/12\/exceladvisor.org_.png\",\"contentUrl\":\"https:\/\/exceladvisor.org\/tr\/wp-content\/uploads\/2023\/12\/exceladvisor.org_.png\",\"width\":105,\"height\":36,\"caption\":\"Excel Advisor\"},\"image\":{\"@id\":\"https:\/\/exceladvisor.org\/tr\/#\/schema\/logo\/image\/\"}}]}<\/script>\n<!-- \/ Yoast SEO plugin. -->","yoast_head_json":{"title":"\u25b7 VBA arac\u0131l\u0131\u011f\u0131yla Excel&#39;deki de\u011ferlerin ortalamas\u0131 nas\u0131l al\u0131n\u0131r?","description":"Excel&#39;de, bir h\u00fccre aral\u0131\u011f\u0131ndaki veya birden \u00e7ok aral\u0131ktaki de\u011ferlerin ortalamas\u0131n\u0131 hesaplamak i\u00e7in VBA&#39;y\u0131 kullanabilirsiniz. Ve bu e\u011fitimde","robots":{"index":"index","follow":"follow","max-snippet":"max-snippet:-1","max-image-preview":"max-image-preview:large","max-video-preview":"max-video-preview:-1"},"canonical":"https:\/\/exceladvisor.org\/tr\/ortalama-2\/","og_locale":"tr_TR","og_type":"article","og_title":"\u25b7 VBA arac\u0131l\u0131\u011f\u0131yla Excel&#39;deki de\u011ferlerin ortalamas\u0131 nas\u0131l al\u0131n\u0131r?","og_description":"Excel&#39;de, bir h\u00fccre aral\u0131\u011f\u0131ndaki veya birden \u00e7ok aral\u0131ktaki de\u011ferlerin ortalamas\u0131n\u0131 hesaplamak i\u00e7in VBA&#39;y\u0131 kullanabilirsiniz. Ve bu e\u011fitimde","og_url":"https:\/\/exceladvisor.org\/tr\/ortalama-2\/","og_site_name":"Excel Advisor","article_modified_time":"2023-12-10T06:04:55+00:00","og_image":[{"url":"https:\/\/exceladvisor.org\/wp-content\/uploads\/2023\/08\/1-moyenne-en-vba-en-utilisant-la-fonction-de-feuille-de-calcul.png","type":"","width":"","height":""}],"twitter_card":"summary_large_image","twitter_misc":{"Tahmini okuma s\u00fcresi":"3 dakika"},"schema":{"@context":"https:\/\/schema.org","@graph":[{"@type":"WebPage","@id":"https:\/\/exceladvisor.org\/tr\/ortalama-2\/","url":"https:\/\/exceladvisor.org\/tr\/ortalama-2\/","name":"\u25b7 VBA arac\u0131l\u0131\u011f\u0131yla Excel&#39;deki de\u011ferlerin ortalamas\u0131 nas\u0131l al\u0131n\u0131r?","isPartOf":{"@id":"https:\/\/exceladvisor.org\/tr\/#website"},"primaryImageOfPage":{"@id":"https:\/\/exceladvisor.org\/tr\/ortalama-2\/#primaryimage"},"image":{"@id":"https:\/\/exceladvisor.org\/tr\/ortalama-2\/#primaryimage"},"thumbnailUrl":"https:\/\/exceladvisor.org\/wp-content\/uploads\/2023\/08\/1-moyenne-en-vba-en-utilisant-la-fonction-de-feuille-de-calcul.png","datePublished":"2023-09-28T22:14:48+00:00","dateModified":"2023-12-10T06:04:55+00:00","description":"Excel&#39;de, bir h\u00fccre aral\u0131\u011f\u0131ndaki veya birden \u00e7ok aral\u0131ktaki de\u011ferlerin ortalamas\u0131n\u0131 hesaplamak i\u00e7in VBA&#39;y\u0131 kullanabilirsiniz. Ve bu e\u011fitimde","breadcrumb":{"@id":"https:\/\/exceladvisor.org\/tr\/ortalama-2\/#breadcrumb"},"inLanguage":"tr","potentialAction":[{"@type":"ReadAction","target":["https:\/\/exceladvisor.org\/tr\/ortalama-2\/"]}]},{"@type":"ImageObject","inLanguage":"tr","@id":"https:\/\/exceladvisor.org\/tr\/ortalama-2\/#primaryimage","url":"https:\/\/exceladvisor.org\/wp-content\/uploads\/2023\/08\/1-moyenne-en-vba-en-utilisant-la-fonction-de-feuille-de-calcul.png","contentUrl":"https:\/\/exceladvisor.org\/wp-content\/uploads\/2023\/08\/1-moyenne-en-vba-en-utilisant-la-fonction-de-feuille-de-calcul.png"},{"@type":"BreadcrumbList","@id":"https:\/\/exceladvisor.org\/tr\/ortalama-2\/#breadcrumb","itemListElement":[{"@type":"ListItem","position":1,"name":"Ev","item":"https:\/\/exceladvisor.org\/tr\/"},{"@type":"ListItem","position":2,"name":"Vba arac\u0131l\u0131\u011f\u0131yla excel&#39;deki de\u011ferlerin ortalamas\u0131 nas\u0131l al\u0131n\u0131r?"}]},{"@type":"WebSite","@id":"https:\/\/exceladvisor.org\/tr\/#website","url":"https:\/\/exceladvisor.org\/tr\/","name":"Excel Advisor","description":"Veri hakimiyetine y\u00f6nelik nihai rehberiniz!","publisher":{"@id":"https:\/\/exceladvisor.org\/tr\/#organization"},"potentialAction":[{"@type":"SearchAction","target":{"@type":"EntryPoint","urlTemplate":"https:\/\/exceladvisor.org\/tr\/?s={search_term_string}"},"query-input":{"@type":"PropertyValueSpecification","valueRequired":true,"valueName":"search_term_string"}}],"inLanguage":"tr"},{"@type":"Organization","@id":"https:\/\/exceladvisor.org\/tr\/#organization","name":"Excel Advisor","url":"https:\/\/exceladvisor.org\/tr\/","logo":{"@type":"ImageObject","inLanguage":"tr","@id":"https:\/\/exceladvisor.org\/tr\/#\/schema\/logo\/image\/","url":"https:\/\/exceladvisor.org\/tr\/wp-content\/uploads\/2023\/12\/exceladvisor.org_.png","contentUrl":"https:\/\/exceladvisor.org\/tr\/wp-content\/uploads\/2023\/12\/exceladvisor.org_.png","width":105,"height":36,"caption":"Excel Advisor"},"image":{"@id":"https:\/\/exceladvisor.org\/tr\/#\/schema\/logo\/image\/"}}]}},"yoast_meta":{"yoast_wpseo_title":"","yoast_wpseo_metadesc":"","yoast_wpseo_canonical":""},"_links":{"self":[{"href":"https:\/\/exceladvisor.org\/tr\/wp-json\/wp\/v2\/pages\/2145","targetHints":{"allow":["GET"]}}],"collection":[{"href":"https:\/\/exceladvisor.org\/tr\/wp-json\/wp\/v2\/pages"}],"about":[{"href":"https:\/\/exceladvisor.org\/tr\/wp-json\/wp\/v2\/types\/page"}],"author":[{"embeddable":true,"href":"https:\/\/exceladvisor.org\/tr\/wp-json\/wp\/v2\/users\/1"}],"replies":[{"embeddable":true,"href":"https:\/\/exceladvisor.org\/tr\/wp-json\/wp\/v2\/comments?post=2145"}],"version-history":[{"count":1,"href":"https:\/\/exceladvisor.org\/tr\/wp-json\/wp\/v2\/pages\/2145\/revisions"}],"predecessor-version":[{"id":2776,"href":"https:\/\/exceladvisor.org\/tr\/wp-json\/wp\/v2\/pages\/2145\/revisions\/2776"}],"wp:attachment":[{"href":"https:\/\/exceladvisor.org\/tr\/wp-json\/wp\/v2\/media?parent=2145"}],"curies":[{"name":"wp","href":"https:\/\/api.w.org\/{rel}","templated":true}]}}