{"id":2146,"date":"2023-09-28T21:57:26","date_gmt":"2023-09-28T21:57:26","guid":{"rendered":"https:\/\/exceladvisor.org\/tr\/giris-alani\/"},"modified":"2023-12-10T06:07:41","modified_gmt":"2023-12-10T06:07:41","slug":"giris-alani","status":"publish","type":"page","link":"https:\/\/exceladvisor.org\/tr\/giris-alani\/","title":{"rendered":"Vba&#39;da giri\u015f kutusu nas\u0131l kullan\u0131l\u0131r?"},"content":{"rendered":"<div class=\"excel-icerikten-once\" id=\"excel-445957863\"><script type=\"text\/javascript\">\r\n\tatOptions = {\r\n\t\t'key' : 'c1158f160081d6540a8409e6925dab94',\r\n\t\t'format' : 'iframe',\r\n\t\t'height' : 250,\r\n\t\t'width' : 300,\r\n\t\t'params' : {}\r\n\t};\r\n<\/script>\r\n<script type=\"text\/javascript\" src=\"\/\/www.highperformanceformat.com\/c1158f160081d6540a8409e6925dab94\/invoke.js\"><\/script><\/div> <p>Ad\u0131ndan da anla\u015f\u0131laca\u011f\u0131 gibi Giri\u015f Kutusu, kullan\u0131c\u0131ya bir giri\u015f kutusu g\u00f6r\u00fcnt\u00fcleyen ve yan\u0131t toplayan bir i\u015flevdir.<\/p><p> Ad\u0131n\u0131z\u0131 soran bir giri\u015f kutusunun ve onu girmek i\u00e7in bir giri\u015f kutusunun bulundu\u011fu a\u015fa\u011f\u0131daki \u00f6rne\u011fe bak\u0131n. Mesaj \u00e7ubu\u011funa benzeyen ba\u015fl\u0131k \u00e7ubu\u011funa bakt\u0131\u011f\u0131n\u0131zda &#8220;Ad girin&#8221; yazan bir ba\u015fl\u0131k ve mesajda &#8220;Ad\u0131n\u0131z nedir?&#8221; yazan bir ba\u015fl\u0131k g\u00f6r\u00fcyoruz. &#8220;. <\/p><div class=\"wp-block-image\"><figure class=\"aligncenter size-full is-resized\"><img loading=\"lazy\" decoding=\"async\" class=\"wp-image-62133\" src=\"https:\/\/exceladvisor.org\/wp-content\/uploads\/2023\/08\/1-champ-de-saisie-en-vba.png\" sizes=\"auto, \" srcset=\"\" alt=\"vba'daki giri\u015f kutusu\" width=\"517\" height=\"224\"><\/figure><\/div><p> \u0130\u015fte VBA giri\u015f kutusunun s\u00f6zdizimi: <\/p><div class=\"wp-block-image\"><figure class=\"aligncenter size-full is-resized\"><img loading=\"lazy\" decoding=\"async\" class=\"wp-image-62134\" src=\"https:\/\/exceladvisor.org\/wp-content\/uploads\/2023\/08\/2-syntaxe-de-la-zone-de-saisie-vba.png\" sizes=\"auto, \" srcset=\"\" alt=\"vba-giri\u015f kutusu-s\u00f6zdizimi\" width=\"684\" height=\"119\"><\/figure><\/div><p> Giri\u015f Kutusu(\u0130stem[Ba\u015fl\u0131k][Varsay\u0131lan][Sol][\u00dcst][Yard\u0131mDosyas\u0131, Yard\u0131mBa\u011flamKimli\u011fi][T\u00fcr])<\/p><ol type=\"1\"><li> <strong>\u0130stem<\/strong> : \u0130stemde, giri\u015f kutusunda g\u00f6r\u00fcnt\u00fclenmesini istedi\u011finiz mesaj\u0131 belirtebilirsiniz. Burada maksimum 1024 karakter kullanabilirsiniz.<\/li><li> <strong>[Title]<\/strong> : Giri\u015f alan\u0131n\u0131n ba\u015fl\u0131k \u00e7ubu\u011funda g\u00f6r\u00fcnt\u00fclenen bir dize. Ba\u015fl\u0131\u011f\u0131 g\u00f6rmezden gelirseniz uygulama ad\u0131 ba\u015fl\u0131k \u00e7ubu\u011funa yerle\u015ftirilecektir.<\/li><li> <strong>[Varsay\u0131lan]<\/strong> : Bu, varsay\u0131lan giri\u015f \u00e7ubu\u011funda kullan\u0131c\u0131ya g\u00f6sterilmesini istedi\u011finiz varsay\u0131lan metindir.<\/li><li> <strong>[XPos]<\/strong> : Ekran\u0131n sol taraf\u0131ndan yatay olarak istem mesafesini temsil eden (X ekseni konumu) bir say\u0131d\u0131r ve bo\u015f b\u0131rak\u0131l\u0131rsa giri\u015f alan\u0131 yatay olarak ortalan\u0131r.<\/li><li> <strong>[YPos]<\/strong> : Ekran\u0131n sol taraf\u0131ndan yatay olarak istem mesafesini (Y ekseni konumu) temsil eden bir say\u0131d\u0131r ve bo\u015f b\u0131rak\u0131l\u0131rsa giri\u015f alan\u0131 yatay olarak ortalan\u0131r.<\/li><li> <strong>[Yard\u0131m dosyas\u0131]<\/strong> : Kullan\u0131c\u0131 i\u00e7in bir yard\u0131m dosyas\u0131 belirtmek i\u00e7in. Kullan\u0131c\u0131 bu yard\u0131m dosyas\u0131na yard\u0131m butonunu kullanarak eri\u015febilir.<\/li><li> <strong>[ba\u011flam]<\/strong> : Atanan yard\u0131m ba\u011flam\u0131 numaras\u0131n\u0131 tan\u0131mlayan say\u0131sal bir ifade ve ba\u011flam sa\u011flanm\u0131\u015fsa bir yard\u0131m dosyas\u0131n\u0131n da sa\u011flanmas\u0131 gerekir.<\/li><\/ol><p> K\u00f6\u015feli parantez i\u00e7indeki t\u00fcm ba\u011f\u0131ms\u0131z de\u011fi\u015fkenler iste\u011fe ba\u011fl\u0131d\u0131r, e\u011fer bunlardan herhangi birini g\u00f6z ard\u0131 ederseniz yine de giri\u015f kutusu i\u015flevini kullanabilirsiniz ancak \u00e7o\u011fu durumda ilk \u00fc\u00e7 ba\u011f\u0131ms\u0131z de\u011fi\u015fkenden fazlas\u0131n\u0131 kullanman\u0131za gerek kalmaz.<\/p><h2 class=\"wp-block-heading\"> VBA kodunda giri\u015f kutusu nas\u0131l kullan\u0131l\u0131r?<\/h2><ol type=\"1\"><li> \u201cInputBox\u201d yaz\u0131n ve bir bo\u015fluk girin; ayarlaman\u0131z gereken arg\u00fcmanlar i\u00e7in bir ara\u00e7 elde edeceksiniz.<\/li><li> Kullan\u0131c\u0131ya g\u00f6stermek istedi\u011finiz \u201c\u0130stem\u201d mesaj\u0131n\u0131 belirtin.<\/li><li> Giri\u015f kutusu i\u00e7in bir ba\u015fl\u0131k belirleyin, aksi takdirde varsay\u0131lan ba\u015fl\u0131k g\u00f6sterilecektir.<\/li><li> Varsay\u0131lan giri\u015f \u00e7ubu\u011funda olmas\u0131n\u0131 istedi\u011finiz metni belirtin. <\/li><\/ol><div class=\"wp-block-image\"><figure class=\"aligncenter size-full is-resized\"><img loading=\"lazy\" decoding=\"async\" class=\"alignnone wp-image-12601 size-large\" src=\"https:\/\/exceladvisor.org\/wp-content\/uploads\/2023\/11\/utiliser-la-boite-de-saisie-via-vba-1024x490.png\" alt=\"vba arac\u0131l\u0131\u011f\u0131yla giri\u015f kutusunu kullan\u0131n\" width=\"678\" height=\"324\" srcset=\"https:\/\/exceladvisor.org\/wp-content\/uploads\/2023\/11\/utiliser-la-boite-de-saisie-via-vba-1024x490.png 1024w, https:\/\/exceladvisor.org\/wp-content\/uploads\/2023\/11\/utiliser-la-boite-de-saisie-via-vba-300x144.png 300w, https:\/\/exceladvisor.org\/wp-content\/uploads\/2023\/11\/utiliser-la-boite-de-saisie-via-vba-768x368.png 768w, https:\/\/exceladvisor.org\/wp-content\/uploads\/2023\/11\/utiliser-la-boite-de-saisie-via-vba.png 1260w\" sizes=\"auto, (max-width: 678px) 100vw, 678px\"><\/figure><\/div><p> Bu kodu \u00e7al\u0131\u015ft\u0131rd\u0131\u011f\u0131n\u0131zda size \u015f\u00f6yle bir giri\u015f kutusu g\u00f6sterilecektir: <\/p><div class=\"wp-block-image\"><figure class=\"aligncenter size-full is-resized\"><img loading=\"lazy\" decoding=\"async\" class=\"wp-image-62136\" src=\"https:\/\/exceladvisor.org\/wp-content\/uploads\/2023\/08\/Code-de-boite-de-saisie-a-4-executions.png\" sizes=\"auto, \" srcset=\"\" alt=\"\u00e7al\u0131\u015ft\u0131rma-giri\u015f-kutusu-kodu\" width=\"504\" height=\"218\"><\/figure><\/div><h2 class=\"wp-block-heading\"> Excel&#8217;de VBA giri\u015f kutusunu kullanma \u00f6rne\u011fi<\/h2><p> Ger\u00e7ek d\u00fcnyada bir giri\u015f kutusunu nas\u0131l kullanabilece\u011finizi merak ediyor olabilirsiniz. A\u015fa\u011f\u0131daki \u00f6rnekte basit ama g\u00fc\u00e7l\u00fc bir \u00f6rnek payla\u015ft\u0131m.<\/p><pre class=\"wp-block-code\"> <code class=\"language-visual-basic\" lang=\"visual-basic\">Sub vba_input_box() 'variable to store the count of rows. Dim iRow As Long 'get the count cells that are filled iRow = WorksheetFunction.CountA(Range(\"A:A\")) 'get to the next blank cell in column A Cells(iRow + 1, 1).Select 'enter the value from the input box into the active cell ActiveCell = InputBox(\"What is your name?\", \"Enter Name\") End Sub<\/code><\/pre><p> Yukar\u0131daki kod, A s\u00fctununa ismi ard\u0131 ard\u0131na girer. S\u00fctundaki dolu h\u00fccreleri sayar ve bir sonraki bo\u015f h\u00fccreye ge\u00e7er. Daha sonra giri\u015f kutusundan de\u011feri al\u0131p buraya girin. <\/p><div class=\"wp-block-image\"><figure class=\"aligncenter size-full is-resized\"><img loading=\"lazy\" decoding=\"async\" class=\"wp-image-62137\" src=\"https:\/\/exceladvisor.org\/wp-content\/uploads\/2023\/08\/5-exemple-dutilisation-de-la-zone-de-saisie-vba.png\" sizes=\"auto, \" srcset=\"\" alt=\"vba giri\u015f kutusunu kullanma \u00f6rne\u011fi\" width=\"674\" height=\"403\"><\/figure><\/div><div class=\"gb-container gb-container-4db6181c gb-container-mt\"> <a class=\"gb-button gb-button-c5897111 gb-button-text gb-button-mt-button\" href=\"https:\/\/exceladvisor.org\/tr\/vba\/\">VBA nedir<\/a><h2 class=\"gb-headline gb-headline-665e5f6b gb-headline-text gb-headline-mt-heading\"> \u0130lgili e\u011fitimler <\/h2><div class=\"gb-grid-wrapper gb-grid-wrapper-a20baf7c gb-grid-wrapper-mt-grid\"><div class=\"gb-grid-column gb-grid-column-65ddf67e\"><div class=\"gb-container gb-container-65ddf67e\"><ul><li> <a href=\"https:\/\/exceladvisor.org\/tr\/yinelenen-degerleri-vurgula\/\">VBA&#8217;y\u0131 kullanarak yinelenen de\u011ferleri vurgulay\u0131n<\/a><\/li><li> <a href=\"https:\/\/exceladvisor.org\/tr\/kopru-baglantisini-cikar\/\">K\u00f6pr\u00fc adresini (URL) VBA&#8217;dan \u00e7\u0131kar\u0131n<\/a><\/li><li> <a href=\"https:\/\/exceladvisor.org\/tr\/metin-dosyalari\/\">VBA bir metin dosyas\u0131 olu\u015fturma ve yazma<\/a><\/li><li> <a href=\"https:\/\/exceladvisor.org\/tr\/ekran-guncellemesi\/\">VBA Ekran G\u00fcncellemesi<\/a><\/li><li> <a href=\"https:\/\/exceladvisor.org\/tr\/durum-cubugu-1\/\">VBA durum \u00e7ubu\u011fu (gizle, g\u00f6ster ve ilerleme)<\/a> <\/li><\/ul><\/div><\/div><div class=\"gb-grid-column gb-grid-column-50067b57\"><div class=\"gb-container gb-container-50067b57\"><\/div><\/div><\/div><\/div>","protected":false},"excerpt":{"rendered":"","protected":false},"author":1,"featured_media":0,"parent":0,"menu_order":0,"comment_status":"open","ping_status":"closed","template":"","meta":{"ub_ctt_via":"","footnotes":""},"class_list":["post-2146","page","type-page","status-publish","hentry"],"featured_image_src":null,"yoast_head":"<!-- This site is optimized with the Yoast SEO plugin v25.4 - https:\/\/yoast.com\/wordpress\/plugins\/seo\/ -->\n<title>VBA&#039;da giri\u015f kutusu nas\u0131l kullan\u0131l\u0131r? - Excel Dan\u0131\u015fman\u0131<\/title>\n<meta name=\"description\" content=\"Ad\u0131ndan da anla\u015f\u0131laca\u011f\u0131 gibi Giri\u015f Kutusu, kullan\u0131c\u0131ya bir giri\u015f kutusu g\u00f6r\u00fcnt\u00fcleyen ve yan\u0131t toplayan bir i\u015flevdir.\" \/>\n<meta name=\"robots\" content=\"index, follow, max-snippet:-1, max-image-preview:large, max-video-preview:-1\" \/>\n<link rel=\"canonical\" href=\"https:\/\/exceladvisor.org\/tr\/giris-alani\/\" \/>\n<meta property=\"og:locale\" content=\"tr_TR\" \/>\n<meta property=\"og:type\" content=\"article\" \/>\n<meta property=\"og:title\" content=\"VBA&#039;da giri\u015f kutusu nas\u0131l kullan\u0131l\u0131r? - Excel Dan\u0131\u015fman\u0131\" \/>\n<meta property=\"og:description\" content=\"Ad\u0131ndan da anla\u015f\u0131laca\u011f\u0131 gibi Giri\u015f Kutusu, kullan\u0131c\u0131ya bir giri\u015f kutusu g\u00f6r\u00fcnt\u00fcleyen ve yan\u0131t toplayan bir i\u015flevdir.\" \/>\n<meta property=\"og:url\" content=\"https:\/\/exceladvisor.org\/tr\/giris-alani\/\" \/>\n<meta property=\"og:site_name\" content=\"Excel Advisor\" \/>\n<meta property=\"article:modified_time\" content=\"2023-12-10T06:07:41+00:00\" \/>\n<meta property=\"og:image\" content=\"https:\/\/exceladvisor.org\/wp-content\/uploads\/2023\/08\/1-champ-de-saisie-en-vba.png\" \/>\n<meta name=\"twitter:card\" content=\"summary_large_image\" \/>\n<meta name=\"twitter:label1\" content=\"Tahmini okuma s\u00fcresi\" \/>\n\t<meta name=\"twitter:data1\" content=\"3 dakika\" \/>\n<script type=\"application\/ld+json\" class=\"yoast-schema-graph\">{\"@context\":\"https:\/\/schema.org\",\"@graph\":[{\"@type\":\"WebPage\",\"@id\":\"https:\/\/exceladvisor.org\/tr\/giris-alani\/\",\"url\":\"https:\/\/exceladvisor.org\/tr\/giris-alani\/\",\"name\":\"VBA&#39;da giri\u015f kutusu nas\u0131l kullan\u0131l\u0131r? - Excel Dan\u0131\u015fman\u0131\",\"isPartOf\":{\"@id\":\"https:\/\/exceladvisor.org\/tr\/#website\"},\"primaryImageOfPage\":{\"@id\":\"https:\/\/exceladvisor.org\/tr\/giris-alani\/#primaryimage\"},\"image\":{\"@id\":\"https:\/\/exceladvisor.org\/tr\/giris-alani\/#primaryimage\"},\"thumbnailUrl\":\"https:\/\/exceladvisor.org\/wp-content\/uploads\/2023\/08\/1-champ-de-saisie-en-vba.png\",\"datePublished\":\"2023-09-28T21:57:26+00:00\",\"dateModified\":\"2023-12-10T06:07:41+00:00\",\"description\":\"Ad\u0131ndan da anla\u015f\u0131laca\u011f\u0131 gibi Giri\u015f Kutusu, kullan\u0131c\u0131ya bir giri\u015f kutusu g\u00f6r\u00fcnt\u00fcleyen ve yan\u0131t toplayan bir i\u015flevdir.\",\"breadcrumb\":{\"@id\":\"https:\/\/exceladvisor.org\/tr\/giris-alani\/#breadcrumb\"},\"inLanguage\":\"tr\",\"potentialAction\":[{\"@type\":\"ReadAction\",\"target\":[\"https:\/\/exceladvisor.org\/tr\/giris-alani\/\"]}]},{\"@type\":\"ImageObject\",\"inLanguage\":\"tr\",\"@id\":\"https:\/\/exceladvisor.org\/tr\/giris-alani\/#primaryimage\",\"url\":\"https:\/\/exceladvisor.org\/wp-content\/uploads\/2023\/08\/1-champ-de-saisie-en-vba.png\",\"contentUrl\":\"https:\/\/exceladvisor.org\/wp-content\/uploads\/2023\/08\/1-champ-de-saisie-en-vba.png\"},{\"@type\":\"BreadcrumbList\",\"@id\":\"https:\/\/exceladvisor.org\/tr\/giris-alani\/#breadcrumb\",\"itemListElement\":[{\"@type\":\"ListItem\",\"position\":1,\"name\":\"Ev\",\"item\":\"https:\/\/exceladvisor.org\/tr\/\"},{\"@type\":\"ListItem\",\"position\":2,\"name\":\"Vba&#39;da giri\u015f kutusu nas\u0131l kullan\u0131l\u0131r?\"}]},{\"@type\":\"WebSite\",\"@id\":\"https:\/\/exceladvisor.org\/tr\/#website\",\"url\":\"https:\/\/exceladvisor.org\/tr\/\",\"name\":\"Excel Advisor\",\"description\":\"Veri hakimiyetine y\u00f6nelik nihai rehberiniz!\",\"publisher\":{\"@id\":\"https:\/\/exceladvisor.org\/tr\/#organization\"},\"potentialAction\":[{\"@type\":\"SearchAction\",\"target\":{\"@type\":\"EntryPoint\",\"urlTemplate\":\"https:\/\/exceladvisor.org\/tr\/?s={search_term_string}\"},\"query-input\":{\"@type\":\"PropertyValueSpecification\",\"valueRequired\":true,\"valueName\":\"search_term_string\"}}],\"inLanguage\":\"tr\"},{\"@type\":\"Organization\",\"@id\":\"https:\/\/exceladvisor.org\/tr\/#organization\",\"name\":\"Excel Advisor\",\"url\":\"https:\/\/exceladvisor.org\/tr\/\",\"logo\":{\"@type\":\"ImageObject\",\"inLanguage\":\"tr\",\"@id\":\"https:\/\/exceladvisor.org\/tr\/#\/schema\/logo\/image\/\",\"url\":\"https:\/\/exceladvisor.org\/tr\/wp-content\/uploads\/2023\/12\/exceladvisor.org_.png\",\"contentUrl\":\"https:\/\/exceladvisor.org\/tr\/wp-content\/uploads\/2023\/12\/exceladvisor.org_.png\",\"width\":105,\"height\":36,\"caption\":\"Excel Advisor\"},\"image\":{\"@id\":\"https:\/\/exceladvisor.org\/tr\/#\/schema\/logo\/image\/\"}}]}<\/script>\n<!-- \/ Yoast SEO plugin. -->","yoast_head_json":{"title":"VBA&#39;da giri\u015f kutusu nas\u0131l kullan\u0131l\u0131r? - Excel Dan\u0131\u015fman\u0131","description":"Ad\u0131ndan da anla\u015f\u0131laca\u011f\u0131 gibi Giri\u015f Kutusu, kullan\u0131c\u0131ya bir giri\u015f kutusu g\u00f6r\u00fcnt\u00fcleyen ve yan\u0131t toplayan bir i\u015flevdir.","robots":{"index":"index","follow":"follow","max-snippet":"max-snippet:-1","max-image-preview":"max-image-preview:large","max-video-preview":"max-video-preview:-1"},"canonical":"https:\/\/exceladvisor.org\/tr\/giris-alani\/","og_locale":"tr_TR","og_type":"article","og_title":"VBA&#39;da giri\u015f kutusu nas\u0131l kullan\u0131l\u0131r? - Excel Dan\u0131\u015fman\u0131","og_description":"Ad\u0131ndan da anla\u015f\u0131laca\u011f\u0131 gibi Giri\u015f Kutusu, kullan\u0131c\u0131ya bir giri\u015f kutusu g\u00f6r\u00fcnt\u00fcleyen ve yan\u0131t toplayan bir i\u015flevdir.","og_url":"https:\/\/exceladvisor.org\/tr\/giris-alani\/","og_site_name":"Excel Advisor","article_modified_time":"2023-12-10T06:07:41+00:00","og_image":[{"url":"https:\/\/exceladvisor.org\/wp-content\/uploads\/2023\/08\/1-champ-de-saisie-en-vba.png","type":"","width":"","height":""}],"twitter_card":"summary_large_image","twitter_misc":{"Tahmini okuma s\u00fcresi":"3 dakika"},"schema":{"@context":"https:\/\/schema.org","@graph":[{"@type":"WebPage","@id":"https:\/\/exceladvisor.org\/tr\/giris-alani\/","url":"https:\/\/exceladvisor.org\/tr\/giris-alani\/","name":"VBA&#39;da giri\u015f kutusu nas\u0131l kullan\u0131l\u0131r? - Excel Dan\u0131\u015fman\u0131","isPartOf":{"@id":"https:\/\/exceladvisor.org\/tr\/#website"},"primaryImageOfPage":{"@id":"https:\/\/exceladvisor.org\/tr\/giris-alani\/#primaryimage"},"image":{"@id":"https:\/\/exceladvisor.org\/tr\/giris-alani\/#primaryimage"},"thumbnailUrl":"https:\/\/exceladvisor.org\/wp-content\/uploads\/2023\/08\/1-champ-de-saisie-en-vba.png","datePublished":"2023-09-28T21:57:26+00:00","dateModified":"2023-12-10T06:07:41+00:00","description":"Ad\u0131ndan da anla\u015f\u0131laca\u011f\u0131 gibi Giri\u015f Kutusu, kullan\u0131c\u0131ya bir giri\u015f kutusu g\u00f6r\u00fcnt\u00fcleyen ve yan\u0131t toplayan bir i\u015flevdir.","breadcrumb":{"@id":"https:\/\/exceladvisor.org\/tr\/giris-alani\/#breadcrumb"},"inLanguage":"tr","potentialAction":[{"@type":"ReadAction","target":["https:\/\/exceladvisor.org\/tr\/giris-alani\/"]}]},{"@type":"ImageObject","inLanguage":"tr","@id":"https:\/\/exceladvisor.org\/tr\/giris-alani\/#primaryimage","url":"https:\/\/exceladvisor.org\/wp-content\/uploads\/2023\/08\/1-champ-de-saisie-en-vba.png","contentUrl":"https:\/\/exceladvisor.org\/wp-content\/uploads\/2023\/08\/1-champ-de-saisie-en-vba.png"},{"@type":"BreadcrumbList","@id":"https:\/\/exceladvisor.org\/tr\/giris-alani\/#breadcrumb","itemListElement":[{"@type":"ListItem","position":1,"name":"Ev","item":"https:\/\/exceladvisor.org\/tr\/"},{"@type":"ListItem","position":2,"name":"Vba&#39;da giri\u015f kutusu nas\u0131l kullan\u0131l\u0131r?"}]},{"@type":"WebSite","@id":"https:\/\/exceladvisor.org\/tr\/#website","url":"https:\/\/exceladvisor.org\/tr\/","name":"Excel Advisor","description":"Veri hakimiyetine y\u00f6nelik nihai rehberiniz!","publisher":{"@id":"https:\/\/exceladvisor.org\/tr\/#organization"},"potentialAction":[{"@type":"SearchAction","target":{"@type":"EntryPoint","urlTemplate":"https:\/\/exceladvisor.org\/tr\/?s={search_term_string}"},"query-input":{"@type":"PropertyValueSpecification","valueRequired":true,"valueName":"search_term_string"}}],"inLanguage":"tr"},{"@type":"Organization","@id":"https:\/\/exceladvisor.org\/tr\/#organization","name":"Excel Advisor","url":"https:\/\/exceladvisor.org\/tr\/","logo":{"@type":"ImageObject","inLanguage":"tr","@id":"https:\/\/exceladvisor.org\/tr\/#\/schema\/logo\/image\/","url":"https:\/\/exceladvisor.org\/tr\/wp-content\/uploads\/2023\/12\/exceladvisor.org_.png","contentUrl":"https:\/\/exceladvisor.org\/tr\/wp-content\/uploads\/2023\/12\/exceladvisor.org_.png","width":105,"height":36,"caption":"Excel Advisor"},"image":{"@id":"https:\/\/exceladvisor.org\/tr\/#\/schema\/logo\/image\/"}}]}},"yoast_meta":{"yoast_wpseo_title":"","yoast_wpseo_metadesc":"","yoast_wpseo_canonical":""},"_links":{"self":[{"href":"https:\/\/exceladvisor.org\/tr\/wp-json\/wp\/v2\/pages\/2146","targetHints":{"allow":["GET"]}}],"collection":[{"href":"https:\/\/exceladvisor.org\/tr\/wp-json\/wp\/v2\/pages"}],"about":[{"href":"https:\/\/exceladvisor.org\/tr\/wp-json\/wp\/v2\/types\/page"}],"author":[{"embeddable":true,"href":"https:\/\/exceladvisor.org\/tr\/wp-json\/wp\/v2\/users\/1"}],"replies":[{"embeddable":true,"href":"https:\/\/exceladvisor.org\/tr\/wp-json\/wp\/v2\/comments?post=2146"}],"version-history":[{"count":1,"href":"https:\/\/exceladvisor.org\/tr\/wp-json\/wp\/v2\/pages\/2146\/revisions"}],"predecessor-version":[{"id":2945,"href":"https:\/\/exceladvisor.org\/tr\/wp-json\/wp\/v2\/pages\/2146\/revisions\/2945"}],"wp:attachment":[{"href":"https:\/\/exceladvisor.org\/tr\/wp-json\/wp\/v2\/media?parent=2146"}],"curies":[{"name":"wp","href":"https:\/\/api.w.org\/{rel}","templated":true}]}}