{"id":2147,"date":"2023-09-28T21:42:37","date_gmt":"2023-09-28T21:42:37","guid":{"rendered":"https:\/\/exceladvisor.org\/tr\/mac-2\/"},"modified":"2023-12-10T06:07:39","modified_gmt":"2023-12-10T06:07:39","slug":"mac-2","status":"publish","type":"page","link":"https:\/\/exceladvisor.org\/tr\/mac-2\/","title":{"rendered":"Vba&#39;da e\u015fle\u015fme i\u015flevi nas\u0131l kullan\u0131l\u0131r?"},"content":{"rendered":"<div class=\"excel-icerikten-once\" id=\"excel-471637109\"><script type=\"text\/javascript\">\r\n\tatOptions = {\r\n\t\t'key' : 'c1158f160081d6540a8409e6925dab94',\r\n\t\t'format' : 'iframe',\r\n\t\t'height' : 250,\r\n\t\t'width' : 300,\r\n\t\t'params' : {}\r\n\t};\r\n<\/script>\r\n<script type=\"text\/javascript\" src=\"\/\/www.highperformanceformat.com\/c1158f160081d6540a8409e6925dab94\/invoke.js\"><\/script><\/div> <p>VBA&#8217;da kullanabilece\u011finiz i\u015flevler vard\u0131r ancak MATCH&#8217;e e\u015fde\u011fer herhangi bir i\u015flevi kullanamazs\u0131n\u0131z. Ancak bu fonksiyonlar\u0131 kullanman\u0131n bir yolu var. VBA&#8217;da, bir makroda kullanmak \u00fczere \u00e7al\u0131\u015fma sayfas\u0131 i\u015flevlerine eri\u015fmenize yard\u0131mc\u0131 olabilecek <a href=\"https:\/\/exceladvisor.org\/tr\/elektronik-tablo-islevi\/\">bir WorksheetFunction \u00f6zelli\u011fi<\/a> vard\u0131r.<\/p><h2 class=\"wp-block-heading\"> VBA&#8217;da E\u015fle\u015ftirmeyi Kullanma<\/h2><p> Dedi\u011fim gibi makroda elektronik tablo fonksiyonunu kullanaca\u011f\u0131z ama elektronik tablo fonksiyonunu do\u011fru kulland\u0131\u011f\u0131n\u0131zda dikkat etmeniz gereken bir \u015fey var o da fonksiyondaki arg\u00fcmanlar\u0131n ad\u0131n\u0131 size g\u00f6stermeyecek, dolay\u0131s\u0131yla Ma\u00e7ta belirtmemiz gereken t\u00fcm arg\u00fcmanlar\u0131 kontrol etti\u011finizden emin olun. Referans\u0131n\u0131z i\u00e7in \u00f6rnek \u00e7ekim a\u015fa\u011f\u0131dad\u0131r. <\/p><div class=\"wp-block-image\"><figure class=\"aligncenter size-full is-resized\"><img loading=\"lazy\" decoding=\"async\" class=\"wp-image-62175\" src=\"https:\/\/exceladvisor.org\/wp-content\/uploads\/2023\/08\/1-fonction-de-correspondance-dans-vba.png\" sizes=\"auto, \" srcset=\"\" alt=\"vba'da e\u015fle\u015ftirme i\u015flevi\" width=\"516\" height=\"155\"><\/figure><\/div><p> Burada rastgele say\u0131lar\u0131n bir listesinin oldu\u011fu ve &#8220;943&#8221; say\u0131s\u0131yla e\u015fle\u015fmeniz gereken \u00f6rnek yer almaktad\u0131r. <\/p><div class=\"wp-block-image\"><figure class=\"aligncenter size-full is-resized\"><img loading=\"lazy\" decoding=\"async\" class=\"wp-image-62176\" src=\"https:\/\/exceladvisor.org\/wp-content\/uploads\/2023\/08\/2-numeros-aleatoires.png\" sizes=\"auto, \" srcset=\"\" alt=\"rastgele numaralar\" width=\"171\" height=\"236\"><\/figure><\/div><p> \u015eimdi <a href=\"https:\/\/exceladvisor.org\/tr\/temel-gorsel-duzenleyici\/\">Visual Basic D\u00fczenleyicisini<\/a> a\u00e7\u0131n, yeni bir <a href=\"https:\/\/exceladvisor.org\/tr\/modul\/\">mod\u00fcl<\/a> ekleyin ve a\u015fa\u011f\u0131daki ad\u0131mlar\u0131 izleyin.<\/p><pre class=\"wp-block-code\"> <code class=\"language-visual-basic\" lang=\"visual-basic\">Range(\"B1\") = WorksheetFunction.Match(943, Range(\"A:A\"), 0)<\/code><\/pre><ol type=\"1\"><li> \u00c7al\u0131\u015fma sayfas\u0131 \u00f6zelli\u011fine girin ve i\u015flevlerin listesini almak i\u00e7in bir nokta yaz\u0131n.<\/li><li> E\u015fle\u015ftirme i\u015flevini se\u00e7in veya siz de girebilirsiniz.<\/li><li> Ba\u011f\u0131ms\u0131z de\u011fi\u015fkenleri belirtmek i\u00e7in bir a\u00e7\u0131l\u0131\u015f parantezi yaz\u0131n.<\/li><li> Ba\u011f\u0131ms\u0131z de\u011fi\u015fkenlerde aranacak de\u011feri, incelenecek aral\u0131\u011f\u0131 ve e\u015fleme t\u00fcr\u00fcn\u00fc belirtmeniz gerekir.<\/li><li> Sonunda, i\u015flev sonucunu almak i\u00e7in bir h\u00fccre referans\u0131 kullan\u0131n. <\/li><\/ol><div class=\"wp-block-image\"><figure class=\"aligncenter size-full is-resized\"><img loading=\"lazy\" decoding=\"async\" class=\"wp-image-62177\" src=\"https:\/\/exceladvisor.org\/wp-content\/uploads\/2023\/08\/3-vba-pour-la-fonction-match.png\" sizes=\"auto, \" srcset=\"\" alt=\"vba-e\u015fle\u015fme i\u015flevi\" width=\"672\" height=\"444\"><\/figure><\/div><div class=\"gb-container gb-container-4db6181c gb-container-mt\"> <a class=\"gb-button gb-button-c5897111 gb-button-text gb-button-mt-button\" href=\"https:\/\/exceladvisor.org\/tr\/vba\/\">VBA nedir<\/a><h2 class=\"gb-headline gb-headline-665e5f6b gb-headline-text gb-headline-mt-heading\"> \u0130lgili e\u011fitimler <\/h2><div class=\"gb-grid-wrapper gb-grid-wrapper-a20baf7c gb-grid-wrapper-mt-grid\"><div class=\"gb-grid-column gb-grid-column-65ddf67e\"><div class=\"gb-container gb-container-65ddf67e\"><ul><li> <a href=\"https:\/\/exceladvisor.org\/tr\/ortalama-2\/\">VBA ile Excel&#8217;deki ortalama de\u011ferler<\/a><\/li><li> <a href=\"https:\/\/exceladvisor.org\/tr\/bugunun-tarihi-simdiki-saat\/\">VBA&#8217;y\u0131 kullanarak bug\u00fcn\u00fcn tarihini ve ge\u00e7erli saatini al\u0131n<\/a><\/li><li> <a href=\"https:\/\/exceladvisor.org\/tr\/toplam-1\/\">VBA kullanarak Excel&#8217;deki de\u011ferleri toplay\u0131n<\/a><\/li><li> <a href=\"https:\/\/exceladvisor.org\/tr\/mod-1\/\">VBA&#8217;da MOD<\/a><\/li><li> <a href=\"https:\/\/exceladvisor.org\/tr\/elektronik-tablo-islevi\/\">VBA elektronik tablo i\u015flevi<\/a><\/li><\/ul><\/div><\/div><\/div><\/div>","protected":false},"excerpt":{"rendered":"","protected":false},"author":1,"featured_media":0,"parent":0,"menu_order":0,"comment_status":"open","ping_status":"closed","template":"","meta":{"ub_ctt_via":"","footnotes":""},"class_list":["post-2147","page","type-page","status-publish","hentry"],"featured_image_src":null,"yoast_head":"<!-- This site is optimized with the Yoast SEO plugin v25.4 - https:\/\/yoast.com\/wordpress\/plugins\/seo\/ -->\n<title>VBA&#039;da e\u015fle\u015fme i\u015flevi nas\u0131l kullan\u0131l\u0131r?<\/title>\n<meta name=\"description\" content=\"VBA&#039;da kullanabilece\u011finiz i\u015flevler vard\u0131r ancak MATCH&#039;e e\u015fde\u011fer herhangi bir i\u015flevi kullanamazs\u0131n\u0131z.\" \/>\n<meta name=\"robots\" content=\"index, follow, max-snippet:-1, max-image-preview:large, max-video-preview:-1\" \/>\n<link rel=\"canonical\" href=\"https:\/\/exceladvisor.org\/tr\/mac-2\/\" \/>\n<meta property=\"og:locale\" content=\"tr_TR\" \/>\n<meta property=\"og:type\" content=\"article\" \/>\n<meta property=\"og:title\" content=\"VBA&#039;da e\u015fle\u015fme i\u015flevi nas\u0131l kullan\u0131l\u0131r?\" \/>\n<meta property=\"og:description\" content=\"VBA&#039;da kullanabilece\u011finiz i\u015flevler vard\u0131r ancak MATCH&#039;e e\u015fde\u011fer herhangi bir i\u015flevi kullanamazs\u0131n\u0131z.\" \/>\n<meta property=\"og:url\" content=\"https:\/\/exceladvisor.org\/tr\/mac-2\/\" \/>\n<meta property=\"og:site_name\" content=\"Excel Advisor\" \/>\n<meta property=\"article:modified_time\" content=\"2023-12-10T06:07:39+00:00\" \/>\n<meta property=\"og:image\" content=\"https:\/\/exceladvisor.org\/wp-content\/uploads\/2023\/08\/1-fonction-de-correspondance-dans-vba.png\" \/>\n<meta name=\"twitter:card\" content=\"summary_large_image\" \/>\n<meta name=\"twitter:label1\" content=\"Tahmini okuma s\u00fcresi\" \/>\n\t<meta name=\"twitter:data1\" content=\"1 dakika\" \/>\n<script type=\"application\/ld+json\" class=\"yoast-schema-graph\">{\"@context\":\"https:\/\/schema.org\",\"@graph\":[{\"@type\":\"WebPage\",\"@id\":\"https:\/\/exceladvisor.org\/tr\/mac-2\/\",\"url\":\"https:\/\/exceladvisor.org\/tr\/mac-2\/\",\"name\":\"VBA&#39;da e\u015fle\u015fme i\u015flevi nas\u0131l kullan\u0131l\u0131r?\",\"isPartOf\":{\"@id\":\"https:\/\/exceladvisor.org\/tr\/#website\"},\"primaryImageOfPage\":{\"@id\":\"https:\/\/exceladvisor.org\/tr\/mac-2\/#primaryimage\"},\"image\":{\"@id\":\"https:\/\/exceladvisor.org\/tr\/mac-2\/#primaryimage\"},\"thumbnailUrl\":\"https:\/\/exceladvisor.org\/wp-content\/uploads\/2023\/08\/1-fonction-de-correspondance-dans-vba.png\",\"datePublished\":\"2023-09-28T21:42:37+00:00\",\"dateModified\":\"2023-12-10T06:07:39+00:00\",\"description\":\"VBA&#39;da kullanabilece\u011finiz i\u015flevler vard\u0131r ancak MATCH&#39;e e\u015fde\u011fer herhangi bir i\u015flevi kullanamazs\u0131n\u0131z.\",\"breadcrumb\":{\"@id\":\"https:\/\/exceladvisor.org\/tr\/mac-2\/#breadcrumb\"},\"inLanguage\":\"tr\",\"potentialAction\":[{\"@type\":\"ReadAction\",\"target\":[\"https:\/\/exceladvisor.org\/tr\/mac-2\/\"]}]},{\"@type\":\"ImageObject\",\"inLanguage\":\"tr\",\"@id\":\"https:\/\/exceladvisor.org\/tr\/mac-2\/#primaryimage\",\"url\":\"https:\/\/exceladvisor.org\/wp-content\/uploads\/2023\/08\/1-fonction-de-correspondance-dans-vba.png\",\"contentUrl\":\"https:\/\/exceladvisor.org\/wp-content\/uploads\/2023\/08\/1-fonction-de-correspondance-dans-vba.png\"},{\"@type\":\"BreadcrumbList\",\"@id\":\"https:\/\/exceladvisor.org\/tr\/mac-2\/#breadcrumb\",\"itemListElement\":[{\"@type\":\"ListItem\",\"position\":1,\"name\":\"Ev\",\"item\":\"https:\/\/exceladvisor.org\/tr\/\"},{\"@type\":\"ListItem\",\"position\":2,\"name\":\"Vba&#39;da e\u015fle\u015fme i\u015flevi nas\u0131l kullan\u0131l\u0131r?\"}]},{\"@type\":\"WebSite\",\"@id\":\"https:\/\/exceladvisor.org\/tr\/#website\",\"url\":\"https:\/\/exceladvisor.org\/tr\/\",\"name\":\"Excel Advisor\",\"description\":\"Veri hakimiyetine y\u00f6nelik nihai rehberiniz!\",\"publisher\":{\"@id\":\"https:\/\/exceladvisor.org\/tr\/#organization\"},\"potentialAction\":[{\"@type\":\"SearchAction\",\"target\":{\"@type\":\"EntryPoint\",\"urlTemplate\":\"https:\/\/exceladvisor.org\/tr\/?s={search_term_string}\"},\"query-input\":{\"@type\":\"PropertyValueSpecification\",\"valueRequired\":true,\"valueName\":\"search_term_string\"}}],\"inLanguage\":\"tr\"},{\"@type\":\"Organization\",\"@id\":\"https:\/\/exceladvisor.org\/tr\/#organization\",\"name\":\"Excel Advisor\",\"url\":\"https:\/\/exceladvisor.org\/tr\/\",\"logo\":{\"@type\":\"ImageObject\",\"inLanguage\":\"tr\",\"@id\":\"https:\/\/exceladvisor.org\/tr\/#\/schema\/logo\/image\/\",\"url\":\"https:\/\/exceladvisor.org\/tr\/wp-content\/uploads\/2023\/12\/exceladvisor.org_.png\",\"contentUrl\":\"https:\/\/exceladvisor.org\/tr\/wp-content\/uploads\/2023\/12\/exceladvisor.org_.png\",\"width\":105,\"height\":36,\"caption\":\"Excel Advisor\"},\"image\":{\"@id\":\"https:\/\/exceladvisor.org\/tr\/#\/schema\/logo\/image\/\"}}]}<\/script>\n<!-- \/ Yoast SEO plugin. -->","yoast_head_json":{"title":"VBA&#39;da e\u015fle\u015fme i\u015flevi nas\u0131l kullan\u0131l\u0131r?","description":"VBA&#39;da kullanabilece\u011finiz i\u015flevler vard\u0131r ancak MATCH&#39;e e\u015fde\u011fer herhangi bir i\u015flevi kullanamazs\u0131n\u0131z.","robots":{"index":"index","follow":"follow","max-snippet":"max-snippet:-1","max-image-preview":"max-image-preview:large","max-video-preview":"max-video-preview:-1"},"canonical":"https:\/\/exceladvisor.org\/tr\/mac-2\/","og_locale":"tr_TR","og_type":"article","og_title":"VBA&#39;da e\u015fle\u015fme i\u015flevi nas\u0131l kullan\u0131l\u0131r?","og_description":"VBA&#39;da kullanabilece\u011finiz i\u015flevler vard\u0131r ancak MATCH&#39;e e\u015fde\u011fer herhangi bir i\u015flevi kullanamazs\u0131n\u0131z.","og_url":"https:\/\/exceladvisor.org\/tr\/mac-2\/","og_site_name":"Excel Advisor","article_modified_time":"2023-12-10T06:07:39+00:00","og_image":[{"url":"https:\/\/exceladvisor.org\/wp-content\/uploads\/2023\/08\/1-fonction-de-correspondance-dans-vba.png","type":"","width":"","height":""}],"twitter_card":"summary_large_image","twitter_misc":{"Tahmini okuma s\u00fcresi":"1 dakika"},"schema":{"@context":"https:\/\/schema.org","@graph":[{"@type":"WebPage","@id":"https:\/\/exceladvisor.org\/tr\/mac-2\/","url":"https:\/\/exceladvisor.org\/tr\/mac-2\/","name":"VBA&#39;da e\u015fle\u015fme i\u015flevi nas\u0131l kullan\u0131l\u0131r?","isPartOf":{"@id":"https:\/\/exceladvisor.org\/tr\/#website"},"primaryImageOfPage":{"@id":"https:\/\/exceladvisor.org\/tr\/mac-2\/#primaryimage"},"image":{"@id":"https:\/\/exceladvisor.org\/tr\/mac-2\/#primaryimage"},"thumbnailUrl":"https:\/\/exceladvisor.org\/wp-content\/uploads\/2023\/08\/1-fonction-de-correspondance-dans-vba.png","datePublished":"2023-09-28T21:42:37+00:00","dateModified":"2023-12-10T06:07:39+00:00","description":"VBA&#39;da kullanabilece\u011finiz i\u015flevler vard\u0131r ancak MATCH&#39;e e\u015fde\u011fer herhangi bir i\u015flevi kullanamazs\u0131n\u0131z.","breadcrumb":{"@id":"https:\/\/exceladvisor.org\/tr\/mac-2\/#breadcrumb"},"inLanguage":"tr","potentialAction":[{"@type":"ReadAction","target":["https:\/\/exceladvisor.org\/tr\/mac-2\/"]}]},{"@type":"ImageObject","inLanguage":"tr","@id":"https:\/\/exceladvisor.org\/tr\/mac-2\/#primaryimage","url":"https:\/\/exceladvisor.org\/wp-content\/uploads\/2023\/08\/1-fonction-de-correspondance-dans-vba.png","contentUrl":"https:\/\/exceladvisor.org\/wp-content\/uploads\/2023\/08\/1-fonction-de-correspondance-dans-vba.png"},{"@type":"BreadcrumbList","@id":"https:\/\/exceladvisor.org\/tr\/mac-2\/#breadcrumb","itemListElement":[{"@type":"ListItem","position":1,"name":"Ev","item":"https:\/\/exceladvisor.org\/tr\/"},{"@type":"ListItem","position":2,"name":"Vba&#39;da e\u015fle\u015fme i\u015flevi nas\u0131l kullan\u0131l\u0131r?"}]},{"@type":"WebSite","@id":"https:\/\/exceladvisor.org\/tr\/#website","url":"https:\/\/exceladvisor.org\/tr\/","name":"Excel Advisor","description":"Veri hakimiyetine y\u00f6nelik nihai rehberiniz!","publisher":{"@id":"https:\/\/exceladvisor.org\/tr\/#organization"},"potentialAction":[{"@type":"SearchAction","target":{"@type":"EntryPoint","urlTemplate":"https:\/\/exceladvisor.org\/tr\/?s={search_term_string}"},"query-input":{"@type":"PropertyValueSpecification","valueRequired":true,"valueName":"search_term_string"}}],"inLanguage":"tr"},{"@type":"Organization","@id":"https:\/\/exceladvisor.org\/tr\/#organization","name":"Excel Advisor","url":"https:\/\/exceladvisor.org\/tr\/","logo":{"@type":"ImageObject","inLanguage":"tr","@id":"https:\/\/exceladvisor.org\/tr\/#\/schema\/logo\/image\/","url":"https:\/\/exceladvisor.org\/tr\/wp-content\/uploads\/2023\/12\/exceladvisor.org_.png","contentUrl":"https:\/\/exceladvisor.org\/tr\/wp-content\/uploads\/2023\/12\/exceladvisor.org_.png","width":105,"height":36,"caption":"Excel Advisor"},"image":{"@id":"https:\/\/exceladvisor.org\/tr\/#\/schema\/logo\/image\/"}}]}},"yoast_meta":{"yoast_wpseo_title":"","yoast_wpseo_metadesc":"","yoast_wpseo_canonical":""},"_links":{"self":[{"href":"https:\/\/exceladvisor.org\/tr\/wp-json\/wp\/v2\/pages\/2147","targetHints":{"allow":["GET"]}}],"collection":[{"href":"https:\/\/exceladvisor.org\/tr\/wp-json\/wp\/v2\/pages"}],"about":[{"href":"https:\/\/exceladvisor.org\/tr\/wp-json\/wp\/v2\/types\/page"}],"author":[{"embeddable":true,"href":"https:\/\/exceladvisor.org\/tr\/wp-json\/wp\/v2\/users\/1"}],"replies":[{"embeddable":true,"href":"https:\/\/exceladvisor.org\/tr\/wp-json\/wp\/v2\/comments?post=2147"}],"version-history":[{"count":1,"href":"https:\/\/exceladvisor.org\/tr\/wp-json\/wp\/v2\/pages\/2147\/revisions"}],"predecessor-version":[{"id":2943,"href":"https:\/\/exceladvisor.org\/tr\/wp-json\/wp\/v2\/pages\/2147\/revisions\/2943"}],"wp:attachment":[{"href":"https:\/\/exceladvisor.org\/tr\/wp-json\/wp\/v2\/media?parent=2147"}],"curies":[{"name":"wp","href":"https:\/\/api.w.org\/{rel}","templated":true}]}}