{"id":2148,"date":"2023-09-28T21:29:23","date_gmt":"2023-09-28T21:29:23","guid":{"rendered":"https:\/\/exceladvisor.org\/tr\/mod-1\/"},"modified":"2023-12-10T06:07:49","modified_gmt":"2023-12-10T06:07:49","slug":"mod-1","status":"publish","type":"page","link":"https:\/\/exceladvisor.org\/tr\/mod-1\/","title":{"rendered":"Vba&#39;da mod nas\u0131l kullan\u0131l\u0131r?"},"content":{"rendered":"<div class=\"excel-icerikten-once\" id=\"excel-1984987048\"><script type=\"text\/javascript\">\r\n\tatOptions = {\r\n\t\t'key' : 'c1158f160081d6540a8409e6925dab94',\r\n\t\t'format' : 'iframe',\r\n\t\t'height' : 250,\r\n\t\t'width' : 300,\r\n\t\t'params' : {}\r\n\t};\r\n<\/script>\r\n<script type=\"text\/javascript\" src=\"\/\/www.highperformanceformat.com\/c1158f160081d6540a8409e6925dab94\/invoke.js\"><\/script><\/div> <p>VBA&#8217;da MOD bir i\u015flev de\u011fil bir operat\u00f6rd\u00fcr ve bu operat\u00f6r iki say\u0131y\u0131 b\u00f6lmenize yard\u0131mc\u0131 olur ve sonu\u00e7ta kalan de\u011feri d\u00f6nd\u00fcr\u00fcr.<\/p><p> Bu, Excel&#8217;in mod i\u015flevinin e\u015fde\u011feridir.<\/p><p> Modu pek \u00e7ok \u015fekilde kullanabilirsiniz ve bu e\u011fitimde baz\u0131 \u00f6rnekler g\u00f6rece\u011fiz. VBA&#8217;da mod operat\u00f6r\u00fcn\u00fc kullanmak i\u00e7in a\u015fa\u011f\u0131daki ad\u0131mlar\u0131 izleyin:<\/p><pre class=\"wp-block-code\"> <code class=\"language-visual-basic\" lang=\"visual-basic\">Range(\"A1\") = 10 Mod 3<\/code><\/pre><ol type=\"1\"><li> B\u00f6lmek istedi\u011finiz ilk say\u0131y\u0131 belirtin.<\/li><li> Bundan sonra \u201cmod\u201d operat\u00f6r\u00fcn\u00fc girin.<\/li><li> \u015eimdi b\u00f6lmek istedi\u011finiz say\u0131y\u0131 girin.<\/li><li> Sonunda b\u00f6l\u00fcm\u00fcn geri kalan\u0131n\u0131 almak i\u00e7in bir mesaj kutusu veya h\u00fccre kullan\u0131n. <\/li><\/ol><div class=\"wp-block-image\"><figure class=\"aligncenter size-full is-resized\"><img loading=\"lazy\" decoding=\"async\" class=\"wp-image-62196\" src=\"https:\/\/exceladvisor.org\/wp-content\/uploads\/2023\/08\/1-module-en-vba.png\" sizes=\"auto, \" srcset=\"\" alt=\"vba'da mod\" width=\"455\" height=\"378\"><\/figure><\/div><p> Benzer \u015fekilde geri kalan\u0131n\u0131 mesaj kutusunu kullanarak da alabilirsiniz.<\/p><p> A\u015fa\u011f\u0131daki kodda bir mesaj kutusu kulland\u0131k ve b\u00f6lme i\u015fleminden sonra kalan\u0131 elde etmek i\u00e7in mod operat\u00f6r\u00fcn\u00fc kulland\u0131k.<\/p><pre class=\"wp-block-code\"> <code class=\"language-visual-basic\" lang=\"visual-basic\">MsgBox 9 Mod 3<\/code><\/pre><p> Ve bu kodu \u00e7al\u0131\u015ft\u0131rd\u0131\u011f\u0131n\u0131zda mesaj kutusundaki sonu\u00e7ta s\u0131f\u0131r \u00e7\u0131k\u0131yor \u00e7\u00fcnk\u00fc 9&#8217;u 3&#8217;e b\u00f6ld\u00fc\u011f\u00fcn\u00fczde bu kodun sonucundaki gibi kalan kalm\u0131yor. <\/p><div class=\"wp-block-image\"><figure class=\"aligncenter size-full is-resized\"><img loading=\"lazy\" decoding=\"async\" class=\"wp-image-62197\" src=\"https:\/\/exceladvisor.org\/wp-content\/uploads\/2023\/08\/2-boites-de-message.png\" sizes=\"auto, \" srcset=\"\" alt=\"mesajla\u015fma\" width=\"168\" height=\"199\"><\/figure><\/div><p class=\"qt-tip\"> <strong>Not:<\/strong> Dedi\u011fim gibi Excel&#8217;de iki say\u0131n\u0131n b\u00f6l\u00fcnmesinden kalan k\u0131sm\u0131 elde etme i\u015flevi de vard\u0131r ve Excel&#8217;den ald\u0131\u011f\u0131n\u0131z sonucun VBA&#8217;da ald\u0131\u011f\u0131n\u0131z sonu\u00e7tan farkl\u0131 olaca\u011f\u0131n\u0131 g\u00f6rece\u011finiz birka\u00e7 durum vard\u0131r.<\/p><h2 class=\"wp-block-heading\"> MOD&#8217;da hata<\/h2><p> Bir say\u0131y\u0131 s\u0131f\u0131ra b\u00f6lmeye \u00e7al\u0131\u015f\u0131rsan\u0131z, her zaman s\u0131f\u0131ra b\u00f6lme hatas\u0131 verir.<\/p><pre class=\"wp-block-code\"> <code class=\"language-visual-basic\" lang=\"visual-basic\">Debug.Print 10 Mod 0<\/code><\/pre><p> Ve yukar\u0131daki kod bu hatay\u0131 veriyor.<\/p><div class=\"gb-container gb-container-4db6181c gb-container-mt\"> <a class=\"gb-button gb-button-c5897111 gb-button-text gb-button-mt-button\" href=\"https:\/\/exceladvisor.org\/tr\/vba\/\">VBA nedir<\/a><h2 class=\"gb-headline gb-headline-665e5f6b gb-headline-text gb-headline-mt-heading\"> \u0130lgili e\u011fitimler <\/h2><div class=\"gb-grid-wrapper gb-grid-wrapper-a20baf7c gb-grid-wrapper-mt-grid\"><div class=\"gb-grid-column gb-grid-column-65ddf67e\"><div class=\"gb-container gb-container-65ddf67e\"><ul><li> <a href=\"https:\/\/exceladvisor.org\/tr\/ortalama-2\/\">VBA ile Excel&#8217;deki ortalama de\u011ferler<\/a><\/li><li> <a href=\"https:\/\/exceladvisor.org\/tr\/bugunun-tarihi-simdiki-saat\/\">VBA&#8217;y\u0131 kullanarak bug\u00fcn\u00fcn tarihini ve ge\u00e7erli saatini al\u0131n<\/a><\/li><li> <a href=\"https:\/\/exceladvisor.org\/tr\/toplam-1\/\">VBA kullanarak Excel&#8217;deki de\u011ferleri toplay\u0131n<\/a><\/li><li> <a href=\"https:\/\/exceladvisor.org\/tr\/mac-2\/\">VBA&#8217;da e\u015fle\u015ftirme i\u015flevi<\/a><\/li><li> <a href=\"https:\/\/exceladvisor.org\/tr\/elektronik-tablo-islevi\/\">VBA elektronik tablo i\u015flevi<\/a> <\/li><\/ul><\/div><\/div><div class=\"gb-grid-column gb-grid-column-50067b57\"><div class=\"gb-container gb-container-50067b57\"><\/div><\/div><\/div><\/div>","protected":false},"excerpt":{"rendered":"","protected":false},"author":1,"featured_media":0,"parent":0,"menu_order":0,"comment_status":"open","ping_status":"closed","template":"","meta":{"ub_ctt_via":"","footnotes":""},"class_list":["post-2148","page","type-page","status-publish","hentry"],"featured_image_src":null,"yoast_head":"<!-- This site is optimized with the Yoast SEO plugin v25.4 - https:\/\/yoast.com\/wordpress\/plugins\/seo\/ -->\n<title>\u25b7 VBA&#039;da MOD nas\u0131l kullan\u0131l\u0131r? (E\u011fitim 2023)<\/title>\n<meta name=\"description\" content=\"Bu VBA e\u011fitiminde MOD&#039;un bir kodda nas\u0131l kullan\u0131laca\u011f\u0131n\u0131 \u00f6\u011frenece\u011fiz. Bunu bir\u00e7ok \u015fekilde kullanabilirsiniz ve bu e\u011fitimde\" \/>\n<meta name=\"robots\" content=\"index, follow, max-snippet:-1, max-image-preview:large, max-video-preview:-1\" \/>\n<link rel=\"canonical\" href=\"https:\/\/exceladvisor.org\/tr\/mod-1\/\" \/>\n<meta property=\"og:locale\" content=\"tr_TR\" \/>\n<meta property=\"og:type\" content=\"article\" \/>\n<meta property=\"og:title\" content=\"\u25b7 VBA&#039;da MOD nas\u0131l kullan\u0131l\u0131r? (E\u011fitim 2023)\" \/>\n<meta property=\"og:description\" content=\"Bu VBA e\u011fitiminde MOD&#039;un bir kodda nas\u0131l kullan\u0131laca\u011f\u0131n\u0131 \u00f6\u011frenece\u011fiz. Bunu bir\u00e7ok \u015fekilde kullanabilirsiniz ve bu e\u011fitimde\" \/>\n<meta property=\"og:url\" content=\"https:\/\/exceladvisor.org\/tr\/mod-1\/\" \/>\n<meta property=\"og:site_name\" content=\"Excel Advisor\" \/>\n<meta property=\"article:modified_time\" content=\"2023-12-10T06:07:49+00:00\" \/>\n<meta property=\"og:image\" content=\"https:\/\/exceladvisor.org\/wp-content\/uploads\/2023\/08\/1-module-en-vba.png\" \/>\n<meta name=\"twitter:card\" content=\"summary_large_image\" \/>\n<meta name=\"twitter:label1\" content=\"Tahmini okuma s\u00fcresi\" \/>\n\t<meta name=\"twitter:data1\" content=\"2 dakika\" \/>\n<script type=\"application\/ld+json\" class=\"yoast-schema-graph\">{\"@context\":\"https:\/\/schema.org\",\"@graph\":[{\"@type\":\"WebPage\",\"@id\":\"https:\/\/exceladvisor.org\/tr\/mod-1\/\",\"url\":\"https:\/\/exceladvisor.org\/tr\/mod-1\/\",\"name\":\"\u25b7 VBA&#39;da MOD nas\u0131l kullan\u0131l\u0131r? (E\u011fitim 2023)\",\"isPartOf\":{\"@id\":\"https:\/\/exceladvisor.org\/tr\/#website\"},\"primaryImageOfPage\":{\"@id\":\"https:\/\/exceladvisor.org\/tr\/mod-1\/#primaryimage\"},\"image\":{\"@id\":\"https:\/\/exceladvisor.org\/tr\/mod-1\/#primaryimage\"},\"thumbnailUrl\":\"https:\/\/exceladvisor.org\/wp-content\/uploads\/2023\/08\/1-module-en-vba.png\",\"datePublished\":\"2023-09-28T21:29:23+00:00\",\"dateModified\":\"2023-12-10T06:07:49+00:00\",\"description\":\"Bu VBA e\u011fitiminde MOD&#39;un bir kodda nas\u0131l kullan\u0131laca\u011f\u0131n\u0131 \u00f6\u011frenece\u011fiz. Bunu bir\u00e7ok \u015fekilde kullanabilirsiniz ve bu e\u011fitimde\",\"breadcrumb\":{\"@id\":\"https:\/\/exceladvisor.org\/tr\/mod-1\/#breadcrumb\"},\"inLanguage\":\"tr\",\"potentialAction\":[{\"@type\":\"ReadAction\",\"target\":[\"https:\/\/exceladvisor.org\/tr\/mod-1\/\"]}]},{\"@type\":\"ImageObject\",\"inLanguage\":\"tr\",\"@id\":\"https:\/\/exceladvisor.org\/tr\/mod-1\/#primaryimage\",\"url\":\"https:\/\/exceladvisor.org\/wp-content\/uploads\/2023\/08\/1-module-en-vba.png\",\"contentUrl\":\"https:\/\/exceladvisor.org\/wp-content\/uploads\/2023\/08\/1-module-en-vba.png\"},{\"@type\":\"BreadcrumbList\",\"@id\":\"https:\/\/exceladvisor.org\/tr\/mod-1\/#breadcrumb\",\"itemListElement\":[{\"@type\":\"ListItem\",\"position\":1,\"name\":\"Ev\",\"item\":\"https:\/\/exceladvisor.org\/tr\/\"},{\"@type\":\"ListItem\",\"position\":2,\"name\":\"Vba&#39;da mod nas\u0131l kullan\u0131l\u0131r?\"}]},{\"@type\":\"WebSite\",\"@id\":\"https:\/\/exceladvisor.org\/tr\/#website\",\"url\":\"https:\/\/exceladvisor.org\/tr\/\",\"name\":\"Excel Advisor\",\"description\":\"Veri hakimiyetine y\u00f6nelik nihai rehberiniz!\",\"publisher\":{\"@id\":\"https:\/\/exceladvisor.org\/tr\/#organization\"},\"potentialAction\":[{\"@type\":\"SearchAction\",\"target\":{\"@type\":\"EntryPoint\",\"urlTemplate\":\"https:\/\/exceladvisor.org\/tr\/?s={search_term_string}\"},\"query-input\":{\"@type\":\"PropertyValueSpecification\",\"valueRequired\":true,\"valueName\":\"search_term_string\"}}],\"inLanguage\":\"tr\"},{\"@type\":\"Organization\",\"@id\":\"https:\/\/exceladvisor.org\/tr\/#organization\",\"name\":\"Excel Advisor\",\"url\":\"https:\/\/exceladvisor.org\/tr\/\",\"logo\":{\"@type\":\"ImageObject\",\"inLanguage\":\"tr\",\"@id\":\"https:\/\/exceladvisor.org\/tr\/#\/schema\/logo\/image\/\",\"url\":\"https:\/\/exceladvisor.org\/tr\/wp-content\/uploads\/2023\/12\/exceladvisor.org_.png\",\"contentUrl\":\"https:\/\/exceladvisor.org\/tr\/wp-content\/uploads\/2023\/12\/exceladvisor.org_.png\",\"width\":105,\"height\":36,\"caption\":\"Excel Advisor\"},\"image\":{\"@id\":\"https:\/\/exceladvisor.org\/tr\/#\/schema\/logo\/image\/\"}}]}<\/script>\n<!-- \/ Yoast SEO plugin. -->","yoast_head_json":{"title":"\u25b7 VBA&#39;da MOD nas\u0131l kullan\u0131l\u0131r? (E\u011fitim 2023)","description":"Bu VBA e\u011fitiminde MOD&#39;un bir kodda nas\u0131l kullan\u0131laca\u011f\u0131n\u0131 \u00f6\u011frenece\u011fiz. Bunu bir\u00e7ok \u015fekilde kullanabilirsiniz ve bu e\u011fitimde","robots":{"index":"index","follow":"follow","max-snippet":"max-snippet:-1","max-image-preview":"max-image-preview:large","max-video-preview":"max-video-preview:-1"},"canonical":"https:\/\/exceladvisor.org\/tr\/mod-1\/","og_locale":"tr_TR","og_type":"article","og_title":"\u25b7 VBA&#39;da MOD nas\u0131l kullan\u0131l\u0131r? (E\u011fitim 2023)","og_description":"Bu VBA e\u011fitiminde MOD&#39;un bir kodda nas\u0131l kullan\u0131laca\u011f\u0131n\u0131 \u00f6\u011frenece\u011fiz. Bunu bir\u00e7ok \u015fekilde kullanabilirsiniz ve bu e\u011fitimde","og_url":"https:\/\/exceladvisor.org\/tr\/mod-1\/","og_site_name":"Excel Advisor","article_modified_time":"2023-12-10T06:07:49+00:00","og_image":[{"url":"https:\/\/exceladvisor.org\/wp-content\/uploads\/2023\/08\/1-module-en-vba.png","type":"","width":"","height":""}],"twitter_card":"summary_large_image","twitter_misc":{"Tahmini okuma s\u00fcresi":"2 dakika"},"schema":{"@context":"https:\/\/schema.org","@graph":[{"@type":"WebPage","@id":"https:\/\/exceladvisor.org\/tr\/mod-1\/","url":"https:\/\/exceladvisor.org\/tr\/mod-1\/","name":"\u25b7 VBA&#39;da MOD nas\u0131l kullan\u0131l\u0131r? (E\u011fitim 2023)","isPartOf":{"@id":"https:\/\/exceladvisor.org\/tr\/#website"},"primaryImageOfPage":{"@id":"https:\/\/exceladvisor.org\/tr\/mod-1\/#primaryimage"},"image":{"@id":"https:\/\/exceladvisor.org\/tr\/mod-1\/#primaryimage"},"thumbnailUrl":"https:\/\/exceladvisor.org\/wp-content\/uploads\/2023\/08\/1-module-en-vba.png","datePublished":"2023-09-28T21:29:23+00:00","dateModified":"2023-12-10T06:07:49+00:00","description":"Bu VBA e\u011fitiminde MOD&#39;un bir kodda nas\u0131l kullan\u0131laca\u011f\u0131n\u0131 \u00f6\u011frenece\u011fiz. Bunu bir\u00e7ok \u015fekilde kullanabilirsiniz ve bu e\u011fitimde","breadcrumb":{"@id":"https:\/\/exceladvisor.org\/tr\/mod-1\/#breadcrumb"},"inLanguage":"tr","potentialAction":[{"@type":"ReadAction","target":["https:\/\/exceladvisor.org\/tr\/mod-1\/"]}]},{"@type":"ImageObject","inLanguage":"tr","@id":"https:\/\/exceladvisor.org\/tr\/mod-1\/#primaryimage","url":"https:\/\/exceladvisor.org\/wp-content\/uploads\/2023\/08\/1-module-en-vba.png","contentUrl":"https:\/\/exceladvisor.org\/wp-content\/uploads\/2023\/08\/1-module-en-vba.png"},{"@type":"BreadcrumbList","@id":"https:\/\/exceladvisor.org\/tr\/mod-1\/#breadcrumb","itemListElement":[{"@type":"ListItem","position":1,"name":"Ev","item":"https:\/\/exceladvisor.org\/tr\/"},{"@type":"ListItem","position":2,"name":"Vba&#39;da mod nas\u0131l kullan\u0131l\u0131r?"}]},{"@type":"WebSite","@id":"https:\/\/exceladvisor.org\/tr\/#website","url":"https:\/\/exceladvisor.org\/tr\/","name":"Excel Advisor","description":"Veri hakimiyetine y\u00f6nelik nihai rehberiniz!","publisher":{"@id":"https:\/\/exceladvisor.org\/tr\/#organization"},"potentialAction":[{"@type":"SearchAction","target":{"@type":"EntryPoint","urlTemplate":"https:\/\/exceladvisor.org\/tr\/?s={search_term_string}"},"query-input":{"@type":"PropertyValueSpecification","valueRequired":true,"valueName":"search_term_string"}}],"inLanguage":"tr"},{"@type":"Organization","@id":"https:\/\/exceladvisor.org\/tr\/#organization","name":"Excel Advisor","url":"https:\/\/exceladvisor.org\/tr\/","logo":{"@type":"ImageObject","inLanguage":"tr","@id":"https:\/\/exceladvisor.org\/tr\/#\/schema\/logo\/image\/","url":"https:\/\/exceladvisor.org\/tr\/wp-content\/uploads\/2023\/12\/exceladvisor.org_.png","contentUrl":"https:\/\/exceladvisor.org\/tr\/wp-content\/uploads\/2023\/12\/exceladvisor.org_.png","width":105,"height":36,"caption":"Excel Advisor"},"image":{"@id":"https:\/\/exceladvisor.org\/tr\/#\/schema\/logo\/image\/"}}]}},"yoast_meta":{"yoast_wpseo_title":"","yoast_wpseo_metadesc":"","yoast_wpseo_canonical":""},"_links":{"self":[{"href":"https:\/\/exceladvisor.org\/tr\/wp-json\/wp\/v2\/pages\/2148","targetHints":{"allow":["GET"]}}],"collection":[{"href":"https:\/\/exceladvisor.org\/tr\/wp-json\/wp\/v2\/pages"}],"about":[{"href":"https:\/\/exceladvisor.org\/tr\/wp-json\/wp\/v2\/types\/page"}],"author":[{"embeddable":true,"href":"https:\/\/exceladvisor.org\/tr\/wp-json\/wp\/v2\/users\/1"}],"replies":[{"embeddable":true,"href":"https:\/\/exceladvisor.org\/tr\/wp-json\/wp\/v2\/comments?post=2148"}],"version-history":[{"count":1,"href":"https:\/\/exceladvisor.org\/tr\/wp-json\/wp\/v2\/pages\/2148\/revisions"}],"predecessor-version":[{"id":2953,"href":"https:\/\/exceladvisor.org\/tr\/wp-json\/wp\/v2\/pages\/2148\/revisions\/2953"}],"wp:attachment":[{"href":"https:\/\/exceladvisor.org\/tr\/wp-json\/wp\/v2\/media?parent=2148"}],"curies":[{"name":"wp","href":"https:\/\/api.w.org\/{rel}","templated":true}]}}