{"id":2150,"date":"2023-09-28T19:34:41","date_gmt":"2023-09-28T19:34:41","guid":{"rendered":"https:\/\/exceladvisor.org\/tr\/gelistirici-sekmesi-ekle\/"},"modified":"2023-12-10T06:01:26","modified_gmt":"2023-12-10T06:01:26","slug":"gelistirici-sekmesi-ekle","status":"publish","type":"page","link":"https:\/\/exceladvisor.org\/tr\/gelistirici-sekmesi-ekle\/","title":{"rendered":"Excel&#39;de geli\u015ftirici sekmesi nas\u0131l eklenir?"},"content":{"rendered":"<div class=\"excel-icerikten-once\" id=\"excel-392809373\"><script type=\"text\/javascript\">\r\n\tatOptions = {\r\n\t\t'key' : 'c1158f160081d6540a8409e6925dab94',\r\n\t\t'format' : 'iframe',\r\n\t\t'height' : 250,\r\n\t\t'width' : 300,\r\n\t\t'params' : {}\r\n\t};\r\n<\/script>\r\n<script type=\"text\/javascript\" src=\"\/\/www.highperformanceformat.com\/c1158f160081d6540a8409e6925dab94\/invoke.js\"><\/script><\/div> <p>Geli\u015ftirici sekmesi Excel&#8217;deki en \u00f6nemli ve kullan\u0131\u015fl\u0131 se\u00e7eneklerden biridir. Ancak kullanmadan \u00f6nce \u015feride eklemeniz gerekir. Excel&#8217;i y\u00fckledi\u011finizde ilk kez etkinle\u015ftirmeniz gerekir.<\/p><p> Bug\u00fcn bu makalede, Windows i\u00e7in Excel&#8217;de ve Mac i\u00e7in Excel 2011&#8217;de geli\u015ftirici sekmesi eklemenin 3 farkl\u0131 y\u00f6ntemini \u00f6\u011freneceksiniz.<\/p><h2 id=\"tab-con-3\" style=\"margin-bottom: 20px !important; margin-top: 0px !important;\"> Y\u00f6ntem 1: Windows i\u00e7in<\/h2><p> Etkinle\u015ftirmek i\u00e7in \u015fu basit ad\u0131mlar\u0131 izleyin.<\/p><ul><li> Dosya sekmesi \u2192 Se\u00e7enekler \u2192 \u015eeridi \u00d6zelle\u015ftir se\u00e7ene\u011fine gidin.<\/li><li> Ana sekmeler listesinde Geli\u015ftirici onay kutusunu i\u015faretleyin. <\/li><\/ul><p><img loading=\"lazy\" decoding=\"async\" style=\"border-width: 1px;\" src=\"https:\/\/exceladvisor.org\/wp-content\/uploads\/2023\/08\/Afficher-longlet-Developpeur-2-1.png\" sizes=\"auto, \" srcset=\"\" alt=\"Excel'de se\u00e7eneklerle geli\u015ftirici eklenti sekmesi\" width=\"260\" height=\"104\" data-attachment-id=\"4530\"><\/p><ul><li> Tamam&#8217;\u0131 t\u0131klay\u0131n.<\/li><\/ul><h2 id=\"tab-con-4\" style=\"margin-bottom: 20px !important; margin-top: 0px !important;\"> Y\u00f6ntem 2: Windows i\u00e7in<\/h2><p> \u0130\u015fte geli\u015ftirici sekmesini g\u00f6r\u00fcnt\u00fclemenin ba\u015fka bir y\u00f6ntemi.<\/p><ul><li> Excel \u015feridine sa\u011f t\u0131klay\u0131n ve \u015eeridi \u00d6zelle\u015ftir&#8217;i se\u00e7in. <\/li><\/ul><p><img loading=\"lazy\" decoding=\"async\" style=\"border-width: 1px;\" src=\"https:\/\/exceladvisor.org\/wp-content\/uploads\/2023\/08\/Activer-longlet-Developpeur-2-1.png\" sizes=\"auto, \" srcset=\"\" alt=\"Excel \u015feridine geli\u015ftirici sekmesi eklemek i\u00e7in \u015feridi \u00f6zelle\u015ftir'i t\u0131klay\u0131n\" width=\"304\" height=\"130\" data-attachment-id=\"4529\"><\/p><ul><li> Ana sekmeler listesinde Geli\u015ftirici onay kutusunu i\u015faretleyin.<\/li><li> Tamam&#8217;\u0131 t\u0131klay\u0131n.<\/li><\/ul><p> Yukar\u0131daki y\u00f6ntemlerden herhangi birini izledikten sonra Windows i\u00e7in Excel&#8217;de geli\u015ftirici sekmesini etkinle\u015ftirebilirsiniz. <\/p><p><img loading=\"lazy\" decoding=\"async\" style=\"border-width: 1px;\" src=\"https:\/\/exceladvisor.org\/wp-content\/uploads\/2023\/08\/Ajouter-un-onglet-Developpeur-dans-Excel.jpg\" sizes=\"auto, \" srcset=\"\" alt=\"excel \u015feridindeki geli\u015ftirici sekmesini edinin\" width=\"751\" height=\"118\" data-attachment-id=\"4535\"><\/p><p style=\"margin-bottom: 0px !important; font-family: Verdana, Geneva, sans-serif;\" data-web-font=\"Verdana, Geneva, sans-serif\"> <span style=\"font-size: 16px;\">Not: Yukar\u0131daki iki y\u00f6ntemi Excel&#8217;in Windows s\u00fcr\u00fcm\u00fcnde (2007, 2010, 2013 ve 2016) kullanabilirsiniz.<\/span><\/p><h2 id=\"tab-con-1\" style=\"margin-bottom: 20px !important; margin-top: 0px !important;\"> Y\u00f6ntem 3: Mac i\u00e7in Excel 2011<\/h2><p> Mac i\u00e7in Excel 2011&#8217;de geli\u015ftirici sekmesi ekleme ad\u0131mlar\u0131 a\u015fa\u011f\u0131da verilmi\u015ftir.<\/p><ul><li> Excel men\u00fcs\u00fc \u2192 Tercihler&#8217;e gidin. <\/li><\/ul><p><img loading=\"lazy\" decoding=\"async\" style=\"border-width: 1px;\" src=\"https:\/\/exceladvisor.org\/wp-content\/uploads\/2023\/08\/Ajouter-un-onglet-Developpeur-dans-Excel-1-1.png\" sizes=\"auto, \" srcset=\"\" alt=\"Mac i\u00e7in Excel 2001'de geli\u015ftirici sekmesi eklemek i\u00e7in tercihleri a\u00e7\u0131n\" width=\"171\" height=\"211\" data-attachment-id=\"4531\"><\/p><ul><li> \u201cPayla\u015f\u0131m ve Gizlilik Grubu\u201dnun alt\u0131ndaki \u015feridi t\u0131klay\u0131n, ard\u0131ndan Tamam&#8217;\u0131 t\u0131klay\u0131n. <\/li><\/ul><p><img loading=\"lazy\" decoding=\"async\" style=\"border-width: 1px;\" src=\"https:\/\/exceladvisor.org\/wp-content\/uploads\/2023\/08\/Ajouter-un-onglet-Developpeur-dans-Excel-2-1.png\" sizes=\"auto, \" srcset=\"\" alt=\"Mac i\u00e7in Excel 2001'de geli\u015ftirici sekmesi eklemek i\u00e7in payla\u015f\u0131m \u015feridine t\u0131klay\u0131n\" width=\"526\" height=\"151\" data-attachment-id=\"4532\" data-width=\"526\" data-height=\"151\" data-init-width=\"525\" data-init-height=\"150\"><\/p><ul><li> \u015eimdi bir a\u00e7\u0131l\u0131r ileti\u015fim kutusu g\u00f6receksiniz. \u00d6zelle\u015ftirme b\u00f6l\u00fcm\u00fcnde Geli\u015ftirici sekmesini se\u00e7in ve Tamam&#8217;a t\u0131klay\u0131n. <\/li><\/ul><p><img loading=\"lazy\" decoding=\"async\" style=\"border-width: 1px;\" src=\"https:\/\/exceladvisor.org\/wp-content\/uploads\/2023\/08\/Ajouter-un-onglet-Developpeur-dans-Excel-3-1.png\" sizes=\"auto, \" srcset=\"\" alt=\"\u00d6zelle\u015ftirme b\u00f6l\u00fcm\u00fcnden Mac i\u00e7in Excel 2011'de bir geli\u015ftirici sekmesi ekleyin\" width=\"512\" height=\"468\" data-attachment-id=\"4533\"><\/p><p> Yukar\u0131daki y\u00f6ntemlerden herhangi birini izledikten sonra Mac i\u00e7in Excel 2011&#8217;de geli\u015ftirici sekmesini etkinle\u015ftirebilirsiniz. <\/p><p><img loading=\"lazy\" decoding=\"async\" style=\"border-width: 1px;\" src=\"https:\/\/exceladvisor.org\/wp-content\/uploads\/2023\/08\/Ajouter-un-onglet-Developpeur-dans-Excel-4-1.png\" sizes=\"auto, \" srcset=\"\" alt=\"mac i\u00e7in excel 2011'de geli\u015ftirici sekmesini ekleme\" width=\"605\" height=\"79\" data-attachment-id=\"4534\" data-width=\"605\" data-height=\"79\" data-init-width=\"742\" data-init-height=\"95\"><\/p><h2 style=\"margin-bottom: 20px !important; margin-top: 0px !important;\"> Ve sonra<\/h2><ul><li> Yararl\u0131 VBA \u00d6rnekleri<\/li><li> <a style=\"outline: none;\" href=\"https:\/\/exceladvisor.org\/tr\/acik-secenek-2\/\" data-wpel-link=\"internal\" data-wpil=\"url\">A\u00e7\u0131k VBA se\u00e7ene\u011fi<\/a><\/li><\/ul>","protected":false},"excerpt":{"rendered":"","protected":false},"author":1,"featured_media":0,"parent":0,"menu_order":0,"comment_status":"open","ping_status":"closed","template":"","meta":{"ub_ctt_via":"","footnotes":""},"class_list":["post-2150","page","type-page","status-publish","hentry"],"featured_image_src":null,"yoast_head":"<!-- This site is optimized with the Yoast SEO plugin v25.4 - https:\/\/yoast.com\/wordpress\/plugins\/seo\/ -->\n<title>\u25b7 Excel&#039;de geli\u015ftirici sekmesi nas\u0131l eklenir?<\/title>\n<meta name=\"description\" content=\"Excel 2007, 2010, 2013, 2016 ve Mac i\u00e7in Excel 2011&#039;de geli\u015ftirici sekmesini eklemek\/etkinle\u015ftirmek i\u00e7in. Sadece \u015fu basit ad\u0131mlar\u0131 izleyin\" \/>\n<meta name=\"robots\" content=\"index, follow, max-snippet:-1, max-image-preview:large, max-video-preview:-1\" \/>\n<link rel=\"canonical\" href=\"https:\/\/exceladvisor.org\/tr\/gelistirici-sekmesi-ekle\/\" \/>\n<meta property=\"og:locale\" content=\"tr_TR\" \/>\n<meta property=\"og:type\" content=\"article\" \/>\n<meta property=\"og:title\" content=\"\u25b7 Excel&#039;de geli\u015ftirici sekmesi nas\u0131l eklenir?\" \/>\n<meta property=\"og:description\" content=\"Excel 2007, 2010, 2013, 2016 ve Mac i\u00e7in Excel 2011&#039;de geli\u015ftirici sekmesini eklemek\/etkinle\u015ftirmek i\u00e7in. Sadece \u015fu basit ad\u0131mlar\u0131 izleyin\" \/>\n<meta property=\"og:url\" content=\"https:\/\/exceladvisor.org\/tr\/gelistirici-sekmesi-ekle\/\" \/>\n<meta property=\"og:site_name\" content=\"Excel Advisor\" \/>\n<meta property=\"article:modified_time\" content=\"2023-12-10T06:01:26+00:00\" \/>\n<meta property=\"og:image\" content=\"https:\/\/exceladvisor.org\/wp-content\/uploads\/2023\/08\/Afficher-longlet-Developpeur-2-1.png\" \/>\n<meta name=\"twitter:card\" content=\"summary_large_image\" \/>\n<meta name=\"twitter:label1\" content=\"Tahmini okuma s\u00fcresi\" \/>\n\t<meta name=\"twitter:data1\" content=\"1 dakika\" \/>\n<script type=\"application\/ld+json\" class=\"yoast-schema-graph\">{\"@context\":\"https:\/\/schema.org\",\"@graph\":[{\"@type\":\"WebPage\",\"@id\":\"https:\/\/exceladvisor.org\/tr\/gelistirici-sekmesi-ekle\/\",\"url\":\"https:\/\/exceladvisor.org\/tr\/gelistirici-sekmesi-ekle\/\",\"name\":\"\u25b7 Excel&#39;de geli\u015ftirici sekmesi nas\u0131l eklenir?\",\"isPartOf\":{\"@id\":\"https:\/\/exceladvisor.org\/tr\/#website\"},\"primaryImageOfPage\":{\"@id\":\"https:\/\/exceladvisor.org\/tr\/gelistirici-sekmesi-ekle\/#primaryimage\"},\"image\":{\"@id\":\"https:\/\/exceladvisor.org\/tr\/gelistirici-sekmesi-ekle\/#primaryimage\"},\"thumbnailUrl\":\"https:\/\/exceladvisor.org\/wp-content\/uploads\/2023\/08\/Afficher-longlet-Developpeur-2-1.png\",\"datePublished\":\"2023-09-28T19:34:41+00:00\",\"dateModified\":\"2023-12-10T06:01:26+00:00\",\"description\":\"Excel 2007, 2010, 2013, 2016 ve Mac i\u00e7in Excel 2011&#39;de geli\u015ftirici sekmesini eklemek\/etkinle\u015ftirmek i\u00e7in. Sadece \u015fu basit ad\u0131mlar\u0131 izleyin\",\"breadcrumb\":{\"@id\":\"https:\/\/exceladvisor.org\/tr\/gelistirici-sekmesi-ekle\/#breadcrumb\"},\"inLanguage\":\"tr\",\"potentialAction\":[{\"@type\":\"ReadAction\",\"target\":[\"https:\/\/exceladvisor.org\/tr\/gelistirici-sekmesi-ekle\/\"]}]},{\"@type\":\"ImageObject\",\"inLanguage\":\"tr\",\"@id\":\"https:\/\/exceladvisor.org\/tr\/gelistirici-sekmesi-ekle\/#primaryimage\",\"url\":\"https:\/\/exceladvisor.org\/wp-content\/uploads\/2023\/08\/Afficher-longlet-Developpeur-2-1.png\",\"contentUrl\":\"https:\/\/exceladvisor.org\/wp-content\/uploads\/2023\/08\/Afficher-longlet-Developpeur-2-1.png\"},{\"@type\":\"BreadcrumbList\",\"@id\":\"https:\/\/exceladvisor.org\/tr\/gelistirici-sekmesi-ekle\/#breadcrumb\",\"itemListElement\":[{\"@type\":\"ListItem\",\"position\":1,\"name\":\"Ev\",\"item\":\"https:\/\/exceladvisor.org\/tr\/\"},{\"@type\":\"ListItem\",\"position\":2,\"name\":\"Excel&#39;de geli\u015ftirici sekmesi nas\u0131l eklenir?\"}]},{\"@type\":\"WebSite\",\"@id\":\"https:\/\/exceladvisor.org\/tr\/#website\",\"url\":\"https:\/\/exceladvisor.org\/tr\/\",\"name\":\"Excel Advisor\",\"description\":\"Veri hakimiyetine y\u00f6nelik nihai rehberiniz!\",\"publisher\":{\"@id\":\"https:\/\/exceladvisor.org\/tr\/#organization\"},\"potentialAction\":[{\"@type\":\"SearchAction\",\"target\":{\"@type\":\"EntryPoint\",\"urlTemplate\":\"https:\/\/exceladvisor.org\/tr\/?s={search_term_string}\"},\"query-input\":{\"@type\":\"PropertyValueSpecification\",\"valueRequired\":true,\"valueName\":\"search_term_string\"}}],\"inLanguage\":\"tr\"},{\"@type\":\"Organization\",\"@id\":\"https:\/\/exceladvisor.org\/tr\/#organization\",\"name\":\"Excel Advisor\",\"url\":\"https:\/\/exceladvisor.org\/tr\/\",\"logo\":{\"@type\":\"ImageObject\",\"inLanguage\":\"tr\",\"@id\":\"https:\/\/exceladvisor.org\/tr\/#\/schema\/logo\/image\/\",\"url\":\"https:\/\/exceladvisor.org\/tr\/wp-content\/uploads\/2023\/12\/exceladvisor.org_.png\",\"contentUrl\":\"https:\/\/exceladvisor.org\/tr\/wp-content\/uploads\/2023\/12\/exceladvisor.org_.png\",\"width\":105,\"height\":36,\"caption\":\"Excel Advisor\"},\"image\":{\"@id\":\"https:\/\/exceladvisor.org\/tr\/#\/schema\/logo\/image\/\"}}]}<\/script>\n<!-- \/ Yoast SEO plugin. -->","yoast_head_json":{"title":"\u25b7 Excel&#39;de geli\u015ftirici sekmesi nas\u0131l eklenir?","description":"Excel 2007, 2010, 2013, 2016 ve Mac i\u00e7in Excel 2011&#39;de geli\u015ftirici sekmesini eklemek\/etkinle\u015ftirmek i\u00e7in. Sadece \u015fu basit ad\u0131mlar\u0131 izleyin","robots":{"index":"index","follow":"follow","max-snippet":"max-snippet:-1","max-image-preview":"max-image-preview:large","max-video-preview":"max-video-preview:-1"},"canonical":"https:\/\/exceladvisor.org\/tr\/gelistirici-sekmesi-ekle\/","og_locale":"tr_TR","og_type":"article","og_title":"\u25b7 Excel&#39;de geli\u015ftirici sekmesi nas\u0131l eklenir?","og_description":"Excel 2007, 2010, 2013, 2016 ve Mac i\u00e7in Excel 2011&#39;de geli\u015ftirici sekmesini eklemek\/etkinle\u015ftirmek i\u00e7in. Sadece \u015fu basit ad\u0131mlar\u0131 izleyin","og_url":"https:\/\/exceladvisor.org\/tr\/gelistirici-sekmesi-ekle\/","og_site_name":"Excel Advisor","article_modified_time":"2023-12-10T06:01:26+00:00","og_image":[{"url":"https:\/\/exceladvisor.org\/wp-content\/uploads\/2023\/08\/Afficher-longlet-Developpeur-2-1.png","type":"","width":"","height":""}],"twitter_card":"summary_large_image","twitter_misc":{"Tahmini okuma s\u00fcresi":"1 dakika"},"schema":{"@context":"https:\/\/schema.org","@graph":[{"@type":"WebPage","@id":"https:\/\/exceladvisor.org\/tr\/gelistirici-sekmesi-ekle\/","url":"https:\/\/exceladvisor.org\/tr\/gelistirici-sekmesi-ekle\/","name":"\u25b7 Excel&#39;de geli\u015ftirici sekmesi nas\u0131l eklenir?","isPartOf":{"@id":"https:\/\/exceladvisor.org\/tr\/#website"},"primaryImageOfPage":{"@id":"https:\/\/exceladvisor.org\/tr\/gelistirici-sekmesi-ekle\/#primaryimage"},"image":{"@id":"https:\/\/exceladvisor.org\/tr\/gelistirici-sekmesi-ekle\/#primaryimage"},"thumbnailUrl":"https:\/\/exceladvisor.org\/wp-content\/uploads\/2023\/08\/Afficher-longlet-Developpeur-2-1.png","datePublished":"2023-09-28T19:34:41+00:00","dateModified":"2023-12-10T06:01:26+00:00","description":"Excel 2007, 2010, 2013, 2016 ve Mac i\u00e7in Excel 2011&#39;de geli\u015ftirici sekmesini eklemek\/etkinle\u015ftirmek i\u00e7in. Sadece \u015fu basit ad\u0131mlar\u0131 izleyin","breadcrumb":{"@id":"https:\/\/exceladvisor.org\/tr\/gelistirici-sekmesi-ekle\/#breadcrumb"},"inLanguage":"tr","potentialAction":[{"@type":"ReadAction","target":["https:\/\/exceladvisor.org\/tr\/gelistirici-sekmesi-ekle\/"]}]},{"@type":"ImageObject","inLanguage":"tr","@id":"https:\/\/exceladvisor.org\/tr\/gelistirici-sekmesi-ekle\/#primaryimage","url":"https:\/\/exceladvisor.org\/wp-content\/uploads\/2023\/08\/Afficher-longlet-Developpeur-2-1.png","contentUrl":"https:\/\/exceladvisor.org\/wp-content\/uploads\/2023\/08\/Afficher-longlet-Developpeur-2-1.png"},{"@type":"BreadcrumbList","@id":"https:\/\/exceladvisor.org\/tr\/gelistirici-sekmesi-ekle\/#breadcrumb","itemListElement":[{"@type":"ListItem","position":1,"name":"Ev","item":"https:\/\/exceladvisor.org\/tr\/"},{"@type":"ListItem","position":2,"name":"Excel&#39;de geli\u015ftirici sekmesi nas\u0131l eklenir?"}]},{"@type":"WebSite","@id":"https:\/\/exceladvisor.org\/tr\/#website","url":"https:\/\/exceladvisor.org\/tr\/","name":"Excel Advisor","description":"Veri hakimiyetine y\u00f6nelik nihai rehberiniz!","publisher":{"@id":"https:\/\/exceladvisor.org\/tr\/#organization"},"potentialAction":[{"@type":"SearchAction","target":{"@type":"EntryPoint","urlTemplate":"https:\/\/exceladvisor.org\/tr\/?s={search_term_string}"},"query-input":{"@type":"PropertyValueSpecification","valueRequired":true,"valueName":"search_term_string"}}],"inLanguage":"tr"},{"@type":"Organization","@id":"https:\/\/exceladvisor.org\/tr\/#organization","name":"Excel Advisor","url":"https:\/\/exceladvisor.org\/tr\/","logo":{"@type":"ImageObject","inLanguage":"tr","@id":"https:\/\/exceladvisor.org\/tr\/#\/schema\/logo\/image\/","url":"https:\/\/exceladvisor.org\/tr\/wp-content\/uploads\/2023\/12\/exceladvisor.org_.png","contentUrl":"https:\/\/exceladvisor.org\/tr\/wp-content\/uploads\/2023\/12\/exceladvisor.org_.png","width":105,"height":36,"caption":"Excel Advisor"},"image":{"@id":"https:\/\/exceladvisor.org\/tr\/#\/schema\/logo\/image\/"}}]}},"yoast_meta":{"yoast_wpseo_title":"","yoast_wpseo_metadesc":"","yoast_wpseo_canonical":""},"_links":{"self":[{"href":"https:\/\/exceladvisor.org\/tr\/wp-json\/wp\/v2\/pages\/2150","targetHints":{"allow":["GET"]}}],"collection":[{"href":"https:\/\/exceladvisor.org\/tr\/wp-json\/wp\/v2\/pages"}],"about":[{"href":"https:\/\/exceladvisor.org\/tr\/wp-json\/wp\/v2\/types\/page"}],"author":[{"embeddable":true,"href":"https:\/\/exceladvisor.org\/tr\/wp-json\/wp\/v2\/users\/1"}],"replies":[{"embeddable":true,"href":"https:\/\/exceladvisor.org\/tr\/wp-json\/wp\/v2\/comments?post=2150"}],"version-history":[{"count":1,"href":"https:\/\/exceladvisor.org\/tr\/wp-json\/wp\/v2\/pages\/2150\/revisions"}],"predecessor-version":[{"id":2520,"href":"https:\/\/exceladvisor.org\/tr\/wp-json\/wp\/v2\/pages\/2150\/revisions\/2520"}],"wp:attachment":[{"href":"https:\/\/exceladvisor.org\/tr\/wp-json\/wp\/v2\/media?parent=2150"}],"curies":[{"name":"wp","href":"https:\/\/api.w.org\/{rel}","templated":true}]}}