{"id":2153,"date":"2023-09-28T18:12:05","date_gmt":"2023-09-28T18:12:05","guid":{"rendered":"https:\/\/exceladvisor.org\/tr\/metni-kaydir-1\/"},"modified":"2023-12-10T06:04:56","modified_gmt":"2023-12-10T06:04:56","slug":"metni-kaydir-1","status":"publish","type":"page","link":"https:\/\/exceladvisor.org\/tr\/metni-kaydir-1\/","title":{"rendered":"Vba arac\u0131l\u0131\u011f\u0131yla metni sarma herhangi bir yerde nas\u0131l kullan\u0131l\u0131r?"},"content":{"rendered":"<div class=\"excel-icerikten-once\" id=\"excel-3888094415\"><script type=\"text\/javascript\">\r\n\tatOptions = {\r\n\t\t'key' : 'c1158f160081d6540a8409e6925dab94',\r\n\t\t'format' : 'iframe',\r\n\t\t'height' : 250,\r\n\t\t'width' : 300,\r\n\t\t'params' : {}\r\n\t};\r\n<\/script>\r\n<script type=\"text\/javascript\" src=\"\/\/www.highperformanceformat.com\/c1158f160081d6540a8409e6925dab94\/invoke.js\"><\/script><\/div> <p>VBA&#8217;da, sarma metnini bir h\u00fccreye veya h\u00fccre aral\u0131\u011f\u0131na uygulamak i\u00e7in eri\u015febilece\u011finiz &#8220;WrapText&#8221; adl\u0131 bir \u00f6zellik vard\u0131r. Etkinle\u015ftirmek veya devre d\u0131\u015f\u0131 b\u0131rakmak i\u00e7in kod yazman\u0131z gerekir. Bu bir okuma ve yazma \u00f6zelli\u011fidir, dolay\u0131s\u0131yla onu uygulayabilir veya bir h\u00fccreye uyguland\u0131\u011f\u0131nda da alabilirsiniz.<\/p><p> Bu \u00f6\u011freticide, VBA kodunu kullanarak metin kayd\u0131rma uygulamas\u0131n\u0131n farkl\u0131 yollar\u0131na bakaca\u011f\u0131z.<\/p><h2 class=\"wp-block-heading\"> VBA kullanarak bir h\u00fccredeki metni sarma<\/h2><p> VBA kodunu kullanarak Metni Sarma uygulamas\u0131n\u0131 uygulamak i\u00e7in a\u015fa\u011f\u0131daki ad\u0131mlar\u0131 kullan\u0131n.<\/p><ol><li> <a href=\"https:\/\/exceladvisor.org\/tr\/aralik-1\/\">range \u00f6zelli\u011fini<\/a> kullanarak sarma metnini uygulamak istedi\u011finiz h\u00fccreyi tan\u0131mlay\u0131n.<\/li><li> S\u00f6z konusu h\u00fccrenin <a href=\"https:\/\/exceladvisor.org\/tr\/nesneler\/\">\u00f6zelliklerinin ve y\u00f6ntemlerinin<\/a> listesini g\u00f6rmek i\u00e7in bir nokta yaz\u0131n.<\/li><li> Listeden \u201cWrapText\u201d \u00f6zelli\u011fini se\u00e7in.<\/li><li> E\u015fittir i\u015faretini \u201c=\u201d girin ve s\u00f6zc\u00fck kayd\u0131rmay\u0131 etkinle\u015ftirmek i\u00e7in DO\u011eRU yaz\u0131n.<\/li><\/ol><pre class=\"wp-block-code\"> <code class=\"language-visual-basic\" lang=\"visual-basic\">Sub vba_wrap_text() Range(\"A1\").WrapText = True End Sub<\/code><\/pre><p> Ayr\u0131ca bir h\u00fccreyi a\u015fa\u011f\u0131daki \u015fekilde de belirtebilirsiniz.<\/p><pre class=\"wp-block-code\"> <code class=\"language-visual-basic\" lang=\"visual-basic\">Cells(1, 1).WrapText = True<\/code><\/pre><h2 class=\"wp-block-heading\"> Metni bir h\u00fccre sat\u0131r\u0131na kayd\u0131r<\/h2><p> Ayr\u0131ca kayd\u0131rma metnini aral\u0131\u011f\u0131n tamam\u0131na uygulamak istiyorsan\u0131z tek bir h\u00fccre yerine aral\u0131\u011f\u0131 belirtmeniz gerekir.<\/p><pre class=\"wp-block-code\"> <code class=\"language-visual-basic\" lang=\"visual-basic\">Range(\"A1:A5\").WrapText = True<\/code><\/pre><p> Ayr\u0131ca \u201cUsedRange\u201d \u00f6zelli\u011fini kullanarak bunu kullan\u0131lan aral\u0131\u011fa (veri girdi\u011finiz \u00e7al\u0131\u015fma sayfas\u0131n\u0131n se\u00e7imi) de uygulayabilirsiniz. <\/p><pre class=\"wp-block-code\"> <code class=\"language-visual-basic\" lang=\"visual-basic\">Worksheets(\"Sheet1\").UsedRange.WrapText = True ActiveSheet.UsedRange.WrapText = True<\/code><\/pre><div class=\"wp-block-image\"><figure class=\"aligncenter size-large is-resized\"><img loading=\"lazy\" decoding=\"async\" class=\"wp-image-51968\" src=\"https:\/\/exceladvisor.org\/wp-content\/uploads\/2023\/08\/3-appliquer-le-texte-dhabillage-a-la-plage-utilisee.png\" sizes=\"auto, \" srcset=\"\" alt=\"sarma-metnini-kullan\u0131lan-aral\u0131\u011fa uygula\" width=\"539\" height=\"243\"><\/figure><\/div><p> Yukar\u0131daki kodun ilk sat\u0131r\u0131nda, <a href=\"https:\/\/exceladvisor.org\/tr\/calisma-sayfasi-1\/\">\u00c7al\u0131\u015fma Sayfas\u0131n\u0131 ve ard\u0131ndan metni kayd\u0131rmak i\u00e7in &#8220;UsedProperty&#8221;yi belirttiniz<\/a> . \u0130kinci sat\u0131rda <a href=\"https:\/\/exceladvisor.org\/tr\/sayfayi-etkinlestir\/\">aktif sayfan\u0131n<\/a> kullan\u0131lan aral\u0131\u011f\u0131na sahipsiniz. Ancak her iki hat da ayn\u0131 \u015fekilde \u00e7al\u0131\u015f\u0131r.<\/p><p> \u0130\u015fte bilmeniz gereken birka\u00e7 \u00f6rnek daha:<\/p><ul><li> S\u00fcrekli olmayan h\u00fccreler<\/li><li> B\u00fct\u00fcn \u00e7izgi<\/li><li> T\u00fcm s\u00fctun<\/li><li> Adland\u0131r\u0131lm\u0131\u015f aral\u0131k <\/li><\/ul><div class=\"wp-block-image\"><figure class=\"aligncenter size-large is-resized\"><img loading=\"lazy\" decoding=\"async\" class=\"wp-image-51969\" src=\"https:\/\/exceladvisor.org\/wp-content\/uploads\/2023\/08\/4-quelques-exemples-de-texte-dhabillage.png\" sizes=\"auto, \" srcset=\"\" alt=\"baz\u0131-sarma-metin \u00f6rnekleri\" width=\"565\" height=\"289\"><\/figure><\/div><pre class=\"wp-block-code\"> <code class=\"language-visual-basic\" lang=\"visual-basic\">Range(\"A1:A10,C1:C10\").WrapText = True Range(\"A:A\").WrapText = True Range(\"1:1\").WrapText = True Range(\"myRange\").WrapText = True<\/code><\/pre><h2 class=\"wp-block-heading\"> Metni \u00e7al\u0131\u015fma sayfas\u0131 boyunca kayd\u0131r<\/h2><p> \u00c7al\u0131\u015fma sayfas\u0131n\u0131n tamam\u0131na ba\u015fvurmak i\u00e7in a\u015fa\u011f\u0131daki kodda oldu\u011fu gibi H\u00fccreler \u00f6zelli\u011fini kullanman\u0131z gerekir. <\/p><pre class=\"wp-block-code\"> <code class=\"language-visual-basic\" lang=\"visual-basic\">Cells.WrapText = True Worksheets(\"Sheet1\").Cells.WrapText = True<\/code><\/pre><div class=\"wp-block-image\"><figure class=\"aligncenter size-large is-resized\"><img loading=\"lazy\" decoding=\"async\" class=\"wp-image-51970\" src=\"https:\/\/exceladvisor.org\/wp-content\/uploads\/2023\/08\/5-envelopper-le-texte-dans-toute-la-feuille-de-calcul.png\" sizes=\"auto, \" srcset=\"\" alt=\"metni \u00e7al\u0131\u015fma sayfas\u0131n\u0131n tamam\u0131na kayd\u0131r\" width=\"531\" height=\"219\"><\/figure><\/div><p> Kodun ilk sat\u0131r\u0131 etkin sayfay\u0131, ikinci sat\u0131r\u0131 ise &#8220;Sayfa1&#8221; \u00e7al\u0131\u015fma sayfas\u0131n\u0131 belirtir. \u00c7al\u0131\u015fma kitab\u0131ndaki <a href=\"https:\/\/exceladvisor.org\/tr\/dongu-yapraklari\/\">t\u00fcm \u00e7al\u0131\u015fma sayfalar\u0131nda d\u00f6ng\u00fc yapmak<\/a> ve sarma metnini t\u00fcm h\u00fccrelere uygulamak i\u00e7in <a href=\"https:\/\/exceladvisor.org\/tr\/dongu-icin\/\">HER B\u0130R\u0130 \u0130\u00c7\u0130N (Sonraki \u0130\u00e7in)<\/a> kullanarak bir d\u00f6ng\u00fc de kullanabilirsiniz. <\/p><div class=\"wp-block-image\"><figure class=\"aligncenter size-large is-resized\"><img loading=\"lazy\" decoding=\"async\" class=\"wp-image-51971\" src=\"https:\/\/exceladvisor.org\/wp-content\/uploads\/2023\/08\/6-boucle-a-utiliser-pour-appliquer-le-texte-dhabillage.png\" sizes=\"auto, \" srcset=\"\" alt=\"sarma metnini uygulamak i\u00e7in d\u00f6ng\u00fc kullanma\" width=\"495\" height=\"301\"><\/figure><\/div><pre class=\"wp-block-code\"> <code class=\"language-visual-basic\" lang=\"visual-basic\">Dim ws As Worksheet For Each ws In ActiveWorkbook.Worksheets Cells.WrapText = True Next ws<\/code><\/pre><p> Yukar\u0131daki kodda, <a href=\"https:\/\/exceladvisor.org\/tr\/degiskenler\/\">de\u011fi\u015fken<\/a> olarak &#8220;ws&#8221; vard\u0131r, ard\u0131ndan Her D\u00f6ng\u00fc \u0130\u00e7in \u00e7al\u0131\u015fma kitab\u0131ndaki t\u00fcm \u00e7al\u0131\u015fma sayfalar\u0131 aras\u0131nda d\u00f6ng\u00fc yapar ve H\u00fccreler&#8217;i kullanarak \u00e7al\u0131\u015fma sayfas\u0131n\u0131n tamam\u0131n\u0131n metnini sarmak i\u00e7in uygulan\u0131r.<\/p><h2 class=\"wp-block-heading\"> WrapText&#8217;i devre d\u0131\u015f\u0131 b\u0131rak<\/h2><p> G\u00f6rd\u00fc\u011f\u00fcn\u00fcz gibi WrapText \u00f6zelli\u011fini etkinle\u015ftirmeniz gerekiyor ve benzer \u015fekilde FALSE bildirerek add komutunu kullanarak devre d\u0131\u015f\u0131 b\u0131rakabilirsiniz.<\/p><pre class=\"wp-block-code\"> <code class=\"language-visual-basic\" lang=\"visual-basic\">Range(\"A1\").WrapText = False<\/code><\/pre><p class=\"qt-tip\"> <strong>Not:<\/strong> Anlaman\u0131z gereken bir \u015fey var, e\u011fer bir h\u00fccrede bir de\u011feriniz varsa ve h\u00fccrelerin geni\u015fli\u011fi bu de\u011feri saklamak i\u00e7in yeterliyse o zaman sat\u0131ra metin uygulasan\u0131z bile Excel <a href=\"https:\/\/exceladvisor.org\/tr\/yeni-hat\/\">i\u00e7eri\u011fi bir sonraki sat\u0131ra ta\u015f\u0131mayacakt\u0131r<\/a> .<\/p><div class=\"gb-container gb-container-4db6181c gb-container-mt\"> <a class=\"gb-button gb-button-c5897111 gb-button-text gb-button-mt-button\" href=\"https:\/\/exceladvisor.org\/tr\/vba\/\">VBA nedir<\/a><h2 class=\"gb-headline gb-headline-665e5f6b gb-headline-text gb-headline-mt-heading\"> \u0130lgili e\u011fitimler <\/h2><div class=\"gb-grid-wrapper gb-grid-wrapper-a20baf7c gb-grid-wrapper-mt-grid\"><div class=\"gb-grid-column gb-grid-column-65ddf67e\"><div class=\"gb-container gb-container-65ddf67e\"><ul><li> <a href=\"https:\/\/exceladvisor.org\/tr\/satir-sayisi\/\">Excel&#8217;de VBA kullanarak sat\u0131rlar\u0131 sayma<\/a><\/li><li> <a href=\"https:\/\/exceladvisor.org\/tr\/karakter-yazi-tipi\/\">Excel VBA yaz\u0131 tipi (renk, boyut, t\u00fcr ve kal\u0131n)<\/a><\/li><li> <a href=\"https:\/\/exceladvisor.org\/tr\/sutun-satirini-gosteri-gizle\/\">Excel VBA Bir s\u00fctunu veya sat\u0131r\u0131 gizleyin ve g\u00f6sterin<\/a><\/li><li> <a href=\"https:\/\/exceladvisor.org\/tr\/aralik-1\/\">Excel VBA Aral\u0131\u011f\u0131 \u2013 Aral\u0131k ve H\u00fccrelerle \u00c7al\u0131\u015fmak<\/a><\/li><li> <a href=\"https:\/\/exceladvisor.org\/tr\/sinirlar\/\">Excel&#8217;de VBA kullanarak h\u00fccreye kenarl\u0131klar uygulama<\/a> <\/li><\/ul><\/div><\/div><div class=\"gb-grid-column gb-grid-column-50067b57\"><div class=\"gb-container gb-container-50067b57\"><\/div><\/div><\/div><\/div>","protected":false},"excerpt":{"rendered":"","protected":false},"author":1,"featured_media":0,"parent":0,"menu_order":0,"comment_status":"open","ping_status":"closed","template":"","meta":{"ub_ctt_via":"","footnotes":""},"class_list":["post-2153","page","type-page","status-publish","hentry"],"featured_image_src":null,"yoast_head":"<!-- This site is optimized with the Yoast SEO plugin v25.4 - https:\/\/yoast.com\/wordpress\/plugins\/seo\/ -->\n<title>VBA arac\u0131l\u0131\u011f\u0131yla Metni Sarma herhangi bir yerde nas\u0131l kullan\u0131l\u0131r? - Excel Dan\u0131\u015fman\u0131<\/title>\n<meta name=\"description\" content=\"Bu e\u011fitimde, bir h\u00fccredeki, bir aral\u0131ktaki ve \u00e7al\u0131\u015fma sayfas\u0131n\u0131n tamam\u0131ndaki metni sarmak i\u00e7in VBA kodunun nas\u0131l yaz\u0131laca\u011f\u0131 g\u00f6sterilir.\" \/>\n<meta name=\"robots\" content=\"index, follow, max-snippet:-1, max-image-preview:large, max-video-preview:-1\" \/>\n<link rel=\"canonical\" href=\"https:\/\/exceladvisor.org\/tr\/metni-kaydir-1\/\" \/>\n<meta property=\"og:locale\" content=\"tr_TR\" \/>\n<meta property=\"og:type\" content=\"article\" \/>\n<meta property=\"og:title\" content=\"VBA arac\u0131l\u0131\u011f\u0131yla Metni Sarma herhangi bir yerde nas\u0131l kullan\u0131l\u0131r? - Excel Dan\u0131\u015fman\u0131\" \/>\n<meta property=\"og:description\" content=\"Bu e\u011fitimde, bir h\u00fccredeki, bir aral\u0131ktaki ve \u00e7al\u0131\u015fma sayfas\u0131n\u0131n tamam\u0131ndaki metni sarmak i\u00e7in VBA kodunun nas\u0131l yaz\u0131laca\u011f\u0131 g\u00f6sterilir.\" \/>\n<meta property=\"og:url\" content=\"https:\/\/exceladvisor.org\/tr\/metni-kaydir-1\/\" \/>\n<meta property=\"og:site_name\" content=\"Excel Advisor\" \/>\n<meta property=\"article:modified_time\" content=\"2023-12-10T06:04:56+00:00\" \/>\n<meta property=\"og:image\" content=\"https:\/\/exceladvisor.org\/wp-content\/uploads\/2023\/08\/3-appliquer-le-texte-dhabillage-a-la-plage-utilisee.png\" \/>\n<meta name=\"twitter:card\" content=\"summary_large_image\" \/>\n<meta name=\"twitter:label1\" content=\"Tahmini okuma s\u00fcresi\" \/>\n\t<meta name=\"twitter:data1\" content=\"3 dakika\" \/>\n<script type=\"application\/ld+json\" class=\"yoast-schema-graph\">{\"@context\":\"https:\/\/schema.org\",\"@graph\":[{\"@type\":\"WebPage\",\"@id\":\"https:\/\/exceladvisor.org\/tr\/metni-kaydir-1\/\",\"url\":\"https:\/\/exceladvisor.org\/tr\/metni-kaydir-1\/\",\"name\":\"VBA arac\u0131l\u0131\u011f\u0131yla Metni Sarma herhangi bir yerde nas\u0131l kullan\u0131l\u0131r? - Excel Dan\u0131\u015fman\u0131\",\"isPartOf\":{\"@id\":\"https:\/\/exceladvisor.org\/tr\/#website\"},\"primaryImageOfPage\":{\"@id\":\"https:\/\/exceladvisor.org\/tr\/metni-kaydir-1\/#primaryimage\"},\"image\":{\"@id\":\"https:\/\/exceladvisor.org\/tr\/metni-kaydir-1\/#primaryimage\"},\"thumbnailUrl\":\"https:\/\/exceladvisor.org\/wp-content\/uploads\/2023\/08\/3-appliquer-le-texte-dhabillage-a-la-plage-utilisee.png\",\"datePublished\":\"2023-09-28T18:12:05+00:00\",\"dateModified\":\"2023-12-10T06:04:56+00:00\",\"description\":\"Bu e\u011fitimde, bir h\u00fccredeki, bir aral\u0131ktaki ve \u00e7al\u0131\u015fma sayfas\u0131n\u0131n tamam\u0131ndaki metni sarmak i\u00e7in VBA kodunun nas\u0131l yaz\u0131laca\u011f\u0131 g\u00f6sterilir.\",\"breadcrumb\":{\"@id\":\"https:\/\/exceladvisor.org\/tr\/metni-kaydir-1\/#breadcrumb\"},\"inLanguage\":\"tr\",\"potentialAction\":[{\"@type\":\"ReadAction\",\"target\":[\"https:\/\/exceladvisor.org\/tr\/metni-kaydir-1\/\"]}]},{\"@type\":\"ImageObject\",\"inLanguage\":\"tr\",\"@id\":\"https:\/\/exceladvisor.org\/tr\/metni-kaydir-1\/#primaryimage\",\"url\":\"https:\/\/exceladvisor.org\/wp-content\/uploads\/2023\/08\/3-appliquer-le-texte-dhabillage-a-la-plage-utilisee.png\",\"contentUrl\":\"https:\/\/exceladvisor.org\/wp-content\/uploads\/2023\/08\/3-appliquer-le-texte-dhabillage-a-la-plage-utilisee.png\"},{\"@type\":\"BreadcrumbList\",\"@id\":\"https:\/\/exceladvisor.org\/tr\/metni-kaydir-1\/#breadcrumb\",\"itemListElement\":[{\"@type\":\"ListItem\",\"position\":1,\"name\":\"Ev\",\"item\":\"https:\/\/exceladvisor.org\/tr\/\"},{\"@type\":\"ListItem\",\"position\":2,\"name\":\"Vba arac\u0131l\u0131\u011f\u0131yla metni sarma herhangi bir yerde nas\u0131l kullan\u0131l\u0131r?\"}]},{\"@type\":\"WebSite\",\"@id\":\"https:\/\/exceladvisor.org\/tr\/#website\",\"url\":\"https:\/\/exceladvisor.org\/tr\/\",\"name\":\"Excel Advisor\",\"description\":\"Veri hakimiyetine y\u00f6nelik nihai rehberiniz!\",\"publisher\":{\"@id\":\"https:\/\/exceladvisor.org\/tr\/#organization\"},\"potentialAction\":[{\"@type\":\"SearchAction\",\"target\":{\"@type\":\"EntryPoint\",\"urlTemplate\":\"https:\/\/exceladvisor.org\/tr\/?s={search_term_string}\"},\"query-input\":{\"@type\":\"PropertyValueSpecification\",\"valueRequired\":true,\"valueName\":\"search_term_string\"}}],\"inLanguage\":\"tr\"},{\"@type\":\"Organization\",\"@id\":\"https:\/\/exceladvisor.org\/tr\/#organization\",\"name\":\"Excel Advisor\",\"url\":\"https:\/\/exceladvisor.org\/tr\/\",\"logo\":{\"@type\":\"ImageObject\",\"inLanguage\":\"tr\",\"@id\":\"https:\/\/exceladvisor.org\/tr\/#\/schema\/logo\/image\/\",\"url\":\"https:\/\/exceladvisor.org\/tr\/wp-content\/uploads\/2023\/12\/exceladvisor.org_.png\",\"contentUrl\":\"https:\/\/exceladvisor.org\/tr\/wp-content\/uploads\/2023\/12\/exceladvisor.org_.png\",\"width\":105,\"height\":36,\"caption\":\"Excel Advisor\"},\"image\":{\"@id\":\"https:\/\/exceladvisor.org\/tr\/#\/schema\/logo\/image\/\"}}]}<\/script>\n<!-- \/ Yoast SEO plugin. -->","yoast_head_json":{"title":"VBA arac\u0131l\u0131\u011f\u0131yla Metni Sarma herhangi bir yerde nas\u0131l kullan\u0131l\u0131r? - Excel Dan\u0131\u015fman\u0131","description":"Bu e\u011fitimde, bir h\u00fccredeki, bir aral\u0131ktaki ve \u00e7al\u0131\u015fma sayfas\u0131n\u0131n tamam\u0131ndaki metni sarmak i\u00e7in VBA kodunun nas\u0131l yaz\u0131laca\u011f\u0131 g\u00f6sterilir.","robots":{"index":"index","follow":"follow","max-snippet":"max-snippet:-1","max-image-preview":"max-image-preview:large","max-video-preview":"max-video-preview:-1"},"canonical":"https:\/\/exceladvisor.org\/tr\/metni-kaydir-1\/","og_locale":"tr_TR","og_type":"article","og_title":"VBA arac\u0131l\u0131\u011f\u0131yla Metni Sarma herhangi bir yerde nas\u0131l kullan\u0131l\u0131r? - Excel Dan\u0131\u015fman\u0131","og_description":"Bu e\u011fitimde, bir h\u00fccredeki, bir aral\u0131ktaki ve \u00e7al\u0131\u015fma sayfas\u0131n\u0131n tamam\u0131ndaki metni sarmak i\u00e7in VBA kodunun nas\u0131l yaz\u0131laca\u011f\u0131 g\u00f6sterilir.","og_url":"https:\/\/exceladvisor.org\/tr\/metni-kaydir-1\/","og_site_name":"Excel Advisor","article_modified_time":"2023-12-10T06:04:56+00:00","og_image":[{"url":"https:\/\/exceladvisor.org\/wp-content\/uploads\/2023\/08\/3-appliquer-le-texte-dhabillage-a-la-plage-utilisee.png","type":"","width":"","height":""}],"twitter_card":"summary_large_image","twitter_misc":{"Tahmini okuma s\u00fcresi":"3 dakika"},"schema":{"@context":"https:\/\/schema.org","@graph":[{"@type":"WebPage","@id":"https:\/\/exceladvisor.org\/tr\/metni-kaydir-1\/","url":"https:\/\/exceladvisor.org\/tr\/metni-kaydir-1\/","name":"VBA arac\u0131l\u0131\u011f\u0131yla Metni Sarma herhangi bir yerde nas\u0131l kullan\u0131l\u0131r? - Excel Dan\u0131\u015fman\u0131","isPartOf":{"@id":"https:\/\/exceladvisor.org\/tr\/#website"},"primaryImageOfPage":{"@id":"https:\/\/exceladvisor.org\/tr\/metni-kaydir-1\/#primaryimage"},"image":{"@id":"https:\/\/exceladvisor.org\/tr\/metni-kaydir-1\/#primaryimage"},"thumbnailUrl":"https:\/\/exceladvisor.org\/wp-content\/uploads\/2023\/08\/3-appliquer-le-texte-dhabillage-a-la-plage-utilisee.png","datePublished":"2023-09-28T18:12:05+00:00","dateModified":"2023-12-10T06:04:56+00:00","description":"Bu e\u011fitimde, bir h\u00fccredeki, bir aral\u0131ktaki ve \u00e7al\u0131\u015fma sayfas\u0131n\u0131n tamam\u0131ndaki metni sarmak i\u00e7in VBA kodunun nas\u0131l yaz\u0131laca\u011f\u0131 g\u00f6sterilir.","breadcrumb":{"@id":"https:\/\/exceladvisor.org\/tr\/metni-kaydir-1\/#breadcrumb"},"inLanguage":"tr","potentialAction":[{"@type":"ReadAction","target":["https:\/\/exceladvisor.org\/tr\/metni-kaydir-1\/"]}]},{"@type":"ImageObject","inLanguage":"tr","@id":"https:\/\/exceladvisor.org\/tr\/metni-kaydir-1\/#primaryimage","url":"https:\/\/exceladvisor.org\/wp-content\/uploads\/2023\/08\/3-appliquer-le-texte-dhabillage-a-la-plage-utilisee.png","contentUrl":"https:\/\/exceladvisor.org\/wp-content\/uploads\/2023\/08\/3-appliquer-le-texte-dhabillage-a-la-plage-utilisee.png"},{"@type":"BreadcrumbList","@id":"https:\/\/exceladvisor.org\/tr\/metni-kaydir-1\/#breadcrumb","itemListElement":[{"@type":"ListItem","position":1,"name":"Ev","item":"https:\/\/exceladvisor.org\/tr\/"},{"@type":"ListItem","position":2,"name":"Vba arac\u0131l\u0131\u011f\u0131yla metni sarma herhangi bir yerde nas\u0131l kullan\u0131l\u0131r?"}]},{"@type":"WebSite","@id":"https:\/\/exceladvisor.org\/tr\/#website","url":"https:\/\/exceladvisor.org\/tr\/","name":"Excel Advisor","description":"Veri hakimiyetine y\u00f6nelik nihai rehberiniz!","publisher":{"@id":"https:\/\/exceladvisor.org\/tr\/#organization"},"potentialAction":[{"@type":"SearchAction","target":{"@type":"EntryPoint","urlTemplate":"https:\/\/exceladvisor.org\/tr\/?s={search_term_string}"},"query-input":{"@type":"PropertyValueSpecification","valueRequired":true,"valueName":"search_term_string"}}],"inLanguage":"tr"},{"@type":"Organization","@id":"https:\/\/exceladvisor.org\/tr\/#organization","name":"Excel Advisor","url":"https:\/\/exceladvisor.org\/tr\/","logo":{"@type":"ImageObject","inLanguage":"tr","@id":"https:\/\/exceladvisor.org\/tr\/#\/schema\/logo\/image\/","url":"https:\/\/exceladvisor.org\/tr\/wp-content\/uploads\/2023\/12\/exceladvisor.org_.png","contentUrl":"https:\/\/exceladvisor.org\/tr\/wp-content\/uploads\/2023\/12\/exceladvisor.org_.png","width":105,"height":36,"caption":"Excel Advisor"},"image":{"@id":"https:\/\/exceladvisor.org\/tr\/#\/schema\/logo\/image\/"}}]}},"yoast_meta":{"yoast_wpseo_title":"","yoast_wpseo_metadesc":"","yoast_wpseo_canonical":""},"_links":{"self":[{"href":"https:\/\/exceladvisor.org\/tr\/wp-json\/wp\/v2\/pages\/2153","targetHints":{"allow":["GET"]}}],"collection":[{"href":"https:\/\/exceladvisor.org\/tr\/wp-json\/wp\/v2\/pages"}],"about":[{"href":"https:\/\/exceladvisor.org\/tr\/wp-json\/wp\/v2\/types\/page"}],"author":[{"embeddable":true,"href":"https:\/\/exceladvisor.org\/tr\/wp-json\/wp\/v2\/users\/1"}],"replies":[{"embeddable":true,"href":"https:\/\/exceladvisor.org\/tr\/wp-json\/wp\/v2\/comments?post=2153"}],"version-history":[{"count":1,"href":"https:\/\/exceladvisor.org\/tr\/wp-json\/wp\/v2\/pages\/2153\/revisions"}],"predecessor-version":[{"id":2778,"href":"https:\/\/exceladvisor.org\/tr\/wp-json\/wp\/v2\/pages\/2153\/revisions\/2778"}],"wp:attachment":[{"href":"https:\/\/exceladvisor.org\/tr\/wp-json\/wp\/v2\/media?parent=2153"}],"curies":[{"name":"wp","href":"https:\/\/api.w.org\/{rel}","templated":true}]}}