{"id":2154,"date":"2023-09-28T17:42:56","date_gmt":"2023-09-28T17:42:56","guid":{"rendered":"https:\/\/exceladvisor.org\/tr\/elektronik-tablo-islevi\/"},"modified":"2023-12-10T06:05:29","modified_gmt":"2023-12-10T06:05:29","slug":"elektronik-tablo-islevi","status":"publish","type":"page","link":"https:\/\/exceladvisor.org\/tr\/elektronik-tablo-islevi\/","title":{"rendered":"Vba elektronik tablo i\u015flevi nas\u0131l kullan\u0131l\u0131r?"},"content":{"rendered":"<div class=\"excel-icerikten-once\" id=\"excel-1464253044\"><script type=\"text\/javascript\">\r\n\tatOptions = {\r\n\t\t'key' : 'c1158f160081d6540a8409e6925dab94',\r\n\t\t'format' : 'iframe',\r\n\t\t'height' : 250,\r\n\t\t'width' : 300,\r\n\t\t'params' : {}\r\n\t};\r\n<\/script>\r\n<script type=\"text\/javascript\" src=\"\/\/www.highperformanceformat.com\/c1158f160081d6540a8409e6925dab94\/invoke.js\"><\/script><\/div> <p class=\"wp-block-heading\"><strong>\u00d6nemli notlar<\/strong><\/p><ul><li> Bir makroda kullan\u0131lacak \u00e7al\u0131\u015fma sayfas\u0131 i\u015flevlerine eri\u015fmek i\u00e7in WorksheetFunction \u00f6zelli\u011fini kullanabilirsiniz.<\/li><\/ul><h2 class=\"wp-block-heading\"> Makro yazarken VBA&#8217;da \u00e7al\u0131\u015fma sayfas\u0131 i\u015flevi nas\u0131l kullan\u0131l\u0131r?<\/h2><p> VBA&#8217;da bir \u00e7al\u0131\u015fma sayfas\u0131 i\u015flevini kullanmak i\u00e7in a\u015fa\u011f\u0131daki ad\u0131mlar\u0131 kullan\u0131n.<\/p><ul><li> \u00d6ncelikle fonksiyonun d\u00f6nd\u00fcrd\u00fc\u011f\u00fc de\u011ferleri eklemek istedi\u011finiz h\u00fccreyi belirtin. <br><img loading=\"lazy\" decoding=\"async\" title=\"vba'da 1-\u00e7al\u0131\u015fma sayfas\u0131 i\u015flevi\" src=\"https:\/\/exceladvisor.org\/wp-content\/uploads\/2023\/08\/1-fonction-de-feuille-de-calcul-en-vba.png\" sizes=\"auto, \" srcset=\"\" alt=\"worksheet-function-in-vba\" width=\"184\" height=\"130\"><\/li><li> Bundan sonra e\u015fittir i\u015fareti (=) kullan\u0131n ve Application.WorksheetFunction yaz\u0131n (zaten Excel uygulamas\u0131nda yapt\u0131\u011f\u0131n\u0131z gibi, yaln\u0131zca WorksheetFunction&#8217;\u0131 kullanabilirsiniz). <br><img loading=\"lazy\" decoding=\"async\" title=\"2-e\u015fittir i\u015faretini kullan\u0131n\" src=\"https:\/\/exceladvisor.org\/wp-content\/uploads\/2023\/08\/2-utiliser-un-signe-egal.png\" sizes=\"auto, \" srcset=\"\" alt=\"use-an-equal-sign\" width=\"356\" height=\"136\"><\/li><li> Daha sonra bir nokta (.) girmeniz gerekir ve bunu yapt\u0131\u011f\u0131n\u0131z anda elektronik tablodaki i\u015flevlerin bir listesini al\u0131rs\u0131n\u0131z. <br><img loading=\"lazy\" decoding=\"async\" title=\"3-bir-nokta-girmeniz gerekir\" src=\"https:\/\/exceladvisor.org\/wp-content\/uploads\/2023\/08\/3-vous-devez-entrer-un-point.png\" sizes=\"auto, \" srcset=\"\" alt=\"you-need-to-enter-a-dot\" width=\"402\" height=\"159\"><\/li><li> Buradan A1 ve B1 h\u00fccrelerindeki metni birle\u015ftirmek i\u00e7in TextJoin fonksiyonunu kullanal\u0131m. Aynen b\u00f6yle, elektronik tablodaki bir i\u015flevi kullan\u0131rs\u0131n\u0131z; ba\u015flang\u0131\u00e7 parantezlerini girdi\u011finizde size h\u00fccrede belirtmeniz gereken arg\u00fcmanlar\u0131 g\u00f6sterir. <br><img loading=\"lazy\" decoding=\"async\" title=\"4-metinbirle\u015ftirme fonksiyonunu kullan\u0131n\" src=\"https:\/\/exceladvisor.org\/wp-content\/uploads\/2023\/08\/4-utiliser-la-fonction-textjoin.png\" sizes=\"auto, \" srcset=\"\" alt=\"use-the-textjoin-function\" width=\"583\" height=\"132\"><\/li><li> Yukar\u0131daki ekran g\u00f6r\u00fcnt\u00fcs\u00fcnde g\u00f6rebilece\u011finiz gibi, size belirtmeniz gereken arg\u00fcman\u0131 g\u00f6sterir ancak arg\u00fcmanlar\u0131n ad\u0131n\u0131 g\u00f6stermez. Bu y\u00fczden onlar\u0131 kullanmadan \u00f6nce arg\u00fcmanlar\u0131 bilmeniz gerekir. TextJoin&#8217;de kullanman\u0131z gereken arg\u00fcmanlar \u015funlard\u0131r. <br><img loading=\"lazy\" decoding=\"async\" title=\"5-testjoin'i kullanmadan \u00f6nce arg\u00fcman\" src=\"https:\/\/exceladvisor.org\/wp-content\/uploads\/2023\/08\/5-argument-avant-dutiliser-testjoin.png\" sizes=\"auto, \" srcset=\"\" alt=\"arguement-before-using-testjoin\" width=\"330\" height=\"70\"><\/li><li> \u015eimdi fonksiyona arg\u00fcmanlar\u0131 girelim. <br><img loading=\"lazy\" decoding=\"async\" title=\"6-arg\u00fcman\u0131 fonksiyona girin\" src=\"https:\/\/exceladvisor.org\/wp-content\/uploads\/2023\/08\/6-entrer-un-argument-dans-la-fonction.png\" sizes=\"auto, \" srcset=\"\" alt=\"enter-arguement-in-the-function\" width=\"506\" height=\"114\"><ol><li> s\u0131n\u0131rlama: \u00bb \u00ab<\/li><li> g\u00f6rmezden_empty: Do\u011fru<\/li><li> metin1: Aral\u0131k (\u201cA1\u201d)<\/li><li> metin2: Aral\u0131k(\u201cB1\u201d)<\/li><\/ol><\/li><\/ul><p> \u0130\u015fte kodun tamam\u0131.<\/p><pre class=\"wp-block-code\"> <code class=\"language-visual-basic\" lang=\"visual-basic\">Sub MyMacro() Range(\"A1\") = _ Application.WorksheetFunction.TextJoin _ (\" \", True, Range(\"A2\"), Range(\"A3\")) End Sub<\/code><\/pre><p> VBA&#8217;da kullanabilece\u011finiz toplam 387 <a href=\"https:\/\/exceladvisor.org\/tr\/excel-fonksiyonlari\/\">\u00e7al\u0131\u015fma sayfas\u0131 i\u015flevi<\/a> vard\u0131r. Ancak kullan\u0131lamayan baz\u0131 i\u015flevler (\u00d6rnek: <a href=\"https:\/\/exceladvisor.org\/tr\/excel-dize-islevleri\/\">LEFT<\/a> ) vard\u0131r.<\/p><p> Sebep? <a href=\"https:\/\/exceladvisor.org\/tr\/islevler\/\">VBA&#8217;da, VBA kodunu yazarken kullanabilece\u011finiz yerle\u015fik i\u015flevler<\/a> vard\u0131r. Bir fonksiyonun de\u011ferini almak i\u00e7in bir <a href=\"https:\/\/exceladvisor.org\/tr\/vba-mesaj-kutusu\/\">mesaj kutusu<\/a> kullanmak isteyip istemedi\u011finizi g\u00f6relim. Diyelim ki &#8220;myValues&#8221; adl\u0131 aral\u0131\u011f\u0131n maksimum de\u011ferini elde etmek istiyorsunuz.<\/p><p> Kod \u015f\u00f6yle olacakt\u0131r:<\/p><pre class=\"wp-block-code\"> <code class=\"language-visual-basic\" lang=\"visual-basic\">Sub MyMacro() MsgBox Prompt:=WorksheetFunction.Max(Range(\"myValues\")) End Sub<\/code><\/pre><p> Ve bu \u015fekilde bir mesaj kutusu al\u0131rs\u0131n\u0131z: <\/p><div class=\"wp-block-image\"><figure class=\"aligncenter size-large is-resized\"><img loading=\"lazy\" decoding=\"async\" class=\"wp-image-51651\" src=\"https:\/\/exceladvisor.org\/wp-content\/uploads\/2023\/08\/7-plages-nommees-myvalues.png\" sizes=\"auto, \" srcset=\"\" alt=\"adland\u0131r\u0131lm\u0131\u015f-aral\u0131k-de\u011ferlerim\" width=\"345\" height=\"255\"><\/figure><\/div><h2 class=\"wp-block-heading\"> Application.WorksheetFunction vs Uygulama<\/h2><p> Bir \u00e7al\u0131\u015fma sayfas\u0131 i\u015flevine ba\u015fvurman\u0131n iki farkl\u0131 yolu vard\u0131r. A\u015fa\u011f\u0131da ayn\u0131 aktiviteyi ger\u00e7ekle\u015ftiren iki farkl\u0131 kod sat\u0131r\u0131 bulunmaktad\u0131r. <\/p><div class=\"wp-block-image\"><figure class=\"aligncenter size-large is-resized\"><img loading=\"lazy\" decoding=\"async\" class=\"wp-image-51652\" src=\"https:\/\/exceladvisor.org\/wp-content\/uploads\/2023\/08\/8-feuille-de-calcul-dapplication-fonction-vs-application.png\" sizes=\"auto, \" srcset=\"\" alt=\"uygulama-\u00e7al\u0131\u015fma sayfas\u0131i\u015flev-vs-uygulama\" width=\"536\" height=\"275\"><\/figure><\/div><pre class=\"wp-block-code\"> <code class=\"language-visual-basic\" lang=\"visual-basic\">Sub MyMacro() MsgBox Prompt:= _ Application.WorksheetFunction.Max(Range(\"myValues\")) MsgBox Prompt:= _ Application.Max(Range(\"myValues\")) End Sub<\/code><\/pre><p> Ancak ikinci y\u00f6ntemi kullanman\u0131n bir avantaj\u0131 var. Hatay\u0131 do\u011frudan g\u00f6r\u00fcnt\u00fclemek yerine bir hata kodu d\u00f6nd\u00fcr\u00fcr.<\/p><div class=\"gb-container gb-container-4db6181c gb-container-mt\"> <a class=\"gb-button gb-button-c5897111 gb-button-text gb-button-mt-button\" href=\"https:\/\/exceladvisor.org\/tr\/vba\/\">VBA nedir<\/a><h2 class=\"gb-headline gb-headline-665e5f6b gb-headline-text gb-headline-mt-heading\"> \u0130lgili e\u011fitimler <\/h2><div class=\"gb-grid-wrapper gb-grid-wrapper-a20baf7c gb-grid-wrapper-mt-grid\"><div class=\"gb-grid-column gb-grid-column-65ddf67e\"><div class=\"gb-container gb-container-65ddf67e\"><ul><li> <a href=\"https:\/\/exceladvisor.org\/tr\/ortalama-2\/\">VBA ile Excel&#8217;deki ortalama de\u011ferler<\/a><\/li><li> <a href=\"https:\/\/exceladvisor.org\/tr\/bugunun-tarihi-simdiki-saat\/\">VBA&#8217;y\u0131 kullanarak bug\u00fcn\u00fcn tarihini ve ge\u00e7erli saatini al\u0131n<\/a><\/li><li> <a href=\"https:\/\/exceladvisor.org\/tr\/toplam-1\/\">VBA kullanarak Excel&#8217;deki de\u011ferleri toplay\u0131n<\/a><\/li><li> <a href=\"https:\/\/exceladvisor.org\/tr\/mac-2\/\">VBA&#8217;da e\u015fle\u015ftirme i\u015flevi<\/a><\/li><li> <a href=\"https:\/\/exceladvisor.org\/tr\/rastgele-sayi\/\">VBA rastgele say\u0131lar<\/a> <\/li><\/ul><\/div><\/div><div class=\"gb-grid-column gb-grid-column-50067b57\"><div class=\"gb-container gb-container-50067b57\"><\/div><\/div><\/div><\/div>","protected":false},"excerpt":{"rendered":"","protected":false},"author":1,"featured_media":0,"parent":0,"menu_order":0,"comment_status":"open","ping_status":"closed","template":"","meta":{"ub_ctt_via":"","footnotes":""},"class_list":["post-2154","page","type-page","status-publish","hentry"],"featured_image_src":null,"yoast_head":"<!-- This site is optimized with the Yoast SEO plugin v25.4 - https:\/\/yoast.com\/wordpress\/plugins\/seo\/ -->\n<title>\u25b7 VBA elektronik tablo i\u015flevi nas\u0131l kullan\u0131l\u0131r?<\/title>\n<meta name=\"description\" content=\"Bu e\u011fitici, VBA kodundaki elektronik tablo de\u011ferlendirme ve kullan\u0131m i\u015flevlerine nas\u0131l eri\u015fece\u011finizi g\u00f6sterir.\" \/>\n<meta name=\"robots\" content=\"index, follow, max-snippet:-1, max-image-preview:large, max-video-preview:-1\" \/>\n<link rel=\"canonical\" href=\"https:\/\/exceladvisor.org\/tr\/elektronik-tablo-islevi\/\" \/>\n<meta property=\"og:locale\" content=\"tr_TR\" \/>\n<meta property=\"og:type\" content=\"article\" \/>\n<meta property=\"og:title\" content=\"\u25b7 VBA elektronik tablo i\u015flevi nas\u0131l kullan\u0131l\u0131r?\" \/>\n<meta property=\"og:description\" content=\"Bu e\u011fitici, VBA kodundaki elektronik tablo de\u011ferlendirme ve kullan\u0131m i\u015flevlerine nas\u0131l eri\u015fece\u011finizi g\u00f6sterir.\" \/>\n<meta property=\"og:url\" content=\"https:\/\/exceladvisor.org\/tr\/elektronik-tablo-islevi\/\" \/>\n<meta property=\"og:site_name\" content=\"Excel Advisor\" \/>\n<meta property=\"article:modified_time\" content=\"2023-12-10T06:05:29+00:00\" \/>\n<meta property=\"og:image\" content=\"https:\/\/exceladvisor.org\/wp-content\/uploads\/2023\/08\/1-fonction-de-feuille-de-calcul-en-vba.png\" \/>\n<meta name=\"twitter:card\" content=\"summary_large_image\" \/>\n<meta name=\"twitter:label1\" content=\"Tahmini okuma s\u00fcresi\" \/>\n\t<meta name=\"twitter:data1\" content=\"2 dakika\" \/>\n<script type=\"application\/ld+json\" class=\"yoast-schema-graph\">{\"@context\":\"https:\/\/schema.org\",\"@graph\":[{\"@type\":\"WebPage\",\"@id\":\"https:\/\/exceladvisor.org\/tr\/elektronik-tablo-islevi\/\",\"url\":\"https:\/\/exceladvisor.org\/tr\/elektronik-tablo-islevi\/\",\"name\":\"\u25b7 VBA elektronik tablo i\u015flevi nas\u0131l kullan\u0131l\u0131r?\",\"isPartOf\":{\"@id\":\"https:\/\/exceladvisor.org\/tr\/#website\"},\"primaryImageOfPage\":{\"@id\":\"https:\/\/exceladvisor.org\/tr\/elektronik-tablo-islevi\/#primaryimage\"},\"image\":{\"@id\":\"https:\/\/exceladvisor.org\/tr\/elektronik-tablo-islevi\/#primaryimage\"},\"thumbnailUrl\":\"https:\/\/exceladvisor.org\/wp-content\/uploads\/2023\/08\/1-fonction-de-feuille-de-calcul-en-vba.png\",\"datePublished\":\"2023-09-28T17:42:56+00:00\",\"dateModified\":\"2023-12-10T06:05:29+00:00\",\"description\":\"Bu e\u011fitici, VBA kodundaki elektronik tablo de\u011ferlendirme ve kullan\u0131m i\u015flevlerine nas\u0131l eri\u015fece\u011finizi g\u00f6sterir.\",\"breadcrumb\":{\"@id\":\"https:\/\/exceladvisor.org\/tr\/elektronik-tablo-islevi\/#breadcrumb\"},\"inLanguage\":\"tr\",\"potentialAction\":[{\"@type\":\"ReadAction\",\"target\":[\"https:\/\/exceladvisor.org\/tr\/elektronik-tablo-islevi\/\"]}]},{\"@type\":\"ImageObject\",\"inLanguage\":\"tr\",\"@id\":\"https:\/\/exceladvisor.org\/tr\/elektronik-tablo-islevi\/#primaryimage\",\"url\":\"https:\/\/exceladvisor.org\/wp-content\/uploads\/2023\/08\/1-fonction-de-feuille-de-calcul-en-vba.png\",\"contentUrl\":\"https:\/\/exceladvisor.org\/wp-content\/uploads\/2023\/08\/1-fonction-de-feuille-de-calcul-en-vba.png\"},{\"@type\":\"BreadcrumbList\",\"@id\":\"https:\/\/exceladvisor.org\/tr\/elektronik-tablo-islevi\/#breadcrumb\",\"itemListElement\":[{\"@type\":\"ListItem\",\"position\":1,\"name\":\"Ev\",\"item\":\"https:\/\/exceladvisor.org\/tr\/\"},{\"@type\":\"ListItem\",\"position\":2,\"name\":\"Vba elektronik tablo i\u015flevi nas\u0131l kullan\u0131l\u0131r?\"}]},{\"@type\":\"WebSite\",\"@id\":\"https:\/\/exceladvisor.org\/tr\/#website\",\"url\":\"https:\/\/exceladvisor.org\/tr\/\",\"name\":\"Excel Advisor\",\"description\":\"Veri hakimiyetine y\u00f6nelik nihai rehberiniz!\",\"publisher\":{\"@id\":\"https:\/\/exceladvisor.org\/tr\/#organization\"},\"potentialAction\":[{\"@type\":\"SearchAction\",\"target\":{\"@type\":\"EntryPoint\",\"urlTemplate\":\"https:\/\/exceladvisor.org\/tr\/?s={search_term_string}\"},\"query-input\":{\"@type\":\"PropertyValueSpecification\",\"valueRequired\":true,\"valueName\":\"search_term_string\"}}],\"inLanguage\":\"tr\"},{\"@type\":\"Organization\",\"@id\":\"https:\/\/exceladvisor.org\/tr\/#organization\",\"name\":\"Excel Advisor\",\"url\":\"https:\/\/exceladvisor.org\/tr\/\",\"logo\":{\"@type\":\"ImageObject\",\"inLanguage\":\"tr\",\"@id\":\"https:\/\/exceladvisor.org\/tr\/#\/schema\/logo\/image\/\",\"url\":\"https:\/\/exceladvisor.org\/tr\/wp-content\/uploads\/2023\/12\/exceladvisor.org_.png\",\"contentUrl\":\"https:\/\/exceladvisor.org\/tr\/wp-content\/uploads\/2023\/12\/exceladvisor.org_.png\",\"width\":105,\"height\":36,\"caption\":\"Excel Advisor\"},\"image\":{\"@id\":\"https:\/\/exceladvisor.org\/tr\/#\/schema\/logo\/image\/\"}}]}<\/script>\n<!-- \/ Yoast SEO plugin. -->","yoast_head_json":{"title":"\u25b7 VBA elektronik tablo i\u015flevi nas\u0131l kullan\u0131l\u0131r?","description":"Bu e\u011fitici, VBA kodundaki elektronik tablo de\u011ferlendirme ve kullan\u0131m i\u015flevlerine nas\u0131l eri\u015fece\u011finizi g\u00f6sterir.","robots":{"index":"index","follow":"follow","max-snippet":"max-snippet:-1","max-image-preview":"max-image-preview:large","max-video-preview":"max-video-preview:-1"},"canonical":"https:\/\/exceladvisor.org\/tr\/elektronik-tablo-islevi\/","og_locale":"tr_TR","og_type":"article","og_title":"\u25b7 VBA elektronik tablo i\u015flevi nas\u0131l kullan\u0131l\u0131r?","og_description":"Bu e\u011fitici, VBA kodundaki elektronik tablo de\u011ferlendirme ve kullan\u0131m i\u015flevlerine nas\u0131l eri\u015fece\u011finizi g\u00f6sterir.","og_url":"https:\/\/exceladvisor.org\/tr\/elektronik-tablo-islevi\/","og_site_name":"Excel Advisor","article_modified_time":"2023-12-10T06:05:29+00:00","og_image":[{"url":"https:\/\/exceladvisor.org\/wp-content\/uploads\/2023\/08\/1-fonction-de-feuille-de-calcul-en-vba.png","type":"","width":"","height":""}],"twitter_card":"summary_large_image","twitter_misc":{"Tahmini okuma s\u00fcresi":"2 dakika"},"schema":{"@context":"https:\/\/schema.org","@graph":[{"@type":"WebPage","@id":"https:\/\/exceladvisor.org\/tr\/elektronik-tablo-islevi\/","url":"https:\/\/exceladvisor.org\/tr\/elektronik-tablo-islevi\/","name":"\u25b7 VBA elektronik tablo i\u015flevi nas\u0131l kullan\u0131l\u0131r?","isPartOf":{"@id":"https:\/\/exceladvisor.org\/tr\/#website"},"primaryImageOfPage":{"@id":"https:\/\/exceladvisor.org\/tr\/elektronik-tablo-islevi\/#primaryimage"},"image":{"@id":"https:\/\/exceladvisor.org\/tr\/elektronik-tablo-islevi\/#primaryimage"},"thumbnailUrl":"https:\/\/exceladvisor.org\/wp-content\/uploads\/2023\/08\/1-fonction-de-feuille-de-calcul-en-vba.png","datePublished":"2023-09-28T17:42:56+00:00","dateModified":"2023-12-10T06:05:29+00:00","description":"Bu e\u011fitici, VBA kodundaki elektronik tablo de\u011ferlendirme ve kullan\u0131m i\u015flevlerine nas\u0131l eri\u015fece\u011finizi g\u00f6sterir.","breadcrumb":{"@id":"https:\/\/exceladvisor.org\/tr\/elektronik-tablo-islevi\/#breadcrumb"},"inLanguage":"tr","potentialAction":[{"@type":"ReadAction","target":["https:\/\/exceladvisor.org\/tr\/elektronik-tablo-islevi\/"]}]},{"@type":"ImageObject","inLanguage":"tr","@id":"https:\/\/exceladvisor.org\/tr\/elektronik-tablo-islevi\/#primaryimage","url":"https:\/\/exceladvisor.org\/wp-content\/uploads\/2023\/08\/1-fonction-de-feuille-de-calcul-en-vba.png","contentUrl":"https:\/\/exceladvisor.org\/wp-content\/uploads\/2023\/08\/1-fonction-de-feuille-de-calcul-en-vba.png"},{"@type":"BreadcrumbList","@id":"https:\/\/exceladvisor.org\/tr\/elektronik-tablo-islevi\/#breadcrumb","itemListElement":[{"@type":"ListItem","position":1,"name":"Ev","item":"https:\/\/exceladvisor.org\/tr\/"},{"@type":"ListItem","position":2,"name":"Vba elektronik tablo i\u015flevi nas\u0131l kullan\u0131l\u0131r?"}]},{"@type":"WebSite","@id":"https:\/\/exceladvisor.org\/tr\/#website","url":"https:\/\/exceladvisor.org\/tr\/","name":"Excel Advisor","description":"Veri hakimiyetine y\u00f6nelik nihai rehberiniz!","publisher":{"@id":"https:\/\/exceladvisor.org\/tr\/#organization"},"potentialAction":[{"@type":"SearchAction","target":{"@type":"EntryPoint","urlTemplate":"https:\/\/exceladvisor.org\/tr\/?s={search_term_string}"},"query-input":{"@type":"PropertyValueSpecification","valueRequired":true,"valueName":"search_term_string"}}],"inLanguage":"tr"},{"@type":"Organization","@id":"https:\/\/exceladvisor.org\/tr\/#organization","name":"Excel Advisor","url":"https:\/\/exceladvisor.org\/tr\/","logo":{"@type":"ImageObject","inLanguage":"tr","@id":"https:\/\/exceladvisor.org\/tr\/#\/schema\/logo\/image\/","url":"https:\/\/exceladvisor.org\/tr\/wp-content\/uploads\/2023\/12\/exceladvisor.org_.png","contentUrl":"https:\/\/exceladvisor.org\/tr\/wp-content\/uploads\/2023\/12\/exceladvisor.org_.png","width":105,"height":36,"caption":"Excel Advisor"},"image":{"@id":"https:\/\/exceladvisor.org\/tr\/#\/schema\/logo\/image\/"}}]}},"yoast_meta":{"yoast_wpseo_title":"","yoast_wpseo_metadesc":"","yoast_wpseo_canonical":""},"_links":{"self":[{"href":"https:\/\/exceladvisor.org\/tr\/wp-json\/wp\/v2\/pages\/2154","targetHints":{"allow":["GET"]}}],"collection":[{"href":"https:\/\/exceladvisor.org\/tr\/wp-json\/wp\/v2\/pages"}],"about":[{"href":"https:\/\/exceladvisor.org\/tr\/wp-json\/wp\/v2\/types\/page"}],"author":[{"embeddable":true,"href":"https:\/\/exceladvisor.org\/tr\/wp-json\/wp\/v2\/users\/1"}],"replies":[{"embeddable":true,"href":"https:\/\/exceladvisor.org\/tr\/wp-json\/wp\/v2\/comments?post=2154"}],"version-history":[{"count":1,"href":"https:\/\/exceladvisor.org\/tr\/wp-json\/wp\/v2\/pages\/2154\/revisions"}],"predecessor-version":[{"id":2814,"href":"https:\/\/exceladvisor.org\/tr\/wp-json\/wp\/v2\/pages\/2154\/revisions\/2814"}],"wp:attachment":[{"href":"https:\/\/exceladvisor.org\/tr\/wp-json\/wp\/v2\/media?parent=2154"}],"curies":[{"name":"wp","href":"https:\/\/api.w.org\/{rel}","templated":true}]}}