{"id":2159,"date":"2023-09-27T16:45:34","date_gmt":"2023-09-27T16:45:34","guid":{"rendered":"https:\/\/exceladvisor.org\/tr\/uyumsuzluk-hatasi-turu-13\/"},"modified":"2023-12-10T06:05:41","modified_gmt":"2023-12-10T06:05:41","slug":"uyumsuzluk-hatasi-turu-13","status":"publish","type":"page","link":"https:\/\/exceladvisor.org\/tr\/uyumsuzluk-hatasi-turu-13\/","title":{"rendered":"Vba hatas\u0131 13 nas\u0131l d\u00fczeltilir?"},"content":{"rendered":"<div class=\"excel-icerikten-once\" id=\"excel-2694304516\"><script type=\"text\/javascript\">\r\n\tatOptions = {\r\n\t\t'key' : 'c1158f160081d6540a8409e6925dab94',\r\n\t\t'format' : 'iframe',\r\n\t\t'height' : 250,\r\n\t\t'width' : 300,\r\n\t\t'params' : {}\r\n\t};\r\n<\/script>\r\n<script type=\"text\/javascript\" src=\"\/\/www.highperformanceformat.com\/c1158f160081d6540a8409e6925dab94\/invoke.js\"><\/script><\/div> <p>Veri t\u00fcr\u00fcyle e\u015fle\u015fmeyen bir de\u011fi\u015fkene de\u011fer belirtmeye \u00e7al\u0131\u015ft\u0131\u011f\u0131n\u0131zda t\u00fcr uyu\u015fmazl\u0131\u011f\u0131 (hata 13) olu\u015fur. VBA&#8217;da bir de\u011fi\u015fken bildirdi\u011finizde onun veri t\u00fcr\u00fcn\u00fc ayarlaman\u0131z gerekir ve bu veri t\u00fcr\u00fc d\u0131\u015f\u0131nda bir de\u011fer belirtti\u011finizde uyumsuzluk hata t\u00fcr\u00fc 13&#8217;\u00fc al\u0131rs\u0131n\u0131z. <\/p><div class=\"wp-block-image\"><figure class=\"aligncenter size-large is-resized\"><img loading=\"lazy\" decoding=\"async\" class=\"wp-image-57054\" src=\"https:\/\/exceladvisor.org\/wp-content\/uploads\/2023\/08\/1-erreur-dincompatibilite-de-type.png\" sizes=\"auto, \" srcset=\"\" alt=\"t\u00fcr uyu\u015fmazl\u0131\u011f\u0131 hatas\u0131\" width=\"414\" height=\"234\"><\/figure><\/div><p> Bu derste, bir kod \u00e7al\u0131\u015ft\u0131r\u0131l\u0131rken \u00e7al\u0131\u015fma zaman\u0131 hatas\u0131 13&#8217;\u00fcn olu\u015fabilece\u011fi olas\u0131 durumlar\u0131n neler oldu\u011funu g\u00f6rece\u011fiz.<\/p><h2 class=\"wp-block-heading\"> Tarih t\u00fcr\u00fc uyu\u015fmazl\u0131\u011f\u0131 hatas\u0131<\/h2><p> VBA&#8217;da tarihleri i\u015flemek i\u00e7in belirli bir veri t\u00fcr\u00fc vard\u0131r ve bazen bu, bir tarihi depolamak i\u00e7in bir de\u011fi\u015fken kulland\u0131\u011f\u0131n\u0131zda ve belirtti\u011finiz de\u011fer farkl\u0131 oldu\u011funda meydana gelir.<\/p><p> A\u015fa\u011f\u0131daki kodda tarih olarak bir de\u011fi\u015fken bildirdim ve ard\u0131ndan yaln\u0131zca tarihin olmas\u0131 gereken A1 h\u00fccresinin de\u011ferini belirttim. Ancak g\u00f6rd\u00fc\u011f\u00fcn\u00fcz gibi 1. h\u00fccredeki tarih do\u011fru formatta de\u011fil, VBA bunu tarih olarak tan\u0131mlayam\u0131yor. <\/p><div class=\"wp-block-image\"><figure class=\"aligncenter size-large is-resized\"><img loading=\"lazy\" decoding=\"async\" class=\"wp-image-57055\" src=\"https:\/\/exceladvisor.org\/wp-content\/uploads\/2023\/08\/2-erreur-de-non-concordance-de-type-avec-la-date.png\" sizes=\"auto, \" srcset=\"\" alt=\"\" width=\"746\" height=\"377\"><\/figure><\/div><pre class=\"wp-block-code\"> <code class=\"language-visual-basic\" lang=\"visual-basic\">Sub myMacro() Dim iVal As Date iVal = Range(\"A1\").Value End Sub<\/code><\/pre><h2 class=\"wp-block-heading\"> Numarayla t\u00fcr uyu\u015fmazl\u0131\u011f\u0131 hatas\u0131<\/h2><p> Bir de\u011fi\u015fkene bir say\u0131 belirtmeye \u00e7al\u0131\u015ft\u0131\u011f\u0131n\u0131zda farkl\u0131 bir de\u011fer ald\u0131\u011f\u0131n\u0131z say\u0131larla u\u011fra\u015f\u0131rken ayn\u0131 hatay\u0131 alacaks\u0131n\u0131z.<\/p><p> A\u015fa\u011f\u0131daki \u00f6rnekte A1 h\u00fccresinde say\u0131sal bir de\u011fer olmas\u0131 gereken bir hata var. Dolay\u0131s\u0131yla, kodu \u00e7al\u0131\u015ft\u0131rd\u0131\u011f\u0131n\u0131zda VBA size \u00e7al\u0131\u015fma zaman\u0131 hatas\u0131 13&#8217;\u00fc g\u00f6sterir \u00e7\u00fcnk\u00fc de\u011feri say\u0131 olarak tan\u0131mlayamaz. <\/p><div class=\"wp-block-image\"><figure class=\"aligncenter size-large is-resized\"><img loading=\"lazy\" decoding=\"async\" class=\"wp-image-57056\" src=\"https:\/\/exceladvisor.org\/wp-content\/uploads\/2023\/08\/3-erreur-de-non-concordance-de-type-avec-le-numero.png\" sizes=\"auto, \" srcset=\"\" alt=\"\" width=\"751\" height=\"477\"><\/figure><\/div><pre class=\"wp-block-code\"> <code class=\"language-visual-basic\" lang=\"visual-basic\">Sub myMacro() Dim iNum As Long iNum = Range(\"A6\").Value End Sub<\/code><\/pre><h3 class=\"wp-block-heading\"> <strong>\u00c7al\u0131\u015fma zaman\u0131 hatas\u0131 6 Ta\u015fma<\/strong><\/h3><p> VBA&#8217;da say\u0131larla ilgilenmek i\u00e7in \u00e7e\u015fitli veri t\u00fcrleri vard\u0131r ve bu veri t\u00fcrlerinin her biri, kendisine atayabilece\u011finiz bir say\u0131 aral\u0131\u011f\u0131na sahiptir. Ancak veri t\u00fcr\u00fc aral\u0131\u011f\u0131n\u0131n d\u0131\u015f\u0131nda bir say\u0131 belirtti\u011finizde bir sorun olu\u015fur.<\/p><p> Bu durumda, veri t\u00fcr\u00fcn\u00fc de\u011fi\u015ftirmeniz gerekti\u011fini ve belirtti\u011finiz say\u0131n\u0131n aral\u0131k d\u0131\u015f\u0131nda oldu\u011funu belirten \u00e7al\u0131\u015fma zaman\u0131 hatas\u0131 6 ta\u015fmas\u0131n\u0131 g\u00f6sterece\u011fiz. <\/p><div class=\"wp-block-image\"><figure class=\"aligncenter size-large is-resized\"><img loading=\"lazy\" decoding=\"async\" class=\"wp-image-57057\" src=\"https:\/\/exceladvisor.org\/wp-content\/uploads\/2023\/08\/4-erreur-dexecution-6-debordement.png\" sizes=\"auto, \" srcset=\"\" alt=\"\" width=\"722\" height=\"424\"><\/figure><\/div><h2 class=\"wp-block-heading\"> Bunun olabilece\u011fi di\u011fer durumlar<\/h2><p> \u00c7al\u0131\u015fma zaman\u0131 hatas\u0131 14: T\u00fcr Uyu\u015fmazl\u0131\u011f\u0131yla kar\u015f\u0131la\u015fabilece\u011finiz ba\u015fka durumlar da olabilir.<\/p><ol type=\"1\"><li> Bir tabloya aral\u0131k atad\u0131\u011f\u0131n\u0131zda ancak bu aral\u0131k yaln\u0131zca bir h\u00fccreden olu\u015ftu\u011funda.<\/li><li> Bir de\u011fi\u015fkeni nesne olarak tan\u0131mlad\u0131\u011f\u0131n\u0131zda, ancak kodu yazarken o de\u011fi\u015fkenden farkl\u0131 bir nesneyi belirtmi\u015f olursunuz.<\/li><li> Bir de\u011fi\u015fkeni \u00e7al\u0131\u015fma sayfas\u0131 olarak belirtti\u011finizde ancak kodda sayfalar koleksiyonunu kulland\u0131\u011f\u0131n\u0131zda veya bunun tersi.<\/li><\/ol><h2 class=\"wp-block-heading\"> T\u00fcr Uyu\u015fmazl\u0131\u011f\u0131 Nas\u0131l D\u00fczeltilir (Hata 13)<\/h2><p> Bu hatayla ba\u015fa \u00e7\u0131kman\u0131n en iyi yolu, belirli bir kod sat\u0131r\u0131n\u0131 y\u00fcr\u00fctmek i\u00e7in talimatlara eri\u015fmek veya hata olu\u015ftu\u011funda kullan\u0131c\u0131ya bir mesaj kutusu g\u00f6r\u00fcnt\u00fclemek i\u00e7in kullanmakt\u0131r. Ancak \u00e7al\u0131\u015ft\u0131rmadan \u00f6nce araziyi ad\u0131m ad\u0131m da kontrol edebilirsiniz. Bunun i\u00e7in VBA hata ay\u0131klama arac\u0131n\u0131 kullanman\u0131z gerekir veya F8 k\u0131sayol tu\u015funu da kullanabilirsiniz. <\/p><div class=\"wp-block-image\"><figure class=\"aligncenter size-large is-resized\"><img loading=\"lazy\" decoding=\"async\" class=\"wp-image-57058\" src=\"https:\/\/exceladvisor.org\/wp-content\/uploads\/2023\/08\/5-comment-corriger-lincompatibilite-de-type.png\" sizes=\"auto, \" srcset=\"\" alt=\"\" width=\"586\" height=\"387\"><\/figure><\/div><div class=\"gb-container gb-container-4db6181c gb-container-mt\"> <a class=\"gb-button gb-button-c5897111 gb-button-text gb-button-mt-button\" href=\"https:\/\/exceladvisor.org\/tr\/vba\/\">VBA nedir<\/a><h2 class=\"gb-headline gb-headline-665e5f6b gb-headline-text gb-headline-mt-heading\"> \u0130lgili e\u011fitimler <\/h2><div class=\"gb-grid-wrapper gb-grid-wrapper-a20baf7c gb-grid-wrapper-mt-grid\"><div class=\"gb-grid-column gb-grid-column-65ddf67e\"><div class=\"gb-container gb-container-65ddf67e\"><ul><li> <a href=\"https:\/\/exceladvisor.org\/tr\/hata-yonetimi\/\">VBA hata i\u015fleme<\/a><\/li><li> <a href=\"https:\/\/exceladvisor.org\/tr\/otomasyon-hatasi-440\/\">VBA otomasyon hatas\u0131 (Hata 440)<\/a><\/li><li> <a href=\"https:\/\/exceladvisor.org\/tr\/gecersiz-prosedur-cagrisi-veya-bagimsiz-degisken-hatasi-5\/\">Ge\u00e7ersiz VBA prosed\u00fcr\u00fc \u00e7a\u011fr\u0131s\u0131 veya ba\u011f\u0131ms\u0131z de\u011fi\u015fken hatas\u0131 (Hata 5)<\/a><\/li><li> <a href=\"https:\/\/exceladvisor.org\/tr\/nesne-bu-ozelligi-veya-yontemi-desteklemiyor-hatasi-438\/\">VBA nesnesi bu \u00f6zelli\u011fi veya y\u00f6ntem hatas\u0131n\u0131 desteklemiyor (Hata 438)<\/a><\/li><li> <a href=\"https:\/\/exceladvisor.org\/tr\/nesne-gerekli-hata-424\/\">VBA Nesnesi Gerekli Hatas\u0131 (Hata 424)<\/a> <\/li><\/ul><\/div><\/div><div class=\"gb-grid-column gb-grid-column-50067b57\"><div class=\"gb-container gb-container-50067b57\"><\/div><\/div><\/div><\/div>","protected":false},"excerpt":{"rendered":"","protected":false},"author":1,"featured_media":0,"parent":0,"menu_order":0,"comment_status":"open","ping_status":"closed","template":"","meta":{"ub_ctt_via":"","footnotes":""},"class_list":["post-2159","page","type-page","status-publish","hentry"],"featured_image_src":null,"yoast_head":"<!-- This site is optimized with the Yoast SEO plugin v25.4 - https:\/\/yoast.com\/wordpress\/plugins\/seo\/ -->\n<title>VBA uyumsuzluk hatas\u0131 (Hata 13) nas\u0131l d\u00fczeltilir?<\/title>\n<meta name=\"description\" content=\"Bu e\u011fitimde neden t\u00fcr uyu\u015fmazl\u0131\u011f\u0131n\u0131n (hata 13) olu\u015ftu\u011funu ve yazarken bununla nas\u0131l ba\u015fa \u00e7\u0131kaca\u011f\u0131n\u0131z\u0131 \u00f6\u011freneceksiniz.\" \/>\n<meta name=\"robots\" content=\"index, follow, max-snippet:-1, max-image-preview:large, max-video-preview:-1\" \/>\n<link rel=\"canonical\" href=\"https:\/\/exceladvisor.org\/tr\/uyumsuzluk-hatasi-turu-13\/\" \/>\n<meta property=\"og:locale\" content=\"tr_TR\" \/>\n<meta property=\"og:type\" content=\"article\" \/>\n<meta property=\"og:title\" content=\"VBA uyumsuzluk hatas\u0131 (Hata 13) nas\u0131l d\u00fczeltilir?\" \/>\n<meta property=\"og:description\" content=\"Bu e\u011fitimde neden t\u00fcr uyu\u015fmazl\u0131\u011f\u0131n\u0131n (hata 13) olu\u015ftu\u011funu ve yazarken bununla nas\u0131l ba\u015fa \u00e7\u0131kaca\u011f\u0131n\u0131z\u0131 \u00f6\u011freneceksiniz.\" \/>\n<meta property=\"og:url\" content=\"https:\/\/exceladvisor.org\/tr\/uyumsuzluk-hatasi-turu-13\/\" \/>\n<meta property=\"og:site_name\" content=\"Excel Advisor\" \/>\n<meta property=\"article:modified_time\" content=\"2023-12-10T06:05:41+00:00\" \/>\n<meta property=\"og:image\" content=\"https:\/\/exceladvisor.org\/wp-content\/uploads\/2023\/08\/1-erreur-dincompatibilite-de-type.png\" \/>\n<meta name=\"twitter:card\" content=\"summary_large_image\" \/>\n<meta name=\"twitter:label1\" content=\"Tahmini okuma s\u00fcresi\" \/>\n\t<meta name=\"twitter:data1\" content=\"3 dakika\" \/>\n<script type=\"application\/ld+json\" class=\"yoast-schema-graph\">{\"@context\":\"https:\/\/schema.org\",\"@graph\":[{\"@type\":\"WebPage\",\"@id\":\"https:\/\/exceladvisor.org\/tr\/uyumsuzluk-hatasi-turu-13\/\",\"url\":\"https:\/\/exceladvisor.org\/tr\/uyumsuzluk-hatasi-turu-13\/\",\"name\":\"VBA uyumsuzluk hatas\u0131 (Hata 13) nas\u0131l d\u00fczeltilir?\",\"isPartOf\":{\"@id\":\"https:\/\/exceladvisor.org\/tr\/#website\"},\"primaryImageOfPage\":{\"@id\":\"https:\/\/exceladvisor.org\/tr\/uyumsuzluk-hatasi-turu-13\/#primaryimage\"},\"image\":{\"@id\":\"https:\/\/exceladvisor.org\/tr\/uyumsuzluk-hatasi-turu-13\/#primaryimage\"},\"thumbnailUrl\":\"https:\/\/exceladvisor.org\/wp-content\/uploads\/2023\/08\/1-erreur-dincompatibilite-de-type.png\",\"datePublished\":\"2023-09-27T16:45:34+00:00\",\"dateModified\":\"2023-12-10T06:05:41+00:00\",\"description\":\"Bu e\u011fitimde neden t\u00fcr uyu\u015fmazl\u0131\u011f\u0131n\u0131n (hata 13) olu\u015ftu\u011funu ve yazarken bununla nas\u0131l ba\u015fa \u00e7\u0131kaca\u011f\u0131n\u0131z\u0131 \u00f6\u011freneceksiniz.\",\"breadcrumb\":{\"@id\":\"https:\/\/exceladvisor.org\/tr\/uyumsuzluk-hatasi-turu-13\/#breadcrumb\"},\"inLanguage\":\"tr\",\"potentialAction\":[{\"@type\":\"ReadAction\",\"target\":[\"https:\/\/exceladvisor.org\/tr\/uyumsuzluk-hatasi-turu-13\/\"]}]},{\"@type\":\"ImageObject\",\"inLanguage\":\"tr\",\"@id\":\"https:\/\/exceladvisor.org\/tr\/uyumsuzluk-hatasi-turu-13\/#primaryimage\",\"url\":\"https:\/\/exceladvisor.org\/wp-content\/uploads\/2023\/08\/1-erreur-dincompatibilite-de-type.png\",\"contentUrl\":\"https:\/\/exceladvisor.org\/wp-content\/uploads\/2023\/08\/1-erreur-dincompatibilite-de-type.png\"},{\"@type\":\"BreadcrumbList\",\"@id\":\"https:\/\/exceladvisor.org\/tr\/uyumsuzluk-hatasi-turu-13\/#breadcrumb\",\"itemListElement\":[{\"@type\":\"ListItem\",\"position\":1,\"name\":\"Ev\",\"item\":\"https:\/\/exceladvisor.org\/tr\/\"},{\"@type\":\"ListItem\",\"position\":2,\"name\":\"Vba hatas\u0131 13 nas\u0131l d\u00fczeltilir?\"}]},{\"@type\":\"WebSite\",\"@id\":\"https:\/\/exceladvisor.org\/tr\/#website\",\"url\":\"https:\/\/exceladvisor.org\/tr\/\",\"name\":\"Excel Advisor\",\"description\":\"Veri hakimiyetine y\u00f6nelik nihai rehberiniz!\",\"publisher\":{\"@id\":\"https:\/\/exceladvisor.org\/tr\/#organization\"},\"potentialAction\":[{\"@type\":\"SearchAction\",\"target\":{\"@type\":\"EntryPoint\",\"urlTemplate\":\"https:\/\/exceladvisor.org\/tr\/?s={search_term_string}\"},\"query-input\":{\"@type\":\"PropertyValueSpecification\",\"valueRequired\":true,\"valueName\":\"search_term_string\"}}],\"inLanguage\":\"tr\"},{\"@type\":\"Organization\",\"@id\":\"https:\/\/exceladvisor.org\/tr\/#organization\",\"name\":\"Excel Advisor\",\"url\":\"https:\/\/exceladvisor.org\/tr\/\",\"logo\":{\"@type\":\"ImageObject\",\"inLanguage\":\"tr\",\"@id\":\"https:\/\/exceladvisor.org\/tr\/#\/schema\/logo\/image\/\",\"url\":\"https:\/\/exceladvisor.org\/tr\/wp-content\/uploads\/2023\/12\/exceladvisor.org_.png\",\"contentUrl\":\"https:\/\/exceladvisor.org\/tr\/wp-content\/uploads\/2023\/12\/exceladvisor.org_.png\",\"width\":105,\"height\":36,\"caption\":\"Excel Advisor\"},\"image\":{\"@id\":\"https:\/\/exceladvisor.org\/tr\/#\/schema\/logo\/image\/\"}}]}<\/script>\n<!-- \/ Yoast SEO plugin. -->","yoast_head_json":{"title":"VBA uyumsuzluk hatas\u0131 (Hata 13) nas\u0131l d\u00fczeltilir?","description":"Bu e\u011fitimde neden t\u00fcr uyu\u015fmazl\u0131\u011f\u0131n\u0131n (hata 13) olu\u015ftu\u011funu ve yazarken bununla nas\u0131l ba\u015fa \u00e7\u0131kaca\u011f\u0131n\u0131z\u0131 \u00f6\u011freneceksiniz.","robots":{"index":"index","follow":"follow","max-snippet":"max-snippet:-1","max-image-preview":"max-image-preview:large","max-video-preview":"max-video-preview:-1"},"canonical":"https:\/\/exceladvisor.org\/tr\/uyumsuzluk-hatasi-turu-13\/","og_locale":"tr_TR","og_type":"article","og_title":"VBA uyumsuzluk hatas\u0131 (Hata 13) nas\u0131l d\u00fczeltilir?","og_description":"Bu e\u011fitimde neden t\u00fcr uyu\u015fmazl\u0131\u011f\u0131n\u0131n (hata 13) olu\u015ftu\u011funu ve yazarken bununla nas\u0131l ba\u015fa \u00e7\u0131kaca\u011f\u0131n\u0131z\u0131 \u00f6\u011freneceksiniz.","og_url":"https:\/\/exceladvisor.org\/tr\/uyumsuzluk-hatasi-turu-13\/","og_site_name":"Excel Advisor","article_modified_time":"2023-12-10T06:05:41+00:00","og_image":[{"url":"https:\/\/exceladvisor.org\/wp-content\/uploads\/2023\/08\/1-erreur-dincompatibilite-de-type.png","type":"","width":"","height":""}],"twitter_card":"summary_large_image","twitter_misc":{"Tahmini okuma s\u00fcresi":"3 dakika"},"schema":{"@context":"https:\/\/schema.org","@graph":[{"@type":"WebPage","@id":"https:\/\/exceladvisor.org\/tr\/uyumsuzluk-hatasi-turu-13\/","url":"https:\/\/exceladvisor.org\/tr\/uyumsuzluk-hatasi-turu-13\/","name":"VBA uyumsuzluk hatas\u0131 (Hata 13) nas\u0131l d\u00fczeltilir?","isPartOf":{"@id":"https:\/\/exceladvisor.org\/tr\/#website"},"primaryImageOfPage":{"@id":"https:\/\/exceladvisor.org\/tr\/uyumsuzluk-hatasi-turu-13\/#primaryimage"},"image":{"@id":"https:\/\/exceladvisor.org\/tr\/uyumsuzluk-hatasi-turu-13\/#primaryimage"},"thumbnailUrl":"https:\/\/exceladvisor.org\/wp-content\/uploads\/2023\/08\/1-erreur-dincompatibilite-de-type.png","datePublished":"2023-09-27T16:45:34+00:00","dateModified":"2023-12-10T06:05:41+00:00","description":"Bu e\u011fitimde neden t\u00fcr uyu\u015fmazl\u0131\u011f\u0131n\u0131n (hata 13) olu\u015ftu\u011funu ve yazarken bununla nas\u0131l ba\u015fa \u00e7\u0131kaca\u011f\u0131n\u0131z\u0131 \u00f6\u011freneceksiniz.","breadcrumb":{"@id":"https:\/\/exceladvisor.org\/tr\/uyumsuzluk-hatasi-turu-13\/#breadcrumb"},"inLanguage":"tr","potentialAction":[{"@type":"ReadAction","target":["https:\/\/exceladvisor.org\/tr\/uyumsuzluk-hatasi-turu-13\/"]}]},{"@type":"ImageObject","inLanguage":"tr","@id":"https:\/\/exceladvisor.org\/tr\/uyumsuzluk-hatasi-turu-13\/#primaryimage","url":"https:\/\/exceladvisor.org\/wp-content\/uploads\/2023\/08\/1-erreur-dincompatibilite-de-type.png","contentUrl":"https:\/\/exceladvisor.org\/wp-content\/uploads\/2023\/08\/1-erreur-dincompatibilite-de-type.png"},{"@type":"BreadcrumbList","@id":"https:\/\/exceladvisor.org\/tr\/uyumsuzluk-hatasi-turu-13\/#breadcrumb","itemListElement":[{"@type":"ListItem","position":1,"name":"Ev","item":"https:\/\/exceladvisor.org\/tr\/"},{"@type":"ListItem","position":2,"name":"Vba hatas\u0131 13 nas\u0131l d\u00fczeltilir?"}]},{"@type":"WebSite","@id":"https:\/\/exceladvisor.org\/tr\/#website","url":"https:\/\/exceladvisor.org\/tr\/","name":"Excel Advisor","description":"Veri hakimiyetine y\u00f6nelik nihai rehberiniz!","publisher":{"@id":"https:\/\/exceladvisor.org\/tr\/#organization"},"potentialAction":[{"@type":"SearchAction","target":{"@type":"EntryPoint","urlTemplate":"https:\/\/exceladvisor.org\/tr\/?s={search_term_string}"},"query-input":{"@type":"PropertyValueSpecification","valueRequired":true,"valueName":"search_term_string"}}],"inLanguage":"tr"},{"@type":"Organization","@id":"https:\/\/exceladvisor.org\/tr\/#organization","name":"Excel Advisor","url":"https:\/\/exceladvisor.org\/tr\/","logo":{"@type":"ImageObject","inLanguage":"tr","@id":"https:\/\/exceladvisor.org\/tr\/#\/schema\/logo\/image\/","url":"https:\/\/exceladvisor.org\/tr\/wp-content\/uploads\/2023\/12\/exceladvisor.org_.png","contentUrl":"https:\/\/exceladvisor.org\/tr\/wp-content\/uploads\/2023\/12\/exceladvisor.org_.png","width":105,"height":36,"caption":"Excel Advisor"},"image":{"@id":"https:\/\/exceladvisor.org\/tr\/#\/schema\/logo\/image\/"}}]}},"yoast_meta":{"yoast_wpseo_title":"","yoast_wpseo_metadesc":"","yoast_wpseo_canonical":""},"_links":{"self":[{"href":"https:\/\/exceladvisor.org\/tr\/wp-json\/wp\/v2\/pages\/2159","targetHints":{"allow":["GET"]}}],"collection":[{"href":"https:\/\/exceladvisor.org\/tr\/wp-json\/wp\/v2\/pages"}],"about":[{"href":"https:\/\/exceladvisor.org\/tr\/wp-json\/wp\/v2\/types\/page"}],"author":[{"embeddable":true,"href":"https:\/\/exceladvisor.org\/tr\/wp-json\/wp\/v2\/users\/1"}],"replies":[{"embeddable":true,"href":"https:\/\/exceladvisor.org\/tr\/wp-json\/wp\/v2\/comments?post=2159"}],"version-history":[{"count":1,"href":"https:\/\/exceladvisor.org\/tr\/wp-json\/wp\/v2\/pages\/2159\/revisions"}],"predecessor-version":[{"id":2826,"href":"https:\/\/exceladvisor.org\/tr\/wp-json\/wp\/v2\/pages\/2159\/revisions\/2826"}],"wp:attachment":[{"href":"https:\/\/exceladvisor.org\/tr\/wp-json\/wp\/v2\/media?parent=2159"}],"curies":[{"name":"wp","href":"https:\/\/api.w.org\/{rel}","templated":true}]}}