{"id":2160,"date":"2023-09-27T16:13:55","date_gmt":"2023-09-27T16:13:55","guid":{"rendered":"https:\/\/exceladvisor.org\/tr\/degisken-mesaj-kutusu\/"},"modified":"2023-12-10T06:04:32","modified_gmt":"2023-12-10T06:04:32","slug":"degisken-mesaj-kutusu","status":"publish","type":"page","link":"https:\/\/exceladvisor.org\/tr\/degisken-mesaj-kutusu\/","title":{"rendered":"Mesaj kutusunda bir de\u011fi\u015fken nas\u0131l kullan\u0131l\u0131r?"},"content":{"rendered":"<div class=\"excel-icerikten-once\" id=\"excel-1345819039\"><script type=\"text\/javascript\">\r\n\tatOptions = {\r\n\t\t'key' : 'c1158f160081d6540a8409e6925dab94',\r\n\t\t'format' : 'iframe',\r\n\t\t'height' : 250,\r\n\t\t'width' : 300,\r\n\t\t'params' : {}\r\n\t};\r\n<\/script>\r\n<script type=\"text\/javascript\" src=\"\/\/www.highperformanceformat.com\/c1158f160081d6540a8409e6925dab94\/invoke.js\"><\/script><\/div> <p>Bir <a href=\"https:\/\/exceladvisor.org\/tr\/degiskenler\/\">de\u011fi\u015fkeni<\/a> mesaj kutusunda da kullanabilirsiniz. Diyelim ki, o de\u011fi\u015fkende belirli bir de\u011feri saklayan bir de\u011fi\u015fkeniniz var.<\/p><p> Art\u0131k de\u011feri kullan\u0131c\u0131ya g\u00f6r\u00fcnt\u00fclemek i\u00e7in bu de\u011fi\u015fkeni <a href=\"https:\/\/exceladvisor.org\/tr\/vba-mesaj-kutusu\/\">mesaj kutusunda<\/a> kullanabilirsiniz. A\u015fa\u011f\u0131daki \u00f6rnekte for d\u00f6ng\u00fcs\u00fcn\u00fc kulland\u0131\u011f\u0131m\u0131z bir makro kulland\u0131k ve <a href=\"https:\/\/exceladvisor.org\/tr\/rastgele-sayi\/\">rastgele bir say\u0131 \u00fcreten<\/a> bir fonksiyonumuz var. <\/p><div class=\"wp-block-image\"><figure class=\"aligncenter size-large is-resized\"><img loading=\"lazy\" decoding=\"async\" class=\"wp-image-60695\" src=\"https:\/\/exceladvisor.org\/wp-content\/uploads\/2023\/08\/boite-de-message-variable-vba.png\" sizes=\"auto, \" srcset=\"\" alt=\"vba-de\u011fi\u015fken-mesaj kutusu\" width=\"760\" height=\"486\"><\/figure><\/div><p> <a href=\"https:\/\/exceladvisor.org\/tr\/makro-2yi-calistir\/\">Bu kodu \u00e7al\u0131\u015ft\u0131rd\u0131\u011f\u0131n\u0131zda<\/a> 10 kez d\u00f6ng\u00fc yapar, ard\u0131ndan rastgele bir say\u0131 \u00fcretir ve bu say\u0131y\u0131 de\u011fi\u015fkende saklar. A\u015fa\u011f\u0131daki kod sat\u0131r\u0131nda, mesaj kutusundaki de\u011feri g\u00f6r\u00fcnt\u00fclemek i\u00e7in ayn\u0131 de\u011fi\u015fkeni kulland\u0131k. <\/p><div class=\"wp-block-image\"><figure class=\"aligncenter size-large is-resized\"><img loading=\"lazy\" decoding=\"async\" class=\"wp-image-60696\" src=\"https:\/\/exceladvisor.org\/wp-content\/uploads\/2023\/08\/boite-de-message-variable-vba1.png\" sizes=\"auto, \" srcset=\"\" alt=\"\" width=\"161\" height=\"191\"><\/figure><\/div><pre class=\"wp-block-code\"> <code class=\"language-visual-basic\" lang=\"visual-basic\">Sub generateRandomNumber() Dim i As Integer, rNumber As Integer i = 10 For i = 1 To i rNumber = WorksheetFunction.RandBetween(1000, 2000) MsgBox rNumber Next i End Sub<\/code><\/pre><div class=\"gb-container gb-container-4db6181c gb-container-mt\"> <a class=\"gb-button gb-button-c5897111 gb-button-text gb-button-mt-button\" href=\"https:\/\/exceladvisor.org\/tr\/vba\/\">VBA nedir<\/a><h2 class=\"gb-headline gb-headline-665e5f6b gb-headline-text gb-headline-mt-heading\"> \u0130lgili e\u011fitimler <\/h2><div class=\"gb-grid-wrapper gb-grid-wrapper-a20baf7c gb-grid-wrapper-mt-grid\"><div class=\"gb-grid-column gb-grid-column-65ddf67e\"><div class=\"gb-container gb-container-65ddf67e\"><ul><li> <a href=\"https:\/\/exceladvisor.org\/tr\/kuresel-degisken\/\">VBA&#8217;da global (genel) bir de\u011fi\u015fken bildirin<\/a><\/li><li> <a href=\"https:\/\/exceladvisor.org\/tr\/degisken-aralik\/\">VBA&#8217;da de\u011fi\u015fken olarak bir aral\u0131k veya h\u00fccre kullanma<\/a><\/li><li> <a href=\"https:\/\/exceladvisor.org\/tr\/acik-secenek-2\/\">VBA&#8217;da a\u00e7\u0131k se\u00e7enek ifadesi<\/a><\/li><li> <a href=\"https:\/\/exceladvisor.org\/tr\/zayif\/\">Lo\u015f VBA talimat\u0131<\/a><\/li><li> <a href=\"https:\/\/exceladvisor.org\/tr\/degiskenler\/\">VBA de\u011fi\u015fkenleri (beyan, veri t\u00fcrleri ve kapsam)<\/a> <\/li><\/ul><\/div><\/div><div class=\"gb-grid-column gb-grid-column-50067b57\"><div class=\"gb-container gb-container-50067b57\"><\/div><\/div><\/div><\/div>","protected":false},"excerpt":{"rendered":"","protected":false},"author":1,"featured_media":0,"parent":0,"menu_order":0,"comment_status":"open","ping_status":"closed","template":"","meta":{"ub_ctt_via":"","footnotes":""},"class_list":["post-2160","page","type-page","status-publish","hentry"],"featured_image_src":null,"yoast_head":"<!-- This site is optimized with the Yoast SEO plugin v25.4 - https:\/\/yoast.com\/wordpress\/plugins\/seo\/ -->\n<title>Mesaj kutusunda bir de\u011fi\u015fken nas\u0131l kullan\u0131l\u0131r?<\/title>\n<meta name=\"description\" content=\"Bir de\u011fi\u015fkeni mesaj kutusunda da kullanabilirsiniz. Diyelim ki bir de\u011fi\u015fkeniniz var\" \/>\n<meta name=\"robots\" content=\"index, follow, max-snippet:-1, max-image-preview:large, max-video-preview:-1\" \/>\n<link rel=\"canonical\" href=\"https:\/\/exceladvisor.org\/tr\/degisken-mesaj-kutusu\/\" \/>\n<meta property=\"og:locale\" content=\"tr_TR\" \/>\n<meta property=\"og:type\" content=\"article\" \/>\n<meta property=\"og:title\" content=\"Mesaj kutusunda bir de\u011fi\u015fken nas\u0131l kullan\u0131l\u0131r?\" \/>\n<meta property=\"og:description\" content=\"Bir de\u011fi\u015fkeni mesaj kutusunda da kullanabilirsiniz. Diyelim ki bir de\u011fi\u015fkeniniz var\" \/>\n<meta property=\"og:url\" content=\"https:\/\/exceladvisor.org\/tr\/degisken-mesaj-kutusu\/\" \/>\n<meta property=\"og:site_name\" content=\"Excel Advisor\" \/>\n<meta property=\"article:modified_time\" content=\"2023-12-10T06:04:32+00:00\" \/>\n<meta property=\"og:image\" content=\"https:\/\/exceladvisor.org\/wp-content\/uploads\/2023\/08\/boite-de-message-variable-vba.png\" \/>\n<meta name=\"twitter:card\" content=\"summary_large_image\" \/>\n<meta name=\"twitter:label1\" content=\"Tahmini okuma s\u00fcresi\" \/>\n\t<meta name=\"twitter:data1\" content=\"1 dakika\" \/>\n<script type=\"application\/ld+json\" class=\"yoast-schema-graph\">{\"@context\":\"https:\/\/schema.org\",\"@graph\":[{\"@type\":\"WebPage\",\"@id\":\"https:\/\/exceladvisor.org\/tr\/degisken-mesaj-kutusu\/\",\"url\":\"https:\/\/exceladvisor.org\/tr\/degisken-mesaj-kutusu\/\",\"name\":\"Mesaj kutusunda bir de\u011fi\u015fken nas\u0131l kullan\u0131l\u0131r?\",\"isPartOf\":{\"@id\":\"https:\/\/exceladvisor.org\/tr\/#website\"},\"primaryImageOfPage\":{\"@id\":\"https:\/\/exceladvisor.org\/tr\/degisken-mesaj-kutusu\/#primaryimage\"},\"image\":{\"@id\":\"https:\/\/exceladvisor.org\/tr\/degisken-mesaj-kutusu\/#primaryimage\"},\"thumbnailUrl\":\"https:\/\/exceladvisor.org\/wp-content\/uploads\/2023\/08\/boite-de-message-variable-vba.png\",\"datePublished\":\"2023-09-27T16:13:55+00:00\",\"dateModified\":\"2023-12-10T06:04:32+00:00\",\"description\":\"Bir de\u011fi\u015fkeni mesaj kutusunda da kullanabilirsiniz. Diyelim ki bir de\u011fi\u015fkeniniz var\",\"breadcrumb\":{\"@id\":\"https:\/\/exceladvisor.org\/tr\/degisken-mesaj-kutusu\/#breadcrumb\"},\"inLanguage\":\"tr\",\"potentialAction\":[{\"@type\":\"ReadAction\",\"target\":[\"https:\/\/exceladvisor.org\/tr\/degisken-mesaj-kutusu\/\"]}]},{\"@type\":\"ImageObject\",\"inLanguage\":\"tr\",\"@id\":\"https:\/\/exceladvisor.org\/tr\/degisken-mesaj-kutusu\/#primaryimage\",\"url\":\"https:\/\/exceladvisor.org\/wp-content\/uploads\/2023\/08\/boite-de-message-variable-vba.png\",\"contentUrl\":\"https:\/\/exceladvisor.org\/wp-content\/uploads\/2023\/08\/boite-de-message-variable-vba.png\"},{\"@type\":\"BreadcrumbList\",\"@id\":\"https:\/\/exceladvisor.org\/tr\/degisken-mesaj-kutusu\/#breadcrumb\",\"itemListElement\":[{\"@type\":\"ListItem\",\"position\":1,\"name\":\"Ev\",\"item\":\"https:\/\/exceladvisor.org\/tr\/\"},{\"@type\":\"ListItem\",\"position\":2,\"name\":\"Mesaj kutusunda bir de\u011fi\u015fken nas\u0131l kullan\u0131l\u0131r?\"}]},{\"@type\":\"WebSite\",\"@id\":\"https:\/\/exceladvisor.org\/tr\/#website\",\"url\":\"https:\/\/exceladvisor.org\/tr\/\",\"name\":\"Excel Advisor\",\"description\":\"Veri hakimiyetine y\u00f6nelik nihai rehberiniz!\",\"publisher\":{\"@id\":\"https:\/\/exceladvisor.org\/tr\/#organization\"},\"potentialAction\":[{\"@type\":\"SearchAction\",\"target\":{\"@type\":\"EntryPoint\",\"urlTemplate\":\"https:\/\/exceladvisor.org\/tr\/?s={search_term_string}\"},\"query-input\":{\"@type\":\"PropertyValueSpecification\",\"valueRequired\":true,\"valueName\":\"search_term_string\"}}],\"inLanguage\":\"tr\"},{\"@type\":\"Organization\",\"@id\":\"https:\/\/exceladvisor.org\/tr\/#organization\",\"name\":\"Excel Advisor\",\"url\":\"https:\/\/exceladvisor.org\/tr\/\",\"logo\":{\"@type\":\"ImageObject\",\"inLanguage\":\"tr\",\"@id\":\"https:\/\/exceladvisor.org\/tr\/#\/schema\/logo\/image\/\",\"url\":\"https:\/\/exceladvisor.org\/tr\/wp-content\/uploads\/2023\/12\/exceladvisor.org_.png\",\"contentUrl\":\"https:\/\/exceladvisor.org\/tr\/wp-content\/uploads\/2023\/12\/exceladvisor.org_.png\",\"width\":105,\"height\":36,\"caption\":\"Excel Advisor\"},\"image\":{\"@id\":\"https:\/\/exceladvisor.org\/tr\/#\/schema\/logo\/image\/\"}}]}<\/script>\n<!-- \/ Yoast SEO plugin. -->","yoast_head_json":{"title":"Mesaj kutusunda bir de\u011fi\u015fken nas\u0131l kullan\u0131l\u0131r?","description":"Bir de\u011fi\u015fkeni mesaj kutusunda da kullanabilirsiniz. Diyelim ki bir de\u011fi\u015fkeniniz var","robots":{"index":"index","follow":"follow","max-snippet":"max-snippet:-1","max-image-preview":"max-image-preview:large","max-video-preview":"max-video-preview:-1"},"canonical":"https:\/\/exceladvisor.org\/tr\/degisken-mesaj-kutusu\/","og_locale":"tr_TR","og_type":"article","og_title":"Mesaj kutusunda bir de\u011fi\u015fken nas\u0131l kullan\u0131l\u0131r?","og_description":"Bir de\u011fi\u015fkeni mesaj kutusunda da kullanabilirsiniz. Diyelim ki bir de\u011fi\u015fkeniniz var","og_url":"https:\/\/exceladvisor.org\/tr\/degisken-mesaj-kutusu\/","og_site_name":"Excel Advisor","article_modified_time":"2023-12-10T06:04:32+00:00","og_image":[{"url":"https:\/\/exceladvisor.org\/wp-content\/uploads\/2023\/08\/boite-de-message-variable-vba.png","type":"","width":"","height":""}],"twitter_card":"summary_large_image","twitter_misc":{"Tahmini okuma s\u00fcresi":"1 dakika"},"schema":{"@context":"https:\/\/schema.org","@graph":[{"@type":"WebPage","@id":"https:\/\/exceladvisor.org\/tr\/degisken-mesaj-kutusu\/","url":"https:\/\/exceladvisor.org\/tr\/degisken-mesaj-kutusu\/","name":"Mesaj kutusunda bir de\u011fi\u015fken nas\u0131l kullan\u0131l\u0131r?","isPartOf":{"@id":"https:\/\/exceladvisor.org\/tr\/#website"},"primaryImageOfPage":{"@id":"https:\/\/exceladvisor.org\/tr\/degisken-mesaj-kutusu\/#primaryimage"},"image":{"@id":"https:\/\/exceladvisor.org\/tr\/degisken-mesaj-kutusu\/#primaryimage"},"thumbnailUrl":"https:\/\/exceladvisor.org\/wp-content\/uploads\/2023\/08\/boite-de-message-variable-vba.png","datePublished":"2023-09-27T16:13:55+00:00","dateModified":"2023-12-10T06:04:32+00:00","description":"Bir de\u011fi\u015fkeni mesaj kutusunda da kullanabilirsiniz. Diyelim ki bir de\u011fi\u015fkeniniz var","breadcrumb":{"@id":"https:\/\/exceladvisor.org\/tr\/degisken-mesaj-kutusu\/#breadcrumb"},"inLanguage":"tr","potentialAction":[{"@type":"ReadAction","target":["https:\/\/exceladvisor.org\/tr\/degisken-mesaj-kutusu\/"]}]},{"@type":"ImageObject","inLanguage":"tr","@id":"https:\/\/exceladvisor.org\/tr\/degisken-mesaj-kutusu\/#primaryimage","url":"https:\/\/exceladvisor.org\/wp-content\/uploads\/2023\/08\/boite-de-message-variable-vba.png","contentUrl":"https:\/\/exceladvisor.org\/wp-content\/uploads\/2023\/08\/boite-de-message-variable-vba.png"},{"@type":"BreadcrumbList","@id":"https:\/\/exceladvisor.org\/tr\/degisken-mesaj-kutusu\/#breadcrumb","itemListElement":[{"@type":"ListItem","position":1,"name":"Ev","item":"https:\/\/exceladvisor.org\/tr\/"},{"@type":"ListItem","position":2,"name":"Mesaj kutusunda bir de\u011fi\u015fken nas\u0131l kullan\u0131l\u0131r?"}]},{"@type":"WebSite","@id":"https:\/\/exceladvisor.org\/tr\/#website","url":"https:\/\/exceladvisor.org\/tr\/","name":"Excel Advisor","description":"Veri hakimiyetine y\u00f6nelik nihai rehberiniz!","publisher":{"@id":"https:\/\/exceladvisor.org\/tr\/#organization"},"potentialAction":[{"@type":"SearchAction","target":{"@type":"EntryPoint","urlTemplate":"https:\/\/exceladvisor.org\/tr\/?s={search_term_string}"},"query-input":{"@type":"PropertyValueSpecification","valueRequired":true,"valueName":"search_term_string"}}],"inLanguage":"tr"},{"@type":"Organization","@id":"https:\/\/exceladvisor.org\/tr\/#organization","name":"Excel Advisor","url":"https:\/\/exceladvisor.org\/tr\/","logo":{"@type":"ImageObject","inLanguage":"tr","@id":"https:\/\/exceladvisor.org\/tr\/#\/schema\/logo\/image\/","url":"https:\/\/exceladvisor.org\/tr\/wp-content\/uploads\/2023\/12\/exceladvisor.org_.png","contentUrl":"https:\/\/exceladvisor.org\/tr\/wp-content\/uploads\/2023\/12\/exceladvisor.org_.png","width":105,"height":36,"caption":"Excel Advisor"},"image":{"@id":"https:\/\/exceladvisor.org\/tr\/#\/schema\/logo\/image\/"}}]}},"yoast_meta":{"yoast_wpseo_title":"","yoast_wpseo_metadesc":"","yoast_wpseo_canonical":""},"_links":{"self":[{"href":"https:\/\/exceladvisor.org\/tr\/wp-json\/wp\/v2\/pages\/2160","targetHints":{"allow":["GET"]}}],"collection":[{"href":"https:\/\/exceladvisor.org\/tr\/wp-json\/wp\/v2\/pages"}],"about":[{"href":"https:\/\/exceladvisor.org\/tr\/wp-json\/wp\/v2\/types\/page"}],"author":[{"embeddable":true,"href":"https:\/\/exceladvisor.org\/tr\/wp-json\/wp\/v2\/users\/1"}],"replies":[{"embeddable":true,"href":"https:\/\/exceladvisor.org\/tr\/wp-json\/wp\/v2\/comments?post=2160"}],"version-history":[{"count":1,"href":"https:\/\/exceladvisor.org\/tr\/wp-json\/wp\/v2\/pages\/2160\/revisions"}],"predecessor-version":[{"id":2737,"href":"https:\/\/exceladvisor.org\/tr\/wp-json\/wp\/v2\/pages\/2160\/revisions\/2737"}],"wp:attachment":[{"href":"https:\/\/exceladvisor.org\/tr\/wp-json\/wp\/v2\/media?parent=2160"}],"curies":[{"name":"wp","href":"https:\/\/api.w.org\/{rel}","templated":true}]}}