{"id":2162,"date":"2023-09-27T15:00:46","date_gmt":"2023-09-27T15:00:46","guid":{"rendered":"https:\/\/exceladvisor.org\/tr\/degerleri-yapistir\/"},"modified":"2023-12-10T05:59:18","modified_gmt":"2023-12-10T05:59:18","slug":"degerleri-yapistir","status":"publish","type":"page","link":"https:\/\/exceladvisor.org\/tr\/degerleri-yapistir\/","title":{"rendered":"De\u011ferleri yap\u0131\u015ft\u0131rmak i\u00e7in en i\u0307yi excel k\u0131sayolu"},"content":{"rendered":"<div class=\"excel-icerikten-once\" id=\"excel-1319915076\"><script type=\"text\/javascript\">\r\n\tatOptions = {\r\n\t\t'key' : 'c1158f160081d6540a8409e6925dab94',\r\n\t\t'format' : 'iframe',\r\n\t\t'height' : 250,\r\n\t\t'width' : 300,\r\n\t\t'params' : {}\r\n\t};\r\n<\/script>\r\n<script type=\"text\/javascript\" src=\"\/\/www.highperformanceformat.com\/c1158f160081d6540a8409e6925dab94\/invoke.js\"><\/script><\/div> <p>Excel&#8217;de kopyalama ve yap\u0131\u015ft\u0131rma, herkesin ger\u00e7ekle\u015ftirdi\u011fi \u00e7ok yayg\u0131n bir g\u00f6revdir ve bir kullan\u0131c\u0131 verileri kopyalay\u0131p yap\u0131\u015ft\u0131rd\u0131\u011f\u0131nda, Excel yaln\u0131zca de\u011ferleri de\u011fil, ayn\u0131 zamanda bi\u00e7imlendirmeyi ve form\u00fcl\u00fc de yap\u0131\u015ft\u0131r\u0131r.<\/p><p> Ancak Excel&#8217;in verileri yaln\u0131zca de\u011fer olarak yap\u0131\u015ft\u0131rma se\u00e7ene\u011fi de vard\u0131r; bu, bu se\u00e7enekle yaln\u0131zca de\u011ferin yap\u0131\u015ft\u0131r\u0131laca\u011f\u0131 ve bi\u00e7imlendirme ve form\u00fcl\u00fcn ortadan kald\u0131r\u0131laca\u011f\u0131 anlam\u0131na gelir.<\/p><p> Verileri yaln\u0131zca Excel&#8217;de de\u011fer olarak yap\u0131\u015ft\u0131rmak i\u00e7in \u00e7e\u015fitli k\u0131sayollar ve tu\u015f kombinasyonlar\u0131 vard\u0131r, ancak bu e\u011fitimde size en h\u0131zl\u0131 ve en kolay k\u0131sayollar\u0131 anlatt\u0131k.<\/p><h2 class=\"wp-block-heading\"> Excel&#8217;de de\u011ferleri yap\u0131\u015ft\u0131rmak i\u00e7in klavye k\u0131sayolu<\/h2><p> Excel&#8217;de de\u011ferleri yap\u0131\u015ft\u0131rman\u0131n en h\u0131zl\u0131 ve en kolay k\u0131sayollar\u0131 a\u015fa\u011f\u0131da belirtilmi\u015ftir:<\/p><p> <kbd>Alt<\/kbd> \u2192 <kbd>H<\/kbd> \u2192 <kbd>V<\/kbd> \u2192 <kbd>V<\/kbd> <\/p><div class=\"wp-block-image\"><figure class=\"aligncenter size-full is-resized\"><img loading=\"lazy\" decoding=\"async\" class=\"wp-image-69464\" src=\"https:\/\/exceladvisor.org\/wp-content\/uploads\/2023\/08\/1-coller-les-touches-de-raccourci-des-valeurs.png\" sizes=\"auto, \" srcset=\"\" alt=\"yap\u0131\u015ft\u0131rma de\u011ferleri-tu\u015f k\u0131sayollar\u0131\" width=\"787\" height=\"309\"><\/figure><\/div><p> <kbd>Ctrl<\/kbd> + <kbd>Alt<\/kbd> + V sonra <kbd>V<\/kbd> \u2192 <kbd>Enter<\/kbd> <\/p><div class=\"wp-block-image\"><figure class=\"aligncenter size-full is-resized\"><img loading=\"lazy\" decoding=\"async\" class=\"wp-image-69465\" src=\"https:\/\/exceladvisor.org\/wp-content\/uploads\/2023\/08\/2-coller-le-raccourci-de-la-valeur.png\" sizes=\"auto, \" srcset=\"\" alt=\"yap\u0131\u015ft\u0131rma de\u011feri k\u0131sayolu\" width=\"781\" height=\"306\"><\/figure><\/div><h2 class=\"wp-block-heading\"> De\u011ferleri klavye k\u0131sayolu kullanarak yap\u0131\u015ft\u0131rma ad\u0131mlar\u0131<\/h2><ul><li> \u00d6ncelikle yap\u0131\u015ft\u0131rmak istedi\u011finiz verileri Excel&#8217;in ba\u015fka bir yerine kopyalay\u0131n.<\/li><li> Bundan sonra verileri yap\u0131\u015ft\u0131rmak istedi\u011finiz h\u00fccreye gidin.<\/li><li> \u015eimdi s\u0131rayla Alt \u2192 H \u2192 V \u2192 V tu\u015flar\u0131na bast\u0131\u011f\u0131n\u0131zda verilerinizin yaln\u0131zca de\u011fer olarak yap\u0131\u015ft\u0131r\u0131lmas\u0131n\u0131 sa\u011flayabilirsiniz.<\/li><li> Veya \u201cCtrl + Alt + V\u201d tu\u015flar\u0131n\u0131 bas\u0131l\u0131 tuttu\u011funuzda \u201c\u00d6zel Yap\u0131\u015ft\u0131r\u201d ileti\u015fim kutusunu a\u00e7acaks\u0131n\u0131z.<\/li><li> \u015eimdi tu\u015flar\u0131 b\u0131rak\u0131n ve radyo d\u00fc\u011fmesini &#8220;De\u011ferler&#8221;e ta\u015f\u0131mak i\u00e7in &#8220;V&#8221;ye bas\u0131n ve Enter&#8217;a bas\u0131n. <\/li><\/ul><div class=\"wp-block-image\"><figure class=\"aligncenter size-full is-resized\"><img loading=\"lazy\" decoding=\"async\" class=\"wp-image-69466\" src=\"https:\/\/exceladvisor.org\/wp-content\/uploads\/2023\/08\/3-coller-la-boite-de-dialogue-speciale.png\" sizes=\"auto, \" srcset=\"\" alt=\"yap\u0131\u015ft\u0131r-\u00f6zel-ileti\u015fim kutusu\" width=\"463\" height=\"349\"><\/figure><\/div><div class=\"wp-block-group more-tutorials is-layout-flow\"><div class=\"wp-block-group__inner-container\"><h2 class=\"wp-block-heading\"> Daha fazla k\u0131sayol <\/h2><div class=\"wp-block-columns is-layout-flex wp-container-59\"><div class=\"wp-block-column is-layout-flow\"><ul><li> <a href=\"https:\/\/exceladvisor.org\/tr\/mutlak-referans\/\">Mutlak referans<\/a><\/li><li> <a href=\"https:\/\/exceladvisor.org\/tr\/kopyala-yapistir\/\">Kopyala ve yap\u0131\u015ft\u0131r<\/a><\/li><li> <a href=\"https:\/\/exceladvisor.org\/tr\/kes-ve-yapistir\/\">Kes ve yap\u0131\u015ft\u0131r<\/a><\/li><li> H\u00fccreleri kilitle<\/li><\/ul><\/div><div class=\"wp-block-column is-layout-flow\"><ul><li> <a href=\"https:\/\/exceladvisor.org\/tr\/bir-satir-sec\/\">Bir sat\u0131r se\u00e7in<\/a><\/li><li> <a href=\"https:\/\/exceladvisor.org\/tr\/devrik-2\/\">Transpoze<\/a><\/li><li> <a href=\"https:\/\/exceladvisor.org\/tr\/gitmek\/\">Git se\u00e7ene\u011fini a\u00e7<\/a><\/li><\/ul><\/div><\/div><p> \u21e0 <a href=\"https:\/\/exceladvisor.org\/tr\/klavye-kisayollari\/\">Excel k\u0131sayollar\u0131na geri d\u00f6n\u00fcn (PDF kopya sayfas\u0131)<\/a><\/p><\/div><\/div>","protected":false},"excerpt":{"rendered":"","protected":false},"author":1,"featured_media":0,"parent":0,"menu_order":0,"comment_status":"open","ping_status":"closed","template":"","meta":{"ub_ctt_via":"","footnotes":""},"class_list":["post-2162","page","type-page","status-publish","hentry"],"featured_image_src":null,"yoast_head":"<!-- This site is optimized with the Yoast SEO plugin v25.4 - https:\/\/yoast.com\/wordpress\/plugins\/seo\/ -->\n<title>\u25b7 De\u011ferleri Yap\u0131\u015ft\u0131rmak i\u00e7in Excel K\u0131sayolu (En Son 2023)<\/title>\n<meta name=\"description\" content=\"Bu e\u011fitimde de\u011ferleri Excel&#039;e yap\u0131\u015ft\u0131rmak i\u00e7in klavye k\u0131sayolunun nas\u0131l kullan\u0131laca\u011f\u0131n\u0131 \u00f6\u011freneceksiniz. \u015eimdi bu klavye k\u0131sayolu\" \/>\n<meta name=\"robots\" content=\"index, follow, max-snippet:-1, max-image-preview:large, max-video-preview:-1\" \/>\n<link rel=\"canonical\" href=\"https:\/\/exceladvisor.org\/tr\/degerleri-yapistir\/\" \/>\n<meta property=\"og:locale\" content=\"tr_TR\" \/>\n<meta property=\"og:type\" content=\"article\" \/>\n<meta property=\"og:title\" content=\"\u25b7 De\u011ferleri Yap\u0131\u015ft\u0131rmak i\u00e7in Excel K\u0131sayolu (En Son 2023)\" \/>\n<meta property=\"og:description\" content=\"Bu e\u011fitimde de\u011ferleri Excel&#039;e yap\u0131\u015ft\u0131rmak i\u00e7in klavye k\u0131sayolunun nas\u0131l kullan\u0131laca\u011f\u0131n\u0131 \u00f6\u011freneceksiniz. \u015eimdi bu klavye k\u0131sayolu\" \/>\n<meta property=\"og:url\" content=\"https:\/\/exceladvisor.org\/tr\/degerleri-yapistir\/\" \/>\n<meta property=\"og:site_name\" content=\"Excel Advisor\" \/>\n<meta property=\"article:modified_time\" content=\"2023-12-10T05:59:18+00:00\" \/>\n<meta property=\"og:image\" content=\"https:\/\/exceladvisor.org\/wp-content\/uploads\/2023\/08\/1-coller-les-touches-de-raccourci-des-valeurs.png\" \/>\n<meta name=\"twitter:card\" content=\"summary_large_image\" \/>\n<meta name=\"twitter:label1\" content=\"Tahmini okuma s\u00fcresi\" \/>\n\t<meta name=\"twitter:data1\" content=\"2 dakika\" \/>\n<script type=\"application\/ld+json\" class=\"yoast-schema-graph\">{\"@context\":\"https:\/\/schema.org\",\"@graph\":[{\"@type\":\"WebPage\",\"@id\":\"https:\/\/exceladvisor.org\/tr\/degerleri-yapistir\/\",\"url\":\"https:\/\/exceladvisor.org\/tr\/degerleri-yapistir\/\",\"name\":\"\u25b7 De\u011ferleri Yap\u0131\u015ft\u0131rmak i\u00e7in Excel K\u0131sayolu (En Son 2023)\",\"isPartOf\":{\"@id\":\"https:\/\/exceladvisor.org\/tr\/#website\"},\"primaryImageOfPage\":{\"@id\":\"https:\/\/exceladvisor.org\/tr\/degerleri-yapistir\/#primaryimage\"},\"image\":{\"@id\":\"https:\/\/exceladvisor.org\/tr\/degerleri-yapistir\/#primaryimage\"},\"thumbnailUrl\":\"https:\/\/exceladvisor.org\/wp-content\/uploads\/2023\/08\/1-coller-les-touches-de-raccourci-des-valeurs.png\",\"datePublished\":\"2023-09-27T15:00:46+00:00\",\"dateModified\":\"2023-12-10T05:59:18+00:00\",\"description\":\"Bu e\u011fitimde de\u011ferleri Excel&#39;e yap\u0131\u015ft\u0131rmak i\u00e7in klavye k\u0131sayolunun nas\u0131l kullan\u0131laca\u011f\u0131n\u0131 \u00f6\u011freneceksiniz. \u015eimdi bu klavye k\u0131sayolu\",\"breadcrumb\":{\"@id\":\"https:\/\/exceladvisor.org\/tr\/degerleri-yapistir\/#breadcrumb\"},\"inLanguage\":\"tr\",\"potentialAction\":[{\"@type\":\"ReadAction\",\"target\":[\"https:\/\/exceladvisor.org\/tr\/degerleri-yapistir\/\"]}]},{\"@type\":\"ImageObject\",\"inLanguage\":\"tr\",\"@id\":\"https:\/\/exceladvisor.org\/tr\/degerleri-yapistir\/#primaryimage\",\"url\":\"https:\/\/exceladvisor.org\/wp-content\/uploads\/2023\/08\/1-coller-les-touches-de-raccourci-des-valeurs.png\",\"contentUrl\":\"https:\/\/exceladvisor.org\/wp-content\/uploads\/2023\/08\/1-coller-les-touches-de-raccourci-des-valeurs.png\"},{\"@type\":\"BreadcrumbList\",\"@id\":\"https:\/\/exceladvisor.org\/tr\/degerleri-yapistir\/#breadcrumb\",\"itemListElement\":[{\"@type\":\"ListItem\",\"position\":1,\"name\":\"Ev\",\"item\":\"https:\/\/exceladvisor.org\/tr\/\"},{\"@type\":\"ListItem\",\"position\":2,\"name\":\"De\u011ferleri yap\u0131\u015ft\u0131rmak i\u00e7in en i\u0307yi excel k\u0131sayolu\"}]},{\"@type\":\"WebSite\",\"@id\":\"https:\/\/exceladvisor.org\/tr\/#website\",\"url\":\"https:\/\/exceladvisor.org\/tr\/\",\"name\":\"Excel Advisor\",\"description\":\"Veri hakimiyetine y\u00f6nelik nihai rehberiniz!\",\"publisher\":{\"@id\":\"https:\/\/exceladvisor.org\/tr\/#organization\"},\"potentialAction\":[{\"@type\":\"SearchAction\",\"target\":{\"@type\":\"EntryPoint\",\"urlTemplate\":\"https:\/\/exceladvisor.org\/tr\/?s={search_term_string}\"},\"query-input\":{\"@type\":\"PropertyValueSpecification\",\"valueRequired\":true,\"valueName\":\"search_term_string\"}}],\"inLanguage\":\"tr\"},{\"@type\":\"Organization\",\"@id\":\"https:\/\/exceladvisor.org\/tr\/#organization\",\"name\":\"Excel Advisor\",\"url\":\"https:\/\/exceladvisor.org\/tr\/\",\"logo\":{\"@type\":\"ImageObject\",\"inLanguage\":\"tr\",\"@id\":\"https:\/\/exceladvisor.org\/tr\/#\/schema\/logo\/image\/\",\"url\":\"https:\/\/exceladvisor.org\/tr\/wp-content\/uploads\/2023\/12\/exceladvisor.org_.png\",\"contentUrl\":\"https:\/\/exceladvisor.org\/tr\/wp-content\/uploads\/2023\/12\/exceladvisor.org_.png\",\"width\":105,\"height\":36,\"caption\":\"Excel Advisor\"},\"image\":{\"@id\":\"https:\/\/exceladvisor.org\/tr\/#\/schema\/logo\/image\/\"}}]}<\/script>\n<!-- \/ Yoast SEO plugin. -->","yoast_head_json":{"title":"\u25b7 De\u011ferleri Yap\u0131\u015ft\u0131rmak i\u00e7in Excel K\u0131sayolu (En Son 2023)","description":"Bu e\u011fitimde de\u011ferleri Excel&#39;e yap\u0131\u015ft\u0131rmak i\u00e7in klavye k\u0131sayolunun nas\u0131l kullan\u0131laca\u011f\u0131n\u0131 \u00f6\u011freneceksiniz. \u015eimdi bu klavye k\u0131sayolu","robots":{"index":"index","follow":"follow","max-snippet":"max-snippet:-1","max-image-preview":"max-image-preview:large","max-video-preview":"max-video-preview:-1"},"canonical":"https:\/\/exceladvisor.org\/tr\/degerleri-yapistir\/","og_locale":"tr_TR","og_type":"article","og_title":"\u25b7 De\u011ferleri Yap\u0131\u015ft\u0131rmak i\u00e7in Excel K\u0131sayolu (En Son 2023)","og_description":"Bu e\u011fitimde de\u011ferleri Excel&#39;e yap\u0131\u015ft\u0131rmak i\u00e7in klavye k\u0131sayolunun nas\u0131l kullan\u0131laca\u011f\u0131n\u0131 \u00f6\u011freneceksiniz. \u015eimdi bu klavye k\u0131sayolu","og_url":"https:\/\/exceladvisor.org\/tr\/degerleri-yapistir\/","og_site_name":"Excel Advisor","article_modified_time":"2023-12-10T05:59:18+00:00","og_image":[{"url":"https:\/\/exceladvisor.org\/wp-content\/uploads\/2023\/08\/1-coller-les-touches-de-raccourci-des-valeurs.png","type":"","width":"","height":""}],"twitter_card":"summary_large_image","twitter_misc":{"Tahmini okuma s\u00fcresi":"2 dakika"},"schema":{"@context":"https:\/\/schema.org","@graph":[{"@type":"WebPage","@id":"https:\/\/exceladvisor.org\/tr\/degerleri-yapistir\/","url":"https:\/\/exceladvisor.org\/tr\/degerleri-yapistir\/","name":"\u25b7 De\u011ferleri Yap\u0131\u015ft\u0131rmak i\u00e7in Excel K\u0131sayolu (En Son 2023)","isPartOf":{"@id":"https:\/\/exceladvisor.org\/tr\/#website"},"primaryImageOfPage":{"@id":"https:\/\/exceladvisor.org\/tr\/degerleri-yapistir\/#primaryimage"},"image":{"@id":"https:\/\/exceladvisor.org\/tr\/degerleri-yapistir\/#primaryimage"},"thumbnailUrl":"https:\/\/exceladvisor.org\/wp-content\/uploads\/2023\/08\/1-coller-les-touches-de-raccourci-des-valeurs.png","datePublished":"2023-09-27T15:00:46+00:00","dateModified":"2023-12-10T05:59:18+00:00","description":"Bu e\u011fitimde de\u011ferleri Excel&#39;e yap\u0131\u015ft\u0131rmak i\u00e7in klavye k\u0131sayolunun nas\u0131l kullan\u0131laca\u011f\u0131n\u0131 \u00f6\u011freneceksiniz. \u015eimdi bu klavye k\u0131sayolu","breadcrumb":{"@id":"https:\/\/exceladvisor.org\/tr\/degerleri-yapistir\/#breadcrumb"},"inLanguage":"tr","potentialAction":[{"@type":"ReadAction","target":["https:\/\/exceladvisor.org\/tr\/degerleri-yapistir\/"]}]},{"@type":"ImageObject","inLanguage":"tr","@id":"https:\/\/exceladvisor.org\/tr\/degerleri-yapistir\/#primaryimage","url":"https:\/\/exceladvisor.org\/wp-content\/uploads\/2023\/08\/1-coller-les-touches-de-raccourci-des-valeurs.png","contentUrl":"https:\/\/exceladvisor.org\/wp-content\/uploads\/2023\/08\/1-coller-les-touches-de-raccourci-des-valeurs.png"},{"@type":"BreadcrumbList","@id":"https:\/\/exceladvisor.org\/tr\/degerleri-yapistir\/#breadcrumb","itemListElement":[{"@type":"ListItem","position":1,"name":"Ev","item":"https:\/\/exceladvisor.org\/tr\/"},{"@type":"ListItem","position":2,"name":"De\u011ferleri yap\u0131\u015ft\u0131rmak i\u00e7in en i\u0307yi excel k\u0131sayolu"}]},{"@type":"WebSite","@id":"https:\/\/exceladvisor.org\/tr\/#website","url":"https:\/\/exceladvisor.org\/tr\/","name":"Excel Advisor","description":"Veri hakimiyetine y\u00f6nelik nihai rehberiniz!","publisher":{"@id":"https:\/\/exceladvisor.org\/tr\/#organization"},"potentialAction":[{"@type":"SearchAction","target":{"@type":"EntryPoint","urlTemplate":"https:\/\/exceladvisor.org\/tr\/?s={search_term_string}"},"query-input":{"@type":"PropertyValueSpecification","valueRequired":true,"valueName":"search_term_string"}}],"inLanguage":"tr"},{"@type":"Organization","@id":"https:\/\/exceladvisor.org\/tr\/#organization","name":"Excel Advisor","url":"https:\/\/exceladvisor.org\/tr\/","logo":{"@type":"ImageObject","inLanguage":"tr","@id":"https:\/\/exceladvisor.org\/tr\/#\/schema\/logo\/image\/","url":"https:\/\/exceladvisor.org\/tr\/wp-content\/uploads\/2023\/12\/exceladvisor.org_.png","contentUrl":"https:\/\/exceladvisor.org\/tr\/wp-content\/uploads\/2023\/12\/exceladvisor.org_.png","width":105,"height":36,"caption":"Excel Advisor"},"image":{"@id":"https:\/\/exceladvisor.org\/tr\/#\/schema\/logo\/image\/"}}]}},"yoast_meta":{"yoast_wpseo_title":"","yoast_wpseo_metadesc":"","yoast_wpseo_canonical":""},"_links":{"self":[{"href":"https:\/\/exceladvisor.org\/tr\/wp-json\/wp\/v2\/pages\/2162","targetHints":{"allow":["GET"]}}],"collection":[{"href":"https:\/\/exceladvisor.org\/tr\/wp-json\/wp\/v2\/pages"}],"about":[{"href":"https:\/\/exceladvisor.org\/tr\/wp-json\/wp\/v2\/types\/page"}],"author":[{"embeddable":true,"href":"https:\/\/exceladvisor.org\/tr\/wp-json\/wp\/v2\/users\/1"}],"replies":[{"embeddable":true,"href":"https:\/\/exceladvisor.org\/tr\/wp-json\/wp\/v2\/comments?post=2162"}],"version-history":[{"count":1,"href":"https:\/\/exceladvisor.org\/tr\/wp-json\/wp\/v2\/pages\/2162\/revisions"}],"predecessor-version":[{"id":2312,"href":"https:\/\/exceladvisor.org\/tr\/wp-json\/wp\/v2\/pages\/2162\/revisions\/2312"}],"wp:attachment":[{"href":"https:\/\/exceladvisor.org\/tr\/wp-json\/wp\/v2\/media?parent=2162"}],"curies":[{"name":"wp","href":"https:\/\/api.w.org\/{rel}","templated":true}]}}