{"id":2164,"date":"2023-09-26T17:03:33","date_gmt":"2023-09-26T17:03:33","guid":{"rendered":"https:\/\/exceladvisor.org\/tr\/karanlik-mod\/"},"modified":"2023-12-10T06:01:19","modified_gmt":"2023-12-10T06:01:19","slug":"karanlik-mod","status":"publish","type":"page","link":"https:\/\/exceladvisor.org\/tr\/karanlik-mod\/","title":{"rendered":"Excel&#39;de karanl\u0131k mod nas\u0131l etkinle\u015ftirilir?"},"content":{"rendered":"<div class=\"excel-icerikten-once\" id=\"excel-1222395403\"><script type=\"text\/javascript\">\r\n\tatOptions = {\r\n\t\t'key' : 'c1158f160081d6540a8409e6925dab94',\r\n\t\t'format' : 'iframe',\r\n\t\t'height' : 250,\r\n\t\t'width' : 300,\r\n\t\t'params' : {}\r\n\t};\r\n<\/script>\r\n<script type=\"text\/javascript\" src=\"\/\/www.highperformanceformat.com\/c1158f160081d6540a8409e6925dab94\/invoke.js\"><\/script><\/div> <p>G\u00fcn\u00fcm\u00fczde her uygulama karanl\u0131k modda g\u00f6r\u00fcn\u00fcm\u00fcn\u00fc de\u011fi\u015ftirmenize olanak tan\u0131yor. \u00d6rne\u011fin ayn\u0131 \u015fekilde Excel (Office) de karanl\u0131k moda ge\u00e7menize olanak sa\u011fl\u0131yor. Bu derste onu nas\u0131l etkinle\u015ftirece\u011fimizi \u00f6\u011frenece\u011fiz ve bu i\u015flevselli\u011fin neden geli\u015ftirilebilece\u011fini anlayaca\u011f\u0131z.<\/p><h2 class=\"wp-block-heading\"> Karanl\u0131k modu etkinle\u015ftirme ad\u0131mlar\u0131<\/h2><ol><li> \u00d6ncelikle Dosya sekmesine t\u0131klay\u0131n. <br><img loading=\"lazy\" decoding=\"async\" title=\"Sekme dosyas\u0131na 1 t\u0131klama\" src=\"https:\/\/exceladvisor.org\/wp-content\/uploads\/2023\/08\/1-clic-sur-longlet-fichier.png\" sizes=\"auto, \" srcset=\"\" alt=\"click-on-file-tab\" width=\"492\" height=\"258\"><\/li><li> Ve <a href=\"https:\/\/exceladvisor.org\/tr\/secenekler\/\">Excel Se\u00e7enekleri&#8217;ni<\/a> a\u00e7\u0131n. <br><img loading=\"lazy\" decoding=\"async\" title=\"2 a\u00e7\u0131k excel se\u00e7ene\u011fi\" src=\"https:\/\/exceladvisor.org\/wp-content\/uploads\/2023\/08\/2-options-Excel-ouvertes.png\" sizes=\"auto, \" srcset=\"\" alt=\"open-excel-options\" width=\"352\" height=\"236\"><\/li><li> \u015eimdi \u201cGenel\u201d sekmesinde \u201cMicrosoft Office kopyan\u0131z\u0131 ki\u015fiselle\u015ftirin\u201d se\u00e7ene\u011fine gidin. <br><img loading=\"lazy\" decoding=\"async\" class=\"alignnone wp-image-12736 \" src=\"https:\/\/exceladvisor.org\/wp-content\/uploads\/2023\/11\/3-personnalisez-votre-exemplair.png\" alt=\"kopyan\u0131z\u0131 ki\u015fiselle\u015ftirin\" width=\"467\" height=\"204\" srcset=\"https:\/\/exceladvisor.org\/wp-content\/uploads\/2023\/11\/3-personnalisez-votre-exemplair.png 791w, https:\/\/exceladvisor.org\/wp-content\/uploads\/2023\/11\/3-personnalisez-votre-exemplair-300x131.png 300w, https:\/\/exceladvisor.org\/wp-content\/uploads\/2023\/11\/3-personnalisez-votre-exemplair-768x335.png 768w\" sizes=\"auto, (max-width: 467px) 100vw, 467px\"><\/li><li> \u201cOfis Temas\u0131\u201d a\u00e7\u0131l\u0131r men\u00fcs\u00fcnde \u201cBo\u015f\u201du se\u00e7in. <br><img loading=\"lazy\" decoding=\"async\" class=\"alignnone wp-image-12737 \" src=\"https:\/\/exceladvisor.org\/wp-content\/uploads\/2023\/11\/4-choisissez-le-noir-du-theme-bureau.png\" alt=\"ofis temas\u0131ndan-siyah-se\u00e7in\" width=\"459\" height=\"275\" srcset=\"https:\/\/exceladvisor.org\/wp-content\/uploads\/2023\/11\/4-choisissez-le-noir-du-theme-bureau.png 587w, https:\/\/exceladvisor.org\/wp-content\/uploads\/2023\/11\/4-choisissez-le-noir-du-theme-bureau-300x180.png 300w\" sizes=\"auto, (max-width: 459px) 100vw, 459px\"><\/li><li> Sonunda \u201cTamam\u201da t\u0131klay\u0131n.<\/li><\/ol><p> Tamam&#8217;\u0131 t\u0131klatt\u0131\u011f\u0131n\u0131zda, \u00e7al\u0131\u015fma sayfas\u0131n\u0131 oldu\u011fu gibi b\u0131rakarak Excel&#8217;e karanl\u0131k mod uygulan\u0131r. Ancak pencerelerin geri kalan\u0131 tamamen bo\u015f olacak. <\/p><div class=\"wp-block-image\"><figure class=\"aligncenter size-full is-resized\"><img loading=\"lazy\" decoding=\"async\" class=\"wp-image-88779\" src=\"https:\/\/exceladvisor.org\/wp-content\/uploads\/2023\/08\/6-mode-sombre-applique-a-excel.png\" sizes=\"auto, \" srcset=\"\" alt=\"excel'e karanl\u0131k mod uyguland\u0131\" width=\"604\" height=\"350\"><\/figure><\/div><p> Bilmeniz gereken bir \u015fey var: Excel&#8217;in g\u00f6r\u00fcn\u00fcm\u00fcn\u00fc de\u011fi\u015ftirdi\u011finizde, Word ve PowerPoint gibi di\u011fer Office uygulamalar\u0131 da de\u011fi\u015fir. <\/p><div class=\"wp-block-image\"><figure class=\"aligncenter size-full is-resized\"><img loading=\"lazy\" decoding=\"async\" class=\"wp-image-88780\" src=\"https:\/\/exceladvisor.org\/wp-content\/uploads\/2023\/08\/7-autres-applications-bureautiques-sont-egalement-passees-en-mode-sombre.png\" sizes=\"auto, \" srcset=\"\" alt=\"di\u011fer-masa\u00fcst\u00fc-uygulamalar\u0131-ayn\u0131 zamanda-karanl\u0131k moda da d\u00f6nd\u00fc\" width=\"592\" height=\"333\"><\/figure><\/div><p> Ancak Word&#8217;de g\u00f6rebilece\u011finiz gibi, t\u00fcm Windows&#8217;u karanl\u0131k moda de\u011fi\u015ftiriyor, ancak Excel&#8217;de hala beyaz h\u00fccreleriniz ve bo\u015f metniniz var. Mac&#8217;te Excel kullan\u0131yorsan\u0131z Excel \u21e2 Tercihler\u2026 \u21e2 Genel&#8217;e gitmeniz ve &#8220;Karanl\u0131k modu kapat&#8221; se\u00e7ene\u011finin i\u015faretini kald\u0131rman\u0131z gerekir. <\/p><div class=\"wp-block-image\"><figure class=\"aligncenter size-full is-resized\"><img loading=\"lazy\" decoding=\"async\" class=\"alignnone wp-image-12733 size-large\" src=\"https:\/\/exceladvisor.org\/wp-content\/uploads\/2023\/11\/decochez-desactivez-le-mode-1024x696.png\" alt=\"devre d\u0131\u015f\u0131 b\u0131rakma modunun i\u015faretini kald\u0131r\u0131n\" width=\"678\" height=\"461\" srcset=\"https:\/\/exceladvisor.org\/wp-content\/uploads\/2023\/11\/decochez-desactivez-le-mode-1024x696.png 1024w, https:\/\/exceladvisor.org\/wp-content\/uploads\/2023\/11\/decochez-desactivez-le-mode-300x204.png 300w, https:\/\/exceladvisor.org\/wp-content\/uploads\/2023\/11\/decochez-desactivez-le-mode-768x522.png 768w, https:\/\/exceladvisor.org\/wp-content\/uploads\/2023\/11\/decochez-desactivez-le-mode-1536x1044.png 1536w, https:\/\/exceladvisor.org\/wp-content\/uploads\/2023\/11\/decochez-desactivez-le-mode.png 1692w\" sizes=\"auto, (max-width: 678px) 100vw, 678px\"><\/figure><\/div><h2 class=\"wp-block-heading\"> H\u00fccreleri karanl\u0131k moda ve yaz\u0131 tipini beyaza \u00e7evirin<\/h2><p> H\u00fccrelerinizi karanl\u0131k moda d\u00f6n\u00fc\u015ft\u00fcrmenize de olanak tan\u0131yan basit bir t\u00fcyo var.<\/p><ol type=\"1\"><li> Resimli <a href=\"https:\/\/exceladvisor.org\/wp-content\/uploads\/2023\/08\/photo-17.png\" target=\"_blank\" rel=\"noreferrer noopener nofollow\">siyah bir arka plan<\/a> ekleyin.<\/li><li> Temada yaz\u0131 tipi rengini beyaz olarak de\u011fi\u015ftirin.<\/li><\/ol><p> Bu ad\u0131mlar\u0131 takip et:<\/p><ol><li> \u00d6ncelikle sisteminizde PowerPoint&#8217;i a\u00e7\u0131n ve tek bir slayt ekleyin. <br><img loading=\"lazy\" decoding=\"async\" title=\"9-a\u00e7\u0131k g\u00fc\u00e7 noktas\u0131\" src=\"https:\/\/exceladvisor.org\/wp-content\/uploads\/2023\/08\/9-prise-de-courant-ouverte.png\" sizes=\"auto, \" srcset=\"\" alt=\"open-power-point\" width=\"592\" height=\"344\"><\/li><li> Bundan sonra Tasar\u0131m sekmesine t\u0131klay\u0131n ve \u201cArka Plan\u0131 Bi\u00e7imlendir\u201d e gidin. <br><img loading=\"lazy\" decoding=\"async\" class=\"alignnone wp-image-12734 \" src=\"https:\/\/exceladvisor.org\/wp-content\/uploads\/2023\/11\/format-fond.png\" alt=\"arka plan format\u0131\" width=\"534\" height=\"257\" srcset=\"https:\/\/exceladvisor.org\/wp-content\/uploads\/2023\/11\/format-fond.png 636w, https:\/\/exceladvisor.org\/wp-content\/uploads\/2023\/11\/format-fond-300x144.png 300w\" sizes=\"auto, (max-width: 534px) 100vw, 534px\"><\/li><li> \u015eimdi rengi siyaha veya istedi\u011finiz ba\u015fka bir koyu renge de\u011fi\u015ftirin. \u00d6zel bir koyu renk elde etmek i\u00e7in renk kodunu (HEX: #3a3a3a) kulland\u0131m. <br><img loading=\"lazy\" decoding=\"async\" title=\"11-renk-siyaha d\u00f6n\u00fc\u015f\" src=\"https:\/\/exceladvisor.org\/wp-content\/uploads\/2023\/08\/11-changer-la-couleur-en-noir.png\" sizes=\"auto, \" srcset=\"\" alt=\"change-the-color-to-black\" width=\"262\" height=\"305\"><\/li><li> Daha sonra Dosya sekmesine gidin, \u201cFarkl\u0131 Kaydet\u201de t\u0131klay\u0131n ve sunuyu PNG (Resim) dosya format\u0131nda kaydedin. Veya <a href=\"https:\/\/exceladvisor.org\/wp-content\/uploads\/2023\/08\/photo-17.png\">buradan indirebilirsiniz<\/a> . <br><img loading=\"lazy\" decoding=\"async\" class=\"alignnone wp-image-12735 \" src=\"https:\/\/exceladvisor.org\/wp-content\/uploads\/2023\/11\/12-enregistrer-de-fichier-png.png\" alt=\"png dosyas\u0131ndan-kaydet\" width=\"598\" height=\"228\" srcset=\"https:\/\/exceladvisor.org\/wp-content\/uploads\/2023\/11\/12-enregistrer-de-fichier-png.png 946w, https:\/\/exceladvisor.org\/wp-content\/uploads\/2023\/11\/12-enregistrer-de-fichier-png-300x114.png 300w, https:\/\/exceladvisor.org\/wp-content\/uploads\/2023\/11\/12-enregistrer-de-fichier-png-768x293.png 768w\" sizes=\"auto, (max-width: 598px) 100vw, 598px\"><\/li><li> \u015eimdi Excel&#8217;e geri d\u00f6n\u00fcn ve \u201cSayfa D\u00fczeni\u201d sekmesine gidin. Oradan \u201cArka Plan\u201d butonuna t\u0131klay\u0131n. <br><img loading=\"lazy\" decoding=\"async\" title=\"Excel'de 13 d\u00fczen sekmesi a\u00e7\u0131ld\u0131\" src=\"https:\/\/exceladvisor.org\/wp-content\/uploads\/2023\/08\/13-onglet-de-mise-en-page-ouvert-dans-Excel.png\" sizes=\"auto, \" srcset=\"\" alt=\"open-page-layout-tab-in-excel\" width=\"557\" height=\"225\"><\/li><li> Ard\u0131ndan, yeni kaydetti\u011fimiz arka plan resmini bulun ve uygulay\u0131n. <br><img loading=\"lazy\" decoding=\"async\" title=\"14-kaydedilen arka plan g\u00f6r\u00fcnt\u00fcs\u00fcn\u00fcn yerini belirleme\" src=\"https:\/\/exceladvisor.org\/wp-content\/uploads\/2023\/08\/14-localiser-limage-darriere-plan-enregistree.png\" sizes=\"auto, \" srcset=\"\" alt=\"locate-the-saved-background-image\" width=\"621\" height=\"278\"><\/li><\/ol><p> Excel&#8217;i tam karanl\u0131k moda d\u00f6n\u00fc\u015ft\u00fcrecektir. <\/p><div class=\"wp-block-image\"><figure class=\"aligncenter size-full is-resized\"><img loading=\"lazy\" decoding=\"async\" class=\"wp-image-88788\" src=\"https:\/\/exceladvisor.org\/wp-content\/uploads\/2023\/08\/15-excel-convertis-en-mode-noir-complet.png\" sizes=\"auto, \" srcset=\"\" alt=\"excel-tam karanl\u0131k moda d\u00f6n\u00fc\u015ft\u00fcr\u00fcld\u00fc\" width=\"650\" height=\"407\"><\/figure><\/div><p> Ancak de\u011fi\u015ftirmeniz gereken bir \u015fey daha var: yaz\u0131 tipi rengi. \u00d6yleyse D\u00fczen \u21e2 Temalar \u21e2 Renkler \u21e2 Renkleri \u00d6zelle\u015ftir&#8217;e gidin. <\/p><div class=\"wp-block-image\"><figure class=\"aligncenter size-full is-resized\"><img loading=\"lazy\" decoding=\"async\" class=\"wp-image-88789\" src=\"https:\/\/exceladvisor.org\/wp-content\/uploads\/2023\/08\/16-en-mise-en-page-personnaliser-les-couleurs.png\" sizes=\"auto, \" srcset=\"\" alt=\"sayfa i\u00e7i-d\u00fczen-\u00f6zelle\u015ftir-renkler\" width=\"492\" height=\"302\"><\/figure><\/div><p> \u00d6zel Renk&#8217;te yaz\u0131 tipi rengini beyaza veya istedi\u011finiz herhangi bir a\u00e7\u0131k renge de\u011fi\u015ftirin. Ve buna \u201cKaranl\u0131k Tema\u201d ad\u0131n\u0131 verin. <\/p><div class=\"wp-block-image\"><figure class=\"aligncenter size-full is-resized\"><img loading=\"lazy\" decoding=\"async\" class=\"wp-image-88790\" src=\"https:\/\/exceladvisor.org\/wp-content\/uploads\/2023\/08\/17-changer-la-couleur-de-la-police-en-blanc.png\" sizes=\"auto, \" srcset=\"\" alt=\"yaz\u0131 tipi rengini beyaz olarak de\u011fi\u015ftir\" width=\"478\" height=\"514\"><\/figure><\/div><p> Art\u0131k bo\u015f h\u00fccreler ve beyaz yaz\u0131 tipiyle tamamen karanl\u0131k bir teman\u0131z var. <\/p><div class=\"wp-block-image\"><figure class=\"aligncenter size-full is-resized\"><img loading=\"lazy\" decoding=\"async\" class=\"wp-image-88791\" src=\"https:\/\/exceladvisor.org\/wp-content\/uploads\/2023\/08\/18-themes-sombres-avec-des-cellules-noires-et-une-police-blanche.png\" sizes=\"auto, \" srcset=\"\" alt=\"siyah h\u00fccreli ve beyaz yaz\u0131 tipiyle koyu tema\" width=\"532\" height=\"370\"><\/figure><\/div><p> Ayr\u0131ca mevcut teman\u0131n tamam\u0131n\u0131 da kaydedebilirsiniz. D\u00fczen \u21e2 Temalar \u21e2 Temalar \u21e2 Ge\u00e7erli temay\u0131 kaydedin.. ve ona karanl\u0131k tema ad\u0131n\u0131 verin. <\/p><div class=\"wp-block-image\"><figure class=\"aligncenter size-full is-resized\"><img loading=\"lazy\" decoding=\"async\" class=\"wp-image-88792\" src=\"https:\/\/exceladvisor.org\/wp-content\/uploads\/2023\/08\/19-enregistrer-le-theme-actuel.png\" sizes=\"auto, \" srcset=\"\" alt=\"ge\u00e7erli-temay\u0131 kaydet\" width=\"469\" height=\"367\"><\/figure><\/div><h3 class=\"wp-block-heading\"> \u00d6nemli noktalar<\/h3><ol><li> Bir g\u00f6rsele bo\u015f bir arka plan eklemek yaln\u0131zca ge\u00e7erli \u00e7al\u0131\u015fma sayfas\u0131nda i\u015fe yarar.<\/li><li> Yaz\u0131 tipi rengini temayla de\u011fi\u015ftirmek yaln\u0131zca etkin \u00e7al\u0131\u015fma kitab\u0131nda i\u015fe yarar.<\/li><\/ol><p> Bu ad\u0131mlar\u0131 takip etmek zor olmasa da Microsoft&#8217;tan tek t\u0131klamayla Karanl\u0131k ve Basit modlara ge\u00e7i\u015f yapmak i\u00e7in bir ge\u00e7i\u015f d\u00fc\u011fmesi olu\u015fturma se\u00e7ene\u011fini ar\u0131yorum.<\/p><p> Bu ba\u011flant\u0131ya gidebilir ve Microsoft&#8217;a bu \u00f6zelli\u011fin gerekli oldu\u011funu bildirmek i\u00e7in geri bildirim g\u00f6nderebilirsiniz. Ve herhangi bir sorun ya\u015farsan\u0131z sorunuzu sorabilmeniz i\u00e7in bu yaz\u0131ya yorum a\u00e7\u0131yorum.<\/p><div class=\"gb-container gb-container-29c351cb gb-container-mt\"> <a class=\"gb-button gb-button-3f93e23e gb-button-text gb-button-mt-button\" href=\"https:\/\/exceladvisor.org\/tr\/excelin-temelleri\/\">Microsoft Excel Temelleri (Bile\u015fenler, Par\u00e7alar ve Bilgi Notlar\u0131)<\/a><h2 class=\"gb-headline gb-headline-039c6b39 gb-headline-text gb-headline-mt-heading\"> Daha fazla e\u011fitim <\/h2><div class=\"gb-grid-wrapper gb-grid-wrapper-a21eef70 gb-grid-wrapper-mt-grid\"><div class=\"gb-grid-column gb-grid-column-8876d83d\"><div class=\"gb-container gb-container-8876d83d\"><ul><li> <a href=\"https:\/\/exceladvisor.org\/tr\/tamamen-hakli-cikarmak\/\">Excel&#8217;de Yasla&#8217;y\u0131 Doldurun<\/a><\/li><li> <a href=\"https:\/\/exceladvisor.org\/tr\/ressam-formati\/\">Excel&#8217;de Bi\u00e7im Boyac\u0131s\u0131<\/a><\/li><li> <a href=\"https:\/\/exceladvisor.org\/tr\/hizli-erisim-cubugu\/\">Excel&#8217;de H\u0131zl\u0131 Eri\u015fim Ara\u00e7 \u00c7ubu\u011fu<\/a> <\/li><\/ul><\/div><\/div><div class=\"gb-grid-column gb-grid-column-ee06a2c7\"><div class=\"gb-container gb-container-ee06a2c7\"><ul><li> <a href=\"https:\/\/exceladvisor.org\/tr\/kurdele\/\">Excel&#8217;de \u015eerit<\/a><\/li><li> <a href=\"https:\/\/exceladvisor.org\/tr\/hizalama\/\">Excel&#8217;de Hizalama<\/a><\/li><li> <a href=\"https:\/\/exceladvisor.org\/tr\/dosyayi-kaydet\/\">Excel&#8217;de bir dosyay\u0131 kaydetme<\/a><\/li><\/ul><\/div><\/div><\/div><\/div>","protected":false},"excerpt":{"rendered":"","protected":false},"author":1,"featured_media":0,"parent":0,"menu_order":0,"comment_status":"open","ping_status":"closed","template":"","meta":{"ub_ctt_via":"","footnotes":""},"class_list":["post-2164","page","type-page","status-publish","hentry"],"featured_image_src":null,"yoast_head":"<!-- This site is optimized with the Yoast SEO plugin v25.4 - https:\/\/yoast.com\/wordpress\/plugins\/seo\/ -->\n<title>Excel&#039;de karanl\u0131k mod nas\u0131l etkinle\u015ftirilir? (E\u011fitim 2023)<\/title>\n<meta name=\"description\" content=\"G\u00fcn\u00fcm\u00fczde her uygulama karanl\u0131k modda g\u00f6r\u00fcn\u00fcm\u00fcn\u00fc de\u011fi\u015ftirmenize olanak tan\u0131yor. \u00d6rne\u011fin, benzer \u015fekilde,\" \/>\n<meta name=\"robots\" content=\"index, follow, max-snippet:-1, max-image-preview:large, max-video-preview:-1\" \/>\n<link rel=\"canonical\" href=\"https:\/\/exceladvisor.org\/tr\/karanlik-mod\/\" \/>\n<meta property=\"og:locale\" content=\"tr_TR\" \/>\n<meta property=\"og:type\" content=\"article\" \/>\n<meta property=\"og:title\" content=\"Excel&#039;de karanl\u0131k mod nas\u0131l etkinle\u015ftirilir? (E\u011fitim 2023)\" \/>\n<meta property=\"og:description\" content=\"G\u00fcn\u00fcm\u00fczde her uygulama karanl\u0131k modda g\u00f6r\u00fcn\u00fcm\u00fcn\u00fc de\u011fi\u015ftirmenize olanak tan\u0131yor. \u00d6rne\u011fin, benzer \u015fekilde,\" \/>\n<meta property=\"og:url\" content=\"https:\/\/exceladvisor.org\/tr\/karanlik-mod\/\" \/>\n<meta property=\"og:site_name\" content=\"Excel Advisor\" \/>\n<meta property=\"article:modified_time\" content=\"2023-12-10T06:01:19+00:00\" \/>\n<meta property=\"og:image\" content=\"https:\/\/exceladvisor.org\/wp-content\/uploads\/2023\/08\/1-clic-sur-longlet-fichier.png\" \/>\n<meta name=\"twitter:card\" content=\"summary_large_image\" \/>\n<meta name=\"twitter:label1\" content=\"Tahmini okuma s\u00fcresi\" \/>\n\t<meta name=\"twitter:data1\" content=\"3 dakika\" \/>\n<script type=\"application\/ld+json\" class=\"yoast-schema-graph\">{\"@context\":\"https:\/\/schema.org\",\"@graph\":[{\"@type\":\"WebPage\",\"@id\":\"https:\/\/exceladvisor.org\/tr\/karanlik-mod\/\",\"url\":\"https:\/\/exceladvisor.org\/tr\/karanlik-mod\/\",\"name\":\"Excel&#39;de karanl\u0131k mod nas\u0131l etkinle\u015ftirilir? (E\u011fitim 2023)\",\"isPartOf\":{\"@id\":\"https:\/\/exceladvisor.org\/tr\/#website\"},\"primaryImageOfPage\":{\"@id\":\"https:\/\/exceladvisor.org\/tr\/karanlik-mod\/#primaryimage\"},\"image\":{\"@id\":\"https:\/\/exceladvisor.org\/tr\/karanlik-mod\/#primaryimage\"},\"thumbnailUrl\":\"https:\/\/exceladvisor.org\/wp-content\/uploads\/2023\/08\/1-clic-sur-longlet-fichier.png\",\"datePublished\":\"2023-09-26T17:03:33+00:00\",\"dateModified\":\"2023-12-10T06:01:19+00:00\",\"description\":\"G\u00fcn\u00fcm\u00fczde her uygulama karanl\u0131k modda g\u00f6r\u00fcn\u00fcm\u00fcn\u00fc de\u011fi\u015ftirmenize olanak tan\u0131yor. \u00d6rne\u011fin, benzer \u015fekilde,\",\"breadcrumb\":{\"@id\":\"https:\/\/exceladvisor.org\/tr\/karanlik-mod\/#breadcrumb\"},\"inLanguage\":\"tr\",\"potentialAction\":[{\"@type\":\"ReadAction\",\"target\":[\"https:\/\/exceladvisor.org\/tr\/karanlik-mod\/\"]}]},{\"@type\":\"ImageObject\",\"inLanguage\":\"tr\",\"@id\":\"https:\/\/exceladvisor.org\/tr\/karanlik-mod\/#primaryimage\",\"url\":\"https:\/\/exceladvisor.org\/wp-content\/uploads\/2023\/08\/1-clic-sur-longlet-fichier.png\",\"contentUrl\":\"https:\/\/exceladvisor.org\/wp-content\/uploads\/2023\/08\/1-clic-sur-longlet-fichier.png\"},{\"@type\":\"BreadcrumbList\",\"@id\":\"https:\/\/exceladvisor.org\/tr\/karanlik-mod\/#breadcrumb\",\"itemListElement\":[{\"@type\":\"ListItem\",\"position\":1,\"name\":\"Ev\",\"item\":\"https:\/\/exceladvisor.org\/tr\/\"},{\"@type\":\"ListItem\",\"position\":2,\"name\":\"Excel&#39;de karanl\u0131k mod nas\u0131l etkinle\u015ftirilir?\"}]},{\"@type\":\"WebSite\",\"@id\":\"https:\/\/exceladvisor.org\/tr\/#website\",\"url\":\"https:\/\/exceladvisor.org\/tr\/\",\"name\":\"Excel Advisor\",\"description\":\"Veri hakimiyetine y\u00f6nelik nihai rehberiniz!\",\"publisher\":{\"@id\":\"https:\/\/exceladvisor.org\/tr\/#organization\"},\"potentialAction\":[{\"@type\":\"SearchAction\",\"target\":{\"@type\":\"EntryPoint\",\"urlTemplate\":\"https:\/\/exceladvisor.org\/tr\/?s={search_term_string}\"},\"query-input\":{\"@type\":\"PropertyValueSpecification\",\"valueRequired\":true,\"valueName\":\"search_term_string\"}}],\"inLanguage\":\"tr\"},{\"@type\":\"Organization\",\"@id\":\"https:\/\/exceladvisor.org\/tr\/#organization\",\"name\":\"Excel Advisor\",\"url\":\"https:\/\/exceladvisor.org\/tr\/\",\"logo\":{\"@type\":\"ImageObject\",\"inLanguage\":\"tr\",\"@id\":\"https:\/\/exceladvisor.org\/tr\/#\/schema\/logo\/image\/\",\"url\":\"https:\/\/exceladvisor.org\/tr\/wp-content\/uploads\/2023\/12\/exceladvisor.org_.png\",\"contentUrl\":\"https:\/\/exceladvisor.org\/tr\/wp-content\/uploads\/2023\/12\/exceladvisor.org_.png\",\"width\":105,\"height\":36,\"caption\":\"Excel Advisor\"},\"image\":{\"@id\":\"https:\/\/exceladvisor.org\/tr\/#\/schema\/logo\/image\/\"}}]}<\/script>\n<!-- \/ Yoast SEO plugin. -->","yoast_head_json":{"title":"Excel&#39;de karanl\u0131k mod nas\u0131l etkinle\u015ftirilir? (E\u011fitim 2023)","description":"G\u00fcn\u00fcm\u00fczde her uygulama karanl\u0131k modda g\u00f6r\u00fcn\u00fcm\u00fcn\u00fc de\u011fi\u015ftirmenize olanak tan\u0131yor. \u00d6rne\u011fin, benzer \u015fekilde,","robots":{"index":"index","follow":"follow","max-snippet":"max-snippet:-1","max-image-preview":"max-image-preview:large","max-video-preview":"max-video-preview:-1"},"canonical":"https:\/\/exceladvisor.org\/tr\/karanlik-mod\/","og_locale":"tr_TR","og_type":"article","og_title":"Excel&#39;de karanl\u0131k mod nas\u0131l etkinle\u015ftirilir? (E\u011fitim 2023)","og_description":"G\u00fcn\u00fcm\u00fczde her uygulama karanl\u0131k modda g\u00f6r\u00fcn\u00fcm\u00fcn\u00fc de\u011fi\u015ftirmenize olanak tan\u0131yor. \u00d6rne\u011fin, benzer \u015fekilde,","og_url":"https:\/\/exceladvisor.org\/tr\/karanlik-mod\/","og_site_name":"Excel Advisor","article_modified_time":"2023-12-10T06:01:19+00:00","og_image":[{"url":"https:\/\/exceladvisor.org\/wp-content\/uploads\/2023\/08\/1-clic-sur-longlet-fichier.png","type":"","width":"","height":""}],"twitter_card":"summary_large_image","twitter_misc":{"Tahmini okuma s\u00fcresi":"3 dakika"},"schema":{"@context":"https:\/\/schema.org","@graph":[{"@type":"WebPage","@id":"https:\/\/exceladvisor.org\/tr\/karanlik-mod\/","url":"https:\/\/exceladvisor.org\/tr\/karanlik-mod\/","name":"Excel&#39;de karanl\u0131k mod nas\u0131l etkinle\u015ftirilir? (E\u011fitim 2023)","isPartOf":{"@id":"https:\/\/exceladvisor.org\/tr\/#website"},"primaryImageOfPage":{"@id":"https:\/\/exceladvisor.org\/tr\/karanlik-mod\/#primaryimage"},"image":{"@id":"https:\/\/exceladvisor.org\/tr\/karanlik-mod\/#primaryimage"},"thumbnailUrl":"https:\/\/exceladvisor.org\/wp-content\/uploads\/2023\/08\/1-clic-sur-longlet-fichier.png","datePublished":"2023-09-26T17:03:33+00:00","dateModified":"2023-12-10T06:01:19+00:00","description":"G\u00fcn\u00fcm\u00fczde her uygulama karanl\u0131k modda g\u00f6r\u00fcn\u00fcm\u00fcn\u00fc de\u011fi\u015ftirmenize olanak tan\u0131yor. \u00d6rne\u011fin, benzer \u015fekilde,","breadcrumb":{"@id":"https:\/\/exceladvisor.org\/tr\/karanlik-mod\/#breadcrumb"},"inLanguage":"tr","potentialAction":[{"@type":"ReadAction","target":["https:\/\/exceladvisor.org\/tr\/karanlik-mod\/"]}]},{"@type":"ImageObject","inLanguage":"tr","@id":"https:\/\/exceladvisor.org\/tr\/karanlik-mod\/#primaryimage","url":"https:\/\/exceladvisor.org\/wp-content\/uploads\/2023\/08\/1-clic-sur-longlet-fichier.png","contentUrl":"https:\/\/exceladvisor.org\/wp-content\/uploads\/2023\/08\/1-clic-sur-longlet-fichier.png"},{"@type":"BreadcrumbList","@id":"https:\/\/exceladvisor.org\/tr\/karanlik-mod\/#breadcrumb","itemListElement":[{"@type":"ListItem","position":1,"name":"Ev","item":"https:\/\/exceladvisor.org\/tr\/"},{"@type":"ListItem","position":2,"name":"Excel&#39;de karanl\u0131k mod nas\u0131l etkinle\u015ftirilir?"}]},{"@type":"WebSite","@id":"https:\/\/exceladvisor.org\/tr\/#website","url":"https:\/\/exceladvisor.org\/tr\/","name":"Excel Advisor","description":"Veri hakimiyetine y\u00f6nelik nihai rehberiniz!","publisher":{"@id":"https:\/\/exceladvisor.org\/tr\/#organization"},"potentialAction":[{"@type":"SearchAction","target":{"@type":"EntryPoint","urlTemplate":"https:\/\/exceladvisor.org\/tr\/?s={search_term_string}"},"query-input":{"@type":"PropertyValueSpecification","valueRequired":true,"valueName":"search_term_string"}}],"inLanguage":"tr"},{"@type":"Organization","@id":"https:\/\/exceladvisor.org\/tr\/#organization","name":"Excel Advisor","url":"https:\/\/exceladvisor.org\/tr\/","logo":{"@type":"ImageObject","inLanguage":"tr","@id":"https:\/\/exceladvisor.org\/tr\/#\/schema\/logo\/image\/","url":"https:\/\/exceladvisor.org\/tr\/wp-content\/uploads\/2023\/12\/exceladvisor.org_.png","contentUrl":"https:\/\/exceladvisor.org\/tr\/wp-content\/uploads\/2023\/12\/exceladvisor.org_.png","width":105,"height":36,"caption":"Excel Advisor"},"image":{"@id":"https:\/\/exceladvisor.org\/tr\/#\/schema\/logo\/image\/"}}]}},"yoast_meta":{"yoast_wpseo_title":"","yoast_wpseo_metadesc":"","yoast_wpseo_canonical":""},"_links":{"self":[{"href":"https:\/\/exceladvisor.org\/tr\/wp-json\/wp\/v2\/pages\/2164","targetHints":{"allow":["GET"]}}],"collection":[{"href":"https:\/\/exceladvisor.org\/tr\/wp-json\/wp\/v2\/pages"}],"about":[{"href":"https:\/\/exceladvisor.org\/tr\/wp-json\/wp\/v2\/types\/page"}],"author":[{"embeddable":true,"href":"https:\/\/exceladvisor.org\/tr\/wp-json\/wp\/v2\/users\/1"}],"replies":[{"embeddable":true,"href":"https:\/\/exceladvisor.org\/tr\/wp-json\/wp\/v2\/comments?post=2164"}],"version-history":[{"count":1,"href":"https:\/\/exceladvisor.org\/tr\/wp-json\/wp\/v2\/pages\/2164\/revisions"}],"predecessor-version":[{"id":2503,"href":"https:\/\/exceladvisor.org\/tr\/wp-json\/wp\/v2\/pages\/2164\/revisions\/2503"}],"wp:attachment":[{"href":"https:\/\/exceladvisor.org\/tr\/wp-json\/wp\/v2\/media?parent=2164"}],"curies":[{"name":"wp","href":"https:\/\/api.w.org\/{rel}","templated":true}]}}