{"id":2165,"date":"2023-09-26T11:31:25","date_gmt":"2023-09-26T11:31:25","guid":{"rendered":"https:\/\/exceladvisor.org\/tr\/karin-kaslari-2\/"},"modified":"2023-12-10T06:00:06","modified_gmt":"2023-12-10T06:00:06","slug":"karin-kaslari-2","status":"publish","type":"page","link":"https:\/\/exceladvisor.org\/tr\/karin-kaslari-2\/","title":{"rendered":"Excel&#39;de abs i\u015flevi nedir?"},"content":{"rendered":"<div class=\"excel-icerikten-once\" id=\"excel-1670010790\"><script type=\"text\/javascript\">\r\n\tatOptions = {\r\n\t\t'key' : 'c1158f160081d6540a8409e6925dab94',\r\n\t\t'format' : 'iframe',\r\n\t\t'height' : 250,\r\n\t\t'width' : 300,\r\n\t\t'params' : {}\r\n\t};\r\n<\/script>\r\n<script type=\"text\/javascript\" src=\"\/\/www.highperformanceformat.com\/c1158f160081d6540a8409e6925dab94\/invoke.js\"><\/script><\/div> <p>ABS i\u015flevi, Excel&#8217;in matematik i\u015flevlerinin herhangi bir say\u0131y\u0131 mutlak say\u0131ya d\u00f6n\u00fc\u015ft\u00fcrmek i\u00e7in kullan\u0131labilen bir par\u00e7as\u0131d\u0131r. Basit bir ifadeyle, negatif bir say\u0131y\u0131 pozitife d\u00f6n\u00fc\u015ft\u00fcr\u00fcn ve sonu\u00e7 h\u00fccresindeki pozitif say\u0131y\u0131 etkilemeden (i\u015faretsiz bir say\u0131 d\u00f6nd\u00fcr\u00fcr). Do\u011frudan h\u00fccreye veya i\u015flevdeki giri\u015f de\u011ferine ba\u015fvurabilirsiniz. <\/p><div class=\"wp-block-image\"><figure class=\"aligncenter size-full is-resized\"><img loading=\"lazy\" decoding=\"async\" class=\"wp-image-72649\" src=\"https:\/\/exceladvisor.org\/wp-content\/uploads\/2023\/08\/1-fonction-abs.png\" sizes=\"auto, \" srcset=\"\" alt=\"kar\u0131n kaslar\u0131 i\u015flevi\" width=\"455\" height=\"166\"><\/figure><\/div><h2 class=\"wp-block-heading\"> S\u00f6zdizimi<\/h2><p> ABS(say\u0131)<\/p><h2 class=\"wp-block-heading\"> Arg\u00fcmanlar<\/h2><p> say\u0131: Mutlak say\u0131ya d\u00f6n\u00fc\u015ft\u00fcrmek istedi\u011finiz say\u0131 veya de\u011fer.<\/p><h2 class=\"wp-block-heading\"> \u00d6rnek<\/h2><p> A\u015fa\u011f\u0131daki \u00f6rnekte, A s\u00fctununda baz\u0131 say\u0131lar var ve \u015fimdi bu say\u0131lar\u0131 mutlak say\u0131lara d\u00f6n\u00fc\u015ft\u00fcrmek i\u00e7in ABS i\u015flevini kullanman\u0131z gerekiyor. <\/p><div class=\"wp-block-image\"><figure class=\"aligncenter size-full is-resized\"><img loading=\"lazy\" decoding=\"async\" class=\"wp-image-72650\" src=\"https:\/\/exceladvisor.org\/wp-content\/uploads\/2023\/08\/Donnees-a-2-chiffres.png\" sizes=\"auto, \" srcset=\"\" alt=\"rakamlar-veriler\" width=\"271\" height=\"315\"><\/figure><\/div><p> Tek yapman\u0131z gereken, i\u015flevi ilk h\u00fccreye eklemek, ilk de\u011fere sahip h\u00fccrelere ba\u015fvurmak ve ard\u0131ndan onu de\u011ferin bulundu\u011fu son h\u00fccreye s\u00fcr\u00fcklemektir. <\/p><div class=\"wp-block-image\"><figure class=\"aligncenter size-full is-resized\"><img loading=\"lazy\" decoding=\"async\" class=\"wp-image-72651\" src=\"https:\/\/exceladvisor.org\/wp-content\/uploads\/2023\/08\/3-ajouter-la-fonction-abs-dans-la-cellule.png\" sizes=\"auto, \" srcset=\"\" alt=\"h\u00fccre i\u00e7i abs-ekleme i\u015flevi\" width=\"399\" height=\"330\"><\/figure><\/div><p> Bir sonraki \u00f6rnekte ise faiz oran\u0131ndaki de\u011fi\u015fime g\u00f6re mutlak de\u011ferler elde etmek i\u00e7in ABS&#8217;yi kulland\u0131k. <\/p><div class=\"wp-block-image\"><figure class=\"aligncenter size-full is-resized\"><img loading=\"lazy\" decoding=\"async\" class=\"wp-image-72652\" src=\"https:\/\/exceladvisor.org\/wp-content\/uploads\/2023\/08\/4-abs-pour-obtenir-la-valeur-absolue.png\" sizes=\"auto, \" srcset=\"\" alt=\"mutlak de\u011feri elde etmek i\u00e7in abs\" width=\"836\" height=\"135\"><\/figure><\/div><h2 class=\"wp-block-heading\"> Yorumlar<\/h2><ol><li> Numaray\u0131 do\u011frudan fonksiyona ekleyebilirsiniz.<\/li><li> Tamsay\u0131 olmayan bir say\u0131 belirtirseniz #DE\u011eER! de\u011ferini d\u00f6nd\u00fcr\u00fcr.<\/li><li> ABS&#8217;yi bir dizi i\u015flevi olarak da kullanabilirsiniz.<\/li><\/ol>","protected":false},"excerpt":{"rendered":"","protected":false},"author":1,"featured_media":0,"parent":0,"menu_order":0,"comment_status":"open","ping_status":"closed","template":"","meta":{"ub_ctt_via":"","footnotes":""},"class_list":["post-2165","page","type-page","status-publish","hentry"],"featured_image_src":null,"yoast_head":"<!-- This site is optimized with the Yoast SEO plugin v25.4 - https:\/\/yoast.com\/wordpress\/plugins\/seo\/ -->\n<title>Excel&#039;de ABS i\u015flevi nedir? (2023 K\u0131lavuzu)<\/title>\n<meta name=\"description\" content=\"ABS i\u015flevi, Excel&#039;in matematik i\u015flevlerinin herhangi bir say\u0131y\u0131 bir say\u0131ya d\u00f6n\u00fc\u015ft\u00fcrmek i\u00e7in kullan\u0131labilen bir par\u00e7as\u0131d\u0131r.\" \/>\n<meta name=\"robots\" content=\"index, follow, max-snippet:-1, max-image-preview:large, max-video-preview:-1\" \/>\n<link rel=\"canonical\" href=\"https:\/\/exceladvisor.org\/tr\/karin-kaslari-2\/\" \/>\n<meta property=\"og:locale\" content=\"tr_TR\" \/>\n<meta property=\"og:type\" content=\"article\" \/>\n<meta property=\"og:title\" content=\"Excel&#039;de ABS i\u015flevi nedir? (2023 K\u0131lavuzu)\" \/>\n<meta property=\"og:description\" content=\"ABS i\u015flevi, Excel&#039;in matematik i\u015flevlerinin herhangi bir say\u0131y\u0131 bir say\u0131ya d\u00f6n\u00fc\u015ft\u00fcrmek i\u00e7in kullan\u0131labilen bir par\u00e7as\u0131d\u0131r.\" \/>\n<meta property=\"og:url\" content=\"https:\/\/exceladvisor.org\/tr\/karin-kaslari-2\/\" \/>\n<meta property=\"og:site_name\" content=\"Excel Advisor\" \/>\n<meta property=\"article:modified_time\" content=\"2023-12-10T06:00:06+00:00\" \/>\n<meta property=\"og:image\" content=\"https:\/\/exceladvisor.org\/wp-content\/uploads\/2023\/08\/1-fonction-abs.png\" \/>\n<meta name=\"twitter:card\" content=\"summary_large_image\" \/>\n<meta name=\"twitter:label1\" content=\"Tahmini okuma s\u00fcresi\" \/>\n\t<meta name=\"twitter:data1\" content=\"1 dakika\" \/>\n<script type=\"application\/ld+json\" class=\"yoast-schema-graph\">{\"@context\":\"https:\/\/schema.org\",\"@graph\":[{\"@type\":\"WebPage\",\"@id\":\"https:\/\/exceladvisor.org\/tr\/karin-kaslari-2\/\",\"url\":\"https:\/\/exceladvisor.org\/tr\/karin-kaslari-2\/\",\"name\":\"Excel&#39;de ABS i\u015flevi nedir? (2023 K\u0131lavuzu)\",\"isPartOf\":{\"@id\":\"https:\/\/exceladvisor.org\/tr\/#website\"},\"primaryImageOfPage\":{\"@id\":\"https:\/\/exceladvisor.org\/tr\/karin-kaslari-2\/#primaryimage\"},\"image\":{\"@id\":\"https:\/\/exceladvisor.org\/tr\/karin-kaslari-2\/#primaryimage\"},\"thumbnailUrl\":\"https:\/\/exceladvisor.org\/wp-content\/uploads\/2023\/08\/1-fonction-abs.png\",\"datePublished\":\"2023-09-26T11:31:25+00:00\",\"dateModified\":\"2023-12-10T06:00:06+00:00\",\"description\":\"ABS i\u015flevi, Excel&#39;in matematik i\u015flevlerinin herhangi bir say\u0131y\u0131 bir say\u0131ya d\u00f6n\u00fc\u015ft\u00fcrmek i\u00e7in kullan\u0131labilen bir par\u00e7as\u0131d\u0131r.\",\"breadcrumb\":{\"@id\":\"https:\/\/exceladvisor.org\/tr\/karin-kaslari-2\/#breadcrumb\"},\"inLanguage\":\"tr\",\"potentialAction\":[{\"@type\":\"ReadAction\",\"target\":[\"https:\/\/exceladvisor.org\/tr\/karin-kaslari-2\/\"]}]},{\"@type\":\"ImageObject\",\"inLanguage\":\"tr\",\"@id\":\"https:\/\/exceladvisor.org\/tr\/karin-kaslari-2\/#primaryimage\",\"url\":\"https:\/\/exceladvisor.org\/wp-content\/uploads\/2023\/08\/1-fonction-abs.png\",\"contentUrl\":\"https:\/\/exceladvisor.org\/wp-content\/uploads\/2023\/08\/1-fonction-abs.png\"},{\"@type\":\"BreadcrumbList\",\"@id\":\"https:\/\/exceladvisor.org\/tr\/karin-kaslari-2\/#breadcrumb\",\"itemListElement\":[{\"@type\":\"ListItem\",\"position\":1,\"name\":\"Ev\",\"item\":\"https:\/\/exceladvisor.org\/tr\/\"},{\"@type\":\"ListItem\",\"position\":2,\"name\":\"Excel&#39;de abs i\u015flevi nedir?\"}]},{\"@type\":\"WebSite\",\"@id\":\"https:\/\/exceladvisor.org\/tr\/#website\",\"url\":\"https:\/\/exceladvisor.org\/tr\/\",\"name\":\"Excel Advisor\",\"description\":\"Veri hakimiyetine y\u00f6nelik nihai rehberiniz!\",\"publisher\":{\"@id\":\"https:\/\/exceladvisor.org\/tr\/#organization\"},\"potentialAction\":[{\"@type\":\"SearchAction\",\"target\":{\"@type\":\"EntryPoint\",\"urlTemplate\":\"https:\/\/exceladvisor.org\/tr\/?s={search_term_string}\"},\"query-input\":{\"@type\":\"PropertyValueSpecification\",\"valueRequired\":true,\"valueName\":\"search_term_string\"}}],\"inLanguage\":\"tr\"},{\"@type\":\"Organization\",\"@id\":\"https:\/\/exceladvisor.org\/tr\/#organization\",\"name\":\"Excel Advisor\",\"url\":\"https:\/\/exceladvisor.org\/tr\/\",\"logo\":{\"@type\":\"ImageObject\",\"inLanguage\":\"tr\",\"@id\":\"https:\/\/exceladvisor.org\/tr\/#\/schema\/logo\/image\/\",\"url\":\"https:\/\/exceladvisor.org\/tr\/wp-content\/uploads\/2023\/12\/exceladvisor.org_.png\",\"contentUrl\":\"https:\/\/exceladvisor.org\/tr\/wp-content\/uploads\/2023\/12\/exceladvisor.org_.png\",\"width\":105,\"height\":36,\"caption\":\"Excel Advisor\"},\"image\":{\"@id\":\"https:\/\/exceladvisor.org\/tr\/#\/schema\/logo\/image\/\"}}]}<\/script>\n<!-- \/ Yoast SEO plugin. -->","yoast_head_json":{"title":"Excel&#39;de ABS i\u015flevi nedir? (2023 K\u0131lavuzu)","description":"ABS i\u015flevi, Excel&#39;in matematik i\u015flevlerinin herhangi bir say\u0131y\u0131 bir say\u0131ya d\u00f6n\u00fc\u015ft\u00fcrmek i\u00e7in kullan\u0131labilen bir par\u00e7as\u0131d\u0131r.","robots":{"index":"index","follow":"follow","max-snippet":"max-snippet:-1","max-image-preview":"max-image-preview:large","max-video-preview":"max-video-preview:-1"},"canonical":"https:\/\/exceladvisor.org\/tr\/karin-kaslari-2\/","og_locale":"tr_TR","og_type":"article","og_title":"Excel&#39;de ABS i\u015flevi nedir? (2023 K\u0131lavuzu)","og_description":"ABS i\u015flevi, Excel&#39;in matematik i\u015flevlerinin herhangi bir say\u0131y\u0131 bir say\u0131ya d\u00f6n\u00fc\u015ft\u00fcrmek i\u00e7in kullan\u0131labilen bir par\u00e7as\u0131d\u0131r.","og_url":"https:\/\/exceladvisor.org\/tr\/karin-kaslari-2\/","og_site_name":"Excel Advisor","article_modified_time":"2023-12-10T06:00:06+00:00","og_image":[{"url":"https:\/\/exceladvisor.org\/wp-content\/uploads\/2023\/08\/1-fonction-abs.png","type":"","width":"","height":""}],"twitter_card":"summary_large_image","twitter_misc":{"Tahmini okuma s\u00fcresi":"1 dakika"},"schema":{"@context":"https:\/\/schema.org","@graph":[{"@type":"WebPage","@id":"https:\/\/exceladvisor.org\/tr\/karin-kaslari-2\/","url":"https:\/\/exceladvisor.org\/tr\/karin-kaslari-2\/","name":"Excel&#39;de ABS i\u015flevi nedir? (2023 K\u0131lavuzu)","isPartOf":{"@id":"https:\/\/exceladvisor.org\/tr\/#website"},"primaryImageOfPage":{"@id":"https:\/\/exceladvisor.org\/tr\/karin-kaslari-2\/#primaryimage"},"image":{"@id":"https:\/\/exceladvisor.org\/tr\/karin-kaslari-2\/#primaryimage"},"thumbnailUrl":"https:\/\/exceladvisor.org\/wp-content\/uploads\/2023\/08\/1-fonction-abs.png","datePublished":"2023-09-26T11:31:25+00:00","dateModified":"2023-12-10T06:00:06+00:00","description":"ABS i\u015flevi, Excel&#39;in matematik i\u015flevlerinin herhangi bir say\u0131y\u0131 bir say\u0131ya d\u00f6n\u00fc\u015ft\u00fcrmek i\u00e7in kullan\u0131labilen bir par\u00e7as\u0131d\u0131r.","breadcrumb":{"@id":"https:\/\/exceladvisor.org\/tr\/karin-kaslari-2\/#breadcrumb"},"inLanguage":"tr","potentialAction":[{"@type":"ReadAction","target":["https:\/\/exceladvisor.org\/tr\/karin-kaslari-2\/"]}]},{"@type":"ImageObject","inLanguage":"tr","@id":"https:\/\/exceladvisor.org\/tr\/karin-kaslari-2\/#primaryimage","url":"https:\/\/exceladvisor.org\/wp-content\/uploads\/2023\/08\/1-fonction-abs.png","contentUrl":"https:\/\/exceladvisor.org\/wp-content\/uploads\/2023\/08\/1-fonction-abs.png"},{"@type":"BreadcrumbList","@id":"https:\/\/exceladvisor.org\/tr\/karin-kaslari-2\/#breadcrumb","itemListElement":[{"@type":"ListItem","position":1,"name":"Ev","item":"https:\/\/exceladvisor.org\/tr\/"},{"@type":"ListItem","position":2,"name":"Excel&#39;de abs i\u015flevi nedir?"}]},{"@type":"WebSite","@id":"https:\/\/exceladvisor.org\/tr\/#website","url":"https:\/\/exceladvisor.org\/tr\/","name":"Excel Advisor","description":"Veri hakimiyetine y\u00f6nelik nihai rehberiniz!","publisher":{"@id":"https:\/\/exceladvisor.org\/tr\/#organization"},"potentialAction":[{"@type":"SearchAction","target":{"@type":"EntryPoint","urlTemplate":"https:\/\/exceladvisor.org\/tr\/?s={search_term_string}"},"query-input":{"@type":"PropertyValueSpecification","valueRequired":true,"valueName":"search_term_string"}}],"inLanguage":"tr"},{"@type":"Organization","@id":"https:\/\/exceladvisor.org\/tr\/#organization","name":"Excel Advisor","url":"https:\/\/exceladvisor.org\/tr\/","logo":{"@type":"ImageObject","inLanguage":"tr","@id":"https:\/\/exceladvisor.org\/tr\/#\/schema\/logo\/image\/","url":"https:\/\/exceladvisor.org\/tr\/wp-content\/uploads\/2023\/12\/exceladvisor.org_.png","contentUrl":"https:\/\/exceladvisor.org\/tr\/wp-content\/uploads\/2023\/12\/exceladvisor.org_.png","width":105,"height":36,"caption":"Excel Advisor"},"image":{"@id":"https:\/\/exceladvisor.org\/tr\/#\/schema\/logo\/image\/"}}]}},"yoast_meta":{"yoast_wpseo_title":"","yoast_wpseo_metadesc":"","yoast_wpseo_canonical":""},"_links":{"self":[{"href":"https:\/\/exceladvisor.org\/tr\/wp-json\/wp\/v2\/pages\/2165","targetHints":{"allow":["GET"]}}],"collection":[{"href":"https:\/\/exceladvisor.org\/tr\/wp-json\/wp\/v2\/pages"}],"about":[{"href":"https:\/\/exceladvisor.org\/tr\/wp-json\/wp\/v2\/types\/page"}],"author":[{"embeddable":true,"href":"https:\/\/exceladvisor.org\/tr\/wp-json\/wp\/v2\/users\/1"}],"replies":[{"embeddable":true,"href":"https:\/\/exceladvisor.org\/tr\/wp-json\/wp\/v2\/comments?post=2165"}],"version-history":[{"count":1,"href":"https:\/\/exceladvisor.org\/tr\/wp-json\/wp\/v2\/pages\/2165\/revisions"}],"predecessor-version":[{"id":2378,"href":"https:\/\/exceladvisor.org\/tr\/wp-json\/wp\/v2\/pages\/2165\/revisions\/2378"}],"wp:attachment":[{"href":"https:\/\/exceladvisor.org\/tr\/wp-json\/wp\/v2\/media?parent=2165"}],"curies":[{"name":"wp","href":"https:\/\/api.w.org\/{rel}","templated":true}]}}