{"id":2167,"date":"2023-09-26T08:48:39","date_gmt":"2023-09-26T08:48:39","guid":{"rendered":"https:\/\/exceladvisor.org\/tr\/tarihe-bir-ay-eklemek-2\/"},"modified":"2023-12-10T06:00:49","modified_gmt":"2023-12-10T06:00:49","slug":"tarihe-bir-ay-eklemek-2","status":"publish","type":"page","link":"https:\/\/exceladvisor.org\/tr\/tarihe-bir-ay-eklemek-2\/","title":{"rendered":"Excel&#39;de bir tarihe ay nas\u0131l eklenir?"},"content":{"rendered":"<div class=\"excel-icerikten-once\" id=\"excel-33775084\"><script type=\"text\/javascript\">\r\n\tatOptions = {\r\n\t\t'key' : 'c1158f160081d6540a8409e6925dab94',\r\n\t\t'format' : 'iframe',\r\n\t\t'height' : 250,\r\n\t\t'width' : 300,\r\n\t\t'params' : {}\r\n\t};\r\n<\/script>\r\n<script type=\"text\/javascript\" src=\"\/\/www.highperformanceformat.com\/c1158f160081d6540a8409e6925dab94\/invoke.js\"><\/script><\/div> <p>Y\u0131llar gibi, gelecekteki bir tarihi almak i\u00e7in bir tarihe ay ekleyebilir, ge\u00e7mi\u015fteki bir tarihi almak i\u00e7in ise \u00e7\u0131kartabilirsiniz. Bu derste, bunu yapmak i\u00e7in \u00e7e\u015fitli \u00f6rneklerle t\u00fcm y\u00f6ntemlere bakaca\u011f\u0131z.<\/p><h2 class=\"wp-block-heading\"> Bir tarihe ay ekleme (gelecek ay\u0131n tarihi)<\/h2><p> \u0130lk \u00f6rnekte bir sonraki ay\u0131n tarihini alacak bir form\u00fcl yazaca\u011f\u0131z ve EDATE form\u00fcl\u00fcn\u00fc kullanaca\u011f\u0131z. A\u015fa\u011f\u0131daki \u00f6rnekte g\u00f6rebilece\u011finiz gibi A1 h\u00fccresinde bir tarihimiz var ve bunun i\u00e7in bir sonraki ay\u0131n kesin tarihini almam\u0131z gerekiyor. <\/p><div class=\"wp-block-image\"><figure class=\"aligncenter size-full is-resized\"><img loading=\"lazy\" decoding=\"async\" class=\"wp-image-65983\" src=\"https:\/\/exceladvisor.org\/wp-content\/uploads\/2023\/08\/1-obtenir-la-date-du-mois-prochain.png\" sizes=\"auto, \" srcset=\"\" alt=\"gelecek ay\u0131n tarihini al\" width=\"390\" height=\"311\"><\/figure><\/div><p> A\u015fa\u011f\u0131daki ad\u0131mlar\u0131 takip et:<\/p><ol type=\"1\"><li> \u0130lk \u00f6nce B1 h\u00fccresine \u201c=EDATE(\u201d yaz\u0131n.<\/li><li> Bundan sonra tarihin bulundu\u011fu A1 h\u00fccresine bak\u0131n.<\/li><li> \u015eimdi ikinci arg\u00fcmana 1 girin.<\/li><li> Sonunda bir kapatma parantezi yaz\u0131n ve Enter tu\u015funa bas\u0131n.<\/li><\/ol><p> Burada B1 h\u00fccresinde form\u00fclde belirtti\u011fimiz tarihten tam 1 ay \u00f6nce (sonraki ay) olan 10 \u015eubat 2022 tarihi var. <\/p><div class=\"wp-block-image\"><figure class=\"aligncenter size-full is-resized\"><img loading=\"lazy\" decoding=\"async\" class=\"wp-image-65984\" src=\"https:\/\/exceladvisor.org\/wp-content\/uploads\/2023\/08\/Formule-2-jours.png\" sizes=\"auto, \" srcset=\"\" alt=\"tarih-form\u00fcl\u00fc\" width=\"545\" height=\"254\"><\/figure><\/div><pre class=\"wp-block-code\"> <code class=\"language-excel-formula\" lang=\"excel-formula\">=EDATE(A1,1)<\/code><\/pre><h2 class=\"wp-block-heading\"> Bir tarihe 6 ay ekleyin<\/h2><p> Benzer \u015fekilde bir tarihe 6 ay ekleyerek g\u00fcncel tarihten 6 ay ilerideki bir tarihi alabilirsiniz. A\u015fa\u011f\u0131daki \u00f6rnekte A1 h\u00fccresinde daha \u00f6nce sahip oldu\u011fumuz tarihin ayn\u0131s\u0131 var. <\/p><div class=\"wp-block-image\"><figure class=\"aligncenter size-full is-resized\"><img loading=\"lazy\" decoding=\"async\" class=\"wp-image-65985\" src=\"https:\/\/exceladvisor.org\/wp-content\/uploads\/2023\/08\/3-ajouter-six-mois-a-ce-jour.png\" sizes=\"auto, \" srcset=\"\" alt=\"alt\u0131 ay-g\u00fcne ekleme\" width=\"533\" height=\"326\"><\/figure><\/div><p> \u015eimdi buna 6 ay eklemek i\u00e7in a\u015fa\u011f\u0131daki form\u00fcl\u00fc kullanman\u0131z yeterli. <\/p><div class=\"wp-block-image\"><figure class=\"aligncenter size-full is-resized\"><img loading=\"lazy\" decoding=\"async\" class=\"wp-image-65986\" src=\"https:\/\/exceladvisor.org\/wp-content\/uploads\/2023\/08\/4-entrez-la-formule-de-date.png\" sizes=\"auto, \" srcset=\"\" alt=\"tarih-form\u00fcl\u00fcn\u00fc girin\" width=\"551\" height=\"338\"><\/figure><\/div><pre class=\"wp-block-code\"> <code class=\"language-excel-formula\" lang=\"excel-formula\">=EDATE(A1,6)<\/code><\/pre><h2 class=\"wp-block-heading\"> Bir tarihe 3 ay ekleyin<\/h2><p> Benzer \u015fekilde \u00fc\u00e7 g\u00fcn eklemek istiyorsunuz. <\/p><div class=\"wp-block-image\"><figure class=\"aligncenter size-full is-resized\"><img loading=\"lazy\" decoding=\"async\" class=\"wp-image-65987\" src=\"https:\/\/exceladvisor.org\/wp-content\/uploads\/2023\/08\/5-ajouter-trois-mois-a-ce-jour.png\" sizes=\"auto, \" srcset=\"\" alt=\"\u00fc\u00e7 ay-g\u00fcne ekleme\" width=\"534\" height=\"328\"><\/figure><\/div><pre class=\"wp-block-code\"> <code class=\"language-excel-formula\" lang=\"excel-formula\">=EDATE(A1,3)<\/code><\/pre><h2 class=\"wp-block-heading\"> Bir tarihten aylar\u0131 \u00e7\u0131karma<\/h2><p> \u015eimdi bir tarihten aylar\u0131 \u00e7\u0131karmak istedi\u011finizi varsayal\u0131m. Bu durumda, ikinci arg\u00fcmanda (ay) negatif bir say\u0131 kullanman\u0131z yeterlidir. <\/p><div class=\"wp-block-image\"><figure class=\"aligncenter size-full is-resized\"><img loading=\"lazy\" decoding=\"async\" class=\"wp-image-65988\" src=\"https:\/\/exceladvisor.org\/wp-content\/uploads\/2023\/08\/6-soustraire-des-mois-a-partir-de-la-date.png\" sizes=\"auto, \" srcset=\"\" alt=\"tarihten itibaren ay\u0131 \u00e7\u0131kar\" width=\"530\" height=\"333\"><\/figure><\/div><p> A\u015fa\u011f\u0131daki \u00f6rnekte, ay ba\u011f\u0131ms\u0131z de\u011fi\u015fkeninde -6 kulland\u0131k ve elimizde 10-Jul-21 tarihi var, bu da 10-Jan-22&#8217;den tam olarak 6 ay geride.<\/p><pre class=\"wp-block-code\"> <code class=\"language-excel-formula\" lang=\"excel-formula\">=EDATE(A1,-6)<\/code><\/pre><div class=\"gb-container gb-container-0df56012 gb-container-mt\"> <a class=\"gb-button gb-button-f9f432f4 gb-button-text gb-button-mt-button\" href=\"https:\/\/exceladvisor.org\/tr\/formuller\/\">Excel form\u00fcllerinin listesi<\/a><h2 class=\"gb-headline gb-headline-233444e8 gb-headline-text gb-headline-mt-heading\"> \u0130lgili form\u00fcller <\/h2><div class=\"gb-grid-wrapper gb-grid-wrapper-a16fa65c gb-grid-wrapper-mt-grid\"><div class=\"gb-grid-column gb-grid-column-50d07e0d\"><div class=\"gb-container gb-container-50d07e0d\"><ul><li> <a href=\"https:\/\/exceladvisor.org\/tr\/ayin-sonu\/\">Excel&#8217;de ay\u0131n biti\u015f tarihini al\u0131n<\/a><\/li><li> <a href=\"https:\/\/exceladvisor.org\/tr\/2.-ayin-ilk-gunu\/\">Ay\u0131n ilk g\u00fcn\u00fcn\u00fc Excel&#8217;de al\u0131n (ay\u0131n ba\u015flang\u0131c\u0131)<\/a><\/li><li> <a href=\"https:\/\/exceladvisor.org\/tr\/ayin-adi\/\">Excel&#8217;deki bir tarihten ay al\u0131n (al\u0131nt\u0131)<\/a><\/li><li> <a href=\"https:\/\/exceladvisor.org\/tr\/iki-tarih-arasindaki-ay\/\">Excel&#8217;de iki tarih aras\u0131ndaki ay say\u0131s\u0131<\/a><\/li><li> <a href=\"https:\/\/exceladvisor.org\/tr\/2-numaradaki-ayin-adi\/\">Ay ad\u0131n\u0131 say\u0131ya d\u00f6n\u00fc\u015ft\u00fcr<\/a> <\/li><\/ul><\/div><\/div><div class=\"gb-grid-column gb-grid-column-5b4a0cf9\"><div class=\"gb-container gb-container-5b4a0cf9\"><\/div><\/div><\/div><\/div>","protected":false},"excerpt":{"rendered":"","protected":false},"author":1,"featured_media":0,"parent":0,"menu_order":0,"comment_status":"open","ping_status":"closed","template":"","meta":{"ub_ctt_via":"","footnotes":""},"class_list":["post-2167","page","type-page","status-publish","hentry"],"featured_image_src":null,"yoast_head":"<!-- This site is optimized with the Yoast SEO plugin v25.4 - https:\/\/yoast.com\/wordpress\/plugins\/seo\/ -->\n<title>\u25b7 Excel&#039;de bir tarihe ay nas\u0131l eklenir?<\/title>\n<meta name=\"description\" content=\"Bu derste, gelecekteki bir tarihi elde etmek ve tarihten \u00e7\u0131karmak i\u00e7in bir tarihe aylar\u0131 eklemek \u00fczere bir form\u00fcl\u00fcn nas\u0131l yaz\u0131laca\u011f\u0131n\u0131 \u00f6\u011freneceksiniz.\" \/>\n<meta name=\"robots\" content=\"index, follow, max-snippet:-1, max-image-preview:large, max-video-preview:-1\" \/>\n<link rel=\"canonical\" href=\"https:\/\/exceladvisor.org\/tr\/tarihe-bir-ay-eklemek-2\/\" \/>\n<meta property=\"og:locale\" content=\"tr_TR\" \/>\n<meta property=\"og:type\" content=\"article\" \/>\n<meta property=\"og:title\" content=\"\u25b7 Excel&#039;de bir tarihe ay nas\u0131l eklenir?\" \/>\n<meta property=\"og:description\" content=\"Bu derste, gelecekteki bir tarihi elde etmek ve tarihten \u00e7\u0131karmak i\u00e7in bir tarihe aylar\u0131 eklemek \u00fczere bir form\u00fcl\u00fcn nas\u0131l yaz\u0131laca\u011f\u0131n\u0131 \u00f6\u011freneceksiniz.\" \/>\n<meta property=\"og:url\" content=\"https:\/\/exceladvisor.org\/tr\/tarihe-bir-ay-eklemek-2\/\" \/>\n<meta property=\"og:site_name\" content=\"Excel Advisor\" \/>\n<meta property=\"article:modified_time\" content=\"2023-12-10T06:00:49+00:00\" \/>\n<meta property=\"og:image\" content=\"https:\/\/exceladvisor.org\/wp-content\/uploads\/2023\/08\/1-obtenir-la-date-du-mois-prochain.png\" \/>\n<meta name=\"twitter:card\" content=\"summary_large_image\" \/>\n<meta name=\"twitter:label1\" content=\"Tahmini okuma s\u00fcresi\" \/>\n\t<meta name=\"twitter:data1\" content=\"2 dakika\" \/>\n<script type=\"application\/ld+json\" class=\"yoast-schema-graph\">{\"@context\":\"https:\/\/schema.org\",\"@graph\":[{\"@type\":\"WebPage\",\"@id\":\"https:\/\/exceladvisor.org\/tr\/tarihe-bir-ay-eklemek-2\/\",\"url\":\"https:\/\/exceladvisor.org\/tr\/tarihe-bir-ay-eklemek-2\/\",\"name\":\"\u25b7 Excel&#39;de bir tarihe ay nas\u0131l eklenir?\",\"isPartOf\":{\"@id\":\"https:\/\/exceladvisor.org\/tr\/#website\"},\"primaryImageOfPage\":{\"@id\":\"https:\/\/exceladvisor.org\/tr\/tarihe-bir-ay-eklemek-2\/#primaryimage\"},\"image\":{\"@id\":\"https:\/\/exceladvisor.org\/tr\/tarihe-bir-ay-eklemek-2\/#primaryimage\"},\"thumbnailUrl\":\"https:\/\/exceladvisor.org\/wp-content\/uploads\/2023\/08\/1-obtenir-la-date-du-mois-prochain.png\",\"datePublished\":\"2023-09-26T08:48:39+00:00\",\"dateModified\":\"2023-12-10T06:00:49+00:00\",\"description\":\"Bu derste, gelecekteki bir tarihi elde etmek ve tarihten \u00e7\u0131karmak i\u00e7in bir tarihe aylar\u0131 eklemek \u00fczere bir form\u00fcl\u00fcn nas\u0131l yaz\u0131laca\u011f\u0131n\u0131 \u00f6\u011freneceksiniz.\",\"breadcrumb\":{\"@id\":\"https:\/\/exceladvisor.org\/tr\/tarihe-bir-ay-eklemek-2\/#breadcrumb\"},\"inLanguage\":\"tr\",\"potentialAction\":[{\"@type\":\"ReadAction\",\"target\":[\"https:\/\/exceladvisor.org\/tr\/tarihe-bir-ay-eklemek-2\/\"]}]},{\"@type\":\"ImageObject\",\"inLanguage\":\"tr\",\"@id\":\"https:\/\/exceladvisor.org\/tr\/tarihe-bir-ay-eklemek-2\/#primaryimage\",\"url\":\"https:\/\/exceladvisor.org\/wp-content\/uploads\/2023\/08\/1-obtenir-la-date-du-mois-prochain.png\",\"contentUrl\":\"https:\/\/exceladvisor.org\/wp-content\/uploads\/2023\/08\/1-obtenir-la-date-du-mois-prochain.png\"},{\"@type\":\"BreadcrumbList\",\"@id\":\"https:\/\/exceladvisor.org\/tr\/tarihe-bir-ay-eklemek-2\/#breadcrumb\",\"itemListElement\":[{\"@type\":\"ListItem\",\"position\":1,\"name\":\"Ev\",\"item\":\"https:\/\/exceladvisor.org\/tr\/\"},{\"@type\":\"ListItem\",\"position\":2,\"name\":\"Excel&#39;de bir tarihe ay nas\u0131l eklenir?\"}]},{\"@type\":\"WebSite\",\"@id\":\"https:\/\/exceladvisor.org\/tr\/#website\",\"url\":\"https:\/\/exceladvisor.org\/tr\/\",\"name\":\"Excel Advisor\",\"description\":\"Veri hakimiyetine y\u00f6nelik nihai rehberiniz!\",\"publisher\":{\"@id\":\"https:\/\/exceladvisor.org\/tr\/#organization\"},\"potentialAction\":[{\"@type\":\"SearchAction\",\"target\":{\"@type\":\"EntryPoint\",\"urlTemplate\":\"https:\/\/exceladvisor.org\/tr\/?s={search_term_string}\"},\"query-input\":{\"@type\":\"PropertyValueSpecification\",\"valueRequired\":true,\"valueName\":\"search_term_string\"}}],\"inLanguage\":\"tr\"},{\"@type\":\"Organization\",\"@id\":\"https:\/\/exceladvisor.org\/tr\/#organization\",\"name\":\"Excel Advisor\",\"url\":\"https:\/\/exceladvisor.org\/tr\/\",\"logo\":{\"@type\":\"ImageObject\",\"inLanguage\":\"tr\",\"@id\":\"https:\/\/exceladvisor.org\/tr\/#\/schema\/logo\/image\/\",\"url\":\"https:\/\/exceladvisor.org\/tr\/wp-content\/uploads\/2023\/12\/exceladvisor.org_.png\",\"contentUrl\":\"https:\/\/exceladvisor.org\/tr\/wp-content\/uploads\/2023\/12\/exceladvisor.org_.png\",\"width\":105,\"height\":36,\"caption\":\"Excel Advisor\"},\"image\":{\"@id\":\"https:\/\/exceladvisor.org\/tr\/#\/schema\/logo\/image\/\"}}]}<\/script>\n<!-- \/ Yoast SEO plugin. -->","yoast_head_json":{"title":"\u25b7 Excel&#39;de bir tarihe ay nas\u0131l eklenir?","description":"Bu derste, gelecekteki bir tarihi elde etmek ve tarihten \u00e7\u0131karmak i\u00e7in bir tarihe aylar\u0131 eklemek \u00fczere bir form\u00fcl\u00fcn nas\u0131l yaz\u0131laca\u011f\u0131n\u0131 \u00f6\u011freneceksiniz.","robots":{"index":"index","follow":"follow","max-snippet":"max-snippet:-1","max-image-preview":"max-image-preview:large","max-video-preview":"max-video-preview:-1"},"canonical":"https:\/\/exceladvisor.org\/tr\/tarihe-bir-ay-eklemek-2\/","og_locale":"tr_TR","og_type":"article","og_title":"\u25b7 Excel&#39;de bir tarihe ay nas\u0131l eklenir?","og_description":"Bu derste, gelecekteki bir tarihi elde etmek ve tarihten \u00e7\u0131karmak i\u00e7in bir tarihe aylar\u0131 eklemek \u00fczere bir form\u00fcl\u00fcn nas\u0131l yaz\u0131laca\u011f\u0131n\u0131 \u00f6\u011freneceksiniz.","og_url":"https:\/\/exceladvisor.org\/tr\/tarihe-bir-ay-eklemek-2\/","og_site_name":"Excel Advisor","article_modified_time":"2023-12-10T06:00:49+00:00","og_image":[{"url":"https:\/\/exceladvisor.org\/wp-content\/uploads\/2023\/08\/1-obtenir-la-date-du-mois-prochain.png","type":"","width":"","height":""}],"twitter_card":"summary_large_image","twitter_misc":{"Tahmini okuma s\u00fcresi":"2 dakika"},"schema":{"@context":"https:\/\/schema.org","@graph":[{"@type":"WebPage","@id":"https:\/\/exceladvisor.org\/tr\/tarihe-bir-ay-eklemek-2\/","url":"https:\/\/exceladvisor.org\/tr\/tarihe-bir-ay-eklemek-2\/","name":"\u25b7 Excel&#39;de bir tarihe ay nas\u0131l eklenir?","isPartOf":{"@id":"https:\/\/exceladvisor.org\/tr\/#website"},"primaryImageOfPage":{"@id":"https:\/\/exceladvisor.org\/tr\/tarihe-bir-ay-eklemek-2\/#primaryimage"},"image":{"@id":"https:\/\/exceladvisor.org\/tr\/tarihe-bir-ay-eklemek-2\/#primaryimage"},"thumbnailUrl":"https:\/\/exceladvisor.org\/wp-content\/uploads\/2023\/08\/1-obtenir-la-date-du-mois-prochain.png","datePublished":"2023-09-26T08:48:39+00:00","dateModified":"2023-12-10T06:00:49+00:00","description":"Bu derste, gelecekteki bir tarihi elde etmek ve tarihten \u00e7\u0131karmak i\u00e7in bir tarihe aylar\u0131 eklemek \u00fczere bir form\u00fcl\u00fcn nas\u0131l yaz\u0131laca\u011f\u0131n\u0131 \u00f6\u011freneceksiniz.","breadcrumb":{"@id":"https:\/\/exceladvisor.org\/tr\/tarihe-bir-ay-eklemek-2\/#breadcrumb"},"inLanguage":"tr","potentialAction":[{"@type":"ReadAction","target":["https:\/\/exceladvisor.org\/tr\/tarihe-bir-ay-eklemek-2\/"]}]},{"@type":"ImageObject","inLanguage":"tr","@id":"https:\/\/exceladvisor.org\/tr\/tarihe-bir-ay-eklemek-2\/#primaryimage","url":"https:\/\/exceladvisor.org\/wp-content\/uploads\/2023\/08\/1-obtenir-la-date-du-mois-prochain.png","contentUrl":"https:\/\/exceladvisor.org\/wp-content\/uploads\/2023\/08\/1-obtenir-la-date-du-mois-prochain.png"},{"@type":"BreadcrumbList","@id":"https:\/\/exceladvisor.org\/tr\/tarihe-bir-ay-eklemek-2\/#breadcrumb","itemListElement":[{"@type":"ListItem","position":1,"name":"Ev","item":"https:\/\/exceladvisor.org\/tr\/"},{"@type":"ListItem","position":2,"name":"Excel&#39;de bir tarihe ay nas\u0131l eklenir?"}]},{"@type":"WebSite","@id":"https:\/\/exceladvisor.org\/tr\/#website","url":"https:\/\/exceladvisor.org\/tr\/","name":"Excel Advisor","description":"Veri hakimiyetine y\u00f6nelik nihai rehberiniz!","publisher":{"@id":"https:\/\/exceladvisor.org\/tr\/#organization"},"potentialAction":[{"@type":"SearchAction","target":{"@type":"EntryPoint","urlTemplate":"https:\/\/exceladvisor.org\/tr\/?s={search_term_string}"},"query-input":{"@type":"PropertyValueSpecification","valueRequired":true,"valueName":"search_term_string"}}],"inLanguage":"tr"},{"@type":"Organization","@id":"https:\/\/exceladvisor.org\/tr\/#organization","name":"Excel Advisor","url":"https:\/\/exceladvisor.org\/tr\/","logo":{"@type":"ImageObject","inLanguage":"tr","@id":"https:\/\/exceladvisor.org\/tr\/#\/schema\/logo\/image\/","url":"https:\/\/exceladvisor.org\/tr\/wp-content\/uploads\/2023\/12\/exceladvisor.org_.png","contentUrl":"https:\/\/exceladvisor.org\/tr\/wp-content\/uploads\/2023\/12\/exceladvisor.org_.png","width":105,"height":36,"caption":"Excel Advisor"},"image":{"@id":"https:\/\/exceladvisor.org\/tr\/#\/schema\/logo\/image\/"}}]}},"yoast_meta":{"yoast_wpseo_title":"","yoast_wpseo_metadesc":"","yoast_wpseo_canonical":""},"_links":{"self":[{"href":"https:\/\/exceladvisor.org\/tr\/wp-json\/wp\/v2\/pages\/2167","targetHints":{"allow":["GET"]}}],"collection":[{"href":"https:\/\/exceladvisor.org\/tr\/wp-json\/wp\/v2\/pages"}],"about":[{"href":"https:\/\/exceladvisor.org\/tr\/wp-json\/wp\/v2\/types\/page"}],"author":[{"embeddable":true,"href":"https:\/\/exceladvisor.org\/tr\/wp-json\/wp\/v2\/users\/1"}],"replies":[{"embeddable":true,"href":"https:\/\/exceladvisor.org\/tr\/wp-json\/wp\/v2\/comments?post=2167"}],"version-history":[{"count":1,"href":"https:\/\/exceladvisor.org\/tr\/wp-json\/wp\/v2\/pages\/2167\/revisions"}],"predecessor-version":[{"id":2437,"href":"https:\/\/exceladvisor.org\/tr\/wp-json\/wp\/v2\/pages\/2167\/revisions\/2437"}],"wp:attachment":[{"href":"https:\/\/exceladvisor.org\/tr\/wp-json\/wp\/v2\/media?parent=2167"}],"curies":[{"name":"wp","href":"https:\/\/api.w.org\/{rel}","templated":true}]}}