{"id":2168,"date":"2023-09-26T08:17:01","date_gmt":"2023-09-26T08:17:01","guid":{"rendered":"https:\/\/exceladvisor.org\/tr\/her-seyi-yenile\/"},"modified":"2023-12-10T06:04:42","modified_gmt":"2023-12-10T06:04:42","slug":"her-seyi-yenile","status":"publish","type":"page","link":"https:\/\/exceladvisor.org\/tr\/her-seyi-yenile\/","title":{"rendered":"T\u00fcm pivot tablolar\u0131 nas\u0131l yenileyebilirim?"},"content":{"rendered":"<div class=\"excel-icerikten-once\" id=\"excel-380636013\"><script type=\"text\/javascript\">\r\n\tatOptions = {\r\n\t\t'key' : 'c1158f160081d6540a8409e6925dab94',\r\n\t\t'format' : 'iframe',\r\n\t\t'height' : 250,\r\n\t\t'width' : 300,\r\n\t\t'params' : {}\r\n\t};\r\n<\/script>\r\n<script type=\"text\/javascript\" src=\"\/\/www.highperformanceformat.com\/c1158f160081d6540a8409e6925dab94\/invoke.js\"><\/script><\/div> <p>\u0130nan\u0131n bana t\u00fcm pivot tablolar\u0131 ayn\u0131 anda yenileyebilirseniz \u00e7ok zaman kazanabilirsiniz. Evet bu do\u011fru. \u015e\u00f6yle d\u00fc\u015f\u00fcn. 10 pivot tablonuz var ve tek bir pivot tabloyu yenilemek bir saniye s\u00fcrer.<\/p><p> <strong>10 pivot = 10 saniye<\/strong><\/p><p> T\u0131pk\u0131 <a style=\"outline: none;\" href=\"https:\/\/exceladvisor.org\/tr\/pivot-tablo-1\/\" data-wpel-link=\"internal\" data-wpil=\"url\">bir pivot tablonun olu\u015fturulmas\u0131n\u0131 otomatikle\u015ftirebildi\u011finiz gibi,<\/a> onu otomatik olarak yenilemek i\u00e7in de kullanman\u0131n birka\u00e7 yolu vard\u0131r. Bu yaz\u0131mda t\u00fcm pivot tablolar\u0131 ve zaman\u0131n\u0131z\u0131 yenilemek i\u00e7in kullanabilece\u011finiz 3 basit y\u00f6ntemi sizlerle payla\u015faca\u011f\u0131m.<\/p><h2 class=\"wp-block-heading\"> \u00c7al\u0131\u015fma kitab\u0131ndaki t\u00fcm pivot tablolar\u0131 g\u00fcncellemek i\u00e7in &#8220;T\u00fcm\u00fcn\u00fc Yenile&#8221; d\u00fc\u011fmesini kullan\u0131n<\/h2><p> &#8220;T\u00fcm\u00fcn\u00fc Yenile&#8221; d\u00fc\u011fmesi, \u00e7al\u0131\u015fma kitab\u0131ndaki t\u00fcm pivot tablolar\u0131 tek t\u0131klamayla yenilemenin basit ve kolay bir yoludur. <\/p><div class=\"wp-block-image\"><figure class=\"aligncenter\"><img decoding=\"async\" src=\"https:\/\/exceladvisor.org\/wp-content\/uploads\/2023\/08\/Actualiser-manuellement-tous-les-tableaux-croises-dynamiques-en-un-seul-clic.png\" sizes=\"\" srcset=\"\" alt=\"T\u00fcm pivot tablolar\u0131 tek t\u0131klamayla manuel olarak yenileyin\"><\/figure><\/div><p> Tek yapman\u0131z gereken Veri sekmesi \u279c Ba\u011flant\u0131lar \u279c T\u00fcm\u00fcn\u00fc Yenile&#8217;ye gitmek.<\/p><h2 id=\"tab-con-2\" class=\"wp-block-heading\"> Bir \u00e7al\u0131\u015fma kitab\u0131n\u0131 a\u00e7t\u0131\u011f\u0131n\u0131zda t\u00fcm pivotlar\u0131 otomatik olarak yenileyin<\/h2><p> \u00c7al\u0131\u015fma kitab\u0131n\u0131 a\u00e7arken t\u00fcm pivot tablolar\u0131 yenilemek istiyorsan\u0131z bunun i\u00e7in tek seferlik kurulum yapmak \u00fczere a\u015fa\u011f\u0131daki ad\u0131mlar\u0131 kullanabilirsiniz. <\/p><div class=\"wp-block-image\"><figure class=\"aligncenter\"><img decoding=\"async\" src=\"https:\/\/exceladvisor.org\/wp-content\/uploads\/2023\/08\/Actualiser-tous-les-tableaux-croises-dynamiques-a-louverture-dun-fichier-1.png\" sizes=\"\" srcset=\"\" alt=\"Bir dosyay\u0131 a\u00e7arken t\u00fcm pivot tablolar\u0131 yenile\"><\/figure><\/div><p> Bir \u00e7al\u0131\u015fma kitab\u0131n\u0131 a\u00e7arken t\u00fcm pivot tablolar\u0131 otomatik olarak yenilemek i\u00e7in kullanabilece\u011finiz ad\u0131mlar a\u015fa\u011f\u0131da verilmi\u015ftir.<\/p><ol><li> \u00c7al\u0131\u015fma kitab\u0131n\u0131zdaki pivot tablolardan birini se\u00e7in.<\/li><li> \u00dczerine sa\u011f t\u0131klay\u0131n ve \u201cPivot Tablo Se\u00e7enekleri\u201d se\u00e7ene\u011fini se\u00e7in.<\/li><li> Veri sekmesine gidin \u279c \u201cDosyay\u0131 a\u00e7arken verileri yenile\u201d se\u00e7ene\u011fini i\u015faretleyin.<\/li><li> Tamam&#8217;\u0131 t\u0131klay\u0131n.<\/li><\/ol><h2 class=\"wp-block-heading\"> T\u00fcm pivot tablolar\u0131 tek t\u0131klamayla g\u00fcncellemek i\u00e7in VBA kodu<\/h2><p> Evet, t\u00fcm pivot tablolar\u0131 yenilemek i\u00e7in VBA&#8217;y\u0131 da kullanabilirsiniz. Tek yapman\u0131z gereken a\u015fa\u011f\u0131da belirtilen kodu kullanmak.<\/p><pre class=\"wp-block-code\"> <code class=\"language-visual-basic line-numbers\" lang=\"visual-basic\">Sub RefreshCustomPivotTable() With ActiveSheet .PivotTables.RefreshTable End With End Sub<\/code><\/pre><p> Yukar\u0131daki kod, aktif \u00e7al\u0131\u015fma sayfan\u0131zdaki t\u00fcm pivot tablolar\u0131 yenileyecektir ve ayr\u0131ca bu makroyu tek t\u0131klamayla kullan\u0131lacak bir d\u00fc\u011fmeye de atayabilirsiniz.<\/p><h3 class=\"wp-block-heading\"> VBA ile yaln\u0131zca belirli pivot tablolar\u0131 yenileyin<\/h3><p> G\u00fcncellemek istedi\u011finiz belirli pivot tablolar\u0131n\u0131z varsa a\u015fa\u011f\u0131daki VBA kodunu kullanabilirsiniz.<\/p><pre class=\"wp-block-code\"> <code class=\"language-visual-basic\" lang=\"visual-basic\">Sub RefreshCustomPivotTable() With ActiveSheet .PivotTables(\"PivotTable1\").RefreshTable .PivotTables(\"PivotTable2\").RefreshTable .PivotTables(\"PivotTable3\").RefreshTable .PivotTables(\"PivotTable4\").RefreshTable .PivotTables(\"PivotTable5\").RefreshTable End With End Sub<\/code><\/pre><p> Pivot tablolar\u0131n ad\u0131n\u0131 \u00e7al\u0131\u015fma kitab\u0131n\u0131za g\u00f6re de\u011fi\u015ftirin. Ayr\u0131ca, bu \u00f6zel pivot tablolar\u0131 \u00e7al\u0131\u015fma kitab\u0131n\u0131 her a\u00e7t\u0131\u011f\u0131n\u0131zda g\u00fcncellemek istiyorsan\u0131z makro ad\u0131n\u0131 <a href=\"https:\/\/support.office.com\/en-us\/article\/Automatically-run-a-macro-when-opening-a-workbook-1e55959b-e077-4c88-a696-c3017600db44\" target=\"_blank\" rel=\"noreferrer noopener nofollow\">auto_open<\/a> olarak de\u011fi\u015ftirin.<\/p><pre class=\"wp-block-code\"> <code class=\"language-visual-basic line-numbers\" lang=\"visual-basic\">Sub auto_open() With ActiveSheet .PivotTables(\"PivotTable1\").RefreshTable .PivotTables(\"PivotTable2\").RefreshTable .PivotTables(\"PivotTable3\").RefreshTable .PivotTables(\"PivotTable4\").RefreshTable .PivotTables(\"PivotTable5\").RefreshTable End With End Sub<\/code><\/pre><h2 class=\"wp-block-heading\"> Pivot tablolar hakk\u0131nda daha fazla bilgi edinin<\/h2><ol><li> <a style=\"outline: none;\" href=\"https:\/\/exceladvisor.org\/tr\/dilimleyiciyi-birkac-pivot-tabloya-baglama\/\" data-wpel-link=\"internal\">Tek bir segmenti birden fazla pivot tabloyla ba\u011flama<\/a><\/li><li> <a style=\"outline: none;\" href=\"https:\/\/exceladvisor.org\/tr\/dilimleyiciyi-birkac-pivot-tabloya-baglama\/\" data-wpel-link=\"internal\">Pivot tablo aral\u0131\u011f\u0131n\u0131 otomatik olarak g\u00fcncelleme<\/a><\/li><li> <a style=\"outline: none;\" href=\"https:\/\/exceladvisor.org\/tr\/grup-tarihleri\/\" data-wpel-link=\"internal\">Tarihleri bir pivot tabloda gruplama<\/a><\/li><li> <a style=\"outline: none;\" href=\"https:\/\/exceladvisor.org\/tr\/zaman-cizelgesi-filtresi\/\" data-wpel-link=\"internal\">Pivot Tablo Zaman \u00c7izelgesi<\/a><\/li><li> <a style=\"outline: none;\" href=\"https:\/\/exceladvisor.org\/tr\/dinamik-tablo-birden-fazla-dosyaya-capraz-referans-veriyor\/\" data-wpel-link=\"internal\">Birden \u00e7ok dosya kullanan pivot tablo<\/a><\/li><\/ol>","protected":false},"excerpt":{"rendered":"","protected":false},"author":1,"featured_media":0,"parent":0,"menu_order":0,"comment_status":"open","ping_status":"closed","template":"","meta":{"ub_ctt_via":"","footnotes":""},"class_list":["post-2168","page","type-page","status-publish","hentry"],"featured_image_src":null,"yoast_head":"<!-- This site is optimized with the Yoast SEO plugin v25.4 - https:\/\/yoast.com\/wordpress\/plugins\/seo\/ -->\n<title>T\u00fcm pivot tablolar\u0131 nas\u0131l yenileyebilirim?<\/title>\n<meta name=\"description\" content=\"T\u00fcm pivot tablolar\u0131 ayn\u0131 anda yenilemek i\u00e7in VBA, yenile butonu veya tablo se\u00e7eneklerini kullanabilirsiniz.\" \/>\n<meta name=\"robots\" content=\"index, follow, max-snippet:-1, max-image-preview:large, max-video-preview:-1\" \/>\n<link rel=\"canonical\" href=\"https:\/\/exceladvisor.org\/tr\/her-seyi-yenile\/\" \/>\n<meta property=\"og:locale\" content=\"tr_TR\" \/>\n<meta property=\"og:type\" content=\"article\" \/>\n<meta property=\"og:title\" content=\"T\u00fcm pivot tablolar\u0131 nas\u0131l yenileyebilirim?\" \/>\n<meta property=\"og:description\" content=\"T\u00fcm pivot tablolar\u0131 ayn\u0131 anda yenilemek i\u00e7in VBA, yenile butonu veya tablo se\u00e7eneklerini kullanabilirsiniz.\" \/>\n<meta property=\"og:url\" content=\"https:\/\/exceladvisor.org\/tr\/her-seyi-yenile\/\" \/>\n<meta property=\"og:site_name\" content=\"Excel Advisor\" \/>\n<meta property=\"article:modified_time\" content=\"2023-12-10T06:04:42+00:00\" \/>\n<meta property=\"og:image\" content=\"https:\/\/exceladvisor.org\/wp-content\/uploads\/2023\/08\/Actualiser-manuellement-tous-les-tableaux-croises-dynamiques-en-un-seul-clic.png\" \/>\n<meta name=\"twitter:card\" content=\"summary_large_image\" \/>\n<meta name=\"twitter:label1\" content=\"Tahmini okuma s\u00fcresi\" \/>\n\t<meta name=\"twitter:data1\" content=\"2 dakika\" \/>\n<script type=\"application\/ld+json\" class=\"yoast-schema-graph\">{\"@context\":\"https:\/\/schema.org\",\"@graph\":[{\"@type\":\"WebPage\",\"@id\":\"https:\/\/exceladvisor.org\/tr\/her-seyi-yenile\/\",\"url\":\"https:\/\/exceladvisor.org\/tr\/her-seyi-yenile\/\",\"name\":\"T\u00fcm pivot tablolar\u0131 nas\u0131l yenileyebilirim?\",\"isPartOf\":{\"@id\":\"https:\/\/exceladvisor.org\/tr\/#website\"},\"primaryImageOfPage\":{\"@id\":\"https:\/\/exceladvisor.org\/tr\/her-seyi-yenile\/#primaryimage\"},\"image\":{\"@id\":\"https:\/\/exceladvisor.org\/tr\/her-seyi-yenile\/#primaryimage\"},\"thumbnailUrl\":\"https:\/\/exceladvisor.org\/wp-content\/uploads\/2023\/08\/Actualiser-manuellement-tous-les-tableaux-croises-dynamiques-en-un-seul-clic.png\",\"datePublished\":\"2023-09-26T08:17:01+00:00\",\"dateModified\":\"2023-12-10T06:04:42+00:00\",\"description\":\"T\u00fcm pivot tablolar\u0131 ayn\u0131 anda yenilemek i\u00e7in VBA, yenile butonu veya tablo se\u00e7eneklerini kullanabilirsiniz.\",\"breadcrumb\":{\"@id\":\"https:\/\/exceladvisor.org\/tr\/her-seyi-yenile\/#breadcrumb\"},\"inLanguage\":\"tr\",\"potentialAction\":[{\"@type\":\"ReadAction\",\"target\":[\"https:\/\/exceladvisor.org\/tr\/her-seyi-yenile\/\"]}]},{\"@type\":\"ImageObject\",\"inLanguage\":\"tr\",\"@id\":\"https:\/\/exceladvisor.org\/tr\/her-seyi-yenile\/#primaryimage\",\"url\":\"https:\/\/exceladvisor.org\/wp-content\/uploads\/2023\/08\/Actualiser-manuellement-tous-les-tableaux-croises-dynamiques-en-un-seul-clic.png\",\"contentUrl\":\"https:\/\/exceladvisor.org\/wp-content\/uploads\/2023\/08\/Actualiser-manuellement-tous-les-tableaux-croises-dynamiques-en-un-seul-clic.png\"},{\"@type\":\"BreadcrumbList\",\"@id\":\"https:\/\/exceladvisor.org\/tr\/her-seyi-yenile\/#breadcrumb\",\"itemListElement\":[{\"@type\":\"ListItem\",\"position\":1,\"name\":\"Ev\",\"item\":\"https:\/\/exceladvisor.org\/tr\/\"},{\"@type\":\"ListItem\",\"position\":2,\"name\":\"T\u00fcm pivot tablolar\u0131 nas\u0131l yenileyebilirim?\"}]},{\"@type\":\"WebSite\",\"@id\":\"https:\/\/exceladvisor.org\/tr\/#website\",\"url\":\"https:\/\/exceladvisor.org\/tr\/\",\"name\":\"Excel Advisor\",\"description\":\"Veri hakimiyetine y\u00f6nelik nihai rehberiniz!\",\"publisher\":{\"@id\":\"https:\/\/exceladvisor.org\/tr\/#organization\"},\"potentialAction\":[{\"@type\":\"SearchAction\",\"target\":{\"@type\":\"EntryPoint\",\"urlTemplate\":\"https:\/\/exceladvisor.org\/tr\/?s={search_term_string}\"},\"query-input\":{\"@type\":\"PropertyValueSpecification\",\"valueRequired\":true,\"valueName\":\"search_term_string\"}}],\"inLanguage\":\"tr\"},{\"@type\":\"Organization\",\"@id\":\"https:\/\/exceladvisor.org\/tr\/#organization\",\"name\":\"Excel Advisor\",\"url\":\"https:\/\/exceladvisor.org\/tr\/\",\"logo\":{\"@type\":\"ImageObject\",\"inLanguage\":\"tr\",\"@id\":\"https:\/\/exceladvisor.org\/tr\/#\/schema\/logo\/image\/\",\"url\":\"https:\/\/exceladvisor.org\/tr\/wp-content\/uploads\/2023\/12\/exceladvisor.org_.png\",\"contentUrl\":\"https:\/\/exceladvisor.org\/tr\/wp-content\/uploads\/2023\/12\/exceladvisor.org_.png\",\"width\":105,\"height\":36,\"caption\":\"Excel Advisor\"},\"image\":{\"@id\":\"https:\/\/exceladvisor.org\/tr\/#\/schema\/logo\/image\/\"}}]}<\/script>\n<!-- \/ Yoast SEO plugin. -->","yoast_head_json":{"title":"T\u00fcm pivot tablolar\u0131 nas\u0131l yenileyebilirim?","description":"T\u00fcm pivot tablolar\u0131 ayn\u0131 anda yenilemek i\u00e7in VBA, yenile butonu veya tablo se\u00e7eneklerini kullanabilirsiniz.","robots":{"index":"index","follow":"follow","max-snippet":"max-snippet:-1","max-image-preview":"max-image-preview:large","max-video-preview":"max-video-preview:-1"},"canonical":"https:\/\/exceladvisor.org\/tr\/her-seyi-yenile\/","og_locale":"tr_TR","og_type":"article","og_title":"T\u00fcm pivot tablolar\u0131 nas\u0131l yenileyebilirim?","og_description":"T\u00fcm pivot tablolar\u0131 ayn\u0131 anda yenilemek i\u00e7in VBA, yenile butonu veya tablo se\u00e7eneklerini kullanabilirsiniz.","og_url":"https:\/\/exceladvisor.org\/tr\/her-seyi-yenile\/","og_site_name":"Excel Advisor","article_modified_time":"2023-12-10T06:04:42+00:00","og_image":[{"url":"https:\/\/exceladvisor.org\/wp-content\/uploads\/2023\/08\/Actualiser-manuellement-tous-les-tableaux-croises-dynamiques-en-un-seul-clic.png","type":"","width":"","height":""}],"twitter_card":"summary_large_image","twitter_misc":{"Tahmini okuma s\u00fcresi":"2 dakika"},"schema":{"@context":"https:\/\/schema.org","@graph":[{"@type":"WebPage","@id":"https:\/\/exceladvisor.org\/tr\/her-seyi-yenile\/","url":"https:\/\/exceladvisor.org\/tr\/her-seyi-yenile\/","name":"T\u00fcm pivot tablolar\u0131 nas\u0131l yenileyebilirim?","isPartOf":{"@id":"https:\/\/exceladvisor.org\/tr\/#website"},"primaryImageOfPage":{"@id":"https:\/\/exceladvisor.org\/tr\/her-seyi-yenile\/#primaryimage"},"image":{"@id":"https:\/\/exceladvisor.org\/tr\/her-seyi-yenile\/#primaryimage"},"thumbnailUrl":"https:\/\/exceladvisor.org\/wp-content\/uploads\/2023\/08\/Actualiser-manuellement-tous-les-tableaux-croises-dynamiques-en-un-seul-clic.png","datePublished":"2023-09-26T08:17:01+00:00","dateModified":"2023-12-10T06:04:42+00:00","description":"T\u00fcm pivot tablolar\u0131 ayn\u0131 anda yenilemek i\u00e7in VBA, yenile butonu veya tablo se\u00e7eneklerini kullanabilirsiniz.","breadcrumb":{"@id":"https:\/\/exceladvisor.org\/tr\/her-seyi-yenile\/#breadcrumb"},"inLanguage":"tr","potentialAction":[{"@type":"ReadAction","target":["https:\/\/exceladvisor.org\/tr\/her-seyi-yenile\/"]}]},{"@type":"ImageObject","inLanguage":"tr","@id":"https:\/\/exceladvisor.org\/tr\/her-seyi-yenile\/#primaryimage","url":"https:\/\/exceladvisor.org\/wp-content\/uploads\/2023\/08\/Actualiser-manuellement-tous-les-tableaux-croises-dynamiques-en-un-seul-clic.png","contentUrl":"https:\/\/exceladvisor.org\/wp-content\/uploads\/2023\/08\/Actualiser-manuellement-tous-les-tableaux-croises-dynamiques-en-un-seul-clic.png"},{"@type":"BreadcrumbList","@id":"https:\/\/exceladvisor.org\/tr\/her-seyi-yenile\/#breadcrumb","itemListElement":[{"@type":"ListItem","position":1,"name":"Ev","item":"https:\/\/exceladvisor.org\/tr\/"},{"@type":"ListItem","position":2,"name":"T\u00fcm pivot tablolar\u0131 nas\u0131l yenileyebilirim?"}]},{"@type":"WebSite","@id":"https:\/\/exceladvisor.org\/tr\/#website","url":"https:\/\/exceladvisor.org\/tr\/","name":"Excel Advisor","description":"Veri hakimiyetine y\u00f6nelik nihai rehberiniz!","publisher":{"@id":"https:\/\/exceladvisor.org\/tr\/#organization"},"potentialAction":[{"@type":"SearchAction","target":{"@type":"EntryPoint","urlTemplate":"https:\/\/exceladvisor.org\/tr\/?s={search_term_string}"},"query-input":{"@type":"PropertyValueSpecification","valueRequired":true,"valueName":"search_term_string"}}],"inLanguage":"tr"},{"@type":"Organization","@id":"https:\/\/exceladvisor.org\/tr\/#organization","name":"Excel Advisor","url":"https:\/\/exceladvisor.org\/tr\/","logo":{"@type":"ImageObject","inLanguage":"tr","@id":"https:\/\/exceladvisor.org\/tr\/#\/schema\/logo\/image\/","url":"https:\/\/exceladvisor.org\/tr\/wp-content\/uploads\/2023\/12\/exceladvisor.org_.png","contentUrl":"https:\/\/exceladvisor.org\/tr\/wp-content\/uploads\/2023\/12\/exceladvisor.org_.png","width":105,"height":36,"caption":"Excel Advisor"},"image":{"@id":"https:\/\/exceladvisor.org\/tr\/#\/schema\/logo\/image\/"}}]}},"yoast_meta":{"yoast_wpseo_title":"","yoast_wpseo_metadesc":"","yoast_wpseo_canonical":""},"_links":{"self":[{"href":"https:\/\/exceladvisor.org\/tr\/wp-json\/wp\/v2\/pages\/2168","targetHints":{"allow":["GET"]}}],"collection":[{"href":"https:\/\/exceladvisor.org\/tr\/wp-json\/wp\/v2\/pages"}],"about":[{"href":"https:\/\/exceladvisor.org\/tr\/wp-json\/wp\/v2\/types\/page"}],"author":[{"embeddable":true,"href":"https:\/\/exceladvisor.org\/tr\/wp-json\/wp\/v2\/users\/1"}],"replies":[{"embeddable":true,"href":"https:\/\/exceladvisor.org\/tr\/wp-json\/wp\/v2\/comments?post=2168"}],"version-history":[{"count":1,"href":"https:\/\/exceladvisor.org\/tr\/wp-json\/wp\/v2\/pages\/2168\/revisions"}],"predecessor-version":[{"id":2755,"href":"https:\/\/exceladvisor.org\/tr\/wp-json\/wp\/v2\/pages\/2168\/revisions\/2755"}],"wp:attachment":[{"href":"https:\/\/exceladvisor.org\/tr\/wp-json\/wp\/v2\/media?parent=2168"}],"curies":[{"name":"wp","href":"https:\/\/api.w.org\/{rel}","templated":true}]}}