{"id":2169,"date":"2023-09-26T07:28:02","date_gmt":"2023-09-26T07:28:02","guid":{"rendered":"https:\/\/exceladvisor.org\/tr\/sutunlari-goster\/"},"modified":"2023-12-10T06:04:32","modified_gmt":"2023-12-10T06:04:32","slug":"sutunlari-goster","status":"publish","type":"page","link":"https:\/\/exceladvisor.org\/tr\/sutunlari-goster\/","title":{"rendered":"S\u00fctunlar\u0131 g\u00f6r\u00fcnt\u00fclemek i\u00e7in excel k\u0131sayolu"},"content":{"rendered":"<div class=\"excel-icerikten-once\" id=\"excel-2163456604\"><script type=\"text\/javascript\">\r\n\tatOptions = {\r\n\t\t'key' : 'c1158f160081d6540a8409e6925dab94',\r\n\t\t'format' : 'iframe',\r\n\t\t'height' : 250,\r\n\t\t'width' : 300,\r\n\t\t'params' : {}\r\n\t};\r\n<\/script>\r\n<script type=\"text\/javascript\" src=\"\/\/www.highperformanceformat.com\/c1158f160081d6540a8409e6925dab94\/invoke.js\"><\/script><\/div> <p>Excel&#8217;de kullan\u0131c\u0131lar bazen verilerle \u00e7al\u0131\u015f\u0131rken belirli s\u00fctunlar\u0131 gizler ve dosyay\u0131 payla\u015fmadan \u00f6nce s\u00fctunlar\u0131 g\u00f6stermeyi unutur veya al\u0131c\u0131yla ilgisi olmad\u0131\u011f\u0131n\u0131 varsayd\u0131klar\u0131 s\u00fctunlar\u0131 gizleyerek dosyay\u0131 gizli s\u00fctunlarla payla\u015f\u0131r ve al\u0131c\u0131, gizli s\u00fctunlarla dosyay\u0131 al\u0131r. .<\/p><p> Ancak \u00e7o\u011fu zaman g\u00f6r\u00fcnt\u00fcleme s\u00fctunlar\u0131n\u0131 g\u00f6zden ge\u00e7irmek istersiniz ve bunun i\u00e7in endi\u015felenmenize gerek yoktur \u00e7\u00fcnk\u00fc Excel&#8217;in s\u00fctunlar\u0131 manuel olarak veya klavye k\u0131sayollar\u0131n\u0131 kullanarak g\u00f6r\u00fcnt\u00fclemenin birka\u00e7 yolu vard\u0131r.<\/p><p> Bu dersimizde s\u00fctunlar\u0131 g\u00f6r\u00fcnt\u00fclemek i\u00e7in kullan\u0131lan k\u0131sayol tu\u015flar\u0131n\u0131 anlatt\u0131k.<\/p><h2 class=\"wp-block-heading\"> Excel&#8217;de s\u00fctunlar\u0131 g\u00f6stermek i\u00e7in klavye k\u0131sayolu<\/h2><p> S\u00fctunlar\u0131 g\u00f6stermek i\u00e7in \u00e7e\u015fitli klavye k\u0131sayollar\u0131 vard\u0131r, ancak s\u00fctunlar\u0131 g\u00f6stermek i\u00e7in baz\u0131 k\u0131sayollar herkeste \u00e7al\u0131\u015fmaz ve bunlar\u0131n \u00e7al\u0131\u015fmas\u0131 i\u00e7in Excel ayarlar\u0131n\u0131n de\u011fi\u015ftirilmesi gerekir, ancak burada yaln\u0131zca herkes i\u00e7in \u00e7al\u0131\u015facak k\u0131sayollar\u0131 yakalad\u0131k.<\/p><p> <kbd>Di\u011fer<\/kbd> \u2192 <kbd>O<\/kbd> \u2192 <kbd>C<\/kbd> \u2192 <kbd>U<\/kbd> <\/p><div class=\"wp-block-image\"><figure class=\"aligncenter size-full is-resized\"><img loading=\"lazy\" decoding=\"async\" class=\"wp-image-69491\" src=\"https:\/\/exceladvisor.org\/wp-content\/uploads\/2023\/08\/1-afficher-la-colonne-a-laide-du-raccourci-clavier.png\" sizes=\"auto, \" srcset=\"\" alt=\"klavye k\u0131sayolunu kullanan s\u00fctunu g\u00f6ster\" width=\"837\" height=\"328\"><\/figure><\/div><p> <kbd>Alt<\/kbd> \u2192 <kbd>H<\/kbd> \u2192 <kbd>O<\/kbd> \u2192 <kbd>U<\/kbd> \u2192 <kbd>L<\/kbd> <\/p><div class=\"wp-block-image\"><figure class=\"aligncenter size-full is-resized\"><img loading=\"lazy\" decoding=\"async\" class=\"wp-image-69492\" src=\"https:\/\/exceladvisor.org\/wp-content\/uploads\/2023\/08\/2-raccourci-clavier-pour-afficher-les-colonnes.png\" sizes=\"auto, \" srcset=\"\" alt=\"s\u00fctunlar\u0131 g\u00f6stermek i\u00e7in klavye k\u0131sayolu\" width=\"837\" height=\"328\"><\/figure><\/div><h2 class=\"wp-block-heading\"> Klavye K\u0131sayollar\u0131n\u0131 Kullanarak S\u00fctunlar\u0131 G\u00f6sterme Ad\u0131mlar\u0131<\/h2><ol><li> \u0130lk olarak, t\u00fcm sayfan\u0131n t\u00fcm gizli s\u00fctunlar\u0131n\u0131 g\u00f6stermek \u00fczere t\u00fcm sayfay\u0131 se\u00e7mek i\u00e7in <kbd>Ctrl<\/kbd> + <kbd>A<\/kbd> + <kbd>A<\/kbd> tu\u015flar\u0131na bas\u0131n.<\/li><li> Veya sayfan\u0131n tamam\u0131n\u0131 de\u011fil, yaln\u0131zca s\u00f6z konusu belirli s\u00fctun aral\u0131\u011f\u0131ndaki s\u00fctunlar\u0131 g\u00f6r\u00fcnt\u00fclemek istiyorsan\u0131z Ctrl + Space ve Shift + &lt; veya &gt; ok tu\u015flar\u0131n\u0131 kullanarak yaln\u0131zca belirli s\u00fctun aral\u0131\u011f\u0131n\u0131 se\u00e7in.<\/li><li> Sayfan\u0131n tamam\u0131 veya belirli bir s\u00fctun aral\u0131\u011f\u0131 se\u00e7ildikten sonra Alt \u2192 O \u2192 C \u2192 U veya Alt \u2192 H \u2192 O \u2192 U \u2192 L k\u0131sayol tu\u015flar\u0131na basman\u0131z yeterlidir; gizli s\u00fctunlar g\u00f6r\u00fcn\u00fcr hale gelecektir. <\/li><\/ol><div class=\"wp-block-group more-tutorials is-layout-flow\"><div class=\"wp-block-group__inner-container\"><h2 class=\"wp-block-heading\"> Daha fazla e\u011fitim <\/h2><div class=\"wp-block-columns is-layout-flex wp-container-43\"><div class=\"wp-block-column is-layout-flow\"><ul><li> <a href=\"https:\/\/exceladvisor.org\/tr\/1.-sutunu-ekle\/\">S\u00fctun ekle<\/a><\/li><li> <a href=\"https:\/\/exceladvisor.org\/tr\/hucreyi-sil\/\">H\u00fccreyi sil<\/a><\/li><li> <a href=\"https:\/\/exceladvisor.org\/tr\/satiri-sil\/\">Sat\u0131rlar\u0131 sil<\/a><\/li><li> <a href=\"https:\/\/exceladvisor.org\/tr\/hucreyi-duzenle\/\">H\u00fccreyi d\u00fczenle<\/a><\/li><\/ul><\/div><div class=\"wp-block-column is-layout-flow\"><ul><li> <a href=\"https:\/\/exceladvisor.org\/tr\/hucre-ekle\/\">H\u00fccre ekle<\/a><\/li><li> <a href=\"https:\/\/exceladvisor.org\/tr\/bir-satir-ekle\/\">Ekle \u2013 Sat\u0131r ekle<\/a><\/li><li> <a href=\"https:\/\/exceladvisor.org\/tr\/ayrisan-hucreleri-birlestirme-1\/\">H\u00fccreleri birle\u015ftir-\u00e7\u0131kar<\/a><\/li><\/ul><\/div><\/div><p> \u21e0 <a href=\"https:\/\/exceladvisor.org\/tr\/klavye-kisayollari\/\">Excel k\u0131sayollar\u0131na geri d\u00f6n\u00fcn (PDF kopya sayfas\u0131)<\/a><\/p><\/div><\/div>","protected":false},"excerpt":{"rendered":"","protected":false},"author":1,"featured_media":0,"parent":0,"menu_order":0,"comment_status":"open","ping_status":"closed","template":"","meta":{"ub_ctt_via":"","footnotes":""},"class_list":["post-2169","page","type-page","status-publish","hentry"],"featured_image_src":null,"yoast_head":"<!-- This site is optimized with the Yoast SEO plugin v25.4 - https:\/\/yoast.com\/wordpress\/plugins\/seo\/ -->\n<title>S\u00fctunlar\u0131 G\u00f6stermek i\u00e7in Excel K\u0131sayolu (En Son 2023)<\/title>\n<meta name=\"description\" content=\"Bu e\u011fitimde Excel&#039;de s\u00fctunlar\u0131 g\u00f6r\u00fcnt\u00fclemek i\u00e7in klavye k\u0131sayolunun nas\u0131l kullan\u0131laca\u011f\u0131n\u0131 \u00f6\u011freneceksiniz. \u015eimdi bu k\u0131sayol\" \/>\n<meta name=\"robots\" content=\"index, follow, max-snippet:-1, max-image-preview:large, max-video-preview:-1\" \/>\n<link rel=\"canonical\" href=\"https:\/\/exceladvisor.org\/tr\/sutunlari-goster\/\" \/>\n<meta property=\"og:locale\" content=\"tr_TR\" \/>\n<meta property=\"og:type\" content=\"article\" \/>\n<meta property=\"og:title\" content=\"S\u00fctunlar\u0131 G\u00f6stermek i\u00e7in Excel K\u0131sayolu (En Son 2023)\" \/>\n<meta property=\"og:description\" content=\"Bu e\u011fitimde Excel&#039;de s\u00fctunlar\u0131 g\u00f6r\u00fcnt\u00fclemek i\u00e7in klavye k\u0131sayolunun nas\u0131l kullan\u0131laca\u011f\u0131n\u0131 \u00f6\u011freneceksiniz. \u015eimdi bu k\u0131sayol\" \/>\n<meta property=\"og:url\" content=\"https:\/\/exceladvisor.org\/tr\/sutunlari-goster\/\" \/>\n<meta property=\"og:site_name\" content=\"Excel Advisor\" \/>\n<meta property=\"article:modified_time\" content=\"2023-12-10T06:04:32+00:00\" \/>\n<meta property=\"og:image\" content=\"https:\/\/exceladvisor.org\/wp-content\/uploads\/2023\/08\/1-afficher-la-colonne-a-laide-du-raccourci-clavier.png\" \/>\n<meta name=\"twitter:card\" content=\"summary_large_image\" \/>\n<meta name=\"twitter:label1\" content=\"Tahmini okuma s\u00fcresi\" \/>\n\t<meta name=\"twitter:data1\" content=\"2 dakika\" \/>\n<script type=\"application\/ld+json\" class=\"yoast-schema-graph\">{\"@context\":\"https:\/\/schema.org\",\"@graph\":[{\"@type\":\"WebPage\",\"@id\":\"https:\/\/exceladvisor.org\/tr\/sutunlari-goster\/\",\"url\":\"https:\/\/exceladvisor.org\/tr\/sutunlari-goster\/\",\"name\":\"S\u00fctunlar\u0131 G\u00f6stermek i\u00e7in Excel K\u0131sayolu (En Son 2023)\",\"isPartOf\":{\"@id\":\"https:\/\/exceladvisor.org\/tr\/#website\"},\"primaryImageOfPage\":{\"@id\":\"https:\/\/exceladvisor.org\/tr\/sutunlari-goster\/#primaryimage\"},\"image\":{\"@id\":\"https:\/\/exceladvisor.org\/tr\/sutunlari-goster\/#primaryimage\"},\"thumbnailUrl\":\"https:\/\/exceladvisor.org\/wp-content\/uploads\/2023\/08\/1-afficher-la-colonne-a-laide-du-raccourci-clavier.png\",\"datePublished\":\"2023-09-26T07:28:02+00:00\",\"dateModified\":\"2023-12-10T06:04:32+00:00\",\"description\":\"Bu e\u011fitimde Excel&#39;de s\u00fctunlar\u0131 g\u00f6r\u00fcnt\u00fclemek i\u00e7in klavye k\u0131sayolunun nas\u0131l kullan\u0131laca\u011f\u0131n\u0131 \u00f6\u011freneceksiniz. \u015eimdi bu k\u0131sayol\",\"breadcrumb\":{\"@id\":\"https:\/\/exceladvisor.org\/tr\/sutunlari-goster\/#breadcrumb\"},\"inLanguage\":\"tr\",\"potentialAction\":[{\"@type\":\"ReadAction\",\"target\":[\"https:\/\/exceladvisor.org\/tr\/sutunlari-goster\/\"]}]},{\"@type\":\"ImageObject\",\"inLanguage\":\"tr\",\"@id\":\"https:\/\/exceladvisor.org\/tr\/sutunlari-goster\/#primaryimage\",\"url\":\"https:\/\/exceladvisor.org\/wp-content\/uploads\/2023\/08\/1-afficher-la-colonne-a-laide-du-raccourci-clavier.png\",\"contentUrl\":\"https:\/\/exceladvisor.org\/wp-content\/uploads\/2023\/08\/1-afficher-la-colonne-a-laide-du-raccourci-clavier.png\"},{\"@type\":\"BreadcrumbList\",\"@id\":\"https:\/\/exceladvisor.org\/tr\/sutunlari-goster\/#breadcrumb\",\"itemListElement\":[{\"@type\":\"ListItem\",\"position\":1,\"name\":\"Ev\",\"item\":\"https:\/\/exceladvisor.org\/tr\/\"},{\"@type\":\"ListItem\",\"position\":2,\"name\":\"S\u00fctunlar\u0131 g\u00f6r\u00fcnt\u00fclemek i\u00e7in excel k\u0131sayolu\"}]},{\"@type\":\"WebSite\",\"@id\":\"https:\/\/exceladvisor.org\/tr\/#website\",\"url\":\"https:\/\/exceladvisor.org\/tr\/\",\"name\":\"Excel Advisor\",\"description\":\"Veri hakimiyetine y\u00f6nelik nihai rehberiniz!\",\"publisher\":{\"@id\":\"https:\/\/exceladvisor.org\/tr\/#organization\"},\"potentialAction\":[{\"@type\":\"SearchAction\",\"target\":{\"@type\":\"EntryPoint\",\"urlTemplate\":\"https:\/\/exceladvisor.org\/tr\/?s={search_term_string}\"},\"query-input\":{\"@type\":\"PropertyValueSpecification\",\"valueRequired\":true,\"valueName\":\"search_term_string\"}}],\"inLanguage\":\"tr\"},{\"@type\":\"Organization\",\"@id\":\"https:\/\/exceladvisor.org\/tr\/#organization\",\"name\":\"Excel Advisor\",\"url\":\"https:\/\/exceladvisor.org\/tr\/\",\"logo\":{\"@type\":\"ImageObject\",\"inLanguage\":\"tr\",\"@id\":\"https:\/\/exceladvisor.org\/tr\/#\/schema\/logo\/image\/\",\"url\":\"https:\/\/exceladvisor.org\/tr\/wp-content\/uploads\/2023\/12\/exceladvisor.org_.png\",\"contentUrl\":\"https:\/\/exceladvisor.org\/tr\/wp-content\/uploads\/2023\/12\/exceladvisor.org_.png\",\"width\":105,\"height\":36,\"caption\":\"Excel Advisor\"},\"image\":{\"@id\":\"https:\/\/exceladvisor.org\/tr\/#\/schema\/logo\/image\/\"}}]}<\/script>\n<!-- \/ Yoast SEO plugin. -->","yoast_head_json":{"title":"S\u00fctunlar\u0131 G\u00f6stermek i\u00e7in Excel K\u0131sayolu (En Son 2023)","description":"Bu e\u011fitimde Excel&#39;de s\u00fctunlar\u0131 g\u00f6r\u00fcnt\u00fclemek i\u00e7in klavye k\u0131sayolunun nas\u0131l kullan\u0131laca\u011f\u0131n\u0131 \u00f6\u011freneceksiniz. \u015eimdi bu k\u0131sayol","robots":{"index":"index","follow":"follow","max-snippet":"max-snippet:-1","max-image-preview":"max-image-preview:large","max-video-preview":"max-video-preview:-1"},"canonical":"https:\/\/exceladvisor.org\/tr\/sutunlari-goster\/","og_locale":"tr_TR","og_type":"article","og_title":"S\u00fctunlar\u0131 G\u00f6stermek i\u00e7in Excel K\u0131sayolu (En Son 2023)","og_description":"Bu e\u011fitimde Excel&#39;de s\u00fctunlar\u0131 g\u00f6r\u00fcnt\u00fclemek i\u00e7in klavye k\u0131sayolunun nas\u0131l kullan\u0131laca\u011f\u0131n\u0131 \u00f6\u011freneceksiniz. \u015eimdi bu k\u0131sayol","og_url":"https:\/\/exceladvisor.org\/tr\/sutunlari-goster\/","og_site_name":"Excel Advisor","article_modified_time":"2023-12-10T06:04:32+00:00","og_image":[{"url":"https:\/\/exceladvisor.org\/wp-content\/uploads\/2023\/08\/1-afficher-la-colonne-a-laide-du-raccourci-clavier.png","type":"","width":"","height":""}],"twitter_card":"summary_large_image","twitter_misc":{"Tahmini okuma s\u00fcresi":"2 dakika"},"schema":{"@context":"https:\/\/schema.org","@graph":[{"@type":"WebPage","@id":"https:\/\/exceladvisor.org\/tr\/sutunlari-goster\/","url":"https:\/\/exceladvisor.org\/tr\/sutunlari-goster\/","name":"S\u00fctunlar\u0131 G\u00f6stermek i\u00e7in Excel K\u0131sayolu (En Son 2023)","isPartOf":{"@id":"https:\/\/exceladvisor.org\/tr\/#website"},"primaryImageOfPage":{"@id":"https:\/\/exceladvisor.org\/tr\/sutunlari-goster\/#primaryimage"},"image":{"@id":"https:\/\/exceladvisor.org\/tr\/sutunlari-goster\/#primaryimage"},"thumbnailUrl":"https:\/\/exceladvisor.org\/wp-content\/uploads\/2023\/08\/1-afficher-la-colonne-a-laide-du-raccourci-clavier.png","datePublished":"2023-09-26T07:28:02+00:00","dateModified":"2023-12-10T06:04:32+00:00","description":"Bu e\u011fitimde Excel&#39;de s\u00fctunlar\u0131 g\u00f6r\u00fcnt\u00fclemek i\u00e7in klavye k\u0131sayolunun nas\u0131l kullan\u0131laca\u011f\u0131n\u0131 \u00f6\u011freneceksiniz. \u015eimdi bu k\u0131sayol","breadcrumb":{"@id":"https:\/\/exceladvisor.org\/tr\/sutunlari-goster\/#breadcrumb"},"inLanguage":"tr","potentialAction":[{"@type":"ReadAction","target":["https:\/\/exceladvisor.org\/tr\/sutunlari-goster\/"]}]},{"@type":"ImageObject","inLanguage":"tr","@id":"https:\/\/exceladvisor.org\/tr\/sutunlari-goster\/#primaryimage","url":"https:\/\/exceladvisor.org\/wp-content\/uploads\/2023\/08\/1-afficher-la-colonne-a-laide-du-raccourci-clavier.png","contentUrl":"https:\/\/exceladvisor.org\/wp-content\/uploads\/2023\/08\/1-afficher-la-colonne-a-laide-du-raccourci-clavier.png"},{"@type":"BreadcrumbList","@id":"https:\/\/exceladvisor.org\/tr\/sutunlari-goster\/#breadcrumb","itemListElement":[{"@type":"ListItem","position":1,"name":"Ev","item":"https:\/\/exceladvisor.org\/tr\/"},{"@type":"ListItem","position":2,"name":"S\u00fctunlar\u0131 g\u00f6r\u00fcnt\u00fclemek i\u00e7in excel k\u0131sayolu"}]},{"@type":"WebSite","@id":"https:\/\/exceladvisor.org\/tr\/#website","url":"https:\/\/exceladvisor.org\/tr\/","name":"Excel Advisor","description":"Veri hakimiyetine y\u00f6nelik nihai rehberiniz!","publisher":{"@id":"https:\/\/exceladvisor.org\/tr\/#organization"},"potentialAction":[{"@type":"SearchAction","target":{"@type":"EntryPoint","urlTemplate":"https:\/\/exceladvisor.org\/tr\/?s={search_term_string}"},"query-input":{"@type":"PropertyValueSpecification","valueRequired":true,"valueName":"search_term_string"}}],"inLanguage":"tr"},{"@type":"Organization","@id":"https:\/\/exceladvisor.org\/tr\/#organization","name":"Excel Advisor","url":"https:\/\/exceladvisor.org\/tr\/","logo":{"@type":"ImageObject","inLanguage":"tr","@id":"https:\/\/exceladvisor.org\/tr\/#\/schema\/logo\/image\/","url":"https:\/\/exceladvisor.org\/tr\/wp-content\/uploads\/2023\/12\/exceladvisor.org_.png","contentUrl":"https:\/\/exceladvisor.org\/tr\/wp-content\/uploads\/2023\/12\/exceladvisor.org_.png","width":105,"height":36,"caption":"Excel Advisor"},"image":{"@id":"https:\/\/exceladvisor.org\/tr\/#\/schema\/logo\/image\/"}}]}},"yoast_meta":{"yoast_wpseo_title":"","yoast_wpseo_metadesc":"","yoast_wpseo_canonical":""},"_links":{"self":[{"href":"https:\/\/exceladvisor.org\/tr\/wp-json\/wp\/v2\/pages\/2169","targetHints":{"allow":["GET"]}}],"collection":[{"href":"https:\/\/exceladvisor.org\/tr\/wp-json\/wp\/v2\/pages"}],"about":[{"href":"https:\/\/exceladvisor.org\/tr\/wp-json\/wp\/v2\/types\/page"}],"author":[{"embeddable":true,"href":"https:\/\/exceladvisor.org\/tr\/wp-json\/wp\/v2\/users\/1"}],"replies":[{"embeddable":true,"href":"https:\/\/exceladvisor.org\/tr\/wp-json\/wp\/v2\/comments?post=2169"}],"version-history":[{"count":1,"href":"https:\/\/exceladvisor.org\/tr\/wp-json\/wp\/v2\/pages\/2169\/revisions"}],"predecessor-version":[{"id":2738,"href":"https:\/\/exceladvisor.org\/tr\/wp-json\/wp\/v2\/pages\/2169\/revisions\/2738"}],"wp:attachment":[{"href":"https:\/\/exceladvisor.org\/tr\/wp-json\/wp\/v2\/media?parent=2169"}],"curies":[{"name":"wp","href":"https:\/\/api.w.org\/{rel}","templated":true}]}}