{"id":2170,"date":"2023-09-26T07:18:38","date_gmt":"2023-09-26T07:18:38","guid":{"rendered":"https:\/\/exceladvisor.org\/tr\/formulleri-goster\/"},"modified":"2023-12-10T06:01:25","modified_gmt":"2023-12-10T06:01:25","slug":"formulleri-goster","status":"publish","type":"page","link":"https:\/\/exceladvisor.org\/tr\/formulleri-goster\/","title":{"rendered":"Excel&#39;de form\u00fcller nas\u0131l g\u00f6r\u00fcnt\u00fclenir?"},"content":{"rendered":"<div class=\"excel-icerikten-once\" id=\"excel-3608136736\"><script type=\"text\/javascript\">\r\n\tatOptions = {\r\n\t\t'key' : 'c1158f160081d6540a8409e6925dab94',\r\n\t\t'format' : 'iframe',\r\n\t\t'height' : 250,\r\n\t\t'width' : 300,\r\n\t\t'params' : {}\r\n\t};\r\n<\/script>\r\n<script type=\"text\/javascript\" src=\"\/\/www.highperformanceformat.com\/c1158f160081d6540a8409e6925dab94\/invoke.js\"><\/script><\/div> <p>Excel&#8217;de kullan\u0131lacak \u00e7ok fazla form\u00fcl vard\u0131r ve kullan\u0131c\u0131 form\u00fcl\u00fc herhangi bir h\u00fccreye girdi\u011finde Excel o form\u00fcl\u00fcn sonu\u00e7 de\u011ferlerini g\u00f6r\u00fcnt\u00fcler.<\/p><p> Ancak baz\u0131 durumlarda kullan\u0131c\u0131lar form\u00fcl\u00fc g\u00f6r\u00fcnt\u00fclemek ve do\u011frulamak i\u00e7in form\u00fcl i\u00e7eren h\u00fccreleri g\u00f6rmek ister ve bazen de elde edilen de\u011ferler yerine form\u00fcllerle birlikte verileri yazd\u0131rmak ister ve bunun i\u00e7in Excel&#8217;in mevcut form\u00fclleri g\u00f6r\u00fcnt\u00fcleme se\u00e7enekleri vard\u0131r.<\/p><h2 class=\"wp-block-heading\"> Form\u00fclleri g\u00f6r\u00fcnt\u00fclemek i\u00e7in klavye k\u0131sayolu<\/h2><p> Excel&#8217;in di\u011fer bir\u00e7ok \u00f6zelli\u011fi ve i\u015flevi gibi Excel&#8217;in de \u00e7al\u0131\u015fma sayfas\u0131nda mevcut form\u00fclleri g\u00f6r\u00fcnt\u00fclemek i\u00e7in bir klavye k\u0131sayolu seti vard\u0131r. Form\u00fclleri g\u00f6r\u00fcnt\u00fclemek i\u00e7in klavye k\u0131sayolu: <\/p><div class=\"wp-block-image\"><figure class=\"aligncenter size-full is-resized\"><img loading=\"lazy\" decoding=\"async\" class=\"wp-image-67542\" src=\"https:\/\/exceladvisor.org\/wp-content\/uploads\/2023\/08\/1-raccourci-pour-afficher-les-formules.png\" sizes=\"auto, \" srcset=\"\" alt=\"form\u00fclleri g\u00f6r\u00fcnt\u00fcleme k\u0131sayolu\" width=\"813\" height=\"319\"><\/figure><\/div><p> Ctrl + `<\/p><p> A\u015fa\u011f\u0131daki \u00f6rnekte \u201cCtrl + `\u201d tu\u015flar\u0131na bast\u0131k ve Excel, sonu\u00e7 de\u011ferleri yerine mevcut t\u00fcm form\u00fclleri g\u00f6r\u00fcnt\u00fcledi. <\/p><div class=\"wp-block-image\"><figure class=\"aligncenter size-full is-resized\"><img loading=\"lazy\" decoding=\"async\" class=\"wp-image-67543\" src=\"https:\/\/exceladvisor.org\/wp-content\/uploads\/2023\/08\/2-formules-affichees.png\" sizes=\"auto, \" srcset=\"\" alt=\"g\u00f6r\u00fcnt\u00fclenen form\u00fcller\" width=\"738\" height=\"168\"><\/figure><\/div><h2 class=\"wp-block-heading\"> Klavye k\u0131sayolunu kullanarak g\u00f6r\u00fcnt\u00fcleme ad\u0131mlar\u0131 ve form\u00fcller<\/h2><ol><li> Elektronik tablodaki herhangi bir h\u00fccreyi t\u0131klay\u0131n.<\/li><li> Bundan sonra, \u00bb Ctrl + ` \u00bb klavye k\u0131sayol tu\u015flar\u0131na bast\u0131\u011f\u0131n\u0131zda, ortaya \u00e7\u0131kan de\u011ferlerin yerine t\u00fcm form\u00fcllerin g\u00f6r\u00fcnt\u00fclenmesini sa\u011flayabilirsiniz.<\/li><li> Geri d\u00f6n\u00fcp sonu\u00e7 de\u011ferlerini g\u00f6r\u00fcnt\u00fclemek i\u00e7in \u201cCtrl + `\u201d tu\u015flar\u0131na tekrar bas\u0131n. <\/li><\/ol><div class=\"wp-block-group more-tutorials is-layout-flow\"><div class=\"wp-block-group__inner-container\"><h2 class=\"wp-block-heading\"> Daha fazla k\u0131sayol <\/h2><div class=\"wp-block-columns is-layout-flex wp-container-87\"><div class=\"wp-block-column is-layout-flow\"><ul><li> <a href=\"https:\/\/exceladvisor.org\/tr\/filtre-1\/\">Filtreyi uygula ve kald\u0131r<\/a><\/li><li> <a href=\"https:\/\/exceladvisor.org\/tr\/otomatik-toplam-2\/\">Otomatik toplam<\/a><\/li><li> <a href=\"https:\/\/exceladvisor.org\/tr\/icerigi-temizle\/\">\u0130\u00e7eri\u011fi temizle<\/a><\/li><li> <a href=\"https:\/\/exceladvisor.org\/tr\/kayip-dusmek\/\">A\u015fag\u0131 kayd\u0131r<\/a><\/li><li> <a href=\"https:\/\/exceladvisor.org\/tr\/silmek\/\">S\u0130LMEK<\/a><\/li><\/ul><\/div><div class=\"wp-block-column is-layout-flow\"><\/div><\/div><p> \u21e0 <a href=\"https:\/\/exceladvisor.org\/tr\/klavye-kisayollari\/\">Excel k\u0131sayollar\u0131na geri d\u00f6n\u00fcn (PDF kopya sayfas\u0131)<\/a><\/p><\/div><\/div>","protected":false},"excerpt":{"rendered":"","protected":false},"author":1,"featured_media":0,"parent":0,"menu_order":0,"comment_status":"open","ping_status":"closed","template":"","meta":{"ub_ctt_via":"","footnotes":""},"class_list":["post-2170","page","type-page","status-publish","hentry"],"featured_image_src":null,"yoast_head":"<!-- This site is optimized with the Yoast SEO plugin v25.4 - https:\/\/yoast.com\/wordpress\/plugins\/seo\/ -->\n<title>\u25b7 Form\u00fcller nas\u0131l g\u00f6r\u00fcnt\u00fclenir? (Excel 2023 k\u0131sayolu)<\/title>\n<meta name=\"description\" content=\"Bu derste, Excel&#039;deki bir e-tablodaki form\u00fclleri g\u00f6r\u00fcnt\u00fclemek i\u00e7in klavye k\u0131sayolunun nas\u0131l kullan\u0131laca\u011f\u0131n\u0131 \u00f6\u011frenece\u011fiz.\" \/>\n<meta name=\"robots\" content=\"index, follow, max-snippet:-1, max-image-preview:large, max-video-preview:-1\" \/>\n<link rel=\"canonical\" href=\"https:\/\/exceladvisor.org\/tr\/formulleri-goster\/\" \/>\n<meta property=\"og:locale\" content=\"tr_TR\" \/>\n<meta property=\"og:type\" content=\"article\" \/>\n<meta property=\"og:title\" content=\"\u25b7 Form\u00fcller nas\u0131l g\u00f6r\u00fcnt\u00fclenir? (Excel 2023 k\u0131sayolu)\" \/>\n<meta property=\"og:description\" content=\"Bu derste, Excel&#039;deki bir e-tablodaki form\u00fclleri g\u00f6r\u00fcnt\u00fclemek i\u00e7in klavye k\u0131sayolunun nas\u0131l kullan\u0131laca\u011f\u0131n\u0131 \u00f6\u011frenece\u011fiz.\" \/>\n<meta property=\"og:url\" content=\"https:\/\/exceladvisor.org\/tr\/formulleri-goster\/\" \/>\n<meta property=\"og:site_name\" content=\"Excel Advisor\" \/>\n<meta property=\"article:modified_time\" content=\"2023-12-10T06:01:25+00:00\" \/>\n<meta property=\"og:image\" content=\"https:\/\/exceladvisor.org\/wp-content\/uploads\/2023\/08\/1-raccourci-pour-afficher-les-formules.png\" \/>\n<meta name=\"twitter:card\" content=\"summary_large_image\" \/>\n<meta name=\"twitter:label1\" content=\"Tahmini okuma s\u00fcresi\" \/>\n\t<meta name=\"twitter:data1\" content=\"1 dakika\" \/>\n<script type=\"application\/ld+json\" class=\"yoast-schema-graph\">{\"@context\":\"https:\/\/schema.org\",\"@graph\":[{\"@type\":\"WebPage\",\"@id\":\"https:\/\/exceladvisor.org\/tr\/formulleri-goster\/\",\"url\":\"https:\/\/exceladvisor.org\/tr\/formulleri-goster\/\",\"name\":\"\u25b7 Form\u00fcller nas\u0131l g\u00f6r\u00fcnt\u00fclenir? (Excel 2023 k\u0131sayolu)\",\"isPartOf\":{\"@id\":\"https:\/\/exceladvisor.org\/tr\/#website\"},\"primaryImageOfPage\":{\"@id\":\"https:\/\/exceladvisor.org\/tr\/formulleri-goster\/#primaryimage\"},\"image\":{\"@id\":\"https:\/\/exceladvisor.org\/tr\/formulleri-goster\/#primaryimage\"},\"thumbnailUrl\":\"https:\/\/exceladvisor.org\/wp-content\/uploads\/2023\/08\/1-raccourci-pour-afficher-les-formules.png\",\"datePublished\":\"2023-09-26T07:18:38+00:00\",\"dateModified\":\"2023-12-10T06:01:25+00:00\",\"description\":\"Bu derste, Excel&#39;deki bir e-tablodaki form\u00fclleri g\u00f6r\u00fcnt\u00fclemek i\u00e7in klavye k\u0131sayolunun nas\u0131l kullan\u0131laca\u011f\u0131n\u0131 \u00f6\u011frenece\u011fiz.\",\"breadcrumb\":{\"@id\":\"https:\/\/exceladvisor.org\/tr\/formulleri-goster\/#breadcrumb\"},\"inLanguage\":\"tr\",\"potentialAction\":[{\"@type\":\"ReadAction\",\"target\":[\"https:\/\/exceladvisor.org\/tr\/formulleri-goster\/\"]}]},{\"@type\":\"ImageObject\",\"inLanguage\":\"tr\",\"@id\":\"https:\/\/exceladvisor.org\/tr\/formulleri-goster\/#primaryimage\",\"url\":\"https:\/\/exceladvisor.org\/wp-content\/uploads\/2023\/08\/1-raccourci-pour-afficher-les-formules.png\",\"contentUrl\":\"https:\/\/exceladvisor.org\/wp-content\/uploads\/2023\/08\/1-raccourci-pour-afficher-les-formules.png\"},{\"@type\":\"BreadcrumbList\",\"@id\":\"https:\/\/exceladvisor.org\/tr\/formulleri-goster\/#breadcrumb\",\"itemListElement\":[{\"@type\":\"ListItem\",\"position\":1,\"name\":\"Ev\",\"item\":\"https:\/\/exceladvisor.org\/tr\/\"},{\"@type\":\"ListItem\",\"position\":2,\"name\":\"Excel&#39;de form\u00fcller nas\u0131l g\u00f6r\u00fcnt\u00fclenir?\"}]},{\"@type\":\"WebSite\",\"@id\":\"https:\/\/exceladvisor.org\/tr\/#website\",\"url\":\"https:\/\/exceladvisor.org\/tr\/\",\"name\":\"Excel Advisor\",\"description\":\"Veri hakimiyetine y\u00f6nelik nihai rehberiniz!\",\"publisher\":{\"@id\":\"https:\/\/exceladvisor.org\/tr\/#organization\"},\"potentialAction\":[{\"@type\":\"SearchAction\",\"target\":{\"@type\":\"EntryPoint\",\"urlTemplate\":\"https:\/\/exceladvisor.org\/tr\/?s={search_term_string}\"},\"query-input\":{\"@type\":\"PropertyValueSpecification\",\"valueRequired\":true,\"valueName\":\"search_term_string\"}}],\"inLanguage\":\"tr\"},{\"@type\":\"Organization\",\"@id\":\"https:\/\/exceladvisor.org\/tr\/#organization\",\"name\":\"Excel Advisor\",\"url\":\"https:\/\/exceladvisor.org\/tr\/\",\"logo\":{\"@type\":\"ImageObject\",\"inLanguage\":\"tr\",\"@id\":\"https:\/\/exceladvisor.org\/tr\/#\/schema\/logo\/image\/\",\"url\":\"https:\/\/exceladvisor.org\/tr\/wp-content\/uploads\/2023\/12\/exceladvisor.org_.png\",\"contentUrl\":\"https:\/\/exceladvisor.org\/tr\/wp-content\/uploads\/2023\/12\/exceladvisor.org_.png\",\"width\":105,\"height\":36,\"caption\":\"Excel Advisor\"},\"image\":{\"@id\":\"https:\/\/exceladvisor.org\/tr\/#\/schema\/logo\/image\/\"}}]}<\/script>\n<!-- \/ Yoast SEO plugin. -->","yoast_head_json":{"title":"\u25b7 Form\u00fcller nas\u0131l g\u00f6r\u00fcnt\u00fclenir? (Excel 2023 k\u0131sayolu)","description":"Bu derste, Excel&#39;deki bir e-tablodaki form\u00fclleri g\u00f6r\u00fcnt\u00fclemek i\u00e7in klavye k\u0131sayolunun nas\u0131l kullan\u0131laca\u011f\u0131n\u0131 \u00f6\u011frenece\u011fiz.","robots":{"index":"index","follow":"follow","max-snippet":"max-snippet:-1","max-image-preview":"max-image-preview:large","max-video-preview":"max-video-preview:-1"},"canonical":"https:\/\/exceladvisor.org\/tr\/formulleri-goster\/","og_locale":"tr_TR","og_type":"article","og_title":"\u25b7 Form\u00fcller nas\u0131l g\u00f6r\u00fcnt\u00fclenir? (Excel 2023 k\u0131sayolu)","og_description":"Bu derste, Excel&#39;deki bir e-tablodaki form\u00fclleri g\u00f6r\u00fcnt\u00fclemek i\u00e7in klavye k\u0131sayolunun nas\u0131l kullan\u0131laca\u011f\u0131n\u0131 \u00f6\u011frenece\u011fiz.","og_url":"https:\/\/exceladvisor.org\/tr\/formulleri-goster\/","og_site_name":"Excel Advisor","article_modified_time":"2023-12-10T06:01:25+00:00","og_image":[{"url":"https:\/\/exceladvisor.org\/wp-content\/uploads\/2023\/08\/1-raccourci-pour-afficher-les-formules.png","type":"","width":"","height":""}],"twitter_card":"summary_large_image","twitter_misc":{"Tahmini okuma s\u00fcresi":"1 dakika"},"schema":{"@context":"https:\/\/schema.org","@graph":[{"@type":"WebPage","@id":"https:\/\/exceladvisor.org\/tr\/formulleri-goster\/","url":"https:\/\/exceladvisor.org\/tr\/formulleri-goster\/","name":"\u25b7 Form\u00fcller nas\u0131l g\u00f6r\u00fcnt\u00fclenir? (Excel 2023 k\u0131sayolu)","isPartOf":{"@id":"https:\/\/exceladvisor.org\/tr\/#website"},"primaryImageOfPage":{"@id":"https:\/\/exceladvisor.org\/tr\/formulleri-goster\/#primaryimage"},"image":{"@id":"https:\/\/exceladvisor.org\/tr\/formulleri-goster\/#primaryimage"},"thumbnailUrl":"https:\/\/exceladvisor.org\/wp-content\/uploads\/2023\/08\/1-raccourci-pour-afficher-les-formules.png","datePublished":"2023-09-26T07:18:38+00:00","dateModified":"2023-12-10T06:01:25+00:00","description":"Bu derste, Excel&#39;deki bir e-tablodaki form\u00fclleri g\u00f6r\u00fcnt\u00fclemek i\u00e7in klavye k\u0131sayolunun nas\u0131l kullan\u0131laca\u011f\u0131n\u0131 \u00f6\u011frenece\u011fiz.","breadcrumb":{"@id":"https:\/\/exceladvisor.org\/tr\/formulleri-goster\/#breadcrumb"},"inLanguage":"tr","potentialAction":[{"@type":"ReadAction","target":["https:\/\/exceladvisor.org\/tr\/formulleri-goster\/"]}]},{"@type":"ImageObject","inLanguage":"tr","@id":"https:\/\/exceladvisor.org\/tr\/formulleri-goster\/#primaryimage","url":"https:\/\/exceladvisor.org\/wp-content\/uploads\/2023\/08\/1-raccourci-pour-afficher-les-formules.png","contentUrl":"https:\/\/exceladvisor.org\/wp-content\/uploads\/2023\/08\/1-raccourci-pour-afficher-les-formules.png"},{"@type":"BreadcrumbList","@id":"https:\/\/exceladvisor.org\/tr\/formulleri-goster\/#breadcrumb","itemListElement":[{"@type":"ListItem","position":1,"name":"Ev","item":"https:\/\/exceladvisor.org\/tr\/"},{"@type":"ListItem","position":2,"name":"Excel&#39;de form\u00fcller nas\u0131l g\u00f6r\u00fcnt\u00fclenir?"}]},{"@type":"WebSite","@id":"https:\/\/exceladvisor.org\/tr\/#website","url":"https:\/\/exceladvisor.org\/tr\/","name":"Excel Advisor","description":"Veri hakimiyetine y\u00f6nelik nihai rehberiniz!","publisher":{"@id":"https:\/\/exceladvisor.org\/tr\/#organization"},"potentialAction":[{"@type":"SearchAction","target":{"@type":"EntryPoint","urlTemplate":"https:\/\/exceladvisor.org\/tr\/?s={search_term_string}"},"query-input":{"@type":"PropertyValueSpecification","valueRequired":true,"valueName":"search_term_string"}}],"inLanguage":"tr"},{"@type":"Organization","@id":"https:\/\/exceladvisor.org\/tr\/#organization","name":"Excel Advisor","url":"https:\/\/exceladvisor.org\/tr\/","logo":{"@type":"ImageObject","inLanguage":"tr","@id":"https:\/\/exceladvisor.org\/tr\/#\/schema\/logo\/image\/","url":"https:\/\/exceladvisor.org\/tr\/wp-content\/uploads\/2023\/12\/exceladvisor.org_.png","contentUrl":"https:\/\/exceladvisor.org\/tr\/wp-content\/uploads\/2023\/12\/exceladvisor.org_.png","width":105,"height":36,"caption":"Excel Advisor"},"image":{"@id":"https:\/\/exceladvisor.org\/tr\/#\/schema\/logo\/image\/"}}]}},"yoast_meta":{"yoast_wpseo_title":"","yoast_wpseo_metadesc":"","yoast_wpseo_canonical":""},"_links":{"self":[{"href":"https:\/\/exceladvisor.org\/tr\/wp-json\/wp\/v2\/pages\/2170","targetHints":{"allow":["GET"]}}],"collection":[{"href":"https:\/\/exceladvisor.org\/tr\/wp-json\/wp\/v2\/pages"}],"about":[{"href":"https:\/\/exceladvisor.org\/tr\/wp-json\/wp\/v2\/types\/page"}],"author":[{"embeddable":true,"href":"https:\/\/exceladvisor.org\/tr\/wp-json\/wp\/v2\/users\/1"}],"replies":[{"embeddable":true,"href":"https:\/\/exceladvisor.org\/tr\/wp-json\/wp\/v2\/comments?post=2170"}],"version-history":[{"count":1,"href":"https:\/\/exceladvisor.org\/tr\/wp-json\/wp\/v2\/pages\/2170\/revisions"}],"predecessor-version":[{"id":2518,"href":"https:\/\/exceladvisor.org\/tr\/wp-json\/wp\/v2\/pages\/2170\/revisions\/2518"}],"wp:attachment":[{"href":"https:\/\/exceladvisor.org\/tr\/wp-json\/wp\/v2\/media?parent=2170"}],"curies":[{"name":"wp","href":"https:\/\/api.w.org\/{rel}","templated":true}]}}