{"id":2171,"date":"2023-09-26T07:07:25","date_gmt":"2023-09-26T07:07:25","guid":{"rendered":"https:\/\/exceladvisor.org\/tr\/pivot-tabloyu-guncelleme\/"},"modified":"2023-12-10T06:04:54","modified_gmt":"2023-12-10T06:04:54","slug":"pivot-tabloyu-guncelleme","status":"publish","type":"page","link":"https:\/\/exceladvisor.org\/tr\/pivot-tabloyu-guncelleme\/","title":{"rendered":"Pivot tablo nas\u0131l yenilenir?"},"content":{"rendered":"<div class=\"excel-icerikten-once\" id=\"excel-1104298617\"><script type=\"text\/javascript\">\r\n\tatOptions = {\r\n\t\t'key' : 'c1158f160081d6540a8409e6925dab94',\r\n\t\t'format' : 'iframe',\r\n\t\t'height' : 250,\r\n\t\t'width' : 300,\r\n\t\t'params' : {}\r\n\t};\r\n<\/script>\r\n<script type=\"text\/javascript\" src=\"\/\/www.highperformanceformat.com\/c1158f160081d6540a8409e6925dab94\/invoke.js\"><\/script><\/div> <p>Siz yenilemedi\u011finiz s\u00fcrece verilerde yap\u0131lan hi\u00e7bir de\u011fi\u015fiklik PivotTable&#8217;a y\u00fcklenmez. Burada pivot tabloyu yenilemenin birka\u00e7 yolunu \u00f6\u011frenece\u011fiz.<\/p><h2 class=\"wp-block-heading\"> <strong>Manuel olarak yenile<\/strong><\/h2><p> Pivot tabloyu yenilemenin en kolay ve en yayg\u0131n yolu, yenileme d\u00fc\u011fmesine basmakt\u0131r. Basit bir \u00f6rnekle anlayal\u0131m. Burada 9 ayl\u0131k sat\u0131\u015f verilerine ve \u00fcr\u00fcn\u00fc ve sat\u0131\u015f miktar\u0131n\u0131 i\u00e7eren basit bir pivot tabloya sahibiz. <\/p><div class=\"wp-block-image\"><figure class=\"aligncenter size-large is-resized\"><img loading=\"lazy\" decoding=\"async\" class=\"wp-image-59026\" src=\"https:\/\/exceladvisor.org\/wp-content\/uploads\/2023\/08\/1-tableau-croise-dynamique-densemble-de-donnees.png\" sizes=\"auto, \" srcset=\"\" alt=\"veri k\u00fcmesinin pivot tablosu\" width=\"648\" height=\"325\"><\/figure><\/div><p> \u015eimdi verilerde baz\u0131 de\u011fi\u015fiklikler yapal\u0131m. Pivot tablomuz \u00fcr\u00fcnleri ve sat\u0131\u015flar\u0131 i\u00e7erdi\u011finden bir \u00fcr\u00fcn\u00fcn sat\u0131\u015f say\u0131s\u0131n\u0131 de\u011fi\u015ftirece\u011fiz. Nisan ay\u0131nda \u00fcst s\u0131radaki 4&#8217;teki &#8220;Bisk\u00fcvi&#8221; sat\u0131\u015flar\u0131n\u0131 123 yerine 1230 olarak de\u011fi\u015ftirelim ve pivot tabloyu yenileyelim. <\/p><div class=\"wp-block-image\"><figure class=\"aligncenter size-large is-resized\"><img loading=\"lazy\" decoding=\"async\" class=\"wp-image-59028\" src=\"https:\/\/exceladvisor.org\/wp-content\/uploads\/2023\/08\/2-tableaux-croises-dynamiques.png\" sizes=\"auto, \" srcset=\"\" alt=\"Pivot tablo\" width=\"351\" height=\"207\"><\/figure><\/div><ol><li> Ba\u015flamak i\u00e7in imlecinizi pivot tablonun \u00fczerine getirin ve sa\u011f t\u0131klay\u0131n. Burada a\u015fa\u011f\u0131daki ekran g\u00f6r\u00fcnt\u00fcs\u00fcndeki gibi baz\u0131 se\u00e7enekler g\u00f6receksiniz. <br><img loading=\"lazy\" decoding=\"async\" title=\"3-imle\u00e7-masa \u00fczerinde-pivot-ve-sa\u011f t\u0131klama\" src=\"https:\/\/exceladvisor.org\/wp-content\/uploads\/2023\/08\/3-curseur-sur-le-tableau-croise-dynamique-et-clic-droit.png\" sizes=\"auto, \" srcset=\"\" alt=\"cursor-on-the-pivot-table-and-right-click\" width=\"207\" height=\"347\"><\/li><li> \u015eimdi \u201cYenile\u201dye t\u0131klay\u0131n. <br><img loading=\"lazy\" decoding=\"async\" title=\"4 t\u0131klamayla g\u00fcncelleyin\" src=\"https:\/\/exceladvisor.org\/wp-content\/uploads\/2023\/08\/4-cliquez-sur-actualiser.png\" sizes=\"auto, \" srcset=\"\" alt=\"click-on-refresh\" width=\"634\" height=\"317\"><\/li><li> \u201cBuiscuits\u201d \u00fcr\u00fcn\u00fcn\u00fcn toplam sat\u0131\u015flar\u0131 g\u00fcncellendi.<\/li><li> Bu, pivot tabloyu yenilemenin en kolay yoludur.<\/li><\/ol><p> Bunu yapman\u0131n ba\u015fka bir yolu da \u015feritteki <strong>&#8220;Analiz&#8221;<\/strong> sekmesini etkinle\u015ftirmek i\u00e7in imleci pivot tablo \u00fczerinde herhangi bir yere hareket ettirmektir. <\/p><div class=\"wp-block-image\"><figure class=\"aligncenter size-large is-resized\"><img loading=\"lazy\" decoding=\"async\" class=\"wp-image-59031\" src=\"https:\/\/exceladvisor.org\/wp-content\/uploads\/2023\/08\/5-activer-longlet-analyse.png\" sizes=\"auto, \" srcset=\"\" alt=\"etkinle\u015ftirme-analiz-sekmesi\" width=\"781\" height=\"157\"><\/figure><\/div><p> Burada <strong>Yenile<\/strong> d\u00fc\u011fmesini aray\u0131n. <\/p><div class=\"wp-block-image\"><figure class=\"aligncenter size-large is-resized\"><img loading=\"lazy\" decoding=\"async\" class=\"wp-image-59032\" src=\"https:\/\/exceladvisor.org\/wp-content\/uploads\/2023\/08\/6-recherchez-le-bouton-de-rafraichissement.png\" sizes=\"auto, \" srcset=\"\" alt=\"yenileme-bulma d\u00fc\u011fmesi\" width=\"790\" height=\"159\"><\/figure><\/div><p> \u015eimdi k\u00fc\u00e7\u00fck <strong>a\u00e7\u0131l\u0131r<\/strong> oka t\u0131klay\u0131n ve <strong>Yenile&#8217;ye<\/strong> t\u0131klay\u0131n. <\/p><div class=\"wp-block-image\"><figure class=\"aligncenter size-large is-resized\"><img loading=\"lazy\" decoding=\"async\" class=\"wp-image-59033\" src=\"https:\/\/exceladvisor.org\/wp-content\/uploads\/2023\/08\/7-clics-deroulants-cliquez-sur-rafraichir.png\" sizes=\"auto, \" srcset=\"\" alt=\"t\u0131klama-a\u00e7\u0131l\u0131r-t\u0131klama-yenileme\" width=\"191\" height=\"138\"><\/figure><\/div><p class=\"qt-tip\"> Not: Birden fazla pivot tablo i\u00e7in <strong>T\u00fcm\u00fcn\u00fc Yenile&#8217;yi<\/strong> t\u0131klay\u0131n. (\u015funa bak\u0131n: <a href=\"https:\/\/exceladvisor.org\/tr\/her-seyi-yenile\/\">t\u00fcm pivot tablolar\u0131 ayn\u0131 anda yenileyin<\/a> )<\/p><h2 class=\"wp-block-heading\"> <strong>Dosya a\u00e7\u0131ld\u0131\u011f\u0131nda pivot tabloyu otomatik olarak yenile<\/strong><\/h2><p> Raporlar\u0131m\u0131zda bazen \u015e\u0130MD\u0130 ve BUG\u00dcN gibi s\u00fcrekli g\u00fcncellenen form\u00fcller kullan\u0131yoruz. Peki ya bu t\u00fcr form\u00fcllere ba\u011fl\u0131 bir pivot tablomuz ve analizimiz olsayd\u0131?<\/p><p> Pivot tabloyu her a\u00e7t\u0131\u011f\u0131m\u0131zda veya kulland\u0131\u011f\u0131m\u0131zda pivot tabloyu g\u00fcncellememiz gerekir. Bu daha s\u0131k\u0131c\u0131 g\u00f6r\u00fcn\u00fcyor. \u0130\u015fte bir \u00e7\u00f6z\u00fcm. Bir pivot tablo a\u00e7\u0131ld\u0131\u011f\u0131nda otomatik olarak yenileyebilirsiniz.<\/p><ol><li> \u00d6ncelikle pivot tablonun herhangi bir yerine t\u0131klay\u0131n ve \u015feritteki \u201cAnaliz\u201d sekmesine gidin. <br><img loading=\"lazy\" decoding=\"async\" title=\"8'li analize gitme sekmesi\" src=\"https:\/\/exceladvisor.org\/wp-content\/uploads\/2023\/08\/8-aller-a-longlet-analyser.png\" sizes=\"auto, \" srcset=\"\" alt=\"go-to-analyze-tab\" width=\"734\" height=\"148\"><\/li><li> \u015eimdi pivot tablonun alt\u0131ndaki k\u00fc\u00e7\u00fck a\u00e7\u0131l\u0131r d\u00fc\u011fmeye t\u0131klay\u0131n. <br><img loading=\"lazy\" decoding=\"async\" title=\"9 T\u0131klamayla Pivot Tablo\" src=\"https:\/\/exceladvisor.org\/wp-content\/uploads\/2023\/08\/9-cliquez-sous-le-tableau-croise-dynamique.png\" sizes=\"auto, \" srcset=\"\" alt=\"click-below-pivot-table\" width=\"749\" height=\"151\"><\/li><li> Ard\u0131ndan <strong>Se\u00e7enekler&#8217;i<\/strong> t\u0131klay\u0131n. <br><img loading=\"lazy\" decoding=\"async\" title=\"10 t\u0131klamayla se\u00e7enekler\" src=\"https:\/\/exceladvisor.org\/wp-content\/uploads\/2023\/08\/10-cliquez-sur-les-options.png\" sizes=\"auto, \" srcset=\"\" alt=\"click-on-options\" width=\"124\" height=\"199\"><\/li><li> Burada <strong>\u201cPivot Tablo Se\u00e7enekleri<\/strong> \u201d isimli bir pencere a\u00e7\u0131lacakt\u0131r. Burada Veri se\u00e7ene\u011fini aray\u0131n. <br><img loading=\"lazy\" decoding=\"async\" title=\"11-pivot-tablo-veri-se\u00e7ene\u011fi\" src=\"https:\/\/exceladvisor.org\/wp-content\/uploads\/2023\/08\/11-sous-loption-de-donnees-de-tableau-croise-dynamique.png\" sizes=\"auto, \" srcset=\"\" alt=\"under-pivot-table-data-option\" width=\"423\" height=\"514\"><\/li><li> Bu kontrolden sonra \u201c <strong>Dosyay\u0131 a\u00e7arken verileri yenile<\/strong> \u201d se\u00e7ene\u011finin \u00f6n\u00fcndeki kutuyu i\u015faretleyin ve <strong>Tamam\u2019a<\/strong> t\u0131klay\u0131n. <br><img loading=\"lazy\" decoding=\"async\" title=\"Dosyay\u0131 a\u00e7arken 12 t\u0131klamayla verileri yenileyin\" src=\"https:\/\/exceladvisor.org\/wp-content\/uploads\/2023\/08\/Actualiser-les-donnees-en-12-clics-lors-de-louverture-du-fichier.png\" sizes=\"auto, \" srcset=\"\" alt=\"click-refresh-data-when-opening-the-file\" width=\"432\" height=\"524\"><\/li><\/ol><p class=\"qt-tip\"> Not: \u0130leti\u015fim kutusunu a\u00e7mak i\u00e7in PivotTable&#8217;a sa\u011f t\u0131klay\u0131p PivotTable Se\u00e7enekleri&#8217;ne de t\u0131klayabilirsiniz. <\/p><div class=\"wp-block-image\"><figure class=\"aligncenter size-large is-resized\"><img loading=\"lazy\" decoding=\"async\" class=\"wp-image-59039\" src=\"https:\/\/exceladvisor.org\/wp-content\/uploads\/2023\/08\/13-clic-droit-sur-le-tableau-croise-dynamique-cliquez-sur-les-options-du-tableau-croise-dynamique.png\" sizes=\"auto, \" srcset=\"\" alt=\"pivot tabloya sa\u011f t\u0131klay\u0131n-t\u0131klama se\u00e7enekleri-pivot tabloya t\u0131klay\u0131n\" width=\"147\" height=\"313\"><\/figure><\/div><h2 class=\"wp-block-heading\"> <strong>Bir zamanlay\u0131c\u0131da otomatik olarak<\/strong><\/h2><p> Bir zamanlay\u0131c\u0131daki pivot tabloyu yenilemek i\u00e7in onu bir OLAP (\u00c7evrimi\u00e7i Analitik \u0130\u015fleme) pivotu yapmam\u0131z gerekir. Bu karma\u015f\u0131k g\u00f6r\u00fcn\u00fcyor mu? Cevab\u0131n\u0131z evet ise endi\u015felenmeyin. Onun ayr\u0131nt\u0131lar\u0131na girmeyece\u011fiz. OLAP pivot tablosu olu\u015fturmak i\u00e7in pivotu veri modeline eklemeniz yeterlidir.<\/p><ol><li> \u0130lk \u00f6nce Ekle \u2192 Pivot ile bir pivot tablo olu\u015fturun.<\/li><li> \u015eimdi onu bir OLAP pivotu yapmak i\u00e7in <strong>\u201cBu verileri veri modeline ekle\u201d<\/strong> kutusunu i\u015faretleyin. <br><img loading=\"lazy\" decoding=\"async\" title=\"14-i\u015faretli-bu-veri-veri-modeline-ekle\" src=\"https:\/\/exceladvisor.org\/wp-content\/uploads\/2023\/08\/14-coche-ajouter-ces-donnees-au-modele-de-donnees.png\" sizes=\"auto, \" srcset=\"\" alt=\"tick-mark-add-this-data-to-data-model\" width=\"463\" height=\"415\"><\/li><li> Oradan \u015feritteki <strong>Veri sekmesine<\/strong> t\u0131klay\u0131n ve <strong>\u201cSorgular ve Ba\u011flant\u0131lar<\/strong> \u201d\u0131 aray\u0131n. <br><img loading=\"lazy\" decoding=\"async\" title=\"15-veri-sekme-sorgu-ve-ba\u011flant\u0131lar\u0131\" src=\"https:\/\/exceladvisor.org\/wp-content\/uploads\/2023\/08\/15-sur-les-requetes-et-les-connexions-de-longlet-de-donnees.png\" sizes=\"auto, \" srcset=\"\" alt=\"on-data-tab-queries-and-connections\" width=\"536\" height=\"169\"><\/li><li> \u201c <strong>Sorgular ve Ba\u011flant\u0131lar<\/strong> \u201d butonuna t\u0131klad\u0131\u011f\u0131n\u0131zda elektronik tablonun sa\u011f taraf\u0131nda bir men\u00fc a\u00e7\u0131l\u0131r.<\/li><li> Burada <strong>ba\u011flant\u0131lara<\/strong> t\u0131klay\u0131n ve \u00f6zelliklere gitmek i\u00e7in ba\u011flant\u0131 \u00e7al\u0131\u015fma sayfas\u0131na sa\u011f t\u0131klay\u0131n. <br><img loading=\"lazy\" decoding=\"async\" title=\"16-isabet i\u00e7in oturum a\u00e7ma sayfas\u0131nda sa\u011f t\u0131klama \u00f6zellikleri\" src=\"https:\/\/exceladvisor.org\/wp-content\/uploads\/2023\/08\/16-cliquez-avec-le-bouton-droit-sur-la-feuille-de-travail-de-connexion-pour-acceder-aux-proprietes.png\" sizes=\"auto, \" srcset=\"\" alt=\"right-click-on-the-connection-worksheet-to-hit-properties\" width=\"289\" height=\"383\"><\/li><li> \u015eimdi &#8221; <strong>Ba\u011flant\u0131 \u00d6zellikleri<\/strong> &#8221; penceresinde &#8220;Kullan\u0131m&#8221; kategorisi alt\u0131ndaki &#8221; <strong>T\u00fcm\u00fcn\u00fc Yenile<\/strong> &#8221; se\u00e7ene\u011fini i\u015faretleyin ve pivot tabloyu yenilemek istedi\u011finiz zaman dilimini se\u00e7in. <br><img loading=\"lazy\" decoding=\"async\" title=\"17-her biri i\u00e7in yenilemeyi i\u015faretleyin\" src=\"https:\/\/exceladvisor.org\/wp-content\/uploads\/2023\/08\/17-cochez-lactualisation-tous-les.png\" sizes=\"auto, \" srcset=\"\" alt=\"tick-mark-the-refresh-every\" width=\"410\" height=\"497\"><\/li><\/ol><p> Ya\u015fas\u0131n!! Biz bitirdik. Art\u0131k d\u00f6nd\u00fcr\u00fclebilir \u00f6\u011fe otomatik olarak yenilenecek \u015fekilde ayarlanm\u0131\u015ft\u0131r.<\/p><h2 class=\"wp-block-heading\"> <strong>Birden \u00e7ok pivotu yenile<\/strong><\/h2><p> Birden fazla pivotu yenilemek, tek bir pivot tabloyu yenilemek kadar kolayd\u0131r. Tek bir veri kayna\u011f\u0131na ba\u011fl\u0131 birden fazla pivotunuz oldu\u011funda sihir gibi \u00e7al\u0131\u015f\u0131r. Verileri de\u011fi\u015ftirirseniz t\u00fcm pivot tablolar\u0131n\u0131z\u0131 yenilemek i\u00e7in bir d\u00fc\u011fmeye t\u0131klaman\u0131z yeterlidir.<\/p><p> Buraday\u0131z!!<\/p><ol><li> T\u00fcm pivot tablolar\u0131 yenilemek i\u00e7in \u015feritteki Veri sekmesine gidin.<\/li><li> <strong>Sorgular ve Ba\u011flant\u0131lar<\/strong> alt\u0131nda, k\u00fc\u00e7\u00fck T\u00fcm\u00fcn\u00fc Yenile a\u00e7\u0131l\u0131r d\u00fc\u011fmesini t\u0131klay\u0131n. <br><img loading=\"lazy\" decoding=\"async\" title=\"18 birden fazla pivot tabloyu yenileme\" src=\"https:\/\/exceladvisor.org\/wp-content\/uploads\/2023\/08\/18-actualiser-plusieurs-tableaux-croises-dynamiques.png\" sizes=\"auto, \" srcset=\"\" alt=\"refresh-multiple-pivot-tables\" width=\"535\" height=\"168\"><\/li><li> \u015eimdi <strong>T\u00fcm\u00fcn\u00fc Yenile&#8217;yi<\/strong> t\u0131klay\u0131n. Bu, t\u00fcm pivot tablolar\u0131 yenileyecektir. <br><img loading=\"lazy\" decoding=\"async\" title=\"19-t\u0131klama-hepsini yenile\" src=\"https:\/\/exceladvisor.org\/wp-content\/uploads\/2023\/08\/19-cliquez-sur-tout-actualiser.png\" sizes=\"auto, \" srcset=\"\" alt=\"click-on-refresh-all\" width=\"199\" height=\"215\"><\/li><\/ol><h2 class=\"wp-block-heading\"> <strong>Bi\u00e7imlendirmeyi de\u011fi\u015ftirmeden pivot tabloyu yenileme<\/strong><\/h2><p> \u015eu ana kadar pivot tablonun format\u0131n\u0131n her yenilemeden sonra de\u011fi\u015fti\u011fini fark ettiniz. Her yenilemeden sonra pivot tabloyu formatlarsan\u0131z bu makale stresinizi ve ekstra \u00e7al\u0131\u015fman\u0131z\u0131 hafifletecektir. Pivot tabloyu yeniledikten sonra bi\u00e7imlendirmeyi \u00f6nlemek i\u00e7in a\u015fa\u011f\u0131daki ad\u0131mlar\u0131 izleyin.<\/p><ol><li> \u00c7al\u0131\u015fma sayfan\u0131zda zaten bir pivot tablo olu\u015fturdu\u011funuzu varsayarsak, imlecinizi pivotun i\u00e7inde herhangi bir yere ta\u015f\u0131man\u0131z yeterlidir.<\/li><li> \u015eimdi sa\u011f t\u0131klay\u0131n ve \u201c <strong>Pivot Tablo Se\u00e7enekleri<\/strong> \u201d ne dokunun. <br><img loading=\"lazy\" decoding=\"async\" title=\"20-bi\u00e7imlendirmeyi de\u011fi\u015ftirmeden-yenileme-pivot-tablo\" src=\"https:\/\/exceladvisor.org\/wp-content\/uploads\/2023\/08\/20-actualiser-le-tableau-croise-dynamique-sans-modifier-la-mise-en-forme.png\" sizes=\"auto, \" srcset=\"\" alt=\"refresh-pivot-table-without-changing-formatting\" width=\"154\" height=\"327\"><\/li><li> \u015eimdi <strong>D\u00fczen ve Bi\u00e7im sekmesi<\/strong> alt\u0131nda son se\u00e7ene\u011fi i\u015faretleyin, yani \u201c <strong>G\u00fcncelleme s\u0131ras\u0131nda h\u00fccre bi\u00e7imlendirmesini koru\u201d.<\/strong> <br><img loading=\"lazy\" decoding=\"async\" title=\"G\u00fcncelleme s\u0131ras\u0131nda 21-i\u015faretli-koru-h\u00fccre-bi\u00e7imlendirme\" src=\"https:\/\/exceladvisor.org\/wp-content\/uploads\/2023\/08\/21-cocher-conserver-la-mise-en-forme-des-cellules-lors-de-la-mise-a-jour.png\" sizes=\"auto, \" srcset=\"\" alt=\"tick-preserve-cell-formatting-on-update\" width=\"432\" height=\"525\"><\/li><li> Sonunda <strong>Tamam&#8217;\u0131<\/strong> t\u0131klay\u0131n.<\/li><\/ol><p> Art\u0131k pivot tablonun format\u0131n\u0131n yenileme sonras\u0131nda de\u011fi\u015fmedi\u011fini fark edeceksiniz.<\/p><h2 class=\"wp-block-heading\"> Pivot tablo hakk\u0131nda daha fazla bilgi edinin<\/h2><ul><li style=\"font-size: 14px;\"> <a href=\"https:\/\/exceladvisor.org\/tr\/pivot-tabloyu-siralama\/\">Tablo pivot s\u0131ralamas\u0131<\/a><\/li><li style=\"font-size: 14px;\"> <a href=\"https:\/\/exceladvisor.org\/tr\/pivot-tabloyu-guncelleme\/\">Pivot tabloyu yenileme<\/a><\/li><li style=\"font-size: 14px;\"> <a href=\"https:\/\/exceladvisor.org\/tr\/klavye-kisayollari-1\/\">Pivot Tablo Klavye K\u0131sayollar\u0131<\/a><\/li><li style=\"font-size: 14px;\"> <a href=\"https:\/\/exceladvisor.org\/tr\/pivot-tabloyu-sil\/\">Pivot tabloyu silme<\/a><\/li><li style=\"font-size: 14px;\"> <a href=\"https:\/\/exceladvisor.org\/tr\/duzen\/\">Pivot tabloyu bi\u00e7imlendirme<\/a><\/li><\/ul>","protected":false},"excerpt":{"rendered":"","protected":false},"author":1,"featured_media":0,"parent":0,"menu_order":0,"comment_status":"open","ping_status":"closed","template":"","meta":{"ub_ctt_via":"","footnotes":""},"class_list":["post-2171","page","type-page","status-publish","hentry"],"featured_image_src":null,"yoast_head":"<!-- This site is optimized with the Yoast SEO plugin v25.4 - https:\/\/yoast.com\/wordpress\/plugins\/seo\/ -->\n<title>\u25b7 Pivot tablo nas\u0131l g\u00fcncellenir?<\/title>\n<meta name=\"description\" content=\"Bu \u00f6\u011freticide, size yard\u0131mc\u0131 olabilecek farkl\u0131 y\u00f6ntemleri kullanarak bir pivot tabloyu nas\u0131l yenileyece\u011finizi \u00f6\u011frenebilirsiniz.\" \/>\n<meta name=\"robots\" content=\"index, follow, max-snippet:-1, max-image-preview:large, max-video-preview:-1\" \/>\n<link rel=\"canonical\" href=\"https:\/\/exceladvisor.org\/tr\/pivot-tabloyu-guncelleme\/\" \/>\n<meta property=\"og:locale\" content=\"tr_TR\" \/>\n<meta property=\"og:type\" content=\"article\" \/>\n<meta property=\"og:title\" content=\"\u25b7 Pivot tablo nas\u0131l g\u00fcncellenir?\" \/>\n<meta property=\"og:description\" content=\"Bu \u00f6\u011freticide, size yard\u0131mc\u0131 olabilecek farkl\u0131 y\u00f6ntemleri kullanarak bir pivot tabloyu nas\u0131l yenileyece\u011finizi \u00f6\u011frenebilirsiniz.\" \/>\n<meta property=\"og:url\" content=\"https:\/\/exceladvisor.org\/tr\/pivot-tabloyu-guncelleme\/\" \/>\n<meta property=\"og:site_name\" content=\"Excel Advisor\" \/>\n<meta property=\"article:modified_time\" content=\"2023-12-10T06:04:54+00:00\" \/>\n<meta property=\"og:image\" content=\"https:\/\/exceladvisor.org\/wp-content\/uploads\/2023\/08\/1-tableau-croise-dynamique-densemble-de-donnees.png\" \/>\n<meta name=\"twitter:card\" content=\"summary_large_image\" \/>\n<meta name=\"twitter:label1\" content=\"Tahmini okuma s\u00fcresi\" \/>\n\t<meta name=\"twitter:data1\" content=\"4 dakika\" \/>\n<script type=\"application\/ld+json\" class=\"yoast-schema-graph\">{\"@context\":\"https:\/\/schema.org\",\"@graph\":[{\"@type\":\"WebPage\",\"@id\":\"https:\/\/exceladvisor.org\/tr\/pivot-tabloyu-guncelleme\/\",\"url\":\"https:\/\/exceladvisor.org\/tr\/pivot-tabloyu-guncelleme\/\",\"name\":\"\u25b7 Pivot tablo nas\u0131l g\u00fcncellenir?\",\"isPartOf\":{\"@id\":\"https:\/\/exceladvisor.org\/tr\/#website\"},\"primaryImageOfPage\":{\"@id\":\"https:\/\/exceladvisor.org\/tr\/pivot-tabloyu-guncelleme\/#primaryimage\"},\"image\":{\"@id\":\"https:\/\/exceladvisor.org\/tr\/pivot-tabloyu-guncelleme\/#primaryimage\"},\"thumbnailUrl\":\"https:\/\/exceladvisor.org\/wp-content\/uploads\/2023\/08\/1-tableau-croise-dynamique-densemble-de-donnees.png\",\"datePublished\":\"2023-09-26T07:07:25+00:00\",\"dateModified\":\"2023-12-10T06:04:54+00:00\",\"description\":\"Bu \u00f6\u011freticide, size yard\u0131mc\u0131 olabilecek farkl\u0131 y\u00f6ntemleri kullanarak bir pivot tabloyu nas\u0131l yenileyece\u011finizi \u00f6\u011frenebilirsiniz.\",\"breadcrumb\":{\"@id\":\"https:\/\/exceladvisor.org\/tr\/pivot-tabloyu-guncelleme\/#breadcrumb\"},\"inLanguage\":\"tr\",\"potentialAction\":[{\"@type\":\"ReadAction\",\"target\":[\"https:\/\/exceladvisor.org\/tr\/pivot-tabloyu-guncelleme\/\"]}]},{\"@type\":\"ImageObject\",\"inLanguage\":\"tr\",\"@id\":\"https:\/\/exceladvisor.org\/tr\/pivot-tabloyu-guncelleme\/#primaryimage\",\"url\":\"https:\/\/exceladvisor.org\/wp-content\/uploads\/2023\/08\/1-tableau-croise-dynamique-densemble-de-donnees.png\",\"contentUrl\":\"https:\/\/exceladvisor.org\/wp-content\/uploads\/2023\/08\/1-tableau-croise-dynamique-densemble-de-donnees.png\"},{\"@type\":\"BreadcrumbList\",\"@id\":\"https:\/\/exceladvisor.org\/tr\/pivot-tabloyu-guncelleme\/#breadcrumb\",\"itemListElement\":[{\"@type\":\"ListItem\",\"position\":1,\"name\":\"Ev\",\"item\":\"https:\/\/exceladvisor.org\/tr\/\"},{\"@type\":\"ListItem\",\"position\":2,\"name\":\"Pivot tablo nas\u0131l yenilenir?\"}]},{\"@type\":\"WebSite\",\"@id\":\"https:\/\/exceladvisor.org\/tr\/#website\",\"url\":\"https:\/\/exceladvisor.org\/tr\/\",\"name\":\"Excel Advisor\",\"description\":\"Veri hakimiyetine y\u00f6nelik nihai rehberiniz!\",\"publisher\":{\"@id\":\"https:\/\/exceladvisor.org\/tr\/#organization\"},\"potentialAction\":[{\"@type\":\"SearchAction\",\"target\":{\"@type\":\"EntryPoint\",\"urlTemplate\":\"https:\/\/exceladvisor.org\/tr\/?s={search_term_string}\"},\"query-input\":{\"@type\":\"PropertyValueSpecification\",\"valueRequired\":true,\"valueName\":\"search_term_string\"}}],\"inLanguage\":\"tr\"},{\"@type\":\"Organization\",\"@id\":\"https:\/\/exceladvisor.org\/tr\/#organization\",\"name\":\"Excel Advisor\",\"url\":\"https:\/\/exceladvisor.org\/tr\/\",\"logo\":{\"@type\":\"ImageObject\",\"inLanguage\":\"tr\",\"@id\":\"https:\/\/exceladvisor.org\/tr\/#\/schema\/logo\/image\/\",\"url\":\"https:\/\/exceladvisor.org\/tr\/wp-content\/uploads\/2023\/12\/exceladvisor.org_.png\",\"contentUrl\":\"https:\/\/exceladvisor.org\/tr\/wp-content\/uploads\/2023\/12\/exceladvisor.org_.png\",\"width\":105,\"height\":36,\"caption\":\"Excel Advisor\"},\"image\":{\"@id\":\"https:\/\/exceladvisor.org\/tr\/#\/schema\/logo\/image\/\"}}]}<\/script>\n<!-- \/ Yoast SEO plugin. -->","yoast_head_json":{"title":"\u25b7 Pivot tablo nas\u0131l g\u00fcncellenir?","description":"Bu \u00f6\u011freticide, size yard\u0131mc\u0131 olabilecek farkl\u0131 y\u00f6ntemleri kullanarak bir pivot tabloyu nas\u0131l yenileyece\u011finizi \u00f6\u011frenebilirsiniz.","robots":{"index":"index","follow":"follow","max-snippet":"max-snippet:-1","max-image-preview":"max-image-preview:large","max-video-preview":"max-video-preview:-1"},"canonical":"https:\/\/exceladvisor.org\/tr\/pivot-tabloyu-guncelleme\/","og_locale":"tr_TR","og_type":"article","og_title":"\u25b7 Pivot tablo nas\u0131l g\u00fcncellenir?","og_description":"Bu \u00f6\u011freticide, size yard\u0131mc\u0131 olabilecek farkl\u0131 y\u00f6ntemleri kullanarak bir pivot tabloyu nas\u0131l yenileyece\u011finizi \u00f6\u011frenebilirsiniz.","og_url":"https:\/\/exceladvisor.org\/tr\/pivot-tabloyu-guncelleme\/","og_site_name":"Excel Advisor","article_modified_time":"2023-12-10T06:04:54+00:00","og_image":[{"url":"https:\/\/exceladvisor.org\/wp-content\/uploads\/2023\/08\/1-tableau-croise-dynamique-densemble-de-donnees.png","type":"","width":"","height":""}],"twitter_card":"summary_large_image","twitter_misc":{"Tahmini okuma s\u00fcresi":"4 dakika"},"schema":{"@context":"https:\/\/schema.org","@graph":[{"@type":"WebPage","@id":"https:\/\/exceladvisor.org\/tr\/pivot-tabloyu-guncelleme\/","url":"https:\/\/exceladvisor.org\/tr\/pivot-tabloyu-guncelleme\/","name":"\u25b7 Pivot tablo nas\u0131l g\u00fcncellenir?","isPartOf":{"@id":"https:\/\/exceladvisor.org\/tr\/#website"},"primaryImageOfPage":{"@id":"https:\/\/exceladvisor.org\/tr\/pivot-tabloyu-guncelleme\/#primaryimage"},"image":{"@id":"https:\/\/exceladvisor.org\/tr\/pivot-tabloyu-guncelleme\/#primaryimage"},"thumbnailUrl":"https:\/\/exceladvisor.org\/wp-content\/uploads\/2023\/08\/1-tableau-croise-dynamique-densemble-de-donnees.png","datePublished":"2023-09-26T07:07:25+00:00","dateModified":"2023-12-10T06:04:54+00:00","description":"Bu \u00f6\u011freticide, size yard\u0131mc\u0131 olabilecek farkl\u0131 y\u00f6ntemleri kullanarak bir pivot tabloyu nas\u0131l yenileyece\u011finizi \u00f6\u011frenebilirsiniz.","breadcrumb":{"@id":"https:\/\/exceladvisor.org\/tr\/pivot-tabloyu-guncelleme\/#breadcrumb"},"inLanguage":"tr","potentialAction":[{"@type":"ReadAction","target":["https:\/\/exceladvisor.org\/tr\/pivot-tabloyu-guncelleme\/"]}]},{"@type":"ImageObject","inLanguage":"tr","@id":"https:\/\/exceladvisor.org\/tr\/pivot-tabloyu-guncelleme\/#primaryimage","url":"https:\/\/exceladvisor.org\/wp-content\/uploads\/2023\/08\/1-tableau-croise-dynamique-densemble-de-donnees.png","contentUrl":"https:\/\/exceladvisor.org\/wp-content\/uploads\/2023\/08\/1-tableau-croise-dynamique-densemble-de-donnees.png"},{"@type":"BreadcrumbList","@id":"https:\/\/exceladvisor.org\/tr\/pivot-tabloyu-guncelleme\/#breadcrumb","itemListElement":[{"@type":"ListItem","position":1,"name":"Ev","item":"https:\/\/exceladvisor.org\/tr\/"},{"@type":"ListItem","position":2,"name":"Pivot tablo nas\u0131l yenilenir?"}]},{"@type":"WebSite","@id":"https:\/\/exceladvisor.org\/tr\/#website","url":"https:\/\/exceladvisor.org\/tr\/","name":"Excel Advisor","description":"Veri hakimiyetine y\u00f6nelik nihai rehberiniz!","publisher":{"@id":"https:\/\/exceladvisor.org\/tr\/#organization"},"potentialAction":[{"@type":"SearchAction","target":{"@type":"EntryPoint","urlTemplate":"https:\/\/exceladvisor.org\/tr\/?s={search_term_string}"},"query-input":{"@type":"PropertyValueSpecification","valueRequired":true,"valueName":"search_term_string"}}],"inLanguage":"tr"},{"@type":"Organization","@id":"https:\/\/exceladvisor.org\/tr\/#organization","name":"Excel Advisor","url":"https:\/\/exceladvisor.org\/tr\/","logo":{"@type":"ImageObject","inLanguage":"tr","@id":"https:\/\/exceladvisor.org\/tr\/#\/schema\/logo\/image\/","url":"https:\/\/exceladvisor.org\/tr\/wp-content\/uploads\/2023\/12\/exceladvisor.org_.png","contentUrl":"https:\/\/exceladvisor.org\/tr\/wp-content\/uploads\/2023\/12\/exceladvisor.org_.png","width":105,"height":36,"caption":"Excel Advisor"},"image":{"@id":"https:\/\/exceladvisor.org\/tr\/#\/schema\/logo\/image\/"}}]}},"yoast_meta":{"yoast_wpseo_title":"","yoast_wpseo_metadesc":"","yoast_wpseo_canonical":""},"_links":{"self":[{"href":"https:\/\/exceladvisor.org\/tr\/wp-json\/wp\/v2\/pages\/2171","targetHints":{"allow":["GET"]}}],"collection":[{"href":"https:\/\/exceladvisor.org\/tr\/wp-json\/wp\/v2\/pages"}],"about":[{"href":"https:\/\/exceladvisor.org\/tr\/wp-json\/wp\/v2\/types\/page"}],"author":[{"embeddable":true,"href":"https:\/\/exceladvisor.org\/tr\/wp-json\/wp\/v2\/users\/1"}],"replies":[{"embeddable":true,"href":"https:\/\/exceladvisor.org\/tr\/wp-json\/wp\/v2\/comments?post=2171"}],"version-history":[{"count":1,"href":"https:\/\/exceladvisor.org\/tr\/wp-json\/wp\/v2\/pages\/2171\/revisions"}],"predecessor-version":[{"id":2773,"href":"https:\/\/exceladvisor.org\/tr\/wp-json\/wp\/v2\/pages\/2171\/revisions\/2773"}],"wp:attachment":[{"href":"https:\/\/exceladvisor.org\/tr\/wp-json\/wp\/v2\/media?parent=2171"}],"curies":[{"name":"wp","href":"https:\/\/api.w.org\/{rel}","templated":true}]}}