{"id":2172,"date":"2023-09-26T05:54:25","date_gmt":"2023-09-26T05:54:25","guid":{"rendered":"https:\/\/exceladvisor.org\/tr\/ozel-tarih-formatlari\/"},"modified":"2023-12-10T06:00:04","modified_gmt":"2023-12-10T06:00:04","slug":"ozel-tarih-formatlari","status":"publish","type":"page","link":"https:\/\/exceladvisor.org\/tr\/ozel-tarih-formatlari\/","title":{"rendered":"Excel&#39;de 5 \u00f6zel tarih format\u0131"},"content":{"rendered":"<div class=\"excel-icerikten-once\" id=\"excel-121706312\"><script type=\"text\/javascript\">\r\n\tatOptions = {\r\n\t\t'key' : 'c1158f160081d6540a8409e6925dab94',\r\n\t\t'format' : 'iframe',\r\n\t\t'height' : 250,\r\n\t\t'width' : 300,\r\n\t\t'params' : {}\r\n\t};\r\n<\/script>\r\n<script type=\"text\/javascript\" src=\"\/\/www.highperformanceformat.com\/c1158f160081d6540a8409e6925dab94\/invoke.js\"><\/script><\/div> <p>Bazen standart tarih formatlar\u0131na uymayan \u00f6zel bir tarih format\u0131 kullanmam\u0131z gerekebilir. Bildi\u011finiz gibi, normal bir tarih seri numaras\u0131yla \u00f6zel bir tarih olu\u015fturabilmeniz i\u00e7in \u00f6zel bi\u00e7imlendirmeye sahip oldu\u011fumuz i\u00e7in \u015fansl\u0131y\u0131z.<\/p><p> \u00d6zel bi\u00e7imin avantaj\u0131, ger\u00e7ek tarihin seri numaras\u0131n\u0131 de\u011fi\u015ftirmenize gerek olmamas\u0131d\u0131r; bu, hesaplamalarda bu tarihlerin ayr\u0131nt\u0131lar\u0131na inebilece\u011finiz anlam\u0131na gelir.<\/p><p> Bu nedenle bug\u00fcn, tarihleri benzersiz bir \u015fekilde sunman\u0131za yard\u0131mc\u0131 olabilecek favori \u00f6zel tarih formatlar\u0131mdan baz\u0131lar\u0131n\u0131 sizinle payla\u015fmak istiyorum.<\/p><h2 class=\"wp-block-heading\"> Bu \u00f6zel tarih formatlar\u0131 nas\u0131l kullan\u0131l\u0131r?<\/h2><p> Yukar\u0131da bahsetti\u011fim t\u00fcm formatlar i\u00e7in a\u015fa\u011f\u0131daki ad\u0131mlar\u0131 takip etmeniz gerekmektedir.<\/p><ol><li> Bi\u00e7imi uygulamak istedi\u011finiz h\u00fccreyi se\u00e7in.<\/li><li> \u015eimdi sa\u011f t\u0131klay\u0131n ve \u201cH\u00fccreyi Bi\u00e7imlendir\u201d se\u00e7ene\u011fini se\u00e7in. Veya <a href=\"https:\/\/exceladvisor.org\/tr\/acik-formatli-hucre-secenekleri\/\">H\u00fccreleri Bi\u00e7imlendir se\u00e7eneklerini a\u00e7mak i\u00e7in Ctrl + 1<\/a> klavye k\u0131sayolunu da kullanabilirsiniz.<\/li><li> Bundan sonra \u00f6zel se\u00e7ene\u011fini se\u00e7in ve giri\u015f \u00e7ubu\u011funa format\u0131 girin ve Tamam&#8217;a t\u0131klay\u0131n. <\/li><\/ol><div class=\"wp-block-image\"><figure class=\"aligncenter\"><img decoding=\"async\" src=\"https:\/\/exceladvisor.org\/wp-content\/uploads\/2023\/08\/ajouter-un-format-personnalise-a-loption-de-format-de-cellule.png\" sizes=\"\" srcset=\"\" alt=\"h\u00fccre bi\u00e7imi se\u00e7ene\u011fine \u00f6zel bi\u00e7im ekle\"><\/figure><\/div><h2 class=\"wp-block-heading\"> G\u00fcn\u00fcn ad\u0131<\/h2><p> Bu benim favorim. Yaln\u0131zca g\u00fcn ad\u0131n\u0131 almak istedi\u011finiz belirli tarihler \u00fczerinde \u00e7al\u0131\u015f\u0131yorsan\u0131z bu \u00f6zel tarih bi\u00e7imi size yard\u0131mc\u0131 olabilir. <\/p><pre class=\"wp-block-code\"> <code class=\"language-excel-formula\" lang=\"excel-formula\">\"It's\" dddd<\/code><\/pre><div class=\"wp-block-image\"><figure class=\"aligncenter\"><img decoding=\"async\" src=\"https:\/\/exceladvisor.org\/wp-content\/uploads\/2023\/08\/nom-du-jour-format-de-date-personnalise-dans-excel.gif\" sizes=\"\" srcset=\"\" alt=\"excel'de g\u00fcn ad\u0131 \u00f6zel tarih bi\u00e7imi\"><\/figure><\/div><p> Ve g\u00fcn\u00fcn ad\u0131n\u0131 k\u0131sa formda almak istiyorsan\u0131z a\u015fa\u011f\u0131daki format\u0131 kullanabilirsiniz.<\/p><pre class=\"wp-block-code\"> <code class=\"language-Visual Basic\" lang=\"Visual Basic\">\"It's\" ddd<\/code><\/pre><h2 class=\"wp-block-heading\"> G\u00fcn\u00fcn say\u0131s\u0131<\/h2><p> T\u0131pk\u0131 g\u00fcn ad\u0131nda oldu\u011fu gibi g\u00fcn numaras\u0131n\u0131 da almak istiyorsan\u0131z bu \u00f6zel format\u0131 kullanabilirsiniz. <\/p><pre class=\"wp-block-code\"> <code class=\"language-Visual Basic\" lang=\"Visual Basic\">\"Day\" d<\/code><\/pre><div class=\"wp-block-image\"><figure class=\"aligncenter\"><img decoding=\"async\" src=\"https:\/\/exceladvisor.org\/wp-content\/uploads\/2023\/08\/un-numero-de-jour-avec-un-format-de-date-personnalise.gif\" sizes=\"\" srcset=\"\" alt=\"\u00f6zel tarih format\u0131na sahip bir g\u00fcn numaras\u0131\"><\/figure><\/div><h2 class=\"wp-block-heading\"> Ay\u0131n ad\u0131<\/h2><p> Bu \u00f6zel tarih bi\u00e7imi, tarih de\u011feriniz i\u00e7in ay ad\u0131n\u0131 alman\u0131za yard\u0131mc\u0131 olacakt\u0131r. Ayr\u0131ca ihtiyac\u0131n\u0131za g\u00f6re \u00f6zel metin de ekleyebilirsiniz. <\/p><pre class=\"wp-block-code\"> <code class=\"language-Visual Basic\" lang=\"Visual Basic\">\"Current Month is:\" mmmm<\/code><\/pre><div class=\"wp-block-image\"><figure class=\"aligncenter\"><img decoding=\"async\" src=\"https:\/\/exceladvisor.org\/wp-content\/uploads\/2023\/08\/un-nom-de-mois-complet-avec-un-format-personnalise.png\" sizes=\"\" srcset=\"\" alt=\"\u00f6zel formatta tam ay ad\u0131\"><\/figure><\/div><h2 class=\"wp-block-heading\"> G\u00fcn ad\u0131 ile tarih<\/h2><p> Bu format, sonunda g\u00fcn ad\u0131 bulunan bir tarih konusunda size yard\u0131mc\u0131 olur. <\/p><pre class=\"wp-block-code\"> <code class=\"language-Visual Basic\" lang=\"Visual Basic\">dd-mmm-yyyy (ddd)<\/code><\/pre><div class=\"wp-block-image\"><figure class=\"aligncenter\"><img decoding=\"async\" src=\"https:\/\/exceladvisor.org\/wp-content\/uploads\/2023\/08\/une-date-simple-avec-le-nom-du-jour-avec-un-format-personnalise.png\" sizes=\"\" srcset=\"\" alt=\"\u00f6zel formatta g\u00fcn\u00fcn ad\u0131n\u0131 i\u00e7eren basit bir tarih\"><\/figure><\/div><h2 class=\"wp-block-heading\"> Uzun metin tarihi<\/h2><p> Uzun metin verileri istiyorsan\u0131z bunu a\u015fa\u011f\u0131daki format\u0131 kullanarak yapabilirsiniz. <\/p><pre class=\"wp-block-code\"> <code class=\"language-Visual Basic\" lang=\"Visual Basic\">\"Today is Day\" d\", Month\" m \"&amp; Year\" yyyy.<\/code><\/pre><div class=\"wp-block-image\"><figure class=\"aligncenter\"><img decoding=\"async\" src=\"https:\/\/exceladvisor.org\/wp-content\/uploads\/2023\/08\/une-longue-date-textuelle-avec-un-format-personnalise.png\" sizes=\"\" srcset=\"\" alt=\"\u00f6zel formatta uzun bir metin tarihi\"><\/figure><\/div><p> \u015eimdi bana bir \u015fey s\u00f6yle. <strong>Kulland\u0131\u011f\u0131n\u0131z bir format var m\u0131<\/strong> ? Yorumlar k\u0131sm\u0131nda benimle payla\u015f\u0131n.<\/p><div class=\"gb-container gb-container-0df56012 gb-container-mt\"> <a class=\"gb-button gb-button-f9f432f4 gb-button-text gb-button-mt-button\" href=\"https:\/\/exceladvisor.org\/tr\/formuller\/\">Excel form\u00fcllerinin listesi<\/a><h2 class=\"gb-headline gb-headline-233444e8 gb-headline-text gb-headline-mt-heading\"> \u0130lgili form\u00fcller <\/h2><div class=\"gb-grid-wrapper gb-grid-wrapper-a16fa65c gb-grid-wrapper-mt-grid\"><div class=\"gb-grid-column gb-grid-column-50d07e0d\"><div class=\"gb-container gb-container-50d07e0d\"><ul><li> <a href=\"https:\/\/exceladvisor.org\/tr\/iki-tarihi-karsilastir\/\">Excel&#8217;de iki tarihi kar\u015f\u0131la\u015ft\u0131r\u0131n<\/a><\/li><li> <a href=\"https:\/\/exceladvisor.org\/tr\/tarihi-sayiya-donustur\/\">Excel&#8217;de tarihi say\u0131ya d\u00f6n\u00fc\u015ft\u00fcr\u00fcn<\/a><\/li><li> <a href=\"https:\/\/exceladvisor.org\/tr\/bugune-kadarki-metin\/\">Excel&#8217;de metni tarihe d\u00f6n\u00fc\u015ft\u00fcrme<\/a><\/li><li> <a href=\"https:\/\/exceladvisor.org\/tr\/tarih-araligi\/\">Excel&#8217;de tarih aral\u0131\u011f\u0131 olu\u015fturma<\/a> <\/li><\/ul><\/div><\/div><div class=\"gb-grid-column gb-grid-column-5b4a0cf9\"><div class=\"gb-container gb-container-5b4a0cf9\"><ul><li> <a href=\"https:\/\/exceladvisor.org\/tr\/iki-tarih-arasini-vurgulama\/\">Excel&#8217;de iki tarih aras\u0131ndaki tarihleri vurgulay\u0131n<\/a><\/li><li> <a href=\"https:\/\/exceladvisor.org\/tr\/iki-tarihi-birlestir\/\">Excel&#8217;de iki tarihi h\u0131zla birle\u015ftirme<\/a><\/li><li> <a href=\"https:\/\/exceladvisor.org\/tr\/rastgele-tarih-olusturucu\/\">Excel&#8217;de Rastgele Tarih Olu\u015fturucu (Excel Form\u00fcl\u00fc)<\/a><\/li><li> <a href=\"https:\/\/exceladvisor.org\/tr\/tarih-ve-saati-birlestir\/\">Excel&#8217;de tarih ve saati birle\u015ftirme<\/a><\/li><\/ul><\/div><\/div><\/div><\/div>","protected":false},"excerpt":{"rendered":"","protected":false},"author":1,"featured_media":0,"parent":0,"menu_order":0,"comment_status":"open","ping_status":"closed","template":"","meta":{"ub_ctt_via":"","footnotes":""},"class_list":["post-2172","page","type-page","status-publish","hentry"],"featured_image_src":null,"yoast_head":"<!-- This site is optimized with the Yoast SEO plugin v25.4 - https:\/\/yoast.com\/wordpress\/plugins\/seo\/ -->\n<title>\u25b7 Excel&#039;de 5 \u00d6zel Tarih Format\u0131 (En Son 2023)<\/title>\n<meta name=\"description\" content=\"Bu makalede baz\u0131 yararl\u0131 \u00f6zel tarih formatlar\u0131n\u0131 \u00f6\u011freneceksiniz. Tarihlerinizi g\u00f6r\u00fcnt\u00fclemek i\u00e7in bu formatlar\u0131 kullanabilirsiniz...\" \/>\n<meta name=\"robots\" content=\"index, follow, max-snippet:-1, max-image-preview:large, max-video-preview:-1\" \/>\n<link rel=\"canonical\" href=\"https:\/\/exceladvisor.org\/tr\/ozel-tarih-formatlari\/\" \/>\n<meta property=\"og:locale\" content=\"tr_TR\" \/>\n<meta property=\"og:type\" content=\"article\" \/>\n<meta property=\"og:title\" content=\"\u25b7 Excel&#039;de 5 \u00d6zel Tarih Format\u0131 (En Son 2023)\" \/>\n<meta property=\"og:description\" content=\"Bu makalede baz\u0131 yararl\u0131 \u00f6zel tarih formatlar\u0131n\u0131 \u00f6\u011freneceksiniz. Tarihlerinizi g\u00f6r\u00fcnt\u00fclemek i\u00e7in bu formatlar\u0131 kullanabilirsiniz...\" \/>\n<meta property=\"og:url\" content=\"https:\/\/exceladvisor.org\/tr\/ozel-tarih-formatlari\/\" \/>\n<meta property=\"og:site_name\" content=\"Excel Advisor\" \/>\n<meta property=\"article:modified_time\" content=\"2023-12-10T06:00:04+00:00\" \/>\n<meta property=\"og:image\" content=\"https:\/\/exceladvisor.org\/wp-content\/uploads\/2023\/08\/ajouter-un-format-personnalise-a-loption-de-format-de-cellule.png\" \/>\n<meta name=\"twitter:card\" content=\"summary_large_image\" \/>\n<meta name=\"twitter:label1\" content=\"Tahmini okuma s\u00fcresi\" \/>\n\t<meta name=\"twitter:data1\" content=\"2 dakika\" \/>\n<script type=\"application\/ld+json\" class=\"yoast-schema-graph\">{\"@context\":\"https:\/\/schema.org\",\"@graph\":[{\"@type\":\"WebPage\",\"@id\":\"https:\/\/exceladvisor.org\/tr\/ozel-tarih-formatlari\/\",\"url\":\"https:\/\/exceladvisor.org\/tr\/ozel-tarih-formatlari\/\",\"name\":\"\u25b7 Excel&#39;de 5 \u00d6zel Tarih Format\u0131 (En Son 2023)\",\"isPartOf\":{\"@id\":\"https:\/\/exceladvisor.org\/tr\/#website\"},\"primaryImageOfPage\":{\"@id\":\"https:\/\/exceladvisor.org\/tr\/ozel-tarih-formatlari\/#primaryimage\"},\"image\":{\"@id\":\"https:\/\/exceladvisor.org\/tr\/ozel-tarih-formatlari\/#primaryimage\"},\"thumbnailUrl\":\"https:\/\/exceladvisor.org\/wp-content\/uploads\/2023\/08\/ajouter-un-format-personnalise-a-loption-de-format-de-cellule.png\",\"datePublished\":\"2023-09-26T05:54:25+00:00\",\"dateModified\":\"2023-12-10T06:00:04+00:00\",\"description\":\"Bu makalede baz\u0131 yararl\u0131 \u00f6zel tarih formatlar\u0131n\u0131 \u00f6\u011freneceksiniz. Tarihlerinizi g\u00f6r\u00fcnt\u00fclemek i\u00e7in bu formatlar\u0131 kullanabilirsiniz...\",\"breadcrumb\":{\"@id\":\"https:\/\/exceladvisor.org\/tr\/ozel-tarih-formatlari\/#breadcrumb\"},\"inLanguage\":\"tr\",\"potentialAction\":[{\"@type\":\"ReadAction\",\"target\":[\"https:\/\/exceladvisor.org\/tr\/ozel-tarih-formatlari\/\"]}]},{\"@type\":\"ImageObject\",\"inLanguage\":\"tr\",\"@id\":\"https:\/\/exceladvisor.org\/tr\/ozel-tarih-formatlari\/#primaryimage\",\"url\":\"https:\/\/exceladvisor.org\/wp-content\/uploads\/2023\/08\/ajouter-un-format-personnalise-a-loption-de-format-de-cellule.png\",\"contentUrl\":\"https:\/\/exceladvisor.org\/wp-content\/uploads\/2023\/08\/ajouter-un-format-personnalise-a-loption-de-format-de-cellule.png\"},{\"@type\":\"BreadcrumbList\",\"@id\":\"https:\/\/exceladvisor.org\/tr\/ozel-tarih-formatlari\/#breadcrumb\",\"itemListElement\":[{\"@type\":\"ListItem\",\"position\":1,\"name\":\"Ev\",\"item\":\"https:\/\/exceladvisor.org\/tr\/\"},{\"@type\":\"ListItem\",\"position\":2,\"name\":\"Excel&#39;de 5 \u00f6zel tarih format\u0131\"}]},{\"@type\":\"WebSite\",\"@id\":\"https:\/\/exceladvisor.org\/tr\/#website\",\"url\":\"https:\/\/exceladvisor.org\/tr\/\",\"name\":\"Excel Advisor\",\"description\":\"Veri hakimiyetine y\u00f6nelik nihai rehberiniz!\",\"publisher\":{\"@id\":\"https:\/\/exceladvisor.org\/tr\/#organization\"},\"potentialAction\":[{\"@type\":\"SearchAction\",\"target\":{\"@type\":\"EntryPoint\",\"urlTemplate\":\"https:\/\/exceladvisor.org\/tr\/?s={search_term_string}\"},\"query-input\":{\"@type\":\"PropertyValueSpecification\",\"valueRequired\":true,\"valueName\":\"search_term_string\"}}],\"inLanguage\":\"tr\"},{\"@type\":\"Organization\",\"@id\":\"https:\/\/exceladvisor.org\/tr\/#organization\",\"name\":\"Excel Advisor\",\"url\":\"https:\/\/exceladvisor.org\/tr\/\",\"logo\":{\"@type\":\"ImageObject\",\"inLanguage\":\"tr\",\"@id\":\"https:\/\/exceladvisor.org\/tr\/#\/schema\/logo\/image\/\",\"url\":\"https:\/\/exceladvisor.org\/tr\/wp-content\/uploads\/2023\/12\/exceladvisor.org_.png\",\"contentUrl\":\"https:\/\/exceladvisor.org\/tr\/wp-content\/uploads\/2023\/12\/exceladvisor.org_.png\",\"width\":105,\"height\":36,\"caption\":\"Excel Advisor\"},\"image\":{\"@id\":\"https:\/\/exceladvisor.org\/tr\/#\/schema\/logo\/image\/\"}}]}<\/script>\n<!-- \/ Yoast SEO plugin. -->","yoast_head_json":{"title":"\u25b7 Excel&#39;de 5 \u00d6zel Tarih Format\u0131 (En Son 2023)","description":"Bu makalede baz\u0131 yararl\u0131 \u00f6zel tarih formatlar\u0131n\u0131 \u00f6\u011freneceksiniz. Tarihlerinizi g\u00f6r\u00fcnt\u00fclemek i\u00e7in bu formatlar\u0131 kullanabilirsiniz...","robots":{"index":"index","follow":"follow","max-snippet":"max-snippet:-1","max-image-preview":"max-image-preview:large","max-video-preview":"max-video-preview:-1"},"canonical":"https:\/\/exceladvisor.org\/tr\/ozel-tarih-formatlari\/","og_locale":"tr_TR","og_type":"article","og_title":"\u25b7 Excel&#39;de 5 \u00d6zel Tarih Format\u0131 (En Son 2023)","og_description":"Bu makalede baz\u0131 yararl\u0131 \u00f6zel tarih formatlar\u0131n\u0131 \u00f6\u011freneceksiniz. Tarihlerinizi g\u00f6r\u00fcnt\u00fclemek i\u00e7in bu formatlar\u0131 kullanabilirsiniz...","og_url":"https:\/\/exceladvisor.org\/tr\/ozel-tarih-formatlari\/","og_site_name":"Excel Advisor","article_modified_time":"2023-12-10T06:00:04+00:00","og_image":[{"url":"https:\/\/exceladvisor.org\/wp-content\/uploads\/2023\/08\/ajouter-un-format-personnalise-a-loption-de-format-de-cellule.png","type":"","width":"","height":""}],"twitter_card":"summary_large_image","twitter_misc":{"Tahmini okuma s\u00fcresi":"2 dakika"},"schema":{"@context":"https:\/\/schema.org","@graph":[{"@type":"WebPage","@id":"https:\/\/exceladvisor.org\/tr\/ozel-tarih-formatlari\/","url":"https:\/\/exceladvisor.org\/tr\/ozel-tarih-formatlari\/","name":"\u25b7 Excel&#39;de 5 \u00d6zel Tarih Format\u0131 (En Son 2023)","isPartOf":{"@id":"https:\/\/exceladvisor.org\/tr\/#website"},"primaryImageOfPage":{"@id":"https:\/\/exceladvisor.org\/tr\/ozel-tarih-formatlari\/#primaryimage"},"image":{"@id":"https:\/\/exceladvisor.org\/tr\/ozel-tarih-formatlari\/#primaryimage"},"thumbnailUrl":"https:\/\/exceladvisor.org\/wp-content\/uploads\/2023\/08\/ajouter-un-format-personnalise-a-loption-de-format-de-cellule.png","datePublished":"2023-09-26T05:54:25+00:00","dateModified":"2023-12-10T06:00:04+00:00","description":"Bu makalede baz\u0131 yararl\u0131 \u00f6zel tarih formatlar\u0131n\u0131 \u00f6\u011freneceksiniz. Tarihlerinizi g\u00f6r\u00fcnt\u00fclemek i\u00e7in bu formatlar\u0131 kullanabilirsiniz...","breadcrumb":{"@id":"https:\/\/exceladvisor.org\/tr\/ozel-tarih-formatlari\/#breadcrumb"},"inLanguage":"tr","potentialAction":[{"@type":"ReadAction","target":["https:\/\/exceladvisor.org\/tr\/ozel-tarih-formatlari\/"]}]},{"@type":"ImageObject","inLanguage":"tr","@id":"https:\/\/exceladvisor.org\/tr\/ozel-tarih-formatlari\/#primaryimage","url":"https:\/\/exceladvisor.org\/wp-content\/uploads\/2023\/08\/ajouter-un-format-personnalise-a-loption-de-format-de-cellule.png","contentUrl":"https:\/\/exceladvisor.org\/wp-content\/uploads\/2023\/08\/ajouter-un-format-personnalise-a-loption-de-format-de-cellule.png"},{"@type":"BreadcrumbList","@id":"https:\/\/exceladvisor.org\/tr\/ozel-tarih-formatlari\/#breadcrumb","itemListElement":[{"@type":"ListItem","position":1,"name":"Ev","item":"https:\/\/exceladvisor.org\/tr\/"},{"@type":"ListItem","position":2,"name":"Excel&#39;de 5 \u00f6zel tarih format\u0131"}]},{"@type":"WebSite","@id":"https:\/\/exceladvisor.org\/tr\/#website","url":"https:\/\/exceladvisor.org\/tr\/","name":"Excel Advisor","description":"Veri hakimiyetine y\u00f6nelik nihai rehberiniz!","publisher":{"@id":"https:\/\/exceladvisor.org\/tr\/#organization"},"potentialAction":[{"@type":"SearchAction","target":{"@type":"EntryPoint","urlTemplate":"https:\/\/exceladvisor.org\/tr\/?s={search_term_string}"},"query-input":{"@type":"PropertyValueSpecification","valueRequired":true,"valueName":"search_term_string"}}],"inLanguage":"tr"},{"@type":"Organization","@id":"https:\/\/exceladvisor.org\/tr\/#organization","name":"Excel Advisor","url":"https:\/\/exceladvisor.org\/tr\/","logo":{"@type":"ImageObject","inLanguage":"tr","@id":"https:\/\/exceladvisor.org\/tr\/#\/schema\/logo\/image\/","url":"https:\/\/exceladvisor.org\/tr\/wp-content\/uploads\/2023\/12\/exceladvisor.org_.png","contentUrl":"https:\/\/exceladvisor.org\/tr\/wp-content\/uploads\/2023\/12\/exceladvisor.org_.png","width":105,"height":36,"caption":"Excel Advisor"},"image":{"@id":"https:\/\/exceladvisor.org\/tr\/#\/schema\/logo\/image\/"}}]}},"yoast_meta":{"yoast_wpseo_title":"","yoast_wpseo_metadesc":"","yoast_wpseo_canonical":""},"_links":{"self":[{"href":"https:\/\/exceladvisor.org\/tr\/wp-json\/wp\/v2\/pages\/2172","targetHints":{"allow":["GET"]}}],"collection":[{"href":"https:\/\/exceladvisor.org\/tr\/wp-json\/wp\/v2\/pages"}],"about":[{"href":"https:\/\/exceladvisor.org\/tr\/wp-json\/wp\/v2\/types\/page"}],"author":[{"embeddable":true,"href":"https:\/\/exceladvisor.org\/tr\/wp-json\/wp\/v2\/users\/1"}],"replies":[{"embeddable":true,"href":"https:\/\/exceladvisor.org\/tr\/wp-json\/wp\/v2\/comments?post=2172"}],"version-history":[{"count":1,"href":"https:\/\/exceladvisor.org\/tr\/wp-json\/wp\/v2\/pages\/2172\/revisions"}],"predecessor-version":[{"id":2376,"href":"https:\/\/exceladvisor.org\/tr\/wp-json\/wp\/v2\/pages\/2172\/revisions\/2376"}],"wp:attachment":[{"href":"https:\/\/exceladvisor.org\/tr\/wp-json\/wp\/v2\/media?parent=2172"}],"curies":[{"name":"wp","href":"https:\/\/api.w.org\/{rel}","templated":true}]}}