{"id":2174,"date":"2023-09-26T04:30:35","date_gmt":"2023-09-26T04:30:35","guid":{"rendered":"https:\/\/exceladvisor.org\/tr\/ekle-genel-toplami-sil\/"},"modified":"2023-12-10T06:04:57","modified_gmt":"2023-12-10T06:04:57","slug":"ekle-genel-toplami-sil","status":"publish","type":"page","link":"https:\/\/exceladvisor.org\/tr\/ekle-genel-toplami-sil\/","title":{"rendered":"Pivot tabloda toplam nas\u0131l eklenir\/\u00e7\u0131kar\u0131l\u0131r?"},"content":{"rendered":"<div class=\"excel-icerikten-once\" id=\"excel-461965307\"><script type=\"text\/javascript\">\r\n\tatOptions = {\r\n\t\t'key' : 'c1158f160081d6540a8409e6925dab94',\r\n\t\t'format' : 'iframe',\r\n\t\t'height' : 250,\r\n\t\t'width' : 300,\r\n\t\t'params' : {}\r\n\t};\r\n<\/script>\r\n<script type=\"text\/javascript\" src=\"\/\/www.highperformanceformat.com\/c1158f160081d6540a8409e6925dab94\/invoke.js\"><\/script><\/div> <p>Bir pivot tablo olu\u015fturdu\u011funuzda genel toplamlar otomatik olarak g\u00f6r\u00fcnt\u00fclenir. Ancak bazen raporlar\u0131n\u0131za ba\u011fl\u0131 olarak bunlar\u0131 ilgisiz veya daha az \u00f6nemli bulabilirsiniz. \u0130\u015fte bir \u00f6rnek. Art arda 2 y\u0131l olan 2018 ve 2019 sat\u0131\u015flar\u0131n\u0131n kar\u015f\u0131la\u015ft\u0131rmas\u0131na sahibiz. <\/p><div class=\"wp-block-image\"><figure class=\"aligncenter size-large is-resized\"><img loading=\"lazy\" decoding=\"async\" class=\"wp-image-59094\" src=\"https:\/\/exceladvisor.org\/wp-content\/uploads\/2023\/08\/1-ajouter-supprimer-le-total-general-dans-le-tableau-croise-dynamique.png\" sizes=\"auto, \" srcset=\"\" alt=\"toplam-toplam-b\u00fcy\u00fck-pivot-tablo ekle\" width=\"356\" height=\"214\"><\/figure><\/div><p> Bir pivot tablo olu\u015fturdu\u011fumuzda olan budur. <\/p><div class=\"wp-block-image\"><figure class=\"aligncenter size-large is-resized\"><img loading=\"lazy\" decoding=\"async\" class=\"wp-image-59096\" src=\"https:\/\/exceladvisor.org\/wp-content\/uploads\/2023\/08\/2-creer-un-tableau-croise-dynamique.png\" sizes=\"auto, \" srcset=\"\" alt=\"pivot tablo olu\u015ftur\" width=\"604\" height=\"167\"><\/figure><\/div><p> \u015eimdi burada genel toplam s\u00fctununun alakas\u0131z oldu\u011funu veya ba\u015fka bir deyi\u015fle ard\u0131 ard\u0131na iki y\u0131l\u0131 kar\u015f\u0131la\u015ft\u0131r\u0131rken hi\u00e7bir sonuca varmad\u0131\u011f\u0131n\u0131 g\u00f6receksiniz. Genel toplamlar\u0131 pivot tablodan kald\u0131rmak i\u00e7in a\u015fa\u011f\u0131daki ad\u0131mlar\u0131 izleyin.<\/p><ol><li> \u00d6ncelikle Tasar\u0131m sekmesini etkinle\u015ftirmek i\u00e7in pivot tablonun herhangi bir yerine t\u0131klay\u0131n. <br><img loading=\"lazy\" decoding=\"async\" title=\"3-etkinle\u015ftirme-tasar\u0131m-sekmesi\" src=\"https:\/\/exceladvisor.org\/wp-content\/uploads\/2023\/08\/3-activer-longlet-design.png\" sizes=\"auto, \" srcset=\"\" alt=\"activate-the-design-tab\" width=\"946\" height=\"182\"><\/li><li> Bundan sonra \u015feritteki Tasar\u0131m sekmesine t\u0131klay\u0131n ve Genel Toplamlar\u0131 bulun. <br><img loading=\"lazy\" decoding=\"async\" title=\"4-tasar\u0131m sekmesine t\u0131klay\u0131n\" src=\"https:\/\/exceladvisor.org\/wp-content\/uploads\/2023\/08\/4-cliquez-sur-longlet-conception.png\" sizes=\"auto, \" srcset=\"\" alt=\"click-on-the-design-tab\" width=\"230\" height=\"141\"><\/li><li> Burada baz\u0131 se\u00e7enekler bulacaks\u0131n\u0131z. <br><img loading=\"lazy\" decoding=\"async\" title=\"5-se\u00e7enek-alt-genel toplam\" src=\"https:\/\/exceladvisor.org\/wp-content\/uploads\/2023\/08\/5-options-sous-le-grand-total.png\" sizes=\"auto, \" srcset=\"\" alt=\"options-under-grand-total\" width=\"238\" height=\"278\"><\/li><li> Buradan genel toplamlar\u0131 ekleme veya kald\u0131rma se\u00e7ene\u011fini belirleyebilirsiniz.<ol><li> <strong data-rich-text-format-boundary=\"true\">Sat\u0131rlar ve S\u00fctunlar i\u00e7in Devre D\u0131\u015f\u0131<\/strong> : Sat\u0131r ve s\u00fctunlar\u0131n genel toplamlar\u0131n\u0131 kald\u0131rmak i\u00e7in bunu t\u0131klay\u0131n.<\/li><li> <strong>Sat\u0131r ve s\u00fctunlar i\u00e7in etkinle\u015ftirildi<\/strong> : Genel toplamlar\u0131n\u0131z\u0131 gizlediyseniz veya sildiyseniz, bu se\u00e7ene\u011fi kullanarak bunlar\u0131 geri y\u00fckleyebilirsiniz.<\/li><li> <strong>Yaln\u0131zca Sat\u0131rlar \u0130\u00e7in Etkin<\/strong> \u2013 Yaln\u0131zca sat\u0131rlar\u0131n genel toplamlar\u0131n\u0131 g\u00f6r\u00fcnt\u00fclemek istiyorsan\u0131z.<\/li><li> <strong>Yaln\u0131zca s\u00fctunlar i\u00e7in etkinle\u015ftirildi<\/strong> : Bu, yaln\u0131zca s\u00fctunlar\u0131n\u0131za ili\u015fkin genel toplamlar\u0131 g\u00f6r\u00fcnt\u00fcler. <\/li><\/ol><\/li><\/ol><div class=\"wp-block-group main-page-bottom is-layout-flow\"><div class=\"wp-block-group__inner-container\"><h2 class=\"wp-block-heading\"> Daha Fazla PivotTable E\u011fitimi <\/h2><div class=\"wp-block-columns is-layout-flex wp-container-126\"><div class=\"wp-block-column is-layout-flow\"><ul><li> <a href=\"https:\/\/exceladvisor.org\/tr\/birikimli-toplam\/\">Pivot tabloya de\u011fi\u015fen toplam ekleme<\/a><\/li><li> <a href=\"https:\/\/exceladvisor.org\/tr\/otomatik-guncelleme-araligi\/\">Bir pivot tabloyu otomatik olarak g\u00fcncelleme<\/a><\/li><li> <a href=\"https:\/\/exceladvisor.org\/tr\/pivot-tabloda-hesaplama\/\">Pivot tablodaki form\u00fcller (hesaplanan alan ve \u00f6\u011fe)<\/a><\/li><\/ul><\/div><div class=\"wp-block-column is-layout-flow\"><ul><li> <a href=\"https:\/\/exceladvisor.org\/tr\/grup-tarihleri\/\">Excel&#8217;de tarihleri bir pivotta gruplama<\/a><\/li><li> <a href=\"https:\/\/exceladvisor.org\/tr\/pivot-tabloyu-hareket-ettir\/\">Excel&#8217;de PivotTable&#8217;\u0131 ta\u015f\u0131ma<\/a><\/li><li> <a href=\"https:\/\/exceladvisor.org\/tr\/duzen\/\">Excel&#8217;de PivotTable&#8217;lar\u0131 Bi\u00e7imlendirmek<\/a><\/li><\/ul><\/div><\/div><p> \u21e0 <a href=\"https:\/\/exceladvisor.org\/tr\/pivot-tablo\/\"><strong>Pivot Tablo E\u011fitimine<\/strong><\/a> Geri D\u00f6n <\/p><\/div><\/div><div id=\"ub-content-toggle-732deb25-cb9e-4727-adf3-94ea88a5ffd3\" class=\"wp-block-ub-content-toggle myList\" data-mobilecollapse=\"false\" data-desktopcollapse=\"false\"><div class=\"wp-block-ub-content-toggle-panel wp-block-ub-content-toggle-accordion\" style=\"border-color: #f1f1f1;\"><div class=\"wp-block-ub-content-toggle-accordion-content-wrap\"><\/div><\/div><\/div>","protected":false},"excerpt":{"rendered":"","protected":false},"author":1,"featured_media":0,"parent":0,"menu_order":0,"comment_status":"open","ping_status":"closed","template":"","meta":{"ub_ctt_via":"","footnotes":""},"class_list":["post-2174","page","type-page","status-publish","hentry"],"featured_image_src":null,"yoast_head":"<!-- This site is optimized with the Yoast SEO plugin v25.4 - https:\/\/yoast.com\/wordpress\/plugins\/seo\/ -->\n<title>Pivot tabloya toplam ekleme\/kald\u0131rma<\/title>\n<meta name=\"description\" content=\"Bu e\u011fitimde, t\u00fcm se\u00e7eneklerle birlikte bir pivot tablonun genel toplam\u0131n\u0131 nas\u0131l \u00e7\u0131karaca\u011f\u0131n\u0131z\u0131 \u00f6\u011freneceksiniz\" \/>\n<meta name=\"robots\" content=\"index, follow, max-snippet:-1, max-image-preview:large, max-video-preview:-1\" \/>\n<link rel=\"canonical\" href=\"https:\/\/exceladvisor.org\/tr\/ekle-genel-toplami-sil\/\" \/>\n<meta property=\"og:locale\" content=\"tr_TR\" \/>\n<meta property=\"og:type\" content=\"article\" \/>\n<meta property=\"og:title\" content=\"Pivot tabloya toplam ekleme\/kald\u0131rma\" \/>\n<meta property=\"og:description\" content=\"Bu e\u011fitimde, t\u00fcm se\u00e7eneklerle birlikte bir pivot tablonun genel toplam\u0131n\u0131 nas\u0131l \u00e7\u0131karaca\u011f\u0131n\u0131z\u0131 \u00f6\u011freneceksiniz\" \/>\n<meta property=\"og:url\" content=\"https:\/\/exceladvisor.org\/tr\/ekle-genel-toplami-sil\/\" \/>\n<meta property=\"og:site_name\" content=\"Excel Advisor\" \/>\n<meta property=\"article:modified_time\" content=\"2023-12-10T06:04:57+00:00\" \/>\n<meta property=\"og:image\" content=\"https:\/\/exceladvisor.org\/wp-content\/uploads\/2023\/08\/1-ajouter-supprimer-le-total-general-dans-le-tableau-croise-dynamique.png\" \/>\n<meta name=\"twitter:card\" content=\"summary_large_image\" \/>\n<meta name=\"twitter:label1\" content=\"Tahmini okuma s\u00fcresi\" \/>\n\t<meta name=\"twitter:data1\" content=\"1 dakika\" \/>\n<script type=\"application\/ld+json\" class=\"yoast-schema-graph\">{\"@context\":\"https:\/\/schema.org\",\"@graph\":[{\"@type\":\"WebPage\",\"@id\":\"https:\/\/exceladvisor.org\/tr\/ekle-genel-toplami-sil\/\",\"url\":\"https:\/\/exceladvisor.org\/tr\/ekle-genel-toplami-sil\/\",\"name\":\"Pivot tabloya toplam ekleme\/kald\u0131rma\",\"isPartOf\":{\"@id\":\"https:\/\/exceladvisor.org\/tr\/#website\"},\"primaryImageOfPage\":{\"@id\":\"https:\/\/exceladvisor.org\/tr\/ekle-genel-toplami-sil\/#primaryimage\"},\"image\":{\"@id\":\"https:\/\/exceladvisor.org\/tr\/ekle-genel-toplami-sil\/#primaryimage\"},\"thumbnailUrl\":\"https:\/\/exceladvisor.org\/wp-content\/uploads\/2023\/08\/1-ajouter-supprimer-le-total-general-dans-le-tableau-croise-dynamique.png\",\"datePublished\":\"2023-09-26T04:30:35+00:00\",\"dateModified\":\"2023-12-10T06:04:57+00:00\",\"description\":\"Bu e\u011fitimde, t\u00fcm se\u00e7eneklerle birlikte bir pivot tablonun genel toplam\u0131n\u0131 nas\u0131l \u00e7\u0131karaca\u011f\u0131n\u0131z\u0131 \u00f6\u011freneceksiniz\",\"breadcrumb\":{\"@id\":\"https:\/\/exceladvisor.org\/tr\/ekle-genel-toplami-sil\/#breadcrumb\"},\"inLanguage\":\"tr\",\"potentialAction\":[{\"@type\":\"ReadAction\",\"target\":[\"https:\/\/exceladvisor.org\/tr\/ekle-genel-toplami-sil\/\"]}]},{\"@type\":\"ImageObject\",\"inLanguage\":\"tr\",\"@id\":\"https:\/\/exceladvisor.org\/tr\/ekle-genel-toplami-sil\/#primaryimage\",\"url\":\"https:\/\/exceladvisor.org\/wp-content\/uploads\/2023\/08\/1-ajouter-supprimer-le-total-general-dans-le-tableau-croise-dynamique.png\",\"contentUrl\":\"https:\/\/exceladvisor.org\/wp-content\/uploads\/2023\/08\/1-ajouter-supprimer-le-total-general-dans-le-tableau-croise-dynamique.png\"},{\"@type\":\"BreadcrumbList\",\"@id\":\"https:\/\/exceladvisor.org\/tr\/ekle-genel-toplami-sil\/#breadcrumb\",\"itemListElement\":[{\"@type\":\"ListItem\",\"position\":1,\"name\":\"Ev\",\"item\":\"https:\/\/exceladvisor.org\/tr\/\"},{\"@type\":\"ListItem\",\"position\":2,\"name\":\"Pivot tabloda toplam nas\u0131l eklenir\/\u00e7\u0131kar\u0131l\u0131r?\"}]},{\"@type\":\"WebSite\",\"@id\":\"https:\/\/exceladvisor.org\/tr\/#website\",\"url\":\"https:\/\/exceladvisor.org\/tr\/\",\"name\":\"Excel Advisor\",\"description\":\"Veri hakimiyetine y\u00f6nelik nihai rehberiniz!\",\"publisher\":{\"@id\":\"https:\/\/exceladvisor.org\/tr\/#organization\"},\"potentialAction\":[{\"@type\":\"SearchAction\",\"target\":{\"@type\":\"EntryPoint\",\"urlTemplate\":\"https:\/\/exceladvisor.org\/tr\/?s={search_term_string}\"},\"query-input\":{\"@type\":\"PropertyValueSpecification\",\"valueRequired\":true,\"valueName\":\"search_term_string\"}}],\"inLanguage\":\"tr\"},{\"@type\":\"Organization\",\"@id\":\"https:\/\/exceladvisor.org\/tr\/#organization\",\"name\":\"Excel Advisor\",\"url\":\"https:\/\/exceladvisor.org\/tr\/\",\"logo\":{\"@type\":\"ImageObject\",\"inLanguage\":\"tr\",\"@id\":\"https:\/\/exceladvisor.org\/tr\/#\/schema\/logo\/image\/\",\"url\":\"https:\/\/exceladvisor.org\/tr\/wp-content\/uploads\/2023\/12\/exceladvisor.org_.png\",\"contentUrl\":\"https:\/\/exceladvisor.org\/tr\/wp-content\/uploads\/2023\/12\/exceladvisor.org_.png\",\"width\":105,\"height\":36,\"caption\":\"Excel Advisor\"},\"image\":{\"@id\":\"https:\/\/exceladvisor.org\/tr\/#\/schema\/logo\/image\/\"}}]}<\/script>\n<!-- \/ Yoast SEO plugin. -->","yoast_head_json":{"title":"Pivot tabloya toplam ekleme\/kald\u0131rma","description":"Bu e\u011fitimde, t\u00fcm se\u00e7eneklerle birlikte bir pivot tablonun genel toplam\u0131n\u0131 nas\u0131l \u00e7\u0131karaca\u011f\u0131n\u0131z\u0131 \u00f6\u011freneceksiniz","robots":{"index":"index","follow":"follow","max-snippet":"max-snippet:-1","max-image-preview":"max-image-preview:large","max-video-preview":"max-video-preview:-1"},"canonical":"https:\/\/exceladvisor.org\/tr\/ekle-genel-toplami-sil\/","og_locale":"tr_TR","og_type":"article","og_title":"Pivot tabloya toplam ekleme\/kald\u0131rma","og_description":"Bu e\u011fitimde, t\u00fcm se\u00e7eneklerle birlikte bir pivot tablonun genel toplam\u0131n\u0131 nas\u0131l \u00e7\u0131karaca\u011f\u0131n\u0131z\u0131 \u00f6\u011freneceksiniz","og_url":"https:\/\/exceladvisor.org\/tr\/ekle-genel-toplami-sil\/","og_site_name":"Excel Advisor","article_modified_time":"2023-12-10T06:04:57+00:00","og_image":[{"url":"https:\/\/exceladvisor.org\/wp-content\/uploads\/2023\/08\/1-ajouter-supprimer-le-total-general-dans-le-tableau-croise-dynamique.png","type":"","width":"","height":""}],"twitter_card":"summary_large_image","twitter_misc":{"Tahmini okuma s\u00fcresi":"1 dakika"},"schema":{"@context":"https:\/\/schema.org","@graph":[{"@type":"WebPage","@id":"https:\/\/exceladvisor.org\/tr\/ekle-genel-toplami-sil\/","url":"https:\/\/exceladvisor.org\/tr\/ekle-genel-toplami-sil\/","name":"Pivot tabloya toplam ekleme\/kald\u0131rma","isPartOf":{"@id":"https:\/\/exceladvisor.org\/tr\/#website"},"primaryImageOfPage":{"@id":"https:\/\/exceladvisor.org\/tr\/ekle-genel-toplami-sil\/#primaryimage"},"image":{"@id":"https:\/\/exceladvisor.org\/tr\/ekle-genel-toplami-sil\/#primaryimage"},"thumbnailUrl":"https:\/\/exceladvisor.org\/wp-content\/uploads\/2023\/08\/1-ajouter-supprimer-le-total-general-dans-le-tableau-croise-dynamique.png","datePublished":"2023-09-26T04:30:35+00:00","dateModified":"2023-12-10T06:04:57+00:00","description":"Bu e\u011fitimde, t\u00fcm se\u00e7eneklerle birlikte bir pivot tablonun genel toplam\u0131n\u0131 nas\u0131l \u00e7\u0131karaca\u011f\u0131n\u0131z\u0131 \u00f6\u011freneceksiniz","breadcrumb":{"@id":"https:\/\/exceladvisor.org\/tr\/ekle-genel-toplami-sil\/#breadcrumb"},"inLanguage":"tr","potentialAction":[{"@type":"ReadAction","target":["https:\/\/exceladvisor.org\/tr\/ekle-genel-toplami-sil\/"]}]},{"@type":"ImageObject","inLanguage":"tr","@id":"https:\/\/exceladvisor.org\/tr\/ekle-genel-toplami-sil\/#primaryimage","url":"https:\/\/exceladvisor.org\/wp-content\/uploads\/2023\/08\/1-ajouter-supprimer-le-total-general-dans-le-tableau-croise-dynamique.png","contentUrl":"https:\/\/exceladvisor.org\/wp-content\/uploads\/2023\/08\/1-ajouter-supprimer-le-total-general-dans-le-tableau-croise-dynamique.png"},{"@type":"BreadcrumbList","@id":"https:\/\/exceladvisor.org\/tr\/ekle-genel-toplami-sil\/#breadcrumb","itemListElement":[{"@type":"ListItem","position":1,"name":"Ev","item":"https:\/\/exceladvisor.org\/tr\/"},{"@type":"ListItem","position":2,"name":"Pivot tabloda toplam nas\u0131l eklenir\/\u00e7\u0131kar\u0131l\u0131r?"}]},{"@type":"WebSite","@id":"https:\/\/exceladvisor.org\/tr\/#website","url":"https:\/\/exceladvisor.org\/tr\/","name":"Excel Advisor","description":"Veri hakimiyetine y\u00f6nelik nihai rehberiniz!","publisher":{"@id":"https:\/\/exceladvisor.org\/tr\/#organization"},"potentialAction":[{"@type":"SearchAction","target":{"@type":"EntryPoint","urlTemplate":"https:\/\/exceladvisor.org\/tr\/?s={search_term_string}"},"query-input":{"@type":"PropertyValueSpecification","valueRequired":true,"valueName":"search_term_string"}}],"inLanguage":"tr"},{"@type":"Organization","@id":"https:\/\/exceladvisor.org\/tr\/#organization","name":"Excel Advisor","url":"https:\/\/exceladvisor.org\/tr\/","logo":{"@type":"ImageObject","inLanguage":"tr","@id":"https:\/\/exceladvisor.org\/tr\/#\/schema\/logo\/image\/","url":"https:\/\/exceladvisor.org\/tr\/wp-content\/uploads\/2023\/12\/exceladvisor.org_.png","contentUrl":"https:\/\/exceladvisor.org\/tr\/wp-content\/uploads\/2023\/12\/exceladvisor.org_.png","width":105,"height":36,"caption":"Excel Advisor"},"image":{"@id":"https:\/\/exceladvisor.org\/tr\/#\/schema\/logo\/image\/"}}]}},"yoast_meta":{"yoast_wpseo_title":"","yoast_wpseo_metadesc":"","yoast_wpseo_canonical":""},"_links":{"self":[{"href":"https:\/\/exceladvisor.org\/tr\/wp-json\/wp\/v2\/pages\/2174","targetHints":{"allow":["GET"]}}],"collection":[{"href":"https:\/\/exceladvisor.org\/tr\/wp-json\/wp\/v2\/pages"}],"about":[{"href":"https:\/\/exceladvisor.org\/tr\/wp-json\/wp\/v2\/types\/page"}],"author":[{"embeddable":true,"href":"https:\/\/exceladvisor.org\/tr\/wp-json\/wp\/v2\/users\/1"}],"replies":[{"embeddable":true,"href":"https:\/\/exceladvisor.org\/tr\/wp-json\/wp\/v2\/comments?post=2174"}],"version-history":[{"count":1,"href":"https:\/\/exceladvisor.org\/tr\/wp-json\/wp\/v2\/pages\/2174\/revisions"}],"predecessor-version":[{"id":2779,"href":"https:\/\/exceladvisor.org\/tr\/wp-json\/wp\/v2\/pages\/2174\/revisions\/2779"}],"wp:attachment":[{"href":"https:\/\/exceladvisor.org\/tr\/wp-json\/wp\/v2\/media?parent=2174"}],"curies":[{"name":"wp","href":"https:\/\/api.w.org\/{rel}","templated":true}]}}