{"id":2175,"date":"2023-09-26T03:27:11","date_gmt":"2023-09-26T03:27:11","guid":{"rendered":"https:\/\/exceladvisor.org\/tr\/merkezi-hizalama\/"},"modified":"2023-12-10T06:04:35","modified_gmt":"2023-12-10T06:04:35","slug":"merkezi-hizalama","status":"publish","type":"page","link":"https:\/\/exceladvisor.org\/tr\/merkezi-hizalama\/","title":{"rendered":"Metni ortalamak i\u00e7in excel k\u0131sayolu"},"content":{"rendered":"<div class=\"excel-icerikten-once\" id=\"excel-1096112070\"><script type=\"text\/javascript\">\r\n\tatOptions = {\r\n\t\t'key' : 'c1158f160081d6540a8409e6925dab94',\r\n\t\t'format' : 'iframe',\r\n\t\t'height' : 250,\r\n\t\t'width' : 300,\r\n\t\t'params' : {}\r\n\t};\r\n<\/script>\r\n<script type=\"text\/javascript\" src=\"\/\/www.highperformanceformat.com\/c1158f160081d6540a8409e6925dab94\/invoke.js\"><\/script><\/div> <p>Kullan\u0131c\u0131lar h\u00fccrelere de\u011fer girdi\u011finde, Excel varsay\u0131lan olarak say\u0131lar\u0131 h\u00fccrenin soluna ve metni h\u00fccrenin sa\u011f\u0131na hizalar.<\/p><p> Ancak Excel&#8217;in ayr\u0131ca h\u00fccre de\u011ferinin hizalamas\u0131n\u0131 h\u00fccrenin sa\u011f\u0131na, soluna veya merkezine ayarlama veya de\u011fi\u015ftirme se\u00e7ene\u011fi de vard\u0131r; bu, kullan\u0131c\u0131lar\u0131n h\u00fccre de\u011ferinin konumunu istedikleri zaman kendi zevklerine ve ihtiya\u00e7lar\u0131na g\u00f6re de\u011fi\u015ftirebilecekleri anlam\u0131na gelir.<\/p><p> Bu dersimizde klavye k\u0131sayolu kullanarak de\u011ferlerin nas\u0131l ortalanaca\u011f\u0131n\u0131 anlatt\u0131k.<\/p><h2 class=\"wp-block-heading\"> Excel&#8217;de merkezi hizalamak i\u00e7in klavye k\u0131sayolu<\/h2><p> <kbd>Alt<\/kbd> \u2192 <kbd>H<\/kbd> \u2192 <kbd>A<\/kbd> \u2192 <kbd>C<\/kbd> <\/p><div class=\"wp-block-image\"><figure class=\"aligncenter size-full is-resized\"><img loading=\"lazy\" decoding=\"async\" class=\"wp-image-70414\" src=\"https:\/\/exceladvisor.org\/wp-content\/uploads\/2023\/08\/1-raccourci-pour-aligner-le-centre1.png\" sizes=\"auto, \" srcset=\"\" alt=\"hizalama merkezine k\u0131sayol\" width=\"769\" height=\"301\"><\/figure><\/div><h2 class=\"wp-block-heading\"> Klavye K\u0131sayolunu Kullanarak Merkezi Hizalama Ad\u0131mlar\u0131<\/h2><ol><li> \u00d6ncelikle h\u00fccreye gidin veya de\u011feri ortalamak istedi\u011finiz h\u00fccre aral\u0131\u011f\u0131n\u0131 se\u00e7in. <br><img decoding=\"async\" title=\"2 h\u00fccreli se\u00e7im\" src=\"https:\/\/exceladvisor.org\/wp-content\/uploads\/2023\/08\/2-cellules-selectionnees.png\" sizes=\"\" srcset=\"\" alt=\"select-cells\"><\/li><li> \u015eimdi s\u0131rayla Alt \u2192 H \u2192 A \u2192 C tu\u015flar\u0131na bast\u0131\u011f\u0131n\u0131zda ortaya hizalanm\u0131\u015f de\u011feri elde edersiniz. <br><img decoding=\"async\" title=\"3-ortaya hizalanm\u0131\u015f metin\" src=\"https:\/\/exceladvisor.org\/wp-content\/uploads\/2023\/08\/3-texte-aligne-au-centre.png\" sizes=\"\" srcset=\"\" alt=\"text-aligned-to-center\"><\/li><\/ol><div class=\"gb-container gb-container-2116538e gb-container-mt\"><h2 class=\"gb-headline gb-headline-7ed68554 gb-headline-text gb-headline-mt-heading\"> Daha fazla k\u0131sayol <\/h2><div class=\"gb-grid-wrapper gb-grid-wrapper-edeef538 gb-grid-wrapper-mt-grid\"><div class=\"gb-grid-column gb-grid-column-6ab6fbc6\"><div class=\"gb-container gb-container-6ab6fbc6\"><ul><li> <a href=\"https:\/\/exceladvisor.org\/tr\/cubuk-1\/\">kam\u0131\u015f<\/a><\/li><li> <a href=\"https:\/\/exceladvisor.org\/tr\/dizin-2\/\">\u0130pucu<\/a><\/li><li> <a href=\"https:\/\/exceladvisor.org\/tr\/us\/\">Kat\u0131l\u0131mc\u0131<\/a><\/li><li> <a href=\"https:\/\/exceladvisor.org\/tr\/onay-isareti-1\/\">Onay i\u015fareti<\/a> <\/li><\/ul><\/div><\/div><div class=\"gb-grid-column gb-grid-column-766d598b\"><div class=\"gb-container gb-container-766d598b\"><ul><li> <a href=\"https:\/\/exceladvisor.org\/tr\/para-birimi-bicimi\/\">Para birimi bi\u00e7imini uygula<\/a><\/li><li> <a href=\"https:\/\/exceladvisor.org\/tr\/yuzde-bicimi\/\">Y\u00fczde bi\u00e7imi<\/a><\/li><li> <a href=\"https:\/\/exceladvisor.org\/tr\/tarih-formati\/\">Tarih bi\u00e7imini uygula<\/a><\/li><li> <a href=\"https:\/\/exceladvisor.org\/tr\/zaman-formati\/\">Saat bi\u00e7imini uygula<\/a><\/li><\/ul><\/div><\/div><\/div><\/div>","protected":false},"excerpt":{"rendered":"","protected":false},"author":1,"featured_media":0,"parent":0,"menu_order":0,"comment_status":"open","ping_status":"closed","template":"","meta":{"ub_ctt_via":"","footnotes":""},"class_list":["post-2175","page","type-page","status-publish","hentry"],"featured_image_src":null,"yoast_head":"<!-- This site is optimized with the Yoast SEO plugin v25.4 - https:\/\/yoast.com\/wordpress\/plugins\/seo\/ -->\n<title>\u25b7 Metni Ortalamak i\u00e7in Excel K\u0131sayolu (En Son 2023)<\/title>\n<meta name=\"description\" content=\"Bu e\u011fitimde, Excel&#039;de ortalama hizalama i\u00e7in klavye k\u0131sayolunun nas\u0131l kullan\u0131laca\u011f\u0131n\u0131 ve ilgili t\u00fcm bilgileri \u00f6\u011freneceksiniz.\" \/>\n<meta name=\"robots\" content=\"index, follow, max-snippet:-1, max-image-preview:large, max-video-preview:-1\" \/>\n<link rel=\"canonical\" href=\"https:\/\/exceladvisor.org\/tr\/merkezi-hizalama\/\" \/>\n<meta property=\"og:locale\" content=\"tr_TR\" \/>\n<meta property=\"og:type\" content=\"article\" \/>\n<meta property=\"og:title\" content=\"\u25b7 Metni Ortalamak i\u00e7in Excel K\u0131sayolu (En Son 2023)\" \/>\n<meta property=\"og:description\" content=\"Bu e\u011fitimde, Excel&#039;de ortalama hizalama i\u00e7in klavye k\u0131sayolunun nas\u0131l kullan\u0131laca\u011f\u0131n\u0131 ve ilgili t\u00fcm bilgileri \u00f6\u011freneceksiniz.\" \/>\n<meta property=\"og:url\" content=\"https:\/\/exceladvisor.org\/tr\/merkezi-hizalama\/\" \/>\n<meta property=\"og:site_name\" content=\"Excel Advisor\" \/>\n<meta property=\"article:modified_time\" content=\"2023-12-10T06:04:35+00:00\" \/>\n<meta property=\"og:image\" content=\"https:\/\/exceladvisor.org\/wp-content\/uploads\/2023\/08\/1-raccourci-pour-aligner-le-centre1.png\" \/>\n<meta name=\"twitter:card\" content=\"summary_large_image\" \/>\n<meta name=\"twitter:label1\" content=\"Tahmini okuma s\u00fcresi\" \/>\n\t<meta name=\"twitter:data1\" content=\"1 dakika\" \/>\n<script type=\"application\/ld+json\" class=\"yoast-schema-graph\">{\"@context\":\"https:\/\/schema.org\",\"@graph\":[{\"@type\":\"WebPage\",\"@id\":\"https:\/\/exceladvisor.org\/tr\/merkezi-hizalama\/\",\"url\":\"https:\/\/exceladvisor.org\/tr\/merkezi-hizalama\/\",\"name\":\"\u25b7 Metni Ortalamak i\u00e7in Excel K\u0131sayolu (En Son 2023)\",\"isPartOf\":{\"@id\":\"https:\/\/exceladvisor.org\/tr\/#website\"},\"primaryImageOfPage\":{\"@id\":\"https:\/\/exceladvisor.org\/tr\/merkezi-hizalama\/#primaryimage\"},\"image\":{\"@id\":\"https:\/\/exceladvisor.org\/tr\/merkezi-hizalama\/#primaryimage\"},\"thumbnailUrl\":\"https:\/\/exceladvisor.org\/wp-content\/uploads\/2023\/08\/1-raccourci-pour-aligner-le-centre1.png\",\"datePublished\":\"2023-09-26T03:27:11+00:00\",\"dateModified\":\"2023-12-10T06:04:35+00:00\",\"description\":\"Bu e\u011fitimde, Excel&#39;de ortalama hizalama i\u00e7in klavye k\u0131sayolunun nas\u0131l kullan\u0131laca\u011f\u0131n\u0131 ve ilgili t\u00fcm bilgileri \u00f6\u011freneceksiniz.\",\"breadcrumb\":{\"@id\":\"https:\/\/exceladvisor.org\/tr\/merkezi-hizalama\/#breadcrumb\"},\"inLanguage\":\"tr\",\"potentialAction\":[{\"@type\":\"ReadAction\",\"target\":[\"https:\/\/exceladvisor.org\/tr\/merkezi-hizalama\/\"]}]},{\"@type\":\"ImageObject\",\"inLanguage\":\"tr\",\"@id\":\"https:\/\/exceladvisor.org\/tr\/merkezi-hizalama\/#primaryimage\",\"url\":\"https:\/\/exceladvisor.org\/wp-content\/uploads\/2023\/08\/1-raccourci-pour-aligner-le-centre1.png\",\"contentUrl\":\"https:\/\/exceladvisor.org\/wp-content\/uploads\/2023\/08\/1-raccourci-pour-aligner-le-centre1.png\"},{\"@type\":\"BreadcrumbList\",\"@id\":\"https:\/\/exceladvisor.org\/tr\/merkezi-hizalama\/#breadcrumb\",\"itemListElement\":[{\"@type\":\"ListItem\",\"position\":1,\"name\":\"Ev\",\"item\":\"https:\/\/exceladvisor.org\/tr\/\"},{\"@type\":\"ListItem\",\"position\":2,\"name\":\"Metni ortalamak i\u00e7in excel k\u0131sayolu\"}]},{\"@type\":\"WebSite\",\"@id\":\"https:\/\/exceladvisor.org\/tr\/#website\",\"url\":\"https:\/\/exceladvisor.org\/tr\/\",\"name\":\"Excel Advisor\",\"description\":\"Veri hakimiyetine y\u00f6nelik nihai rehberiniz!\",\"publisher\":{\"@id\":\"https:\/\/exceladvisor.org\/tr\/#organization\"},\"potentialAction\":[{\"@type\":\"SearchAction\",\"target\":{\"@type\":\"EntryPoint\",\"urlTemplate\":\"https:\/\/exceladvisor.org\/tr\/?s={search_term_string}\"},\"query-input\":{\"@type\":\"PropertyValueSpecification\",\"valueRequired\":true,\"valueName\":\"search_term_string\"}}],\"inLanguage\":\"tr\"},{\"@type\":\"Organization\",\"@id\":\"https:\/\/exceladvisor.org\/tr\/#organization\",\"name\":\"Excel Advisor\",\"url\":\"https:\/\/exceladvisor.org\/tr\/\",\"logo\":{\"@type\":\"ImageObject\",\"inLanguage\":\"tr\",\"@id\":\"https:\/\/exceladvisor.org\/tr\/#\/schema\/logo\/image\/\",\"url\":\"https:\/\/exceladvisor.org\/tr\/wp-content\/uploads\/2023\/12\/exceladvisor.org_.png\",\"contentUrl\":\"https:\/\/exceladvisor.org\/tr\/wp-content\/uploads\/2023\/12\/exceladvisor.org_.png\",\"width\":105,\"height\":36,\"caption\":\"Excel Advisor\"},\"image\":{\"@id\":\"https:\/\/exceladvisor.org\/tr\/#\/schema\/logo\/image\/\"}}]}<\/script>\n<!-- \/ Yoast SEO plugin. -->","yoast_head_json":{"title":"\u25b7 Metni Ortalamak i\u00e7in Excel K\u0131sayolu (En Son 2023)","description":"Bu e\u011fitimde, Excel&#39;de ortalama hizalama i\u00e7in klavye k\u0131sayolunun nas\u0131l kullan\u0131laca\u011f\u0131n\u0131 ve ilgili t\u00fcm bilgileri \u00f6\u011freneceksiniz.","robots":{"index":"index","follow":"follow","max-snippet":"max-snippet:-1","max-image-preview":"max-image-preview:large","max-video-preview":"max-video-preview:-1"},"canonical":"https:\/\/exceladvisor.org\/tr\/merkezi-hizalama\/","og_locale":"tr_TR","og_type":"article","og_title":"\u25b7 Metni Ortalamak i\u00e7in Excel K\u0131sayolu (En Son 2023)","og_description":"Bu e\u011fitimde, Excel&#39;de ortalama hizalama i\u00e7in klavye k\u0131sayolunun nas\u0131l kullan\u0131laca\u011f\u0131n\u0131 ve ilgili t\u00fcm bilgileri \u00f6\u011freneceksiniz.","og_url":"https:\/\/exceladvisor.org\/tr\/merkezi-hizalama\/","og_site_name":"Excel Advisor","article_modified_time":"2023-12-10T06:04:35+00:00","og_image":[{"url":"https:\/\/exceladvisor.org\/wp-content\/uploads\/2023\/08\/1-raccourci-pour-aligner-le-centre1.png","type":"","width":"","height":""}],"twitter_card":"summary_large_image","twitter_misc":{"Tahmini okuma s\u00fcresi":"1 dakika"},"schema":{"@context":"https:\/\/schema.org","@graph":[{"@type":"WebPage","@id":"https:\/\/exceladvisor.org\/tr\/merkezi-hizalama\/","url":"https:\/\/exceladvisor.org\/tr\/merkezi-hizalama\/","name":"\u25b7 Metni Ortalamak i\u00e7in Excel K\u0131sayolu (En Son 2023)","isPartOf":{"@id":"https:\/\/exceladvisor.org\/tr\/#website"},"primaryImageOfPage":{"@id":"https:\/\/exceladvisor.org\/tr\/merkezi-hizalama\/#primaryimage"},"image":{"@id":"https:\/\/exceladvisor.org\/tr\/merkezi-hizalama\/#primaryimage"},"thumbnailUrl":"https:\/\/exceladvisor.org\/wp-content\/uploads\/2023\/08\/1-raccourci-pour-aligner-le-centre1.png","datePublished":"2023-09-26T03:27:11+00:00","dateModified":"2023-12-10T06:04:35+00:00","description":"Bu e\u011fitimde, Excel&#39;de ortalama hizalama i\u00e7in klavye k\u0131sayolunun nas\u0131l kullan\u0131laca\u011f\u0131n\u0131 ve ilgili t\u00fcm bilgileri \u00f6\u011freneceksiniz.","breadcrumb":{"@id":"https:\/\/exceladvisor.org\/tr\/merkezi-hizalama\/#breadcrumb"},"inLanguage":"tr","potentialAction":[{"@type":"ReadAction","target":["https:\/\/exceladvisor.org\/tr\/merkezi-hizalama\/"]}]},{"@type":"ImageObject","inLanguage":"tr","@id":"https:\/\/exceladvisor.org\/tr\/merkezi-hizalama\/#primaryimage","url":"https:\/\/exceladvisor.org\/wp-content\/uploads\/2023\/08\/1-raccourci-pour-aligner-le-centre1.png","contentUrl":"https:\/\/exceladvisor.org\/wp-content\/uploads\/2023\/08\/1-raccourci-pour-aligner-le-centre1.png"},{"@type":"BreadcrumbList","@id":"https:\/\/exceladvisor.org\/tr\/merkezi-hizalama\/#breadcrumb","itemListElement":[{"@type":"ListItem","position":1,"name":"Ev","item":"https:\/\/exceladvisor.org\/tr\/"},{"@type":"ListItem","position":2,"name":"Metni ortalamak i\u00e7in excel k\u0131sayolu"}]},{"@type":"WebSite","@id":"https:\/\/exceladvisor.org\/tr\/#website","url":"https:\/\/exceladvisor.org\/tr\/","name":"Excel Advisor","description":"Veri hakimiyetine y\u00f6nelik nihai rehberiniz!","publisher":{"@id":"https:\/\/exceladvisor.org\/tr\/#organization"},"potentialAction":[{"@type":"SearchAction","target":{"@type":"EntryPoint","urlTemplate":"https:\/\/exceladvisor.org\/tr\/?s={search_term_string}"},"query-input":{"@type":"PropertyValueSpecification","valueRequired":true,"valueName":"search_term_string"}}],"inLanguage":"tr"},{"@type":"Organization","@id":"https:\/\/exceladvisor.org\/tr\/#organization","name":"Excel Advisor","url":"https:\/\/exceladvisor.org\/tr\/","logo":{"@type":"ImageObject","inLanguage":"tr","@id":"https:\/\/exceladvisor.org\/tr\/#\/schema\/logo\/image\/","url":"https:\/\/exceladvisor.org\/tr\/wp-content\/uploads\/2023\/12\/exceladvisor.org_.png","contentUrl":"https:\/\/exceladvisor.org\/tr\/wp-content\/uploads\/2023\/12\/exceladvisor.org_.png","width":105,"height":36,"caption":"Excel Advisor"},"image":{"@id":"https:\/\/exceladvisor.org\/tr\/#\/schema\/logo\/image\/"}}]}},"yoast_meta":{"yoast_wpseo_title":"","yoast_wpseo_metadesc":"","yoast_wpseo_canonical":""},"_links":{"self":[{"href":"https:\/\/exceladvisor.org\/tr\/wp-json\/wp\/v2\/pages\/2175","targetHints":{"allow":["GET"]}}],"collection":[{"href":"https:\/\/exceladvisor.org\/tr\/wp-json\/wp\/v2\/pages"}],"about":[{"href":"https:\/\/exceladvisor.org\/tr\/wp-json\/wp\/v2\/types\/page"}],"author":[{"embeddable":true,"href":"https:\/\/exceladvisor.org\/tr\/wp-json\/wp\/v2\/users\/1"}],"replies":[{"embeddable":true,"href":"https:\/\/exceladvisor.org\/tr\/wp-json\/wp\/v2\/comments?post=2175"}],"version-history":[{"count":1,"href":"https:\/\/exceladvisor.org\/tr\/wp-json\/wp\/v2\/pages\/2175\/revisions"}],"predecessor-version":[{"id":2743,"href":"https:\/\/exceladvisor.org\/tr\/wp-json\/wp\/v2\/pages\/2175\/revisions\/2743"}],"wp:attachment":[{"href":"https:\/\/exceladvisor.org\/tr\/wp-json\/wp\/v2\/media?parent=2175"}],"curies":[{"name":"wp","href":"https:\/\/api.w.org\/{rel}","templated":true}]}}