{"id":2176,"date":"2023-09-26T01:59:07","date_gmt":"2023-09-26T01:59:07","guid":{"rendered":"https:\/\/exceladvisor.org\/tr\/yaklastir-uzaklastir\/"},"modified":"2023-12-10T06:03:12","modified_gmt":"2023-12-10T06:03:12","slug":"yaklastir-uzaklastir","status":"publish","type":"page","link":"https:\/\/exceladvisor.org\/tr\/yaklastir-uzaklastir\/","title":{"rendered":"Excel&#39;de yak\u0131nla\u015ft\u0131rma veya uzakla\u015ft\u0131rma nas\u0131l yap\u0131l\u0131r?"},"content":{"rendered":"<div class=\"excel-icerikten-once\" id=\"excel-3117793399\"><script type=\"text\/javascript\">\r\n\tatOptions = {\r\n\t\t'key' : 'c1158f160081d6540a8409e6925dab94',\r\n\t\t'format' : 'iframe',\r\n\t\t'height' : 250,\r\n\t\t'width' : 300,\r\n\t\t'params' : {}\r\n\t};\r\n<\/script>\r\n<script type=\"text\/javascript\" src=\"\/\/www.highperformanceformat.com\/c1158f160081d6540a8409e6925dab94\/invoke.js\"><\/script><\/div> <p>Di\u011fer Microsoft Office uygulamalar\u0131 gibi Excel de \u00e7al\u0131\u015fma sayfas\u0131n\u0131 yak\u0131nla\u015ft\u0131rma ve uzakla\u015ft\u0131rma i\u015flevine sahiptir. Excel, maksimum %400&#8217;e kadar yak\u0131nla\u015ft\u0131rmaya ve %10&#8217;a kadar uzakla\u015ft\u0131rmaya izin verir; bu, kullan\u0131c\u0131n\u0131n \u00e7al\u0131\u015fma sayfas\u0131n\u0131n boyutunu maksimum %400&#8217;e kadar b\u00fcy\u00fctebilece\u011fi ve %10&#8217;a kadar uzakla\u015ft\u0131rma ger\u00e7ekle\u015ftirebilece\u011fi anlam\u0131na gelir.<\/p><p> Excel&#8217;deki di\u011fer \u00f6zelliklere benzer \u015fekilde, yak\u0131nla\u015ft\u0131rma ve uzakla\u015ft\u0131rma \u00f6zelli\u011fi manuel olarak veya klavye k\u0131sayolu kullan\u0131larak kullan\u0131labilir.<\/p><h2 class=\"wp-block-heading\"> Yak\u0131nla\u015ft\u0131rmak i\u00e7in klavye k\u0131sayolu &#8211; Excel&#8217;de uzakla\u015ft\u0131rma<\/h2><p> Burada, a\u015fa\u011f\u0131da belirtildi\u011fi gibi \u00e7al\u0131\u015fma sayfas\u0131n\u0131n boyutunu yak\u0131nla\u015ft\u0131rmak ve uzakla\u015ft\u0131rmak i\u00e7in iki klavye k\u0131sayolu sa\u011flad\u0131k: <\/p><div class=\"wp-block-image\"><figure class=\"aligncenter size-full is-resized\"><img loading=\"lazy\" decoding=\"async\" class=\"wp-image-69507\" src=\"https:\/\/exceladvisor.org\/wp-content\/uploads\/2023\/08\/1-raccourci-clavier-pour-zoomer.png\" sizes=\"auto, \" srcset=\"\" alt=\"yak\u0131nla\u015ft\u0131rmak i\u00e7in klavye k\u0131sayolu\" width=\"819\" height=\"321\"><\/figure><\/div><p> <kbd>Ctrl<\/kbd> + <kbd>Alt<\/kbd> + <kbd>+<\/kbd> Yak\u0131nla\u015ft\u0131rmak i\u00e7in <\/p><div class=\"wp-block-image\"><figure class=\"aligncenter size-full is-resized\"><img loading=\"lazy\" decoding=\"async\" class=\"wp-image-69508\" src=\"https:\/\/exceladvisor.org\/wp-content\/uploads\/2023\/08\/2-raccourcis-clavier-pour-effectuer-un-zoom-arriere.png\" sizes=\"auto, \" srcset=\"\" alt=\"yak\u0131nla\u015ft\u0131rmak i\u00e7in klavye k\u0131sayolu\" width=\"818\" height=\"321\"><\/figure><\/div><p> <kbd>Ctrl<\/kbd> + <kbd>Alt<\/kbd> + <kbd>\u2013<\/kbd> Uzakla\u015ft\u0131rmak i\u00e7in <\/p><div class=\"wp-block-image\"><figure class=\"aligncenter size-full is-resized\"><img loading=\"lazy\" decoding=\"async\" class=\"wp-image-69509\" src=\"https:\/\/exceladvisor.org\/wp-content\/uploads\/2023\/08\/3-touches-de-raccourci-pour-zoomer-et-dezoomer.png\" sizes=\"auto, \" srcset=\"\" alt=\"yak\u0131nla\u015ft\u0131rma ve uzakla\u015ft\u0131rma k\u0131sayol tu\u015flar\u0131\" width=\"820\" height=\"322\"><\/figure><\/div><p> <kbd>Alt<\/kbd> \u2192 <kbd>V<\/kbd> \u2192 <kbd>Z<\/kbd><\/p><h2 class=\"wp-block-heading\"> Yak\u0131nla\u015ft\u0131rma Ad\u0131mlar\u0131 \u2013 Klavye K\u0131sayolunu Kullanarak Uzakla\u015ft\u0131rma<\/h2><ol><li> \u00d6ncelikle b\u00fcy\u00fctmek veya k\u00fc\u00e7\u00fcltmek istedi\u011finiz e-tabloyu a\u00e7\u0131n.<\/li><li> Bundan sonra, \u201cCtrl + Alt\u201d tu\u015flar\u0131n\u0131 bas\u0131l\u0131 tutun, ard\u0131ndan s\u0131ras\u0131yla yak\u0131nla\u015ft\u0131rmak veya uzakla\u015ft\u0131rmak i\u00e7in \u201c+\u201d art\u0131 i\u015faretine veya \u201c\u2013\u201d eksi i\u015faretine bas\u0131n.<\/li><li> Veya \u201cAlt \u2192 V \u2192 Z\u201d tu\u015flar\u0131na s\u0131ras\u0131yla bast\u0131\u011f\u0131n\u0131zda \u201cYak\u0131nla\u015ft\u0131r\u201d ileti\u015fim kutusunu a\u00e7acaks\u0131n\u0131z.<\/li><li> \u015eimdi, \u00f6nceden ayarlanm\u0131\u015f yak\u0131nla\u015ft\u0131rma se\u00e7ene\u011fini se\u00e7in veya klavyedeki yukar\u0131 ve a\u015fa\u011f\u0131 ok tu\u015flar\u0131n\u0131 kullanarak gerekti\u011fi gibi yak\u0131nla\u015ft\u0131rmak veya uzakla\u015ft\u0131rmak i\u00e7in \u201c\u00d6zel\u201d se\u00e7ene\u011fini se\u00e7in ve ard\u0131ndan \u201cEnter\u201d tu\u015funa bas\u0131n. <\/li><\/ol><div class=\"wp-block-image\"><figure class=\"aligncenter size-full is-resized\"><img loading=\"lazy\" decoding=\"async\" class=\"wp-image-69510\" src=\"https:\/\/exceladvisor.org\/wp-content\/uploads\/2023\/08\/4-boite-de-dialogue-de-zoom.png\" sizes=\"auto, \" srcset=\"\" alt=\"yak\u0131nla\u015ft\u0131rma ileti\u015fim kutusu\" width=\"233\" height=\"326\"><\/figure><\/div><h2 class=\"wp-block-heading\"> Paket servis<\/h2><ul><li> Ge\u00e7erli \u00e7al\u0131\u015fma sayfas\u0131n\u0131 yak\u0131nla\u015ft\u0131r\u0131r veya uzakla\u015ft\u0131r\u0131rsan\u0131z, Excel yaln\u0131zca o \u00e7al\u0131\u015fma sayfas\u0131n\u0131 yak\u0131nla\u015ft\u0131r\u0131r ve bu \u00e7al\u0131\u015fma kitab\u0131ndaki di\u011fer \u00e7al\u0131\u015fma sayfalar\u0131 de\u011fi\u015fmeden kal\u0131r.<\/li><li> Birden fazla \u00e7al\u0131\u015fma sayfas\u0131n\u0131 ayn\u0131 anda yak\u0131nla\u015ft\u0131rmak veya uzakla\u015ft\u0131rmak i\u00e7in t\u00fcm sayfalar\u0131 (sekmeleri) se\u00e7in ve ard\u0131ndan yak\u0131nla\u015ft\u0131rma veya uzakla\u015ft\u0131rma k\u0131sayollar\u0131n\u0131 kullan\u0131n.<\/li><li> Say\u0131 tu\u015flar\u0131n\u0131n bulundu\u011fu bir klavyeniz varsa bazen \u00fcst tu\u015flardan \u2013 eksi tu\u015fu d\u00fczg\u00fcn \u00e7al\u0131\u015fmayabilir, bu nedenle say\u0131 tu\u015flar\u0131ndan + art\u0131 ve \u2013 eksi tu\u015flar\u0131n\u0131 kullanmak daha do\u011fru olur. <\/li><\/ul><div class=\"wp-block-group more-tutorials is-layout-flow\"><div class=\"wp-block-group__inner-container\"><h2 class=\"wp-block-heading\"> Daha fazla e\u011fitim <\/h2><div class=\"wp-block-columns is-layout-flex wp-container-27\"><div class=\"wp-block-column is-layout-flow\"><ul><li> <a href=\"https:\/\/exceladvisor.org\/tr\/yeni-bir-sayfa-ekle\/\">Yeni bir sayfa ekle<\/a><\/li><li> <a href=\"https:\/\/exceladvisor.org\/tr\/bir-sayfayi-sil\/\">Sayfay\u0131 sil<\/a><\/li><li> <a href=\"https:\/\/exceladvisor.org\/tr\/bul-degistir-1\/\">Bul ve De\u011fi\u015ftir<\/a><\/li><li> <a href=\"https:\/\/exceladvisor.org\/tr\/deklansoru-dondur\/\">Tavay\u0131 dondurun<\/a><\/li><li> <a href=\"https:\/\/exceladvisor.org\/tr\/kopru-2\/\">K\u00f6pr\u00fc<\/a><\/li><\/ul><\/div><div class=\"wp-block-column is-layout-flow\"><\/div><\/div><p> \u21e0 <a href=\"https:\/\/exceladvisor.org\/tr\/klavye-kisayollari\/\">Excel k\u0131sayollar\u0131na geri d\u00f6n\u00fcn (PDF kopya sayfas\u0131)<\/a><\/p><\/div><\/div>","protected":false},"excerpt":{"rendered":"","protected":false},"author":1,"featured_media":0,"parent":0,"menu_order":0,"comment_status":"open","ping_status":"closed","template":"","meta":{"ub_ctt_via":"","footnotes":""},"class_list":["post-2176","page","type-page","status-publish","hentry"],"featured_image_src":null,"yoast_head":"<!-- This site is optimized with the Yoast SEO plugin v25.4 - https:\/\/yoast.com\/wordpress\/plugins\/seo\/ -->\n<title>\u25b7 Nas\u0131l yak\u0131nla\u015ft\u0131r\u0131l\u0131r veya uzakla\u015ft\u0131r\u0131l\u0131r? (Excel 2023 k\u0131sayolu)<\/title>\n<meta name=\"description\" content=\"Bu e\u011fitimde, Excel&#039;de yak\u0131nla\u015ft\u0131rmak ve uzakla\u015ft\u0131rmak i\u00e7in klavye k\u0131sayolunu nas\u0131l kullanaca\u011f\u0131n\u0131z\u0131 \u00f6\u011freneceksiniz. \u015eimdi bu klavye k\u0131sayolu\" \/>\n<meta name=\"robots\" content=\"index, follow, max-snippet:-1, max-image-preview:large, max-video-preview:-1\" \/>\n<link rel=\"canonical\" href=\"https:\/\/exceladvisor.org\/tr\/yaklastir-uzaklastir\/\" \/>\n<meta property=\"og:locale\" content=\"tr_TR\" \/>\n<meta property=\"og:type\" content=\"article\" \/>\n<meta property=\"og:title\" content=\"\u25b7 Nas\u0131l yak\u0131nla\u015ft\u0131r\u0131l\u0131r veya uzakla\u015ft\u0131r\u0131l\u0131r? (Excel 2023 k\u0131sayolu)\" \/>\n<meta property=\"og:description\" content=\"Bu e\u011fitimde, Excel&#039;de yak\u0131nla\u015ft\u0131rmak ve uzakla\u015ft\u0131rmak i\u00e7in klavye k\u0131sayolunu nas\u0131l kullanaca\u011f\u0131n\u0131z\u0131 \u00f6\u011freneceksiniz. \u015eimdi bu klavye k\u0131sayolu\" \/>\n<meta property=\"og:url\" content=\"https:\/\/exceladvisor.org\/tr\/yaklastir-uzaklastir\/\" \/>\n<meta property=\"og:site_name\" content=\"Excel Advisor\" \/>\n<meta property=\"article:modified_time\" content=\"2023-12-10T06:03:12+00:00\" \/>\n<meta property=\"og:image\" content=\"https:\/\/exceladvisor.org\/wp-content\/uploads\/2023\/08\/1-raccourci-clavier-pour-zoomer.png\" \/>\n<meta name=\"twitter:card\" content=\"summary_large_image\" \/>\n<meta name=\"twitter:label1\" content=\"Tahmini okuma s\u00fcresi\" \/>\n\t<meta name=\"twitter:data1\" content=\"2 dakika\" \/>\n<script type=\"application\/ld+json\" class=\"yoast-schema-graph\">{\"@context\":\"https:\/\/schema.org\",\"@graph\":[{\"@type\":\"WebPage\",\"@id\":\"https:\/\/exceladvisor.org\/tr\/yaklastir-uzaklastir\/\",\"url\":\"https:\/\/exceladvisor.org\/tr\/yaklastir-uzaklastir\/\",\"name\":\"\u25b7 Nas\u0131l yak\u0131nla\u015ft\u0131r\u0131l\u0131r veya uzakla\u015ft\u0131r\u0131l\u0131r? (Excel 2023 k\u0131sayolu)\",\"isPartOf\":{\"@id\":\"https:\/\/exceladvisor.org\/tr\/#website\"},\"primaryImageOfPage\":{\"@id\":\"https:\/\/exceladvisor.org\/tr\/yaklastir-uzaklastir\/#primaryimage\"},\"image\":{\"@id\":\"https:\/\/exceladvisor.org\/tr\/yaklastir-uzaklastir\/#primaryimage\"},\"thumbnailUrl\":\"https:\/\/exceladvisor.org\/wp-content\/uploads\/2023\/08\/1-raccourci-clavier-pour-zoomer.png\",\"datePublished\":\"2023-09-26T01:59:07+00:00\",\"dateModified\":\"2023-12-10T06:03:12+00:00\",\"description\":\"Bu e\u011fitimde, Excel&#39;de yak\u0131nla\u015ft\u0131rmak ve uzakla\u015ft\u0131rmak i\u00e7in klavye k\u0131sayolunu nas\u0131l kullanaca\u011f\u0131n\u0131z\u0131 \u00f6\u011freneceksiniz. \u015eimdi bu klavye k\u0131sayolu\",\"breadcrumb\":{\"@id\":\"https:\/\/exceladvisor.org\/tr\/yaklastir-uzaklastir\/#breadcrumb\"},\"inLanguage\":\"tr\",\"potentialAction\":[{\"@type\":\"ReadAction\",\"target\":[\"https:\/\/exceladvisor.org\/tr\/yaklastir-uzaklastir\/\"]}]},{\"@type\":\"ImageObject\",\"inLanguage\":\"tr\",\"@id\":\"https:\/\/exceladvisor.org\/tr\/yaklastir-uzaklastir\/#primaryimage\",\"url\":\"https:\/\/exceladvisor.org\/wp-content\/uploads\/2023\/08\/1-raccourci-clavier-pour-zoomer.png\",\"contentUrl\":\"https:\/\/exceladvisor.org\/wp-content\/uploads\/2023\/08\/1-raccourci-clavier-pour-zoomer.png\"},{\"@type\":\"BreadcrumbList\",\"@id\":\"https:\/\/exceladvisor.org\/tr\/yaklastir-uzaklastir\/#breadcrumb\",\"itemListElement\":[{\"@type\":\"ListItem\",\"position\":1,\"name\":\"Ev\",\"item\":\"https:\/\/exceladvisor.org\/tr\/\"},{\"@type\":\"ListItem\",\"position\":2,\"name\":\"Excel&#39;de yak\u0131nla\u015ft\u0131rma veya uzakla\u015ft\u0131rma nas\u0131l yap\u0131l\u0131r?\"}]},{\"@type\":\"WebSite\",\"@id\":\"https:\/\/exceladvisor.org\/tr\/#website\",\"url\":\"https:\/\/exceladvisor.org\/tr\/\",\"name\":\"Excel Advisor\",\"description\":\"Veri hakimiyetine y\u00f6nelik nihai rehberiniz!\",\"publisher\":{\"@id\":\"https:\/\/exceladvisor.org\/tr\/#organization\"},\"potentialAction\":[{\"@type\":\"SearchAction\",\"target\":{\"@type\":\"EntryPoint\",\"urlTemplate\":\"https:\/\/exceladvisor.org\/tr\/?s={search_term_string}\"},\"query-input\":{\"@type\":\"PropertyValueSpecification\",\"valueRequired\":true,\"valueName\":\"search_term_string\"}}],\"inLanguage\":\"tr\"},{\"@type\":\"Organization\",\"@id\":\"https:\/\/exceladvisor.org\/tr\/#organization\",\"name\":\"Excel Advisor\",\"url\":\"https:\/\/exceladvisor.org\/tr\/\",\"logo\":{\"@type\":\"ImageObject\",\"inLanguage\":\"tr\",\"@id\":\"https:\/\/exceladvisor.org\/tr\/#\/schema\/logo\/image\/\",\"url\":\"https:\/\/exceladvisor.org\/tr\/wp-content\/uploads\/2023\/12\/exceladvisor.org_.png\",\"contentUrl\":\"https:\/\/exceladvisor.org\/tr\/wp-content\/uploads\/2023\/12\/exceladvisor.org_.png\",\"width\":105,\"height\":36,\"caption\":\"Excel Advisor\"},\"image\":{\"@id\":\"https:\/\/exceladvisor.org\/tr\/#\/schema\/logo\/image\/\"}}]}<\/script>\n<!-- \/ Yoast SEO plugin. -->","yoast_head_json":{"title":"\u25b7 Nas\u0131l yak\u0131nla\u015ft\u0131r\u0131l\u0131r veya uzakla\u015ft\u0131r\u0131l\u0131r? (Excel 2023 k\u0131sayolu)","description":"Bu e\u011fitimde, Excel&#39;de yak\u0131nla\u015ft\u0131rmak ve uzakla\u015ft\u0131rmak i\u00e7in klavye k\u0131sayolunu nas\u0131l kullanaca\u011f\u0131n\u0131z\u0131 \u00f6\u011freneceksiniz. \u015eimdi bu klavye k\u0131sayolu","robots":{"index":"index","follow":"follow","max-snippet":"max-snippet:-1","max-image-preview":"max-image-preview:large","max-video-preview":"max-video-preview:-1"},"canonical":"https:\/\/exceladvisor.org\/tr\/yaklastir-uzaklastir\/","og_locale":"tr_TR","og_type":"article","og_title":"\u25b7 Nas\u0131l yak\u0131nla\u015ft\u0131r\u0131l\u0131r veya uzakla\u015ft\u0131r\u0131l\u0131r? (Excel 2023 k\u0131sayolu)","og_description":"Bu e\u011fitimde, Excel&#39;de yak\u0131nla\u015ft\u0131rmak ve uzakla\u015ft\u0131rmak i\u00e7in klavye k\u0131sayolunu nas\u0131l kullanaca\u011f\u0131n\u0131z\u0131 \u00f6\u011freneceksiniz. \u015eimdi bu klavye k\u0131sayolu","og_url":"https:\/\/exceladvisor.org\/tr\/yaklastir-uzaklastir\/","og_site_name":"Excel Advisor","article_modified_time":"2023-12-10T06:03:12+00:00","og_image":[{"url":"https:\/\/exceladvisor.org\/wp-content\/uploads\/2023\/08\/1-raccourci-clavier-pour-zoomer.png","type":"","width":"","height":""}],"twitter_card":"summary_large_image","twitter_misc":{"Tahmini okuma s\u00fcresi":"2 dakika"},"schema":{"@context":"https:\/\/schema.org","@graph":[{"@type":"WebPage","@id":"https:\/\/exceladvisor.org\/tr\/yaklastir-uzaklastir\/","url":"https:\/\/exceladvisor.org\/tr\/yaklastir-uzaklastir\/","name":"\u25b7 Nas\u0131l yak\u0131nla\u015ft\u0131r\u0131l\u0131r veya uzakla\u015ft\u0131r\u0131l\u0131r? (Excel 2023 k\u0131sayolu)","isPartOf":{"@id":"https:\/\/exceladvisor.org\/tr\/#website"},"primaryImageOfPage":{"@id":"https:\/\/exceladvisor.org\/tr\/yaklastir-uzaklastir\/#primaryimage"},"image":{"@id":"https:\/\/exceladvisor.org\/tr\/yaklastir-uzaklastir\/#primaryimage"},"thumbnailUrl":"https:\/\/exceladvisor.org\/wp-content\/uploads\/2023\/08\/1-raccourci-clavier-pour-zoomer.png","datePublished":"2023-09-26T01:59:07+00:00","dateModified":"2023-12-10T06:03:12+00:00","description":"Bu e\u011fitimde, Excel&#39;de yak\u0131nla\u015ft\u0131rmak ve uzakla\u015ft\u0131rmak i\u00e7in klavye k\u0131sayolunu nas\u0131l kullanaca\u011f\u0131n\u0131z\u0131 \u00f6\u011freneceksiniz. \u015eimdi bu klavye k\u0131sayolu","breadcrumb":{"@id":"https:\/\/exceladvisor.org\/tr\/yaklastir-uzaklastir\/#breadcrumb"},"inLanguage":"tr","potentialAction":[{"@type":"ReadAction","target":["https:\/\/exceladvisor.org\/tr\/yaklastir-uzaklastir\/"]}]},{"@type":"ImageObject","inLanguage":"tr","@id":"https:\/\/exceladvisor.org\/tr\/yaklastir-uzaklastir\/#primaryimage","url":"https:\/\/exceladvisor.org\/wp-content\/uploads\/2023\/08\/1-raccourci-clavier-pour-zoomer.png","contentUrl":"https:\/\/exceladvisor.org\/wp-content\/uploads\/2023\/08\/1-raccourci-clavier-pour-zoomer.png"},{"@type":"BreadcrumbList","@id":"https:\/\/exceladvisor.org\/tr\/yaklastir-uzaklastir\/#breadcrumb","itemListElement":[{"@type":"ListItem","position":1,"name":"Ev","item":"https:\/\/exceladvisor.org\/tr\/"},{"@type":"ListItem","position":2,"name":"Excel&#39;de yak\u0131nla\u015ft\u0131rma veya uzakla\u015ft\u0131rma nas\u0131l yap\u0131l\u0131r?"}]},{"@type":"WebSite","@id":"https:\/\/exceladvisor.org\/tr\/#website","url":"https:\/\/exceladvisor.org\/tr\/","name":"Excel Advisor","description":"Veri hakimiyetine y\u00f6nelik nihai rehberiniz!","publisher":{"@id":"https:\/\/exceladvisor.org\/tr\/#organization"},"potentialAction":[{"@type":"SearchAction","target":{"@type":"EntryPoint","urlTemplate":"https:\/\/exceladvisor.org\/tr\/?s={search_term_string}"},"query-input":{"@type":"PropertyValueSpecification","valueRequired":true,"valueName":"search_term_string"}}],"inLanguage":"tr"},{"@type":"Organization","@id":"https:\/\/exceladvisor.org\/tr\/#organization","name":"Excel Advisor","url":"https:\/\/exceladvisor.org\/tr\/","logo":{"@type":"ImageObject","inLanguage":"tr","@id":"https:\/\/exceladvisor.org\/tr\/#\/schema\/logo\/image\/","url":"https:\/\/exceladvisor.org\/tr\/wp-content\/uploads\/2023\/12\/exceladvisor.org_.png","contentUrl":"https:\/\/exceladvisor.org\/tr\/wp-content\/uploads\/2023\/12\/exceladvisor.org_.png","width":105,"height":36,"caption":"Excel Advisor"},"image":{"@id":"https:\/\/exceladvisor.org\/tr\/#\/schema\/logo\/image\/"}}]}},"yoast_meta":{"yoast_wpseo_title":"","yoast_wpseo_metadesc":"","yoast_wpseo_canonical":""},"_links":{"self":[{"href":"https:\/\/exceladvisor.org\/tr\/wp-json\/wp\/v2\/pages\/2176","targetHints":{"allow":["GET"]}}],"collection":[{"href":"https:\/\/exceladvisor.org\/tr\/wp-json\/wp\/v2\/pages"}],"about":[{"href":"https:\/\/exceladvisor.org\/tr\/wp-json\/wp\/v2\/types\/page"}],"author":[{"embeddable":true,"href":"https:\/\/exceladvisor.org\/tr\/wp-json\/wp\/v2\/users\/1"}],"replies":[{"embeddable":true,"href":"https:\/\/exceladvisor.org\/tr\/wp-json\/wp\/v2\/comments?post=2176"}],"version-history":[{"count":1,"href":"https:\/\/exceladvisor.org\/tr\/wp-json\/wp\/v2\/pages\/2176\/revisions"}],"predecessor-version":[{"id":2640,"href":"https:\/\/exceladvisor.org\/tr\/wp-json\/wp\/v2\/pages\/2176\/revisions\/2640"}],"wp:attachment":[{"href":"https:\/\/exceladvisor.org\/tr\/wp-json\/wp\/v2\/media?parent=2176"}],"curies":[{"name":"wp","href":"https:\/\/api.w.org\/{rel}","templated":true}]}}