{"id":2177,"date":"2023-09-25T23:25:01","date_gmt":"2023-09-25T23:25:01","guid":{"rendered":"https:\/\/exceladvisor.org\/tr\/excel-formul-cubugu\/"},"modified":"2023-12-10T06:01:24","modified_gmt":"2023-12-10T06:01:24","slug":"excel-formul-cubugu","status":"publish","type":"page","link":"https:\/\/exceladvisor.org\/tr\/excel-formul-cubugu\/","title":{"rendered":"Excel&#39;de form\u00fcl \u00e7ubu\u011fu nas\u0131l kullan\u0131l\u0131r?"},"content":{"rendered":"<div class=\"excel-icerikten-once\" id=\"excel-1420071867\"><script type=\"text\/javascript\">\r\n\tatOptions = {\r\n\t\t'key' : 'c1158f160081d6540a8409e6925dab94',\r\n\t\t'format' : 'iframe',\r\n\t\t'height' : 250,\r\n\t\t'width' : 300,\r\n\t\t'params' : {}\r\n\t};\r\n<\/script>\r\n<script type=\"text\/javascript\" src=\"\/\/www.highperformanceformat.com\/c1158f160081d6540a8409e6925dab94\/invoke.js\"><\/script><\/div> <div class=\"gb-container gb-container-ab8cc27b\"><p class=\"wp-block-heading\"><strong>Anahtar noktalar\u0131<\/strong><\/p><ul><li> Form\u00fcl \u00e7ubu\u011funu gizleyebilir ve g\u00f6sterebilirsiniz.<\/li><li> Y\u00fcksekli\u011fini de\u011fi\u015ftirebilirsiniz (b\u00fcy\u00fctebilirsiniz), ancak konumunu de\u011fi\u015ftiremezsiniz.<\/li><\/ul><h2 class=\"wp-block-heading\"> Excel Form\u00fcl \u00c7ubu\u011fu nedir?<\/h2><p> Excel form\u00fcl \u00e7ubu\u011fu, \u015feridin alt\u0131nda se\u00e7ilen h\u00fccrenin i\u00e7eri\u011fini g\u00f6r\u00fcnt\u00fcleyen ve sol tarafta se\u00e7ilen h\u00fccrenin adresini g\u00f6r\u00fcnt\u00fcleyen ince bir \u00e7ubuktur. Ayr\u0131ca form\u00fcl \u00e7ubu\u011fundan h\u00fccreye bir de\u011fer girebilirsiniz. \u00dc\u00e7 d\u00fc\u011fmesi vard\u0131r (Giri\u015f, \u0130ptal ve Ekle \u0130\u015flevi). <\/p><\/div><div class=\"wp-block-image\"><figure class=\"aligncenter size-large is-resized\"><img loading=\"lazy\" decoding=\"async\" class=\"wp-image-50542\" src=\"https:\/\/exceladvisor.org\/wp-content\/uploads\/2023\/08\/1-barre-de-formule-excel.png\" sizes=\"auto, \" srcset=\"\" alt=\"excel form\u00fcl \u00e7ubu\u011fu\" width=\"623\" height=\"57\"><\/figure><\/div><ul><li> \u0130sim kutusu<\/li><li> Yatay olarak geni\u015flet<\/li><li> D\u00fc\u011fmeler<\/li><li> Giri\u015f \u00e7ubu\u011fu<\/li><li> Dikey olarak geni\u015flet<\/li><\/ul><h2 class=\"wp-block-heading\"> Form\u00fcl \u00e7ubu\u011fu nas\u0131l g\u00f6sterilir (veya gizlenir)<\/h2><p> Form\u00fcl \u00e7ubu\u011fu varsay\u0131lan olarak etkindir ancak gizliyse G\u00f6r\u00fcn\u00fcm sekmesinden etkinle\u015ftirebilirsiniz.<\/p><ol><li> \u00d6nce G\u00f6r\u00fcn\u00fcm sekmesine, ard\u0131ndan G\u00f6r\u00fcn\u00fcm grubuna gidin ve form\u00fcl \u00e7ubu\u011funu kontrol edin. <br><img loading=\"lazy\" decoding=\"async\" title=\"2-form\u00fcl \u00e7ubu\u011funun-nas\u0131l-g\u00f6r\u00fcnt\u00fclenece\u011fi\" src=\"https:\/\/exceladvisor.org\/wp-content\/uploads\/2023\/08\/2-comment-afficher-la-barre-de-formule.png\" sizes=\"auto, \" srcset=\"\" alt=\"how-to-show-formula-bar\" width=\"519\" height=\"164\"><\/li><li> Bunun d\u0131\u015f\u0131nda Excel se\u00e7eneklerinden de etkinle\u015ftirebilirsiniz.<\/li><li> Excel Se\u00e7enekleri \u279c Geli\u015fmi\u015f \u279c G\u00f6r\u00fcn\u00fcm \u279c Form\u00fcl \u00c7ubu\u011funu G\u00f6ster&#8217;e gidin. <br><img loading=\"lazy\" decoding=\"async\" title=\"3-excel-se\u00e7eneklerini-form\u00fcl-\u00e7ubu\u011funu etkinle\u015ftir\" src=\"https:\/\/exceladvisor.org\/wp-content\/uploads\/2023\/08\/3-activer-la-barre-de-formule-a-partir-des-options-Excel.png\" sizes=\"auto, \" srcset=\"\" alt=\"activate-formula-bar-from-excel-options\" width=\"645\" height=\"280\"><\/li><\/ol><p> Gizlemek istiyorsan\u0131z ayn\u0131 ad\u0131mlar\u0131 kullanabilirsiniz.<\/p><h2 class=\"wp-block-heading\"> Form\u00fcl \u00c7ubu\u011funu Geni\u015flet<\/h2><p> Varsay\u0131lan olarak form\u00fcl \u00e7ubu\u011fu incedir ancak onu b\u00fcy\u00fct\u00fcp biraz geni\u015fletebilirsiniz. \u0130mlecinizi form\u00fcl \u00e7ubu\u011funun alt\u0131na getirdi\u011finizde \u00e7ift u\u00e7lu dikey oka d\u00f6n\u00fc\u015f\u00fcr, ard\u0131ndan geni\u015fletmek i\u00e7in a\u015fa\u011f\u0131 s\u00fcr\u00fckleyebilirsiniz. <\/p><div class=\"wp-block-image\"><figure class=\"aligncenter size-large is-resized\"><img loading=\"lazy\" decoding=\"async\" class=\"wp-image-50545\" src=\"https:\/\/exceladvisor.org\/wp-content\/uploads\/2023\/08\/4-developper-la-barre-de-formule.png\" sizes=\"auto, \" srcset=\"\" alt=\"form\u00fcl \u00e7ubu\u011funu geni\u015flet\" width=\"617\" height=\"66\"><\/figure><\/div><p> Form\u00fcl \u00e7ubu\u011funu dikey olarak geni\u015fletmek i\u00e7in kullanabilece\u011finiz bir k\u0131sayol tu\u015fu da ( <strong>Ctrl + Shift + U<\/strong> ) vard\u0131r. Sa\u011f taraftaki a\u00e7\u0131l\u0131r simgeyi de kullanabilirsiniz. <\/p><div class=\"wp-block-image\"><figure class=\"aligncenter size-large is-resized\"><img loading=\"lazy\" decoding=\"async\" class=\"wp-image-50546\" src=\"https:\/\/exceladvisor.org\/wp-content\/uploads\/2023\/08\/5-raccourcis-clavier-Excel-pour-developper-la-barre-de-formule.png\" sizes=\"auto, \" srcset=\"\" alt=\"form\u00fcl \u00e7ubu\u011funu geni\u015fletme k\u0131sayolu excel tu\u015fu\" width=\"317\" height=\"90\"><\/figure><\/div><p> Geni\u015fli\u011fini de\u011fi\u015ftirmek isterseniz, imlecinizi ad kutusu ile form\u00fcl \u00e7ubu\u011fu aras\u0131ndaki \u00fc\u00e7 noktan\u0131n \u00fczerine getirip ard\u0131ndan sa\u011fa veya sola do\u011fru uzatarak bunu yapabilirsiniz.<\/p><p class=\"link\"> <strong>\u0130lgili \u2013 <a href=\"https:\/\/exceladvisor.org\/tr\/klavye-kisayollari\/\">Excel Klavye K\u0131sayolu Hile Sayfas\u0131<\/a><\/strong><\/p><h2 class=\"wp-block-heading\"> Form\u00fcl \u00e7ubu\u011fundan veri girme<\/h2><p> Form\u00fcl \u00e7ubu\u011fundan <a href=\"https:\/\/exceladvisor.org\/tr\/hucreyi-duzenle\/\">d\u00fczenleyerek bir h\u00fccreye<\/a> veri girebilirsiniz. Bunu yapmak i\u00e7in h\u00fccreyi se\u00e7meniz ve form\u00fcl \u00e7ubu\u011fundaki giri\u015f \u00e7ubu\u011funa t\u0131klaman\u0131z gerekir. <\/p><div class=\"wp-block-image\"><figure class=\"aligncenter size-large is-resized\"><img loading=\"lazy\" decoding=\"async\" class=\"wp-image-50547\" src=\"https:\/\/exceladvisor.org\/wp-content\/uploads\/2023\/08\/6-saisir-les-donnees-de-la-barre-de-formule.png\" sizes=\"auto, \" srcset=\"\" alt=\"form\u00fcl \u00e7ubu\u011fundan-verileri-girin\" width=\"298\" height=\"152\"><\/figure><\/div><p> Ve girmek istedi\u011finiz de\u011ferle i\u015finiz bitti\u011finde; form\u00fcl \u00e7ubu\u011funun sol taraf\u0131nda bulunan Enter d\u00fc\u011fmesine t\u0131klayabilirsiniz. <\/p><div class=\"wp-block-image\"><figure class=\"aligncenter size-large is-resized\"><img loading=\"lazy\" decoding=\"async\" class=\"wp-image-50548\" src=\"https:\/\/exceladvisor.org\/wp-content\/uploads\/2023\/08\/7-cliquez-sur-le-bouton-entrer.png\" sizes=\"auto, \" srcset=\"\" alt=\"giri\u015f d\u00fc\u011fmesine t\u0131klay\u0131n\" width=\"350\" height=\"162\"><\/figure><\/div><p> Veri giri\u015fini iptal etmek i\u00e7in bir d\u00fc\u011fme de bulunmaktad\u0131r veya ka\u00e7\u0131\u015f tu\u015funa basabilirsiniz.<\/p><h2 class=\"wp-block-heading\"> Form\u00fcl \u00e7ubu\u011funu kullanarak bir i\u015flev girin<\/h2><p> Form\u00fcl \u00e7ubu\u011funda i\u015flev ekle d\u00fc\u011fmesi bulunur ve bu d\u00fc\u011fmeye t\u0131klad\u0131\u011f\u0131n\u0131zda i\u015flevi bulup ekleyebilece\u011finiz bir ileti\u015fim kutusu a\u00e7\u0131l\u0131r. <\/p><div class=\"wp-block-image\"><figure class=\"aligncenter size-large is-resized\"><img loading=\"lazy\" decoding=\"async\" class=\"wp-image-50549\" src=\"https:\/\/exceladvisor.org\/wp-content\/uploads\/2023\/08\/8-saisir-une-fonction-a-laide-de-la-barre-de-formule.png\" sizes=\"auto, \" srcset=\"\" alt=\"form\u00fcl \u00e7ubu\u011funu kullanarak bir i\u015fleve girin\" width=\"556\" height=\"374\"><\/figure><\/div><p> Eklemek istedi\u011finiz i\u015flevi se\u00e7tikten sonra Tamam&#8217;\u0131 t\u0131klay\u0131n; i\u015flev ba\u011f\u0131ms\u0131z de\u011fi\u015fkenlerini ayarlaman\u0131z i\u00e7in size bir ileti\u015fim kutusu g\u00f6sterecektir. <\/p><div class=\"wp-block-image\"><figure class=\"aligncenter size-large is-resized\"><img loading=\"lazy\" decoding=\"async\" class=\"wp-image-50550\" src=\"https:\/\/exceladvisor.org\/wp-content\/uploads\/2023\/08\/9-selectionnez-la-fonction-que-vous-souhaitez-inserer.png\" sizes=\"auto, \" srcset=\"\" alt=\"eklemek istedi\u011finiz i\u015flevi se\u00e7in\" width=\"501\" height=\"273\"><\/figure><\/div><h2 class=\"wp-block-heading\"> Ad kutusunu kullan\u0131n<\/h2><p> Form\u00fcl \u00e7ubu\u011funun sa\u011f taraf\u0131nda se\u00e7ilen h\u00fccrenin adresini g\u00f6r\u00fcnt\u00fcleyen bir ad kutusu bulunur. Ancak gezinmek i\u00e7in bu ad kutusunu da kullanabilirsiniz.<\/p><p> Belirli bir h\u00fccre veya aral\u0131ks\u0131n\u0131z. Ad kutusuna t\u0131klad\u0131\u011f\u0131n\u0131zda onu d\u00fczenlemenize olanak tan\u0131r ve bir h\u00fccre adresi girebilirsiniz, bunu yap\u0131p enter tu\u015funa bast\u0131\u011f\u0131n\u0131zda sizi o h\u00fccreye y\u00f6nlendirecektir. <\/p><div class=\"wp-block-image\"><figure class=\"aligncenter size-large is-resized\"><img loading=\"lazy\" decoding=\"async\" class=\"wp-image-50551\" src=\"https:\/\/exceladvisor.org\/wp-content\/uploads\/2023\/08\/10-utiliser-la-boite-de-nom.png\" sizes=\"auto, \" srcset=\"\" alt=\"kullan\u0131m ad\u0131 kutusu\" width=\"241\" height=\"90\"><\/figure><\/div><p> Benzer \u015fekilde, bir par\u00e7ay\u0131 se\u00e7mek i\u00e7in adresini de girebilirsiniz. <\/p><div class=\"wp-block-image\"><figure class=\"aligncenter size-large is-resized\"><img loading=\"lazy\" decoding=\"async\" class=\"wp-image-50552\" src=\"https:\/\/exceladvisor.org\/wp-content\/uploads\/2023\/08\/11-entrez-une-adresse-de-plage.png\" sizes=\"auto, \" srcset=\"\" alt=\"bir adres aral\u0131\u011f\u0131 girin\" width=\"162\" height=\"286\"><\/figure><\/div><h2 class=\"wp-block-heading\"> Form\u00fcl \u00e7ubu\u011fundan \u015fekilleri d\u00fczenleme<\/h2><p> Bir h\u00fccreye \u015fekil ba\u011flamak istiyorsan\u0131z bunu form\u00fcl \u00e7ubu\u011fundan d\u00fczenleyerek yapabilirsiniz. <\/p><div class=\"wp-block-image\"><figure class=\"aligncenter size-large is-resized\"><img loading=\"lazy\" decoding=\"async\" class=\"wp-image-50553\" src=\"https:\/\/exceladvisor.org\/wp-content\/uploads\/2023\/08\/12-formes-dedition-a-partir-de-la-barre-de-formule.png\" sizes=\"auto, \" srcset=\"\" alt=\"form\u00fcl \u00e7ubu\u011fu \u015fekillerini d\u00fczenle\" width=\"475\" height=\"213\"><\/figure><\/div><ol type=\"1\"><li> E-tabloda sahip oldu\u011funuz \u015fekli se\u00e7in.<\/li><li> D\u00fczenlemek i\u00e7in form\u00fcl \u00e7ubu\u011funu t\u0131klay\u0131n.<\/li><li> \u201c=\u201d girin ve \u015fekle ba\u011flamak istedi\u011finiz h\u00fccreyi se\u00e7in.<\/li><li> Sonunda Tamam&#8217;\u0131 t\u0131klay\u0131n.<\/li><\/ol><div class=\"gb-container gb-container-4db6181c gb-container-mt\"> <a class=\"gb-button gb-button-c5897111 gb-button-text gb-button-mt-button\" href=\"https:\/\/exceladvisor.org\/tr\/excelin-temelleri\/\">Microsoft Excel Temelleri (Bile\u015fenler, Par\u00e7alar ve Bilgi Notlar\u0131)<\/a><h2 class=\"gb-headline gb-headline-665e5f6b gb-headline-text gb-headline-mt-heading\"> \u0130lgili e\u011fitimler <\/h2><div class=\"gb-grid-wrapper gb-grid-wrapper-a20baf7c gb-grid-wrapper-mt-grid\"><div class=\"gb-grid-column gb-grid-column-65ddf67e\"><div class=\"gb-container gb-container-65ddf67e\"><ul><li> <a href=\"https:\/\/exceladvisor.org\/tr\/hizli-erisim-cubugu\/\">Excel&#8217;de H\u0131zl\u0131 Eri\u015fim Ara\u00e7 \u00c7ubu\u011fu<\/a><\/li><li> <a href=\"https:\/\/exceladvisor.org\/tr\/durum-cubugu\/\">Excel&#8217;deki durum \u00e7ubu\u011fu<\/a><\/li><li> <a href=\"https:\/\/exceladvisor.org\/tr\/metin-bolgesi\/\">Excel&#8217;e metin kutusu ekleme<\/a><\/li><li> <a href=\"https:\/\/exceladvisor.org\/tr\/otomatik-yuvarlanan-aylar\/\">Excel&#8217;de otomatik yuvarlanan aylar<\/a><\/li><li> <a href=\"https:\/\/exceladvisor.org\/tr\/kamera-arkasi-gorunumu\/\">Excel&#8217;de Sahne Arkas\u0131 g\u00f6r\u00fcn\u00fcm\u00fcn\u00fc a\u00e7<\/a> <\/li><\/ul><\/div><\/div><div class=\"gb-grid-column gb-grid-column-50067b57\"><div class=\"gb-container gb-container-50067b57\"><\/div><\/div><\/div><\/div>","protected":false},"excerpt":{"rendered":"","protected":false},"author":1,"featured_media":0,"parent":0,"menu_order":0,"comment_status":"open","ping_status":"closed","template":"","meta":{"ub_ctt_via":"","footnotes":""},"class_list":["post-2177","page","type-page","status-publish","hentry"],"featured_image_src":null,"yoast_head":"<!-- This site is optimized with the Yoast SEO plugin v25.4 - https:\/\/yoast.com\/wordpress\/plugins\/seo\/ -->\n<title>Excel&#039;de form\u00fcl \u00e7ubu\u011fu nas\u0131l kullan\u0131l\u0131r? (E\u011fitim 2023)<\/title>\n<meta name=\"description\" content=\"Excel form\u00fcl \u00e7ubu\u011fu, \u015feridin alt\u0131nda se\u00e7ilen h\u00fccrenin i\u00e7eri\u011fini g\u00f6r\u00fcnt\u00fcleyen ve adresini g\u00f6r\u00fcnt\u00fcleyen ince bir \u00e7ubuktur.\" \/>\n<meta name=\"robots\" content=\"index, follow, max-snippet:-1, max-image-preview:large, max-video-preview:-1\" \/>\n<link rel=\"canonical\" href=\"https:\/\/exceladvisor.org\/tr\/excel-formul-cubugu\/\" \/>\n<meta property=\"og:locale\" content=\"tr_TR\" \/>\n<meta property=\"og:type\" content=\"article\" \/>\n<meta property=\"og:title\" content=\"Excel&#039;de form\u00fcl \u00e7ubu\u011fu nas\u0131l kullan\u0131l\u0131r? (E\u011fitim 2023)\" \/>\n<meta property=\"og:description\" content=\"Excel form\u00fcl \u00e7ubu\u011fu, \u015feridin alt\u0131nda se\u00e7ilen h\u00fccrenin i\u00e7eri\u011fini g\u00f6r\u00fcnt\u00fcleyen ve adresini g\u00f6r\u00fcnt\u00fcleyen ince bir \u00e7ubuktur.\" \/>\n<meta property=\"og:url\" content=\"https:\/\/exceladvisor.org\/tr\/excel-formul-cubugu\/\" \/>\n<meta property=\"og:site_name\" content=\"Excel Advisor\" \/>\n<meta property=\"article:modified_time\" content=\"2023-12-10T06:01:24+00:00\" \/>\n<meta property=\"og:image\" content=\"https:\/\/exceladvisor.org\/wp-content\/uploads\/2023\/08\/1-barre-de-formule-excel.png\" \/>\n<meta name=\"twitter:card\" content=\"summary_large_image\" \/>\n<meta name=\"twitter:label1\" content=\"Tahmini okuma s\u00fcresi\" \/>\n\t<meta name=\"twitter:data1\" content=\"3 dakika\" \/>\n<script type=\"application\/ld+json\" class=\"yoast-schema-graph\">{\"@context\":\"https:\/\/schema.org\",\"@graph\":[{\"@type\":\"WebPage\",\"@id\":\"https:\/\/exceladvisor.org\/tr\/excel-formul-cubugu\/\",\"url\":\"https:\/\/exceladvisor.org\/tr\/excel-formul-cubugu\/\",\"name\":\"Excel&#39;de form\u00fcl \u00e7ubu\u011fu nas\u0131l kullan\u0131l\u0131r? (E\u011fitim 2023)\",\"isPartOf\":{\"@id\":\"https:\/\/exceladvisor.org\/tr\/#website\"},\"primaryImageOfPage\":{\"@id\":\"https:\/\/exceladvisor.org\/tr\/excel-formul-cubugu\/#primaryimage\"},\"image\":{\"@id\":\"https:\/\/exceladvisor.org\/tr\/excel-formul-cubugu\/#primaryimage\"},\"thumbnailUrl\":\"https:\/\/exceladvisor.org\/wp-content\/uploads\/2023\/08\/1-barre-de-formule-excel.png\",\"datePublished\":\"2023-09-25T23:25:01+00:00\",\"dateModified\":\"2023-12-10T06:01:24+00:00\",\"description\":\"Excel form\u00fcl \u00e7ubu\u011fu, \u015feridin alt\u0131nda se\u00e7ilen h\u00fccrenin i\u00e7eri\u011fini g\u00f6r\u00fcnt\u00fcleyen ve adresini g\u00f6r\u00fcnt\u00fcleyen ince bir \u00e7ubuktur.\",\"breadcrumb\":{\"@id\":\"https:\/\/exceladvisor.org\/tr\/excel-formul-cubugu\/#breadcrumb\"},\"inLanguage\":\"tr\",\"potentialAction\":[{\"@type\":\"ReadAction\",\"target\":[\"https:\/\/exceladvisor.org\/tr\/excel-formul-cubugu\/\"]}]},{\"@type\":\"ImageObject\",\"inLanguage\":\"tr\",\"@id\":\"https:\/\/exceladvisor.org\/tr\/excel-formul-cubugu\/#primaryimage\",\"url\":\"https:\/\/exceladvisor.org\/wp-content\/uploads\/2023\/08\/1-barre-de-formule-excel.png\",\"contentUrl\":\"https:\/\/exceladvisor.org\/wp-content\/uploads\/2023\/08\/1-barre-de-formule-excel.png\"},{\"@type\":\"BreadcrumbList\",\"@id\":\"https:\/\/exceladvisor.org\/tr\/excel-formul-cubugu\/#breadcrumb\",\"itemListElement\":[{\"@type\":\"ListItem\",\"position\":1,\"name\":\"Ev\",\"item\":\"https:\/\/exceladvisor.org\/tr\/\"},{\"@type\":\"ListItem\",\"position\":2,\"name\":\"Excel&#39;de form\u00fcl \u00e7ubu\u011fu nas\u0131l kullan\u0131l\u0131r?\"}]},{\"@type\":\"WebSite\",\"@id\":\"https:\/\/exceladvisor.org\/tr\/#website\",\"url\":\"https:\/\/exceladvisor.org\/tr\/\",\"name\":\"Excel Advisor\",\"description\":\"Veri hakimiyetine y\u00f6nelik nihai rehberiniz!\",\"publisher\":{\"@id\":\"https:\/\/exceladvisor.org\/tr\/#organization\"},\"potentialAction\":[{\"@type\":\"SearchAction\",\"target\":{\"@type\":\"EntryPoint\",\"urlTemplate\":\"https:\/\/exceladvisor.org\/tr\/?s={search_term_string}\"},\"query-input\":{\"@type\":\"PropertyValueSpecification\",\"valueRequired\":true,\"valueName\":\"search_term_string\"}}],\"inLanguage\":\"tr\"},{\"@type\":\"Organization\",\"@id\":\"https:\/\/exceladvisor.org\/tr\/#organization\",\"name\":\"Excel Advisor\",\"url\":\"https:\/\/exceladvisor.org\/tr\/\",\"logo\":{\"@type\":\"ImageObject\",\"inLanguage\":\"tr\",\"@id\":\"https:\/\/exceladvisor.org\/tr\/#\/schema\/logo\/image\/\",\"url\":\"https:\/\/exceladvisor.org\/tr\/wp-content\/uploads\/2023\/12\/exceladvisor.org_.png\",\"contentUrl\":\"https:\/\/exceladvisor.org\/tr\/wp-content\/uploads\/2023\/12\/exceladvisor.org_.png\",\"width\":105,\"height\":36,\"caption\":\"Excel Advisor\"},\"image\":{\"@id\":\"https:\/\/exceladvisor.org\/tr\/#\/schema\/logo\/image\/\"}}]}<\/script>\n<!-- \/ Yoast SEO plugin. -->","yoast_head_json":{"title":"Excel&#39;de form\u00fcl \u00e7ubu\u011fu nas\u0131l kullan\u0131l\u0131r? (E\u011fitim 2023)","description":"Excel form\u00fcl \u00e7ubu\u011fu, \u015feridin alt\u0131nda se\u00e7ilen h\u00fccrenin i\u00e7eri\u011fini g\u00f6r\u00fcnt\u00fcleyen ve adresini g\u00f6r\u00fcnt\u00fcleyen ince bir \u00e7ubuktur.","robots":{"index":"index","follow":"follow","max-snippet":"max-snippet:-1","max-image-preview":"max-image-preview:large","max-video-preview":"max-video-preview:-1"},"canonical":"https:\/\/exceladvisor.org\/tr\/excel-formul-cubugu\/","og_locale":"tr_TR","og_type":"article","og_title":"Excel&#39;de form\u00fcl \u00e7ubu\u011fu nas\u0131l kullan\u0131l\u0131r? (E\u011fitim 2023)","og_description":"Excel form\u00fcl \u00e7ubu\u011fu, \u015feridin alt\u0131nda se\u00e7ilen h\u00fccrenin i\u00e7eri\u011fini g\u00f6r\u00fcnt\u00fcleyen ve adresini g\u00f6r\u00fcnt\u00fcleyen ince bir \u00e7ubuktur.","og_url":"https:\/\/exceladvisor.org\/tr\/excel-formul-cubugu\/","og_site_name":"Excel Advisor","article_modified_time":"2023-12-10T06:01:24+00:00","og_image":[{"url":"https:\/\/exceladvisor.org\/wp-content\/uploads\/2023\/08\/1-barre-de-formule-excel.png","type":"","width":"","height":""}],"twitter_card":"summary_large_image","twitter_misc":{"Tahmini okuma s\u00fcresi":"3 dakika"},"schema":{"@context":"https:\/\/schema.org","@graph":[{"@type":"WebPage","@id":"https:\/\/exceladvisor.org\/tr\/excel-formul-cubugu\/","url":"https:\/\/exceladvisor.org\/tr\/excel-formul-cubugu\/","name":"Excel&#39;de form\u00fcl \u00e7ubu\u011fu nas\u0131l kullan\u0131l\u0131r? (E\u011fitim 2023)","isPartOf":{"@id":"https:\/\/exceladvisor.org\/tr\/#website"},"primaryImageOfPage":{"@id":"https:\/\/exceladvisor.org\/tr\/excel-formul-cubugu\/#primaryimage"},"image":{"@id":"https:\/\/exceladvisor.org\/tr\/excel-formul-cubugu\/#primaryimage"},"thumbnailUrl":"https:\/\/exceladvisor.org\/wp-content\/uploads\/2023\/08\/1-barre-de-formule-excel.png","datePublished":"2023-09-25T23:25:01+00:00","dateModified":"2023-12-10T06:01:24+00:00","description":"Excel form\u00fcl \u00e7ubu\u011fu, \u015feridin alt\u0131nda se\u00e7ilen h\u00fccrenin i\u00e7eri\u011fini g\u00f6r\u00fcnt\u00fcleyen ve adresini g\u00f6r\u00fcnt\u00fcleyen ince bir \u00e7ubuktur.","breadcrumb":{"@id":"https:\/\/exceladvisor.org\/tr\/excel-formul-cubugu\/#breadcrumb"},"inLanguage":"tr","potentialAction":[{"@type":"ReadAction","target":["https:\/\/exceladvisor.org\/tr\/excel-formul-cubugu\/"]}]},{"@type":"ImageObject","inLanguage":"tr","@id":"https:\/\/exceladvisor.org\/tr\/excel-formul-cubugu\/#primaryimage","url":"https:\/\/exceladvisor.org\/wp-content\/uploads\/2023\/08\/1-barre-de-formule-excel.png","contentUrl":"https:\/\/exceladvisor.org\/wp-content\/uploads\/2023\/08\/1-barre-de-formule-excel.png"},{"@type":"BreadcrumbList","@id":"https:\/\/exceladvisor.org\/tr\/excel-formul-cubugu\/#breadcrumb","itemListElement":[{"@type":"ListItem","position":1,"name":"Ev","item":"https:\/\/exceladvisor.org\/tr\/"},{"@type":"ListItem","position":2,"name":"Excel&#39;de form\u00fcl \u00e7ubu\u011fu nas\u0131l kullan\u0131l\u0131r?"}]},{"@type":"WebSite","@id":"https:\/\/exceladvisor.org\/tr\/#website","url":"https:\/\/exceladvisor.org\/tr\/","name":"Excel Advisor","description":"Veri hakimiyetine y\u00f6nelik nihai rehberiniz!","publisher":{"@id":"https:\/\/exceladvisor.org\/tr\/#organization"},"potentialAction":[{"@type":"SearchAction","target":{"@type":"EntryPoint","urlTemplate":"https:\/\/exceladvisor.org\/tr\/?s={search_term_string}"},"query-input":{"@type":"PropertyValueSpecification","valueRequired":true,"valueName":"search_term_string"}}],"inLanguage":"tr"},{"@type":"Organization","@id":"https:\/\/exceladvisor.org\/tr\/#organization","name":"Excel Advisor","url":"https:\/\/exceladvisor.org\/tr\/","logo":{"@type":"ImageObject","inLanguage":"tr","@id":"https:\/\/exceladvisor.org\/tr\/#\/schema\/logo\/image\/","url":"https:\/\/exceladvisor.org\/tr\/wp-content\/uploads\/2023\/12\/exceladvisor.org_.png","contentUrl":"https:\/\/exceladvisor.org\/tr\/wp-content\/uploads\/2023\/12\/exceladvisor.org_.png","width":105,"height":36,"caption":"Excel Advisor"},"image":{"@id":"https:\/\/exceladvisor.org\/tr\/#\/schema\/logo\/image\/"}}]}},"yoast_meta":{"yoast_wpseo_title":"","yoast_wpseo_metadesc":"","yoast_wpseo_canonical":""},"_links":{"self":[{"href":"https:\/\/exceladvisor.org\/tr\/wp-json\/wp\/v2\/pages\/2177","targetHints":{"allow":["GET"]}}],"collection":[{"href":"https:\/\/exceladvisor.org\/tr\/wp-json\/wp\/v2\/pages"}],"about":[{"href":"https:\/\/exceladvisor.org\/tr\/wp-json\/wp\/v2\/types\/page"}],"author":[{"embeddable":true,"href":"https:\/\/exceladvisor.org\/tr\/wp-json\/wp\/v2\/users\/1"}],"replies":[{"embeddable":true,"href":"https:\/\/exceladvisor.org\/tr\/wp-json\/wp\/v2\/comments?post=2177"}],"version-history":[{"count":1,"href":"https:\/\/exceladvisor.org\/tr\/wp-json\/wp\/v2\/pages\/2177\/revisions"}],"predecessor-version":[{"id":2516,"href":"https:\/\/exceladvisor.org\/tr\/wp-json\/wp\/v2\/pages\/2177\/revisions\/2516"}],"wp:attachment":[{"href":"https:\/\/exceladvisor.org\/tr\/wp-json\/wp\/v2\/media?parent=2177"}],"curies":[{"name":"wp","href":"https:\/\/api.w.org\/{rel}","templated":true}]}}