{"id":2178,"date":"2023-09-25T21:58:39","date_gmt":"2023-09-25T21:58:39","guid":{"rendered":"https:\/\/exceladvisor.org\/tr\/cetvel\/"},"modified":"2023-12-10T05:59:13","modified_gmt":"2023-12-10T05:59:13","slug":"cetvel","status":"publish","type":"page","link":"https:\/\/exceladvisor.org\/tr\/cetvel\/","title":{"rendered":"Cetvel excel&#39;de nas\u0131l g\u00f6r\u00fcnt\u00fclenir?"},"content":{"rendered":"<div class=\"excel-icerikten-once\" id=\"excel-3736669388\"><script type=\"text\/javascript\">\r\n\tatOptions = {\r\n\t\t'key' : 'c1158f160081d6540a8409e6925dab94',\r\n\t\t'format' : 'iframe',\r\n\t\t'height' : 250,\r\n\t\t'width' : 300,\r\n\t\t'params' : {}\r\n\t};\r\n<\/script>\r\n<script type=\"text\/javascript\" src=\"\/\/www.highperformanceformat.com\/c1158f160081d6540a8409e6925dab94\/invoke.js\"><\/script><\/div> <p>Excel&#8217;de, grafikler ve resimler gibi nesneleri hizalaman\u0131za ve hatta yazd\u0131r\u0131rken s\u00fctun geni\u015fliklerini ve sat\u0131r y\u00fcksekliklerini de\u011fi\u015ftirmenize yard\u0131mc\u0131 olabilecek sat\u0131rlar\u0131n ve s\u00fctunlar\u0131n etraf\u0131nda bir cetvel g\u00f6r\u00fcnt\u00fcleme se\u00e7ene\u011fi vard\u0131r. <\/p><div class=\"wp-block-image\"><figure class=\"aligncenter size-full is-resized\"><img loading=\"lazy\" decoding=\"async\" class=\"wp-image-63643\" src=\"https:\/\/exceladvisor.org\/wp-content\/uploads\/2023\/08\/1-regle-autour-des-lignes-colonnes.png\" sizes=\"auto, \" srcset=\"\" alt=\"s\u00fctun etraf\u0131ndaki kural sat\u0131rlar\u0131\" width=\"376\" height=\"284\"><\/figure><\/div><h2 class=\"wp-block-heading\"> Excel&#8217;de Cetveli G\u00f6sterme Ad\u0131mlar\u0131<\/h2><ol type=\"1\"><li> \u00d6ncelikle cetveli g\u00f6r\u00fcnt\u00fclemek istedi\u011finiz sayfay\u0131 etkinle\u015ftirin.<\/li><li> Bundan sonra \u015feritteki G\u00f6r\u00fcn\u00fcm sekmesine gidin.<\/li><li> Oradan, \u201c\u00c7al\u0131\u015fma Kitaplar\u0131 G\u00f6r\u00fcn\u00fcm\u00fc\u201dndeki Sayfa D\u00fczeni d\u00fc\u011fmesini bulun.<\/li><li> Daha sonra \u201cYerle\u015fim\u201d butonuna t\u0131klay\u0131n.<\/li><li> Sonunda, ekran grubunun \u201cCetvel\u201d kutusunu i\u015faretleyin. <\/li><\/ol><div class=\"wp-block-image\"><figure class=\"aligncenter size-full is-resized\"><img loading=\"lazy\" decoding=\"async\" class=\"wp-image-63644\" src=\"https:\/\/exceladvisor.org\/wp-content\/uploads\/2023\/08\/2-afficher-la-regle-dans-excel.png\" sizes=\"auto, \" srcset=\"\" alt=\"Excel'de cetveli g\u00f6ster\" width=\"589\" height=\"348\"><\/figure><\/div><p class=\"qt-tip\"> <strong>Not:<\/strong> Cetveli g\u00f6r\u00fcnt\u00fclemenin tek yolu d\u00fczeni etkinle\u015ftirmektir. Cetvel onay kutusuna t\u0131klamaya \u00e7al\u0131\u015ft\u0131\u011f\u0131n\u0131zda normal g\u00f6r\u00fcn\u00fcmde gri renkte g\u00f6r\u00fcnmesinin nedeni de budur.<\/p><p> Cetveli etkinle\u015ftirdikten sonra, bir h\u00fccreyi ve h\u00fccre aral\u0131\u011f\u0131n\u0131 se\u00e7ti\u011finizde Excel, se\u00e7imin o b\u00f6l\u00fcm\u00fcn\u00fc cetvelde vurgular. <\/p><div class=\"wp-block-image\"><figure class=\"aligncenter size-full is-resized\"><img loading=\"lazy\" decoding=\"async\" class=\"wp-image-63645\" src=\"https:\/\/exceladvisor.org\/wp-content\/uploads\/2023\/08\/3-regles-de-selection-en-surbrillance.png\" sizes=\"auto, \" srcset=\"\" alt=\"se\u00e7im kural\u0131n\u0131 vurgula\" width=\"616\" height=\"326\"><\/figure><\/div><h2 class=\"wp-block-heading\"> Cetvel birimini de\u011fi\u015ftirme<\/h2><p> Kural\u0131 etkinle\u015ftirdi\u011finizde sisteminize g\u00f6re sahip oldu\u011funuz varsay\u0131lan birimlerle birlikte gelir. Ancak birimleri Excel se\u00e7eneklerinden de\u011fi\u015ftirebilirsiniz.<\/p><p> <strong>Dosya sekmesine<\/strong> gidin <strong>\u279f<\/strong> <strong>Se\u00e7enekler<\/strong> <strong>\u279f<\/strong> <strong>Geli\u015fmi\u015f<\/strong> . Geli\u015fmi\u015f se\u00e7eneklerde Ekran grubuna ilerleyin. Birimi in\u00e7, santimetre veya milimetre olarak de\u011fi\u015ftirmek i\u00e7in g\u00f6r\u00fcnt\u00fcleme grubunda \u201cCetvel Birimleri\u201d a\u00e7\u0131l\u0131r men\u00fcs\u00fcn\u00fc bulabilirsiniz. <\/p><div class=\"wp-block-image\"><figure class=\"aligncenter size-full is-resized\"><img loading=\"lazy\" decoding=\"async\" class=\"wp-image-63646\" src=\"https:\/\/exceladvisor.org\/wp-content\/uploads\/2023\/08\/4-changer-lunite-de-la-regle.png\" sizes=\"auto, \" srcset=\"\" alt=\"cetvel de\u011fi\u015ftirme birimi\" width=\"563\" height=\"416\"><\/figure><\/div><p> Birimi se\u00e7tikten sonra Tamam&#8217;\u0131 t\u0131klay\u0131n.<\/p><p class=\"qt-tip\"> <strong>Not:<\/strong> G\u00f6r\u00fcn\u00fcm\u00fc normalden d\u00fczene de\u011fi\u015ftirdi\u011finizde ve cetveli etkinle\u015ftirdi\u011finizde. Bu ayar yaln\u0131zca ge\u00e7erli \u00e7al\u0131\u015fma sayfas\u0131 i\u00e7indir.<\/p><div class=\"gb-container gb-container-4db6181c gb-container-mt\"> <a class=\"gb-button gb-button-c5897111 gb-button-text gb-button-mt-button\" href=\"https:\/\/exceladvisor.org\/tr\/excelin-temelleri\/\">Microsoft Excel Temelleri (Bile\u015fenler, Par\u00e7alar ve Bilgi Notlar\u0131)<\/a><h2 class=\"gb-headline gb-headline-665e5f6b gb-headline-text gb-headline-mt-heading\"> \u0130lgili e\u011fitimler <\/h2><div class=\"gb-grid-wrapper gb-grid-wrapper-a20baf7c gb-grid-wrapper-mt-grid\"><div class=\"gb-grid-column gb-grid-column-65ddf67e\"><div class=\"gb-container gb-container-65ddf67e\"><ul><li> <a href=\"https:\/\/exceladvisor.org\/tr\/tamamen-hakli-cikarmak\/\">Excel&#8217;de Yasla&#8217;y\u0131 Doldurun<\/a><\/li><li> <a href=\"https:\/\/exceladvisor.org\/tr\/excel-formul-cubugu\/\">Excel&#8217;deki form\u00fcl \u00e7ubu\u011fu<\/a><\/li><li> <a href=\"https:\/\/exceladvisor.org\/tr\/altbilgi-basligi-ekle\/\">Excel&#8217;de \u00fcstbilgi ve altbilgi ekleme<\/a><\/li><li> <a href=\"https:\/\/exceladvisor.org\/tr\/doldurma-kolu\/\">Excel&#8217;de doldurma tutamac\u0131<\/a><\/li><li> <a href=\"https:\/\/exceladvisor.org\/tr\/ressam-formati\/\">Excel&#8217;de Bi\u00e7im Boyac\u0131s\u0131<\/a> <\/li><\/ul><\/div><\/div><div class=\"gb-grid-column gb-grid-column-50067b57\"><div class=\"gb-container gb-container-50067b57\"><\/div><\/div><\/div><\/div>","protected":false},"excerpt":{"rendered":"","protected":false},"author":1,"featured_media":0,"parent":0,"menu_order":0,"comment_status":"open","ping_status":"closed","template":"","meta":{"ub_ctt_via":"","footnotes":""},"class_list":["post-2178","page","type-page","status-publish","hentry"],"featured_image_src":null,"yoast_head":"<!-- This site is optimized with the Yoast SEO plugin v25.4 - https:\/\/yoast.com\/wordpress\/plugins\/seo\/ -->\n<title>\u25b7 Cetvel Excel&#039;de nas\u0131l g\u00f6r\u00fcnt\u00fclenir? (E\u011fitim 2023)<\/title>\n<meta name=\"description\" content=\"Excel&#039;de, sat\u0131rlar\u0131n ve s\u00fctunlar\u0131n \u00e7evresinde, a\u015fa\u011f\u0131daki gibi nesneleri hizalaman\u0131za yard\u0131mc\u0131 olabilecek bir cetvel g\u00f6r\u00fcnt\u00fcleme se\u00e7ene\u011fi vard\u0131r:\" \/>\n<meta name=\"robots\" content=\"index, follow, max-snippet:-1, max-image-preview:large, max-video-preview:-1\" \/>\n<link rel=\"canonical\" href=\"https:\/\/exceladvisor.org\/tr\/cetvel\/\" \/>\n<meta property=\"og:locale\" content=\"tr_TR\" \/>\n<meta property=\"og:type\" content=\"article\" \/>\n<meta property=\"og:title\" content=\"\u25b7 Cetvel Excel&#039;de nas\u0131l g\u00f6r\u00fcnt\u00fclenir? (E\u011fitim 2023)\" \/>\n<meta property=\"og:description\" content=\"Excel&#039;de, sat\u0131rlar\u0131n ve s\u00fctunlar\u0131n \u00e7evresinde, a\u015fa\u011f\u0131daki gibi nesneleri hizalaman\u0131za yard\u0131mc\u0131 olabilecek bir cetvel g\u00f6r\u00fcnt\u00fcleme se\u00e7ene\u011fi vard\u0131r:\" \/>\n<meta property=\"og:url\" content=\"https:\/\/exceladvisor.org\/tr\/cetvel\/\" \/>\n<meta property=\"og:site_name\" content=\"Excel Advisor\" \/>\n<meta property=\"article:modified_time\" content=\"2023-12-10T05:59:13+00:00\" \/>\n<meta property=\"og:image\" content=\"https:\/\/exceladvisor.org\/wp-content\/uploads\/2023\/08\/1-regle-autour-des-lignes-colonnes.png\" \/>\n<meta name=\"twitter:card\" content=\"summary_large_image\" \/>\n<meta name=\"twitter:label1\" content=\"Tahmini okuma s\u00fcresi\" \/>\n\t<meta name=\"twitter:data1\" content=\"2 dakika\" \/>\n<script type=\"application\/ld+json\" class=\"yoast-schema-graph\">{\"@context\":\"https:\/\/schema.org\",\"@graph\":[{\"@type\":\"WebPage\",\"@id\":\"https:\/\/exceladvisor.org\/tr\/cetvel\/\",\"url\":\"https:\/\/exceladvisor.org\/tr\/cetvel\/\",\"name\":\"\u25b7 Cetvel Excel&#39;de nas\u0131l g\u00f6r\u00fcnt\u00fclenir? (E\u011fitim 2023)\",\"isPartOf\":{\"@id\":\"https:\/\/exceladvisor.org\/tr\/#website\"},\"primaryImageOfPage\":{\"@id\":\"https:\/\/exceladvisor.org\/tr\/cetvel\/#primaryimage\"},\"image\":{\"@id\":\"https:\/\/exceladvisor.org\/tr\/cetvel\/#primaryimage\"},\"thumbnailUrl\":\"https:\/\/exceladvisor.org\/wp-content\/uploads\/2023\/08\/1-regle-autour-des-lignes-colonnes.png\",\"datePublished\":\"2023-09-25T21:58:39+00:00\",\"dateModified\":\"2023-12-10T05:59:13+00:00\",\"description\":\"Excel&#39;de, sat\u0131rlar\u0131n ve s\u00fctunlar\u0131n \u00e7evresinde, a\u015fa\u011f\u0131daki gibi nesneleri hizalaman\u0131za yard\u0131mc\u0131 olabilecek bir cetvel g\u00f6r\u00fcnt\u00fcleme se\u00e7ene\u011fi vard\u0131r:\",\"breadcrumb\":{\"@id\":\"https:\/\/exceladvisor.org\/tr\/cetvel\/#breadcrumb\"},\"inLanguage\":\"tr\",\"potentialAction\":[{\"@type\":\"ReadAction\",\"target\":[\"https:\/\/exceladvisor.org\/tr\/cetvel\/\"]}]},{\"@type\":\"ImageObject\",\"inLanguage\":\"tr\",\"@id\":\"https:\/\/exceladvisor.org\/tr\/cetvel\/#primaryimage\",\"url\":\"https:\/\/exceladvisor.org\/wp-content\/uploads\/2023\/08\/1-regle-autour-des-lignes-colonnes.png\",\"contentUrl\":\"https:\/\/exceladvisor.org\/wp-content\/uploads\/2023\/08\/1-regle-autour-des-lignes-colonnes.png\"},{\"@type\":\"BreadcrumbList\",\"@id\":\"https:\/\/exceladvisor.org\/tr\/cetvel\/#breadcrumb\",\"itemListElement\":[{\"@type\":\"ListItem\",\"position\":1,\"name\":\"Ev\",\"item\":\"https:\/\/exceladvisor.org\/tr\/\"},{\"@type\":\"ListItem\",\"position\":2,\"name\":\"Cetvel excel&#39;de nas\u0131l g\u00f6r\u00fcnt\u00fclenir?\"}]},{\"@type\":\"WebSite\",\"@id\":\"https:\/\/exceladvisor.org\/tr\/#website\",\"url\":\"https:\/\/exceladvisor.org\/tr\/\",\"name\":\"Excel Advisor\",\"description\":\"Veri hakimiyetine y\u00f6nelik nihai rehberiniz!\",\"publisher\":{\"@id\":\"https:\/\/exceladvisor.org\/tr\/#organization\"},\"potentialAction\":[{\"@type\":\"SearchAction\",\"target\":{\"@type\":\"EntryPoint\",\"urlTemplate\":\"https:\/\/exceladvisor.org\/tr\/?s={search_term_string}\"},\"query-input\":{\"@type\":\"PropertyValueSpecification\",\"valueRequired\":true,\"valueName\":\"search_term_string\"}}],\"inLanguage\":\"tr\"},{\"@type\":\"Organization\",\"@id\":\"https:\/\/exceladvisor.org\/tr\/#organization\",\"name\":\"Excel Advisor\",\"url\":\"https:\/\/exceladvisor.org\/tr\/\",\"logo\":{\"@type\":\"ImageObject\",\"inLanguage\":\"tr\",\"@id\":\"https:\/\/exceladvisor.org\/tr\/#\/schema\/logo\/image\/\",\"url\":\"https:\/\/exceladvisor.org\/tr\/wp-content\/uploads\/2023\/12\/exceladvisor.org_.png\",\"contentUrl\":\"https:\/\/exceladvisor.org\/tr\/wp-content\/uploads\/2023\/12\/exceladvisor.org_.png\",\"width\":105,\"height\":36,\"caption\":\"Excel Advisor\"},\"image\":{\"@id\":\"https:\/\/exceladvisor.org\/tr\/#\/schema\/logo\/image\/\"}}]}<\/script>\n<!-- \/ Yoast SEO plugin. -->","yoast_head_json":{"title":"\u25b7 Cetvel Excel&#39;de nas\u0131l g\u00f6r\u00fcnt\u00fclenir? (E\u011fitim 2023)","description":"Excel&#39;de, sat\u0131rlar\u0131n ve s\u00fctunlar\u0131n \u00e7evresinde, a\u015fa\u011f\u0131daki gibi nesneleri hizalaman\u0131za yard\u0131mc\u0131 olabilecek bir cetvel g\u00f6r\u00fcnt\u00fcleme se\u00e7ene\u011fi vard\u0131r:","robots":{"index":"index","follow":"follow","max-snippet":"max-snippet:-1","max-image-preview":"max-image-preview:large","max-video-preview":"max-video-preview:-1"},"canonical":"https:\/\/exceladvisor.org\/tr\/cetvel\/","og_locale":"tr_TR","og_type":"article","og_title":"\u25b7 Cetvel Excel&#39;de nas\u0131l g\u00f6r\u00fcnt\u00fclenir? (E\u011fitim 2023)","og_description":"Excel&#39;de, sat\u0131rlar\u0131n ve s\u00fctunlar\u0131n \u00e7evresinde, a\u015fa\u011f\u0131daki gibi nesneleri hizalaman\u0131za yard\u0131mc\u0131 olabilecek bir cetvel g\u00f6r\u00fcnt\u00fcleme se\u00e7ene\u011fi vard\u0131r:","og_url":"https:\/\/exceladvisor.org\/tr\/cetvel\/","og_site_name":"Excel Advisor","article_modified_time":"2023-12-10T05:59:13+00:00","og_image":[{"url":"https:\/\/exceladvisor.org\/wp-content\/uploads\/2023\/08\/1-regle-autour-des-lignes-colonnes.png","type":"","width":"","height":""}],"twitter_card":"summary_large_image","twitter_misc":{"Tahmini okuma s\u00fcresi":"2 dakika"},"schema":{"@context":"https:\/\/schema.org","@graph":[{"@type":"WebPage","@id":"https:\/\/exceladvisor.org\/tr\/cetvel\/","url":"https:\/\/exceladvisor.org\/tr\/cetvel\/","name":"\u25b7 Cetvel Excel&#39;de nas\u0131l g\u00f6r\u00fcnt\u00fclenir? (E\u011fitim 2023)","isPartOf":{"@id":"https:\/\/exceladvisor.org\/tr\/#website"},"primaryImageOfPage":{"@id":"https:\/\/exceladvisor.org\/tr\/cetvel\/#primaryimage"},"image":{"@id":"https:\/\/exceladvisor.org\/tr\/cetvel\/#primaryimage"},"thumbnailUrl":"https:\/\/exceladvisor.org\/wp-content\/uploads\/2023\/08\/1-regle-autour-des-lignes-colonnes.png","datePublished":"2023-09-25T21:58:39+00:00","dateModified":"2023-12-10T05:59:13+00:00","description":"Excel&#39;de, sat\u0131rlar\u0131n ve s\u00fctunlar\u0131n \u00e7evresinde, a\u015fa\u011f\u0131daki gibi nesneleri hizalaman\u0131za yard\u0131mc\u0131 olabilecek bir cetvel g\u00f6r\u00fcnt\u00fcleme se\u00e7ene\u011fi vard\u0131r:","breadcrumb":{"@id":"https:\/\/exceladvisor.org\/tr\/cetvel\/#breadcrumb"},"inLanguage":"tr","potentialAction":[{"@type":"ReadAction","target":["https:\/\/exceladvisor.org\/tr\/cetvel\/"]}]},{"@type":"ImageObject","inLanguage":"tr","@id":"https:\/\/exceladvisor.org\/tr\/cetvel\/#primaryimage","url":"https:\/\/exceladvisor.org\/wp-content\/uploads\/2023\/08\/1-regle-autour-des-lignes-colonnes.png","contentUrl":"https:\/\/exceladvisor.org\/wp-content\/uploads\/2023\/08\/1-regle-autour-des-lignes-colonnes.png"},{"@type":"BreadcrumbList","@id":"https:\/\/exceladvisor.org\/tr\/cetvel\/#breadcrumb","itemListElement":[{"@type":"ListItem","position":1,"name":"Ev","item":"https:\/\/exceladvisor.org\/tr\/"},{"@type":"ListItem","position":2,"name":"Cetvel excel&#39;de nas\u0131l g\u00f6r\u00fcnt\u00fclenir?"}]},{"@type":"WebSite","@id":"https:\/\/exceladvisor.org\/tr\/#website","url":"https:\/\/exceladvisor.org\/tr\/","name":"Excel Advisor","description":"Veri hakimiyetine y\u00f6nelik nihai rehberiniz!","publisher":{"@id":"https:\/\/exceladvisor.org\/tr\/#organization"},"potentialAction":[{"@type":"SearchAction","target":{"@type":"EntryPoint","urlTemplate":"https:\/\/exceladvisor.org\/tr\/?s={search_term_string}"},"query-input":{"@type":"PropertyValueSpecification","valueRequired":true,"valueName":"search_term_string"}}],"inLanguage":"tr"},{"@type":"Organization","@id":"https:\/\/exceladvisor.org\/tr\/#organization","name":"Excel Advisor","url":"https:\/\/exceladvisor.org\/tr\/","logo":{"@type":"ImageObject","inLanguage":"tr","@id":"https:\/\/exceladvisor.org\/tr\/#\/schema\/logo\/image\/","url":"https:\/\/exceladvisor.org\/tr\/wp-content\/uploads\/2023\/12\/exceladvisor.org_.png","contentUrl":"https:\/\/exceladvisor.org\/tr\/wp-content\/uploads\/2023\/12\/exceladvisor.org_.png","width":105,"height":36,"caption":"Excel Advisor"},"image":{"@id":"https:\/\/exceladvisor.org\/tr\/#\/schema\/logo\/image\/"}}]}},"yoast_meta":{"yoast_wpseo_title":"","yoast_wpseo_metadesc":"","yoast_wpseo_canonical":""},"_links":{"self":[{"href":"https:\/\/exceladvisor.org\/tr\/wp-json\/wp\/v2\/pages\/2178","targetHints":{"allow":["GET"]}}],"collection":[{"href":"https:\/\/exceladvisor.org\/tr\/wp-json\/wp\/v2\/pages"}],"about":[{"href":"https:\/\/exceladvisor.org\/tr\/wp-json\/wp\/v2\/types\/page"}],"author":[{"embeddable":true,"href":"https:\/\/exceladvisor.org\/tr\/wp-json\/wp\/v2\/users\/1"}],"replies":[{"embeddable":true,"href":"https:\/\/exceladvisor.org\/tr\/wp-json\/wp\/v2\/comments?post=2178"}],"version-history":[{"count":1,"href":"https:\/\/exceladvisor.org\/tr\/wp-json\/wp\/v2\/pages\/2178\/revisions"}],"predecessor-version":[{"id":2305,"href":"https:\/\/exceladvisor.org\/tr\/wp-json\/wp\/v2\/pages\/2178\/revisions\/2305"}],"wp:attachment":[{"href":"https:\/\/exceladvisor.org\/tr\/wp-json\/wp\/v2\/media?parent=2178"}],"curies":[{"name":"wp","href":"https:\/\/api.w.org\/{rel}","templated":true}]}}