{"id":2179,"date":"2023-09-25T21:25:39","date_gmt":"2023-09-25T21:25:39","guid":{"rendered":"https:\/\/exceladvisor.org\/tr\/para-birimi-bicimi\/"},"modified":"2023-12-10T05:59:44","modified_gmt":"2023-12-10T05:59:44","slug":"para-birimi-bicimi","status":"publish","type":"page","link":"https:\/\/exceladvisor.org\/tr\/para-birimi-bicimi\/","title":{"rendered":"Excel k\u0131sayolu arac\u0131l\u0131\u011f\u0131yla para birimi bi\u00e7imi nas\u0131l uygulan\u0131r?"},"content":{"rendered":"<div class=\"excel-icerikten-once\" id=\"excel-1809490327\"><script type=\"text\/javascript\">\r\n\tatOptions = {\r\n\t\t'key' : 'c1158f160081d6540a8409e6925dab94',\r\n\t\t'format' : 'iframe',\r\n\t\t'height' : 250,\r\n\t\t'width' : 300,\r\n\t\t'params' : {}\r\n\t};\r\n<\/script>\r\n<script type=\"text\/javascript\" src=\"\/\/www.highperformanceformat.com\/c1158f160081d6540a8409e6925dab94\/invoke.js\"><\/script><\/div> <p>Excel&#8217;in \u00e7e\u015fitli say\u0131 bi\u00e7imleri vard\u0131r ve para birimi bi\u00e7imi de bunlardan biridir. Para birimi bi\u00e7imi, para birimi sembol\u00fcn\u00fc say\u0131sal de\u011ferlerin ba\u015f\u0131na eklemek i\u00e7in kullan\u0131l\u0131r. Kullan\u0131c\u0131lar eklemek istedikleri herhangi bir para birimi sembol\u00fcn\u00fc se\u00e7ebilirler.<\/p><p> Excel, sistem b\u00f6lgemize ba\u011fl\u0131 olarak varsay\u0131lan para birimini kullan\u0131r, dolay\u0131s\u0131yla farkl\u0131 b\u00f6lgelerdeki kullan\u0131c\u0131lar i\u00e7in farkl\u0131 olabilir.<\/p><p> Ancak kullan\u0131c\u0131 herhangi bir para birimi simgesini varsay\u0131lan para birimi simgesi olarak se\u00e7ip ayarlayabilir; b\u00f6ylece kullan\u0131c\u0131 klavye k\u0131sayolunu kullanarak para birimi bi\u00e7imini uygulad\u0131\u011f\u0131nda Excel bu para birimi simgesini varsay\u0131lan olarak ekler.<\/p><h2 class=\"wp-block-heading\"> Excel&#8217;de para birimi bi\u00e7imini uygulamak i\u00e7in klavye k\u0131sayolu<\/h2><p> Para birimi bi\u00e7imini uygulamak i\u00e7in kullan\u0131lan klavye k\u0131sayolu a\u015fa\u011f\u0131da belirtilmi\u015ftir:<\/p><p> <kbd>Ctrl<\/kbd> + <kbd>\u00dcst Karakter<\/kbd> + <kbd>$<\/kbd> <\/p><div class=\"wp-block-image\"><figure class=\"aligncenter size-full is-resized\"><img loading=\"lazy\" decoding=\"async\" class=\"wp-image-72763\" src=\"https:\/\/exceladvisor.org\/wp-content\/uploads\/2023\/08\/1-raccourci-clavier-au-format-monetaire.png\" sizes=\"auto, \" srcset=\"\" alt=\"para birimi bi\u00e7imi-klavye k\u0131sayolu\" width=\"784\" height=\"307\"><\/figure><\/div><h2 class=\"wp-block-heading\"> Klavye k\u0131sayolunu kullanarak para birimi bi\u00e7imini uygulama ad\u0131mlar\u0131<\/h2><ol><li> \u00d6ncelikle, genel say\u0131 bi\u00e7imini uygulamak veya para birimi bi\u00e7imine de\u011fi\u015ftirmek istedi\u011finiz h\u00fccreyi, s\u00fctunlar\u0131 veya h\u00fccre aral\u0131\u011f\u0131n\u0131 se\u00e7in.<\/li><li> Se\u00e7ildikten sonra, <kbd>Ctrl<\/kbd> + <kbd>Shift<\/kbd> + <kbd>$<\/kbd> tu\u015flar\u0131na birlikte basman\u0131z yeterlidir; se\u00e7ilen her h\u00fccredeki say\u0131lar\u0131n ba\u015f\u0131na para birimi simgesini ekleyerek say\u0131 bi\u00e7iminin para birimi bi\u00e7imine d\u00f6n\u00fc\u015ft\u00fcr\u00fclmesini sa\u011flayabilirsiniz. <\/li><\/ol><div class=\"wp-block-image\"><figure class=\"aligncenter size-full\"><img loading=\"lazy\" decoding=\"async\" class=\"wp-image-72764\" src=\"https:\/\/exceladvisor.org\/wp-content\/uploads\/2023\/08\/2-appliquer-le-format-monetaire.png\" sizes=\"auto, \" srcset=\"\" alt=\"para birimi bi\u00e7imini uygula\" width=\"431\" height=\"251\"><\/figure><\/div><p class=\"mynote\"> Ba\u015fka bir para birimi simgesini varsay\u0131lan para birimi simgesi olarak ayarlamak i\u00e7in, ayarlar \u2192 dil ve b\u00f6lge ayarlar\u0131 \u2192 b\u00f6lge ayarlar\u0131 alt\u0131nda \u2192 \u201cEk ayarlar\u201da t\u0131klaman\u0131z \u2192 para birimi sekmesini se\u00e7meniz \u2192 varsay\u0131lan para birimini ayarlamak istedi\u011finiz para birimini se\u00e7meniz \u2192 se\u00e7ene\u011fine t\u0131klaman\u0131z gerekir. uygula ve tamam. <\/p><div class=\"wp-block-image\"><figure class=\"aligncenter size-full is-resized\"><img loading=\"lazy\" decoding=\"async\" class=\"wp-image-72765\" src=\"https:\/\/exceladvisor.org\/wp-content\/uploads\/2023\/08\/3-personnaliser-le-format.png\" sizes=\"auto, \" srcset=\"\" alt=\"\u00f6zelle\u015ftirme bi\u00e7imi\" width=\"403\" height=\"516\"><\/figure><\/div><div class=\"gb-container gb-container-2116538e gb-container-mt\"> <a class=\"gb-button gb-button-f7d2c131 gb-button-text gb-button-mt-button\" href=\"https:\/\/exceladvisor.org\/tr\/klavye-kisayollari\/\">Excel PDF klavye k\u0131sayollar\u0131<\/a><h2 class=\"gb-headline gb-headline-7ed68554 gb-headline-text gb-headline-mt-heading\"> Daha fazla k\u0131sayol <\/h2><div class=\"gb-grid-wrapper gb-grid-wrapper-edeef538 gb-grid-wrapper-mt-grid\"><div class=\"gb-grid-column gb-grid-column-6ab6fbc6\"><div class=\"gb-container gb-container-6ab6fbc6\"><ul><li> <a href=\"https:\/\/exceladvisor.org\/tr\/cubuk-1\/\">kam\u0131\u015f<\/a><\/li><li> <a href=\"https:\/\/exceladvisor.org\/tr\/dizin-2\/\">\u0130pucu<\/a><\/li><li> <a href=\"https:\/\/exceladvisor.org\/tr\/us\/\">Kat\u0131l\u0131mc\u0131<\/a><\/li><li> <a href=\"https:\/\/exceladvisor.org\/tr\/onay-isareti-1\/\">Onay i\u015fareti<\/a><\/li><li> <a href=\"https:\/\/exceladvisor.org\/tr\/merkezi-hizalama\/\">Merkezi hizalama<\/a> <\/li><\/ul><\/div><\/div><div class=\"gb-grid-column gb-grid-column-766d598b\"><div class=\"gb-container gb-container-766d598b\"><\/div><\/div><\/div><\/div>","protected":false},"excerpt":{"rendered":"","protected":false},"author":1,"featured_media":0,"parent":0,"menu_order":0,"comment_status":"open","ping_status":"closed","template":"","meta":{"ub_ctt_via":"","footnotes":""},"class_list":["post-2179","page","type-page","status-publish","hentry"],"featured_image_src":null,"yoast_head":"<!-- This site is optimized with the Yoast SEO plugin v25.4 - https:\/\/yoast.com\/wordpress\/plugins\/seo\/ -->\n<title>Excel k\u0131sayolu arac\u0131l\u0131\u011f\u0131yla para birimi bi\u00e7imi nas\u0131l uygulan\u0131r?<\/title>\n<meta name=\"description\" content=\"Bu \u00f6\u011freticide, y\u00fczde bi\u00e7imini uygulamak i\u00e7in Excel&#039;de kullanabilece\u011finiz bir klavye k\u0131sayolunun nas\u0131l kullan\u0131laca\u011f\u0131n\u0131 \u00f6\u011freneceksiniz.\" \/>\n<meta name=\"robots\" content=\"index, follow, max-snippet:-1, max-image-preview:large, max-video-preview:-1\" \/>\n<link rel=\"canonical\" href=\"https:\/\/exceladvisor.org\/tr\/para-birimi-bicimi\/\" \/>\n<meta property=\"og:locale\" content=\"tr_TR\" \/>\n<meta property=\"og:type\" content=\"article\" \/>\n<meta property=\"og:title\" content=\"Excel k\u0131sayolu arac\u0131l\u0131\u011f\u0131yla para birimi bi\u00e7imi nas\u0131l uygulan\u0131r?\" \/>\n<meta property=\"og:description\" content=\"Bu \u00f6\u011freticide, y\u00fczde bi\u00e7imini uygulamak i\u00e7in Excel&#039;de kullanabilece\u011finiz bir klavye k\u0131sayolunun nas\u0131l kullan\u0131laca\u011f\u0131n\u0131 \u00f6\u011freneceksiniz.\" \/>\n<meta property=\"og:url\" content=\"https:\/\/exceladvisor.org\/tr\/para-birimi-bicimi\/\" \/>\n<meta property=\"og:site_name\" content=\"Excel Advisor\" \/>\n<meta property=\"article:modified_time\" content=\"2023-12-10T05:59:44+00:00\" \/>\n<meta property=\"og:image\" content=\"https:\/\/exceladvisor.org\/wp-content\/uploads\/2023\/08\/1-raccourci-clavier-au-format-monetaire.png\" \/>\n<meta name=\"twitter:card\" content=\"summary_large_image\" \/>\n<meta name=\"twitter:label1\" content=\"Tahmini okuma s\u00fcresi\" \/>\n\t<meta name=\"twitter:data1\" content=\"2 dakika\" \/>\n<script type=\"application\/ld+json\" class=\"yoast-schema-graph\">{\"@context\":\"https:\/\/schema.org\",\"@graph\":[{\"@type\":\"WebPage\",\"@id\":\"https:\/\/exceladvisor.org\/tr\/para-birimi-bicimi\/\",\"url\":\"https:\/\/exceladvisor.org\/tr\/para-birimi-bicimi\/\",\"name\":\"Excel k\u0131sayolu arac\u0131l\u0131\u011f\u0131yla para birimi bi\u00e7imi nas\u0131l uygulan\u0131r?\",\"isPartOf\":{\"@id\":\"https:\/\/exceladvisor.org\/tr\/#website\"},\"primaryImageOfPage\":{\"@id\":\"https:\/\/exceladvisor.org\/tr\/para-birimi-bicimi\/#primaryimage\"},\"image\":{\"@id\":\"https:\/\/exceladvisor.org\/tr\/para-birimi-bicimi\/#primaryimage\"},\"thumbnailUrl\":\"https:\/\/exceladvisor.org\/wp-content\/uploads\/2023\/08\/1-raccourci-clavier-au-format-monetaire.png\",\"datePublished\":\"2023-09-25T21:25:39+00:00\",\"dateModified\":\"2023-12-10T05:59:44+00:00\",\"description\":\"Bu \u00f6\u011freticide, y\u00fczde bi\u00e7imini uygulamak i\u00e7in Excel&#39;de kullanabilece\u011finiz bir klavye k\u0131sayolunun nas\u0131l kullan\u0131laca\u011f\u0131n\u0131 \u00f6\u011freneceksiniz.\",\"breadcrumb\":{\"@id\":\"https:\/\/exceladvisor.org\/tr\/para-birimi-bicimi\/#breadcrumb\"},\"inLanguage\":\"tr\",\"potentialAction\":[{\"@type\":\"ReadAction\",\"target\":[\"https:\/\/exceladvisor.org\/tr\/para-birimi-bicimi\/\"]}]},{\"@type\":\"ImageObject\",\"inLanguage\":\"tr\",\"@id\":\"https:\/\/exceladvisor.org\/tr\/para-birimi-bicimi\/#primaryimage\",\"url\":\"https:\/\/exceladvisor.org\/wp-content\/uploads\/2023\/08\/1-raccourci-clavier-au-format-monetaire.png\",\"contentUrl\":\"https:\/\/exceladvisor.org\/wp-content\/uploads\/2023\/08\/1-raccourci-clavier-au-format-monetaire.png\"},{\"@type\":\"BreadcrumbList\",\"@id\":\"https:\/\/exceladvisor.org\/tr\/para-birimi-bicimi\/#breadcrumb\",\"itemListElement\":[{\"@type\":\"ListItem\",\"position\":1,\"name\":\"Ev\",\"item\":\"https:\/\/exceladvisor.org\/tr\/\"},{\"@type\":\"ListItem\",\"position\":2,\"name\":\"Excel k\u0131sayolu arac\u0131l\u0131\u011f\u0131yla para birimi bi\u00e7imi nas\u0131l uygulan\u0131r?\"}]},{\"@type\":\"WebSite\",\"@id\":\"https:\/\/exceladvisor.org\/tr\/#website\",\"url\":\"https:\/\/exceladvisor.org\/tr\/\",\"name\":\"Excel Advisor\",\"description\":\"Veri hakimiyetine y\u00f6nelik nihai rehberiniz!\",\"publisher\":{\"@id\":\"https:\/\/exceladvisor.org\/tr\/#organization\"},\"potentialAction\":[{\"@type\":\"SearchAction\",\"target\":{\"@type\":\"EntryPoint\",\"urlTemplate\":\"https:\/\/exceladvisor.org\/tr\/?s={search_term_string}\"},\"query-input\":{\"@type\":\"PropertyValueSpecification\",\"valueRequired\":true,\"valueName\":\"search_term_string\"}}],\"inLanguage\":\"tr\"},{\"@type\":\"Organization\",\"@id\":\"https:\/\/exceladvisor.org\/tr\/#organization\",\"name\":\"Excel Advisor\",\"url\":\"https:\/\/exceladvisor.org\/tr\/\",\"logo\":{\"@type\":\"ImageObject\",\"inLanguage\":\"tr\",\"@id\":\"https:\/\/exceladvisor.org\/tr\/#\/schema\/logo\/image\/\",\"url\":\"https:\/\/exceladvisor.org\/tr\/wp-content\/uploads\/2023\/12\/exceladvisor.org_.png\",\"contentUrl\":\"https:\/\/exceladvisor.org\/tr\/wp-content\/uploads\/2023\/12\/exceladvisor.org_.png\",\"width\":105,\"height\":36,\"caption\":\"Excel Advisor\"},\"image\":{\"@id\":\"https:\/\/exceladvisor.org\/tr\/#\/schema\/logo\/image\/\"}}]}<\/script>\n<!-- \/ Yoast SEO plugin. -->","yoast_head_json":{"title":"Excel k\u0131sayolu arac\u0131l\u0131\u011f\u0131yla para birimi bi\u00e7imi nas\u0131l uygulan\u0131r?","description":"Bu \u00f6\u011freticide, y\u00fczde bi\u00e7imini uygulamak i\u00e7in Excel&#39;de kullanabilece\u011finiz bir klavye k\u0131sayolunun nas\u0131l kullan\u0131laca\u011f\u0131n\u0131 \u00f6\u011freneceksiniz.","robots":{"index":"index","follow":"follow","max-snippet":"max-snippet:-1","max-image-preview":"max-image-preview:large","max-video-preview":"max-video-preview:-1"},"canonical":"https:\/\/exceladvisor.org\/tr\/para-birimi-bicimi\/","og_locale":"tr_TR","og_type":"article","og_title":"Excel k\u0131sayolu arac\u0131l\u0131\u011f\u0131yla para birimi bi\u00e7imi nas\u0131l uygulan\u0131r?","og_description":"Bu \u00f6\u011freticide, y\u00fczde bi\u00e7imini uygulamak i\u00e7in Excel&#39;de kullanabilece\u011finiz bir klavye k\u0131sayolunun nas\u0131l kullan\u0131laca\u011f\u0131n\u0131 \u00f6\u011freneceksiniz.","og_url":"https:\/\/exceladvisor.org\/tr\/para-birimi-bicimi\/","og_site_name":"Excel Advisor","article_modified_time":"2023-12-10T05:59:44+00:00","og_image":[{"url":"https:\/\/exceladvisor.org\/wp-content\/uploads\/2023\/08\/1-raccourci-clavier-au-format-monetaire.png","type":"","width":"","height":""}],"twitter_card":"summary_large_image","twitter_misc":{"Tahmini okuma s\u00fcresi":"2 dakika"},"schema":{"@context":"https:\/\/schema.org","@graph":[{"@type":"WebPage","@id":"https:\/\/exceladvisor.org\/tr\/para-birimi-bicimi\/","url":"https:\/\/exceladvisor.org\/tr\/para-birimi-bicimi\/","name":"Excel k\u0131sayolu arac\u0131l\u0131\u011f\u0131yla para birimi bi\u00e7imi nas\u0131l uygulan\u0131r?","isPartOf":{"@id":"https:\/\/exceladvisor.org\/tr\/#website"},"primaryImageOfPage":{"@id":"https:\/\/exceladvisor.org\/tr\/para-birimi-bicimi\/#primaryimage"},"image":{"@id":"https:\/\/exceladvisor.org\/tr\/para-birimi-bicimi\/#primaryimage"},"thumbnailUrl":"https:\/\/exceladvisor.org\/wp-content\/uploads\/2023\/08\/1-raccourci-clavier-au-format-monetaire.png","datePublished":"2023-09-25T21:25:39+00:00","dateModified":"2023-12-10T05:59:44+00:00","description":"Bu \u00f6\u011freticide, y\u00fczde bi\u00e7imini uygulamak i\u00e7in Excel&#39;de kullanabilece\u011finiz bir klavye k\u0131sayolunun nas\u0131l kullan\u0131laca\u011f\u0131n\u0131 \u00f6\u011freneceksiniz.","breadcrumb":{"@id":"https:\/\/exceladvisor.org\/tr\/para-birimi-bicimi\/#breadcrumb"},"inLanguage":"tr","potentialAction":[{"@type":"ReadAction","target":["https:\/\/exceladvisor.org\/tr\/para-birimi-bicimi\/"]}]},{"@type":"ImageObject","inLanguage":"tr","@id":"https:\/\/exceladvisor.org\/tr\/para-birimi-bicimi\/#primaryimage","url":"https:\/\/exceladvisor.org\/wp-content\/uploads\/2023\/08\/1-raccourci-clavier-au-format-monetaire.png","contentUrl":"https:\/\/exceladvisor.org\/wp-content\/uploads\/2023\/08\/1-raccourci-clavier-au-format-monetaire.png"},{"@type":"BreadcrumbList","@id":"https:\/\/exceladvisor.org\/tr\/para-birimi-bicimi\/#breadcrumb","itemListElement":[{"@type":"ListItem","position":1,"name":"Ev","item":"https:\/\/exceladvisor.org\/tr\/"},{"@type":"ListItem","position":2,"name":"Excel k\u0131sayolu arac\u0131l\u0131\u011f\u0131yla para birimi bi\u00e7imi nas\u0131l uygulan\u0131r?"}]},{"@type":"WebSite","@id":"https:\/\/exceladvisor.org\/tr\/#website","url":"https:\/\/exceladvisor.org\/tr\/","name":"Excel Advisor","description":"Veri hakimiyetine y\u00f6nelik nihai rehberiniz!","publisher":{"@id":"https:\/\/exceladvisor.org\/tr\/#organization"},"potentialAction":[{"@type":"SearchAction","target":{"@type":"EntryPoint","urlTemplate":"https:\/\/exceladvisor.org\/tr\/?s={search_term_string}"},"query-input":{"@type":"PropertyValueSpecification","valueRequired":true,"valueName":"search_term_string"}}],"inLanguage":"tr"},{"@type":"Organization","@id":"https:\/\/exceladvisor.org\/tr\/#organization","name":"Excel Advisor","url":"https:\/\/exceladvisor.org\/tr\/","logo":{"@type":"ImageObject","inLanguage":"tr","@id":"https:\/\/exceladvisor.org\/tr\/#\/schema\/logo\/image\/","url":"https:\/\/exceladvisor.org\/tr\/wp-content\/uploads\/2023\/12\/exceladvisor.org_.png","contentUrl":"https:\/\/exceladvisor.org\/tr\/wp-content\/uploads\/2023\/12\/exceladvisor.org_.png","width":105,"height":36,"caption":"Excel Advisor"},"image":{"@id":"https:\/\/exceladvisor.org\/tr\/#\/schema\/logo\/image\/"}}]}},"yoast_meta":{"yoast_wpseo_title":"","yoast_wpseo_metadesc":"","yoast_wpseo_canonical":""},"_links":{"self":[{"href":"https:\/\/exceladvisor.org\/tr\/wp-json\/wp\/v2\/pages\/2179","targetHints":{"allow":["GET"]}}],"collection":[{"href":"https:\/\/exceladvisor.org\/tr\/wp-json\/wp\/v2\/pages"}],"about":[{"href":"https:\/\/exceladvisor.org\/tr\/wp-json\/wp\/v2\/types\/page"}],"author":[{"embeddable":true,"href":"https:\/\/exceladvisor.org\/tr\/wp-json\/wp\/v2\/users\/1"}],"replies":[{"embeddable":true,"href":"https:\/\/exceladvisor.org\/tr\/wp-json\/wp\/v2\/comments?post=2179"}],"version-history":[{"count":1,"href":"https:\/\/exceladvisor.org\/tr\/wp-json\/wp\/v2\/pages\/2179\/revisions"}],"predecessor-version":[{"id":2349,"href":"https:\/\/exceladvisor.org\/tr\/wp-json\/wp\/v2\/pages\/2179\/revisions\/2349"}],"wp:attachment":[{"href":"https:\/\/exceladvisor.org\/tr\/wp-json\/wp\/v2\/media?parent=2179"}],"curies":[{"name":"wp","href":"https:\/\/api.w.org\/{rel}","templated":true}]}}