{"id":2180,"date":"2023-09-25T20:59:33","date_gmt":"2023-09-25T20:59:33","guid":{"rendered":"https:\/\/exceladvisor.org\/tr\/yuzde-bicimi\/"},"modified":"2023-12-10T06:08:08","modified_gmt":"2023-12-10T06:08:08","slug":"yuzde-bicimi","status":"publish","type":"page","link":"https:\/\/exceladvisor.org\/tr\/yuzde-bicimi\/","title":{"rendered":"Y\u00fczde format\u0131 nas\u0131l uygulan\u0131r?"},"content":{"rendered":"<div class=\"excel-icerikten-once\" id=\"excel-1201819445\"><script type=\"text\/javascript\">\r\n\tatOptions = {\r\n\t\t'key' : 'c1158f160081d6540a8409e6925dab94',\r\n\t\t'format' : 'iframe',\r\n\t\t'height' : 250,\r\n\t\t'width' : 300,\r\n\t\t'params' : {}\r\n\t};\r\n<\/script>\r\n<script type=\"text\/javascript\" src=\"\/\/www.highperformanceformat.com\/c1158f160081d6540a8409e6925dab94\/invoke.js\"><\/script><\/div> <p>Excel&#8217;de verilerle \u00e7al\u0131\u015f\u0131rken genellikle veri \u00e7\u0131kt\u0131lar\u0131n\u0131\/sonu\u00e7lar\u0131n\u0131 say\u0131 olarak g\u00f6r\u00fcnt\u00fclemek yerine y\u00fczde olarak g\u00f6r\u00fcnt\u00fclemek istersiniz ve bunu, say\u0131lar\u0131 g\u00f6r\u00fcnt\u00fclemek istedi\u011finiz h\u00fccre aral\u0131\u011f\u0131na y\u00fczde format\u0131n\u0131 uygulayarak yapabilirsiniz. y\u00fczde bi\u00e7iminde.<\/p><p> Kullan\u0131c\u0131lar y\u00fczde bi\u00e7imini manuel olarak veya klavye k\u0131sayolunu kullanarak \u00e7ok h\u0131zl\u0131 bir \u015fekilde uygulayabilir ve bu e\u011fitimde y\u00fczde bi\u00e7imini uygulamak i\u00e7in klavye k\u0131sayolunu a\u00e7\u0131klad\u0131k.<\/p><h2 class=\"wp-block-heading\"> Excel&#8217;de y\u00fczde bi\u00e7imini uygulamak i\u00e7in klavye k\u0131sayolu<\/h2><p> Y\u00fczde bi\u00e7imini uygulamak i\u00e7in kullan\u0131lan klavye k\u0131sayolu a\u015fa\u011f\u0131da belirtilmi\u015ftir:<\/p><p> <kbd>Ctrl<\/kbd> + <kbd>\u00dcst Karakter<\/kbd> + <kbd>%<\/kbd> <\/p><div class=\"wp-block-image\"><figure class=\"aligncenter size-full is-resized\"><img loading=\"lazy\" decoding=\"async\" class=\"wp-image-72769\" src=\"https:\/\/exceladvisor.org\/wp-content\/uploads\/2023\/08\/1-raccourci-de-format-de-pourcentage.png\" sizes=\"auto, \" srcset=\"\" alt=\"k\u0131sayol-bi\u00e7im-y\u00fczdesi\" width=\"758\" height=\"297\"><\/figure><\/div><h2 class=\"wp-block-heading\"> Klavye k\u0131sayolunu kullanarak y\u00fczde bi\u00e7imini uygulama ad\u0131mlar\u0131<\/h2><ul><li> \u00d6ncelikle y\u00fczde bi\u00e7imini uygulamak istedi\u011finiz h\u00fccreleri, s\u00fctunlar\u0131 veya h\u00fccre aral\u0131\u011f\u0131n\u0131 se\u00e7in. <\/li><\/ul><div class=\"wp-block-image\"><figure class=\"aligncenter size-full is-resized\"><img loading=\"lazy\" decoding=\"async\" class=\"wp-image-72770\" src=\"https:\/\/exceladvisor.org\/wp-content\/uploads\/2023\/08\/2-appliquer-le-raccourci-de-format-de-pourcentage.png\" sizes=\"auto, \" srcset=\"\" alt=\"uygulama-y\u00fczde-bi\u00e7im-k\u0131sayolu\" width=\"607\" height=\"248\"><\/figure><\/div><ul><li> Se\u00e7ildikten sonra \u201cCtrl + Shift + %\u201d tu\u015flar\u0131na birlikte basman\u0131z yeterlidir; say\u0131 format\u0131 de\u011ferleriniz y\u00fczde format\u0131na d\u00f6n\u00fc\u015ft\u00fcr\u00fclecektir. <\/li><\/ul><div class=\"wp-block-image\"><figure class=\"aligncenter size-full is-resized\"><img loading=\"lazy\" decoding=\"async\" class=\"wp-image-72771\" src=\"https:\/\/exceladvisor.org\/wp-content\/uploads\/2023\/08\/3-nombres-convertis-au-format-pourcentage.png\" sizes=\"auto, \" srcset=\"\" alt=\"y\u00fczde-bi\u00e7imine-d\u00f6n\u00fc\u015ft\u00fcr\u00fclm\u00fc\u015f say\u0131lar\" width=\"626\" height=\"261\"><\/figure><\/div><div class=\"gb-container gb-container-2116538e gb-container-mt\"> <a class=\"gb-button gb-button-f7d2c131 gb-button-text gb-button-mt-button\" href=\"https:\/\/exceladvisor.org\/tr\/klavye-kisayollari\/\">Excel PDF klavye k\u0131sayollar\u0131<\/a><h2 class=\"gb-headline gb-headline-7ed68554 gb-headline-text gb-headline-mt-heading\"> Daha fazla k\u0131sayol <\/h2><div class=\"gb-grid-wrapper gb-grid-wrapper-edeef538 gb-grid-wrapper-mt-grid\"><div class=\"gb-grid-column gb-grid-column-6ab6fbc6\"><div class=\"gb-container gb-container-6ab6fbc6\"><ul><li> <a href=\"https:\/\/exceladvisor.org\/tr\/para-birimi-bicimi\/\">Para birimi bi\u00e7imini uygula<\/a><\/li><li> <a href=\"https:\/\/exceladvisor.org\/tr\/tarih-formati\/\">Tarih bi\u00e7imini uygula<\/a><\/li><li> <a href=\"https:\/\/exceladvisor.org\/tr\/zaman-formati\/\">Saat bi\u00e7imini uygula<\/a> <\/li><\/ul><\/div><\/div><div class=\"gb-grid-column gb-grid-column-766d598b\"><div class=\"gb-container gb-container-766d598b\"><\/div><\/div><\/div><\/div>","protected":false},"excerpt":{"rendered":"","protected":false},"author":1,"featured_media":0,"parent":0,"menu_order":0,"comment_status":"open","ping_status":"closed","template":"","meta":{"ub_ctt_via":"","footnotes":""},"class_list":["post-2180","page","type-page","status-publish","hentry"],"featured_image_src":null,"yoast_head":"<!-- This site is optimized with the Yoast SEO plugin v25.4 - https:\/\/yoast.com\/wordpress\/plugins\/seo\/ -->\n<title>Y\u00fczde format\u0131 nas\u0131l uygulan\u0131r? (Excel k\u0131sayolu)<\/title>\n<meta name=\"description\" content=\"Kullan\u0131c\u0131lar y\u00fczde bi\u00e7imini manuel olarak veya klavye k\u0131sayolunu kullanarak \u00e7ok h\u0131zl\u0131 bir \u015fekilde uygulayabilir ve\" \/>\n<meta name=\"robots\" content=\"index, follow, max-snippet:-1, max-image-preview:large, max-video-preview:-1\" \/>\n<link rel=\"canonical\" href=\"https:\/\/exceladvisor.org\/tr\/yuzde-bicimi\/\" \/>\n<meta property=\"og:locale\" content=\"tr_TR\" \/>\n<meta property=\"og:type\" content=\"article\" \/>\n<meta property=\"og:title\" content=\"Y\u00fczde format\u0131 nas\u0131l uygulan\u0131r? (Excel k\u0131sayolu)\" \/>\n<meta property=\"og:description\" content=\"Kullan\u0131c\u0131lar y\u00fczde bi\u00e7imini manuel olarak veya klavye k\u0131sayolunu kullanarak \u00e7ok h\u0131zl\u0131 bir \u015fekilde uygulayabilir ve\" \/>\n<meta property=\"og:url\" content=\"https:\/\/exceladvisor.org\/tr\/yuzde-bicimi\/\" \/>\n<meta property=\"og:site_name\" content=\"Excel Advisor\" \/>\n<meta property=\"article:modified_time\" content=\"2023-12-10T06:08:08+00:00\" \/>\n<meta property=\"og:image\" content=\"https:\/\/exceladvisor.org\/wp-content\/uploads\/2023\/08\/1-raccourci-de-format-de-pourcentage.png\" \/>\n<meta name=\"twitter:card\" content=\"summary_large_image\" \/>\n<meta name=\"twitter:label1\" content=\"Tahmini okuma s\u00fcresi\" \/>\n\t<meta name=\"twitter:data1\" content=\"1 dakika\" \/>\n<script type=\"application\/ld+json\" class=\"yoast-schema-graph\">{\"@context\":\"https:\/\/schema.org\",\"@graph\":[{\"@type\":\"WebPage\",\"@id\":\"https:\/\/exceladvisor.org\/tr\/yuzde-bicimi\/\",\"url\":\"https:\/\/exceladvisor.org\/tr\/yuzde-bicimi\/\",\"name\":\"Y\u00fczde format\u0131 nas\u0131l uygulan\u0131r? (Excel k\u0131sayolu)\",\"isPartOf\":{\"@id\":\"https:\/\/exceladvisor.org\/tr\/#website\"},\"primaryImageOfPage\":{\"@id\":\"https:\/\/exceladvisor.org\/tr\/yuzde-bicimi\/#primaryimage\"},\"image\":{\"@id\":\"https:\/\/exceladvisor.org\/tr\/yuzde-bicimi\/#primaryimage\"},\"thumbnailUrl\":\"https:\/\/exceladvisor.org\/wp-content\/uploads\/2023\/08\/1-raccourci-de-format-de-pourcentage.png\",\"datePublished\":\"2023-09-25T20:59:33+00:00\",\"dateModified\":\"2023-12-10T06:08:08+00:00\",\"description\":\"Kullan\u0131c\u0131lar y\u00fczde bi\u00e7imini manuel olarak veya klavye k\u0131sayolunu kullanarak \u00e7ok h\u0131zl\u0131 bir \u015fekilde uygulayabilir ve\",\"breadcrumb\":{\"@id\":\"https:\/\/exceladvisor.org\/tr\/yuzde-bicimi\/#breadcrumb\"},\"inLanguage\":\"tr\",\"potentialAction\":[{\"@type\":\"ReadAction\",\"target\":[\"https:\/\/exceladvisor.org\/tr\/yuzde-bicimi\/\"]}]},{\"@type\":\"ImageObject\",\"inLanguage\":\"tr\",\"@id\":\"https:\/\/exceladvisor.org\/tr\/yuzde-bicimi\/#primaryimage\",\"url\":\"https:\/\/exceladvisor.org\/wp-content\/uploads\/2023\/08\/1-raccourci-de-format-de-pourcentage.png\",\"contentUrl\":\"https:\/\/exceladvisor.org\/wp-content\/uploads\/2023\/08\/1-raccourci-de-format-de-pourcentage.png\"},{\"@type\":\"BreadcrumbList\",\"@id\":\"https:\/\/exceladvisor.org\/tr\/yuzde-bicimi\/#breadcrumb\",\"itemListElement\":[{\"@type\":\"ListItem\",\"position\":1,\"name\":\"Ev\",\"item\":\"https:\/\/exceladvisor.org\/tr\/\"},{\"@type\":\"ListItem\",\"position\":2,\"name\":\"Y\u00fczde format\u0131 nas\u0131l uygulan\u0131r?\"}]},{\"@type\":\"WebSite\",\"@id\":\"https:\/\/exceladvisor.org\/tr\/#website\",\"url\":\"https:\/\/exceladvisor.org\/tr\/\",\"name\":\"Excel Advisor\",\"description\":\"Veri hakimiyetine y\u00f6nelik nihai rehberiniz!\",\"publisher\":{\"@id\":\"https:\/\/exceladvisor.org\/tr\/#organization\"},\"potentialAction\":[{\"@type\":\"SearchAction\",\"target\":{\"@type\":\"EntryPoint\",\"urlTemplate\":\"https:\/\/exceladvisor.org\/tr\/?s={search_term_string}\"},\"query-input\":{\"@type\":\"PropertyValueSpecification\",\"valueRequired\":true,\"valueName\":\"search_term_string\"}}],\"inLanguage\":\"tr\"},{\"@type\":\"Organization\",\"@id\":\"https:\/\/exceladvisor.org\/tr\/#organization\",\"name\":\"Excel Advisor\",\"url\":\"https:\/\/exceladvisor.org\/tr\/\",\"logo\":{\"@type\":\"ImageObject\",\"inLanguage\":\"tr\",\"@id\":\"https:\/\/exceladvisor.org\/tr\/#\/schema\/logo\/image\/\",\"url\":\"https:\/\/exceladvisor.org\/tr\/wp-content\/uploads\/2023\/12\/exceladvisor.org_.png\",\"contentUrl\":\"https:\/\/exceladvisor.org\/tr\/wp-content\/uploads\/2023\/12\/exceladvisor.org_.png\",\"width\":105,\"height\":36,\"caption\":\"Excel Advisor\"},\"image\":{\"@id\":\"https:\/\/exceladvisor.org\/tr\/#\/schema\/logo\/image\/\"}}]}<\/script>\n<!-- \/ Yoast SEO plugin. -->","yoast_head_json":{"title":"Y\u00fczde format\u0131 nas\u0131l uygulan\u0131r? (Excel k\u0131sayolu)","description":"Kullan\u0131c\u0131lar y\u00fczde bi\u00e7imini manuel olarak veya klavye k\u0131sayolunu kullanarak \u00e7ok h\u0131zl\u0131 bir \u015fekilde uygulayabilir ve","robots":{"index":"index","follow":"follow","max-snippet":"max-snippet:-1","max-image-preview":"max-image-preview:large","max-video-preview":"max-video-preview:-1"},"canonical":"https:\/\/exceladvisor.org\/tr\/yuzde-bicimi\/","og_locale":"tr_TR","og_type":"article","og_title":"Y\u00fczde format\u0131 nas\u0131l uygulan\u0131r? (Excel k\u0131sayolu)","og_description":"Kullan\u0131c\u0131lar y\u00fczde bi\u00e7imini manuel olarak veya klavye k\u0131sayolunu kullanarak \u00e7ok h\u0131zl\u0131 bir \u015fekilde uygulayabilir ve","og_url":"https:\/\/exceladvisor.org\/tr\/yuzde-bicimi\/","og_site_name":"Excel Advisor","article_modified_time":"2023-12-10T06:08:08+00:00","og_image":[{"url":"https:\/\/exceladvisor.org\/wp-content\/uploads\/2023\/08\/1-raccourci-de-format-de-pourcentage.png","type":"","width":"","height":""}],"twitter_card":"summary_large_image","twitter_misc":{"Tahmini okuma s\u00fcresi":"1 dakika"},"schema":{"@context":"https:\/\/schema.org","@graph":[{"@type":"WebPage","@id":"https:\/\/exceladvisor.org\/tr\/yuzde-bicimi\/","url":"https:\/\/exceladvisor.org\/tr\/yuzde-bicimi\/","name":"Y\u00fczde format\u0131 nas\u0131l uygulan\u0131r? (Excel k\u0131sayolu)","isPartOf":{"@id":"https:\/\/exceladvisor.org\/tr\/#website"},"primaryImageOfPage":{"@id":"https:\/\/exceladvisor.org\/tr\/yuzde-bicimi\/#primaryimage"},"image":{"@id":"https:\/\/exceladvisor.org\/tr\/yuzde-bicimi\/#primaryimage"},"thumbnailUrl":"https:\/\/exceladvisor.org\/wp-content\/uploads\/2023\/08\/1-raccourci-de-format-de-pourcentage.png","datePublished":"2023-09-25T20:59:33+00:00","dateModified":"2023-12-10T06:08:08+00:00","description":"Kullan\u0131c\u0131lar y\u00fczde bi\u00e7imini manuel olarak veya klavye k\u0131sayolunu kullanarak \u00e7ok h\u0131zl\u0131 bir \u015fekilde uygulayabilir ve","breadcrumb":{"@id":"https:\/\/exceladvisor.org\/tr\/yuzde-bicimi\/#breadcrumb"},"inLanguage":"tr","potentialAction":[{"@type":"ReadAction","target":["https:\/\/exceladvisor.org\/tr\/yuzde-bicimi\/"]}]},{"@type":"ImageObject","inLanguage":"tr","@id":"https:\/\/exceladvisor.org\/tr\/yuzde-bicimi\/#primaryimage","url":"https:\/\/exceladvisor.org\/wp-content\/uploads\/2023\/08\/1-raccourci-de-format-de-pourcentage.png","contentUrl":"https:\/\/exceladvisor.org\/wp-content\/uploads\/2023\/08\/1-raccourci-de-format-de-pourcentage.png"},{"@type":"BreadcrumbList","@id":"https:\/\/exceladvisor.org\/tr\/yuzde-bicimi\/#breadcrumb","itemListElement":[{"@type":"ListItem","position":1,"name":"Ev","item":"https:\/\/exceladvisor.org\/tr\/"},{"@type":"ListItem","position":2,"name":"Y\u00fczde format\u0131 nas\u0131l uygulan\u0131r?"}]},{"@type":"WebSite","@id":"https:\/\/exceladvisor.org\/tr\/#website","url":"https:\/\/exceladvisor.org\/tr\/","name":"Excel Advisor","description":"Veri hakimiyetine y\u00f6nelik nihai rehberiniz!","publisher":{"@id":"https:\/\/exceladvisor.org\/tr\/#organization"},"potentialAction":[{"@type":"SearchAction","target":{"@type":"EntryPoint","urlTemplate":"https:\/\/exceladvisor.org\/tr\/?s={search_term_string}"},"query-input":{"@type":"PropertyValueSpecification","valueRequired":true,"valueName":"search_term_string"}}],"inLanguage":"tr"},{"@type":"Organization","@id":"https:\/\/exceladvisor.org\/tr\/#organization","name":"Excel Advisor","url":"https:\/\/exceladvisor.org\/tr\/","logo":{"@type":"ImageObject","inLanguage":"tr","@id":"https:\/\/exceladvisor.org\/tr\/#\/schema\/logo\/image\/","url":"https:\/\/exceladvisor.org\/tr\/wp-content\/uploads\/2023\/12\/exceladvisor.org_.png","contentUrl":"https:\/\/exceladvisor.org\/tr\/wp-content\/uploads\/2023\/12\/exceladvisor.org_.png","width":105,"height":36,"caption":"Excel Advisor"},"image":{"@id":"https:\/\/exceladvisor.org\/tr\/#\/schema\/logo\/image\/"}}]}},"yoast_meta":{"yoast_wpseo_title":"","yoast_wpseo_metadesc":"","yoast_wpseo_canonical":""},"_links":{"self":[{"href":"https:\/\/exceladvisor.org\/tr\/wp-json\/wp\/v2\/pages\/2180","targetHints":{"allow":["GET"]}}],"collection":[{"href":"https:\/\/exceladvisor.org\/tr\/wp-json\/wp\/v2\/pages"}],"about":[{"href":"https:\/\/exceladvisor.org\/tr\/wp-json\/wp\/v2\/types\/page"}],"author":[{"embeddable":true,"href":"https:\/\/exceladvisor.org\/tr\/wp-json\/wp\/v2\/users\/1"}],"replies":[{"embeddable":true,"href":"https:\/\/exceladvisor.org\/tr\/wp-json\/wp\/v2\/comments?post=2180"}],"version-history":[{"count":1,"href":"https:\/\/exceladvisor.org\/tr\/wp-json\/wp\/v2\/pages\/2180\/revisions"}],"predecessor-version":[{"id":2971,"href":"https:\/\/exceladvisor.org\/tr\/wp-json\/wp\/v2\/pages\/2180\/revisions\/2971"}],"wp:attachment":[{"href":"https:\/\/exceladvisor.org\/tr\/wp-json\/wp\/v2\/media?parent=2180"}],"curies":[{"name":"wp","href":"https:\/\/api.w.org\/{rel}","templated":true}]}}