{"id":2183,"date":"2023-09-25T20:16:08","date_gmt":"2023-09-25T20:16:08","guid":{"rendered":"https:\/\/exceladvisor.org\/tr\/zaman-formati\/"},"modified":"2023-12-10T05:59:46","modified_gmt":"2023-12-10T05:59:46","slug":"zaman-formati","status":"publish","type":"page","link":"https:\/\/exceladvisor.org\/tr\/zaman-formati\/","title":{"rendered":"Excel k\u0131sayolu ile saat format\u0131 nas\u0131l uygulan\u0131r?"},"content":{"rendered":"<div class=\"excel-icerikten-once\" id=\"excel-2157281695\"><script type=\"text\/javascript\">\r\n\tatOptions = {\r\n\t\t'key' : 'c1158f160081d6540a8409e6925dab94',\r\n\t\t'format' : 'iframe',\r\n\t\t'height' : 250,\r\n\t\t'width' : 300,\r\n\t\t'params' : {}\r\n\t};\r\n<\/script>\r\n<script type=\"text\/javascript\" src=\"\/\/www.highperformanceformat.com\/c1158f160081d6540a8409e6925dab94\/invoke.js\"><\/script><\/div> <p>Excel&#8217;de genellikle h\u00fccrelerde tarih ve saat de\u011ferleri bulunan verilerle \u00e7al\u0131\u015f\u0131rken bu de\u011ferleri say\u0131sal ondal\u0131k de\u011ferlerde veya tekd\u00fcze olmayan formatlarda bulabilirsiniz.<\/p><p> Bu de\u011ferleri standart saat format\u0131na d\u00f6n\u00fc\u015ft\u00fcrmek i\u00e7in h\u0131zl\u0131 klavye k\u0131sayolunu kullanarak saat format\u0131n\u0131 uygulaman\u0131z gerekir, bu da bu de\u011ferleri standart saat format\u0131na d\u00f6n\u00fc\u015ft\u00fcrecektir.<\/p><h2 class=\"wp-block-heading\"> Excel&#8217;de saat bi\u00e7imini uygulamak i\u00e7in klavye k\u0131sayolu<\/h2><p> Saat bi\u00e7imini uygulamak i\u00e7in kullan\u0131lan klavye k\u0131sayolu a\u015fa\u011f\u0131da belirtilmi\u015ftir:<\/p><p> <kbd>Ctrl<\/kbd> + <kbd>\u00dcst Karakter<\/kbd> + <kbd>@<\/kbd> <\/p><div class=\"wp-block-image\"><figure class=\"aligncenter size-full is-resized\"><img loading=\"lazy\" decoding=\"async\" class=\"wp-image-74560\" src=\"https:\/\/exceladvisor.org\/wp-content\/uploads\/2023\/08\/1-format-dheure-de-raccourci-clavier.png\" sizes=\"auto, \" srcset=\"\" alt=\"k\u0131sayol tu\u015fu-zaman-bi\u00e7imi\" width=\"703\" height=\"276\"><\/figure><\/div><h2 class=\"wp-block-heading\"> Klavye k\u0131sayolunu kullanarak saat bi\u00e7imini uygulama ad\u0131mlar\u0131<\/h2><ol><li> \u00d6ncelikle de\u011fer olarak zaman\u0131n oldu\u011fu h\u00fccreleri veya s\u00fctunlar\u0131 se\u00e7in. <br><img loading=\"lazy\" decoding=\"async\" title=\"2-zaman-de\u011fer-h\u00fccrelerini se\u00e7in\" src=\"https:\/\/exceladvisor.org\/wp-content\/uploads\/2023\/08\/2-cellules-de-valeur-temporelle-selectionnees.png\" sizes=\"auto, \" srcset=\"\" alt=\"select-time-value-cells\" width=\"260\" height=\"260\"><\/li><li> Bundan sonra \u201cCtrl + Shift + @\u201d tu\u015flar\u0131na birlikte basman\u0131z yeterlidir; de\u011ferleriniz tek tip zaman format\u0131na d\u00f6n\u00fc\u015ft\u00fcr\u00fclecektir. <br><img loading=\"lazy\" decoding=\"async\" title=\"3 tek tip zaman format\u0131 de\u011feri\" src=\"https:\/\/exceladvisor.org\/wp-content\/uploads\/2023\/08\/3-valeurs-de-format-dheure-uniformes.png\" sizes=\"auto, \" srcset=\"\" alt=\"uniform-time-format-values\" width=\"256\" height=\"249\"><\/li><\/ol><h2 class=\"wp-block-heading\"> Paket servis<\/h2><ul><li> Ondal\u0131ks\u0131z say\u0131sal de\u011ferler yaln\u0131zca tarihi temsil eder. Ondal\u0131k basama\u011f\u0131 olmayan say\u0131sal bir de\u011feriniz varsa saat 00:00 olarak g\u00f6r\u00fcnt\u00fclenecektir.<\/li><li> Ondal\u0131k basamakl\u0131 say\u0131sal de\u011ferler tarih ve saati temsil eder. Ondal\u0131k basamakl\u0131 say\u0131sal bir de\u011feriniz varsa, h\u00fccrede saati, form\u00fcl \u00e7ubu\u011funda ise tarih ve saati g\u00f6sterir. <\/li><\/ul><div class=\"wp-block-image\"><figure class=\"aligncenter size-full is-resized\"><img loading=\"lazy\" decoding=\"async\" class=\"wp-image-74563\" src=\"https:\/\/exceladvisor.org\/wp-content\/uploads\/2023\/08\/4-fois-comme-valeurs.png\" sizes=\"auto, \" srcset=\"\" alt=\"de\u011fer olarak zaman\" width=\"448\" height=\"257\"><\/figure><\/div><div class=\"gb-container gb-container-2116538e gb-container-mt\"> <a class=\"gb-button gb-button-f7d2c131 gb-button-text gb-button-mt-button\" href=\"https:\/\/exceladvisor.org\/tr\/klavye-kisayollari\/\">Excel PDF klavye k\u0131sayollar\u0131<\/a><h2 class=\"gb-headline gb-headline-7ed68554 gb-headline-text gb-headline-mt-heading\"> Daha fazla k\u0131sayol <\/h2><div class=\"gb-grid-wrapper gb-grid-wrapper-edeef538 gb-grid-wrapper-mt-grid\"><div class=\"gb-grid-column gb-grid-column-6ab6fbc6\"><div class=\"gb-container gb-container-6ab6fbc6\"><ul><li> <a href=\"https:\/\/exceladvisor.org\/tr\/cubuk-1\/\">kam\u0131\u015f<\/a><\/li><li> <a href=\"https:\/\/exceladvisor.org\/tr\/dizin-2\/\">\u0130pucu<\/a><\/li><li> <a href=\"https:\/\/exceladvisor.org\/tr\/us\/\">Kat\u0131l\u0131mc\u0131<\/a><\/li><li> <a href=\"https:\/\/exceladvisor.org\/tr\/onay-isareti-1\/\">Onay i\u015fareti<\/a><\/li><li> <a href=\"https:\/\/exceladvisor.org\/tr\/merkezi-hizalama\/\">Merkezi hizalama<\/a> <\/li><\/ul><\/div><\/div><div class=\"gb-grid-column gb-grid-column-766d598b\"><div class=\"gb-container gb-container-766d598b\"><ul><li> <a href=\"https:\/\/exceladvisor.org\/tr\/para-birimi-bicimi\/\">Para birimi bi\u00e7imini uygula<\/a><\/li><li> <a href=\"https:\/\/exceladvisor.org\/tr\/yuzde-bicimi\/\">Y\u00fczde bi\u00e7imi<\/a><\/li><li> <a href=\"https:\/\/exceladvisor.org\/tr\/tarih-formati\/\">Tarih bi\u00e7imini uygula<\/a><\/li><\/ul><\/div><\/div><\/div><\/div>","protected":false},"excerpt":{"rendered":"","protected":false},"author":1,"featured_media":0,"parent":0,"menu_order":0,"comment_status":"open","ping_status":"closed","template":"","meta":{"ub_ctt_via":"","footnotes":""},"class_list":["post-2183","page","type-page","status-publish","hentry"],"featured_image_src":null,"yoast_head":"<!-- This site is optimized with the Yoast SEO plugin v25.4 - https:\/\/yoast.com\/wordpress\/plugins\/seo\/ -->\n<title>Excel k\u0131sayolu ile saat format\u0131 nas\u0131l uygulan\u0131r?<\/title>\n<meta name=\"description\" content=\"Bu e\u011fitimde, zaman bi\u00e7imini bir h\u00fccreye veya \u00e7oklu aral\u0131\u011fa uygulamak i\u00e7in klavye k\u0131sayolunun nas\u0131l kullan\u0131laca\u011f\u0131n\u0131 \u00f6\u011frenece\u011fiz\" \/>\n<meta name=\"robots\" content=\"index, follow, max-snippet:-1, max-image-preview:large, max-video-preview:-1\" \/>\n<link rel=\"canonical\" href=\"https:\/\/exceladvisor.org\/tr\/zaman-formati\/\" \/>\n<meta property=\"og:locale\" content=\"tr_TR\" \/>\n<meta property=\"og:type\" content=\"article\" \/>\n<meta property=\"og:title\" content=\"Excel k\u0131sayolu ile saat format\u0131 nas\u0131l uygulan\u0131r?\" \/>\n<meta property=\"og:description\" content=\"Bu e\u011fitimde, zaman bi\u00e7imini bir h\u00fccreye veya \u00e7oklu aral\u0131\u011fa uygulamak i\u00e7in klavye k\u0131sayolunun nas\u0131l kullan\u0131laca\u011f\u0131n\u0131 \u00f6\u011frenece\u011fiz\" \/>\n<meta property=\"og:url\" content=\"https:\/\/exceladvisor.org\/tr\/zaman-formati\/\" \/>\n<meta property=\"og:site_name\" content=\"Excel Advisor\" \/>\n<meta property=\"article:modified_time\" content=\"2023-12-10T05:59:46+00:00\" \/>\n<meta property=\"og:image\" content=\"https:\/\/exceladvisor.org\/wp-content\/uploads\/2023\/08\/1-format-dheure-de-raccourci-clavier.png\" \/>\n<meta name=\"twitter:card\" content=\"summary_large_image\" \/>\n<meta name=\"twitter:label1\" content=\"Tahmini okuma s\u00fcresi\" \/>\n\t<meta name=\"twitter:data1\" content=\"1 dakika\" \/>\n<script type=\"application\/ld+json\" class=\"yoast-schema-graph\">{\"@context\":\"https:\/\/schema.org\",\"@graph\":[{\"@type\":\"WebPage\",\"@id\":\"https:\/\/exceladvisor.org\/tr\/zaman-formati\/\",\"url\":\"https:\/\/exceladvisor.org\/tr\/zaman-formati\/\",\"name\":\"Excel k\u0131sayolu ile saat format\u0131 nas\u0131l uygulan\u0131r?\",\"isPartOf\":{\"@id\":\"https:\/\/exceladvisor.org\/tr\/#website\"},\"primaryImageOfPage\":{\"@id\":\"https:\/\/exceladvisor.org\/tr\/zaman-formati\/#primaryimage\"},\"image\":{\"@id\":\"https:\/\/exceladvisor.org\/tr\/zaman-formati\/#primaryimage\"},\"thumbnailUrl\":\"https:\/\/exceladvisor.org\/wp-content\/uploads\/2023\/08\/1-format-dheure-de-raccourci-clavier.png\",\"datePublished\":\"2023-09-25T20:16:08+00:00\",\"dateModified\":\"2023-12-10T05:59:46+00:00\",\"description\":\"Bu e\u011fitimde, zaman bi\u00e7imini bir h\u00fccreye veya \u00e7oklu aral\u0131\u011fa uygulamak i\u00e7in klavye k\u0131sayolunun nas\u0131l kullan\u0131laca\u011f\u0131n\u0131 \u00f6\u011frenece\u011fiz\",\"breadcrumb\":{\"@id\":\"https:\/\/exceladvisor.org\/tr\/zaman-formati\/#breadcrumb\"},\"inLanguage\":\"tr\",\"potentialAction\":[{\"@type\":\"ReadAction\",\"target\":[\"https:\/\/exceladvisor.org\/tr\/zaman-formati\/\"]}]},{\"@type\":\"ImageObject\",\"inLanguage\":\"tr\",\"@id\":\"https:\/\/exceladvisor.org\/tr\/zaman-formati\/#primaryimage\",\"url\":\"https:\/\/exceladvisor.org\/wp-content\/uploads\/2023\/08\/1-format-dheure-de-raccourci-clavier.png\",\"contentUrl\":\"https:\/\/exceladvisor.org\/wp-content\/uploads\/2023\/08\/1-format-dheure-de-raccourci-clavier.png\"},{\"@type\":\"BreadcrumbList\",\"@id\":\"https:\/\/exceladvisor.org\/tr\/zaman-formati\/#breadcrumb\",\"itemListElement\":[{\"@type\":\"ListItem\",\"position\":1,\"name\":\"Ev\",\"item\":\"https:\/\/exceladvisor.org\/tr\/\"},{\"@type\":\"ListItem\",\"position\":2,\"name\":\"Excel k\u0131sayolu ile saat format\u0131 nas\u0131l uygulan\u0131r?\"}]},{\"@type\":\"WebSite\",\"@id\":\"https:\/\/exceladvisor.org\/tr\/#website\",\"url\":\"https:\/\/exceladvisor.org\/tr\/\",\"name\":\"Excel Advisor\",\"description\":\"Veri hakimiyetine y\u00f6nelik nihai rehberiniz!\",\"publisher\":{\"@id\":\"https:\/\/exceladvisor.org\/tr\/#organization\"},\"potentialAction\":[{\"@type\":\"SearchAction\",\"target\":{\"@type\":\"EntryPoint\",\"urlTemplate\":\"https:\/\/exceladvisor.org\/tr\/?s={search_term_string}\"},\"query-input\":{\"@type\":\"PropertyValueSpecification\",\"valueRequired\":true,\"valueName\":\"search_term_string\"}}],\"inLanguage\":\"tr\"},{\"@type\":\"Organization\",\"@id\":\"https:\/\/exceladvisor.org\/tr\/#organization\",\"name\":\"Excel Advisor\",\"url\":\"https:\/\/exceladvisor.org\/tr\/\",\"logo\":{\"@type\":\"ImageObject\",\"inLanguage\":\"tr\",\"@id\":\"https:\/\/exceladvisor.org\/tr\/#\/schema\/logo\/image\/\",\"url\":\"https:\/\/exceladvisor.org\/tr\/wp-content\/uploads\/2023\/12\/exceladvisor.org_.png\",\"contentUrl\":\"https:\/\/exceladvisor.org\/tr\/wp-content\/uploads\/2023\/12\/exceladvisor.org_.png\",\"width\":105,\"height\":36,\"caption\":\"Excel Advisor\"},\"image\":{\"@id\":\"https:\/\/exceladvisor.org\/tr\/#\/schema\/logo\/image\/\"}}]}<\/script>\n<!-- \/ Yoast SEO plugin. -->","yoast_head_json":{"title":"Excel k\u0131sayolu ile saat format\u0131 nas\u0131l uygulan\u0131r?","description":"Bu e\u011fitimde, zaman bi\u00e7imini bir h\u00fccreye veya \u00e7oklu aral\u0131\u011fa uygulamak i\u00e7in klavye k\u0131sayolunun nas\u0131l kullan\u0131laca\u011f\u0131n\u0131 \u00f6\u011frenece\u011fiz","robots":{"index":"index","follow":"follow","max-snippet":"max-snippet:-1","max-image-preview":"max-image-preview:large","max-video-preview":"max-video-preview:-1"},"canonical":"https:\/\/exceladvisor.org\/tr\/zaman-formati\/","og_locale":"tr_TR","og_type":"article","og_title":"Excel k\u0131sayolu ile saat format\u0131 nas\u0131l uygulan\u0131r?","og_description":"Bu e\u011fitimde, zaman bi\u00e7imini bir h\u00fccreye veya \u00e7oklu aral\u0131\u011fa uygulamak i\u00e7in klavye k\u0131sayolunun nas\u0131l kullan\u0131laca\u011f\u0131n\u0131 \u00f6\u011frenece\u011fiz","og_url":"https:\/\/exceladvisor.org\/tr\/zaman-formati\/","og_site_name":"Excel Advisor","article_modified_time":"2023-12-10T05:59:46+00:00","og_image":[{"url":"https:\/\/exceladvisor.org\/wp-content\/uploads\/2023\/08\/1-format-dheure-de-raccourci-clavier.png","type":"","width":"","height":""}],"twitter_card":"summary_large_image","twitter_misc":{"Tahmini okuma s\u00fcresi":"1 dakika"},"schema":{"@context":"https:\/\/schema.org","@graph":[{"@type":"WebPage","@id":"https:\/\/exceladvisor.org\/tr\/zaman-formati\/","url":"https:\/\/exceladvisor.org\/tr\/zaman-formati\/","name":"Excel k\u0131sayolu ile saat format\u0131 nas\u0131l uygulan\u0131r?","isPartOf":{"@id":"https:\/\/exceladvisor.org\/tr\/#website"},"primaryImageOfPage":{"@id":"https:\/\/exceladvisor.org\/tr\/zaman-formati\/#primaryimage"},"image":{"@id":"https:\/\/exceladvisor.org\/tr\/zaman-formati\/#primaryimage"},"thumbnailUrl":"https:\/\/exceladvisor.org\/wp-content\/uploads\/2023\/08\/1-format-dheure-de-raccourci-clavier.png","datePublished":"2023-09-25T20:16:08+00:00","dateModified":"2023-12-10T05:59:46+00:00","description":"Bu e\u011fitimde, zaman bi\u00e7imini bir h\u00fccreye veya \u00e7oklu aral\u0131\u011fa uygulamak i\u00e7in klavye k\u0131sayolunun nas\u0131l kullan\u0131laca\u011f\u0131n\u0131 \u00f6\u011frenece\u011fiz","breadcrumb":{"@id":"https:\/\/exceladvisor.org\/tr\/zaman-formati\/#breadcrumb"},"inLanguage":"tr","potentialAction":[{"@type":"ReadAction","target":["https:\/\/exceladvisor.org\/tr\/zaman-formati\/"]}]},{"@type":"ImageObject","inLanguage":"tr","@id":"https:\/\/exceladvisor.org\/tr\/zaman-formati\/#primaryimage","url":"https:\/\/exceladvisor.org\/wp-content\/uploads\/2023\/08\/1-format-dheure-de-raccourci-clavier.png","contentUrl":"https:\/\/exceladvisor.org\/wp-content\/uploads\/2023\/08\/1-format-dheure-de-raccourci-clavier.png"},{"@type":"BreadcrumbList","@id":"https:\/\/exceladvisor.org\/tr\/zaman-formati\/#breadcrumb","itemListElement":[{"@type":"ListItem","position":1,"name":"Ev","item":"https:\/\/exceladvisor.org\/tr\/"},{"@type":"ListItem","position":2,"name":"Excel k\u0131sayolu ile saat format\u0131 nas\u0131l uygulan\u0131r?"}]},{"@type":"WebSite","@id":"https:\/\/exceladvisor.org\/tr\/#website","url":"https:\/\/exceladvisor.org\/tr\/","name":"Excel Advisor","description":"Veri hakimiyetine y\u00f6nelik nihai rehberiniz!","publisher":{"@id":"https:\/\/exceladvisor.org\/tr\/#organization"},"potentialAction":[{"@type":"SearchAction","target":{"@type":"EntryPoint","urlTemplate":"https:\/\/exceladvisor.org\/tr\/?s={search_term_string}"},"query-input":{"@type":"PropertyValueSpecification","valueRequired":true,"valueName":"search_term_string"}}],"inLanguage":"tr"},{"@type":"Organization","@id":"https:\/\/exceladvisor.org\/tr\/#organization","name":"Excel Advisor","url":"https:\/\/exceladvisor.org\/tr\/","logo":{"@type":"ImageObject","inLanguage":"tr","@id":"https:\/\/exceladvisor.org\/tr\/#\/schema\/logo\/image\/","url":"https:\/\/exceladvisor.org\/tr\/wp-content\/uploads\/2023\/12\/exceladvisor.org_.png","contentUrl":"https:\/\/exceladvisor.org\/tr\/wp-content\/uploads\/2023\/12\/exceladvisor.org_.png","width":105,"height":36,"caption":"Excel Advisor"},"image":{"@id":"https:\/\/exceladvisor.org\/tr\/#\/schema\/logo\/image\/"}}]}},"yoast_meta":{"yoast_wpseo_title":"","yoast_wpseo_metadesc":"","yoast_wpseo_canonical":""},"_links":{"self":[{"href":"https:\/\/exceladvisor.org\/tr\/wp-json\/wp\/v2\/pages\/2183","targetHints":{"allow":["GET"]}}],"collection":[{"href":"https:\/\/exceladvisor.org\/tr\/wp-json\/wp\/v2\/pages"}],"about":[{"href":"https:\/\/exceladvisor.org\/tr\/wp-json\/wp\/v2\/types\/page"}],"author":[{"embeddable":true,"href":"https:\/\/exceladvisor.org\/tr\/wp-json\/wp\/v2\/users\/1"}],"replies":[{"embeddable":true,"href":"https:\/\/exceladvisor.org\/tr\/wp-json\/wp\/v2\/comments?post=2183"}],"version-history":[{"count":1,"href":"https:\/\/exceladvisor.org\/tr\/wp-json\/wp\/v2\/pages\/2183\/revisions"}],"predecessor-version":[{"id":2352,"href":"https:\/\/exceladvisor.org\/tr\/wp-json\/wp\/v2\/pages\/2183\/revisions\/2352"}],"wp:attachment":[{"href":"https:\/\/exceladvisor.org\/tr\/wp-json\/wp\/v2\/media?parent=2183"}],"curies":[{"name":"wp","href":"https:\/\/api.w.org\/{rel}","templated":true}]}}