{"id":2184,"date":"2023-09-25T19:19:50","date_gmt":"2023-09-25T19:19:50","guid":{"rendered":"https:\/\/exceladvisor.org\/tr\/1-sutunu-ekle\/"},"modified":"2023-12-10T05:59:56","modified_gmt":"2023-12-10T05:59:56","slug":"1-sutunu-ekle","status":"publish","type":"page","link":"https:\/\/exceladvisor.org\/tr\/1-sutunu-ekle\/","title":{"rendered":"Excel k\u0131sayolunu kullanarak s\u00fctun nas\u0131l eklenir?"},"content":{"rendered":"<div class=\"excel-icerikten-once\" id=\"excel-2919938124\"><script type=\"text\/javascript\">\r\n\tatOptions = {\r\n\t\t'key' : 'c1158f160081d6540a8409e6925dab94',\r\n\t\t'format' : 'iframe',\r\n\t\t'height' : 250,\r\n\t\t'width' : 300,\r\n\t\t'params' : {}\r\n\t};\r\n<\/script>\r\n<script type=\"text\/javascript\" src=\"\/\/www.highperformanceformat.com\/c1158f160081d6540a8409e6925dab94\/invoke.js\"><\/script><\/div> <p>Excel&#8217;e yeni bir s\u00fctun eklemek \u00e7ok basit bir i\u015ftir. Kullan\u0131c\u0131lar genellikle verilerle \u00e7al\u0131\u015f\u0131rken yeni bir s\u00fctun eklemek veya eklemek isterler ve bunu &#8220;Giri\u015f&#8221; sekmesi alt\u0131ndaki &#8220;Ekle&#8221; simgesine gitmek yerine klavye k\u0131sayollar\u0131n\u0131 kullanarak yapabilirler.<\/p><h2 class=\"wp-block-heading\"> Excel&#8217;de s\u00fctun eklemek i\u00e7in klavye k\u0131sayolu<\/h2><p> <kbd>Alt<\/kbd> \u2192 <kbd>I<\/kbd> \u2192 <kbd>C<\/kbd> <\/p><div class=\"wp-block-image\"><figure class=\"aligncenter size-full is-resized\"><img loading=\"lazy\" decoding=\"async\" class=\"wp-image-67492\" src=\"https:\/\/exceladvisor.org\/wp-content\/uploads\/2023\/08\/1-touches-de-raccourci-pour-ajouter-une-colonne.png\" sizes=\"auto, \" srcset=\"\" alt=\"s\u00fctun eklemek i\u00e7in k\u0131sayol tu\u015flar\u0131\" width=\"809\" height=\"317\"><\/figure><\/div><p> <kbd>Ctrl<\/kbd> + <kbd>\u00dcst Karakter<\/kbd> <kbd>++<\/kbd> <\/p><div class=\"wp-block-image\"><figure class=\"aligncenter size-full is-resized\"><img loading=\"lazy\" decoding=\"async\" class=\"wp-image-67493\" src=\"https:\/\/exceladvisor.org\/wp-content\/uploads\/2023\/08\/2-touches-de-raccourci-pour-ajouter-une-colonne.png\" sizes=\"auto, \" srcset=\"\" alt=\"s\u00fctun eklemek i\u00e7in k\u0131sayol tu\u015flar\u0131\" width=\"804\" height=\"315\"><\/figure><\/div><h2 class=\"wp-block-heading\"> Klavye K\u0131sayolu Kullanarak S\u00fctun Ekleme Ad\u0131mlar\u0131<\/h2><h3 class=\"wp-block-heading\"> 1. Alt \u2192 I \u2192 C klavye k\u0131sayolunu kullanma<\/h3><ol><li> \u00d6ncelikle solundaki yeni bo\u015f s\u00fctunu eklemek istedi\u011finiz herhangi bir h\u00fccreye t\u0131klay\u0131n. <br><img loading=\"lazy\" decoding=\"async\" title=\"3 h\u00fccreli se\u00e7im\" src=\"https:\/\/exceladvisor.org\/wp-content\/uploads\/2023\/08\/3-selectionnez-la-cellule.png\" sizes=\"auto, \" srcset=\"\" alt=\"select-the-cell\" width=\"418\" height=\"213\"><\/li><li> Bundan sonra, sadece \u201cAlt \u2192 I \u2192 C\u201dye bast\u0131\u011f\u0131n\u0131zda, yeni s\u00fctunun se\u00e7ilen h\u00fccrenin soluna eklenmesini sa\u011flayabilirsiniz. <br><img loading=\"lazy\" decoding=\"async\" title=\"4-yeni-s\u00fctun-eklendi\" src=\"https:\/\/exceladvisor.org\/wp-content\/uploads\/2023\/08\/4-nouvelle-colonne-ajoutee.png\" sizes=\"auto, \" srcset=\"\" alt=\"new-column-added\" width=\"564\" height=\"225\"><\/li><\/ol><h3 class=\"wp-block-heading\"> 2. Klavye k\u0131sayolunu kullanma Ctrl + Shift + Art\u0131 \u0130\u015fareti (+)<\/h3><ol><li> \u00d6ncelikle solundaki yeni bo\u015f s\u00fctunu eklemek istedi\u011finiz s\u00fctunun tamam\u0131n\u0131 \u201cCtrl + Space\u201d klavye k\u0131sayolunu kullanarak se\u00e7in.<\/li><li> Bundan sonra, <kbd>Ctrl<\/kbd> + <kbd>Shift<\/kbd> + <kbd>+<\/kbd> k\u0131sayol tu\u015flar\u0131na bast\u0131\u011f\u0131n\u0131zda, se\u00e7ilen s\u00fctunun soluna yeni bo\u015f s\u00fctun eklenir.<\/li><\/ol><h2 class=\"wp-block-heading\"> Paket servis<\/h2><ol><li> Excel, s\u00fctunlar\u0131 her zaman se\u00e7ilen h\u00fccrenin veya s\u00fctunun soluna ekler, bu varsay\u0131lan ayar\u0131 de\u011fi\u015ftiremeyiz.<\/li><li> Bir s\u00fctun ekledikten sonra, Excel&#8217;in daha fazla bo\u015f s\u00fctun ekleme g\u00f6revini tekrarlamas\u0131n\u0131 sa\u011flamak i\u00e7in <kbd>Fn<\/kbd> + <kbd>F4<\/kbd> tu\u015flar\u0131na basman\u0131z yeterlidir. <\/li><\/ol><div class=\"wp-block-group more-tutorials is-layout-flow\"><div class=\"wp-block-group__inner-container\"><h2 class=\"wp-block-heading\"> Daha fazla e\u011fitim <\/h2><div class=\"wp-block-columns is-layout-flex wp-container-3\"><div class=\"wp-block-column is-layout-flow\"><ul><li> <a href=\"https:\/\/exceladvisor.org\/tr\/hucreyi-sil\/\">H\u00fccreyi sil<\/a><\/li><li> <a href=\"https:\/\/exceladvisor.org\/tr\/satiri-sil\/\">Sat\u0131rlar\u0131 sil<\/a><\/li><li> <a href=\"https:\/\/exceladvisor.org\/tr\/hucreyi-duzenle\/\">H\u00fccreyi D\u00fczenle<\/a><\/li><\/ul><\/div><div class=\"wp-block-column is-layout-flow\"><ul><li> <a href=\"https:\/\/exceladvisor.org\/tr\/hucre-ekle\/\">H\u00fccre ekle<\/a><\/li><li> <a href=\"https:\/\/exceladvisor.org\/tr\/bir-satir-ekle\/\">Ekle \u2013 Sat\u0131r ekle<\/a><\/li><li> <a href=\"https:\/\/exceladvisor.org\/tr\/ayrisan-hucreleri-birlestirme-1\/\">H\u00fccreleri birle\u015ftir-ayr<\/a><\/li><\/ul><\/div><\/div><p> \u21e0 <a href=\"https:\/\/exceladvisor.org\/tr\/klavye-kisayollari\/\">Excel k\u0131sayollar\u0131na geri d\u00f6n\u00fcn (PDF kopya sayfas\u0131)<\/a><\/p><\/div><\/div>","protected":false},"excerpt":{"rendered":"","protected":false},"author":1,"featured_media":0,"parent":0,"menu_order":0,"comment_status":"open","ping_status":"closed","template":"","meta":{"ub_ctt_via":"","footnotes":""},"class_list":["post-2184","page","type-page","status-publish","hentry"],"featured_image_src":null,"yoast_head":"<!-- This site is optimized with the Yoast SEO plugin v25.4 - https:\/\/yoast.com\/wordpress\/plugins\/seo\/ -->\n<title>Excel k\u0131sayolunu kullanarak s\u00fctun nas\u0131l eklenir?<\/title>\n<meta name=\"description\" content=\"Bu derste, Excel&#039;deki bir \u00e7al\u0131\u015fma sayfas\u0131na s\u00fctun eklemek i\u00e7in klavye k\u0131sayolunun nas\u0131l kullan\u0131laca\u011f\u0131n\u0131 \u00f6\u011frenece\u011fiz.\" \/>\n<meta name=\"robots\" content=\"index, follow, max-snippet:-1, max-image-preview:large, max-video-preview:-1\" \/>\n<link rel=\"canonical\" href=\"https:\/\/exceladvisor.org\/tr\/1-sutunu-ekle\/\" \/>\n<meta property=\"og:locale\" content=\"tr_TR\" \/>\n<meta property=\"og:type\" content=\"article\" \/>\n<meta property=\"og:title\" content=\"Excel k\u0131sayolunu kullanarak s\u00fctun nas\u0131l eklenir?\" \/>\n<meta property=\"og:description\" content=\"Bu derste, Excel&#039;deki bir \u00e7al\u0131\u015fma sayfas\u0131na s\u00fctun eklemek i\u00e7in klavye k\u0131sayolunun nas\u0131l kullan\u0131laca\u011f\u0131n\u0131 \u00f6\u011frenece\u011fiz.\" \/>\n<meta property=\"og:url\" content=\"https:\/\/exceladvisor.org\/tr\/1-sutunu-ekle\/\" \/>\n<meta property=\"og:site_name\" content=\"Excel Advisor\" \/>\n<meta property=\"article:modified_time\" content=\"2023-12-10T05:59:56+00:00\" \/>\n<meta property=\"og:image\" content=\"https:\/\/exceladvisor.org\/wp-content\/uploads\/2023\/08\/1-touches-de-raccourci-pour-ajouter-une-colonne.png\" \/>\n<meta name=\"twitter:card\" content=\"summary_large_image\" \/>\n<meta name=\"twitter:label1\" content=\"Tahmini okuma s\u00fcresi\" \/>\n\t<meta name=\"twitter:data1\" content=\"1 dakika\" \/>\n<script type=\"application\/ld+json\" class=\"yoast-schema-graph\">{\"@context\":\"https:\/\/schema.org\",\"@graph\":[{\"@type\":\"WebPage\",\"@id\":\"https:\/\/exceladvisor.org\/tr\/1-sutunu-ekle\/\",\"url\":\"https:\/\/exceladvisor.org\/tr\/1-sutunu-ekle\/\",\"name\":\"Excel k\u0131sayolunu kullanarak s\u00fctun nas\u0131l eklenir?\",\"isPartOf\":{\"@id\":\"https:\/\/exceladvisor.org\/tr\/#website\"},\"primaryImageOfPage\":{\"@id\":\"https:\/\/exceladvisor.org\/tr\/1-sutunu-ekle\/#primaryimage\"},\"image\":{\"@id\":\"https:\/\/exceladvisor.org\/tr\/1-sutunu-ekle\/#primaryimage\"},\"thumbnailUrl\":\"https:\/\/exceladvisor.org\/wp-content\/uploads\/2023\/08\/1-touches-de-raccourci-pour-ajouter-une-colonne.png\",\"datePublished\":\"2023-09-25T19:19:50+00:00\",\"dateModified\":\"2023-12-10T05:59:56+00:00\",\"description\":\"Bu derste, Excel&#39;deki bir \u00e7al\u0131\u015fma sayfas\u0131na s\u00fctun eklemek i\u00e7in klavye k\u0131sayolunun nas\u0131l kullan\u0131laca\u011f\u0131n\u0131 \u00f6\u011frenece\u011fiz.\",\"breadcrumb\":{\"@id\":\"https:\/\/exceladvisor.org\/tr\/1-sutunu-ekle\/#breadcrumb\"},\"inLanguage\":\"tr\",\"potentialAction\":[{\"@type\":\"ReadAction\",\"target\":[\"https:\/\/exceladvisor.org\/tr\/1-sutunu-ekle\/\"]}]},{\"@type\":\"ImageObject\",\"inLanguage\":\"tr\",\"@id\":\"https:\/\/exceladvisor.org\/tr\/1-sutunu-ekle\/#primaryimage\",\"url\":\"https:\/\/exceladvisor.org\/wp-content\/uploads\/2023\/08\/1-touches-de-raccourci-pour-ajouter-une-colonne.png\",\"contentUrl\":\"https:\/\/exceladvisor.org\/wp-content\/uploads\/2023\/08\/1-touches-de-raccourci-pour-ajouter-une-colonne.png\"},{\"@type\":\"BreadcrumbList\",\"@id\":\"https:\/\/exceladvisor.org\/tr\/1-sutunu-ekle\/#breadcrumb\",\"itemListElement\":[{\"@type\":\"ListItem\",\"position\":1,\"name\":\"Ev\",\"item\":\"https:\/\/exceladvisor.org\/tr\/\"},{\"@type\":\"ListItem\",\"position\":2,\"name\":\"Excel k\u0131sayolunu kullanarak s\u00fctun nas\u0131l eklenir?\"}]},{\"@type\":\"WebSite\",\"@id\":\"https:\/\/exceladvisor.org\/tr\/#website\",\"url\":\"https:\/\/exceladvisor.org\/tr\/\",\"name\":\"Excel Advisor\",\"description\":\"Veri hakimiyetine y\u00f6nelik nihai rehberiniz!\",\"publisher\":{\"@id\":\"https:\/\/exceladvisor.org\/tr\/#organization\"},\"potentialAction\":[{\"@type\":\"SearchAction\",\"target\":{\"@type\":\"EntryPoint\",\"urlTemplate\":\"https:\/\/exceladvisor.org\/tr\/?s={search_term_string}\"},\"query-input\":{\"@type\":\"PropertyValueSpecification\",\"valueRequired\":true,\"valueName\":\"search_term_string\"}}],\"inLanguage\":\"tr\"},{\"@type\":\"Organization\",\"@id\":\"https:\/\/exceladvisor.org\/tr\/#organization\",\"name\":\"Excel Advisor\",\"url\":\"https:\/\/exceladvisor.org\/tr\/\",\"logo\":{\"@type\":\"ImageObject\",\"inLanguage\":\"tr\",\"@id\":\"https:\/\/exceladvisor.org\/tr\/#\/schema\/logo\/image\/\",\"url\":\"https:\/\/exceladvisor.org\/tr\/wp-content\/uploads\/2023\/12\/exceladvisor.org_.png\",\"contentUrl\":\"https:\/\/exceladvisor.org\/tr\/wp-content\/uploads\/2023\/12\/exceladvisor.org_.png\",\"width\":105,\"height\":36,\"caption\":\"Excel Advisor\"},\"image\":{\"@id\":\"https:\/\/exceladvisor.org\/tr\/#\/schema\/logo\/image\/\"}}]}<\/script>\n<!-- \/ Yoast SEO plugin. -->","yoast_head_json":{"title":"Excel k\u0131sayolunu kullanarak s\u00fctun nas\u0131l eklenir?","description":"Bu derste, Excel&#39;deki bir \u00e7al\u0131\u015fma sayfas\u0131na s\u00fctun eklemek i\u00e7in klavye k\u0131sayolunun nas\u0131l kullan\u0131laca\u011f\u0131n\u0131 \u00f6\u011frenece\u011fiz.","robots":{"index":"index","follow":"follow","max-snippet":"max-snippet:-1","max-image-preview":"max-image-preview:large","max-video-preview":"max-video-preview:-1"},"canonical":"https:\/\/exceladvisor.org\/tr\/1-sutunu-ekle\/","og_locale":"tr_TR","og_type":"article","og_title":"Excel k\u0131sayolunu kullanarak s\u00fctun nas\u0131l eklenir?","og_description":"Bu derste, Excel&#39;deki bir \u00e7al\u0131\u015fma sayfas\u0131na s\u00fctun eklemek i\u00e7in klavye k\u0131sayolunun nas\u0131l kullan\u0131laca\u011f\u0131n\u0131 \u00f6\u011frenece\u011fiz.","og_url":"https:\/\/exceladvisor.org\/tr\/1-sutunu-ekle\/","og_site_name":"Excel Advisor","article_modified_time":"2023-12-10T05:59:56+00:00","og_image":[{"url":"https:\/\/exceladvisor.org\/wp-content\/uploads\/2023\/08\/1-touches-de-raccourci-pour-ajouter-une-colonne.png","type":"","width":"","height":""}],"twitter_card":"summary_large_image","twitter_misc":{"Tahmini okuma s\u00fcresi":"1 dakika"},"schema":{"@context":"https:\/\/schema.org","@graph":[{"@type":"WebPage","@id":"https:\/\/exceladvisor.org\/tr\/1-sutunu-ekle\/","url":"https:\/\/exceladvisor.org\/tr\/1-sutunu-ekle\/","name":"Excel k\u0131sayolunu kullanarak s\u00fctun nas\u0131l eklenir?","isPartOf":{"@id":"https:\/\/exceladvisor.org\/tr\/#website"},"primaryImageOfPage":{"@id":"https:\/\/exceladvisor.org\/tr\/1-sutunu-ekle\/#primaryimage"},"image":{"@id":"https:\/\/exceladvisor.org\/tr\/1-sutunu-ekle\/#primaryimage"},"thumbnailUrl":"https:\/\/exceladvisor.org\/wp-content\/uploads\/2023\/08\/1-touches-de-raccourci-pour-ajouter-une-colonne.png","datePublished":"2023-09-25T19:19:50+00:00","dateModified":"2023-12-10T05:59:56+00:00","description":"Bu derste, Excel&#39;deki bir \u00e7al\u0131\u015fma sayfas\u0131na s\u00fctun eklemek i\u00e7in klavye k\u0131sayolunun nas\u0131l kullan\u0131laca\u011f\u0131n\u0131 \u00f6\u011frenece\u011fiz.","breadcrumb":{"@id":"https:\/\/exceladvisor.org\/tr\/1-sutunu-ekle\/#breadcrumb"},"inLanguage":"tr","potentialAction":[{"@type":"ReadAction","target":["https:\/\/exceladvisor.org\/tr\/1-sutunu-ekle\/"]}]},{"@type":"ImageObject","inLanguage":"tr","@id":"https:\/\/exceladvisor.org\/tr\/1-sutunu-ekle\/#primaryimage","url":"https:\/\/exceladvisor.org\/wp-content\/uploads\/2023\/08\/1-touches-de-raccourci-pour-ajouter-une-colonne.png","contentUrl":"https:\/\/exceladvisor.org\/wp-content\/uploads\/2023\/08\/1-touches-de-raccourci-pour-ajouter-une-colonne.png"},{"@type":"BreadcrumbList","@id":"https:\/\/exceladvisor.org\/tr\/1-sutunu-ekle\/#breadcrumb","itemListElement":[{"@type":"ListItem","position":1,"name":"Ev","item":"https:\/\/exceladvisor.org\/tr\/"},{"@type":"ListItem","position":2,"name":"Excel k\u0131sayolunu kullanarak s\u00fctun nas\u0131l eklenir?"}]},{"@type":"WebSite","@id":"https:\/\/exceladvisor.org\/tr\/#website","url":"https:\/\/exceladvisor.org\/tr\/","name":"Excel Advisor","description":"Veri hakimiyetine y\u00f6nelik nihai rehberiniz!","publisher":{"@id":"https:\/\/exceladvisor.org\/tr\/#organization"},"potentialAction":[{"@type":"SearchAction","target":{"@type":"EntryPoint","urlTemplate":"https:\/\/exceladvisor.org\/tr\/?s={search_term_string}"},"query-input":{"@type":"PropertyValueSpecification","valueRequired":true,"valueName":"search_term_string"}}],"inLanguage":"tr"},{"@type":"Organization","@id":"https:\/\/exceladvisor.org\/tr\/#organization","name":"Excel Advisor","url":"https:\/\/exceladvisor.org\/tr\/","logo":{"@type":"ImageObject","inLanguage":"tr","@id":"https:\/\/exceladvisor.org\/tr\/#\/schema\/logo\/image\/","url":"https:\/\/exceladvisor.org\/tr\/wp-content\/uploads\/2023\/12\/exceladvisor.org_.png","contentUrl":"https:\/\/exceladvisor.org\/tr\/wp-content\/uploads\/2023\/12\/exceladvisor.org_.png","width":105,"height":36,"caption":"Excel Advisor"},"image":{"@id":"https:\/\/exceladvisor.org\/tr\/#\/schema\/logo\/image\/"}}]}},"yoast_meta":{"yoast_wpseo_title":"","yoast_wpseo_metadesc":"","yoast_wpseo_canonical":""},"_links":{"self":[{"href":"https:\/\/exceladvisor.org\/tr\/wp-json\/wp\/v2\/pages\/2184","targetHints":{"allow":["GET"]}}],"collection":[{"href":"https:\/\/exceladvisor.org\/tr\/wp-json\/wp\/v2\/pages"}],"about":[{"href":"https:\/\/exceladvisor.org\/tr\/wp-json\/wp\/v2\/types\/page"}],"author":[{"embeddable":true,"href":"https:\/\/exceladvisor.org\/tr\/wp-json\/wp\/v2\/users\/1"}],"replies":[{"embeddable":true,"href":"https:\/\/exceladvisor.org\/tr\/wp-json\/wp\/v2\/comments?post=2184"}],"version-history":[{"count":1,"href":"https:\/\/exceladvisor.org\/tr\/wp-json\/wp\/v2\/pages\/2184\/revisions"}],"predecessor-version":[{"id":2366,"href":"https:\/\/exceladvisor.org\/tr\/wp-json\/wp\/v2\/pages\/2184\/revisions\/2366"}],"wp:attachment":[{"href":"https:\/\/exceladvisor.org\/tr\/wp-json\/wp\/v2\/media?parent=2184"}],"curies":[{"name":"wp","href":"https:\/\/api.w.org\/{rel}","templated":true}]}}