{"id":2185,"date":"2023-09-25T19:09:38","date_gmt":"2023-09-25T19:09:38","guid":{"rendered":"https:\/\/exceladvisor.org\/tr\/aktif-hucre\/"},"modified":"2023-12-10T06:03:32","modified_gmt":"2023-12-10T06:03:32","slug":"aktif-hucre","status":"publish","type":"page","link":"https:\/\/exceladvisor.org\/tr\/aktif-hucre\/","title":{"rendered":"Excel&#39;deki etkin h\u00fccreler nelerdir?"},"content":{"rendered":"<div class=\"excel-icerikten-once\" id=\"excel-1059522533\"><script type=\"text\/javascript\">\r\n\tatOptions = {\r\n\t\t'key' : 'c1158f160081d6540a8409e6925dab94',\r\n\t\t'format' : 'iframe',\r\n\t\t'height' : 250,\r\n\t\t'width' : 300,\r\n\t\t'params' : {}\r\n\t};\r\n<\/script>\r\n<script type=\"text\/javascript\" src=\"\/\/www.highperformanceformat.com\/c1158f160081d6540a8409e6925dab94\/invoke.js\"><\/script><\/div> <p>\u00c7al\u0131\u015fma sayfas\u0131nda bir h\u00fccreyi se\u00e7ti\u011finizde o h\u00fccre etkin h\u00fccredir. Hangi h\u00fccrenin aktif oldu\u011funu g\u00f6rmek i\u00e7in kal\u0131n koyu ye\u015fil kenarl\u0131kl\u0131 h\u00fccreyi bulun ve adres \u00e7ubu\u011funda aktif h\u00fccrenin adresini g\u00f6r\u00fcn. Daha sonra klavyenizle veri girmeye ba\u015flad\u0131\u011f\u0131n\u0131zda do\u011frudan aktif h\u00fccreye girecektir. <\/p><div class=\"wp-block-image\"><figure class=\"aligncenter size-full is-resized\"><img loading=\"lazy\" decoding=\"async\" class=\"wp-image-84276\" src=\"https:\/\/exceladvisor.org\/wp-content\/uploads\/2023\/08\/1-cellule-active-dans-excel.png\" sizes=\"auto, \" srcset=\"\" alt=\"Excel'deki aktif h\u00fccre\" width=\"331\" height=\"378\"><\/figure><\/div><h2 class=\"wp-block-heading\"> Verileri aktif h\u00fccreye girin<\/h2><p> Etkin h\u00fccreye verileri iki \u015fekilde girebilirsiniz:<\/p><ul><li> Klavyeyi kullanarak verileri girin.<\/li><li> Ba\u015fka yerden kopyalarken oraya yap\u0131\u015ft\u0131r\u0131n.<\/li><\/ul><h3 class=\"wp-block-heading\"> Klavyeyi kullanarak verileri girin<\/h3><p> Girmek i\u00e7in klavyenizle yazmaya ba\u015flaman\u0131z gerekir. Veya h\u00fccreyi d\u00fczenlemek ve ard\u0131ndan yazarak veri girmek i\u00e7in F2 klavye k\u0131sayolunu da kullanabilirsiniz. <\/p><div class=\"wp-block-image\"><figure class=\"aligncenter size-full is-resized\"><img loading=\"lazy\" decoding=\"async\" class=\"wp-image-84277\" src=\"https:\/\/exceladvisor.org\/wp-content\/uploads\/2023\/08\/2-saisir-les-donnees-dans-la-cellule-active.png\" sizes=\"auto, \" srcset=\"\" alt=\"aktif h\u00fccreye veri girme\" width=\"407\" height=\"283\"><\/figure><\/div><p> Aktif h\u00fccreye bir fonksiyon girmek istiyorsan\u0131z \u201cE\u015fittir\u201d k\u0131sm\u0131na girip daha sonra kullanmak istedi\u011finiz fonksiyonu girmeye ba\u015flayabilirsiniz. <\/p><div class=\"wp-block-image\"><figure class=\"aligncenter size-full is-resized\"><img loading=\"lazy\" decoding=\"async\" class=\"wp-image-84278\" src=\"https:\/\/exceladvisor.org\/wp-content\/uploads\/2023\/08\/3-entrez-la-fonction-dans-la-cellule-active.png\" sizes=\"auto, \" srcset=\"\" alt=\"aktif h\u00fccredeki giri\u015f i\u015flevi\" width=\"516\" height=\"305\"><\/figure><\/div><h3 class=\"wp-block-heading\"> Verileri kopyalay\u0131p yap\u0131\u015ft\u0131r\u0131n<\/h3><p> Etkin h\u00fccreye veri eklemek i\u00e7in Kopyala ve Yap\u0131\u015ft\u0131r&#8217;\u0131 da kullanabilirsiniz. Kopyalamak i\u00e7in Control + C ve yap\u0131\u015ft\u0131rmak i\u00e7in Control + V klavye k\u0131sayollar\u0131n\u0131 kullan\u0131n. ( <a href=\"https:\/\/exceladvisor.org\/tr\/kopyala-yapistir\/\">Kopyala ve yap\u0131\u015ft\u0131r<\/a> )<\/p><h2 class=\"wp-block-heading\"> Gezin<\/h2><p> Bir h\u00fccreden di\u011ferine gitmek, ba\u015fka bir h\u00fccreyi aktif h\u00fccre haline getirir. \u00d6rne\u011fin aktif h\u00fccreniz B2 ise klavyenizdeki ok butonunu kullanarak gezinebilirsiniz. <\/p><div class=\"wp-block-image\"><figure class=\"aligncenter size-full is-resized\"><img loading=\"lazy\" decoding=\"async\" class=\"wp-image-84279\" src=\"https:\/\/exceladvisor.org\/wp-content\/uploads\/2023\/08\/4-naviguer-dune-cellule-a-lautre.png\" sizes=\"auto, \" srcset=\"\" alt=\"bir h\u00fccreden di\u011ferine gitmek\" width=\"413\" height=\"316\"><\/figure><\/div><p> Di\u011fer y\u00f6ntem ise fareyi kullanarak se\u00e7mek istedi\u011finiz h\u00fccreye t\u0131klamak, ard\u0131ndan se\u00e7ilen h\u00fccre aktif h\u00fccre olacakt\u0131r.<\/p><div class=\"gb-container gb-container-4db6181c gb-container-mt\"> <a class=\"gb-button gb-button-c5897111 gb-button-text gb-button-mt-button\" href=\"https:\/\/exceladvisor.org\/tr\/excel-ilerlemesi\/\">\u0130leri D\u00fczey Excel Dersleri<\/a><h2 class=\"gb-headline gb-headline-665e5f6b gb-headline-text gb-headline-mt-heading\"> \u0130lgili e\u011fitimler <\/h2><div class=\"gb-grid-wrapper gb-grid-wrapper-a20baf7c gb-grid-wrapper-mt-grid\"><div class=\"gb-grid-column gb-grid-column-65ddf67e\"><div class=\"gb-container gb-container-65ddf67e\"><ul><li> <a href=\"https:\/\/exceladvisor.org\/tr\/kopruleri-ekle-kaldir\/\">Excel&#8217;de k\u00f6pr\u00fc ekleme ve kald\u0131rma<\/a><\/li><li> <a href=\"https:\/\/exceladvisor.org\/tr\/filigran-ekle\/\">Excel&#8217;e filigran ekleme<\/a><\/li><li> <a href=\"https:\/\/exceladvisor.org\/tr\/gizli-satir-sutunlarini-kaldir\/\">Excel&#8217;deki gizli sat\u0131rlar\u0131 silin<\/a><\/li><li> <a href=\"https:\/\/exceladvisor.org\/tr\/hucrelerin-secimini-kaldir\/\">Excel&#8217;de h\u00fccrelerin se\u00e7imini kald\u0131r\u0131n<\/a><\/li><li> <a href=\"https:\/\/exceladvisor.org\/tr\/sutun-ekle\/\">Excel&#8217;de s\u00fctun ekleme<\/a> <\/li><\/ul><\/div><\/div><div class=\"gb-grid-column gb-grid-column-50067b57\"><div class=\"gb-container gb-container-50067b57\"><\/div><\/div><\/div><\/div>","protected":false},"excerpt":{"rendered":"","protected":false},"author":1,"featured_media":0,"parent":0,"menu_order":0,"comment_status":"open","ping_status":"closed","template":"","meta":{"ub_ctt_via":"","footnotes":""},"class_list":["post-2185","page","type-page","status-publish","hentry"],"featured_image_src":null,"yoast_head":"<!-- This site is optimized with the Yoast SEO plugin v25.4 - https:\/\/yoast.com\/wordpress\/plugins\/seo\/ -->\n<title>\u25b7 Excel&#039;deki etkin h\u00fccreler nelerdir? (2023 K\u0131lavuzu)<\/title>\n<meta name=\"description\" content=\"\u00c7al\u0131\u015fma sayfas\u0131nda bir h\u00fccreyi se\u00e7ti\u011finizde o h\u00fccre etkin h\u00fccredir. Hangi h\u00fccrenin aktif oldu\u011funu g\u00f6rmek i\u00e7in\" \/>\n<meta name=\"robots\" content=\"index, follow, max-snippet:-1, max-image-preview:large, max-video-preview:-1\" \/>\n<link rel=\"canonical\" href=\"https:\/\/exceladvisor.org\/tr\/aktif-hucre\/\" \/>\n<meta property=\"og:locale\" content=\"tr_TR\" \/>\n<meta property=\"og:type\" content=\"article\" \/>\n<meta property=\"og:title\" content=\"\u25b7 Excel&#039;deki etkin h\u00fccreler nelerdir? (2023 K\u0131lavuzu)\" \/>\n<meta property=\"og:description\" content=\"\u00c7al\u0131\u015fma sayfas\u0131nda bir h\u00fccreyi se\u00e7ti\u011finizde o h\u00fccre etkin h\u00fccredir. Hangi h\u00fccrenin aktif oldu\u011funu g\u00f6rmek i\u00e7in\" \/>\n<meta property=\"og:url\" content=\"https:\/\/exceladvisor.org\/tr\/aktif-hucre\/\" \/>\n<meta property=\"og:site_name\" content=\"Excel Advisor\" \/>\n<meta property=\"article:modified_time\" content=\"2023-12-10T06:03:32+00:00\" \/>\n<meta property=\"og:image\" content=\"https:\/\/exceladvisor.org\/wp-content\/uploads\/2023\/08\/1-cellule-active-dans-excel.png\" \/>\n<meta name=\"twitter:card\" content=\"summary_large_image\" \/>\n<meta name=\"twitter:label1\" content=\"Tahmini okuma s\u00fcresi\" \/>\n\t<meta name=\"twitter:data1\" content=\"1 dakika\" \/>\n<script type=\"application\/ld+json\" class=\"yoast-schema-graph\">{\"@context\":\"https:\/\/schema.org\",\"@graph\":[{\"@type\":\"WebPage\",\"@id\":\"https:\/\/exceladvisor.org\/tr\/aktif-hucre\/\",\"url\":\"https:\/\/exceladvisor.org\/tr\/aktif-hucre\/\",\"name\":\"\u25b7 Excel&#39;deki etkin h\u00fccreler nelerdir? (2023 K\u0131lavuzu)\",\"isPartOf\":{\"@id\":\"https:\/\/exceladvisor.org\/tr\/#website\"},\"primaryImageOfPage\":{\"@id\":\"https:\/\/exceladvisor.org\/tr\/aktif-hucre\/#primaryimage\"},\"image\":{\"@id\":\"https:\/\/exceladvisor.org\/tr\/aktif-hucre\/#primaryimage\"},\"thumbnailUrl\":\"https:\/\/exceladvisor.org\/wp-content\/uploads\/2023\/08\/1-cellule-active-dans-excel.png\",\"datePublished\":\"2023-09-25T19:09:38+00:00\",\"dateModified\":\"2023-12-10T06:03:32+00:00\",\"description\":\"\u00c7al\u0131\u015fma sayfas\u0131nda bir h\u00fccreyi se\u00e7ti\u011finizde o h\u00fccre etkin h\u00fccredir. Hangi h\u00fccrenin aktif oldu\u011funu g\u00f6rmek i\u00e7in\",\"breadcrumb\":{\"@id\":\"https:\/\/exceladvisor.org\/tr\/aktif-hucre\/#breadcrumb\"},\"inLanguage\":\"tr\",\"potentialAction\":[{\"@type\":\"ReadAction\",\"target\":[\"https:\/\/exceladvisor.org\/tr\/aktif-hucre\/\"]}]},{\"@type\":\"ImageObject\",\"inLanguage\":\"tr\",\"@id\":\"https:\/\/exceladvisor.org\/tr\/aktif-hucre\/#primaryimage\",\"url\":\"https:\/\/exceladvisor.org\/wp-content\/uploads\/2023\/08\/1-cellule-active-dans-excel.png\",\"contentUrl\":\"https:\/\/exceladvisor.org\/wp-content\/uploads\/2023\/08\/1-cellule-active-dans-excel.png\"},{\"@type\":\"BreadcrumbList\",\"@id\":\"https:\/\/exceladvisor.org\/tr\/aktif-hucre\/#breadcrumb\",\"itemListElement\":[{\"@type\":\"ListItem\",\"position\":1,\"name\":\"Ev\",\"item\":\"https:\/\/exceladvisor.org\/tr\/\"},{\"@type\":\"ListItem\",\"position\":2,\"name\":\"Excel&#39;deki etkin h\u00fccreler nelerdir?\"}]},{\"@type\":\"WebSite\",\"@id\":\"https:\/\/exceladvisor.org\/tr\/#website\",\"url\":\"https:\/\/exceladvisor.org\/tr\/\",\"name\":\"Excel Advisor\",\"description\":\"Veri hakimiyetine y\u00f6nelik nihai rehberiniz!\",\"publisher\":{\"@id\":\"https:\/\/exceladvisor.org\/tr\/#organization\"},\"potentialAction\":[{\"@type\":\"SearchAction\",\"target\":{\"@type\":\"EntryPoint\",\"urlTemplate\":\"https:\/\/exceladvisor.org\/tr\/?s={search_term_string}\"},\"query-input\":{\"@type\":\"PropertyValueSpecification\",\"valueRequired\":true,\"valueName\":\"search_term_string\"}}],\"inLanguage\":\"tr\"},{\"@type\":\"Organization\",\"@id\":\"https:\/\/exceladvisor.org\/tr\/#organization\",\"name\":\"Excel Advisor\",\"url\":\"https:\/\/exceladvisor.org\/tr\/\",\"logo\":{\"@type\":\"ImageObject\",\"inLanguage\":\"tr\",\"@id\":\"https:\/\/exceladvisor.org\/tr\/#\/schema\/logo\/image\/\",\"url\":\"https:\/\/exceladvisor.org\/tr\/wp-content\/uploads\/2023\/12\/exceladvisor.org_.png\",\"contentUrl\":\"https:\/\/exceladvisor.org\/tr\/wp-content\/uploads\/2023\/12\/exceladvisor.org_.png\",\"width\":105,\"height\":36,\"caption\":\"Excel Advisor\"},\"image\":{\"@id\":\"https:\/\/exceladvisor.org\/tr\/#\/schema\/logo\/image\/\"}}]}<\/script>\n<!-- \/ Yoast SEO plugin. -->","yoast_head_json":{"title":"\u25b7 Excel&#39;deki etkin h\u00fccreler nelerdir? (2023 K\u0131lavuzu)","description":"\u00c7al\u0131\u015fma sayfas\u0131nda bir h\u00fccreyi se\u00e7ti\u011finizde o h\u00fccre etkin h\u00fccredir. Hangi h\u00fccrenin aktif oldu\u011funu g\u00f6rmek i\u00e7in","robots":{"index":"index","follow":"follow","max-snippet":"max-snippet:-1","max-image-preview":"max-image-preview:large","max-video-preview":"max-video-preview:-1"},"canonical":"https:\/\/exceladvisor.org\/tr\/aktif-hucre\/","og_locale":"tr_TR","og_type":"article","og_title":"\u25b7 Excel&#39;deki etkin h\u00fccreler nelerdir? (2023 K\u0131lavuzu)","og_description":"\u00c7al\u0131\u015fma sayfas\u0131nda bir h\u00fccreyi se\u00e7ti\u011finizde o h\u00fccre etkin h\u00fccredir. Hangi h\u00fccrenin aktif oldu\u011funu g\u00f6rmek i\u00e7in","og_url":"https:\/\/exceladvisor.org\/tr\/aktif-hucre\/","og_site_name":"Excel Advisor","article_modified_time":"2023-12-10T06:03:32+00:00","og_image":[{"url":"https:\/\/exceladvisor.org\/wp-content\/uploads\/2023\/08\/1-cellule-active-dans-excel.png","type":"","width":"","height":""}],"twitter_card":"summary_large_image","twitter_misc":{"Tahmini okuma s\u00fcresi":"1 dakika"},"schema":{"@context":"https:\/\/schema.org","@graph":[{"@type":"WebPage","@id":"https:\/\/exceladvisor.org\/tr\/aktif-hucre\/","url":"https:\/\/exceladvisor.org\/tr\/aktif-hucre\/","name":"\u25b7 Excel&#39;deki etkin h\u00fccreler nelerdir? (2023 K\u0131lavuzu)","isPartOf":{"@id":"https:\/\/exceladvisor.org\/tr\/#website"},"primaryImageOfPage":{"@id":"https:\/\/exceladvisor.org\/tr\/aktif-hucre\/#primaryimage"},"image":{"@id":"https:\/\/exceladvisor.org\/tr\/aktif-hucre\/#primaryimage"},"thumbnailUrl":"https:\/\/exceladvisor.org\/wp-content\/uploads\/2023\/08\/1-cellule-active-dans-excel.png","datePublished":"2023-09-25T19:09:38+00:00","dateModified":"2023-12-10T06:03:32+00:00","description":"\u00c7al\u0131\u015fma sayfas\u0131nda bir h\u00fccreyi se\u00e7ti\u011finizde o h\u00fccre etkin h\u00fccredir. Hangi h\u00fccrenin aktif oldu\u011funu g\u00f6rmek i\u00e7in","breadcrumb":{"@id":"https:\/\/exceladvisor.org\/tr\/aktif-hucre\/#breadcrumb"},"inLanguage":"tr","potentialAction":[{"@type":"ReadAction","target":["https:\/\/exceladvisor.org\/tr\/aktif-hucre\/"]}]},{"@type":"ImageObject","inLanguage":"tr","@id":"https:\/\/exceladvisor.org\/tr\/aktif-hucre\/#primaryimage","url":"https:\/\/exceladvisor.org\/wp-content\/uploads\/2023\/08\/1-cellule-active-dans-excel.png","contentUrl":"https:\/\/exceladvisor.org\/wp-content\/uploads\/2023\/08\/1-cellule-active-dans-excel.png"},{"@type":"BreadcrumbList","@id":"https:\/\/exceladvisor.org\/tr\/aktif-hucre\/#breadcrumb","itemListElement":[{"@type":"ListItem","position":1,"name":"Ev","item":"https:\/\/exceladvisor.org\/tr\/"},{"@type":"ListItem","position":2,"name":"Excel&#39;deki etkin h\u00fccreler nelerdir?"}]},{"@type":"WebSite","@id":"https:\/\/exceladvisor.org\/tr\/#website","url":"https:\/\/exceladvisor.org\/tr\/","name":"Excel Advisor","description":"Veri hakimiyetine y\u00f6nelik nihai rehberiniz!","publisher":{"@id":"https:\/\/exceladvisor.org\/tr\/#organization"},"potentialAction":[{"@type":"SearchAction","target":{"@type":"EntryPoint","urlTemplate":"https:\/\/exceladvisor.org\/tr\/?s={search_term_string}"},"query-input":{"@type":"PropertyValueSpecification","valueRequired":true,"valueName":"search_term_string"}}],"inLanguage":"tr"},{"@type":"Organization","@id":"https:\/\/exceladvisor.org\/tr\/#organization","name":"Excel Advisor","url":"https:\/\/exceladvisor.org\/tr\/","logo":{"@type":"ImageObject","inLanguage":"tr","@id":"https:\/\/exceladvisor.org\/tr\/#\/schema\/logo\/image\/","url":"https:\/\/exceladvisor.org\/tr\/wp-content\/uploads\/2023\/12\/exceladvisor.org_.png","contentUrl":"https:\/\/exceladvisor.org\/tr\/wp-content\/uploads\/2023\/12\/exceladvisor.org_.png","width":105,"height":36,"caption":"Excel Advisor"},"image":{"@id":"https:\/\/exceladvisor.org\/tr\/#\/schema\/logo\/image\/"}}]}},"yoast_meta":{"yoast_wpseo_title":"","yoast_wpseo_metadesc":"","yoast_wpseo_canonical":""},"_links":{"self":[{"href":"https:\/\/exceladvisor.org\/tr\/wp-json\/wp\/v2\/pages\/2185","targetHints":{"allow":["GET"]}}],"collection":[{"href":"https:\/\/exceladvisor.org\/tr\/wp-json\/wp\/v2\/pages"}],"about":[{"href":"https:\/\/exceladvisor.org\/tr\/wp-json\/wp\/v2\/types\/page"}],"author":[{"embeddable":true,"href":"https:\/\/exceladvisor.org\/tr\/wp-json\/wp\/v2\/users\/1"}],"replies":[{"embeddable":true,"href":"https:\/\/exceladvisor.org\/tr\/wp-json\/wp\/v2\/comments?post=2185"}],"version-history":[{"count":1,"href":"https:\/\/exceladvisor.org\/tr\/wp-json\/wp\/v2\/pages\/2185\/revisions"}],"predecessor-version":[{"id":2659,"href":"https:\/\/exceladvisor.org\/tr\/wp-json\/wp\/v2\/pages\/2185\/revisions\/2659"}],"wp:attachment":[{"href":"https:\/\/exceladvisor.org\/tr\/wp-json\/wp\/v2\/media?parent=2185"}],"curies":[{"name":"wp","href":"https:\/\/api.w.org\/{rel}","templated":true}]}}