{"id":2189,"date":"2023-09-25T14:20:37","date_gmt":"2023-09-25T14:20:37","guid":{"rendered":"https:\/\/exceladvisor.org\/tr\/hucre-rengi\/"},"modified":"2023-12-10T06:00:13","modified_gmt":"2023-12-10T06:00:13","slug":"hucre-rengi","status":"publish","type":"page","link":"https:\/\/exceladvisor.org\/tr\/hucre-rengi\/","title":{"rendered":"Excel&#39;de arka plan rengi nas\u0131l uygulan\u0131r?"},"content":{"rendered":"<div class=\"excel-icerikten-once\" id=\"excel-1706139711\"><script type=\"text\/javascript\">\r\n\tatOptions = {\r\n\t\t'key' : 'c1158f160081d6540a8409e6925dab94',\r\n\t\t'format' : 'iframe',\r\n\t\t'height' : 250,\r\n\t\t'width' : 300,\r\n\t\t'params' : {}\r\n\t};\r\n<\/script>\r\n<script type=\"text\/javascript\" src=\"\/\/www.highperformanceformat.com\/c1158f160081d6540a8409e6925dab94\/invoke.js\"><\/script><\/div> <p>Bildi\u011finiz gibi Excel&#8217;de varsay\u0131lan arka plan rengi beyazd\u0131r ve kullan\u0131c\u0131lar \u00e7o\u011fu zaman bir h\u00fccreyi veya h\u00fccre aral\u0131\u011f\u0131n\u0131 vurgulamak i\u00e7in h\u00fccrelere arka plan rengini uygulamay\u0131 tercih ederler.<\/p><p> Excel&#8217;de arka plan rengi, &#8220;Dolgu Rengi&#8221; se\u00e7ene\u011fini kullanmak veya &#8220;Ko\u015fullu Bi\u00e7imlendirme&#8221; se\u00e7ene\u011fini kullanarak farkl\u0131 t\u00fcrde ko\u015fullar uygulamak ve di\u011ferleri gibi \u00e7e\u015fitli yollarla uygulanabilir.<\/p><p> \u201cDolgu rengi\u201d se\u00e7ene\u011fi kullan\u0131larak h\u00fccrelere veya sayfaya uygulanan arka plan rengi, h\u00fccre de\u011ferinin de\u011fi\u015fmesiyle de\u011fi\u015fmez, ancak \u201cKo\u015fullu Bi\u00e7imlendirme\u201d se\u00e7ene\u011fi kullan\u0131ld\u0131\u011f\u0131nda, h\u00fccrenin de\u011fi\u015ftirilmesiyle h\u00fccrelerin rengi de\u011fi\u015fir. De\u011fer, uygulanan ko\u015fullara ba\u011fl\u0131d\u0131r.<\/p><p> Excel&#8217;de arka plan rengini uygulamak i\u00e7in baz\u0131 h\u0131zl\u0131 ve kolay ad\u0131mlardan bahsettik.<\/p><h2 class=\"wp-block-heading\"> Dolgu Rengi se\u00e7ene\u011fini kullanarak arka plan rengini uygulama<\/h2><ul><li> \u00d6ncelikle, arka plan rengini s\u0131ras\u0131yla h\u00fccreye veya h\u00fccre aral\u0131\u011f\u0131na veya t\u00fcm sayfaya uygulamak i\u00e7in h\u00fccreyi veya h\u00fccre aral\u0131\u011f\u0131n\u0131 veya sayfan\u0131n tamam\u0131n\u0131 se\u00e7in.<\/li><li> Bundan sonra \u201cGiri\u015f\u201d sekmesine gidin, ard\u0131ndan \u201cDolgu Rengi\u201d a\u00e7\u0131l\u0131r okuna t\u0131klay\u0131n ve uygulamak istedi\u011finiz rengi se\u00e7in. <br><img loading=\"lazy\" decoding=\"async\" title=\"Se\u00e7enek 1 dolgu rengi\" src=\"https:\/\/exceladvisor.org\/wp-content\/uploads\/2023\/08\/1-option-de-couleur-de-remplissage.png\" sizes=\"auto, \" srcset=\"\" alt=\"fill-color-option\" width=\"407\" height=\"340\"><\/li><li> Rengi se\u00e7tikten sonra, se\u00e7ilen h\u00fccreleri veya h\u00fccre aral\u0131\u011f\u0131n\u0131 veya t\u00fcm sayfan\u0131n se\u00e7ilen renkle vurgulanmas\u0131n\u0131 sa\u011flayabilirsiniz.<\/li><\/ul><h2 class=\"wp-block-heading\"> Ko\u015fullu bi\u00e7imlendirmeyi kullanarak h\u00fccre de\u011ferlerine g\u00f6re arka plan rengini uygulama<\/h2><p> Ko\u015fullu bi\u00e7imlendirmeyi kullanarak kullan\u0131c\u0131lar, de\u011ferden b\u00fcy\u00fck, de\u011ferden k\u00fc\u00e7\u00fck, e\u015fit de\u011ferler, yinelenen de\u011ferler, h\u00fccredeki metin vb. gibi bir veya daha fazla ko\u015fula dayal\u0131 olarak h\u00fccrelere arka plan renklerini ayn\u0131 anda uygulayabilir.<\/p><p> H\u00fccre de\u011feri her g\u00fcncellendi\u011finde, belirtilen ko\u015fullara g\u00f6re h\u00fccre rengi otomatik olarak de\u011fi\u015fir.<\/p><ul><li> \u00d6ncelikle, arka plan rengi format\u0131n\u0131 uygulamak istedi\u011finiz sayfan\u0131n tamam\u0131n\u0131 veya bir dizi h\u00fccreyi se\u00e7in, ard\u0131ndan \u201cGiri\u015f\u201d sekmesine gidin.<\/li><li> Bundan sonra, \u201cKo\u015fullu Bi\u00e7imlendirme\u201d a\u00e7\u0131l\u0131r okuna t\u0131klay\u0131n, ard\u0131ndan \u201cH\u00fccre Vurgulama Kurallar\u0131\u201dna ve ard\u0131ndan \u201cDi\u011fer Kurallar\u201d se\u00e7ene\u011fine t\u0131klay\u0131n. <br><img loading=\"lazy\" decoding=\"async\" title=\"2-arka plan renkleri-ko\u015fullu-bi\u00e7imlendirmeyi kullanma\" src=\"https:\/\/exceladvisor.org\/wp-content\/uploads\/2023\/08\/2-couleurs-darriere-plan-utilisant-la-mise-en-forme-conditionnelle.png\" sizes=\"auto, \" srcset=\"\" alt=\"background-color-using-conditional-formatting\" width=\"597\" height=\"338\"><\/li><li> \u201cDi\u011fer Kurallar\u201da t\u0131klad\u0131\u011f\u0131n\u0131zda \u201cYeni Bi\u00e7imlendirme Kural\u0131\u201d ileti\u015fim kutusu a\u00e7\u0131l\u0131r. <br><img loading=\"lazy\" decoding=\"async\" title=\"3-yeni-bi\u00e7imlendirme-kural-ileti\u015fim kutusu\" src=\"https:\/\/exceladvisor.org\/wp-content\/uploads\/2023\/08\/3-nouvelle-boite-de-dialogue-de-regle-de-formatage.png\" sizes=\"auto, \" srcset=\"\" alt=\"new-formatting-rule-dialog-box\" width=\"486\" height=\"355\"><\/li><li> \u015eimdi &#8220;Yaln\u0131zca \u015funu i\u00e7eren h\u00fccreleri bi\u00e7imlendir&#8221; kural t\u00fcr\u00fcn\u00fc se\u00e7in, ard\u0131ndan uygulamak istedi\u011finiz bi\u00e7imlendirme ko\u015fulunu se\u00e7in, ard\u0131ndan de\u011feri girin ve &#8220;Bi\u00e7imlendir&#8221; d\u00fc\u011fmesini t\u0131klay\u0131n. <br><img loading=\"lazy\" decoding=\"async\" title=\"4-bi\u00e7imlendirme ko\u015fulu\" src=\"https:\/\/exceladvisor.org\/wp-content\/uploads\/2023\/08\/4-conditions-de-formatage.png\" sizes=\"auto, \" srcset=\"\" alt=\"formatting-condition\" width=\"488\" height=\"360\"><\/li><li> \u015eimdi, \u201cH\u00fccreleri Bi\u00e7imlendir\u201d ileti\u015fim kutusunda \u201cDoldur\u201d ba\u015fl\u0131\u011f\u0131n\u0131 se\u00e7in, ard\u0131ndan uygulamak istedi\u011finiz rengi se\u00e7in ve ard\u0131ndan Tamam&#8217;\u0131 t\u0131klay\u0131n. <br><img loading=\"lazy\" decoding=\"async\" title=\"5 formatl\u0131 h\u00fccre ileti\u015fim kutusu\" src=\"https:\/\/exceladvisor.org\/wp-content\/uploads\/2023\/08\/5-boite-de-dialogue-formater-les-cellules-2.png\" sizes=\"auto, \" srcset=\"\" alt=\"format-cells-dialog-box\" width=\"473\" height=\"418\"><\/li><li> Tamam&#8217;\u0131 t\u0131klad\u0131\u011f\u0131n\u0131zda, art\u0131k se\u00e7ilen rengin \u00f6nizlemesini g\u00f6rebilece\u011finiz &#8220;Yeni Bi\u00e7imlendirme Kural\u0131&#8221; ileti\u015fim kutusuna d\u00f6neceksiniz.<\/li><li> Sonunda Tamam&#8217;\u0131 t\u0131klay\u0131n. <br><img loading=\"lazy\" decoding=\"async\" title=\"6 t\u0131klamayla tamam bi\u00e7imlendirme\" src=\"https:\/\/exceladvisor.org\/wp-content\/uploads\/2023\/08\/6-clic-ok-formatage.png\" sizes=\"auto, \" srcset=\"\" alt=\"click-ok-formatting\" width=\"676\" height=\"321\"><\/li><li> Bu noktada, se\u00e7ilen aral\u0131ktaki h\u00fccrelerin, uygulanan ko\u015fula g\u00f6re arka plan rengiyle vurgulanmas\u0131n\u0131 sa\u011flayabilirsiniz. <br><img loading=\"lazy\" decoding=\"async\" title=\"7 arka plan rengi uyguland\u0131\" src=\"https:\/\/exceladvisor.org\/wp-content\/uploads\/2023\/08\/7-couleurs-de-fond-appliquees.png\" sizes=\"auto, \" srcset=\"\" alt=\"applied-background-color\" width=\"294\" height=\"271\"><\/li><\/ul><p> Yukar\u0131daki \u00f6rnekte \u201cB\u00fcy\u00fckt\u00fcr veya e\u015fittir\u201d ko\u015fulunu temel de\u011feri \u201c10000\u201d olan ve ye\u015fil renkte se\u00e7tik. Bu nedenle de\u011feri 10000 ve \u00fczeri olan t\u00fcm h\u00fccreler ye\u015fil arka plan rengiyle vurgulanm\u0131\u015ft\u0131r.<\/p><p> Ayn\u0131 aral\u0131\u011fa daha fazla renk formatlama ko\u015fulu uygulamak i\u00e7in kullan\u0131c\u0131lar\u0131n ayn\u0131 ad\u0131mlar\u0131 izlemesi ve yukar\u0131da olu\u015fturdu\u011fumuz birinci ko\u015fulun yan\u0131nda yaln\u0131zca ikinci ko\u015fulu uygulamas\u0131 gerekir.<\/p><ul><li> Yine h\u00fccre aral\u0131\u011f\u0131n\u0131 se\u00e7in ve yukar\u0131da belirtilen ad\u0131mlar\u0131n ayn\u0131s\u0131n\u0131 kullanarak \u201cYeni Bi\u00e7imlendirme Kural\u0131\u201d ileti\u015fim kutusuna gidin.<\/li><li> \u015eimdi de\u011ferle birlikte yeni ko\u015fulu tekrar se\u00e7in, ard\u0131ndan rengi se\u00e7mek i\u00e7in \u201cBi\u00e7imlendir\u201d d\u00fc\u011fmesine t\u0131klay\u0131n ve Tamam&#8217;a t\u0131klay\u0131n. <br><img loading=\"lazy\" decoding=\"async\" title=\"8-bi\u00e7imlendirme-ko\u015fulunu se\u00e7in\" src=\"https:\/\/exceladvisor.org\/wp-content\/uploads\/2023\/08\/8-selectionner-la-condition-de-formatage.png\" sizes=\"auto, \" srcset=\"\" alt=\"select-formatting-condition\" width=\"515\" height=\"376\"><\/li><li> Bu noktada, uygulanan ikinci ko\u015fula g\u00f6re h\u00fccrelere yeni ek arka plan rengi uygulanacakt\u0131r. <br><img loading=\"lazy\" decoding=\"async\" title=\"H\u00fccreler i\u00e7in 9 arka plan rengi\" src=\"https:\/\/exceladvisor.org\/wp-content\/uploads\/2023\/08\/9-couleurs-de-fond-pour-les-cellules.png\" sizes=\"auto, \" srcset=\"\" alt=\"background-colors-to-the-cells\" width=\"269\" height=\"245\"><\/li><\/ul><p> Art\u0131k uygulad\u0131\u011f\u0131m\u0131z iki ko\u015fula g\u00f6re iki farkl\u0131 rengi g\u00f6rebilirsiniz.<\/p><p> Ayn\u0131 \u015fekilde, s\u0131f\u0131ra (0) e\u015fit h\u00fccrelerle arka plan rengini vurgulamak gibi ayn\u0131 aral\u0131\u011fa daha fazla ko\u015ful uygulayabilirsiniz ve bu durumda, olarak girilen de\u011ferle yeni &#8220;E\u015fit&#8221; ko\u015fulunu uygulaman\u0131z gerekir. s\u0131f\u0131r (0).<\/p><p> Ko\u015fulu uygularken se\u00e7ece\u011finiz arka plan rengiyle s\u0131f\u0131r de\u011ferli h\u00fccrelerin vurgulanaca\u011f\u0131 yer.<\/p><h2 class=\"wp-block-heading\"> Ko\u015fullu bi\u00e7imlendirmeyi kullanarak \u00f6zel h\u00fccrelere arka plan rengi uygulama<\/h2><p> Buradaki \u00f6zel h\u00fccreler, veri i\u00e7ermeyen bo\u015f veya bo\u015f h\u00fccreleri veya form\u00fcl hatas\u0131 i\u00e7eren h\u00fccreleri ifade eder.<\/p><ol><li> Belirli bir h\u00fccre aral\u0131\u011f\u0131n\u0131n \u00f6zel h\u00fccrelerine veya tablonun tamam\u0131na veya sayfan\u0131n tamam\u0131na arka plan rengi uygulamak istiyorsan\u0131z, \u00f6ncelikle h\u00fccre aral\u0131\u011f\u0131n\u0131 veya tablonun tamam\u0131n\u0131 veya sayfan\u0131n tamam\u0131n\u0131 se\u00e7in. <br><img loading=\"lazy\" decoding=\"async\" title=\"\u00d6zel h\u00fccreler i\u00e7in 10 arka plan rengi\" src=\"https:\/\/exceladvisor.org\/wp-content\/uploads\/2023\/08\/10-couleurs-darriere-plan-pour-les-cellules-speciales.png\" sizes=\"auto, \" srcset=\"\" alt=\"background-color-to-special-cells\" width=\"331\" height=\"176\"><\/li><li> Bundan sonra, \u201cKo\u015fullu Bi\u00e7imlendirme\u201dye gidin, ard\u0131ndan \u201cYeni Kural\u201da t\u0131klay\u0131n ve \u201cYeni Bi\u00e7imlendirme Kural\u0131\u201d ileti\u015fim kutusunu a\u00e7\u0131n.<\/li><li> \u015eimdi sol a\u00e7\u0131l\u0131r oka t\u0131klay\u0131n ve arka plan rengini bo\u015f h\u00fccrelere veya hatal\u0131 h\u00fccrelere uygulamak i\u00e7in \u201cBo\u015f\u201d veya \u201cHatalar\u201d se\u00e7ene\u011fini se\u00e7in. <br><img loading=\"lazy\" decoding=\"async\" title=\"11-bo\u015f-se\u00e7enek se\u00e7in\" src=\"https:\/\/exceladvisor.org\/wp-content\/uploads\/2023\/08\/11-selectionnez-loption-vierge.png\" sizes=\"auto, \" srcset=\"\" alt=\"select-the-blank-option\" width=\"538\" height=\"331\"><\/li><li> Renk uygulamak istedi\u011finiz h\u00fccrelere g\u00f6re &#8220;Bo\u015f&#8221; gibi h\u00fccre bi\u00e7imini veya ba\u015fka herhangi bir t\u00fcr\u00fc se\u00e7meyi tamamlad\u0131\u011f\u0131n\u0131zda, &#8220;Bi\u00e7im&#8221; d\u00fc\u011fmesini t\u0131klay\u0131n ve renk t\u00fcr\u00fcn\u00fc se\u00e7in.<\/li><li> Sonunda Tamam&#8217;\u0131 t\u0131klay\u0131n. <br><img loading=\"lazy\" decoding=\"async\" title=\"12-renk tipi se\u00e7\" src=\"https:\/\/exceladvisor.org\/wp-content\/uploads\/2023\/08\/12-selectionnez-le-type-de-couleur.png\" sizes=\"auto, \" srcset=\"\" alt=\"select-the-color-type\" width=\"346\" height=\"347\"><\/li><li> Bu noktada, se\u00e7ilen aral\u0131\u011f\u0131n, tablonun veya sayfalar\u0131n h\u00fccrelerinin uygulanan ko\u015fula g\u00f6re renkle vurgulanmas\u0131n\u0131 sa\u011flayabilirsiniz. <br><img loading=\"lazy\" decoding=\"async\" title=\"13-bo\u015f-h\u00fccre-arka plan-rengi1\" src=\"https:\/\/exceladvisor.org\/wp-content\/uploads\/2023\/08\/13-cellules-vides-couleur-de-fond1.png\" sizes=\"auto, \" srcset=\"\" alt=\"blank-cells-background-color\" width=\"351\" height=\"189\"><\/li><\/ol><h2 class=\"wp-block-heading\"> H\u00fccre stillerini kullanarak arka plan rengini uygulama<\/h2><ol><li> Belirli bir h\u00fccre aral\u0131\u011f\u0131n\u0131n \u00f6zel h\u00fccrelerine veya tablonun tamam\u0131na veya sayfan\u0131n tamam\u0131na arka plan rengi uygulamak istiyorsan\u0131z, \u00f6ncelikle h\u00fccre aral\u0131\u011f\u0131n\u0131 veya tablonun tamam\u0131n\u0131 veya sayfan\u0131n tamam\u0131n\u0131 se\u00e7in.<\/li><li> Bundan sonra \u201cGiri\u015f\u201d sekmesine gidin, ard\u0131ndan \u201cH\u00fccre Stilleri\u201d simgesine t\u0131klay\u0131n ve uygulamak istedi\u011finiz arka plan rengi stilini se\u00e7in.<\/li><li> Bu \u00f6rnekte se\u00e7ilen tablo i\u00e7in \u201cN\u00f6tr\u201d rengini se\u00e7tik. <br><img loading=\"lazy\" decoding=\"async\" title=\"14 arka plan rengi h\u00fccre stilini kullan\u0131yor\" src=\"https:\/\/exceladvisor.org\/wp-content\/uploads\/2023\/08\/14-couleurs-darriere-plan-a-laide-de-styles-de-cellule.png\" sizes=\"auto, \" srcset=\"\" alt=\"background-color-using-cell-styles\" width=\"800\" height=\"373\"><\/li><li> Rengi se\u00e7tikten sonra, se\u00e7ilen h\u00fccreleri, aral\u0131\u011f\u0131, tabloyu veya sayfay\u0131 o renkle elde edersiniz. <br><img loading=\"lazy\" decoding=\"async\" title=\"Arka plan rengiyle 15 sat\u0131r\" src=\"https:\/\/exceladvisor.org\/wp-content\/uploads\/2023\/08\/15-gamme-avec-couleur-de-fond.png\" sizes=\"auto, \" srcset=\"\" alt=\"range-with-background-color\" width=\"361\" height=\"196\"><\/li><\/ol><p> Excel&#8217;de h\u00fccreye veya sayfan\u0131n tamam\u0131na arka plan rengi uygulaman\u0131n birka\u00e7 yolu vard\u0131r, ancak bunlar\u0131n t\u00fcm\u00fc ihtiya\u00e7lar\u0131n\u0131za ba\u011fl\u0131d\u0131r.<\/p><p> Bir kez uygulanan rengin h\u00fccre de\u011ferindeki bir de\u011fi\u015fiklikle de\u011fi\u015fmemesini istiyorsan\u0131z, \u201cDolgu Rengi\u201d veya H\u00fccreleri Bi\u00e7imlendir \u201cveya H\u00fccre Stilleri\u201d se\u00e7ene\u011fini kullanabilirsiniz.<\/p><p> Ancak h\u00fccre renklerinizin dinamik olmas\u0131n\u0131 istiyorsan\u0131z bu, h\u00fccre de\u011ferinin de\u011fi\u015fmesiyle rengin otomatik olarak de\u011fi\u015fece\u011fi anlam\u0131na gelir ve uygulanan ko\u015fullara ba\u011fl\u0131 olarak bu durumda \u201cKo\u015fullu Bi\u00e7imlendirme\u201d se\u00e7ene\u011fini kullanabilirsiniz.<\/p><div class=\"gb-container gb-container-4db6181c gb-container-mt\"> <a class=\"gb-button gb-button-c5897111 gb-button-text gb-button-mt-button\" href=\"https:\/\/exceladvisor.org\/tr\/excelin-temelleri\/\">Microsoft Excel Temelleri (Bile\u015fenler, Par\u00e7alar ve Bilgi Notlar\u0131)<\/a><h2 class=\"gb-headline gb-headline-665e5f6b gb-headline-text gb-headline-mt-heading\"> \u0130lgili e\u011fitimler <\/h2><div class=\"gb-grid-wrapper gb-grid-wrapper-a20baf7c gb-grid-wrapper-mt-grid\"><div class=\"gb-grid-column gb-grid-column-65ddf67e\"><div class=\"gb-container gb-container-65ddf67e\"><ul><li> <a href=\"https:\/\/exceladvisor.org\/tr\/muhasebe-numarasi-formati\/\">Excel&#8217;de muhasebe numaras\u0131 bi\u00e7imini uygulama<\/a><\/li><li> <a href=\"https:\/\/exceladvisor.org\/tr\/izgara\/\">Excel k\u0131lavuz \u00e7izgilerini yazd\u0131r\u0131n (silin, k\u0131salt\u0131n ve rengi de\u011fi\u015ftirin)<\/a><\/li><li> <a href=\"https:\/\/exceladvisor.org\/tr\/sayfa-numarasi-ekle\/\">Excel&#8217;de sayfa numaras\u0131 ekleme<\/a><\/li><li> <a href=\"https:\/\/exceladvisor.org\/tr\/virgul-stilini-uygula\/\">Excel&#8217;de virg\u00fcl stilini uygulama<\/a><\/li><li> <a href=\"https:\/\/exceladvisor.org\/tr\/kamis\/\">Excel&#8217;de \u00fcst\u00fc \u00e7izili uygulama<\/a> <\/li><\/ul><\/div><\/div><div class=\"gb-grid-column gb-grid-column-50067b57\"><div class=\"gb-container gb-container-50067b57\"><\/div><\/div><\/div><\/div>","protected":false},"excerpt":{"rendered":"","protected":false},"author":1,"featured_media":0,"parent":0,"menu_order":0,"comment_status":"open","ping_status":"closed","template":"","meta":{"ub_ctt_via":"","footnotes":""},"class_list":["post-2189","page","type-page","status-publish","hentry"],"featured_image_src":null,"yoast_head":"<!-- This site is optimized with the Yoast SEO plugin v25.4 - https:\/\/yoast.com\/wordpress\/plugins\/seo\/ -->\n<title>Excel&#039;de arka plan rengi nas\u0131l uygulan\u0131r? (E\u011fitim 2023)<\/title>\n<meta name=\"description\" content=\"Bu e\u011fitimde, Excel&#039;deki bir h\u00fccreye arka plan rengini d\u00f6rt kullanarak uygulaman\u0131n farkl\u0131 yollar\u0131n\u0131 \u00f6\u011freneceksiniz.\" \/>\n<meta name=\"robots\" content=\"index, follow, max-snippet:-1, max-image-preview:large, max-video-preview:-1\" \/>\n<link rel=\"canonical\" href=\"https:\/\/exceladvisor.org\/tr\/hucre-rengi\/\" \/>\n<meta property=\"og:locale\" content=\"tr_TR\" \/>\n<meta property=\"og:type\" content=\"article\" \/>\n<meta property=\"og:title\" content=\"Excel&#039;de arka plan rengi nas\u0131l uygulan\u0131r? (E\u011fitim 2023)\" \/>\n<meta property=\"og:description\" content=\"Bu e\u011fitimde, Excel&#039;deki bir h\u00fccreye arka plan rengini d\u00f6rt kullanarak uygulaman\u0131n farkl\u0131 yollar\u0131n\u0131 \u00f6\u011freneceksiniz.\" \/>\n<meta property=\"og:url\" content=\"https:\/\/exceladvisor.org\/tr\/hucre-rengi\/\" \/>\n<meta property=\"og:site_name\" content=\"Excel Advisor\" \/>\n<meta property=\"article:modified_time\" content=\"2023-12-10T06:00:13+00:00\" \/>\n<meta property=\"og:image\" content=\"https:\/\/exceladvisor.org\/wp-content\/uploads\/2023\/08\/1-option-de-couleur-de-remplissage.png\" \/>\n<meta name=\"twitter:card\" content=\"summary_large_image\" \/>\n<meta name=\"twitter:label1\" content=\"Tahmini okuma s\u00fcresi\" \/>\n\t<meta name=\"twitter:data1\" content=\"6 dakika\" \/>\n<script type=\"application\/ld+json\" class=\"yoast-schema-graph\">{\"@context\":\"https:\/\/schema.org\",\"@graph\":[{\"@type\":\"WebPage\",\"@id\":\"https:\/\/exceladvisor.org\/tr\/hucre-rengi\/\",\"url\":\"https:\/\/exceladvisor.org\/tr\/hucre-rengi\/\",\"name\":\"Excel&#39;de arka plan rengi nas\u0131l uygulan\u0131r? (E\u011fitim 2023)\",\"isPartOf\":{\"@id\":\"https:\/\/exceladvisor.org\/tr\/#website\"},\"primaryImageOfPage\":{\"@id\":\"https:\/\/exceladvisor.org\/tr\/hucre-rengi\/#primaryimage\"},\"image\":{\"@id\":\"https:\/\/exceladvisor.org\/tr\/hucre-rengi\/#primaryimage\"},\"thumbnailUrl\":\"https:\/\/exceladvisor.org\/wp-content\/uploads\/2023\/08\/1-option-de-couleur-de-remplissage.png\",\"datePublished\":\"2023-09-25T14:20:37+00:00\",\"dateModified\":\"2023-12-10T06:00:13+00:00\",\"description\":\"Bu e\u011fitimde, Excel&#39;deki bir h\u00fccreye arka plan rengini d\u00f6rt kullanarak uygulaman\u0131n farkl\u0131 yollar\u0131n\u0131 \u00f6\u011freneceksiniz.\",\"breadcrumb\":{\"@id\":\"https:\/\/exceladvisor.org\/tr\/hucre-rengi\/#breadcrumb\"},\"inLanguage\":\"tr\",\"potentialAction\":[{\"@type\":\"ReadAction\",\"target\":[\"https:\/\/exceladvisor.org\/tr\/hucre-rengi\/\"]}]},{\"@type\":\"ImageObject\",\"inLanguage\":\"tr\",\"@id\":\"https:\/\/exceladvisor.org\/tr\/hucre-rengi\/#primaryimage\",\"url\":\"https:\/\/exceladvisor.org\/wp-content\/uploads\/2023\/08\/1-option-de-couleur-de-remplissage.png\",\"contentUrl\":\"https:\/\/exceladvisor.org\/wp-content\/uploads\/2023\/08\/1-option-de-couleur-de-remplissage.png\"},{\"@type\":\"BreadcrumbList\",\"@id\":\"https:\/\/exceladvisor.org\/tr\/hucre-rengi\/#breadcrumb\",\"itemListElement\":[{\"@type\":\"ListItem\",\"position\":1,\"name\":\"Ev\",\"item\":\"https:\/\/exceladvisor.org\/tr\/\"},{\"@type\":\"ListItem\",\"position\":2,\"name\":\"Excel&#39;de arka plan rengi nas\u0131l uygulan\u0131r?\"}]},{\"@type\":\"WebSite\",\"@id\":\"https:\/\/exceladvisor.org\/tr\/#website\",\"url\":\"https:\/\/exceladvisor.org\/tr\/\",\"name\":\"Excel Advisor\",\"description\":\"Veri hakimiyetine y\u00f6nelik nihai rehberiniz!\",\"publisher\":{\"@id\":\"https:\/\/exceladvisor.org\/tr\/#organization\"},\"potentialAction\":[{\"@type\":\"SearchAction\",\"target\":{\"@type\":\"EntryPoint\",\"urlTemplate\":\"https:\/\/exceladvisor.org\/tr\/?s={search_term_string}\"},\"query-input\":{\"@type\":\"PropertyValueSpecification\",\"valueRequired\":true,\"valueName\":\"search_term_string\"}}],\"inLanguage\":\"tr\"},{\"@type\":\"Organization\",\"@id\":\"https:\/\/exceladvisor.org\/tr\/#organization\",\"name\":\"Excel Advisor\",\"url\":\"https:\/\/exceladvisor.org\/tr\/\",\"logo\":{\"@type\":\"ImageObject\",\"inLanguage\":\"tr\",\"@id\":\"https:\/\/exceladvisor.org\/tr\/#\/schema\/logo\/image\/\",\"url\":\"https:\/\/exceladvisor.org\/tr\/wp-content\/uploads\/2023\/12\/exceladvisor.org_.png\",\"contentUrl\":\"https:\/\/exceladvisor.org\/tr\/wp-content\/uploads\/2023\/12\/exceladvisor.org_.png\",\"width\":105,\"height\":36,\"caption\":\"Excel Advisor\"},\"image\":{\"@id\":\"https:\/\/exceladvisor.org\/tr\/#\/schema\/logo\/image\/\"}}]}<\/script>\n<!-- \/ Yoast SEO plugin. -->","yoast_head_json":{"title":"Excel&#39;de arka plan rengi nas\u0131l uygulan\u0131r? (E\u011fitim 2023)","description":"Bu e\u011fitimde, Excel&#39;deki bir h\u00fccreye arka plan rengini d\u00f6rt kullanarak uygulaman\u0131n farkl\u0131 yollar\u0131n\u0131 \u00f6\u011freneceksiniz.","robots":{"index":"index","follow":"follow","max-snippet":"max-snippet:-1","max-image-preview":"max-image-preview:large","max-video-preview":"max-video-preview:-1"},"canonical":"https:\/\/exceladvisor.org\/tr\/hucre-rengi\/","og_locale":"tr_TR","og_type":"article","og_title":"Excel&#39;de arka plan rengi nas\u0131l uygulan\u0131r? (E\u011fitim 2023)","og_description":"Bu e\u011fitimde, Excel&#39;deki bir h\u00fccreye arka plan rengini d\u00f6rt kullanarak uygulaman\u0131n farkl\u0131 yollar\u0131n\u0131 \u00f6\u011freneceksiniz.","og_url":"https:\/\/exceladvisor.org\/tr\/hucre-rengi\/","og_site_name":"Excel Advisor","article_modified_time":"2023-12-10T06:00:13+00:00","og_image":[{"url":"https:\/\/exceladvisor.org\/wp-content\/uploads\/2023\/08\/1-option-de-couleur-de-remplissage.png","type":"","width":"","height":""}],"twitter_card":"summary_large_image","twitter_misc":{"Tahmini okuma s\u00fcresi":"6 dakika"},"schema":{"@context":"https:\/\/schema.org","@graph":[{"@type":"WebPage","@id":"https:\/\/exceladvisor.org\/tr\/hucre-rengi\/","url":"https:\/\/exceladvisor.org\/tr\/hucre-rengi\/","name":"Excel&#39;de arka plan rengi nas\u0131l uygulan\u0131r? (E\u011fitim 2023)","isPartOf":{"@id":"https:\/\/exceladvisor.org\/tr\/#website"},"primaryImageOfPage":{"@id":"https:\/\/exceladvisor.org\/tr\/hucre-rengi\/#primaryimage"},"image":{"@id":"https:\/\/exceladvisor.org\/tr\/hucre-rengi\/#primaryimage"},"thumbnailUrl":"https:\/\/exceladvisor.org\/wp-content\/uploads\/2023\/08\/1-option-de-couleur-de-remplissage.png","datePublished":"2023-09-25T14:20:37+00:00","dateModified":"2023-12-10T06:00:13+00:00","description":"Bu e\u011fitimde, Excel&#39;deki bir h\u00fccreye arka plan rengini d\u00f6rt kullanarak uygulaman\u0131n farkl\u0131 yollar\u0131n\u0131 \u00f6\u011freneceksiniz.","breadcrumb":{"@id":"https:\/\/exceladvisor.org\/tr\/hucre-rengi\/#breadcrumb"},"inLanguage":"tr","potentialAction":[{"@type":"ReadAction","target":["https:\/\/exceladvisor.org\/tr\/hucre-rengi\/"]}]},{"@type":"ImageObject","inLanguage":"tr","@id":"https:\/\/exceladvisor.org\/tr\/hucre-rengi\/#primaryimage","url":"https:\/\/exceladvisor.org\/wp-content\/uploads\/2023\/08\/1-option-de-couleur-de-remplissage.png","contentUrl":"https:\/\/exceladvisor.org\/wp-content\/uploads\/2023\/08\/1-option-de-couleur-de-remplissage.png"},{"@type":"BreadcrumbList","@id":"https:\/\/exceladvisor.org\/tr\/hucre-rengi\/#breadcrumb","itemListElement":[{"@type":"ListItem","position":1,"name":"Ev","item":"https:\/\/exceladvisor.org\/tr\/"},{"@type":"ListItem","position":2,"name":"Excel&#39;de arka plan rengi nas\u0131l uygulan\u0131r?"}]},{"@type":"WebSite","@id":"https:\/\/exceladvisor.org\/tr\/#website","url":"https:\/\/exceladvisor.org\/tr\/","name":"Excel Advisor","description":"Veri hakimiyetine y\u00f6nelik nihai rehberiniz!","publisher":{"@id":"https:\/\/exceladvisor.org\/tr\/#organization"},"potentialAction":[{"@type":"SearchAction","target":{"@type":"EntryPoint","urlTemplate":"https:\/\/exceladvisor.org\/tr\/?s={search_term_string}"},"query-input":{"@type":"PropertyValueSpecification","valueRequired":true,"valueName":"search_term_string"}}],"inLanguage":"tr"},{"@type":"Organization","@id":"https:\/\/exceladvisor.org\/tr\/#organization","name":"Excel Advisor","url":"https:\/\/exceladvisor.org\/tr\/","logo":{"@type":"ImageObject","inLanguage":"tr","@id":"https:\/\/exceladvisor.org\/tr\/#\/schema\/logo\/image\/","url":"https:\/\/exceladvisor.org\/tr\/wp-content\/uploads\/2023\/12\/exceladvisor.org_.png","contentUrl":"https:\/\/exceladvisor.org\/tr\/wp-content\/uploads\/2023\/12\/exceladvisor.org_.png","width":105,"height":36,"caption":"Excel Advisor"},"image":{"@id":"https:\/\/exceladvisor.org\/tr\/#\/schema\/logo\/image\/"}}]}},"yoast_meta":{"yoast_wpseo_title":"","yoast_wpseo_metadesc":"","yoast_wpseo_canonical":""},"_links":{"self":[{"href":"https:\/\/exceladvisor.org\/tr\/wp-json\/wp\/v2\/pages\/2189","targetHints":{"allow":["GET"]}}],"collection":[{"href":"https:\/\/exceladvisor.org\/tr\/wp-json\/wp\/v2\/pages"}],"about":[{"href":"https:\/\/exceladvisor.org\/tr\/wp-json\/wp\/v2\/types\/page"}],"author":[{"embeddable":true,"href":"https:\/\/exceladvisor.org\/tr\/wp-json\/wp\/v2\/users\/1"}],"replies":[{"embeddable":true,"href":"https:\/\/exceladvisor.org\/tr\/wp-json\/wp\/v2\/comments?post=2189"}],"version-history":[{"count":1,"href":"https:\/\/exceladvisor.org\/tr\/wp-json\/wp\/v2\/pages\/2189\/revisions"}],"predecessor-version":[{"id":2388,"href":"https:\/\/exceladvisor.org\/tr\/wp-json\/wp\/v2\/pages\/2189\/revisions\/2388"}],"wp:attachment":[{"href":"https:\/\/exceladvisor.org\/tr\/wp-json\/wp\/v2\/media?parent=2189"}],"curies":[{"name":"wp","href":"https:\/\/api.w.org\/{rel}","templated":true}]}}