{"id":2190,"date":"2023-09-25T11:06:02","date_gmt":"2023-09-25T11:06:02","guid":{"rendered":"https:\/\/exceladvisor.org\/tr\/durum-cubugu-1\/"},"modified":"2023-12-10T06:06:27","modified_gmt":"2023-12-10T06:06:27","slug":"durum-cubugu-1","status":"publish","type":"page","link":"https:\/\/exceladvisor.org\/tr\/durum-cubugu-1\/","title":{"rendered":"Vba kullanarak durum \u00e7ubu\u011fu nas\u0131l g\u00f6sterilir\/gizlenir?"},"content":{"rendered":"<div class=\"excel-icerikten-once\" id=\"excel-3482671843\"><script type=\"text\/javascript\">\r\n\tatOptions = {\r\n\t\t'key' : 'c1158f160081d6540a8409e6925dab94',\r\n\t\t'format' : 'iframe',\r\n\t\t'height' : 250,\r\n\t\t'width' : 300,\r\n\t\t'params' : {}\r\n\t};\r\n<\/script>\r\n<script type=\"text\/javascript\" src=\"\/\/www.highperformanceformat.com\/c1158f160081d6540a8409e6925dab94\/invoke.js\"><\/script><\/div> <p>VBA&#8217;da, durum \u00e7ubu\u011funda bir de\u011fer g\u00f6r\u00fcnt\u00fclemenize yard\u0131mc\u0131 olabilecek bir &#8220;Durum \u00c7ubu\u011fu&#8221; \u00f6zelli\u011fi vard\u0131r ve ayr\u0131ca Excel penceresinin durumunu gizlemek ve g\u00f6stermek i\u00e7in &#8220;DisplayStatusBar&#8221; da vard\u0131r. Bu \u00f6zellikleri kullan\u0131rken durum \u00e7ubu\u011funu sonuna kadar s\u0131f\u0131rlaman\u0131z gerekir, aksi takdirde son mesaj veya ayar orada kalacakt\u0131r.<\/p><p> Derste Excel&#8217;de \u00e7al\u0131\u015f\u0131rken kullanabilece\u011fimiz baz\u0131 \u00f6rnekleri g\u00f6rece\u011fiz.<\/p><h2 class=\"wp-block-heading\"> Durum \u00e7ubu\u011funda bir de\u011fer g\u00f6ster<\/h2><p> Dedi\u011fim gibi durum \u00e7ubu\u011funda bir de\u011fer g\u00f6r\u00fcnt\u00fclemek i\u00e7in StatusBar \u00f6zelli\u011fini kullanabilirsiniz. A\u015fa\u011f\u0131daki kodda durum \u00e7ubu\u011funa eklemek i\u00e7in &#8220;Merhaba&#8221; de\u011ferini kulland\u0131n\u0131z. <\/p><div class=\"wp-block-image\"><figure class=\"aligncenter size-large is-resized\"><img loading=\"lazy\" decoding=\"async\" class=\"wp-image-55620\" src=\"https:\/\/exceladvisor.org\/wp-content\/uploads\/2023\/08\/1-afficher-une-valeur-dans-la-barre-detat.png\" sizes=\"auto, \" srcset=\"\" alt=\"durum \u00e7ubu\u011funda bir de\u011fer g\u00f6r\u00fcnt\u00fclemek\" width=\"431\" height=\"390\"><\/figure><\/div><ol type=\"1\"><li> Excel uygulamas\u0131na at\u0131fta bulunmak i\u00e7in \u201cUygulama\u201d anahtar kelimesini kullan\u0131n.<\/li><li> \u00d6zelliklerin ve y\u00f6ntemlerin listesini almak i\u00e7in bir nokta yaz\u0131n.<\/li><li> \u201cStatusBar\u201d \u00f6zelli\u011fini se\u00e7in.<\/li><li> Sonunda durum \u00e7ubu\u011funda g\u00f6r\u00fcnt\u00fclemek istedi\u011finiz de\u011feri belirtmek i\u00e7in e\u015fittir i\u015faretini kullan\u0131n.<\/li><\/ol><pre class=\"wp-block-code\"> <code class=\"language-visual-basic\" lang=\"visual-basic\">Sub vba_status_bar() Application.StatusBar = \"Hello\" End Sub<\/code><\/pre><h2 class=\"wp-block-heading\"> VBA kullanarak durum \u00e7ubu\u011funu gizle<\/h2><p> \u015eimdi durum \u00e7ubu\u011funu gizlemek istiyorsan\u0131z DisplayStatusBar&#8217;\u0131 kullanabilece\u011finizi ve bu \u00f6zelli\u011fi &#8220;False&#8221; olarak belirtebilece\u011finizi varsayal\u0131m ( <em>a\u015fa\u011f\u0131daki kodu g\u00f6z \u00f6n\u00fcnde bulundurun<\/em> ). <\/p><div class=\"wp-block-image\"><figure class=\"aligncenter size-large is-resized\"><img loading=\"lazy\" decoding=\"async\" class=\"wp-image-55621\" src=\"https:\/\/exceladvisor.org\/wp-content\/uploads\/2023\/08\/2-masquer-la-barre-detat.png\" sizes=\"auto, \" srcset=\"\" alt=\"Durum \u00e7ubu\u011funu gizle\" width=\"484\" height=\"270\"><\/figure><\/div><ol type=\"1\"><li> Excel uygulamas\u0131na at\u0131fta bulunmak i\u00e7in \u201cUygulama\u201d anahtar kelimesini kullan\u0131n.<\/li><li> \u00d6zelliklerin ve y\u00f6ntemlerin listesini almak i\u00e7in bir nokta yaz\u0131n.<\/li><li> \u201cDisplayStatusBar\u201d \u00f6zelli\u011fini se\u00e7in.<\/li><li> Sonunda \u201cYanl\u0131\u015f\u201d\u0131 belirtmek i\u00e7in e\u015fittir i\u015faretini kullan\u0131n.<\/li><\/ol><pre class=\"wp-block-code\"> <code class=\"language-visual-basic\" lang=\"visual-basic\">Sub vba_status_bar_hide() Application.DisplayStatusBar = False End Sub<\/code><\/pre><h2 class=\"wp-block-heading\"> Durum \u00e7ubu\u011funda ilerleme durumunu g\u00fcncelleyin<\/h2><p> Sonraki kod y\u00fcr\u00fctmeleri, durum \u00e7ubu\u011funda 1&#8217;den 100&#8217;e kadar bir say\u0131 kullanan ve gerekti\u011finde de\u011fi\u015ftirebilece\u011finiz bir ilerleme sayac\u0131 g\u00f6r\u00fcnt\u00fcler.<\/p><pre class=\"wp-block-code\"> <code class=\"language-visual-basic\" lang=\"visual-basic\">Sub vba_status_bar_update() Dim x As Integer Dim iTimer As Double 'you can change the loop if you need For x = 1 To 100 'dummy loop to run, you can change it as well iTimer = Timer Do Loop While Timer - MyTimer &lt; 0.03 Application.StatusBar = \"Progress: \" &amp; x &amp; \" of 100: \" &amp; Format(x \/ 100, \"Percent\") DoEvents Next x Application.StatusBar = False End Sub<\/code><\/pre><h2 class=\"wp-block-heading\"> Hat\u0131rlanmas\u0131 gereken \u00f6nemli noktalar<\/h2><ol type=\"1\"><li> Bunlar\u0131 kullanmak i\u00e7in durum \u00e7ubu\u011fu \u00f6zellikleriyle birlikte &#8220;app&#8221; kullanman\u0131z gerekir.<\/li><li> Durumla ilgili bir mesaj\u0131 g\u00f6r\u00fcnt\u00fcledi\u011finizde, o mesaj\u0131 temizlemeniz gerekir.<\/li><\/ol><div class=\"gb-container gb-container-4db6181c gb-container-mt\"> <a class=\"gb-button gb-button-c5897111 gb-button-text gb-button-mt-button\" href=\"https:\/\/exceladvisor.org\/tr\/vba\/\">VBA nedir<\/a><h2 class=\"gb-headline gb-headline-665e5f6b gb-headline-text gb-headline-mt-heading\"> \u0130lgili e\u011fitimler <\/h2><div class=\"gb-grid-wrapper gb-grid-wrapper-a20baf7c gb-grid-wrapper-mt-grid\"><div class=\"gb-grid-column gb-grid-column-65ddf67e\"><div class=\"gb-container gb-container-65ddf67e\"><ul><li> <a href=\"https:\/\/exceladvisor.org\/tr\/yinelenen-degerleri-vurgula\/\">VBA&#8217;y\u0131 kullanarak yinelenen de\u011ferleri vurgulay\u0131n<\/a><\/li><li> <a href=\"https:\/\/exceladvisor.org\/tr\/kopru-baglantisini-cikar\/\">K\u00f6pr\u00fc adresini (URL) VBA&#8217;dan \u00e7\u0131kar\u0131n<\/a><\/li><li> <a href=\"https:\/\/exceladvisor.org\/tr\/giris-alani\/\">VBA&#8217;daki giri\u015f kutusu<\/a><\/li><li> <a href=\"https:\/\/exceladvisor.org\/tr\/metin-dosyalari\/\">VBA bir metin dosyas\u0131 olu\u015fturma ve yazma<\/a><\/li><li> <a href=\"https:\/\/exceladvisor.org\/tr\/ekran-guncellemesi\/\">VBA Ekran G\u00fcncellemesi<\/a> <\/li><\/ul><\/div><\/div><div class=\"gb-grid-column gb-grid-column-50067b57\"><div class=\"gb-container gb-container-50067b57\"><\/div><\/div><\/div><\/div>","protected":false},"excerpt":{"rendered":"","protected":false},"author":1,"featured_media":0,"parent":0,"menu_order":0,"comment_status":"open","ping_status":"closed","template":"","meta":{"ub_ctt_via":"","footnotes":""},"class_list":["post-2190","page","type-page","status-publish","hentry"],"featured_image_src":null,"yoast_head":"<!-- This site is optimized with the Yoast SEO plugin v25.4 - https:\/\/yoast.com\/wordpress\/plugins\/seo\/ -->\n<title>VBA kullanarak durum \u00e7ubu\u011fu nas\u0131l g\u00f6sterilir\/gizlenir?<\/title>\n<meta name=\"description\" content=\"Durum \u00e7ubu\u011fu \u00f6zelliklerini kullan\u0131rken, durum \u00e7ubu\u011funu sonuna kadar s\u0131f\u0131rlaman\u0131z gerekir, aksi takdirde son mesaj veya\" \/>\n<meta name=\"robots\" content=\"index, follow, max-snippet:-1, max-image-preview:large, max-video-preview:-1\" \/>\n<link rel=\"canonical\" href=\"https:\/\/exceladvisor.org\/tr\/durum-cubugu-1\/\" \/>\n<meta property=\"og:locale\" content=\"tr_TR\" \/>\n<meta property=\"og:type\" content=\"article\" \/>\n<meta property=\"og:title\" content=\"VBA kullanarak durum \u00e7ubu\u011fu nas\u0131l g\u00f6sterilir\/gizlenir?\" \/>\n<meta property=\"og:description\" content=\"Durum \u00e7ubu\u011fu \u00f6zelliklerini kullan\u0131rken, durum \u00e7ubu\u011funu sonuna kadar s\u0131f\u0131rlaman\u0131z gerekir, aksi takdirde son mesaj veya\" \/>\n<meta property=\"og:url\" content=\"https:\/\/exceladvisor.org\/tr\/durum-cubugu-1\/\" \/>\n<meta property=\"og:site_name\" content=\"Excel Advisor\" \/>\n<meta property=\"article:modified_time\" content=\"2023-12-10T06:06:27+00:00\" \/>\n<meta property=\"og:image\" content=\"https:\/\/exceladvisor.org\/wp-content\/uploads\/2023\/08\/1-afficher-une-valeur-dans-la-barre-detat.png\" \/>\n<meta name=\"twitter:card\" content=\"summary_large_image\" \/>\n<meta name=\"twitter:label1\" content=\"Tahmini okuma s\u00fcresi\" \/>\n\t<meta name=\"twitter:data1\" content=\"2 dakika\" \/>\n<script type=\"application\/ld+json\" class=\"yoast-schema-graph\">{\"@context\":\"https:\/\/schema.org\",\"@graph\":[{\"@type\":\"WebPage\",\"@id\":\"https:\/\/exceladvisor.org\/tr\/durum-cubugu-1\/\",\"url\":\"https:\/\/exceladvisor.org\/tr\/durum-cubugu-1\/\",\"name\":\"VBA kullanarak durum \u00e7ubu\u011fu nas\u0131l g\u00f6sterilir\/gizlenir?\",\"isPartOf\":{\"@id\":\"https:\/\/exceladvisor.org\/tr\/#website\"},\"primaryImageOfPage\":{\"@id\":\"https:\/\/exceladvisor.org\/tr\/durum-cubugu-1\/#primaryimage\"},\"image\":{\"@id\":\"https:\/\/exceladvisor.org\/tr\/durum-cubugu-1\/#primaryimage\"},\"thumbnailUrl\":\"https:\/\/exceladvisor.org\/wp-content\/uploads\/2023\/08\/1-afficher-une-valeur-dans-la-barre-detat.png\",\"datePublished\":\"2023-09-25T11:06:02+00:00\",\"dateModified\":\"2023-12-10T06:06:27+00:00\",\"description\":\"Durum \u00e7ubu\u011fu \u00f6zelliklerini kullan\u0131rken, durum \u00e7ubu\u011funu sonuna kadar s\u0131f\u0131rlaman\u0131z gerekir, aksi takdirde son mesaj veya\",\"breadcrumb\":{\"@id\":\"https:\/\/exceladvisor.org\/tr\/durum-cubugu-1\/#breadcrumb\"},\"inLanguage\":\"tr\",\"potentialAction\":[{\"@type\":\"ReadAction\",\"target\":[\"https:\/\/exceladvisor.org\/tr\/durum-cubugu-1\/\"]}]},{\"@type\":\"ImageObject\",\"inLanguage\":\"tr\",\"@id\":\"https:\/\/exceladvisor.org\/tr\/durum-cubugu-1\/#primaryimage\",\"url\":\"https:\/\/exceladvisor.org\/wp-content\/uploads\/2023\/08\/1-afficher-une-valeur-dans-la-barre-detat.png\",\"contentUrl\":\"https:\/\/exceladvisor.org\/wp-content\/uploads\/2023\/08\/1-afficher-une-valeur-dans-la-barre-detat.png\"},{\"@type\":\"BreadcrumbList\",\"@id\":\"https:\/\/exceladvisor.org\/tr\/durum-cubugu-1\/#breadcrumb\",\"itemListElement\":[{\"@type\":\"ListItem\",\"position\":1,\"name\":\"Ev\",\"item\":\"https:\/\/exceladvisor.org\/tr\/\"},{\"@type\":\"ListItem\",\"position\":2,\"name\":\"Vba kullanarak durum \u00e7ubu\u011fu nas\u0131l g\u00f6sterilir\/gizlenir?\"}]},{\"@type\":\"WebSite\",\"@id\":\"https:\/\/exceladvisor.org\/tr\/#website\",\"url\":\"https:\/\/exceladvisor.org\/tr\/\",\"name\":\"Excel Advisor\",\"description\":\"Veri hakimiyetine y\u00f6nelik nihai rehberiniz!\",\"publisher\":{\"@id\":\"https:\/\/exceladvisor.org\/tr\/#organization\"},\"potentialAction\":[{\"@type\":\"SearchAction\",\"target\":{\"@type\":\"EntryPoint\",\"urlTemplate\":\"https:\/\/exceladvisor.org\/tr\/?s={search_term_string}\"},\"query-input\":{\"@type\":\"PropertyValueSpecification\",\"valueRequired\":true,\"valueName\":\"search_term_string\"}}],\"inLanguage\":\"tr\"},{\"@type\":\"Organization\",\"@id\":\"https:\/\/exceladvisor.org\/tr\/#organization\",\"name\":\"Excel Advisor\",\"url\":\"https:\/\/exceladvisor.org\/tr\/\",\"logo\":{\"@type\":\"ImageObject\",\"inLanguage\":\"tr\",\"@id\":\"https:\/\/exceladvisor.org\/tr\/#\/schema\/logo\/image\/\",\"url\":\"https:\/\/exceladvisor.org\/tr\/wp-content\/uploads\/2023\/12\/exceladvisor.org_.png\",\"contentUrl\":\"https:\/\/exceladvisor.org\/tr\/wp-content\/uploads\/2023\/12\/exceladvisor.org_.png\",\"width\":105,\"height\":36,\"caption\":\"Excel Advisor\"},\"image\":{\"@id\":\"https:\/\/exceladvisor.org\/tr\/#\/schema\/logo\/image\/\"}}]}<\/script>\n<!-- \/ Yoast SEO plugin. -->","yoast_head_json":{"title":"VBA kullanarak durum \u00e7ubu\u011fu nas\u0131l g\u00f6sterilir\/gizlenir?","description":"Durum \u00e7ubu\u011fu \u00f6zelliklerini kullan\u0131rken, durum \u00e7ubu\u011funu sonuna kadar s\u0131f\u0131rlaman\u0131z gerekir, aksi takdirde son mesaj veya","robots":{"index":"index","follow":"follow","max-snippet":"max-snippet:-1","max-image-preview":"max-image-preview:large","max-video-preview":"max-video-preview:-1"},"canonical":"https:\/\/exceladvisor.org\/tr\/durum-cubugu-1\/","og_locale":"tr_TR","og_type":"article","og_title":"VBA kullanarak durum \u00e7ubu\u011fu nas\u0131l g\u00f6sterilir\/gizlenir?","og_description":"Durum \u00e7ubu\u011fu \u00f6zelliklerini kullan\u0131rken, durum \u00e7ubu\u011funu sonuna kadar s\u0131f\u0131rlaman\u0131z gerekir, aksi takdirde son mesaj veya","og_url":"https:\/\/exceladvisor.org\/tr\/durum-cubugu-1\/","og_site_name":"Excel Advisor","article_modified_time":"2023-12-10T06:06:27+00:00","og_image":[{"url":"https:\/\/exceladvisor.org\/wp-content\/uploads\/2023\/08\/1-afficher-une-valeur-dans-la-barre-detat.png","type":"","width":"","height":""}],"twitter_card":"summary_large_image","twitter_misc":{"Tahmini okuma s\u00fcresi":"2 dakika"},"schema":{"@context":"https:\/\/schema.org","@graph":[{"@type":"WebPage","@id":"https:\/\/exceladvisor.org\/tr\/durum-cubugu-1\/","url":"https:\/\/exceladvisor.org\/tr\/durum-cubugu-1\/","name":"VBA kullanarak durum \u00e7ubu\u011fu nas\u0131l g\u00f6sterilir\/gizlenir?","isPartOf":{"@id":"https:\/\/exceladvisor.org\/tr\/#website"},"primaryImageOfPage":{"@id":"https:\/\/exceladvisor.org\/tr\/durum-cubugu-1\/#primaryimage"},"image":{"@id":"https:\/\/exceladvisor.org\/tr\/durum-cubugu-1\/#primaryimage"},"thumbnailUrl":"https:\/\/exceladvisor.org\/wp-content\/uploads\/2023\/08\/1-afficher-une-valeur-dans-la-barre-detat.png","datePublished":"2023-09-25T11:06:02+00:00","dateModified":"2023-12-10T06:06:27+00:00","description":"Durum \u00e7ubu\u011fu \u00f6zelliklerini kullan\u0131rken, durum \u00e7ubu\u011funu sonuna kadar s\u0131f\u0131rlaman\u0131z gerekir, aksi takdirde son mesaj veya","breadcrumb":{"@id":"https:\/\/exceladvisor.org\/tr\/durum-cubugu-1\/#breadcrumb"},"inLanguage":"tr","potentialAction":[{"@type":"ReadAction","target":["https:\/\/exceladvisor.org\/tr\/durum-cubugu-1\/"]}]},{"@type":"ImageObject","inLanguage":"tr","@id":"https:\/\/exceladvisor.org\/tr\/durum-cubugu-1\/#primaryimage","url":"https:\/\/exceladvisor.org\/wp-content\/uploads\/2023\/08\/1-afficher-une-valeur-dans-la-barre-detat.png","contentUrl":"https:\/\/exceladvisor.org\/wp-content\/uploads\/2023\/08\/1-afficher-une-valeur-dans-la-barre-detat.png"},{"@type":"BreadcrumbList","@id":"https:\/\/exceladvisor.org\/tr\/durum-cubugu-1\/#breadcrumb","itemListElement":[{"@type":"ListItem","position":1,"name":"Ev","item":"https:\/\/exceladvisor.org\/tr\/"},{"@type":"ListItem","position":2,"name":"Vba kullanarak durum \u00e7ubu\u011fu nas\u0131l g\u00f6sterilir\/gizlenir?"}]},{"@type":"WebSite","@id":"https:\/\/exceladvisor.org\/tr\/#website","url":"https:\/\/exceladvisor.org\/tr\/","name":"Excel Advisor","description":"Veri hakimiyetine y\u00f6nelik nihai rehberiniz!","publisher":{"@id":"https:\/\/exceladvisor.org\/tr\/#organization"},"potentialAction":[{"@type":"SearchAction","target":{"@type":"EntryPoint","urlTemplate":"https:\/\/exceladvisor.org\/tr\/?s={search_term_string}"},"query-input":{"@type":"PropertyValueSpecification","valueRequired":true,"valueName":"search_term_string"}}],"inLanguage":"tr"},{"@type":"Organization","@id":"https:\/\/exceladvisor.org\/tr\/#organization","name":"Excel Advisor","url":"https:\/\/exceladvisor.org\/tr\/","logo":{"@type":"ImageObject","inLanguage":"tr","@id":"https:\/\/exceladvisor.org\/tr\/#\/schema\/logo\/image\/","url":"https:\/\/exceladvisor.org\/tr\/wp-content\/uploads\/2023\/12\/exceladvisor.org_.png","contentUrl":"https:\/\/exceladvisor.org\/tr\/wp-content\/uploads\/2023\/12\/exceladvisor.org_.png","width":105,"height":36,"caption":"Excel Advisor"},"image":{"@id":"https:\/\/exceladvisor.org\/tr\/#\/schema\/logo\/image\/"}}]}},"yoast_meta":{"yoast_wpseo_title":"","yoast_wpseo_metadesc":"","yoast_wpseo_canonical":""},"_links":{"self":[{"href":"https:\/\/exceladvisor.org\/tr\/wp-json\/wp\/v2\/pages\/2190","targetHints":{"allow":["GET"]}}],"collection":[{"href":"https:\/\/exceladvisor.org\/tr\/wp-json\/wp\/v2\/pages"}],"about":[{"href":"https:\/\/exceladvisor.org\/tr\/wp-json\/wp\/v2\/types\/page"}],"author":[{"embeddable":true,"href":"https:\/\/exceladvisor.org\/tr\/wp-json\/wp\/v2\/users\/1"}],"replies":[{"embeddable":true,"href":"https:\/\/exceladvisor.org\/tr\/wp-json\/wp\/v2\/comments?post=2190"}],"version-history":[{"count":1,"href":"https:\/\/exceladvisor.org\/tr\/wp-json\/wp\/v2\/pages\/2190\/revisions"}],"predecessor-version":[{"id":2871,"href":"https:\/\/exceladvisor.org\/tr\/wp-json\/wp\/v2\/pages\/2190\/revisions\/2871"}],"wp:attachment":[{"href":"https:\/\/exceladvisor.org\/tr\/wp-json\/wp\/v2\/media?parent=2190"}],"curies":[{"name":"wp","href":"https:\/\/api.w.org\/{rel}","templated":true}]}}