{"id":2193,"date":"2023-09-25T08:52:01","date_gmt":"2023-09-25T08:52:01","guid":{"rendered":"https:\/\/exceladvisor.org\/tr\/ninci-kok-2\/"},"modified":"2023-12-10T06:01:44","modified_gmt":"2023-12-10T06:01:44","slug":"ninci-kok-2","status":"publish","type":"page","link":"https:\/\/exceladvisor.org\/tr\/ninci-kok-2\/","title":{"rendered":"Excel&#39;de n&#39;inci k\u00f6k nas\u0131l hesaplan\u0131r?"},"content":{"rendered":"<div class=\"excel-icerikten-once\" id=\"excel-2186442444\"><script type=\"text\/javascript\">\r\n\tatOptions = {\r\n\t\t'key' : 'c1158f160081d6540a8409e6925dab94',\r\n\t\t'format' : 'iframe',\r\n\t\t'height' : 250,\r\n\t\t'width' : 300,\r\n\t\t'params' : {}\r\n\t};\r\n<\/script>\r\n<script type=\"text\/javascript\" src=\"\/\/www.highperformanceformat.com\/c1158f160081d6540a8409e6925dab94\/invoke.js\"><\/script><\/div> <p>Bir say\u0131n\u0131n n&#8217;inci k\u00f6k\u00fcn\u00fc alman\u0131n h\u0131zl\u0131 ve kolay yolu, d\u00fczeltme operat\u00f6r\u00fcn\u00fc kullanmakt\u0131r. Alternatif olarak Excel&#8217;in G\u00dc\u00c7 i\u015flevini kullanabilirsiniz. Bu e\u011fitimde her iki y\u00f6ntemi de nas\u0131l kullanaca\u011f\u0131n\u0131z\u0131 \u00f6\u011freneceksiniz. <\/p><div class=\"wp-block-image\"><figure class=\"aligncenter size-full is-resized\"><img loading=\"lazy\" decoding=\"async\" class=\"wp-image-79898\" src=\"https:\/\/exceladvisor.org\/wp-content\/uploads\/2023\/08\/1-calculer-la-nieme-racine.png\" sizes=\"auto, \" srcset=\"\" alt=\"hesaplama-n'inci-k\u00f6k\" width=\"685\" height=\"306\"><\/figure><\/div><p> 1953125 say\u0131s\u0131n\u0131n 10 k\u00f6k\u00fcn\u00fc hesaplayal\u0131m.<\/p><h2 class=\"wp-block-heading\"> Bir say\u0131n\u0131n n&#8217;inci k\u00f6k\u00fcn\u00fc almak i\u00e7in CARET operat\u00f6r\u00fcn\u00fc (^) kullan\u0131n<\/h2><p> A\u015fa\u011f\u0131daki ad\u0131mlar\u0131 kullanabilirsiniz:<\/p><ol type=\"1\"><li> \u00d6ncelikle e\u015fittir operat\u00f6r\u00fcn\u00fc bir h\u00fccreye girin ve n&#8217;inci k\u00f6k\u00fcn\u00fc almak istedi\u011finiz say\u0131ya bak\u0131n.<\/li><li> Bundan sonra d\u00fczeltme operat\u00f6r\u00fcn\u00fc girin.<\/li><li> Daha sonra ba\u015flang\u0131\u00e7 parantezlerini girin.<\/li><li> \u015eimdi 1\/10 girin \u00e7\u00fcnk\u00fc 10&#8217;uncu k\u00f6k\u00fc hesaplaman\u0131z gerekiyor.<\/li><li> Sonunda kapatma parantezlerini girin ve sonucu almak i\u00e7in Enter tu\u015funa bas\u0131n. <\/li><\/ol><div class=\"wp-block-image\"><figure class=\"aligncenter size-full is-resized\"><img loading=\"lazy\" decoding=\"async\" class=\"wp-image-79899\" src=\"https:\/\/exceladvisor.org\/wp-content\/uploads\/2023\/08\/2-operateur-caret-pour-obtenir-la-nieme-racine.png\" sizes=\"auto, \" srcset=\"\" alt=\"n'inci k\u00f6k\u00fc almak i\u00e7in d\u00fczeltme operat\u00f6r\u00fc\" width=\"597\" height=\"261\"><\/figure><\/div><pre class=\"wp-block-code\"> <code class=\"language-excel-formula\" lang=\"excel-formula\">=A1^(1\/10)<\/code><\/pre><p> Bir say\u0131n\u0131n ba\u015fka herhangi bir k\u00f6k\u00fcn\u00fc hesaplamak istedi\u011finizi varsayal\u0131m; form\u00fcldeki n&#8217;inci say\u0131y\u0131 de\u011fi\u015ftirmeniz gerekir:<\/p><pre class=\"wp-block-code\"> <code class=\"language-excel-formula\" lang=\"excel-formula\">=original_number^(1\/nth_root)<\/code><\/pre><p class=\"grey-note\"> Hesaplamada i\u015flem s\u0131ras\u0131n\u0131n do\u011fru olmas\u0131 i\u00e7in (1\/nth_root) \u00f6\u011fesinin her zaman parantez i\u00e7inde oldu\u011fundan emin olun.<\/p><h2 class=\"wp-block-heading\"> G\u00dc\u00c7 i\u015fleviyle n&#8217;inci k\u00f6k\u00fc hesaplay\u0131n<\/h2><p> A\u015fa\u011f\u0131daki ad\u0131mlar\u0131 kullanabilirsiniz:<\/p><ol type=\"1\"><li> \u00d6ncelikle h\u00fccreye ve ba\u015flang\u0131\u00e7 parantezlerine G\u00dc\u00c7 fonksiyonunu girin.<\/li><li> \u015eimdi ilk arg\u00fcmanda orijinal numaraya bak\u0131n.<\/li><li> Daha sonra ikinci arg\u00fcmana 1\/10 girin.<\/li><li> Sonunda kapatma parantezlerini girin ve sonucu almak i\u00e7in Enter tu\u015funa bas\u0131n. <\/li><\/ol><div class=\"wp-block-image\"><figure class=\"aligncenter size-full is-resized\"><img loading=\"lazy\" decoding=\"async\" class=\"wp-image-79900\" src=\"https:\/\/exceladvisor.org\/wp-content\/uploads\/2023\/08\/3-fonction-de-puissance-pour-obtenir-la-nieme-racine.png\" sizes=\"auto, \" srcset=\"\" alt=\"n'inci k\u00f6k\u00fc almak i\u00e7in g\u00fc\u00e7 i\u015flevi\" width=\"700\" height=\"314\"><\/figure><\/div><pre class=\"wp-block-code\"> <code class=\"language-excel-formula\" lang=\"excel-formula\">POWER(A1,1\/10)<\/code><\/pre><p> Bu y\u00f6ntemde sonucu elde etmek i\u00e7in 1&#8217;i n&#8217;inci k\u00f6ke b\u00f6lmeniz gerekir. Tek fark, d\u00fczeltme operat\u00f6r\u00fcn\u00fc kullanman\u0131za gerek olmamas\u0131d\u0131r.<\/p><p> Her iki y\u00f6ntem i\u00e7in de n&#8217;inci k\u00f6k\u00fc de\u011fi\u015ftirmeniz gerekir. 4&#8217;\u00fcnc\u00fc, 5&#8217;inci veya ba\u015fka bir k\u00f6k\u00fc almak istiyorsan\u0131z form\u00fclde de\u011fi\u015ftirin.<\/p><h2 class=\"wp-block-heading\"> Negatif bir say\u0131n\u0131n N&#8217;inci k\u00f6k\u00fc<\/h2><p> Negatif bir say\u0131n\u0131z varsa ve bu say\u0131n\u0131n n&#8217;inci k\u00f6k\u00fcn\u00fc almak istiyorsan\u0131z a\u015fa\u011f\u0131daki \u00f6rneklerdeki gibi ABS fonksiyonunu kullanman\u0131z gerekir: <\/p><div class=\"wp-block-image\"><figure class=\"aligncenter size-full is-resized\"><img loading=\"lazy\" decoding=\"async\" class=\"wp-image-79901\" src=\"https:\/\/exceladvisor.org\/wp-content\/uploads\/2023\/08\/4-nieme-racine-pour-un-nombre-negatif.png\" sizes=\"auto, \" srcset=\"\" alt=\"Negatif-say\u0131 i\u00e7in n'inci-k\u00f6k\" width=\"672\" height=\"307\"><\/figure><\/div><pre class=\"wp-block-code\"> <code class=\"language-excel-formula\" lang=\"excel-formula\">=ABS(A1)^(1\/10) =POWER(ABS(A1),1\/10)<\/code><\/pre><div class=\"gb-container gb-container-52dfcee1 gb-container-sample-file\"><h2 class=\"gb-headline gb-headline-e289c143 gb-headline-text gb-headline-4f7959c2\"> Excel dosyas\u0131n\u0131 al\u0131n<\/h2> <a class=\"gb-button gb-button-e88d6bee gb-button-text gb-button-button1\" href=\"https:\/\/exceladvisor.org\/wp-content\/uploads\/2023\/11\/nieme-racine.xlsx\" rel=\"nofollow\">\u0130ndirmek<\/a><\/div><div class=\"gb-container gb-container-0df56012 gb-container-mt\"> <a class=\"gb-button gb-button-f9f432f4 gb-button-text gb-button-mt-button\" href=\"https:\/\/exceladvisor.org\/tr\/formuller\/\">Excel form\u00fcllerinin listesi<\/a><h2 class=\"gb-headline gb-headline-233444e8 gb-headline-text gb-headline-mt-heading\"> \u0130lgili form\u00fcller <\/h2><div class=\"gb-grid-wrapper gb-grid-wrapper-a16fa65c gb-grid-wrapper-mt-grid\"><div class=\"gb-grid-column gb-grid-column-50d07e0d\"><div class=\"gb-container gb-container-50d07e0d\"><ul><li> <a href=\"https:\/\/exceladvisor.org\/tr\/varyasyon-katsayisi\/\">Excel&#8217;de varyasyon katsay\u0131s\u0131n\u0131 (CV) hesaplay\u0131n<\/a><\/li><li> <a href=\"https:\/\/exceladvisor.org\/tr\/maksimum-ise\/\">Excel&#8217;de MAX IF<\/a><\/li><li> <a href=\"https:\/\/exceladvisor.org\/tr\/rapor\/\">Excel&#8217;de oran\u0131 h\u0131zla hesaplay\u0131n<\/a><\/li><li> <a href=\"https:\/\/exceladvisor.org\/tr\/en-dusuk-deger\/\">Say\u0131 listesinden en d\u00fc\u015f\u00fck de\u011feri bulun (N)<\/a><\/li><\/ul><\/div><\/div><\/div><\/div>","protected":false},"excerpt":{"rendered":"","protected":false},"author":1,"featured_media":0,"parent":0,"menu_order":0,"comment_status":"open","ping_status":"closed","template":"","meta":{"ub_ctt_via":"","footnotes":""},"class_list":["post-2193","page","type-page","status-publish","hentry"],"featured_image_src":null,"yoast_head":"<!-- This site is optimized with the Yoast SEO plugin v25.4 - https:\/\/yoast.com\/wordpress\/plugins\/seo\/ -->\n<title>Excel&#039;de n&#039;inci k\u00f6k nas\u0131l hesaplan\u0131r? (E\u011fitim 2023)<\/title>\n<meta name=\"description\" content=\"Bu e\u011fitim size bir say\u0131n\u0131n n&#039;inci k\u00f6k\u00fcn\u00fc hesaplamak i\u00e7in bir Excel form\u00fcl\u00fcn\u00fcn nas\u0131l yaz\u0131laca\u011f\u0131n\u0131 \u00f6\u011fretecektir. Bunu kontrol edelim\u2026\" \/>\n<meta name=\"robots\" content=\"index, follow, max-snippet:-1, max-image-preview:large, max-video-preview:-1\" \/>\n<link rel=\"canonical\" href=\"https:\/\/exceladvisor.org\/tr\/ninci-kok-2\/\" \/>\n<meta property=\"og:locale\" content=\"tr_TR\" \/>\n<meta property=\"og:type\" content=\"article\" \/>\n<meta property=\"og:title\" content=\"Excel&#039;de n&#039;inci k\u00f6k nas\u0131l hesaplan\u0131r? (E\u011fitim 2023)\" \/>\n<meta property=\"og:description\" content=\"Bu e\u011fitim size bir say\u0131n\u0131n n&#039;inci k\u00f6k\u00fcn\u00fc hesaplamak i\u00e7in bir Excel form\u00fcl\u00fcn\u00fcn nas\u0131l yaz\u0131laca\u011f\u0131n\u0131 \u00f6\u011fretecektir. Bunu kontrol edelim\u2026\" \/>\n<meta property=\"og:url\" content=\"https:\/\/exceladvisor.org\/tr\/ninci-kok-2\/\" \/>\n<meta property=\"og:site_name\" content=\"Excel Advisor\" \/>\n<meta property=\"article:modified_time\" content=\"2023-12-10T06:01:44+00:00\" \/>\n<meta property=\"og:image\" content=\"https:\/\/exceladvisor.org\/wp-content\/uploads\/2023\/08\/1-calculer-la-nieme-racine.png\" \/>\n<meta name=\"twitter:card\" content=\"summary_large_image\" \/>\n<meta name=\"twitter:label1\" content=\"Tahmini okuma s\u00fcresi\" \/>\n\t<meta name=\"twitter:data1\" content=\"2 dakika\" \/>\n<script type=\"application\/ld+json\" class=\"yoast-schema-graph\">{\"@context\":\"https:\/\/schema.org\",\"@graph\":[{\"@type\":\"WebPage\",\"@id\":\"https:\/\/exceladvisor.org\/tr\/ninci-kok-2\/\",\"url\":\"https:\/\/exceladvisor.org\/tr\/ninci-kok-2\/\",\"name\":\"Excel&#39;de n&#39;inci k\u00f6k nas\u0131l hesaplan\u0131r? (E\u011fitim 2023)\",\"isPartOf\":{\"@id\":\"https:\/\/exceladvisor.org\/tr\/#website\"},\"primaryImageOfPage\":{\"@id\":\"https:\/\/exceladvisor.org\/tr\/ninci-kok-2\/#primaryimage\"},\"image\":{\"@id\":\"https:\/\/exceladvisor.org\/tr\/ninci-kok-2\/#primaryimage\"},\"thumbnailUrl\":\"https:\/\/exceladvisor.org\/wp-content\/uploads\/2023\/08\/1-calculer-la-nieme-racine.png\",\"datePublished\":\"2023-09-25T08:52:01+00:00\",\"dateModified\":\"2023-12-10T06:01:44+00:00\",\"description\":\"Bu e\u011fitim size bir say\u0131n\u0131n n&#39;inci k\u00f6k\u00fcn\u00fc hesaplamak i\u00e7in bir Excel form\u00fcl\u00fcn\u00fcn nas\u0131l yaz\u0131laca\u011f\u0131n\u0131 \u00f6\u011fretecektir. Bunu kontrol edelim\u2026\",\"breadcrumb\":{\"@id\":\"https:\/\/exceladvisor.org\/tr\/ninci-kok-2\/#breadcrumb\"},\"inLanguage\":\"tr\",\"potentialAction\":[{\"@type\":\"ReadAction\",\"target\":[\"https:\/\/exceladvisor.org\/tr\/ninci-kok-2\/\"]}]},{\"@type\":\"ImageObject\",\"inLanguage\":\"tr\",\"@id\":\"https:\/\/exceladvisor.org\/tr\/ninci-kok-2\/#primaryimage\",\"url\":\"https:\/\/exceladvisor.org\/wp-content\/uploads\/2023\/08\/1-calculer-la-nieme-racine.png\",\"contentUrl\":\"https:\/\/exceladvisor.org\/wp-content\/uploads\/2023\/08\/1-calculer-la-nieme-racine.png\"},{\"@type\":\"BreadcrumbList\",\"@id\":\"https:\/\/exceladvisor.org\/tr\/ninci-kok-2\/#breadcrumb\",\"itemListElement\":[{\"@type\":\"ListItem\",\"position\":1,\"name\":\"Ev\",\"item\":\"https:\/\/exceladvisor.org\/tr\/\"},{\"@type\":\"ListItem\",\"position\":2,\"name\":\"Excel&#39;de n&#39;inci k\u00f6k nas\u0131l hesaplan\u0131r?\"}]},{\"@type\":\"WebSite\",\"@id\":\"https:\/\/exceladvisor.org\/tr\/#website\",\"url\":\"https:\/\/exceladvisor.org\/tr\/\",\"name\":\"Excel Advisor\",\"description\":\"Veri hakimiyetine y\u00f6nelik nihai rehberiniz!\",\"publisher\":{\"@id\":\"https:\/\/exceladvisor.org\/tr\/#organization\"},\"potentialAction\":[{\"@type\":\"SearchAction\",\"target\":{\"@type\":\"EntryPoint\",\"urlTemplate\":\"https:\/\/exceladvisor.org\/tr\/?s={search_term_string}\"},\"query-input\":{\"@type\":\"PropertyValueSpecification\",\"valueRequired\":true,\"valueName\":\"search_term_string\"}}],\"inLanguage\":\"tr\"},{\"@type\":\"Organization\",\"@id\":\"https:\/\/exceladvisor.org\/tr\/#organization\",\"name\":\"Excel Advisor\",\"url\":\"https:\/\/exceladvisor.org\/tr\/\",\"logo\":{\"@type\":\"ImageObject\",\"inLanguage\":\"tr\",\"@id\":\"https:\/\/exceladvisor.org\/tr\/#\/schema\/logo\/image\/\",\"url\":\"https:\/\/exceladvisor.org\/tr\/wp-content\/uploads\/2023\/12\/exceladvisor.org_.png\",\"contentUrl\":\"https:\/\/exceladvisor.org\/tr\/wp-content\/uploads\/2023\/12\/exceladvisor.org_.png\",\"width\":105,\"height\":36,\"caption\":\"Excel Advisor\"},\"image\":{\"@id\":\"https:\/\/exceladvisor.org\/tr\/#\/schema\/logo\/image\/\"}}]}<\/script>\n<!-- \/ Yoast SEO plugin. -->","yoast_head_json":{"title":"Excel&#39;de n&#39;inci k\u00f6k nas\u0131l hesaplan\u0131r? (E\u011fitim 2023)","description":"Bu e\u011fitim size bir say\u0131n\u0131n n&#39;inci k\u00f6k\u00fcn\u00fc hesaplamak i\u00e7in bir Excel form\u00fcl\u00fcn\u00fcn nas\u0131l yaz\u0131laca\u011f\u0131n\u0131 \u00f6\u011fretecektir. Bunu kontrol edelim\u2026","robots":{"index":"index","follow":"follow","max-snippet":"max-snippet:-1","max-image-preview":"max-image-preview:large","max-video-preview":"max-video-preview:-1"},"canonical":"https:\/\/exceladvisor.org\/tr\/ninci-kok-2\/","og_locale":"tr_TR","og_type":"article","og_title":"Excel&#39;de n&#39;inci k\u00f6k nas\u0131l hesaplan\u0131r? (E\u011fitim 2023)","og_description":"Bu e\u011fitim size bir say\u0131n\u0131n n&#39;inci k\u00f6k\u00fcn\u00fc hesaplamak i\u00e7in bir Excel form\u00fcl\u00fcn\u00fcn nas\u0131l yaz\u0131laca\u011f\u0131n\u0131 \u00f6\u011fretecektir. Bunu kontrol edelim\u2026","og_url":"https:\/\/exceladvisor.org\/tr\/ninci-kok-2\/","og_site_name":"Excel Advisor","article_modified_time":"2023-12-10T06:01:44+00:00","og_image":[{"url":"https:\/\/exceladvisor.org\/wp-content\/uploads\/2023\/08\/1-calculer-la-nieme-racine.png","type":"","width":"","height":""}],"twitter_card":"summary_large_image","twitter_misc":{"Tahmini okuma s\u00fcresi":"2 dakika"},"schema":{"@context":"https:\/\/schema.org","@graph":[{"@type":"WebPage","@id":"https:\/\/exceladvisor.org\/tr\/ninci-kok-2\/","url":"https:\/\/exceladvisor.org\/tr\/ninci-kok-2\/","name":"Excel&#39;de n&#39;inci k\u00f6k nas\u0131l hesaplan\u0131r? (E\u011fitim 2023)","isPartOf":{"@id":"https:\/\/exceladvisor.org\/tr\/#website"},"primaryImageOfPage":{"@id":"https:\/\/exceladvisor.org\/tr\/ninci-kok-2\/#primaryimage"},"image":{"@id":"https:\/\/exceladvisor.org\/tr\/ninci-kok-2\/#primaryimage"},"thumbnailUrl":"https:\/\/exceladvisor.org\/wp-content\/uploads\/2023\/08\/1-calculer-la-nieme-racine.png","datePublished":"2023-09-25T08:52:01+00:00","dateModified":"2023-12-10T06:01:44+00:00","description":"Bu e\u011fitim size bir say\u0131n\u0131n n&#39;inci k\u00f6k\u00fcn\u00fc hesaplamak i\u00e7in bir Excel form\u00fcl\u00fcn\u00fcn nas\u0131l yaz\u0131laca\u011f\u0131n\u0131 \u00f6\u011fretecektir. Bunu kontrol edelim\u2026","breadcrumb":{"@id":"https:\/\/exceladvisor.org\/tr\/ninci-kok-2\/#breadcrumb"},"inLanguage":"tr","potentialAction":[{"@type":"ReadAction","target":["https:\/\/exceladvisor.org\/tr\/ninci-kok-2\/"]}]},{"@type":"ImageObject","inLanguage":"tr","@id":"https:\/\/exceladvisor.org\/tr\/ninci-kok-2\/#primaryimage","url":"https:\/\/exceladvisor.org\/wp-content\/uploads\/2023\/08\/1-calculer-la-nieme-racine.png","contentUrl":"https:\/\/exceladvisor.org\/wp-content\/uploads\/2023\/08\/1-calculer-la-nieme-racine.png"},{"@type":"BreadcrumbList","@id":"https:\/\/exceladvisor.org\/tr\/ninci-kok-2\/#breadcrumb","itemListElement":[{"@type":"ListItem","position":1,"name":"Ev","item":"https:\/\/exceladvisor.org\/tr\/"},{"@type":"ListItem","position":2,"name":"Excel&#39;de n&#39;inci k\u00f6k nas\u0131l hesaplan\u0131r?"}]},{"@type":"WebSite","@id":"https:\/\/exceladvisor.org\/tr\/#website","url":"https:\/\/exceladvisor.org\/tr\/","name":"Excel Advisor","description":"Veri hakimiyetine y\u00f6nelik nihai rehberiniz!","publisher":{"@id":"https:\/\/exceladvisor.org\/tr\/#organization"},"potentialAction":[{"@type":"SearchAction","target":{"@type":"EntryPoint","urlTemplate":"https:\/\/exceladvisor.org\/tr\/?s={search_term_string}"},"query-input":{"@type":"PropertyValueSpecification","valueRequired":true,"valueName":"search_term_string"}}],"inLanguage":"tr"},{"@type":"Organization","@id":"https:\/\/exceladvisor.org\/tr\/#organization","name":"Excel Advisor","url":"https:\/\/exceladvisor.org\/tr\/","logo":{"@type":"ImageObject","inLanguage":"tr","@id":"https:\/\/exceladvisor.org\/tr\/#\/schema\/logo\/image\/","url":"https:\/\/exceladvisor.org\/tr\/wp-content\/uploads\/2023\/12\/exceladvisor.org_.png","contentUrl":"https:\/\/exceladvisor.org\/tr\/wp-content\/uploads\/2023\/12\/exceladvisor.org_.png","width":105,"height":36,"caption":"Excel Advisor"},"image":{"@id":"https:\/\/exceladvisor.org\/tr\/#\/schema\/logo\/image\/"}}]}},"yoast_meta":{"yoast_wpseo_title":"","yoast_wpseo_metadesc":"","yoast_wpseo_canonical":""},"_links":{"self":[{"href":"https:\/\/exceladvisor.org\/tr\/wp-json\/wp\/v2\/pages\/2193","targetHints":{"allow":["GET"]}}],"collection":[{"href":"https:\/\/exceladvisor.org\/tr\/wp-json\/wp\/v2\/pages"}],"about":[{"href":"https:\/\/exceladvisor.org\/tr\/wp-json\/wp\/v2\/types\/page"}],"author":[{"embeddable":true,"href":"https:\/\/exceladvisor.org\/tr\/wp-json\/wp\/v2\/users\/1"}],"replies":[{"embeddable":true,"href":"https:\/\/exceladvisor.org\/tr\/wp-json\/wp\/v2\/comments?post=2193"}],"version-history":[{"count":1,"href":"https:\/\/exceladvisor.org\/tr\/wp-json\/wp\/v2\/pages\/2193\/revisions"}],"predecessor-version":[{"id":2554,"href":"https:\/\/exceladvisor.org\/tr\/wp-json\/wp\/v2\/pages\/2193\/revisions\/2554"}],"wp:attachment":[{"href":"https:\/\/exceladvisor.org\/tr\/wp-json\/wp\/v2\/media?parent=2193"}],"curies":[{"name":"wp","href":"https:\/\/api.w.org\/{rel}","templated":true}]}}