{"id":2194,"date":"2023-09-25T08:51:47","date_gmt":"2023-09-25T08:51:47","guid":{"rendered":"https:\/\/exceladvisor.org\/tr\/filtre-1\/"},"modified":"2023-12-10T05:59:42","modified_gmt":"2023-12-10T05:59:42","slug":"filtre-1","status":"publish","type":"page","link":"https:\/\/exceladvisor.org\/tr\/filtre-1\/","title":{"rendered":"Excel k\u0131sayolu arac\u0131l\u0131\u011f\u0131yla filtre nas\u0131l uygulan\u0131r\/kald\u0131r\u0131l\u0131r?"},"content":{"rendered":"<div class=\"excel-icerikten-once\" id=\"excel-2804683154\"><script type=\"text\/javascript\">\r\n\tatOptions = {\r\n\t\t'key' : 'c1158f160081d6540a8409e6925dab94',\r\n\t\t'format' : 'iframe',\r\n\t\t'height' : 250,\r\n\t\t'width' : 300,\r\n\t\t'params' : {}\r\n\t};\r\n<\/script>\r\n<script type=\"text\/javascript\" src=\"\/\/www.highperformanceformat.com\/c1158f160081d6540a8409e6925dab94\/invoke.js\"><\/script><\/div> <p>Bir veri s\u00fctununa filtre uygulamak i\u00e7in <kbd>Ctrl<\/kbd> + <kbd>Shift<\/kbd> + <kbd>L<\/kbd> klavye k\u0131sayolunu kullanman\u0131z gerekir. Bu klavye k\u0131sayoluna bast\u0131\u011f\u0131n\u0131zda, Excel, verilerinizin bulundu\u011fu t\u00fcm yard\u0131mc\u0131 s\u00fctunlar\u0131n yan\u0131 s\u0131ra ge\u00e7erli s\u00fctunlara da tarih filtreleri uygular.<\/p><p> <kbd>Ctrl<\/kbd> + <kbd>\u00dcst Karakter<\/kbd> + <kbd>L<\/kbd> <\/p><div class=\"wp-block-image\"><figure class=\"aligncenter size-full is-resized\"><img loading=\"lazy\" decoding=\"async\" class=\"wp-image-62307\" src=\"https:\/\/exceladvisor.org\/wp-content\/uploads\/2023\/08\/1-appliquer-le-raccourci-supprimer-les-filtres.png\" sizes=\"auto, \" srcset=\"\" alt=\"filtreleri uygula-kald\u0131r-k\u0131sayolu\" width=\"748\" height=\"172\"><\/figure><\/div><p> Bunun d\u0131\u015f\u0131nda s\u00fctuna veri filtreleri uygulamak i\u00e7in kullanabilece\u011finiz ba\u015fka bir k\u0131sayol tu\u015fu daha vard\u0131r ve o da <kbd>Alt<\/kbd> \u279c <kbd>D<\/kbd> \u279c <kbd>F<\/kbd> \u279c <kbd>F'dir<\/kbd> .<\/p><p> Bu klavye k\u0131sayolu \u00f6ncekiyle ayn\u0131 \u015fekilde \u00e7al\u0131\u015f\u0131r ve filtreyi kald\u0131rmak i\u00e7in ayn\u0131 k\u0131sayol tu\u015funu da kullanabilirsiniz. <\/p><div class=\"wp-block-group more-tutorials is-layout-flow\"><div class=\"wp-block-group__inner-container\"><h2 class=\"wp-block-heading\"> Daha fazla k\u0131sayol <\/h2><div class=\"wp-block-columns is-layout-flex wp-container-24\"><div class=\"wp-block-column is-layout-flow\"><ul><li> <a href=\"https:\/\/exceladvisor.org\/tr\/otomatik-toplam-2\/\">Otomatik toplam<\/a><\/li><li> <a href=\"https:\/\/exceladvisor.org\/tr\/icerigi-temizle\/\">\u0130\u00e7eri\u011fi temizle<\/a><\/li><li> <a href=\"https:\/\/exceladvisor.org\/tr\/silmek\/\">S\u0130LMEK<\/a><\/li><li> <a href=\"https:\/\/exceladvisor.org\/tr\/kayip-dusmek\/\">A\u015fag\u0131 kayd\u0131r<\/a><\/li><li> <a href=\"https:\/\/exceladvisor.org\/tr\/formulleri-goster\/\">Form\u00fclleri g\u00f6ster<\/a><\/li><\/ul><\/div><div class=\"wp-block-column is-layout-flow\"><\/div><\/div><p> \u21e0 <a href=\"https:\/\/exceladvisor.org\/tr\/klavye-kisayollari\/\">Excel k\u0131sayollar\u0131na geri d\u00f6n\u00fcn (PDF kopya sayfas\u0131)<\/a><\/p><\/div><\/div>","protected":false},"excerpt":{"rendered":"","protected":false},"author":1,"featured_media":0,"parent":0,"menu_order":0,"comment_status":"open","ping_status":"closed","template":"","meta":{"ub_ctt_via":"","footnotes":""},"class_list":["post-2194","page","type-page","status-publish","hentry"],"featured_image_src":null,"yoast_head":"<!-- This site is optimized with the Yoast SEO plugin v25.4 - https:\/\/yoast.com\/wordpress\/plugins\/seo\/ -->\n<title>Excel k\u0131sayolu arac\u0131l\u0131\u011f\u0131yla filtre nas\u0131l uygulan\u0131r\/kald\u0131r\u0131l\u0131r?<\/title>\n<meta name=\"description\" content=\"Bu \u00f6\u011freticide, bir s\u00fctuna veri filtresini uygulamak ve kald\u0131rmak i\u00e7in klavye k\u0131sayol tu\u015funu \u00f6\u011freneceksiniz.\" \/>\n<meta name=\"robots\" content=\"index, follow, max-snippet:-1, max-image-preview:large, max-video-preview:-1\" \/>\n<link rel=\"canonical\" href=\"https:\/\/exceladvisor.org\/tr\/filtre-1\/\" \/>\n<meta property=\"og:locale\" content=\"tr_TR\" \/>\n<meta property=\"og:type\" content=\"article\" \/>\n<meta property=\"og:title\" content=\"Excel k\u0131sayolu arac\u0131l\u0131\u011f\u0131yla filtre nas\u0131l uygulan\u0131r\/kald\u0131r\u0131l\u0131r?\" \/>\n<meta property=\"og:description\" content=\"Bu \u00f6\u011freticide, bir s\u00fctuna veri filtresini uygulamak ve kald\u0131rmak i\u00e7in klavye k\u0131sayol tu\u015funu \u00f6\u011freneceksiniz.\" \/>\n<meta property=\"og:url\" content=\"https:\/\/exceladvisor.org\/tr\/filtre-1\/\" \/>\n<meta property=\"og:site_name\" content=\"Excel Advisor\" \/>\n<meta property=\"article:modified_time\" content=\"2023-12-10T05:59:42+00:00\" \/>\n<meta property=\"og:image\" content=\"https:\/\/exceladvisor.org\/wp-content\/uploads\/2023\/08\/1-appliquer-le-raccourci-supprimer-les-filtres.png\" \/>\n<meta name=\"twitter:card\" content=\"summary_large_image\" \/>\n<meta name=\"twitter:label1\" content=\"Tahmini okuma s\u00fcresi\" \/>\n\t<meta name=\"twitter:data1\" content=\"1 dakika\" \/>\n<script type=\"application\/ld+json\" class=\"yoast-schema-graph\">{\"@context\":\"https:\/\/schema.org\",\"@graph\":[{\"@type\":\"WebPage\",\"@id\":\"https:\/\/exceladvisor.org\/tr\/filtre-1\/\",\"url\":\"https:\/\/exceladvisor.org\/tr\/filtre-1\/\",\"name\":\"Excel k\u0131sayolu arac\u0131l\u0131\u011f\u0131yla filtre nas\u0131l uygulan\u0131r\/kald\u0131r\u0131l\u0131r?\",\"isPartOf\":{\"@id\":\"https:\/\/exceladvisor.org\/tr\/#website\"},\"primaryImageOfPage\":{\"@id\":\"https:\/\/exceladvisor.org\/tr\/filtre-1\/#primaryimage\"},\"image\":{\"@id\":\"https:\/\/exceladvisor.org\/tr\/filtre-1\/#primaryimage\"},\"thumbnailUrl\":\"https:\/\/exceladvisor.org\/wp-content\/uploads\/2023\/08\/1-appliquer-le-raccourci-supprimer-les-filtres.png\",\"datePublished\":\"2023-09-25T08:51:47+00:00\",\"dateModified\":\"2023-12-10T05:59:42+00:00\",\"description\":\"Bu \u00f6\u011freticide, bir s\u00fctuna veri filtresini uygulamak ve kald\u0131rmak i\u00e7in klavye k\u0131sayol tu\u015funu \u00f6\u011freneceksiniz.\",\"breadcrumb\":{\"@id\":\"https:\/\/exceladvisor.org\/tr\/filtre-1\/#breadcrumb\"},\"inLanguage\":\"tr\",\"potentialAction\":[{\"@type\":\"ReadAction\",\"target\":[\"https:\/\/exceladvisor.org\/tr\/filtre-1\/\"]}]},{\"@type\":\"ImageObject\",\"inLanguage\":\"tr\",\"@id\":\"https:\/\/exceladvisor.org\/tr\/filtre-1\/#primaryimage\",\"url\":\"https:\/\/exceladvisor.org\/wp-content\/uploads\/2023\/08\/1-appliquer-le-raccourci-supprimer-les-filtres.png\",\"contentUrl\":\"https:\/\/exceladvisor.org\/wp-content\/uploads\/2023\/08\/1-appliquer-le-raccourci-supprimer-les-filtres.png\"},{\"@type\":\"BreadcrumbList\",\"@id\":\"https:\/\/exceladvisor.org\/tr\/filtre-1\/#breadcrumb\",\"itemListElement\":[{\"@type\":\"ListItem\",\"position\":1,\"name\":\"Ev\",\"item\":\"https:\/\/exceladvisor.org\/tr\/\"},{\"@type\":\"ListItem\",\"position\":2,\"name\":\"Excel k\u0131sayolu arac\u0131l\u0131\u011f\u0131yla filtre nas\u0131l uygulan\u0131r\/kald\u0131r\u0131l\u0131r?\"}]},{\"@type\":\"WebSite\",\"@id\":\"https:\/\/exceladvisor.org\/tr\/#website\",\"url\":\"https:\/\/exceladvisor.org\/tr\/\",\"name\":\"Excel Advisor\",\"description\":\"Veri hakimiyetine y\u00f6nelik nihai rehberiniz!\",\"publisher\":{\"@id\":\"https:\/\/exceladvisor.org\/tr\/#organization\"},\"potentialAction\":[{\"@type\":\"SearchAction\",\"target\":{\"@type\":\"EntryPoint\",\"urlTemplate\":\"https:\/\/exceladvisor.org\/tr\/?s={search_term_string}\"},\"query-input\":{\"@type\":\"PropertyValueSpecification\",\"valueRequired\":true,\"valueName\":\"search_term_string\"}}],\"inLanguage\":\"tr\"},{\"@type\":\"Organization\",\"@id\":\"https:\/\/exceladvisor.org\/tr\/#organization\",\"name\":\"Excel Advisor\",\"url\":\"https:\/\/exceladvisor.org\/tr\/\",\"logo\":{\"@type\":\"ImageObject\",\"inLanguage\":\"tr\",\"@id\":\"https:\/\/exceladvisor.org\/tr\/#\/schema\/logo\/image\/\",\"url\":\"https:\/\/exceladvisor.org\/tr\/wp-content\/uploads\/2023\/12\/exceladvisor.org_.png\",\"contentUrl\":\"https:\/\/exceladvisor.org\/tr\/wp-content\/uploads\/2023\/12\/exceladvisor.org_.png\",\"width\":105,\"height\":36,\"caption\":\"Excel Advisor\"},\"image\":{\"@id\":\"https:\/\/exceladvisor.org\/tr\/#\/schema\/logo\/image\/\"}}]}<\/script>\n<!-- \/ Yoast SEO plugin. -->","yoast_head_json":{"title":"Excel k\u0131sayolu arac\u0131l\u0131\u011f\u0131yla filtre nas\u0131l uygulan\u0131r\/kald\u0131r\u0131l\u0131r?","description":"Bu \u00f6\u011freticide, bir s\u00fctuna veri filtresini uygulamak ve kald\u0131rmak i\u00e7in klavye k\u0131sayol tu\u015funu \u00f6\u011freneceksiniz.","robots":{"index":"index","follow":"follow","max-snippet":"max-snippet:-1","max-image-preview":"max-image-preview:large","max-video-preview":"max-video-preview:-1"},"canonical":"https:\/\/exceladvisor.org\/tr\/filtre-1\/","og_locale":"tr_TR","og_type":"article","og_title":"Excel k\u0131sayolu arac\u0131l\u0131\u011f\u0131yla filtre nas\u0131l uygulan\u0131r\/kald\u0131r\u0131l\u0131r?","og_description":"Bu \u00f6\u011freticide, bir s\u00fctuna veri filtresini uygulamak ve kald\u0131rmak i\u00e7in klavye k\u0131sayol tu\u015funu \u00f6\u011freneceksiniz.","og_url":"https:\/\/exceladvisor.org\/tr\/filtre-1\/","og_site_name":"Excel Advisor","article_modified_time":"2023-12-10T05:59:42+00:00","og_image":[{"url":"https:\/\/exceladvisor.org\/wp-content\/uploads\/2023\/08\/1-appliquer-le-raccourci-supprimer-les-filtres.png","type":"","width":"","height":""}],"twitter_card":"summary_large_image","twitter_misc":{"Tahmini okuma s\u00fcresi":"1 dakika"},"schema":{"@context":"https:\/\/schema.org","@graph":[{"@type":"WebPage","@id":"https:\/\/exceladvisor.org\/tr\/filtre-1\/","url":"https:\/\/exceladvisor.org\/tr\/filtre-1\/","name":"Excel k\u0131sayolu arac\u0131l\u0131\u011f\u0131yla filtre nas\u0131l uygulan\u0131r\/kald\u0131r\u0131l\u0131r?","isPartOf":{"@id":"https:\/\/exceladvisor.org\/tr\/#website"},"primaryImageOfPage":{"@id":"https:\/\/exceladvisor.org\/tr\/filtre-1\/#primaryimage"},"image":{"@id":"https:\/\/exceladvisor.org\/tr\/filtre-1\/#primaryimage"},"thumbnailUrl":"https:\/\/exceladvisor.org\/wp-content\/uploads\/2023\/08\/1-appliquer-le-raccourci-supprimer-les-filtres.png","datePublished":"2023-09-25T08:51:47+00:00","dateModified":"2023-12-10T05:59:42+00:00","description":"Bu \u00f6\u011freticide, bir s\u00fctuna veri filtresini uygulamak ve kald\u0131rmak i\u00e7in klavye k\u0131sayol tu\u015funu \u00f6\u011freneceksiniz.","breadcrumb":{"@id":"https:\/\/exceladvisor.org\/tr\/filtre-1\/#breadcrumb"},"inLanguage":"tr","potentialAction":[{"@type":"ReadAction","target":["https:\/\/exceladvisor.org\/tr\/filtre-1\/"]}]},{"@type":"ImageObject","inLanguage":"tr","@id":"https:\/\/exceladvisor.org\/tr\/filtre-1\/#primaryimage","url":"https:\/\/exceladvisor.org\/wp-content\/uploads\/2023\/08\/1-appliquer-le-raccourci-supprimer-les-filtres.png","contentUrl":"https:\/\/exceladvisor.org\/wp-content\/uploads\/2023\/08\/1-appliquer-le-raccourci-supprimer-les-filtres.png"},{"@type":"BreadcrumbList","@id":"https:\/\/exceladvisor.org\/tr\/filtre-1\/#breadcrumb","itemListElement":[{"@type":"ListItem","position":1,"name":"Ev","item":"https:\/\/exceladvisor.org\/tr\/"},{"@type":"ListItem","position":2,"name":"Excel k\u0131sayolu arac\u0131l\u0131\u011f\u0131yla filtre nas\u0131l uygulan\u0131r\/kald\u0131r\u0131l\u0131r?"}]},{"@type":"WebSite","@id":"https:\/\/exceladvisor.org\/tr\/#website","url":"https:\/\/exceladvisor.org\/tr\/","name":"Excel Advisor","description":"Veri hakimiyetine y\u00f6nelik nihai rehberiniz!","publisher":{"@id":"https:\/\/exceladvisor.org\/tr\/#organization"},"potentialAction":[{"@type":"SearchAction","target":{"@type":"EntryPoint","urlTemplate":"https:\/\/exceladvisor.org\/tr\/?s={search_term_string}"},"query-input":{"@type":"PropertyValueSpecification","valueRequired":true,"valueName":"search_term_string"}}],"inLanguage":"tr"},{"@type":"Organization","@id":"https:\/\/exceladvisor.org\/tr\/#organization","name":"Excel Advisor","url":"https:\/\/exceladvisor.org\/tr\/","logo":{"@type":"ImageObject","inLanguage":"tr","@id":"https:\/\/exceladvisor.org\/tr\/#\/schema\/logo\/image\/","url":"https:\/\/exceladvisor.org\/tr\/wp-content\/uploads\/2023\/12\/exceladvisor.org_.png","contentUrl":"https:\/\/exceladvisor.org\/tr\/wp-content\/uploads\/2023\/12\/exceladvisor.org_.png","width":105,"height":36,"caption":"Excel Advisor"},"image":{"@id":"https:\/\/exceladvisor.org\/tr\/#\/schema\/logo\/image\/"}}]}},"yoast_meta":{"yoast_wpseo_title":"","yoast_wpseo_metadesc":"","yoast_wpseo_canonical":""},"_links":{"self":[{"href":"https:\/\/exceladvisor.org\/tr\/wp-json\/wp\/v2\/pages\/2194","targetHints":{"allow":["GET"]}}],"collection":[{"href":"https:\/\/exceladvisor.org\/tr\/wp-json\/wp\/v2\/pages"}],"about":[{"href":"https:\/\/exceladvisor.org\/tr\/wp-json\/wp\/v2\/types\/page"}],"author":[{"embeddable":true,"href":"https:\/\/exceladvisor.org\/tr\/wp-json\/wp\/v2\/users\/1"}],"replies":[{"embeddable":true,"href":"https:\/\/exceladvisor.org\/tr\/wp-json\/wp\/v2\/comments?post=2194"}],"version-history":[{"count":1,"href":"https:\/\/exceladvisor.org\/tr\/wp-json\/wp\/v2\/pages\/2194\/revisions"}],"predecessor-version":[{"id":2346,"href":"https:\/\/exceladvisor.org\/tr\/wp-json\/wp\/v2\/pages\/2194\/revisions\/2346"}],"wp:attachment":[{"href":"https:\/\/exceladvisor.org\/tr\/wp-json\/wp\/v2\/media?parent=2194"}],"curies":[{"name":"wp","href":"https:\/\/api.w.org\/{rel}","templated":true}]}}