{"id":2197,"date":"2023-09-25T06:33:35","date_gmt":"2023-09-25T06:33:35","guid":{"rendered":"https:\/\/exceladvisor.org\/tr\/kdv\/"},"modified":"2023-12-10T06:01:23","modified_gmt":"2023-12-10T06:01:23","slug":"kdv","status":"publish","type":"page","link":"https:\/\/exceladvisor.org\/tr\/kdv\/","title":{"rendered":"Excel&#39;de kdv nas\u0131l hesaplan\u0131r?"},"content":{"rendered":"<div class=\"excel-icerikten-once\" id=\"excel-1718042424\"><script type=\"text\/javascript\">\r\n\tatOptions = {\r\n\t\t'key' : 'c1158f160081d6540a8409e6925dab94',\r\n\t\t'format' : 'iframe',\r\n\t\t'height' : 250,\r\n\t\t'width' : 300,\r\n\t\t'params' : {}\r\n\t};\r\n<\/script>\r\n<script type=\"text\/javascript\" src=\"\/\/www.highperformanceformat.com\/c1158f160081d6540a8409e6925dab94\/invoke.js\"><\/script><\/div> <p>Excel&#8217;de KDV hesaplamak i\u00e7in, vergi y\u00fczdesini tam olarak bilmeniz ve ard\u0131ndan KDV tutar\u0131n\u0131 elde etmek i\u00e7in bunu br\u00fct tutarla \u00e7arpman\u0131z gerekir. Daha sonra bu vergi tutar\u0131n\u0131 ger\u00e7ek fatura tutar\u0131na ekleyin. <\/p><div class=\"wp-block-image\"><figure class=\"aligncenter size-full is-resized\"><img loading=\"lazy\" decoding=\"async\" class=\"wp-image-82435\" src=\"https:\/\/exceladvisor.org\/wp-content\/uploads\/2023\/08\/1-calculer-la-TVA.png\" sizes=\"auto, \" srcset=\"\" alt=\"hesapla-kdv\" width=\"579\" height=\"314\"><\/figure><\/div><p> Bu dersimizde KDV hesaplamak i\u00e7in bir form\u00fcl yaz\u0131yoruz. Bunu kontrol edelim.<\/p><h2 class=\"wp-block-heading\"> KDV&#8217;yi ayr\u0131 olarak hesaplay\u0131n<\/h2><p> A\u015fa\u011f\u0131daki ad\u0131mlar\u0131 kullanabilirsiniz:<\/p><ol type=\"1\"><li> \u00d6ncelikle fatura tutar\u0131n\u0131 i\u00e7eren h\u00fccreye bak\u0131n.<\/li><li> Bundan sonra \u00e7arpma i\u00e7in y\u0131ld\u0131z i\u015fareti (*) operat\u00f6r\u00fcn\u00fc girin.<\/li><li> \u015eimdi KDV y\u00fczdesinin bulundu\u011fu h\u00fccreye bak\u0131n.<\/li><li> Sonunda vergi tutar\u0131n\u0131 almak i\u00e7in Enter tu\u015funa bas\u0131n. <\/li><\/ol><div class=\"wp-block-image\"><figure class=\"aligncenter size-full is-resized\"><img loading=\"lazy\" decoding=\"async\" class=\"wp-image-82436\" src=\"https:\/\/exceladvisor.org\/wp-content\/uploads\/2023\/08\/2-calculer-la-TVA-separement.png\" sizes=\"auto, \" srcset=\"\" alt=\"-kdv-ayr\u0131 olarak hesapla\" width=\"589\" height=\"260\"><\/figure><\/div><pre class=\"wp-block-code\"> <code class=\"language-excel-formula\" lang=\"excel-formula\">=tax_percentage * invoice_amount<\/code><\/pre><p> Enter tu\u015funa bast\u0131\u011f\u0131n\u0131zda h\u00fccrede KDV tutar\u0131n\u0131 g\u00f6receksiniz. <\/p><div class=\"wp-block-image\"><figure class=\"aligncenter size-full is-resized\"><img loading=\"lazy\" decoding=\"async\" class=\"wp-image-82437\" src=\"https:\/\/exceladvisor.org\/wp-content\/uploads\/2023\/08\/3-montant-de-TVA-obtenu.png\" sizes=\"auto, \" srcset=\"\" alt=\"miktar-kdv-sonu\u00e7\" width=\"527\" height=\"286\"><\/figure><\/div><p> Bir sonraki b\u00f6l\u00fcmde toplam tutara vergiyi eklemeniz gerekiyor. Bunun i\u00e7in br\u00fct fatura tutar\u0131n\u0131n bulundu\u011fu h\u00fccreye ba\u015fvurman\u0131z, ekleme operat\u00f6r\u00fcn\u00fc girmeniz ve hesaplad\u0131\u011f\u0131n\u0131z KDV tutar\u0131n\u0131n (VERG\u0130) bulundu\u011fu h\u00fccreye ba\u015fvurman\u0131z gerekir. <\/p><div class=\"wp-block-image\"><figure class=\"aligncenter size-full is-resized\"><img loading=\"lazy\" decoding=\"async\" class=\"wp-image-82438\" src=\"https:\/\/exceladvisor.org\/wp-content\/uploads\/2023\/08\/4-ajouter-la-taxe-au-montant.png\" sizes=\"auto, \" srcset=\"\" alt=\"tutara vergi ekleme\" width=\"600\" height=\"236\"><\/figure><\/div><pre class=\"wp-block-code\"> <code class=\"language-excel-formula\" lang=\"excel-formula\">=vat_amount + invoice_amount<\/code><\/pre><p> Bu size KDV tutar\u0131 dahil toplam tutar\u0131 verecektir. <\/p><div class=\"wp-block-image\"><figure class=\"aligncenter size-full is-resized\"><img loading=\"lazy\" decoding=\"async\" class=\"wp-image-82439\" src=\"https:\/\/exceladvisor.org\/wp-content\/uploads\/2023\/08\/5-montant-total-TTC.png\" sizes=\"auto, \" srcset=\"\" alt=\"toplam-tutar-kdv-kdv\" width=\"556\" height=\"265\"><\/figure><\/div><h2 class=\"wp-block-heading\"> Toplam tutarda KDV&#8217;nin hesaplanmas\u0131<\/h2><p> E\u011fer bir \u015fekilde KDV tutar\u0131n\u0131n toplam tutara dahil edilmesini istiyorsan\u0131z a\u015fa\u011f\u0131daki form\u00fcl\u00fc kullanabilirsiniz: <\/p><div class=\"wp-block-image\"><figure class=\"aligncenter size-full is-resized\"><img loading=\"lazy\" decoding=\"async\" class=\"wp-image-82440\" src=\"https:\/\/exceladvisor.org\/wp-content\/uploads\/2023\/08\/6-calculer-la-TVA-en-montant-total.png\" sizes=\"auto, \" srcset=\"\" alt=\"toplam-miktar\u0131-kdv-hesapla\" width=\"549\" height=\"244\"><\/figure><\/div><pre class=\"wp-block-code\"> <code class=\"language-excel-formula\" lang=\"excel-formula\">=(tax_percentage * invoice_amount) + invoice_amount<\/code><\/pre><p> Yukar\u0131daki form\u00fcl sayesinde KDV tutar\u0131 i\u00e7in ayr\u0131 bir s\u00fctuna ihtiyac\u0131n\u0131z yoktur. Toplam tutara vergi ve fatura tutar\u0131 dahildir.<\/p><p> Bu form\u00fcl\u00fc yazman\u0131n ba\u015fka bir yolu daha var. Bu form\u00fclde KDV dahil toplam tutar\u0131 elde etmek i\u00e7in y\u00fczdeleri kullanabilirsiniz. <\/p><pre class=\"wp-block-code\"> <code class=\"language-excel-formula\" lang=\"excel-formula\">=invoice_amount * (100% + vat_percentage)<\/code><\/pre><div class=\"wp-block-image\"><figure class=\"aligncenter size-full is-resized\"><img loading=\"lazy\" decoding=\"async\" class=\"wp-image-82441\" src=\"https:\/\/exceladvisor.org\/wp-content\/uploads\/2023\/08\/7-autres-formules-pour-calculer-la-TVA-au-total.png\" sizes=\"auto, \" srcset=\"\" alt=\"Toplam KDV'yi hesaplamak i\u00e7in ba\u015fka bir form\u00fcl\" width=\"512\" height=\"280\"><\/figure><\/div><p> Bu form\u00fcl t\u0131pk\u0131 ilki gibi \u00e7al\u0131\u015f\u0131r ancak onun yerine y\u00fczdeyi kullan\u0131r\u0131z.<\/p><p> %100&#8217;\u00fc kullan\u0131rken ve vergi y\u00fczdesini (\u00f6rne\u011fin %10) eklerken bunu fatura tutar\u0131yla \u00e7arp\u0131n. Tutar\u0131 tam vergi y\u00fczdesiyle art\u0131r\u0131r ve vergiler dahil toplam tutar\u0131 al\u0131rs\u0131n\u0131z. <\/p><div class=\"gb-container gb-container-52dfcee1 gb-container-sample-file\"><h2 class=\"gb-headline gb-headline-e289c143 gb-headline-text gb-headline-4f7959c2\"> Excel dosyas\u0131n\u0131 al\u0131n<\/h2> <a class=\"gb-button gb-button-e88d6bee gb-button-text gb-button-button1\" href=\"https:\/\/exceladvisor.org\/wp-content\/uploads\/2023\/11\/calculer-la-TVA.xlsx\" rel=\"nofollow\">\u0130ndirmek<\/a><\/div><div class=\"gb-container gb-container-0df56012 gb-container-mt\"> <a class=\"gb-button gb-button-f9f432f4 gb-button-text gb-button-mt-button\" href=\"https:\/\/exceladvisor.org\/tr\/formuller\/\">Excel form\u00fcllerinin listesi<\/a><h2 class=\"gb-headline gb-headline-233444e8 gb-headline-text gb-headline-mt-heading\"> \u0130lgili form\u00fcller <\/h2><div class=\"gb-grid-wrapper gb-grid-wrapper-a16fa65c gb-grid-wrapper-mt-grid\"><div class=\"gb-grid-column gb-grid-column-50d07e0d\"><div class=\"gb-container gb-container-50d07e0d\"><ul><li> <a href=\"https:\/\/exceladvisor.org\/tr\/bilesik-faiz\/\">Excel&#8217;de bile\u015fik faizi hesaplay\u0131n<\/a><\/li><li> <a href=\"https:\/\/exceladvisor.org\/tr\/basit-ilgi\/\">Excel&#8217;de Basit Faizi Hesaplay\u0131n<\/a><\/li><li> <a href=\"https:\/\/exceladvisor.org\/tr\/kar-marji\/\">Br\u00fct kar (marj ve oran)<\/a><\/li><\/ul><\/div><\/div><\/div><\/div>","protected":false},"excerpt":{"rendered":"","protected":false},"author":1,"featured_media":0,"parent":0,"menu_order":0,"comment_status":"open","ping_status":"closed","template":"","meta":{"ub_ctt_via":"","footnotes":""},"class_list":["post-2197","page","type-page","status-publish","hentry"],"featured_image_src":null,"yoast_head":"<!-- This site is optimized with the Yoast SEO plugin v25.4 - https:\/\/yoast.com\/wordpress\/plugins\/seo\/ -->\n<title>\u25b7 Excel&#039;de KDV nas\u0131l hesaplan\u0131r? (E\u011fitim 2023)<\/title>\n<meta name=\"description\" content=\"Bu e\u011fitim size Excel&#039;de bir tutar\u0131n KDV&#039;sini hesaplamak i\u00e7in bir Excel form\u00fcl\u00fcn\u00fcn nas\u0131l yaz\u0131laca\u011f\u0131n\u0131 \u00f6\u011fretecektir. Bunu kontrol edelim\u2026\" \/>\n<meta name=\"robots\" content=\"index, follow, max-snippet:-1, max-image-preview:large, max-video-preview:-1\" \/>\n<link rel=\"canonical\" href=\"https:\/\/exceladvisor.org\/tr\/kdv\/\" \/>\n<meta property=\"og:locale\" content=\"tr_TR\" \/>\n<meta property=\"og:type\" content=\"article\" \/>\n<meta property=\"og:title\" content=\"\u25b7 Excel&#039;de KDV nas\u0131l hesaplan\u0131r? (E\u011fitim 2023)\" \/>\n<meta property=\"og:description\" content=\"Bu e\u011fitim size Excel&#039;de bir tutar\u0131n KDV&#039;sini hesaplamak i\u00e7in bir Excel form\u00fcl\u00fcn\u00fcn nas\u0131l yaz\u0131laca\u011f\u0131n\u0131 \u00f6\u011fretecektir. Bunu kontrol edelim\u2026\" \/>\n<meta property=\"og:url\" content=\"https:\/\/exceladvisor.org\/tr\/kdv\/\" \/>\n<meta property=\"og:site_name\" content=\"Excel Advisor\" \/>\n<meta property=\"article:modified_time\" content=\"2023-12-10T06:01:23+00:00\" \/>\n<meta property=\"og:image\" content=\"https:\/\/exceladvisor.org\/wp-content\/uploads\/2023\/08\/1-calculer-la-TVA.png\" \/>\n<meta name=\"twitter:card\" content=\"summary_large_image\" \/>\n<meta name=\"twitter:label1\" content=\"Tahmini okuma s\u00fcresi\" \/>\n\t<meta name=\"twitter:data1\" content=\"2 dakika\" \/>\n<script type=\"application\/ld+json\" class=\"yoast-schema-graph\">{\"@context\":\"https:\/\/schema.org\",\"@graph\":[{\"@type\":\"WebPage\",\"@id\":\"https:\/\/exceladvisor.org\/tr\/kdv\/\",\"url\":\"https:\/\/exceladvisor.org\/tr\/kdv\/\",\"name\":\"\u25b7 Excel&#39;de KDV nas\u0131l hesaplan\u0131r? (E\u011fitim 2023)\",\"isPartOf\":{\"@id\":\"https:\/\/exceladvisor.org\/tr\/#website\"},\"primaryImageOfPage\":{\"@id\":\"https:\/\/exceladvisor.org\/tr\/kdv\/#primaryimage\"},\"image\":{\"@id\":\"https:\/\/exceladvisor.org\/tr\/kdv\/#primaryimage\"},\"thumbnailUrl\":\"https:\/\/exceladvisor.org\/wp-content\/uploads\/2023\/08\/1-calculer-la-TVA.png\",\"datePublished\":\"2023-09-25T06:33:35+00:00\",\"dateModified\":\"2023-12-10T06:01:23+00:00\",\"description\":\"Bu e\u011fitim size Excel&#39;de bir tutar\u0131n KDV&#39;sini hesaplamak i\u00e7in bir Excel form\u00fcl\u00fcn\u00fcn nas\u0131l yaz\u0131laca\u011f\u0131n\u0131 \u00f6\u011fretecektir. Bunu kontrol edelim\u2026\",\"breadcrumb\":{\"@id\":\"https:\/\/exceladvisor.org\/tr\/kdv\/#breadcrumb\"},\"inLanguage\":\"tr\",\"potentialAction\":[{\"@type\":\"ReadAction\",\"target\":[\"https:\/\/exceladvisor.org\/tr\/kdv\/\"]}]},{\"@type\":\"ImageObject\",\"inLanguage\":\"tr\",\"@id\":\"https:\/\/exceladvisor.org\/tr\/kdv\/#primaryimage\",\"url\":\"https:\/\/exceladvisor.org\/wp-content\/uploads\/2023\/08\/1-calculer-la-TVA.png\",\"contentUrl\":\"https:\/\/exceladvisor.org\/wp-content\/uploads\/2023\/08\/1-calculer-la-TVA.png\"},{\"@type\":\"BreadcrumbList\",\"@id\":\"https:\/\/exceladvisor.org\/tr\/kdv\/#breadcrumb\",\"itemListElement\":[{\"@type\":\"ListItem\",\"position\":1,\"name\":\"Ev\",\"item\":\"https:\/\/exceladvisor.org\/tr\/\"},{\"@type\":\"ListItem\",\"position\":2,\"name\":\"Excel&#39;de kdv nas\u0131l hesaplan\u0131r?\"}]},{\"@type\":\"WebSite\",\"@id\":\"https:\/\/exceladvisor.org\/tr\/#website\",\"url\":\"https:\/\/exceladvisor.org\/tr\/\",\"name\":\"Excel Advisor\",\"description\":\"Veri hakimiyetine y\u00f6nelik nihai rehberiniz!\",\"publisher\":{\"@id\":\"https:\/\/exceladvisor.org\/tr\/#organization\"},\"potentialAction\":[{\"@type\":\"SearchAction\",\"target\":{\"@type\":\"EntryPoint\",\"urlTemplate\":\"https:\/\/exceladvisor.org\/tr\/?s={search_term_string}\"},\"query-input\":{\"@type\":\"PropertyValueSpecification\",\"valueRequired\":true,\"valueName\":\"search_term_string\"}}],\"inLanguage\":\"tr\"},{\"@type\":\"Organization\",\"@id\":\"https:\/\/exceladvisor.org\/tr\/#organization\",\"name\":\"Excel Advisor\",\"url\":\"https:\/\/exceladvisor.org\/tr\/\",\"logo\":{\"@type\":\"ImageObject\",\"inLanguage\":\"tr\",\"@id\":\"https:\/\/exceladvisor.org\/tr\/#\/schema\/logo\/image\/\",\"url\":\"https:\/\/exceladvisor.org\/tr\/wp-content\/uploads\/2023\/12\/exceladvisor.org_.png\",\"contentUrl\":\"https:\/\/exceladvisor.org\/tr\/wp-content\/uploads\/2023\/12\/exceladvisor.org_.png\",\"width\":105,\"height\":36,\"caption\":\"Excel Advisor\"},\"image\":{\"@id\":\"https:\/\/exceladvisor.org\/tr\/#\/schema\/logo\/image\/\"}}]}<\/script>\n<!-- \/ Yoast SEO plugin. -->","yoast_head_json":{"title":"\u25b7 Excel&#39;de KDV nas\u0131l hesaplan\u0131r? (E\u011fitim 2023)","description":"Bu e\u011fitim size Excel&#39;de bir tutar\u0131n KDV&#39;sini hesaplamak i\u00e7in bir Excel form\u00fcl\u00fcn\u00fcn nas\u0131l yaz\u0131laca\u011f\u0131n\u0131 \u00f6\u011fretecektir. Bunu kontrol edelim\u2026","robots":{"index":"index","follow":"follow","max-snippet":"max-snippet:-1","max-image-preview":"max-image-preview:large","max-video-preview":"max-video-preview:-1"},"canonical":"https:\/\/exceladvisor.org\/tr\/kdv\/","og_locale":"tr_TR","og_type":"article","og_title":"\u25b7 Excel&#39;de KDV nas\u0131l hesaplan\u0131r? (E\u011fitim 2023)","og_description":"Bu e\u011fitim size Excel&#39;de bir tutar\u0131n KDV&#39;sini hesaplamak i\u00e7in bir Excel form\u00fcl\u00fcn\u00fcn nas\u0131l yaz\u0131laca\u011f\u0131n\u0131 \u00f6\u011fretecektir. Bunu kontrol edelim\u2026","og_url":"https:\/\/exceladvisor.org\/tr\/kdv\/","og_site_name":"Excel Advisor","article_modified_time":"2023-12-10T06:01:23+00:00","og_image":[{"url":"https:\/\/exceladvisor.org\/wp-content\/uploads\/2023\/08\/1-calculer-la-TVA.png","type":"","width":"","height":""}],"twitter_card":"summary_large_image","twitter_misc":{"Tahmini okuma s\u00fcresi":"2 dakika"},"schema":{"@context":"https:\/\/schema.org","@graph":[{"@type":"WebPage","@id":"https:\/\/exceladvisor.org\/tr\/kdv\/","url":"https:\/\/exceladvisor.org\/tr\/kdv\/","name":"\u25b7 Excel&#39;de KDV nas\u0131l hesaplan\u0131r? (E\u011fitim 2023)","isPartOf":{"@id":"https:\/\/exceladvisor.org\/tr\/#website"},"primaryImageOfPage":{"@id":"https:\/\/exceladvisor.org\/tr\/kdv\/#primaryimage"},"image":{"@id":"https:\/\/exceladvisor.org\/tr\/kdv\/#primaryimage"},"thumbnailUrl":"https:\/\/exceladvisor.org\/wp-content\/uploads\/2023\/08\/1-calculer-la-TVA.png","datePublished":"2023-09-25T06:33:35+00:00","dateModified":"2023-12-10T06:01:23+00:00","description":"Bu e\u011fitim size Excel&#39;de bir tutar\u0131n KDV&#39;sini hesaplamak i\u00e7in bir Excel form\u00fcl\u00fcn\u00fcn nas\u0131l yaz\u0131laca\u011f\u0131n\u0131 \u00f6\u011fretecektir. Bunu kontrol edelim\u2026","breadcrumb":{"@id":"https:\/\/exceladvisor.org\/tr\/kdv\/#breadcrumb"},"inLanguage":"tr","potentialAction":[{"@type":"ReadAction","target":["https:\/\/exceladvisor.org\/tr\/kdv\/"]}]},{"@type":"ImageObject","inLanguage":"tr","@id":"https:\/\/exceladvisor.org\/tr\/kdv\/#primaryimage","url":"https:\/\/exceladvisor.org\/wp-content\/uploads\/2023\/08\/1-calculer-la-TVA.png","contentUrl":"https:\/\/exceladvisor.org\/wp-content\/uploads\/2023\/08\/1-calculer-la-TVA.png"},{"@type":"BreadcrumbList","@id":"https:\/\/exceladvisor.org\/tr\/kdv\/#breadcrumb","itemListElement":[{"@type":"ListItem","position":1,"name":"Ev","item":"https:\/\/exceladvisor.org\/tr\/"},{"@type":"ListItem","position":2,"name":"Excel&#39;de kdv nas\u0131l hesaplan\u0131r?"}]},{"@type":"WebSite","@id":"https:\/\/exceladvisor.org\/tr\/#website","url":"https:\/\/exceladvisor.org\/tr\/","name":"Excel Advisor","description":"Veri hakimiyetine y\u00f6nelik nihai rehberiniz!","publisher":{"@id":"https:\/\/exceladvisor.org\/tr\/#organization"},"potentialAction":[{"@type":"SearchAction","target":{"@type":"EntryPoint","urlTemplate":"https:\/\/exceladvisor.org\/tr\/?s={search_term_string}"},"query-input":{"@type":"PropertyValueSpecification","valueRequired":true,"valueName":"search_term_string"}}],"inLanguage":"tr"},{"@type":"Organization","@id":"https:\/\/exceladvisor.org\/tr\/#organization","name":"Excel Advisor","url":"https:\/\/exceladvisor.org\/tr\/","logo":{"@type":"ImageObject","inLanguage":"tr","@id":"https:\/\/exceladvisor.org\/tr\/#\/schema\/logo\/image\/","url":"https:\/\/exceladvisor.org\/tr\/wp-content\/uploads\/2023\/12\/exceladvisor.org_.png","contentUrl":"https:\/\/exceladvisor.org\/tr\/wp-content\/uploads\/2023\/12\/exceladvisor.org_.png","width":105,"height":36,"caption":"Excel Advisor"},"image":{"@id":"https:\/\/exceladvisor.org\/tr\/#\/schema\/logo\/image\/"}}]}},"yoast_meta":{"yoast_wpseo_title":"","yoast_wpseo_metadesc":"","yoast_wpseo_canonical":""},"_links":{"self":[{"href":"https:\/\/exceladvisor.org\/tr\/wp-json\/wp\/v2\/pages\/2197","targetHints":{"allow":["GET"]}}],"collection":[{"href":"https:\/\/exceladvisor.org\/tr\/wp-json\/wp\/v2\/pages"}],"about":[{"href":"https:\/\/exceladvisor.org\/tr\/wp-json\/wp\/v2\/types\/page"}],"author":[{"embeddable":true,"href":"https:\/\/exceladvisor.org\/tr\/wp-json\/wp\/v2\/users\/1"}],"replies":[{"embeddable":true,"href":"https:\/\/exceladvisor.org\/tr\/wp-json\/wp\/v2\/comments?post=2197"}],"version-history":[{"count":1,"href":"https:\/\/exceladvisor.org\/tr\/wp-json\/wp\/v2\/pages\/2197\/revisions"}],"predecessor-version":[{"id":2513,"href":"https:\/\/exceladvisor.org\/tr\/wp-json\/wp\/v2\/pages\/2197\/revisions\/2513"}],"wp:attachment":[{"href":"https:\/\/exceladvisor.org\/tr\/wp-json\/wp\/v2\/media?parent=2197"}],"curies":[{"name":"wp","href":"https:\/\/api.w.org\/{rel}","templated":true}]}}