{"id":2198,"date":"2023-09-25T06:25:20","date_gmt":"2023-09-25T06:25:20","guid":{"rendered":"https:\/\/exceladvisor.org\/tr\/otomatik-ayar\/"},"modified":"2023-12-10T06:04:34","modified_gmt":"2023-12-10T06:04:34","slug":"otomatik-ayar","status":"publish","type":"page","link":"https:\/\/exceladvisor.org\/tr\/otomatik-ayar\/","title":{"rendered":"Metni bir excel form\u00fcl\u00fc arac\u0131l\u0131\u011f\u0131yla otomatik olarak nas\u0131l ayarlayabilirim?"},"content":{"rendered":"<div class=\"excel-icerikten-once\" id=\"excel-1366468357\"><script type=\"text\/javascript\">\r\n\tatOptions = {\r\n\t\t'key' : 'c1158f160081d6540a8409e6925dab94',\r\n\t\t'format' : 'iframe',\r\n\t\t'height' : 250,\r\n\t\t'width' : 300,\r\n\t\t'params' : {}\r\n\t};\r\n<\/script>\r\n<script type=\"text\/javascript\" src=\"\/\/www.highperformanceformat.com\/c1158f160081d6540a8409e6925dab94\/invoke.js\"><\/script><\/div> <p>Excel&#8217;de Otomatik S\u0131\u011fd\u0131r i\u015flevi, h\u00fccrelerdeki de\u011ferin boyutuna g\u00f6re sat\u0131r y\u00fcksekli\u011fini ve h\u00fccre geni\u015fli\u011fini yeniden boyutland\u0131rmak i\u00e7in kullan\u0131l\u0131r.<\/p><p> Bildi\u011finiz gibi Excel&#8217;de varsay\u0131lan olarak sat\u0131r y\u00fcksekli\u011fi ve h\u00fccre geni\u015fli\u011fi vard\u0131r ve kullan\u0131c\u0131 uzunlu\u011fu h\u00fccre geni\u015fli\u011finden b\u00fcy\u00fck bir de\u011fer girdi\u011finde, de\u011fer h\u00fccrelerin d\u0131\u015f\u0131na ta\u015far ve bu de\u011fere ba\u011fl\u0131 olarak h\u00fccreleri yeniden boyutland\u0131rmak i\u00e7in AutoFit&#8217;i kullanabiliriz.<\/p><p> A\u015fa\u011f\u0131daki g\u00f6rselde girilen de\u011ferlerin uzunlu\u011funun varsay\u0131lan h\u00fccre boyutundan daha fazla oldu\u011funu ve bu nedenle de\u011ferlerin h\u00fccrelere da\u011f\u0131ld\u0131\u011f\u0131n\u0131 g\u00f6rebilirsiniz. <\/p><div class=\"wp-block-image\"><figure class=\"aligncenter size-full is-resized\"><img loading=\"lazy\" decoding=\"async\" class=\"wp-image-67515\" src=\"https:\/\/exceladvisor.org\/wp-content\/uploads\/2023\/08\/1-valeurs-debordees.png\" sizes=\"auto, \" srcset=\"\" alt=\"de\u011ferlerin ta\u015fmas\u0131\" width=\"327\" height=\"225\"><\/figure><\/div><h2 class=\"wp-block-heading\"> Excel&#8217;de Otomatik S\u0131\u011fd\u0131r&#8217;\u0131 kullanmak i\u00e7in klavye k\u0131sayolu <\/h2><div class=\"wp-block-image\"><figure class=\"aligncenter size-full is-resized\"><img loading=\"lazy\" decoding=\"async\" class=\"wp-image-67516\" src=\"https:\/\/exceladvisor.org\/wp-content\/uploads\/2023\/08\/2-raccourcis-clavier-pour-ajuster-automatiquement-la-largeur-des-cellules.png\" sizes=\"auto, \" srcset=\"\" alt=\"h\u00fccre geni\u015fli\u011fini otomatik olarak ayarlamak i\u00e7in klavye k\u0131sayolu\" width=\"821\" height=\"322\"><\/figure><\/div><p> <strong>H\u00fccre (s\u00fctun) geni\u015fli\u011fini otomatik ayarlama:<\/strong> Alt \u2192 H \u2192 O \u2192 I <\/p><div class=\"wp-block-image\"><figure class=\"aligncenter size-full is-resized\"><img loading=\"lazy\" decoding=\"async\" class=\"wp-image-67517\" src=\"https:\/\/exceladvisor.org\/wp-content\/uploads\/2023\/08\/3-raccourci-pour-ajuster-automatiquement-la-hauteur-de-ligne.png\" sizes=\"auto, \" srcset=\"\" alt=\"sat\u0131r y\u00fcksekli\u011fini otomatik ayarlama k\u0131sayolu\" width=\"804\" height=\"315\"><\/figure><\/div><p> <strong>Sat\u0131r y\u00fcksekli\u011fini (sat\u0131rlar) otomatik olarak ayarlay\u0131n:<\/strong> Alt \u2192 H \u2192 O \u2192 A<\/p><h2 class=\"wp-block-heading\"> Klavye K\u0131sayolunu Kullanarak H\u00fccre Geni\u015fli\u011fini Otomatik S\u0131\u011fd\u0131r&#8217;\u0131 Kullanma Ad\u0131mlar\u0131<\/h2><ol><li> \u00d6ncelikle \u201cCtrl + Ara \u00c7ubu\u011fu\u201d tu\u015flar\u0131n\u0131 kullanarak tek tek h\u00fccreyi veya s\u00fctunun tamam\u0131n\u0131 se\u00e7in. <br><img loading=\"lazy\" decoding=\"async\" title=\"4-se\u00e7im s\u00fctunu\" src=\"https:\/\/exceladvisor.org\/wp-content\/uploads\/2023\/08\/4-selectionner-la-colonne.png\" sizes=\"auto, \" srcset=\"\" alt=\"select-the-column\" width=\"334\" height=\"229\"><\/li><li> \u015eimdi sadece \u201cAlt \u2192 H \u2192 O \u2192 I\u201d tu\u015funa bas\u0131n; h\u00fccrelerinizin geni\u015fli\u011fi, s\u00fctundaki en b\u00fcy\u00fck h\u00fccre de\u011ferine g\u00f6re geni\u015fletilecektir. <br><img decoding=\"async\" title=\"Otomatik ayarlamadan sonra 5 h\u00fccre\" src=\"https:\/\/exceladvisor.org\/wp-content\/uploads\/2023\/08\/5-cellules-apres-ajustement-automatique.png\" sizes=\"\" srcset=\"\" alt=\"cells-after-autofit\"><\/li><\/ol><h2 class=\"wp-block-heading\"> Klavye K\u0131sayolunu Kullanarak Sat\u0131r Y\u00fcksekli\u011fini Otomatik S\u0131\u011fd\u0131r&#8217;\u0131 Kullanma Ad\u0131mlar\u0131<\/h2><p> Bir s\u00fctunda sarma metninde de\u011ferlerin bulundu\u011fu ve baz\u0131lar\u0131n\u0131n verilerin sat\u0131r y\u00fcksekli\u011finin ayn\u0131 olmamas\u0131 nedeniyle olmad\u0131\u011f\u0131 ve sat\u0131rlar ve Otomatik S\u0131\u011fd\u0131r s\u00fctunlar\u0131 olu\u015fturmak i\u00e7in yap\u0131land\u0131r\u0131lmam\u0131\u015f verileriniz oldu\u011funu varsayal\u0131m, a\u015fa\u011f\u0131daki ad\u0131mlar\u0131 izleyin: <\/p><div class=\"wp-block-image\"><figure class=\"aligncenter size-full is-resized\"><img loading=\"lazy\" decoding=\"async\" class=\"wp-image-67520\" src=\"https:\/\/exceladvisor.org\/wp-content\/uploads\/2023\/08\/6-donnees-non-structurees-dans-les-cellules.png\" sizes=\"auto, \" srcset=\"\" alt=\"h\u00fccrelerdeki yap\u0131land\u0131r\u0131lmam\u0131\u015f veri\" width=\"285\" height=\"306\"><\/figure><\/div><ol><li> \u00d6ncelikle s\u00fctunu se\u00e7in ve s\u00fctun geni\u015fli\u011fini t\u00fcm de\u011ferlerin kapsanabilece\u011fi bir d\u00fczeye kadar manuel olarak geni\u015fletin. <br><img loading=\"lazy\" decoding=\"async\" title=\"7-s\u00fctun geni\u015fli\u011fini geni\u015flet\" src=\"https:\/\/exceladvisor.org\/wp-content\/uploads\/2023\/08\/7-augmenter-la-largeur-de-la-colonne.png\" sizes=\"auto, \" srcset=\"\" alt=\"expand-the-column-width\" width=\"382\" height=\"241\"><\/li><li> Bundan sonra \u201cAlt \u2192 H \u2192 O \u2192 A\u201d tu\u015flar\u0131na bast\u0131\u011f\u0131n\u0131zda ayarlanan sat\u0131r y\u00fcksekli\u011fini elde edersiniz. <br><img loading=\"lazy\" decoding=\"async\" title=\"8 s\u0131ral\u0131 y\u00fcksekli\u011fi otomatik s\u0131\u011fd\u0131rarak ayarlanan\" src=\"https:\/\/exceladvisor.org\/wp-content\/uploads\/2023\/08\/8-rangees-hauteur-ajustee-par-autofit.png\" sizes=\"auto, \" srcset=\"\" alt=\"rows-height-adjusted-by-autofit\" width=\"431\" height=\"223\"><\/li><\/ol><p> Yukar\u0131daki durumda, h\u00fccre geni\u015fli\u011fini otomatik olarak ayarlamak i\u00e7in Otomatik S\u0131\u011fd\u0131r h\u00fccre k\u0131sayolunu kullan\u0131rsan\u0131z, otomatik s\u0131\u011fd\u0131rma sar\u0131lm\u0131\u015f metin h\u00fccrelerinde \u00e7al\u0131\u015fmad\u0131\u011f\u0131ndan d\u00fczg\u00fcn \u00e7al\u0131\u015fmaz.<\/p><p> Sar\u0131lm\u0131\u015f herhangi bir metin h\u00fccresinde daha b\u00fcy\u00fck bir de\u011fere sahip olma olas\u0131l\u0131\u011f\u0131 olabilir; bu nedenle, s\u00fctunu manuel olarak geni\u015fletmeniz ve ard\u0131ndan sat\u0131r y\u00fcksekli\u011fini Otomatik S\u0131\u011fd\u0131r k\u0131sayolunu kullanman\u0131z \u00f6nerilir.<\/p><div class=\"gb-container gb-container-2116538e gb-container-mt\"> <a class=\"gb-button gb-button-f7d2c131 gb-button-text gb-button-mt-button\" href=\"https:\/\/exceladvisor.org\/tr\/klavye-kisayollari\/\">Excel&#8217;in klavye k\u0131sayollar\u0131<\/a><h2 class=\"gb-headline gb-headline-7ed68554 gb-headline-text gb-headline-mt-heading\"> Daha fazla k\u0131sayol <\/h2><div class=\"gb-grid-wrapper gb-grid-wrapper-edeef538 gb-grid-wrapper-mt-grid\"><div class=\"gb-grid-column gb-grid-column-6ab6fbc6\"><div class=\"gb-container gb-container-6ab6fbc6\"><ul><li> <a href=\"https:\/\/exceladvisor.org\/tr\/acik-formatli-hucre-secenekleri\/\">Bi\u00e7im h\u00fccrelerini a\u00e7ma se\u00e7ene\u011fi<\/a><\/li><li> <a href=\"https:\/\/exceladvisor.org\/tr\/ressam-formati-1\/\">Ressam format\u0131<\/a><\/li><li> <a href=\"https:\/\/exceladvisor.org\/tr\/metni-sar\/\">Metni kayd\u0131r<\/a><\/li><li> <a href=\"https:\/\/exceladvisor.org\/tr\/yorum-ekle\/\">Yorum ekle<\/a> <\/li><\/ul><\/div><\/div><div class=\"gb-grid-column gb-grid-column-766d598b\"><div class=\"gb-container gb-container-766d598b\"><ul><li> <a href=\"https:\/\/exceladvisor.org\/tr\/girinti-ekle\/\">Girinti ekle<\/a><\/li><li> <a href=\"https:\/\/exceladvisor.org\/tr\/sinirlari-uygula\/\">Kenarl\u0131k uygula<\/a><\/li><li> <a href=\"https:\/\/exceladvisor.org\/tr\/dolgu-rengi\/\">Rengi doldur<\/a><\/li><\/ul><\/div><\/div><\/div><\/div>","protected":false},"excerpt":{"rendered":"","protected":false},"author":1,"featured_media":0,"parent":0,"menu_order":0,"comment_status":"open","ping_status":"closed","template":"","meta":{"ub_ctt_via":"","footnotes":""},"class_list":["post-2198","page","type-page","status-publish","hentry"],"featured_image_src":null,"yoast_head":"<!-- This site is optimized with the Yoast SEO plugin v25.4 - https:\/\/yoast.com\/wordpress\/plugins\/seo\/ -->\n<title>Metni bir Excel form\u00fcl\u00fc arac\u0131l\u0131\u011f\u0131yla otomatik olarak nas\u0131l ayarlayabilirim?<\/title>\n<meta name=\"description\" content=\"Bu derste, Excel&#039;deki sat\u0131rlar\u0131 ve s\u00fctunlar\u0131 otomatik olarak s\u0131\u011fd\u0131rmak i\u00e7in klavye k\u0131sayolunun nas\u0131l kullan\u0131laca\u011f\u0131n\u0131 \u00f6\u011frenece\u011fiz.\" \/>\n<meta name=\"robots\" content=\"index, follow, max-snippet:-1, max-image-preview:large, max-video-preview:-1\" \/>\n<link rel=\"canonical\" href=\"https:\/\/exceladvisor.org\/tr\/otomatik-ayar\/\" \/>\n<meta property=\"og:locale\" content=\"tr_TR\" \/>\n<meta property=\"og:type\" content=\"article\" \/>\n<meta property=\"og:title\" content=\"Metni bir Excel form\u00fcl\u00fc arac\u0131l\u0131\u011f\u0131yla otomatik olarak nas\u0131l ayarlayabilirim?\" \/>\n<meta property=\"og:description\" content=\"Bu derste, Excel&#039;deki sat\u0131rlar\u0131 ve s\u00fctunlar\u0131 otomatik olarak s\u0131\u011fd\u0131rmak i\u00e7in klavye k\u0131sayolunun nas\u0131l kullan\u0131laca\u011f\u0131n\u0131 \u00f6\u011frenece\u011fiz.\" \/>\n<meta property=\"og:url\" content=\"https:\/\/exceladvisor.org\/tr\/otomatik-ayar\/\" \/>\n<meta property=\"og:site_name\" content=\"Excel Advisor\" \/>\n<meta property=\"article:modified_time\" content=\"2023-12-10T06:04:34+00:00\" \/>\n<meta property=\"og:image\" content=\"https:\/\/exceladvisor.org\/wp-content\/uploads\/2023\/08\/1-valeurs-debordees.png\" \/>\n<meta name=\"twitter:card\" content=\"summary_large_image\" \/>\n<meta name=\"twitter:label1\" content=\"Tahmini okuma s\u00fcresi\" \/>\n\t<meta name=\"twitter:data1\" content=\"2 dakika\" \/>\n<script type=\"application\/ld+json\" class=\"yoast-schema-graph\">{\"@context\":\"https:\/\/schema.org\",\"@graph\":[{\"@type\":\"WebPage\",\"@id\":\"https:\/\/exceladvisor.org\/tr\/otomatik-ayar\/\",\"url\":\"https:\/\/exceladvisor.org\/tr\/otomatik-ayar\/\",\"name\":\"Metni bir Excel form\u00fcl\u00fc arac\u0131l\u0131\u011f\u0131yla otomatik olarak nas\u0131l ayarlayabilirim?\",\"isPartOf\":{\"@id\":\"https:\/\/exceladvisor.org\/tr\/#website\"},\"primaryImageOfPage\":{\"@id\":\"https:\/\/exceladvisor.org\/tr\/otomatik-ayar\/#primaryimage\"},\"image\":{\"@id\":\"https:\/\/exceladvisor.org\/tr\/otomatik-ayar\/#primaryimage\"},\"thumbnailUrl\":\"https:\/\/exceladvisor.org\/wp-content\/uploads\/2023\/08\/1-valeurs-debordees.png\",\"datePublished\":\"2023-09-25T06:25:20+00:00\",\"dateModified\":\"2023-12-10T06:04:34+00:00\",\"description\":\"Bu derste, Excel&#39;deki sat\u0131rlar\u0131 ve s\u00fctunlar\u0131 otomatik olarak s\u0131\u011fd\u0131rmak i\u00e7in klavye k\u0131sayolunun nas\u0131l kullan\u0131laca\u011f\u0131n\u0131 \u00f6\u011frenece\u011fiz.\",\"breadcrumb\":{\"@id\":\"https:\/\/exceladvisor.org\/tr\/otomatik-ayar\/#breadcrumb\"},\"inLanguage\":\"tr\",\"potentialAction\":[{\"@type\":\"ReadAction\",\"target\":[\"https:\/\/exceladvisor.org\/tr\/otomatik-ayar\/\"]}]},{\"@type\":\"ImageObject\",\"inLanguage\":\"tr\",\"@id\":\"https:\/\/exceladvisor.org\/tr\/otomatik-ayar\/#primaryimage\",\"url\":\"https:\/\/exceladvisor.org\/wp-content\/uploads\/2023\/08\/1-valeurs-debordees.png\",\"contentUrl\":\"https:\/\/exceladvisor.org\/wp-content\/uploads\/2023\/08\/1-valeurs-debordees.png\"},{\"@type\":\"BreadcrumbList\",\"@id\":\"https:\/\/exceladvisor.org\/tr\/otomatik-ayar\/#breadcrumb\",\"itemListElement\":[{\"@type\":\"ListItem\",\"position\":1,\"name\":\"Ev\",\"item\":\"https:\/\/exceladvisor.org\/tr\/\"},{\"@type\":\"ListItem\",\"position\":2,\"name\":\"Metni bir excel form\u00fcl\u00fc arac\u0131l\u0131\u011f\u0131yla otomatik olarak nas\u0131l ayarlayabilirim?\"}]},{\"@type\":\"WebSite\",\"@id\":\"https:\/\/exceladvisor.org\/tr\/#website\",\"url\":\"https:\/\/exceladvisor.org\/tr\/\",\"name\":\"Excel Advisor\",\"description\":\"Veri hakimiyetine y\u00f6nelik nihai rehberiniz!\",\"publisher\":{\"@id\":\"https:\/\/exceladvisor.org\/tr\/#organization\"},\"potentialAction\":[{\"@type\":\"SearchAction\",\"target\":{\"@type\":\"EntryPoint\",\"urlTemplate\":\"https:\/\/exceladvisor.org\/tr\/?s={search_term_string}\"},\"query-input\":{\"@type\":\"PropertyValueSpecification\",\"valueRequired\":true,\"valueName\":\"search_term_string\"}}],\"inLanguage\":\"tr\"},{\"@type\":\"Organization\",\"@id\":\"https:\/\/exceladvisor.org\/tr\/#organization\",\"name\":\"Excel Advisor\",\"url\":\"https:\/\/exceladvisor.org\/tr\/\",\"logo\":{\"@type\":\"ImageObject\",\"inLanguage\":\"tr\",\"@id\":\"https:\/\/exceladvisor.org\/tr\/#\/schema\/logo\/image\/\",\"url\":\"https:\/\/exceladvisor.org\/tr\/wp-content\/uploads\/2023\/12\/exceladvisor.org_.png\",\"contentUrl\":\"https:\/\/exceladvisor.org\/tr\/wp-content\/uploads\/2023\/12\/exceladvisor.org_.png\",\"width\":105,\"height\":36,\"caption\":\"Excel Advisor\"},\"image\":{\"@id\":\"https:\/\/exceladvisor.org\/tr\/#\/schema\/logo\/image\/\"}}]}<\/script>\n<!-- \/ Yoast SEO plugin. -->","yoast_head_json":{"title":"Metni bir Excel form\u00fcl\u00fc arac\u0131l\u0131\u011f\u0131yla otomatik olarak nas\u0131l ayarlayabilirim?","description":"Bu derste, Excel&#39;deki sat\u0131rlar\u0131 ve s\u00fctunlar\u0131 otomatik olarak s\u0131\u011fd\u0131rmak i\u00e7in klavye k\u0131sayolunun nas\u0131l kullan\u0131laca\u011f\u0131n\u0131 \u00f6\u011frenece\u011fiz.","robots":{"index":"index","follow":"follow","max-snippet":"max-snippet:-1","max-image-preview":"max-image-preview:large","max-video-preview":"max-video-preview:-1"},"canonical":"https:\/\/exceladvisor.org\/tr\/otomatik-ayar\/","og_locale":"tr_TR","og_type":"article","og_title":"Metni bir Excel form\u00fcl\u00fc arac\u0131l\u0131\u011f\u0131yla otomatik olarak nas\u0131l ayarlayabilirim?","og_description":"Bu derste, Excel&#39;deki sat\u0131rlar\u0131 ve s\u00fctunlar\u0131 otomatik olarak s\u0131\u011fd\u0131rmak i\u00e7in klavye k\u0131sayolunun nas\u0131l kullan\u0131laca\u011f\u0131n\u0131 \u00f6\u011frenece\u011fiz.","og_url":"https:\/\/exceladvisor.org\/tr\/otomatik-ayar\/","og_site_name":"Excel Advisor","article_modified_time":"2023-12-10T06:04:34+00:00","og_image":[{"url":"https:\/\/exceladvisor.org\/wp-content\/uploads\/2023\/08\/1-valeurs-debordees.png","type":"","width":"","height":""}],"twitter_card":"summary_large_image","twitter_misc":{"Tahmini okuma s\u00fcresi":"2 dakika"},"schema":{"@context":"https:\/\/schema.org","@graph":[{"@type":"WebPage","@id":"https:\/\/exceladvisor.org\/tr\/otomatik-ayar\/","url":"https:\/\/exceladvisor.org\/tr\/otomatik-ayar\/","name":"Metni bir Excel form\u00fcl\u00fc arac\u0131l\u0131\u011f\u0131yla otomatik olarak nas\u0131l ayarlayabilirim?","isPartOf":{"@id":"https:\/\/exceladvisor.org\/tr\/#website"},"primaryImageOfPage":{"@id":"https:\/\/exceladvisor.org\/tr\/otomatik-ayar\/#primaryimage"},"image":{"@id":"https:\/\/exceladvisor.org\/tr\/otomatik-ayar\/#primaryimage"},"thumbnailUrl":"https:\/\/exceladvisor.org\/wp-content\/uploads\/2023\/08\/1-valeurs-debordees.png","datePublished":"2023-09-25T06:25:20+00:00","dateModified":"2023-12-10T06:04:34+00:00","description":"Bu derste, Excel&#39;deki sat\u0131rlar\u0131 ve s\u00fctunlar\u0131 otomatik olarak s\u0131\u011fd\u0131rmak i\u00e7in klavye k\u0131sayolunun nas\u0131l kullan\u0131laca\u011f\u0131n\u0131 \u00f6\u011frenece\u011fiz.","breadcrumb":{"@id":"https:\/\/exceladvisor.org\/tr\/otomatik-ayar\/#breadcrumb"},"inLanguage":"tr","potentialAction":[{"@type":"ReadAction","target":["https:\/\/exceladvisor.org\/tr\/otomatik-ayar\/"]}]},{"@type":"ImageObject","inLanguage":"tr","@id":"https:\/\/exceladvisor.org\/tr\/otomatik-ayar\/#primaryimage","url":"https:\/\/exceladvisor.org\/wp-content\/uploads\/2023\/08\/1-valeurs-debordees.png","contentUrl":"https:\/\/exceladvisor.org\/wp-content\/uploads\/2023\/08\/1-valeurs-debordees.png"},{"@type":"BreadcrumbList","@id":"https:\/\/exceladvisor.org\/tr\/otomatik-ayar\/#breadcrumb","itemListElement":[{"@type":"ListItem","position":1,"name":"Ev","item":"https:\/\/exceladvisor.org\/tr\/"},{"@type":"ListItem","position":2,"name":"Metni bir excel form\u00fcl\u00fc arac\u0131l\u0131\u011f\u0131yla otomatik olarak nas\u0131l ayarlayabilirim?"}]},{"@type":"WebSite","@id":"https:\/\/exceladvisor.org\/tr\/#website","url":"https:\/\/exceladvisor.org\/tr\/","name":"Excel Advisor","description":"Veri hakimiyetine y\u00f6nelik nihai rehberiniz!","publisher":{"@id":"https:\/\/exceladvisor.org\/tr\/#organization"},"potentialAction":[{"@type":"SearchAction","target":{"@type":"EntryPoint","urlTemplate":"https:\/\/exceladvisor.org\/tr\/?s={search_term_string}"},"query-input":{"@type":"PropertyValueSpecification","valueRequired":true,"valueName":"search_term_string"}}],"inLanguage":"tr"},{"@type":"Organization","@id":"https:\/\/exceladvisor.org\/tr\/#organization","name":"Excel Advisor","url":"https:\/\/exceladvisor.org\/tr\/","logo":{"@type":"ImageObject","inLanguage":"tr","@id":"https:\/\/exceladvisor.org\/tr\/#\/schema\/logo\/image\/","url":"https:\/\/exceladvisor.org\/tr\/wp-content\/uploads\/2023\/12\/exceladvisor.org_.png","contentUrl":"https:\/\/exceladvisor.org\/tr\/wp-content\/uploads\/2023\/12\/exceladvisor.org_.png","width":105,"height":36,"caption":"Excel Advisor"},"image":{"@id":"https:\/\/exceladvisor.org\/tr\/#\/schema\/logo\/image\/"}}]}},"yoast_meta":{"yoast_wpseo_title":"","yoast_wpseo_metadesc":"","yoast_wpseo_canonical":""},"_links":{"self":[{"href":"https:\/\/exceladvisor.org\/tr\/wp-json\/wp\/v2\/pages\/2198","targetHints":{"allow":["GET"]}}],"collection":[{"href":"https:\/\/exceladvisor.org\/tr\/wp-json\/wp\/v2\/pages"}],"about":[{"href":"https:\/\/exceladvisor.org\/tr\/wp-json\/wp\/v2\/types\/page"}],"author":[{"embeddable":true,"href":"https:\/\/exceladvisor.org\/tr\/wp-json\/wp\/v2\/users\/1"}],"replies":[{"embeddable":true,"href":"https:\/\/exceladvisor.org\/tr\/wp-json\/wp\/v2\/comments?post=2198"}],"version-history":[{"count":1,"href":"https:\/\/exceladvisor.org\/tr\/wp-json\/wp\/v2\/pages\/2198\/revisions"}],"predecessor-version":[{"id":2741,"href":"https:\/\/exceladvisor.org\/tr\/wp-json\/wp\/v2\/pages\/2198\/revisions\/2741"}],"wp:attachment":[{"href":"https:\/\/exceladvisor.org\/tr\/wp-json\/wp\/v2\/media?parent=2198"}],"curies":[{"name":"wp","href":"https:\/\/api.w.org\/{rel}","templated":true}]}}