{"id":2199,"date":"2023-09-25T05:50:34","date_gmt":"2023-09-25T05:50:34","guid":{"rendered":"https:\/\/exceladvisor.org\/tr\/yeni-bir-sayfa-ekle\/"},"modified":"2023-12-10T05:59:57","modified_gmt":"2023-12-10T05:59:57","slug":"yeni-bir-sayfa-ekle","status":"publish","type":"page","link":"https:\/\/exceladvisor.org\/tr\/yeni-bir-sayfa-ekle\/","title":{"rendered":"Excel k\u0131sayoluyla yeni bir sayfa nas\u0131l eklenir?"},"content":{"rendered":"<div class=\"excel-icerikten-once\" id=\"excel-3553237675\"><script type=\"text\/javascript\">\r\n\tatOptions = {\r\n\t\t'key' : 'c1158f160081d6540a8409e6925dab94',\r\n\t\t'format' : 'iframe',\r\n\t\t'height' : 250,\r\n\t\t'width' : 300,\r\n\t\t'params' : {}\r\n\t};\r\n<\/script>\r\n<script type=\"text\/javascript\" src=\"\/\/www.highperformanceformat.com\/c1158f160081d6540a8409e6925dab94\/invoke.js\"><\/script><\/div> <p>Excel&#8217;de yeni \u00e7al\u0131\u015fma kitab\u0131n\u0131 a\u00e7t\u0131\u011f\u0131m\u0131zda, Excel&#8217;in eski s\u00fcr\u00fcmlerinde (2013 ve 2016) her zaman \u00fc\u00e7 \u00e7al\u0131\u015fma sayfas\u0131, Excel 2019 ve di\u011fer son s\u00fcr\u00fcmlerinde ise yaln\u0131zca bir sayfa buluyoruz.<\/p><p> \u00c7o\u011fu zaman t\u00fcm ek veri de\u011ferlerini, kontrol tablolar\u0131n\u0131 vb. yakalamak i\u00e7in mevcut \u00e7al\u0131\u015fma kitab\u0131na yeni bir \u00e7al\u0131\u015fma sayfas\u0131 eklememiz gerekir.<\/p><p> Bunun i\u00e7in yeni bir sayfa eklemek i\u00e7in klavye k\u0131sayolunu kullanabiliriz ve mevcut\/se\u00e7ilen sayfan\u0131n soluna her zaman yeni bir sayfa eklenecektir.<\/p><h2 class=\"wp-block-heading\"> Excel&#8217;de yeni bir sayfa eklemek i\u00e7in klavye k\u0131sayolu<\/h2><p> Size uygun olan\u0131 se\u00e7ebilmeniz i\u00e7in a\u015fa\u011f\u0131da iki klavye k\u0131sayolu tan\u0131mlad\u0131k.<\/p><p> <kbd>\u00dcst Karakter<\/kbd> + <kbd>F11<\/kbd> <\/p><div class=\"wp-block-image\"><figure class=\"aligncenter size-full is-resized\"><img loading=\"lazy\" decoding=\"async\" class=\"wp-image-67500\" src=\"https:\/\/exceladvisor.org\/wp-content\/uploads\/2023\/08\/1-raccourci-pour-ajouter-une-nouvelle-feuille.png\" sizes=\"auto, \" srcset=\"\" alt=\"yeni bir sayfa ekleme k\u0131sayolu\" width=\"900\" height=\"353\"><\/figure><\/div><p> <kbd>Alt<\/kbd> + <kbd>\u00dcst Karakter<\/kbd> + <kbd>F1<\/kbd> <\/p><div class=\"wp-block-image\"><figure class=\"aligncenter size-full is-resized\"><img loading=\"lazy\" decoding=\"async\" class=\"wp-image-67501\" src=\"https:\/\/exceladvisor.org\/wp-content\/uploads\/2023\/08\/2-touches-de-raccourci-pour-ajouter-une-nouvelle-feuille.png\" sizes=\"auto, \" srcset=\"\" alt=\"yeni-sayfa-eklemek i\u00e7in k\u0131sayol tu\u015flar\u0131\" width=\"898\" height=\"352\"><\/figure><\/div><h2 class=\"wp-block-heading\"> Klavye K\u0131sayolu Kullanarak Sat\u0131r Ekleme Ad\u0131mlar\u0131<\/h2><ol><li> \u0130lk \u00f6nce \u00e7al\u0131\u015fma kitab\u0131n\u0131 a\u00e7\u0131n.<\/li><li> \u015eimdi <a href=\"https:\/\/exceladvisor.org\/tr\/eklemek\/\">yeni bir sayfa eklemek<\/a> istedi\u011finiz soldaki sayfaya gidin.<\/li><li> Bundan sonra <kbd>Shift<\/kbd> + <kbd>F11<\/kbd> klavye k\u0131sayol tu\u015flar\u0131na basman\u0131z yeterlidir.<\/li><li> Veya <kbd>Alt<\/kbd> + <kbd>Shift<\/kbd> + <kbd>F1<\/kbd> tu\u015flar\u0131n\u0131 da kullanabilirsiniz ve yeni sayfan\u0131n eklenmesini sa\u011flayabilirsiniz. <\/li><\/ol><div class=\"wp-block-group more-tutorials is-layout-flow\"><div class=\"wp-block-group__inner-container\"><h2 class=\"wp-block-heading\"> Daha fazla e\u011fitim <\/h2><div class=\"wp-block-columns is-layout-flex wp-container-71\"><div class=\"wp-block-column is-layout-flow\"><ul><li> <a href=\"https:\/\/exceladvisor.org\/tr\/bir-sayfayi-sil\/\">Sayfay\u0131 sil<\/a><\/li><li> <a href=\"https:\/\/exceladvisor.org\/tr\/bul-degistir-1\/\">Bul ve De\u011fi\u015ftir<\/a><\/li><li> <a href=\"https:\/\/exceladvisor.org\/tr\/yaklastir-uzaklastir\/\">Yakla\u015ft\u0131r, uzakla\u015ft\u0131r<\/a><\/li><li> <a href=\"https:\/\/exceladvisor.org\/tr\/deklansoru-dondur\/\">Tavay\u0131 dondurun<\/a><\/li><li> <a href=\"https:\/\/exceladvisor.org\/tr\/kopru-2\/\">K\u00f6pr\u00fc<\/a><\/li><\/ul><\/div><div class=\"wp-block-column is-layout-flow\"><\/div><\/div><p> \u21e0 <a href=\"https:\/\/exceladvisor.org\/tr\/klavye-kisayollari\/\">Excel k\u0131sayollar\u0131na geri d\u00f6n\u00fcn (PDF kopya sayfas\u0131)<\/a><\/p><\/div><\/div>","protected":false},"excerpt":{"rendered":"","protected":false},"author":1,"featured_media":0,"parent":0,"menu_order":0,"comment_status":"open","ping_status":"closed","template":"","meta":{"ub_ctt_via":"","footnotes":""},"class_list":["post-2199","page","type-page","status-publish","hentry"],"featured_image_src":null,"yoast_head":"<!-- This site is optimized with the Yoast SEO plugin v25.4 - https:\/\/yoast.com\/wordpress\/plugins\/seo\/ -->\n<title>Excel k\u0131sayoluyla yeni bir sayfa nas\u0131l eklenir?<\/title>\n<meta name=\"description\" content=\"Bu derste Excel&#039;e yeni bir sayfa eklemek i\u00e7in klavye k\u0131sayolunun nas\u0131l kullan\u0131laca\u011f\u0131n\u0131 \u00f6\u011frenece\u011fiz. Bunu kontrol edelim\u2026\" \/>\n<meta name=\"robots\" content=\"index, follow, max-snippet:-1, max-image-preview:large, max-video-preview:-1\" \/>\n<link rel=\"canonical\" href=\"https:\/\/exceladvisor.org\/tr\/yeni-bir-sayfa-ekle\/\" \/>\n<meta property=\"og:locale\" content=\"tr_TR\" \/>\n<meta property=\"og:type\" content=\"article\" \/>\n<meta property=\"og:title\" content=\"Excel k\u0131sayoluyla yeni bir sayfa nas\u0131l eklenir?\" \/>\n<meta property=\"og:description\" content=\"Bu derste Excel&#039;e yeni bir sayfa eklemek i\u00e7in klavye k\u0131sayolunun nas\u0131l kullan\u0131laca\u011f\u0131n\u0131 \u00f6\u011frenece\u011fiz. Bunu kontrol edelim\u2026\" \/>\n<meta property=\"og:url\" content=\"https:\/\/exceladvisor.org\/tr\/yeni-bir-sayfa-ekle\/\" \/>\n<meta property=\"og:site_name\" content=\"Excel Advisor\" \/>\n<meta property=\"article:modified_time\" content=\"2023-12-10T05:59:57+00:00\" \/>\n<meta property=\"og:image\" content=\"https:\/\/exceladvisor.org\/wp-content\/uploads\/2023\/08\/1-raccourci-pour-ajouter-une-nouvelle-feuille.png\" \/>\n<meta name=\"twitter:card\" content=\"summary_large_image\" \/>\n<meta name=\"twitter:label1\" content=\"Tahmini okuma s\u00fcresi\" \/>\n\t<meta name=\"twitter:data1\" content=\"1 dakika\" \/>\n<script type=\"application\/ld+json\" class=\"yoast-schema-graph\">{\"@context\":\"https:\/\/schema.org\",\"@graph\":[{\"@type\":\"WebPage\",\"@id\":\"https:\/\/exceladvisor.org\/tr\/yeni-bir-sayfa-ekle\/\",\"url\":\"https:\/\/exceladvisor.org\/tr\/yeni-bir-sayfa-ekle\/\",\"name\":\"Excel k\u0131sayoluyla yeni bir sayfa nas\u0131l eklenir?\",\"isPartOf\":{\"@id\":\"https:\/\/exceladvisor.org\/tr\/#website\"},\"primaryImageOfPage\":{\"@id\":\"https:\/\/exceladvisor.org\/tr\/yeni-bir-sayfa-ekle\/#primaryimage\"},\"image\":{\"@id\":\"https:\/\/exceladvisor.org\/tr\/yeni-bir-sayfa-ekle\/#primaryimage\"},\"thumbnailUrl\":\"https:\/\/exceladvisor.org\/wp-content\/uploads\/2023\/08\/1-raccourci-pour-ajouter-une-nouvelle-feuille.png\",\"datePublished\":\"2023-09-25T05:50:34+00:00\",\"dateModified\":\"2023-12-10T05:59:57+00:00\",\"description\":\"Bu derste Excel&#39;e yeni bir sayfa eklemek i\u00e7in klavye k\u0131sayolunun nas\u0131l kullan\u0131laca\u011f\u0131n\u0131 \u00f6\u011frenece\u011fiz. Bunu kontrol edelim\u2026\",\"breadcrumb\":{\"@id\":\"https:\/\/exceladvisor.org\/tr\/yeni-bir-sayfa-ekle\/#breadcrumb\"},\"inLanguage\":\"tr\",\"potentialAction\":[{\"@type\":\"ReadAction\",\"target\":[\"https:\/\/exceladvisor.org\/tr\/yeni-bir-sayfa-ekle\/\"]}]},{\"@type\":\"ImageObject\",\"inLanguage\":\"tr\",\"@id\":\"https:\/\/exceladvisor.org\/tr\/yeni-bir-sayfa-ekle\/#primaryimage\",\"url\":\"https:\/\/exceladvisor.org\/wp-content\/uploads\/2023\/08\/1-raccourci-pour-ajouter-une-nouvelle-feuille.png\",\"contentUrl\":\"https:\/\/exceladvisor.org\/wp-content\/uploads\/2023\/08\/1-raccourci-pour-ajouter-une-nouvelle-feuille.png\"},{\"@type\":\"BreadcrumbList\",\"@id\":\"https:\/\/exceladvisor.org\/tr\/yeni-bir-sayfa-ekle\/#breadcrumb\",\"itemListElement\":[{\"@type\":\"ListItem\",\"position\":1,\"name\":\"Ev\",\"item\":\"https:\/\/exceladvisor.org\/tr\/\"},{\"@type\":\"ListItem\",\"position\":2,\"name\":\"Excel k\u0131sayoluyla yeni bir sayfa nas\u0131l eklenir?\"}]},{\"@type\":\"WebSite\",\"@id\":\"https:\/\/exceladvisor.org\/tr\/#website\",\"url\":\"https:\/\/exceladvisor.org\/tr\/\",\"name\":\"Excel Advisor\",\"description\":\"Veri hakimiyetine y\u00f6nelik nihai rehberiniz!\",\"publisher\":{\"@id\":\"https:\/\/exceladvisor.org\/tr\/#organization\"},\"potentialAction\":[{\"@type\":\"SearchAction\",\"target\":{\"@type\":\"EntryPoint\",\"urlTemplate\":\"https:\/\/exceladvisor.org\/tr\/?s={search_term_string}\"},\"query-input\":{\"@type\":\"PropertyValueSpecification\",\"valueRequired\":true,\"valueName\":\"search_term_string\"}}],\"inLanguage\":\"tr\"},{\"@type\":\"Organization\",\"@id\":\"https:\/\/exceladvisor.org\/tr\/#organization\",\"name\":\"Excel Advisor\",\"url\":\"https:\/\/exceladvisor.org\/tr\/\",\"logo\":{\"@type\":\"ImageObject\",\"inLanguage\":\"tr\",\"@id\":\"https:\/\/exceladvisor.org\/tr\/#\/schema\/logo\/image\/\",\"url\":\"https:\/\/exceladvisor.org\/tr\/wp-content\/uploads\/2023\/12\/exceladvisor.org_.png\",\"contentUrl\":\"https:\/\/exceladvisor.org\/tr\/wp-content\/uploads\/2023\/12\/exceladvisor.org_.png\",\"width\":105,\"height\":36,\"caption\":\"Excel Advisor\"},\"image\":{\"@id\":\"https:\/\/exceladvisor.org\/tr\/#\/schema\/logo\/image\/\"}}]}<\/script>\n<!-- \/ Yoast SEO plugin. -->","yoast_head_json":{"title":"Excel k\u0131sayoluyla yeni bir sayfa nas\u0131l eklenir?","description":"Bu derste Excel&#39;e yeni bir sayfa eklemek i\u00e7in klavye k\u0131sayolunun nas\u0131l kullan\u0131laca\u011f\u0131n\u0131 \u00f6\u011frenece\u011fiz. Bunu kontrol edelim\u2026","robots":{"index":"index","follow":"follow","max-snippet":"max-snippet:-1","max-image-preview":"max-image-preview:large","max-video-preview":"max-video-preview:-1"},"canonical":"https:\/\/exceladvisor.org\/tr\/yeni-bir-sayfa-ekle\/","og_locale":"tr_TR","og_type":"article","og_title":"Excel k\u0131sayoluyla yeni bir sayfa nas\u0131l eklenir?","og_description":"Bu derste Excel&#39;e yeni bir sayfa eklemek i\u00e7in klavye k\u0131sayolunun nas\u0131l kullan\u0131laca\u011f\u0131n\u0131 \u00f6\u011frenece\u011fiz. Bunu kontrol edelim\u2026","og_url":"https:\/\/exceladvisor.org\/tr\/yeni-bir-sayfa-ekle\/","og_site_name":"Excel Advisor","article_modified_time":"2023-12-10T05:59:57+00:00","og_image":[{"url":"https:\/\/exceladvisor.org\/wp-content\/uploads\/2023\/08\/1-raccourci-pour-ajouter-une-nouvelle-feuille.png","type":"","width":"","height":""}],"twitter_card":"summary_large_image","twitter_misc":{"Tahmini okuma s\u00fcresi":"1 dakika"},"schema":{"@context":"https:\/\/schema.org","@graph":[{"@type":"WebPage","@id":"https:\/\/exceladvisor.org\/tr\/yeni-bir-sayfa-ekle\/","url":"https:\/\/exceladvisor.org\/tr\/yeni-bir-sayfa-ekle\/","name":"Excel k\u0131sayoluyla yeni bir sayfa nas\u0131l eklenir?","isPartOf":{"@id":"https:\/\/exceladvisor.org\/tr\/#website"},"primaryImageOfPage":{"@id":"https:\/\/exceladvisor.org\/tr\/yeni-bir-sayfa-ekle\/#primaryimage"},"image":{"@id":"https:\/\/exceladvisor.org\/tr\/yeni-bir-sayfa-ekle\/#primaryimage"},"thumbnailUrl":"https:\/\/exceladvisor.org\/wp-content\/uploads\/2023\/08\/1-raccourci-pour-ajouter-une-nouvelle-feuille.png","datePublished":"2023-09-25T05:50:34+00:00","dateModified":"2023-12-10T05:59:57+00:00","description":"Bu derste Excel&#39;e yeni bir sayfa eklemek i\u00e7in klavye k\u0131sayolunun nas\u0131l kullan\u0131laca\u011f\u0131n\u0131 \u00f6\u011frenece\u011fiz. Bunu kontrol edelim\u2026","breadcrumb":{"@id":"https:\/\/exceladvisor.org\/tr\/yeni-bir-sayfa-ekle\/#breadcrumb"},"inLanguage":"tr","potentialAction":[{"@type":"ReadAction","target":["https:\/\/exceladvisor.org\/tr\/yeni-bir-sayfa-ekle\/"]}]},{"@type":"ImageObject","inLanguage":"tr","@id":"https:\/\/exceladvisor.org\/tr\/yeni-bir-sayfa-ekle\/#primaryimage","url":"https:\/\/exceladvisor.org\/wp-content\/uploads\/2023\/08\/1-raccourci-pour-ajouter-une-nouvelle-feuille.png","contentUrl":"https:\/\/exceladvisor.org\/wp-content\/uploads\/2023\/08\/1-raccourci-pour-ajouter-une-nouvelle-feuille.png"},{"@type":"BreadcrumbList","@id":"https:\/\/exceladvisor.org\/tr\/yeni-bir-sayfa-ekle\/#breadcrumb","itemListElement":[{"@type":"ListItem","position":1,"name":"Ev","item":"https:\/\/exceladvisor.org\/tr\/"},{"@type":"ListItem","position":2,"name":"Excel k\u0131sayoluyla yeni bir sayfa nas\u0131l eklenir?"}]},{"@type":"WebSite","@id":"https:\/\/exceladvisor.org\/tr\/#website","url":"https:\/\/exceladvisor.org\/tr\/","name":"Excel Advisor","description":"Veri hakimiyetine y\u00f6nelik nihai rehberiniz!","publisher":{"@id":"https:\/\/exceladvisor.org\/tr\/#organization"},"potentialAction":[{"@type":"SearchAction","target":{"@type":"EntryPoint","urlTemplate":"https:\/\/exceladvisor.org\/tr\/?s={search_term_string}"},"query-input":{"@type":"PropertyValueSpecification","valueRequired":true,"valueName":"search_term_string"}}],"inLanguage":"tr"},{"@type":"Organization","@id":"https:\/\/exceladvisor.org\/tr\/#organization","name":"Excel Advisor","url":"https:\/\/exceladvisor.org\/tr\/","logo":{"@type":"ImageObject","inLanguage":"tr","@id":"https:\/\/exceladvisor.org\/tr\/#\/schema\/logo\/image\/","url":"https:\/\/exceladvisor.org\/tr\/wp-content\/uploads\/2023\/12\/exceladvisor.org_.png","contentUrl":"https:\/\/exceladvisor.org\/tr\/wp-content\/uploads\/2023\/12\/exceladvisor.org_.png","width":105,"height":36,"caption":"Excel Advisor"},"image":{"@id":"https:\/\/exceladvisor.org\/tr\/#\/schema\/logo\/image\/"}}]}},"yoast_meta":{"yoast_wpseo_title":"","yoast_wpseo_metadesc":"","yoast_wpseo_canonical":""},"_links":{"self":[{"href":"https:\/\/exceladvisor.org\/tr\/wp-json\/wp\/v2\/pages\/2199","targetHints":{"allow":["GET"]}}],"collection":[{"href":"https:\/\/exceladvisor.org\/tr\/wp-json\/wp\/v2\/pages"}],"about":[{"href":"https:\/\/exceladvisor.org\/tr\/wp-json\/wp\/v2\/types\/page"}],"author":[{"embeddable":true,"href":"https:\/\/exceladvisor.org\/tr\/wp-json\/wp\/v2\/users\/1"}],"replies":[{"embeddable":true,"href":"https:\/\/exceladvisor.org\/tr\/wp-json\/wp\/v2\/comments?post=2199"}],"version-history":[{"count":1,"href":"https:\/\/exceladvisor.org\/tr\/wp-json\/wp\/v2\/pages\/2199\/revisions"}],"predecessor-version":[{"id":2368,"href":"https:\/\/exceladvisor.org\/tr\/wp-json\/wp\/v2\/pages\/2199\/revisions\/2368"}],"wp:attachment":[{"href":"https:\/\/exceladvisor.org\/tr\/wp-json\/wp\/v2\/media?parent=2199"}],"curies":[{"name":"wp","href":"https:\/\/api.w.org\/{rel}","templated":true}]}}