{"id":2200,"date":"2023-09-25T03:07:26","date_gmt":"2023-09-25T03:07:26","guid":{"rendered":"https:\/\/exceladvisor.org\/tr\/sekmeyi-degistir\/"},"modified":"2023-12-10T05:59:45","modified_gmt":"2023-12-10T05:59:45","slug":"sekmeyi-degistir","status":"publish","type":"page","link":"https:\/\/exceladvisor.org\/tr\/sekmeyi-degistir\/","title":{"rendered":"Excel k\u0131sayolu arac\u0131l\u0131\u011f\u0131yla sekmeler nas\u0131l de\u011fi\u015ftirilir?"},"content":{"rendered":"<div class=\"excel-icerikten-once\" id=\"excel-2576498398\"><script type=\"text\/javascript\">\r\n\tatOptions = {\r\n\t\t'key' : 'c1158f160081d6540a8409e6925dab94',\r\n\t\t'format' : 'iframe',\r\n\t\t'height' : 250,\r\n\t\t'width' : 300,\r\n\t\t'params' : {}\r\n\t};\r\n<\/script>\r\n<script type=\"text\/javascript\" src=\"\/\/www.highperformanceformat.com\/c1158f160081d6540a8409e6925dab94\/invoke.js\"><\/script><\/div> <p>Excel&#8217;de, kullan\u0131c\u0131 birden fazla veri girmek i\u00e7in bir \u00e7al\u0131\u015fma kitab\u0131ndaki birden fazla sekmeyi kullanabilir ve ayr\u0131ca birden fazla sekmede veri i\u00e7eren \u00e7al\u0131\u015fma kitab\u0131n\u0131 alabilir, b\u00f6ylece sekmeler aras\u0131nda ge\u00e7i\u015f yapmak i\u00e7in kullan\u0131c\u0131 her bir sekme ad\u0131na t\u0131klayarak fareyi kullanarak manuel olarak ge\u00e7i\u015f yapabilir veya klavye k\u0131sayolunu kullanarak sekmeler aras\u0131nda ge\u00e7i\u015f yapabilirsiniz.<\/p><p> Bu \u00f6\u011freticide, bir \u00e7al\u0131\u015fma kitab\u0131ndaki birden \u00e7ok sekme (\u00e7al\u0131\u015fma sayfas\u0131) aras\u0131nda ge\u00e7i\u015f yapman\u0131n k\u0131sayolunu a\u00e7\u0131klad\u0131k.<\/p><h2 class=\"wp-block-heading\"> Excel&#8217;de sekmeleri de\u011fi\u015ftirmek i\u00e7in klavye k\u0131sayolu<\/h2><p> <kbd>Ctrl<\/kbd> + <kbd>PgDn<\/kbd> (Sayfa a\u015fa\u011f\u0131) \u2013 Sa\u011f sekmelere gitmek i\u00e7in <\/p><div class=\"wp-block-image\"><figure class=\"aligncenter size-full\"><img loading=\"lazy\" decoding=\"async\" class=\"wp-image-69484\" src=\"https:\/\/exceladvisor.org\/wp-content\/uploads\/2023\/08\/1-raccourci-clavier-pour-basculer-les-onglets-vers-la-droite.png\" sizes=\"auto, \" srcset=\"\" alt=\"sekmeleri sa\u011fa kayd\u0131rmak i\u00e7in klavye k\u0131sayolu\" width=\"1918\" height=\"393\"><\/figure><\/div><p> <kbd>Ctrl<\/kbd> + <kbd>PgUp<\/kbd> (Page Up) \u2013 Geriye veya sol sekmelere gitmek i\u00e7in <\/p><div class=\"wp-block-image\"><figure class=\"aligncenter size-full\"><img loading=\"lazy\" decoding=\"async\" class=\"wp-image-69485\" src=\"https:\/\/exceladvisor.org\/wp-content\/uploads\/2023\/08\/2-raccourci-clavier-pour-basculer-les-onglets-vers-la-gauche-png.png\" sizes=\"auto, \" srcset=\"\" alt=\"Sekmeleri sola kayd\u0131rmak i\u00e7in klavye k\u0131sayolu\" width=\"1918\" height=\"393\"><\/figure><\/div><h2 class=\"wp-block-heading\"> Klavye K\u0131sayolu Kullanarak Sekmeleri De\u011fi\u015ftirme Ad\u0131mlar\u0131<\/h2><ol><li> Ge\u00e7erli sekmenin sa\u011f\u0131ndaki sonraki sekmeye ge\u00e7mek i\u00e7in \u201cCtrl\u201d tu\u015funu bas\u0131l\u0131 tutun ve ard\u0131ndan \u201cPgDn\u201d tu\u015funa bas\u0131n.<\/li><li> Veya Ge\u00e7erli sekmenin sol sekmelerine d\u00f6nmek i\u00e7in \u201cCtrl\u201d tu\u015funu bas\u0131l\u0131 tutun, ard\u0131ndan \u201cPgUp\u201d tu\u015funa bas\u0131n.<\/li><\/ol><h2 class=\"wp-block-heading\"> Paket servis<\/h2><ol><li> Kullan\u0131c\u0131n\u0131n birden fazla sekmeye ge\u00e7mek i\u00e7in gerekli sekmeye ula\u015fana kadar \u201cPgDn\u201d veya PgUp\u201d tu\u015flar\u0131na birka\u00e7 kez basmas\u0131 gerekir.<\/li><li> \u00c7al\u0131\u015fma kitab\u0131nda diyelim ki 15-20 veya daha fazla sekme varsa, klavye k\u0131sayolunu kullanarak ge\u00e7i\u015f yapmak iyi bir se\u00e7enek de\u011fildir \u00e7\u00fcnk\u00fc klavye k\u0131sayolu do\u011frudan sekmelere ge\u00e7mez, sekme sekme hareket eder. Yani bu durumda a\u015fa\u011f\u0131daki kayd\u0131rma \u00e7ubu\u011fundaki taray\u0131c\u0131 i\u015faretlerine t\u0131klayabiliriz ve klavyedeki yukar\u0131 ve a\u015fa\u011f\u0131 ok tu\u015flar\u0131n\u0131 kullanarak sekmeyi (elektronik tablo) se\u00e7ebilir ve do\u011frudan bu sekmeye gitmek i\u00e7in enter tu\u015funa basabiliriz <\/li><\/ol><div class=\"wp-block-image\"><figure class=\"aligncenter size-full is-resized\"><img loading=\"lazy\" decoding=\"async\" class=\"wp-image-69486\" src=\"https:\/\/exceladvisor.org\/wp-content\/uploads\/2023\/08\/3-signe-de-navigation-sous-la-barre-de-defilement.png\" sizes=\"auto, \" srcset=\"\" alt=\"taray\u0131c\u0131-i\u015fareti-kayd\u0131rma \u00e7ubu\u011funun alt\u0131nda\" width=\"379\" height=\"375\"><\/figure><\/div><div class=\"wp-block-group more-tutorials is-layout-flow\"><div class=\"wp-block-group__inner-container\"><h2 class=\"wp-block-heading\"> Daha fazla e\u011fitim <\/h2><div class=\"wp-block-columns is-layout-flex wp-container-39\"><div class=\"wp-block-column is-layout-flow\"><ul><li> <a href=\"https:\/\/exceladvisor.org\/tr\/kapali\/\">Kapal\u0131<\/a><\/li><li> <a href=\"https:\/\/exceladvisor.org\/tr\/tam-ekran\/\">Tam ekran<\/a><\/li><li> <a href=\"https:\/\/exceladvisor.org\/tr\/bant\/\">Bant<\/a><\/li><li> <a href=\"https:\/\/exceladvisor.org\/tr\/farkli-kaydet\/\">Farkl\u0131 kaydet<\/a><\/li><li> <a href=\"https:\/\/exceladvisor.org\/tr\/yinelemeyi-geri-al\/\">Geri al ve yinele<\/a><\/li><\/ul><\/div><div class=\"wp-block-column is-layout-flow\"><\/div><\/div><p> \u21e0 <a href=\"https:\/\/exceladvisor.org\/tr\/klavye-kisayollari\/\">Excel k\u0131sayollar\u0131na geri d\u00f6n\u00fcn (PDF kopya sayfas\u0131)<\/a><\/p><\/div><\/div>","protected":false},"excerpt":{"rendered":"","protected":false},"author":1,"featured_media":0,"parent":0,"menu_order":0,"comment_status":"open","ping_status":"closed","template":"","meta":{"ub_ctt_via":"","footnotes":""},"class_list":["post-2200","page","type-page","status-publish","hentry"],"featured_image_src":null,"yoast_head":"<!-- This site is optimized with the Yoast SEO plugin v25.4 - https:\/\/yoast.com\/wordpress\/plugins\/seo\/ -->\n<title>\u25b7 Excel k\u0131sayolu ile sekmeler aras\u0131nda nas\u0131l ge\u00e7i\u015f yap\u0131l\u0131r?<\/title>\n<meta name=\"description\" content=\"Bu e\u011fitimde, Excel&#039;deki sekmeleri (\u00e7al\u0131\u015fma sayfalar\u0131n\u0131) de\u011fi\u015ftirmek i\u00e7in klavye k\u0131sayolunu nas\u0131l kullanaca\u011f\u0131n\u0131z\u0131 \u00f6\u011freneceksiniz. \u015eimdi bu\" \/>\n<meta name=\"robots\" content=\"index, follow, max-snippet:-1, max-image-preview:large, max-video-preview:-1\" \/>\n<link rel=\"canonical\" href=\"https:\/\/exceladvisor.org\/tr\/sekmeyi-degistir\/\" \/>\n<meta property=\"og:locale\" content=\"tr_TR\" \/>\n<meta property=\"og:type\" content=\"article\" \/>\n<meta property=\"og:title\" content=\"\u25b7 Excel k\u0131sayolu ile sekmeler aras\u0131nda nas\u0131l ge\u00e7i\u015f yap\u0131l\u0131r?\" \/>\n<meta property=\"og:description\" content=\"Bu e\u011fitimde, Excel&#039;deki sekmeleri (\u00e7al\u0131\u015fma sayfalar\u0131n\u0131) de\u011fi\u015ftirmek i\u00e7in klavye k\u0131sayolunu nas\u0131l kullanaca\u011f\u0131n\u0131z\u0131 \u00f6\u011freneceksiniz. \u015eimdi bu\" \/>\n<meta property=\"og:url\" content=\"https:\/\/exceladvisor.org\/tr\/sekmeyi-degistir\/\" \/>\n<meta property=\"og:site_name\" content=\"Excel Advisor\" \/>\n<meta property=\"article:modified_time\" content=\"2023-12-10T05:59:45+00:00\" \/>\n<meta property=\"og:image\" content=\"https:\/\/exceladvisor.org\/wp-content\/uploads\/2023\/08\/1-raccourci-clavier-pour-basculer-les-onglets-vers-la-droite.png\" \/>\n<meta name=\"twitter:card\" content=\"summary_large_image\" \/>\n<meta name=\"twitter:label1\" content=\"Tahmini okuma s\u00fcresi\" \/>\n\t<meta name=\"twitter:data1\" content=\"2 dakika\" \/>\n<script type=\"application\/ld+json\" class=\"yoast-schema-graph\">{\"@context\":\"https:\/\/schema.org\",\"@graph\":[{\"@type\":\"WebPage\",\"@id\":\"https:\/\/exceladvisor.org\/tr\/sekmeyi-degistir\/\",\"url\":\"https:\/\/exceladvisor.org\/tr\/sekmeyi-degistir\/\",\"name\":\"\u25b7 Excel k\u0131sayolu ile sekmeler aras\u0131nda nas\u0131l ge\u00e7i\u015f yap\u0131l\u0131r?\",\"isPartOf\":{\"@id\":\"https:\/\/exceladvisor.org\/tr\/#website\"},\"primaryImageOfPage\":{\"@id\":\"https:\/\/exceladvisor.org\/tr\/sekmeyi-degistir\/#primaryimage\"},\"image\":{\"@id\":\"https:\/\/exceladvisor.org\/tr\/sekmeyi-degistir\/#primaryimage\"},\"thumbnailUrl\":\"https:\/\/exceladvisor.org\/wp-content\/uploads\/2023\/08\/1-raccourci-clavier-pour-basculer-les-onglets-vers-la-droite.png\",\"datePublished\":\"2023-09-25T03:07:26+00:00\",\"dateModified\":\"2023-12-10T05:59:45+00:00\",\"description\":\"Bu e\u011fitimde, Excel&#39;deki sekmeleri (\u00e7al\u0131\u015fma sayfalar\u0131n\u0131) de\u011fi\u015ftirmek i\u00e7in klavye k\u0131sayolunu nas\u0131l kullanaca\u011f\u0131n\u0131z\u0131 \u00f6\u011freneceksiniz. \u015eimdi bu\",\"breadcrumb\":{\"@id\":\"https:\/\/exceladvisor.org\/tr\/sekmeyi-degistir\/#breadcrumb\"},\"inLanguage\":\"tr\",\"potentialAction\":[{\"@type\":\"ReadAction\",\"target\":[\"https:\/\/exceladvisor.org\/tr\/sekmeyi-degistir\/\"]}]},{\"@type\":\"ImageObject\",\"inLanguage\":\"tr\",\"@id\":\"https:\/\/exceladvisor.org\/tr\/sekmeyi-degistir\/#primaryimage\",\"url\":\"https:\/\/exceladvisor.org\/wp-content\/uploads\/2023\/08\/1-raccourci-clavier-pour-basculer-les-onglets-vers-la-droite.png\",\"contentUrl\":\"https:\/\/exceladvisor.org\/wp-content\/uploads\/2023\/08\/1-raccourci-clavier-pour-basculer-les-onglets-vers-la-droite.png\"},{\"@type\":\"BreadcrumbList\",\"@id\":\"https:\/\/exceladvisor.org\/tr\/sekmeyi-degistir\/#breadcrumb\",\"itemListElement\":[{\"@type\":\"ListItem\",\"position\":1,\"name\":\"Ev\",\"item\":\"https:\/\/exceladvisor.org\/tr\/\"},{\"@type\":\"ListItem\",\"position\":2,\"name\":\"Excel k\u0131sayolu arac\u0131l\u0131\u011f\u0131yla sekmeler nas\u0131l de\u011fi\u015ftirilir?\"}]},{\"@type\":\"WebSite\",\"@id\":\"https:\/\/exceladvisor.org\/tr\/#website\",\"url\":\"https:\/\/exceladvisor.org\/tr\/\",\"name\":\"Excel Advisor\",\"description\":\"Veri hakimiyetine y\u00f6nelik nihai rehberiniz!\",\"publisher\":{\"@id\":\"https:\/\/exceladvisor.org\/tr\/#organization\"},\"potentialAction\":[{\"@type\":\"SearchAction\",\"target\":{\"@type\":\"EntryPoint\",\"urlTemplate\":\"https:\/\/exceladvisor.org\/tr\/?s={search_term_string}\"},\"query-input\":{\"@type\":\"PropertyValueSpecification\",\"valueRequired\":true,\"valueName\":\"search_term_string\"}}],\"inLanguage\":\"tr\"},{\"@type\":\"Organization\",\"@id\":\"https:\/\/exceladvisor.org\/tr\/#organization\",\"name\":\"Excel Advisor\",\"url\":\"https:\/\/exceladvisor.org\/tr\/\",\"logo\":{\"@type\":\"ImageObject\",\"inLanguage\":\"tr\",\"@id\":\"https:\/\/exceladvisor.org\/tr\/#\/schema\/logo\/image\/\",\"url\":\"https:\/\/exceladvisor.org\/tr\/wp-content\/uploads\/2023\/12\/exceladvisor.org_.png\",\"contentUrl\":\"https:\/\/exceladvisor.org\/tr\/wp-content\/uploads\/2023\/12\/exceladvisor.org_.png\",\"width\":105,\"height\":36,\"caption\":\"Excel Advisor\"},\"image\":{\"@id\":\"https:\/\/exceladvisor.org\/tr\/#\/schema\/logo\/image\/\"}}]}<\/script>\n<!-- \/ Yoast SEO plugin. -->","yoast_head_json":{"title":"\u25b7 Excel k\u0131sayolu ile sekmeler aras\u0131nda nas\u0131l ge\u00e7i\u015f yap\u0131l\u0131r?","description":"Bu e\u011fitimde, Excel&#39;deki sekmeleri (\u00e7al\u0131\u015fma sayfalar\u0131n\u0131) de\u011fi\u015ftirmek i\u00e7in klavye k\u0131sayolunu nas\u0131l kullanaca\u011f\u0131n\u0131z\u0131 \u00f6\u011freneceksiniz. \u015eimdi bu","robots":{"index":"index","follow":"follow","max-snippet":"max-snippet:-1","max-image-preview":"max-image-preview:large","max-video-preview":"max-video-preview:-1"},"canonical":"https:\/\/exceladvisor.org\/tr\/sekmeyi-degistir\/","og_locale":"tr_TR","og_type":"article","og_title":"\u25b7 Excel k\u0131sayolu ile sekmeler aras\u0131nda nas\u0131l ge\u00e7i\u015f yap\u0131l\u0131r?","og_description":"Bu e\u011fitimde, Excel&#39;deki sekmeleri (\u00e7al\u0131\u015fma sayfalar\u0131n\u0131) de\u011fi\u015ftirmek i\u00e7in klavye k\u0131sayolunu nas\u0131l kullanaca\u011f\u0131n\u0131z\u0131 \u00f6\u011freneceksiniz. \u015eimdi bu","og_url":"https:\/\/exceladvisor.org\/tr\/sekmeyi-degistir\/","og_site_name":"Excel Advisor","article_modified_time":"2023-12-10T05:59:45+00:00","og_image":[{"url":"https:\/\/exceladvisor.org\/wp-content\/uploads\/2023\/08\/1-raccourci-clavier-pour-basculer-les-onglets-vers-la-droite.png","type":"","width":"","height":""}],"twitter_card":"summary_large_image","twitter_misc":{"Tahmini okuma s\u00fcresi":"2 dakika"},"schema":{"@context":"https:\/\/schema.org","@graph":[{"@type":"WebPage","@id":"https:\/\/exceladvisor.org\/tr\/sekmeyi-degistir\/","url":"https:\/\/exceladvisor.org\/tr\/sekmeyi-degistir\/","name":"\u25b7 Excel k\u0131sayolu ile sekmeler aras\u0131nda nas\u0131l ge\u00e7i\u015f yap\u0131l\u0131r?","isPartOf":{"@id":"https:\/\/exceladvisor.org\/tr\/#website"},"primaryImageOfPage":{"@id":"https:\/\/exceladvisor.org\/tr\/sekmeyi-degistir\/#primaryimage"},"image":{"@id":"https:\/\/exceladvisor.org\/tr\/sekmeyi-degistir\/#primaryimage"},"thumbnailUrl":"https:\/\/exceladvisor.org\/wp-content\/uploads\/2023\/08\/1-raccourci-clavier-pour-basculer-les-onglets-vers-la-droite.png","datePublished":"2023-09-25T03:07:26+00:00","dateModified":"2023-12-10T05:59:45+00:00","description":"Bu e\u011fitimde, Excel&#39;deki sekmeleri (\u00e7al\u0131\u015fma sayfalar\u0131n\u0131) de\u011fi\u015ftirmek i\u00e7in klavye k\u0131sayolunu nas\u0131l kullanaca\u011f\u0131n\u0131z\u0131 \u00f6\u011freneceksiniz. \u015eimdi bu","breadcrumb":{"@id":"https:\/\/exceladvisor.org\/tr\/sekmeyi-degistir\/#breadcrumb"},"inLanguage":"tr","potentialAction":[{"@type":"ReadAction","target":["https:\/\/exceladvisor.org\/tr\/sekmeyi-degistir\/"]}]},{"@type":"ImageObject","inLanguage":"tr","@id":"https:\/\/exceladvisor.org\/tr\/sekmeyi-degistir\/#primaryimage","url":"https:\/\/exceladvisor.org\/wp-content\/uploads\/2023\/08\/1-raccourci-clavier-pour-basculer-les-onglets-vers-la-droite.png","contentUrl":"https:\/\/exceladvisor.org\/wp-content\/uploads\/2023\/08\/1-raccourci-clavier-pour-basculer-les-onglets-vers-la-droite.png"},{"@type":"BreadcrumbList","@id":"https:\/\/exceladvisor.org\/tr\/sekmeyi-degistir\/#breadcrumb","itemListElement":[{"@type":"ListItem","position":1,"name":"Ev","item":"https:\/\/exceladvisor.org\/tr\/"},{"@type":"ListItem","position":2,"name":"Excel k\u0131sayolu arac\u0131l\u0131\u011f\u0131yla sekmeler nas\u0131l de\u011fi\u015ftirilir?"}]},{"@type":"WebSite","@id":"https:\/\/exceladvisor.org\/tr\/#website","url":"https:\/\/exceladvisor.org\/tr\/","name":"Excel Advisor","description":"Veri hakimiyetine y\u00f6nelik nihai rehberiniz!","publisher":{"@id":"https:\/\/exceladvisor.org\/tr\/#organization"},"potentialAction":[{"@type":"SearchAction","target":{"@type":"EntryPoint","urlTemplate":"https:\/\/exceladvisor.org\/tr\/?s={search_term_string}"},"query-input":{"@type":"PropertyValueSpecification","valueRequired":true,"valueName":"search_term_string"}}],"inLanguage":"tr"},{"@type":"Organization","@id":"https:\/\/exceladvisor.org\/tr\/#organization","name":"Excel Advisor","url":"https:\/\/exceladvisor.org\/tr\/","logo":{"@type":"ImageObject","inLanguage":"tr","@id":"https:\/\/exceladvisor.org\/tr\/#\/schema\/logo\/image\/","url":"https:\/\/exceladvisor.org\/tr\/wp-content\/uploads\/2023\/12\/exceladvisor.org_.png","contentUrl":"https:\/\/exceladvisor.org\/tr\/wp-content\/uploads\/2023\/12\/exceladvisor.org_.png","width":105,"height":36,"caption":"Excel Advisor"},"image":{"@id":"https:\/\/exceladvisor.org\/tr\/#\/schema\/logo\/image\/"}}]}},"yoast_meta":{"yoast_wpseo_title":"","yoast_wpseo_metadesc":"","yoast_wpseo_canonical":""},"_links":{"self":[{"href":"https:\/\/exceladvisor.org\/tr\/wp-json\/wp\/v2\/pages\/2200","targetHints":{"allow":["GET"]}}],"collection":[{"href":"https:\/\/exceladvisor.org\/tr\/wp-json\/wp\/v2\/pages"}],"about":[{"href":"https:\/\/exceladvisor.org\/tr\/wp-json\/wp\/v2\/types\/page"}],"author":[{"embeddable":true,"href":"https:\/\/exceladvisor.org\/tr\/wp-json\/wp\/v2\/users\/1"}],"replies":[{"embeddable":true,"href":"https:\/\/exceladvisor.org\/tr\/wp-json\/wp\/v2\/comments?post=2200"}],"version-history":[{"count":1,"href":"https:\/\/exceladvisor.org\/tr\/wp-json\/wp\/v2\/pages\/2200\/revisions"}],"predecessor-version":[{"id":2350,"href":"https:\/\/exceladvisor.org\/tr\/wp-json\/wp\/v2\/pages\/2200\/revisions\/2350"}],"wp:attachment":[{"href":"https:\/\/exceladvisor.org\/tr\/wp-json\/wp\/v2\/media?parent=2200"}],"curies":[{"name":"wp","href":"https:\/\/api.w.org\/{rel}","templated":true}]}}