{"id":2201,"date":"2023-09-25T02:50:51","date_gmt":"2023-09-25T02:50:51","guid":{"rendered":"https:\/\/exceladvisor.org\/tr\/onay-isareti-1\/"},"modified":"2023-12-10T05:59:53","modified_gmt":"2023-12-10T05:59:53","slug":"onay-isareti-1","status":"publish","type":"page","link":"https:\/\/exceladvisor.org\/tr\/onay-isareti-1\/","title":{"rendered":"Excel k\u0131sayolunu kullanarak onay i\u015fareti nas\u0131l girilir?"},"content":{"rendered":"<div class=\"excel-icerikten-once\" id=\"excel-2359962895\"><script type=\"text\/javascript\">\r\n\tatOptions = {\r\n\t\t'key' : 'c1158f160081d6540a8409e6925dab94',\r\n\t\t'format' : 'iframe',\r\n\t\t'height' : 250,\r\n\t\t'width' : 300,\r\n\t\t'params' : {}\r\n\t};\r\n<\/script>\r\n<script type=\"text\/javascript\" src=\"\/\/www.highperformanceformat.com\/c1158f160081d6540a8409e6925dab94\/invoke.js\"><\/script><\/div> <p>G\u00f6revin tamamlan\u0131p tamamlanmad\u0131\u011f\u0131n\u0131 belirtmek i\u00e7in Excel&#8217;de yayg\u0131n olarak bir onay i\u015fareti kullan\u0131l\u0131r. Kullan\u0131c\u0131lar, verilen listede ger\u00e7ekle\u015ftirilen veya tamamlanan g\u00f6revleri belirtmek i\u00e7in &#8220;Evet&#8221; yazmak yerine Excel&#8217;e onay i\u015fareti sembol\u00fcn\u00fc ekleyebilir.<\/p><p> Onay i\u015fareti eklemenin birka\u00e7 yolu vard\u0131r ancak onay i\u015faretini eklemenin en iyi yolu klavye k\u0131sayolunu kullanmakt\u0131r.<\/p><h2 class=\"wp-block-heading\"> Excel&#8217;deki onay kutusunun k\u0131sayol tu\u015fu<\/h2><p> <kbd>Alt<\/kbd> + <kbd>0<\/kbd> \u21e2 <kbd>2<\/kbd> \u21e2 <kbd>5<\/kbd> \u21e2 <kbd>2<\/kbd> <\/p><div class=\"wp-block-image\"><figure class=\"aligncenter size-full is-resized\"><img loading=\"lazy\" decoding=\"async\" class=\"wp-image-69413\" src=\"https:\/\/exceladvisor.org\/wp-content\/uploads\/2023\/08\/1-coche-de-raccourci-clavier.png\" sizes=\"auto, \" srcset=\"\" alt=\"klavye k\u0131sayolu-onay i\u015fareti\" width=\"739\" height=\"290\"><\/figure><\/div><p> <kbd>\u00dcst Karakter<\/kbd> + <kbd>P<\/kbd> <\/p><div class=\"wp-block-image\"><figure class=\"aligncenter size-full is-resized\"><img loading=\"lazy\" decoding=\"async\" class=\"wp-image-69414\" src=\"https:\/\/exceladvisor.org\/wp-content\/uploads\/2023\/08\/2-coche-raccourci-clavier.png\" sizes=\"auto, \" srcset=\"\" alt=\"onay i\u015fareti-klavye k\u0131sayolu\" width=\"746\" height=\"292\"><\/figure><\/div><h2 class=\"wp-block-heading\"> Klavye K\u0131sayolu Kullanarak Onay \u0130\u015fareti Girme Ad\u0131mlar\u0131<\/h2><ol><li> \u00d6ncelikle onay i\u015fareti sembol\u00fcn\u00fc eklemek istedi\u011finiz h\u00fccreye gidin.<\/li><li> Bundan sonra Giri\u015f sekmesine gidin ve Yaz\u0131 Tipi grubunun alt\u0131nda yaz\u0131 tipi stilini Wingdings yaz\u0131 tipi olarak de\u011fi\u015ftirin.<\/li><li> \u015eimdi <kbd>Alt<\/kbd> tu\u015funu bas\u0131l\u0131 tutun ve <kbd>0<\/kbd> \u21e2 <kbd>2<\/kbd> \u21e2 <kbd>5<\/kbd> \u21e2 <kbd>2 tu\u015flar\u0131na bas\u0131n,<\/kbd> ard\u0131ndan <kbd>Alt tu\u015funu<\/kbd> b\u0131rak\u0131n.<\/li><li> Veya h\u00fccreye gidin ve <kbd>Shift<\/kbd> + <kbd>P<\/kbd> tu\u015flar\u0131na bas\u0131n, ard\u0131ndan Yaz\u0131 Tipi grubuna gidin ve Wingdings 2 yaz\u0131 tipi stilini se\u00e7in.<\/li><li> Bu noktada h\u00fccreye eklenen onay i\u015fareti sembol\u00fcn\u00fc alacaks\u0131n\u0131z. <\/li><\/ol><div class=\"wp-block-image\"><figure class=\"aligncenter size-full is-resized\"><img loading=\"lazy\" decoding=\"async\" class=\"wp-image-69415\" src=\"https:\/\/exceladvisor.org\/wp-content\/uploads\/2023\/08\/3-symbole-de-coche.png\" sizes=\"auto, \" srcset=\"\" alt=\"onay i\u015fareti simgesi\" width=\"461\" height=\"261\"><\/figure><\/div><h2 class=\"wp-block-heading\"> Paket servis<\/h2><ol><li> <a href=\"https:\/\/exceladvisor.org\/tr\/onay-isareti-2\/\" data-wpil=\"url\">Onay i\u015fareti eklemek<\/a> i\u00e7in <kbd>Alt<\/kbd> + <kbd>0<\/kbd> \u21e2 <kbd>2<\/kbd> \u21e2 <kbd>5<\/kbd> \u21e2 <kbd>2<\/kbd> tu\u015flar\u0131n\u0131 kullanacaksan\u0131z h\u00fccrenin <a href=\"https:\/\/exceladvisor.org\/tr\/varsayilan-yazi-tipi\/\">yaz\u0131 stili<\/a> Wingdings olarak se\u00e7ilmelidir.<\/li><li> <kbd>Shift<\/kbd> + <kbd>P<\/kbd> k\u0131sayol se\u00e7ene\u011fini kullanacaksan\u0131z yaz\u0131 tipi Wingdings 2 olmal\u0131d\u0131r.<\/li><li> Manuel tu\u015flar veya k\u0131sayol tu\u015flar\u0131 kullan\u0131larak, onay i\u015faretleri ayn\u0131 anda yaln\u0131zca bir h\u00fccreye eklenebilir.<\/li><li> Ayr\u0131ca \u00f6nce onay i\u015fareti k\u0131sayolunu uygulayabilir ve ard\u0131ndan yaz\u0131 tipi stilini de\u011fi\u015ftirebilirsiniz.<\/li><li> Onay i\u015fareti sembol\u00fcn\u00fc di\u011fer h\u00fccrelere eklemek istiyorsan\u0131z kopyalay\u0131p yap\u0131\u015ft\u0131rman\u0131z yeterlidir; yap\u0131\u015ft\u0131r\u0131lacakt\u0131r.<\/li><\/ol><div class=\"gb-container gb-container-2116538e gb-container-mt\"> <a class=\"gb-button gb-button-f7d2c131 gb-button-text gb-button-mt-button\" href=\"https:\/\/exceladvisor.org\/tr\/klavye-kisayollari\/\">Excel PDF klavye k\u0131sayollar\u0131<\/a><h2 class=\"gb-headline gb-headline-7ed68554 gb-headline-text gb-headline-mt-heading\"> Daha fazla k\u0131sayol <\/h2><div class=\"gb-grid-wrapper gb-grid-wrapper-edeef538 gb-grid-wrapper-mt-grid\"><div class=\"gb-grid-column gb-grid-column-6ab6fbc6\"><div class=\"gb-container gb-container-6ab6fbc6\"><ul><li> <a href=\"https:\/\/exceladvisor.org\/tr\/cubuk-1\/\">kam\u0131\u015f<\/a><\/li><li> <a href=\"https:\/\/exceladvisor.org\/tr\/dizin-2\/\">\u0130pucu<\/a><\/li><li> <a href=\"https:\/\/exceladvisor.org\/tr\/us\/\">Kat\u0131l\u0131mc\u0131<\/a><\/li><li> <a href=\"https:\/\/exceladvisor.org\/tr\/merkezi-hizalama\/\">Merkezi hizalama<\/a> <\/li><\/ul><\/div><\/div><div class=\"gb-grid-column gb-grid-column-766d598b\"><div class=\"gb-container gb-container-766d598b\"><ul><li> <a href=\"https:\/\/exceladvisor.org\/tr\/para-birimi-bicimi\/\">Para birimi bi\u00e7imini uygula<\/a><\/li><li> <a href=\"https:\/\/exceladvisor.org\/tr\/yuzde-bicimi\/\">Bi\u00e7im y\u00fczdesi<\/a><\/li><li> <a href=\"https:\/\/exceladvisor.org\/tr\/tarih-formati\/\">Tarih bi\u00e7imini uygula<\/a><\/li><li> <a href=\"https:\/\/exceladvisor.org\/tr\/zaman-formati\/\">Saat bi\u00e7imini uygula<\/a><\/li><\/ul><\/div><\/div><\/div><\/div>","protected":false},"excerpt":{"rendered":"","protected":false},"author":1,"featured_media":0,"parent":0,"menu_order":0,"comment_status":"open","ping_status":"closed","template":"","meta":{"ub_ctt_via":"","footnotes":""},"class_list":["post-2201","page","type-page","status-publish","hentry"],"featured_image_src":null,"yoast_head":"<!-- This site is optimized with the Yoast SEO plugin v25.4 - https:\/\/yoast.com\/wordpress\/plugins\/seo\/ -->\n<title>\u25b7 Excel k\u0131sayolunu kullanarak onay i\u015fareti nas\u0131l girilir?<\/title>\n<meta name=\"description\" content=\"Bu e\u011fitimde, Excel&#039;de onay i\u015fareti uygulamak i\u00e7in klavye k\u0131sayolunun nas\u0131l kullan\u0131laca\u011f\u0131n\u0131 \u00f6\u011freneceksiniz. \u015eimdi bu klavye k\u0131sayolu\" \/>\n<meta name=\"robots\" content=\"index, follow, max-snippet:-1, max-image-preview:large, max-video-preview:-1\" \/>\n<link rel=\"canonical\" href=\"https:\/\/exceladvisor.org\/tr\/onay-isareti-1\/\" \/>\n<meta property=\"og:locale\" content=\"tr_TR\" \/>\n<meta property=\"og:type\" content=\"article\" \/>\n<meta property=\"og:title\" content=\"\u25b7 Excel k\u0131sayolunu kullanarak onay i\u015fareti nas\u0131l girilir?\" \/>\n<meta property=\"og:description\" content=\"Bu e\u011fitimde, Excel&#039;de onay i\u015fareti uygulamak i\u00e7in klavye k\u0131sayolunun nas\u0131l kullan\u0131laca\u011f\u0131n\u0131 \u00f6\u011freneceksiniz. \u015eimdi bu klavye k\u0131sayolu\" \/>\n<meta property=\"og:url\" content=\"https:\/\/exceladvisor.org\/tr\/onay-isareti-1\/\" \/>\n<meta property=\"og:site_name\" content=\"Excel Advisor\" \/>\n<meta property=\"article:modified_time\" content=\"2023-12-10T05:59:53+00:00\" \/>\n<meta property=\"og:image\" content=\"https:\/\/exceladvisor.org\/wp-content\/uploads\/2023\/08\/1-coche-de-raccourci-clavier.png\" \/>\n<meta name=\"twitter:card\" content=\"summary_large_image\" \/>\n<meta name=\"twitter:label1\" content=\"Tahmini okuma s\u00fcresi\" \/>\n\t<meta name=\"twitter:data1\" content=\"2 dakika\" \/>\n<script type=\"application\/ld+json\" class=\"yoast-schema-graph\">{\"@context\":\"https:\/\/schema.org\",\"@graph\":[{\"@type\":\"WebPage\",\"@id\":\"https:\/\/exceladvisor.org\/tr\/onay-isareti-1\/\",\"url\":\"https:\/\/exceladvisor.org\/tr\/onay-isareti-1\/\",\"name\":\"\u25b7 Excel k\u0131sayolunu kullanarak onay i\u015fareti nas\u0131l girilir?\",\"isPartOf\":{\"@id\":\"https:\/\/exceladvisor.org\/tr\/#website\"},\"primaryImageOfPage\":{\"@id\":\"https:\/\/exceladvisor.org\/tr\/onay-isareti-1\/#primaryimage\"},\"image\":{\"@id\":\"https:\/\/exceladvisor.org\/tr\/onay-isareti-1\/#primaryimage\"},\"thumbnailUrl\":\"https:\/\/exceladvisor.org\/wp-content\/uploads\/2023\/08\/1-coche-de-raccourci-clavier.png\",\"datePublished\":\"2023-09-25T02:50:51+00:00\",\"dateModified\":\"2023-12-10T05:59:53+00:00\",\"description\":\"Bu e\u011fitimde, Excel&#39;de onay i\u015fareti uygulamak i\u00e7in klavye k\u0131sayolunun nas\u0131l kullan\u0131laca\u011f\u0131n\u0131 \u00f6\u011freneceksiniz. \u015eimdi bu klavye k\u0131sayolu\",\"breadcrumb\":{\"@id\":\"https:\/\/exceladvisor.org\/tr\/onay-isareti-1\/#breadcrumb\"},\"inLanguage\":\"tr\",\"potentialAction\":[{\"@type\":\"ReadAction\",\"target\":[\"https:\/\/exceladvisor.org\/tr\/onay-isareti-1\/\"]}]},{\"@type\":\"ImageObject\",\"inLanguage\":\"tr\",\"@id\":\"https:\/\/exceladvisor.org\/tr\/onay-isareti-1\/#primaryimage\",\"url\":\"https:\/\/exceladvisor.org\/wp-content\/uploads\/2023\/08\/1-coche-de-raccourci-clavier.png\",\"contentUrl\":\"https:\/\/exceladvisor.org\/wp-content\/uploads\/2023\/08\/1-coche-de-raccourci-clavier.png\"},{\"@type\":\"BreadcrumbList\",\"@id\":\"https:\/\/exceladvisor.org\/tr\/onay-isareti-1\/#breadcrumb\",\"itemListElement\":[{\"@type\":\"ListItem\",\"position\":1,\"name\":\"Ev\",\"item\":\"https:\/\/exceladvisor.org\/tr\/\"},{\"@type\":\"ListItem\",\"position\":2,\"name\":\"Excel k\u0131sayolunu kullanarak onay i\u015fareti nas\u0131l girilir?\"}]},{\"@type\":\"WebSite\",\"@id\":\"https:\/\/exceladvisor.org\/tr\/#website\",\"url\":\"https:\/\/exceladvisor.org\/tr\/\",\"name\":\"Excel Advisor\",\"description\":\"Veri hakimiyetine y\u00f6nelik nihai rehberiniz!\",\"publisher\":{\"@id\":\"https:\/\/exceladvisor.org\/tr\/#organization\"},\"potentialAction\":[{\"@type\":\"SearchAction\",\"target\":{\"@type\":\"EntryPoint\",\"urlTemplate\":\"https:\/\/exceladvisor.org\/tr\/?s={search_term_string}\"},\"query-input\":{\"@type\":\"PropertyValueSpecification\",\"valueRequired\":true,\"valueName\":\"search_term_string\"}}],\"inLanguage\":\"tr\"},{\"@type\":\"Organization\",\"@id\":\"https:\/\/exceladvisor.org\/tr\/#organization\",\"name\":\"Excel Advisor\",\"url\":\"https:\/\/exceladvisor.org\/tr\/\",\"logo\":{\"@type\":\"ImageObject\",\"inLanguage\":\"tr\",\"@id\":\"https:\/\/exceladvisor.org\/tr\/#\/schema\/logo\/image\/\",\"url\":\"https:\/\/exceladvisor.org\/tr\/wp-content\/uploads\/2023\/12\/exceladvisor.org_.png\",\"contentUrl\":\"https:\/\/exceladvisor.org\/tr\/wp-content\/uploads\/2023\/12\/exceladvisor.org_.png\",\"width\":105,\"height\":36,\"caption\":\"Excel Advisor\"},\"image\":{\"@id\":\"https:\/\/exceladvisor.org\/tr\/#\/schema\/logo\/image\/\"}}]}<\/script>\n<!-- \/ Yoast SEO plugin. -->","yoast_head_json":{"title":"\u25b7 Excel k\u0131sayolunu kullanarak onay i\u015fareti nas\u0131l girilir?","description":"Bu e\u011fitimde, Excel&#39;de onay i\u015fareti uygulamak i\u00e7in klavye k\u0131sayolunun nas\u0131l kullan\u0131laca\u011f\u0131n\u0131 \u00f6\u011freneceksiniz. \u015eimdi bu klavye k\u0131sayolu","robots":{"index":"index","follow":"follow","max-snippet":"max-snippet:-1","max-image-preview":"max-image-preview:large","max-video-preview":"max-video-preview:-1"},"canonical":"https:\/\/exceladvisor.org\/tr\/onay-isareti-1\/","og_locale":"tr_TR","og_type":"article","og_title":"\u25b7 Excel k\u0131sayolunu kullanarak onay i\u015fareti nas\u0131l girilir?","og_description":"Bu e\u011fitimde, Excel&#39;de onay i\u015fareti uygulamak i\u00e7in klavye k\u0131sayolunun nas\u0131l kullan\u0131laca\u011f\u0131n\u0131 \u00f6\u011freneceksiniz. \u015eimdi bu klavye k\u0131sayolu","og_url":"https:\/\/exceladvisor.org\/tr\/onay-isareti-1\/","og_site_name":"Excel Advisor","article_modified_time":"2023-12-10T05:59:53+00:00","og_image":[{"url":"https:\/\/exceladvisor.org\/wp-content\/uploads\/2023\/08\/1-coche-de-raccourci-clavier.png","type":"","width":"","height":""}],"twitter_card":"summary_large_image","twitter_misc":{"Tahmini okuma s\u00fcresi":"2 dakika"},"schema":{"@context":"https:\/\/schema.org","@graph":[{"@type":"WebPage","@id":"https:\/\/exceladvisor.org\/tr\/onay-isareti-1\/","url":"https:\/\/exceladvisor.org\/tr\/onay-isareti-1\/","name":"\u25b7 Excel k\u0131sayolunu kullanarak onay i\u015fareti nas\u0131l girilir?","isPartOf":{"@id":"https:\/\/exceladvisor.org\/tr\/#website"},"primaryImageOfPage":{"@id":"https:\/\/exceladvisor.org\/tr\/onay-isareti-1\/#primaryimage"},"image":{"@id":"https:\/\/exceladvisor.org\/tr\/onay-isareti-1\/#primaryimage"},"thumbnailUrl":"https:\/\/exceladvisor.org\/wp-content\/uploads\/2023\/08\/1-coche-de-raccourci-clavier.png","datePublished":"2023-09-25T02:50:51+00:00","dateModified":"2023-12-10T05:59:53+00:00","description":"Bu e\u011fitimde, Excel&#39;de onay i\u015fareti uygulamak i\u00e7in klavye k\u0131sayolunun nas\u0131l kullan\u0131laca\u011f\u0131n\u0131 \u00f6\u011freneceksiniz. \u015eimdi bu klavye k\u0131sayolu","breadcrumb":{"@id":"https:\/\/exceladvisor.org\/tr\/onay-isareti-1\/#breadcrumb"},"inLanguage":"tr","potentialAction":[{"@type":"ReadAction","target":["https:\/\/exceladvisor.org\/tr\/onay-isareti-1\/"]}]},{"@type":"ImageObject","inLanguage":"tr","@id":"https:\/\/exceladvisor.org\/tr\/onay-isareti-1\/#primaryimage","url":"https:\/\/exceladvisor.org\/wp-content\/uploads\/2023\/08\/1-coche-de-raccourci-clavier.png","contentUrl":"https:\/\/exceladvisor.org\/wp-content\/uploads\/2023\/08\/1-coche-de-raccourci-clavier.png"},{"@type":"BreadcrumbList","@id":"https:\/\/exceladvisor.org\/tr\/onay-isareti-1\/#breadcrumb","itemListElement":[{"@type":"ListItem","position":1,"name":"Ev","item":"https:\/\/exceladvisor.org\/tr\/"},{"@type":"ListItem","position":2,"name":"Excel k\u0131sayolunu kullanarak onay i\u015fareti nas\u0131l girilir?"}]},{"@type":"WebSite","@id":"https:\/\/exceladvisor.org\/tr\/#website","url":"https:\/\/exceladvisor.org\/tr\/","name":"Excel Advisor","description":"Veri hakimiyetine y\u00f6nelik nihai rehberiniz!","publisher":{"@id":"https:\/\/exceladvisor.org\/tr\/#organization"},"potentialAction":[{"@type":"SearchAction","target":{"@type":"EntryPoint","urlTemplate":"https:\/\/exceladvisor.org\/tr\/?s={search_term_string}"},"query-input":{"@type":"PropertyValueSpecification","valueRequired":true,"valueName":"search_term_string"}}],"inLanguage":"tr"},{"@type":"Organization","@id":"https:\/\/exceladvisor.org\/tr\/#organization","name":"Excel Advisor","url":"https:\/\/exceladvisor.org\/tr\/","logo":{"@type":"ImageObject","inLanguage":"tr","@id":"https:\/\/exceladvisor.org\/tr\/#\/schema\/logo\/image\/","url":"https:\/\/exceladvisor.org\/tr\/wp-content\/uploads\/2023\/12\/exceladvisor.org_.png","contentUrl":"https:\/\/exceladvisor.org\/tr\/wp-content\/uploads\/2023\/12\/exceladvisor.org_.png","width":105,"height":36,"caption":"Excel Advisor"},"image":{"@id":"https:\/\/exceladvisor.org\/tr\/#\/schema\/logo\/image\/"}}]}},"yoast_meta":{"yoast_wpseo_title":"","yoast_wpseo_metadesc":"","yoast_wpseo_canonical":""},"_links":{"self":[{"href":"https:\/\/exceladvisor.org\/tr\/wp-json\/wp\/v2\/pages\/2201","targetHints":{"allow":["GET"]}}],"collection":[{"href":"https:\/\/exceladvisor.org\/tr\/wp-json\/wp\/v2\/pages"}],"about":[{"href":"https:\/\/exceladvisor.org\/tr\/wp-json\/wp\/v2\/types\/page"}],"author":[{"embeddable":true,"href":"https:\/\/exceladvisor.org\/tr\/wp-json\/wp\/v2\/users\/1"}],"replies":[{"embeddable":true,"href":"https:\/\/exceladvisor.org\/tr\/wp-json\/wp\/v2\/comments?post=2201"}],"version-history":[{"count":1,"href":"https:\/\/exceladvisor.org\/tr\/wp-json\/wp\/v2\/pages\/2201\/revisions"}],"predecessor-version":[{"id":2362,"href":"https:\/\/exceladvisor.org\/tr\/wp-json\/wp\/v2\/pages\/2201\/revisions\/2362"}],"wp:attachment":[{"href":"https:\/\/exceladvisor.org\/tr\/wp-json\/wp\/v2\/media?parent=2201"}],"curies":[{"name":"wp","href":"https:\/\/api.w.org\/{rel}","templated":true}]}}