{"id":2202,"date":"2023-09-25T02:20:43","date_gmt":"2023-09-25T02:20:43","guid":{"rendered":"https:\/\/exceladvisor.org\/tr\/yinelemeyi-geri-al\/"},"modified":"2023-12-10T05:59:52","modified_gmt":"2023-12-10T05:59:52","slug":"yinelemeyi-geri-al","status":"publish","type":"page","link":"https:\/\/exceladvisor.org\/tr\/yinelemeyi-geri-al\/","title":{"rendered":"Excel k\u0131sayolunu kullanarak nas\u0131l geri al\u0131n\u0131r ve yinelenir?"},"content":{"rendered":"<div class=\"excel-icerikten-once\" id=\"excel-1461007568\"><script type=\"text\/javascript\">\r\n\tatOptions = {\r\n\t\t'key' : 'c1158f160081d6540a8409e6925dab94',\r\n\t\t'format' : 'iframe',\r\n\t\t'height' : 250,\r\n\t\t'width' : 300,\r\n\t\t'params' : {}\r\n\t};\r\n<\/script>\r\n<script type=\"text\/javascript\" src=\"\/\/www.highperformanceformat.com\/c1158f160081d6540a8409e6925dab94\/invoke.js\"><\/script><\/div> <p>Geri al, kullan\u0131c\u0131n\u0131n Excel&#8217;de yapt\u0131\u011f\u0131 son eylemleri geri almak i\u00e7in kullan\u0131l\u0131r; Excel varsay\u0131lan olarak son 100 eylemi saklar, b\u00f6ylece Geri Al se\u00e7ene\u011fini kullanarak kullan\u0131c\u0131 eylemlerini 100 defaya kadar geri alabilir ve her \u015feyi oldu\u011fu gibi geri y\u00fckleyebilir. Dosya kaydedilmi\u015f olsa bile iptal i\u015flemi de ger\u00e7ekle\u015ftirilebilir.<\/p><p> Yinele, Geri Al&#8217;\u0131n tam tersini yapar. Kullan\u0131c\u0131n\u0131n baz\u0131 son eylemleri geri ald\u0131\u011f\u0131n\u0131, ancak \u015fimdi kullan\u0131c\u0131n\u0131n geri alma eylemlerinden baz\u0131lar\u0131n\u0131 geri y\u00fcklemek istedi\u011fini ve b\u00f6ylece geri alma eylemlerini geri y\u00fckleyen Yinele se\u00e7ene\u011fini kullanarak geri alma eylemlerini tekrarlamak istedi\u011fini varsayal\u0131m.<\/p><h2 class=\"wp-block-heading\"> Geri almak i\u00e7in klavye k\u0131sayolu &#8211; Excel&#8217;de yinele<\/h2><p> Geri al: <kbd>Ctrl<\/kbd> + <kbd>Z<\/kbd> <\/p><div class=\"wp-block-image\"><figure class=\"aligncenter size-full is-resized\"><img loading=\"lazy\" decoding=\"async\" class=\"wp-image-67565\" src=\"https:\/\/exceladvisor.org\/wp-content\/uploads\/2023\/08\/1-touches-de-raccourci-dannulation.png\" sizes=\"auto, \" srcset=\"\" alt=\"\u0130ptal-k\u0131sayol tu\u015flar\u0131\" width=\"897\" height=\"351\"><\/figure><\/div><p> Yinele: <kbd>Ctrl<\/kbd> + <kbd>Y<\/kbd> <\/p><div class=\"wp-block-image\"><figure class=\"aligncenter size-full is-resized\"><img loading=\"lazy\" decoding=\"async\" class=\"wp-image-67566\" src=\"https:\/\/exceladvisor.org\/wp-content\/uploads\/2023\/08\/2-touches-de-raccourci-de-retablissement.png\" sizes=\"auto, \" srcset=\"\" alt=\"yineleme-k\u0131sayol tu\u015flar\u0131\" width=\"899\" height=\"352\"><\/figure><\/div><h2 class=\"wp-block-heading\"> Geri Almay\u0131 Kullanma Ad\u0131mlar\u0131 \u2013 Klavye K\u0131sayolunu Kullanarak Yineleme<\/h2><ol><li> Son bir ad\u0131m\u0131 geri almak istiyorsan\u0131z Ctrl+Z klavye k\u0131sayoluna bir kez basman\u0131z veya geri almak istedi\u011finiz ad\u0131m say\u0131s\u0131na kadar art arda basman\u0131z yeterlidir.<\/li><li> Geri alma ad\u0131mlar\u0131n\u0131 geri y\u00fcklemek i\u00e7in, geri alma eylemlerinin geri y\u00fcklenmesini istedi\u011finiz noktaya ula\u015fana kadar Ctrl + Y klavye k\u0131sayoluna birka\u00e7 kez basman\u0131z yeterlidir. <\/li><\/ol><div class=\"wp-block-group more-tutorials is-layout-flow\"><div class=\"wp-block-group__inner-container\"><h2 class=\"wp-block-heading\"> Daha fazla e\u011fitim <\/h2><div class=\"wp-block-columns is-layout-flex wp-container-31\"><div class=\"wp-block-column is-layout-flow\"><ul><li> <a href=\"https:\/\/exceladvisor.org\/tr\/kapali\/\">Kapal\u0131<\/a><\/li><li> <a href=\"https:\/\/exceladvisor.org\/tr\/tam-ekran\/\">Tam ekran<\/a><\/li><li> <a href=\"https:\/\/exceladvisor.org\/tr\/bant\/\">Bant<\/a><\/li><li> <a href=\"https:\/\/exceladvisor.org\/tr\/baski-onizleme-1\/\">Yazd\u0131rmadan \u00f6nce \u00f6nizleme<\/a><\/li><li> <a href=\"https:\/\/exceladvisor.org\/tr\/farkli-kaydet\/\">Farkl\u0131 kaydet<\/a><\/li><\/ul><\/div><div class=\"wp-block-column is-layout-flow\"><\/div><\/div><p> \u21e0 <a href=\"https:\/\/exceladvisor.org\/tr\/klavye-kisayollari\/\">Excel k\u0131sayollar\u0131na geri d\u00f6n\u00fcn (PDF kopya sayfas\u0131)<\/a><\/p><\/div><\/div>","protected":false},"excerpt":{"rendered":"","protected":false},"author":1,"featured_media":0,"parent":0,"menu_order":0,"comment_status":"open","ping_status":"closed","template":"","meta":{"ub_ctt_via":"","footnotes":""},"class_list":["post-2202","page","type-page","status-publish","hentry"],"featured_image_src":null,"yoast_head":"<!-- This site is optimized with the Yoast SEO plugin v25.4 - https:\/\/yoast.com\/wordpress\/plugins\/seo\/ -->\n<title>\u25b7 Excel k\u0131sayolunu kullanarak geri alma ve yineleme nas\u0131l yap\u0131l\u0131r?<\/title>\n<meta name=\"description\" content=\"Bu derste, Excel&#039;deki bir \u00e7al\u0131\u015fma sayfas\u0131nda geri almak ve yinelemek i\u00e7in klavye k\u0131sayolunun nas\u0131l kullan\u0131laca\u011f\u0131n\u0131 \u00f6\u011frenece\u011fiz.\" \/>\n<meta name=\"robots\" content=\"index, follow, max-snippet:-1, max-image-preview:large, max-video-preview:-1\" \/>\n<link rel=\"canonical\" href=\"https:\/\/exceladvisor.org\/tr\/yinelemeyi-geri-al\/\" \/>\n<meta property=\"og:locale\" content=\"tr_TR\" \/>\n<meta property=\"og:type\" content=\"article\" \/>\n<meta property=\"og:title\" content=\"\u25b7 Excel k\u0131sayolunu kullanarak geri alma ve yineleme nas\u0131l yap\u0131l\u0131r?\" \/>\n<meta property=\"og:description\" content=\"Bu derste, Excel&#039;deki bir \u00e7al\u0131\u015fma sayfas\u0131nda geri almak ve yinelemek i\u00e7in klavye k\u0131sayolunun nas\u0131l kullan\u0131laca\u011f\u0131n\u0131 \u00f6\u011frenece\u011fiz.\" \/>\n<meta property=\"og:url\" content=\"https:\/\/exceladvisor.org\/tr\/yinelemeyi-geri-al\/\" \/>\n<meta property=\"og:site_name\" content=\"Excel Advisor\" \/>\n<meta property=\"article:modified_time\" content=\"2023-12-10T05:59:52+00:00\" \/>\n<meta property=\"og:image\" content=\"https:\/\/exceladvisor.org\/wp-content\/uploads\/2023\/08\/1-touches-de-raccourci-dannulation.png\" \/>\n<meta name=\"twitter:card\" content=\"summary_large_image\" \/>\n<meta name=\"twitter:label1\" content=\"Tahmini okuma s\u00fcresi\" \/>\n\t<meta name=\"twitter:data1\" content=\"1 dakika\" \/>\n<script type=\"application\/ld+json\" class=\"yoast-schema-graph\">{\"@context\":\"https:\/\/schema.org\",\"@graph\":[{\"@type\":\"WebPage\",\"@id\":\"https:\/\/exceladvisor.org\/tr\/yinelemeyi-geri-al\/\",\"url\":\"https:\/\/exceladvisor.org\/tr\/yinelemeyi-geri-al\/\",\"name\":\"\u25b7 Excel k\u0131sayolunu kullanarak geri alma ve yineleme nas\u0131l yap\u0131l\u0131r?\",\"isPartOf\":{\"@id\":\"https:\/\/exceladvisor.org\/tr\/#website\"},\"primaryImageOfPage\":{\"@id\":\"https:\/\/exceladvisor.org\/tr\/yinelemeyi-geri-al\/#primaryimage\"},\"image\":{\"@id\":\"https:\/\/exceladvisor.org\/tr\/yinelemeyi-geri-al\/#primaryimage\"},\"thumbnailUrl\":\"https:\/\/exceladvisor.org\/wp-content\/uploads\/2023\/08\/1-touches-de-raccourci-dannulation.png\",\"datePublished\":\"2023-09-25T02:20:43+00:00\",\"dateModified\":\"2023-12-10T05:59:52+00:00\",\"description\":\"Bu derste, Excel&#39;deki bir \u00e7al\u0131\u015fma sayfas\u0131nda geri almak ve yinelemek i\u00e7in klavye k\u0131sayolunun nas\u0131l kullan\u0131laca\u011f\u0131n\u0131 \u00f6\u011frenece\u011fiz.\",\"breadcrumb\":{\"@id\":\"https:\/\/exceladvisor.org\/tr\/yinelemeyi-geri-al\/#breadcrumb\"},\"inLanguage\":\"tr\",\"potentialAction\":[{\"@type\":\"ReadAction\",\"target\":[\"https:\/\/exceladvisor.org\/tr\/yinelemeyi-geri-al\/\"]}]},{\"@type\":\"ImageObject\",\"inLanguage\":\"tr\",\"@id\":\"https:\/\/exceladvisor.org\/tr\/yinelemeyi-geri-al\/#primaryimage\",\"url\":\"https:\/\/exceladvisor.org\/wp-content\/uploads\/2023\/08\/1-touches-de-raccourci-dannulation.png\",\"contentUrl\":\"https:\/\/exceladvisor.org\/wp-content\/uploads\/2023\/08\/1-touches-de-raccourci-dannulation.png\"},{\"@type\":\"BreadcrumbList\",\"@id\":\"https:\/\/exceladvisor.org\/tr\/yinelemeyi-geri-al\/#breadcrumb\",\"itemListElement\":[{\"@type\":\"ListItem\",\"position\":1,\"name\":\"Ev\",\"item\":\"https:\/\/exceladvisor.org\/tr\/\"},{\"@type\":\"ListItem\",\"position\":2,\"name\":\"Excel k\u0131sayolunu kullanarak nas\u0131l geri al\u0131n\u0131r ve yinelenir?\"}]},{\"@type\":\"WebSite\",\"@id\":\"https:\/\/exceladvisor.org\/tr\/#website\",\"url\":\"https:\/\/exceladvisor.org\/tr\/\",\"name\":\"Excel Advisor\",\"description\":\"Veri hakimiyetine y\u00f6nelik nihai rehberiniz!\",\"publisher\":{\"@id\":\"https:\/\/exceladvisor.org\/tr\/#organization\"},\"potentialAction\":[{\"@type\":\"SearchAction\",\"target\":{\"@type\":\"EntryPoint\",\"urlTemplate\":\"https:\/\/exceladvisor.org\/tr\/?s={search_term_string}\"},\"query-input\":{\"@type\":\"PropertyValueSpecification\",\"valueRequired\":true,\"valueName\":\"search_term_string\"}}],\"inLanguage\":\"tr\"},{\"@type\":\"Organization\",\"@id\":\"https:\/\/exceladvisor.org\/tr\/#organization\",\"name\":\"Excel Advisor\",\"url\":\"https:\/\/exceladvisor.org\/tr\/\",\"logo\":{\"@type\":\"ImageObject\",\"inLanguage\":\"tr\",\"@id\":\"https:\/\/exceladvisor.org\/tr\/#\/schema\/logo\/image\/\",\"url\":\"https:\/\/exceladvisor.org\/tr\/wp-content\/uploads\/2023\/12\/exceladvisor.org_.png\",\"contentUrl\":\"https:\/\/exceladvisor.org\/tr\/wp-content\/uploads\/2023\/12\/exceladvisor.org_.png\",\"width\":105,\"height\":36,\"caption\":\"Excel Advisor\"},\"image\":{\"@id\":\"https:\/\/exceladvisor.org\/tr\/#\/schema\/logo\/image\/\"}}]}<\/script>\n<!-- \/ Yoast SEO plugin. -->","yoast_head_json":{"title":"\u25b7 Excel k\u0131sayolunu kullanarak geri alma ve yineleme nas\u0131l yap\u0131l\u0131r?","description":"Bu derste, Excel&#39;deki bir \u00e7al\u0131\u015fma sayfas\u0131nda geri almak ve yinelemek i\u00e7in klavye k\u0131sayolunun nas\u0131l kullan\u0131laca\u011f\u0131n\u0131 \u00f6\u011frenece\u011fiz.","robots":{"index":"index","follow":"follow","max-snippet":"max-snippet:-1","max-image-preview":"max-image-preview:large","max-video-preview":"max-video-preview:-1"},"canonical":"https:\/\/exceladvisor.org\/tr\/yinelemeyi-geri-al\/","og_locale":"tr_TR","og_type":"article","og_title":"\u25b7 Excel k\u0131sayolunu kullanarak geri alma ve yineleme nas\u0131l yap\u0131l\u0131r?","og_description":"Bu derste, Excel&#39;deki bir \u00e7al\u0131\u015fma sayfas\u0131nda geri almak ve yinelemek i\u00e7in klavye k\u0131sayolunun nas\u0131l kullan\u0131laca\u011f\u0131n\u0131 \u00f6\u011frenece\u011fiz.","og_url":"https:\/\/exceladvisor.org\/tr\/yinelemeyi-geri-al\/","og_site_name":"Excel Advisor","article_modified_time":"2023-12-10T05:59:52+00:00","og_image":[{"url":"https:\/\/exceladvisor.org\/wp-content\/uploads\/2023\/08\/1-touches-de-raccourci-dannulation.png","type":"","width":"","height":""}],"twitter_card":"summary_large_image","twitter_misc":{"Tahmini okuma s\u00fcresi":"1 dakika"},"schema":{"@context":"https:\/\/schema.org","@graph":[{"@type":"WebPage","@id":"https:\/\/exceladvisor.org\/tr\/yinelemeyi-geri-al\/","url":"https:\/\/exceladvisor.org\/tr\/yinelemeyi-geri-al\/","name":"\u25b7 Excel k\u0131sayolunu kullanarak geri alma ve yineleme nas\u0131l yap\u0131l\u0131r?","isPartOf":{"@id":"https:\/\/exceladvisor.org\/tr\/#website"},"primaryImageOfPage":{"@id":"https:\/\/exceladvisor.org\/tr\/yinelemeyi-geri-al\/#primaryimage"},"image":{"@id":"https:\/\/exceladvisor.org\/tr\/yinelemeyi-geri-al\/#primaryimage"},"thumbnailUrl":"https:\/\/exceladvisor.org\/wp-content\/uploads\/2023\/08\/1-touches-de-raccourci-dannulation.png","datePublished":"2023-09-25T02:20:43+00:00","dateModified":"2023-12-10T05:59:52+00:00","description":"Bu derste, Excel&#39;deki bir \u00e7al\u0131\u015fma sayfas\u0131nda geri almak ve yinelemek i\u00e7in klavye k\u0131sayolunun nas\u0131l kullan\u0131laca\u011f\u0131n\u0131 \u00f6\u011frenece\u011fiz.","breadcrumb":{"@id":"https:\/\/exceladvisor.org\/tr\/yinelemeyi-geri-al\/#breadcrumb"},"inLanguage":"tr","potentialAction":[{"@type":"ReadAction","target":["https:\/\/exceladvisor.org\/tr\/yinelemeyi-geri-al\/"]}]},{"@type":"ImageObject","inLanguage":"tr","@id":"https:\/\/exceladvisor.org\/tr\/yinelemeyi-geri-al\/#primaryimage","url":"https:\/\/exceladvisor.org\/wp-content\/uploads\/2023\/08\/1-touches-de-raccourci-dannulation.png","contentUrl":"https:\/\/exceladvisor.org\/wp-content\/uploads\/2023\/08\/1-touches-de-raccourci-dannulation.png"},{"@type":"BreadcrumbList","@id":"https:\/\/exceladvisor.org\/tr\/yinelemeyi-geri-al\/#breadcrumb","itemListElement":[{"@type":"ListItem","position":1,"name":"Ev","item":"https:\/\/exceladvisor.org\/tr\/"},{"@type":"ListItem","position":2,"name":"Excel k\u0131sayolunu kullanarak nas\u0131l geri al\u0131n\u0131r ve yinelenir?"}]},{"@type":"WebSite","@id":"https:\/\/exceladvisor.org\/tr\/#website","url":"https:\/\/exceladvisor.org\/tr\/","name":"Excel Advisor","description":"Veri hakimiyetine y\u00f6nelik nihai rehberiniz!","publisher":{"@id":"https:\/\/exceladvisor.org\/tr\/#organization"},"potentialAction":[{"@type":"SearchAction","target":{"@type":"EntryPoint","urlTemplate":"https:\/\/exceladvisor.org\/tr\/?s={search_term_string}"},"query-input":{"@type":"PropertyValueSpecification","valueRequired":true,"valueName":"search_term_string"}}],"inLanguage":"tr"},{"@type":"Organization","@id":"https:\/\/exceladvisor.org\/tr\/#organization","name":"Excel Advisor","url":"https:\/\/exceladvisor.org\/tr\/","logo":{"@type":"ImageObject","inLanguage":"tr","@id":"https:\/\/exceladvisor.org\/tr\/#\/schema\/logo\/image\/","url":"https:\/\/exceladvisor.org\/tr\/wp-content\/uploads\/2023\/12\/exceladvisor.org_.png","contentUrl":"https:\/\/exceladvisor.org\/tr\/wp-content\/uploads\/2023\/12\/exceladvisor.org_.png","width":105,"height":36,"caption":"Excel Advisor"},"image":{"@id":"https:\/\/exceladvisor.org\/tr\/#\/schema\/logo\/image\/"}}]}},"yoast_meta":{"yoast_wpseo_title":"","yoast_wpseo_metadesc":"","yoast_wpseo_canonical":""},"_links":{"self":[{"href":"https:\/\/exceladvisor.org\/tr\/wp-json\/wp\/v2\/pages\/2202","targetHints":{"allow":["GET"]}}],"collection":[{"href":"https:\/\/exceladvisor.org\/tr\/wp-json\/wp\/v2\/pages"}],"about":[{"href":"https:\/\/exceladvisor.org\/tr\/wp-json\/wp\/v2\/types\/page"}],"author":[{"embeddable":true,"href":"https:\/\/exceladvisor.org\/tr\/wp-json\/wp\/v2\/users\/1"}],"replies":[{"embeddable":true,"href":"https:\/\/exceladvisor.org\/tr\/wp-json\/wp\/v2\/comments?post=2202"}],"version-history":[{"count":1,"href":"https:\/\/exceladvisor.org\/tr\/wp-json\/wp\/v2\/pages\/2202\/revisions"}],"predecessor-version":[{"id":2361,"href":"https:\/\/exceladvisor.org\/tr\/wp-json\/wp\/v2\/pages\/2202\/revisions\/2361"}],"wp:attachment":[{"href":"https:\/\/exceladvisor.org\/tr\/wp-json\/wp\/v2\/media?parent=2202"}],"curies":[{"name":"wp","href":"https:\/\/api.w.org\/{rel}","templated":true}]}}