{"id":2203,"date":"2023-09-25T01:25:55","date_gmt":"2023-09-25T01:25:55","guid":{"rendered":"https:\/\/exceladvisor.org\/tr\/girinti-ekle\/"},"modified":"2023-12-10T06:01:28","modified_gmt":"2023-12-10T06:01:28","slug":"girinti-ekle","status":"publish","type":"page","link":"https:\/\/exceladvisor.org\/tr\/girinti-ekle\/","title":{"rendered":"Excel&#39;de girinti nas\u0131l eklenir?"},"content":{"rendered":"<div class=\"excel-icerikten-once\" id=\"excel-3197611383\"><script type=\"text\/javascript\">\r\n\tatOptions = {\r\n\t\t'key' : 'c1158f160081d6540a8409e6925dab94',\r\n\t\t'format' : 'iframe',\r\n\t\t'height' : 250,\r\n\t\t'width' : 300,\r\n\t\t'params' : {}\r\n\t};\r\n<\/script>\r\n<script type=\"text\/javascript\" src=\"\/\/www.highperformanceformat.com\/c1158f160081d6540a8409e6925dab94\/invoke.js\"><\/script><\/div> <p>Excel&#8217;de girinti, h\u00fccredeki metnin sola veya sa\u011fa hizalamas\u0131n\u0131 de\u011fi\u015ftirmek (art\u0131rmak veya azaltmak) i\u00e7in kullan\u0131l\u0131r. Excel, varsay\u0131lan olarak h\u00fccrelerdeki metni sola, say\u0131lar\u0131 ise sa\u011fa hizalar.<\/p><p> Ancak h\u00fccrelerde artan girintiyi kullanarak hizalamay\u0131 sa\u011fa, girintiyi azaltarak da sola ta\u015f\u0131yabilirsiniz.<\/p><h2 id=\"0-keyboard-shortcut-to-add-indent-in-the-excel\" class=\"wp-block-heading\"> Excel&#8217;de Girinti Eklemek i\u00e7in K\u0131sayol Tu\u015flar\u0131<\/h2><p> Girintiyi art\u0131rmak veya azaltmak i\u00e7in kullan\u0131lan klavye k\u0131sayollar\u0131 a\u015fa\u011f\u0131da belirtilmi\u015ftir:<\/p><p> <kbd>Alt<\/kbd> \u2192 <kbd>H<\/kbd> \u2192 <kbd>6<\/kbd> (Girintiyi art\u0131r) <\/p><div class=\"wp-block-image\"><figure class=\"aligncenter size-full is-resized\"><img loading=\"lazy\" decoding=\"async\" class=\"wp-image-70398\" src=\"https:\/\/exceladvisor.org\/wp-content\/uploads\/2023\/08\/1-raccourci-pour-augmenter-le-retrait.png\" sizes=\"auto, \" srcset=\"\" alt=\"girintiyi art\u0131rma k\u0131sayolu\" width=\"767\" height=\"301\"><\/figure><\/div><p> <kbd>Alt<\/kbd> \u2192 <kbd>H<\/kbd> \u2192 <kbd>5<\/kbd> (girintiyi azalt) <\/p><div class=\"wp-block-image\"><figure class=\"aligncenter size-full is-resized\"><img loading=\"lazy\" decoding=\"async\" class=\"wp-image-70399\" src=\"https:\/\/exceladvisor.org\/wp-content\/uploads\/2023\/08\/2-raccourci-pour-diminuer-le-retrait.png\" sizes=\"auto, \" srcset=\"\" alt=\"B\u00fcz\u00fclmeyi azaltman\u0131n k\u0131sayolu\" width=\"771\" height=\"302\"><\/figure><\/div><h2 id=\"1-steps-to-add-indent-using-keyboard-shortcut\" class=\"wp-block-heading\"> Klavye K\u0131sayolu Kullanarak Girinti Ekleme Ad\u0131mlar\u0131<\/h2><ol><li> \u0130lk \u00f6nce girintiyi eklemek istedi\u011finiz h\u00fccreyi veya h\u00fccre aral\u0131\u011f\u0131n\u0131 se\u00e7in. <br><img decoding=\"async\" title=\"3 h\u00fccreli se\u00e7im\" src=\"https:\/\/exceladvisor.org\/wp-content\/uploads\/2023\/08\/3-selectionner-les-cellules.png\" sizes=\"\" srcset=\"\" alt=\"select-the-cells\"><\/li><li> Daha sonra \u201cAlt \u2192 H \u2192 6\u201d tu\u015flar\u0131na basarak h\u00fccrelerdeki metni sa\u011fa do\u011fru hareket ettirin.<\/li><li> Veya h\u00fccrelerde hizalamay\u0131 sola ta\u015f\u0131mak i\u00e7in \u201cAlt \u2192 H \u2192 5\u201d tu\u015flar\u0131na bas\u0131n.<\/li><li> Hizalamay\u0131 gereken belirli bir seviyeye ta\u015f\u0131mak i\u00e7in girinti k\u0131sayol tu\u015flar\u0131na birka\u00e7 kez bas\u0131n. <br><img decoding=\"async\" title=\"4-h\u00fccreye eklenen-\u00e7\u0131kar\u0131lan\" src=\"https:\/\/exceladvisor.org\/wp-content\/uploads\/2023\/08\/4-retrait-ajoute-a-la-cellule.png\" sizes=\"\" srcset=\"\" alt=\"added-indent-to-cell\"><\/li><\/ol><div class=\"gb-container gb-container-2116538e gb-container-mt\"><h2 class=\"gb-headline gb-headline-7ed68554 gb-headline-text gb-headline-mt-heading\"> Daha fazla k\u0131sayol <\/h2><div class=\"gb-grid-wrapper gb-grid-wrapper-edeef538 gb-grid-wrapper-mt-grid\"><div class=\"gb-grid-column gb-grid-column-6ab6fbc6\"><div class=\"gb-container gb-container-6ab6fbc6\"><ul><li> <a href=\"https:\/\/exceladvisor.org\/tr\/acik-formatli-hucre-secenekleri\/\">Bi\u00e7im h\u00fccrelerini a\u00e7ma se\u00e7ene\u011fi<\/a><\/li><li> <a href=\"https:\/\/exceladvisor.org\/tr\/otomatik-ayar\/\">Otomatik ayarlama<\/a><\/li><li> <a href=\"https:\/\/exceladvisor.org\/tr\/ressam-formati-1\/\">Ressam format\u0131<\/a><\/li><li> <a href=\"https:\/\/exceladvisor.org\/tr\/metni-sar\/\">Metni kayd\u0131r<\/a><\/li><li> <a href=\"https:\/\/exceladvisor.org\/tr\/yorum-ekle\/\">Yorum ekle<\/a> <\/li><\/ul><\/div><\/div><div class=\"gb-grid-column gb-grid-column-766d598b\"><div class=\"gb-container gb-container-766d598b\"><\/div><\/div><\/div><\/div>","protected":false},"excerpt":{"rendered":"","protected":false},"author":1,"featured_media":0,"parent":0,"menu_order":0,"comment_status":"open","ping_status":"closed","template":"","meta":{"ub_ctt_via":"","footnotes":""},"class_list":["post-2203","page","type-page","status-publish","hentry"],"featured_image_src":null,"yoast_head":"<!-- This site is optimized with the Yoast SEO plugin v25.4 - https:\/\/yoast.com\/wordpress\/plugins\/seo\/ -->\n<title>\u25b7 Excel&#039;de girinti nas\u0131l eklenir? (E\u011fitim 2023)<\/title>\n<meta name=\"description\" content=\"Bu e\u011fitimde, Excel&#039;de girinti eklemek i\u00e7in klavye k\u0131sayolunun nas\u0131l kullan\u0131laca\u011f\u0131n\u0131 ve ilgili t\u00fcm bilgileri \u00f6\u011freneceksiniz.\" \/>\n<meta name=\"robots\" content=\"index, follow, max-snippet:-1, max-image-preview:large, max-video-preview:-1\" \/>\n<link rel=\"canonical\" href=\"https:\/\/exceladvisor.org\/tr\/girinti-ekle\/\" \/>\n<meta property=\"og:locale\" content=\"tr_TR\" \/>\n<meta property=\"og:type\" content=\"article\" \/>\n<meta property=\"og:title\" content=\"\u25b7 Excel&#039;de girinti nas\u0131l eklenir? (E\u011fitim 2023)\" \/>\n<meta property=\"og:description\" content=\"Bu e\u011fitimde, Excel&#039;de girinti eklemek i\u00e7in klavye k\u0131sayolunun nas\u0131l kullan\u0131laca\u011f\u0131n\u0131 ve ilgili t\u00fcm bilgileri \u00f6\u011freneceksiniz.\" \/>\n<meta property=\"og:url\" content=\"https:\/\/exceladvisor.org\/tr\/girinti-ekle\/\" \/>\n<meta property=\"og:site_name\" content=\"Excel Advisor\" \/>\n<meta property=\"article:modified_time\" content=\"2023-12-10T06:01:28+00:00\" \/>\n<meta property=\"og:image\" content=\"https:\/\/exceladvisor.org\/wp-content\/uploads\/2023\/08\/1-raccourci-pour-augmenter-le-retrait.png\" \/>\n<meta name=\"twitter:card\" content=\"summary_large_image\" \/>\n<meta name=\"twitter:label1\" content=\"Tahmini okuma s\u00fcresi\" \/>\n\t<meta name=\"twitter:data1\" content=\"1 dakika\" \/>\n<script type=\"application\/ld+json\" class=\"yoast-schema-graph\">{\"@context\":\"https:\/\/schema.org\",\"@graph\":[{\"@type\":\"WebPage\",\"@id\":\"https:\/\/exceladvisor.org\/tr\/girinti-ekle\/\",\"url\":\"https:\/\/exceladvisor.org\/tr\/girinti-ekle\/\",\"name\":\"\u25b7 Excel&#39;de girinti nas\u0131l eklenir? (E\u011fitim 2023)\",\"isPartOf\":{\"@id\":\"https:\/\/exceladvisor.org\/tr\/#website\"},\"primaryImageOfPage\":{\"@id\":\"https:\/\/exceladvisor.org\/tr\/girinti-ekle\/#primaryimage\"},\"image\":{\"@id\":\"https:\/\/exceladvisor.org\/tr\/girinti-ekle\/#primaryimage\"},\"thumbnailUrl\":\"https:\/\/exceladvisor.org\/wp-content\/uploads\/2023\/08\/1-raccourci-pour-augmenter-le-retrait.png\",\"datePublished\":\"2023-09-25T01:25:55+00:00\",\"dateModified\":\"2023-12-10T06:01:28+00:00\",\"description\":\"Bu e\u011fitimde, Excel&#39;de girinti eklemek i\u00e7in klavye k\u0131sayolunun nas\u0131l kullan\u0131laca\u011f\u0131n\u0131 ve ilgili t\u00fcm bilgileri \u00f6\u011freneceksiniz.\",\"breadcrumb\":{\"@id\":\"https:\/\/exceladvisor.org\/tr\/girinti-ekle\/#breadcrumb\"},\"inLanguage\":\"tr\",\"potentialAction\":[{\"@type\":\"ReadAction\",\"target\":[\"https:\/\/exceladvisor.org\/tr\/girinti-ekle\/\"]}]},{\"@type\":\"ImageObject\",\"inLanguage\":\"tr\",\"@id\":\"https:\/\/exceladvisor.org\/tr\/girinti-ekle\/#primaryimage\",\"url\":\"https:\/\/exceladvisor.org\/wp-content\/uploads\/2023\/08\/1-raccourci-pour-augmenter-le-retrait.png\",\"contentUrl\":\"https:\/\/exceladvisor.org\/wp-content\/uploads\/2023\/08\/1-raccourci-pour-augmenter-le-retrait.png\"},{\"@type\":\"BreadcrumbList\",\"@id\":\"https:\/\/exceladvisor.org\/tr\/girinti-ekle\/#breadcrumb\",\"itemListElement\":[{\"@type\":\"ListItem\",\"position\":1,\"name\":\"Ev\",\"item\":\"https:\/\/exceladvisor.org\/tr\/\"},{\"@type\":\"ListItem\",\"position\":2,\"name\":\"Excel&#39;de girinti nas\u0131l eklenir?\"}]},{\"@type\":\"WebSite\",\"@id\":\"https:\/\/exceladvisor.org\/tr\/#website\",\"url\":\"https:\/\/exceladvisor.org\/tr\/\",\"name\":\"Excel Advisor\",\"description\":\"Veri hakimiyetine y\u00f6nelik nihai rehberiniz!\",\"publisher\":{\"@id\":\"https:\/\/exceladvisor.org\/tr\/#organization\"},\"potentialAction\":[{\"@type\":\"SearchAction\",\"target\":{\"@type\":\"EntryPoint\",\"urlTemplate\":\"https:\/\/exceladvisor.org\/tr\/?s={search_term_string}\"},\"query-input\":{\"@type\":\"PropertyValueSpecification\",\"valueRequired\":true,\"valueName\":\"search_term_string\"}}],\"inLanguage\":\"tr\"},{\"@type\":\"Organization\",\"@id\":\"https:\/\/exceladvisor.org\/tr\/#organization\",\"name\":\"Excel Advisor\",\"url\":\"https:\/\/exceladvisor.org\/tr\/\",\"logo\":{\"@type\":\"ImageObject\",\"inLanguage\":\"tr\",\"@id\":\"https:\/\/exceladvisor.org\/tr\/#\/schema\/logo\/image\/\",\"url\":\"https:\/\/exceladvisor.org\/tr\/wp-content\/uploads\/2023\/12\/exceladvisor.org_.png\",\"contentUrl\":\"https:\/\/exceladvisor.org\/tr\/wp-content\/uploads\/2023\/12\/exceladvisor.org_.png\",\"width\":105,\"height\":36,\"caption\":\"Excel Advisor\"},\"image\":{\"@id\":\"https:\/\/exceladvisor.org\/tr\/#\/schema\/logo\/image\/\"}}]}<\/script>\n<!-- \/ Yoast SEO plugin. -->","yoast_head_json":{"title":"\u25b7 Excel&#39;de girinti nas\u0131l eklenir? (E\u011fitim 2023)","description":"Bu e\u011fitimde, Excel&#39;de girinti eklemek i\u00e7in klavye k\u0131sayolunun nas\u0131l kullan\u0131laca\u011f\u0131n\u0131 ve ilgili t\u00fcm bilgileri \u00f6\u011freneceksiniz.","robots":{"index":"index","follow":"follow","max-snippet":"max-snippet:-1","max-image-preview":"max-image-preview:large","max-video-preview":"max-video-preview:-1"},"canonical":"https:\/\/exceladvisor.org\/tr\/girinti-ekle\/","og_locale":"tr_TR","og_type":"article","og_title":"\u25b7 Excel&#39;de girinti nas\u0131l eklenir? (E\u011fitim 2023)","og_description":"Bu e\u011fitimde, Excel&#39;de girinti eklemek i\u00e7in klavye k\u0131sayolunun nas\u0131l kullan\u0131laca\u011f\u0131n\u0131 ve ilgili t\u00fcm bilgileri \u00f6\u011freneceksiniz.","og_url":"https:\/\/exceladvisor.org\/tr\/girinti-ekle\/","og_site_name":"Excel Advisor","article_modified_time":"2023-12-10T06:01:28+00:00","og_image":[{"url":"https:\/\/exceladvisor.org\/wp-content\/uploads\/2023\/08\/1-raccourci-pour-augmenter-le-retrait.png","type":"","width":"","height":""}],"twitter_card":"summary_large_image","twitter_misc":{"Tahmini okuma s\u00fcresi":"1 dakika"},"schema":{"@context":"https:\/\/schema.org","@graph":[{"@type":"WebPage","@id":"https:\/\/exceladvisor.org\/tr\/girinti-ekle\/","url":"https:\/\/exceladvisor.org\/tr\/girinti-ekle\/","name":"\u25b7 Excel&#39;de girinti nas\u0131l eklenir? (E\u011fitim 2023)","isPartOf":{"@id":"https:\/\/exceladvisor.org\/tr\/#website"},"primaryImageOfPage":{"@id":"https:\/\/exceladvisor.org\/tr\/girinti-ekle\/#primaryimage"},"image":{"@id":"https:\/\/exceladvisor.org\/tr\/girinti-ekle\/#primaryimage"},"thumbnailUrl":"https:\/\/exceladvisor.org\/wp-content\/uploads\/2023\/08\/1-raccourci-pour-augmenter-le-retrait.png","datePublished":"2023-09-25T01:25:55+00:00","dateModified":"2023-12-10T06:01:28+00:00","description":"Bu e\u011fitimde, Excel&#39;de girinti eklemek i\u00e7in klavye k\u0131sayolunun nas\u0131l kullan\u0131laca\u011f\u0131n\u0131 ve ilgili t\u00fcm bilgileri \u00f6\u011freneceksiniz.","breadcrumb":{"@id":"https:\/\/exceladvisor.org\/tr\/girinti-ekle\/#breadcrumb"},"inLanguage":"tr","potentialAction":[{"@type":"ReadAction","target":["https:\/\/exceladvisor.org\/tr\/girinti-ekle\/"]}]},{"@type":"ImageObject","inLanguage":"tr","@id":"https:\/\/exceladvisor.org\/tr\/girinti-ekle\/#primaryimage","url":"https:\/\/exceladvisor.org\/wp-content\/uploads\/2023\/08\/1-raccourci-pour-augmenter-le-retrait.png","contentUrl":"https:\/\/exceladvisor.org\/wp-content\/uploads\/2023\/08\/1-raccourci-pour-augmenter-le-retrait.png"},{"@type":"BreadcrumbList","@id":"https:\/\/exceladvisor.org\/tr\/girinti-ekle\/#breadcrumb","itemListElement":[{"@type":"ListItem","position":1,"name":"Ev","item":"https:\/\/exceladvisor.org\/tr\/"},{"@type":"ListItem","position":2,"name":"Excel&#39;de girinti nas\u0131l eklenir?"}]},{"@type":"WebSite","@id":"https:\/\/exceladvisor.org\/tr\/#website","url":"https:\/\/exceladvisor.org\/tr\/","name":"Excel Advisor","description":"Veri hakimiyetine y\u00f6nelik nihai rehberiniz!","publisher":{"@id":"https:\/\/exceladvisor.org\/tr\/#organization"},"potentialAction":[{"@type":"SearchAction","target":{"@type":"EntryPoint","urlTemplate":"https:\/\/exceladvisor.org\/tr\/?s={search_term_string}"},"query-input":{"@type":"PropertyValueSpecification","valueRequired":true,"valueName":"search_term_string"}}],"inLanguage":"tr"},{"@type":"Organization","@id":"https:\/\/exceladvisor.org\/tr\/#organization","name":"Excel Advisor","url":"https:\/\/exceladvisor.org\/tr\/","logo":{"@type":"ImageObject","inLanguage":"tr","@id":"https:\/\/exceladvisor.org\/tr\/#\/schema\/logo\/image\/","url":"https:\/\/exceladvisor.org\/tr\/wp-content\/uploads\/2023\/12\/exceladvisor.org_.png","contentUrl":"https:\/\/exceladvisor.org\/tr\/wp-content\/uploads\/2023\/12\/exceladvisor.org_.png","width":105,"height":36,"caption":"Excel Advisor"},"image":{"@id":"https:\/\/exceladvisor.org\/tr\/#\/schema\/logo\/image\/"}}]}},"yoast_meta":{"yoast_wpseo_title":"","yoast_wpseo_metadesc":"","yoast_wpseo_canonical":""},"_links":{"self":[{"href":"https:\/\/exceladvisor.org\/tr\/wp-json\/wp\/v2\/pages\/2203","targetHints":{"allow":["GET"]}}],"collection":[{"href":"https:\/\/exceladvisor.org\/tr\/wp-json\/wp\/v2\/pages"}],"about":[{"href":"https:\/\/exceladvisor.org\/tr\/wp-json\/wp\/v2\/types\/page"}],"author":[{"embeddable":true,"href":"https:\/\/exceladvisor.org\/tr\/wp-json\/wp\/v2\/users\/1"}],"replies":[{"embeddable":true,"href":"https:\/\/exceladvisor.org\/tr\/wp-json\/wp\/v2\/comments?post=2203"}],"version-history":[{"count":1,"href":"https:\/\/exceladvisor.org\/tr\/wp-json\/wp\/v2\/pages\/2203\/revisions"}],"predecessor-version":[{"id":2526,"href":"https:\/\/exceladvisor.org\/tr\/wp-json\/wp\/v2\/pages\/2203\/revisions\/2526"}],"wp:attachment":[{"href":"https:\/\/exceladvisor.org\/tr\/wp-json\/wp\/v2\/media?parent=2203"}],"curies":[{"name":"wp","href":"https:\/\/api.w.org\/{rel}","templated":true}]}}