{"id":2204,"date":"2023-09-25T00:44:32","date_gmt":"2023-09-25T00:44:32","guid":{"rendered":"https:\/\/exceladvisor.org\/tr\/sinirlari-uygula\/"},"modified":"2023-12-10T05:59:43","modified_gmt":"2023-12-10T05:59:43","slug":"sinirlari-uygula","status":"publish","type":"page","link":"https:\/\/exceladvisor.org\/tr\/sinirlari-uygula\/","title":{"rendered":"Excel k\u0131sayolu arac\u0131l\u0131\u011f\u0131yla kenarl\u0131k nas\u0131l uygulan\u0131r?"},"content":{"rendered":"<div class=\"excel-icerikten-once\" id=\"excel-2561481726\"><script type=\"text\/javascript\">\r\n\tatOptions = {\r\n\t\t'key' : 'c1158f160081d6540a8409e6925dab94',\r\n\t\t'format' : 'iframe',\r\n\t\t'height' : 250,\r\n\t\t'width' : 300,\r\n\t\t'params' : {}\r\n\t};\r\n<\/script>\r\n<script type=\"text\/javascript\" src=\"\/\/www.highperformanceformat.com\/c1158f160081d6540a8409e6925dab94\/invoke.js\"><\/script><\/div> <p>Excel h\u00fccreye herhangi bir kenarl\u0131k uygulamaz, ancak h\u00fccrelere, aral\u0131\u011fa veya \u00e7al\u0131\u015fma sayfas\u0131na kullan\u0131c\u0131lar taraf\u0131ndan manuel olarak veya klavye k\u0131sayollar\u0131 kullan\u0131larak uygulanabilecek \u00e7e\u015fitli t\u00fcrde kenarl\u0131k se\u00e7enekleri vard\u0131r.<\/p><p> Bu e\u011fitimde Excel&#8217;de kenarl\u0131k uygulamak i\u00e7in baz\u0131 klavye k\u0131sayollar\u0131n\u0131 a\u00e7\u0131klad\u0131k.<\/p><h2 class=\"wp-block-heading\"> Excel&#8217;de kenarl\u0131k uygulamak i\u00e7in k\u0131sayol tu\u015flar\u0131<\/h2><p> En s\u0131k kullan\u0131lan kenarl\u0131k se\u00e7ene\u011fi, h\u00fccrenin her taraf\u0131na kenarl\u0131k uygulayan &#8220;T\u00fcm Kenarl\u0131klar&#8221;d\u0131r.<\/p><p> <kbd>Alt<\/kbd> \u2192 <kbd>H<\/kbd> \u2192 <kbd>B<\/kbd> \u2192 <kbd>A<\/kbd> <\/p><div class=\"wp-block-image\"><figure class=\"aligncenter size-full is-resized\"><img loading=\"lazy\" decoding=\"async\" class=\"wp-image-70418\" src=\"https:\/\/exceladvisor.org\/wp-content\/uploads\/2023\/08\/1-raccourci-pour-appliquer-la-bordure.png\" sizes=\"auto, \" srcset=\"\" alt=\"kenarl\u0131\u011f\u0131 uygulamak i\u00e7in k\u0131sayol\" width=\"774\" height=\"303\"><\/figure><\/div><h2 class=\"wp-block-heading\"> Klavye K\u0131sayolu Kullanarak Kenarl\u0131k Uygulama Ad\u0131mlar\u0131<\/h2><ul><li> \u00d6ncelikle, kenarl\u0131k uygulamak istedi\u011finiz h\u00fccreleri se\u00e7mek i\u00e7in \u201cCtrl + A\u201d tu\u015flar\u0131n\u0131 kullanarak \u00e7al\u0131\u015fma sayfas\u0131ndaki h\u00fccreyi, h\u00fccre aral\u0131\u011f\u0131n\u0131 veya t\u00fcm verileri se\u00e7in. <br><img loading=\"lazy\" decoding=\"async\" title=\"2 se\u00e7im aral\u0131\u011f\u0131\" src=\"https:\/\/exceladvisor.org\/wp-content\/uploads\/2023\/08\/2-selectionner-la-gamme.png\" sizes=\"auto, \" srcset=\"\" alt=\"select-the-range\" width=\"437\" height=\"206\"><\/li><li> Bundan sonra s\u0131rayla Alt \u2192 H \u2192 B \u2192 A tu\u015flar\u0131na bast\u0131\u011f\u0131n\u0131zda, se\u00e7ilen her h\u00fccrenin t\u00fcm kenarlar\u0131na uygulanan kenarl\u0131klar\u0131 elde edersiniz. <br><img loading=\"lazy\" decoding=\"async\" title=\"H\u00fccrelere 3 kenarl\u0131k uyguland\u0131\" src=\"https:\/\/exceladvisor.org\/wp-content\/uploads\/2023\/08\/3-bordure-appliquee-aux-cellules.png\" sizes=\"auto, \" srcset=\"\" alt=\"border-applied-to-the-cells\" width=\"438\" height=\"207\"><\/li><\/ul><h2 class=\"wp-block-heading\"> Farkl\u0131 kenarl\u0131k t\u00fcrlerini uygulamak i\u00e7in k\u0131sayol tu\u015flar\u0131<\/h2><p> T\u00fcm kenarl\u0131k t\u00fcrlerini uygulamak i\u00e7in kullan\u0131lan k\u0131sayol tu\u015fu birle\u015fimi, kombinasyondaki son tu\u015fun uygulamak istedi\u011finiz kenarl\u0131k t\u00fcr\u00fcne ba\u011fl\u0131 olarak de\u011fi\u015fmesi d\u0131\u015f\u0131nda ayn\u0131d\u0131r.<\/p><ol><li> H\u00fccrelerin alt k\u0131sm\u0131na kenarl\u0131klar uygulay\u0131n: <kbd>Alt<\/kbd> \u2192 <kbd>H<\/kbd> \u2192 <kbd>B<\/kbd> \u2192 <kbd>O<\/kbd><\/li><li> H\u00fccrelerin \u00fcst\u00fcne kenarl\u0131k uygulama: Alt \u2192 H \u2192 B \u2192 P<\/li><li> H\u00fccrelerin soluna kenarl\u0131klar uygulay\u0131n: Alt \u2192 H \u2192 B \u2192 L<\/li><li> H\u00fccrelerin sa\u011f\u0131na kenarl\u0131klar uygulay\u0131n: Alt \u2192 H \u2192 B \u2192 R<\/li><li> Kenarl\u0131klar\u0131 yaln\u0131zca se\u00e7ilen aral\u0131\u011f\u0131n d\u0131\u015f\u0131nda uygulay\u0131n: Alt \u2192 H \u2192 B \u2192 S<\/li><li> Yaln\u0131zca se\u00e7ilen aral\u0131\u011f\u0131n d\u0131\u015f\u0131nda kal\u0131n kenarl\u0131klar uygulay\u0131n: Alt \u2192 H \u2192 B \u2192 T<\/li><li> H\u00fccrelerin alt\u0131na \u00e7ift kenarl\u0131k uygulay\u0131n: Alt \u2192 H \u2192 B \u2192 B<\/li><li> H\u00fccrelerin alt\u0131na kal\u0131n \u00e7ift kenarl\u0131klar uygulay\u0131n: Alt \u2192 H \u2192 B \u2192 H <\/li><\/ol><div class=\"wp-block-image\"><figure class=\"aligncenter size-full is-resized\"><img loading=\"lazy\" decoding=\"async\" class=\"wp-image-70421\" src=\"https:\/\/exceladvisor.org\/wp-content\/uploads\/2023\/08\/4-types-de-bordures-multiples.png\" sizes=\"auto, \" srcset=\"\" alt=\"\u00e7oklu kenarl\u0131k t\u00fcrleri\" width=\"225\" height=\"512\"><\/figure><\/div><p> Daha fazla kenarl\u0131k se\u00e7ene\u011fi bulmak ve uygulamak i\u00e7in \u201cAlt \u2192 H \u2192 B \u2192 M\u201d tu\u015flar\u0131na bast\u0131\u011f\u0131n\u0131zda, aralar\u0131ndan se\u00e7im yapabilece\u011finiz daha fazla kenarl\u0131k se\u00e7ene\u011fiyle \u201cH\u00fccreleri Bi\u00e7imlendir\u201d ileti\u015fim kutusu a\u00e7\u0131l\u0131r. <\/p><div class=\"wp-block-image\"><figure class=\"aligncenter size-full is-resized\"><img loading=\"lazy\" decoding=\"async\" class=\"wp-image-70422\" src=\"https:\/\/exceladvisor.org\/wp-content\/uploads\/2023\/08\/5-autres-options-de-bordure.png\" sizes=\"auto, \" srcset=\"\" alt=\"daha fazla kenarl\u0131k se\u00e7ene\u011fi\" width=\"549\" height=\"441\"><\/figure><\/div><div class=\"gb-container gb-container-2116538e gb-container-mt\"> <a class=\"gb-button gb-button-f7d2c131 gb-button-text gb-button-mt-button\" href=\"https:\/\/exceladvisor.org\/tr\/klavye-kisayollari\/\">Excel&#8217;in klavye k\u0131sayollar\u0131<\/a><h2 class=\"gb-headline gb-headline-7ed68554 gb-headline-text gb-headline-mt-heading\"> Daha fazla k\u0131sayol <\/h2><div class=\"gb-grid-wrapper gb-grid-wrapper-edeef538 gb-grid-wrapper-mt-grid\"><div class=\"gb-grid-column gb-grid-column-6ab6fbc6\"><div class=\"gb-container gb-container-6ab6fbc6\"><ul><li> <a href=\"https:\/\/exceladvisor.org\/tr\/acik-formatli-hucre-secenekleri\/\">Bi\u00e7im h\u00fccrelerini a\u00e7ma se\u00e7ene\u011fi<\/a><\/li><li> <a href=\"https:\/\/exceladvisor.org\/tr\/otomatik-ayar\/\">Otomatik ayarlama<\/a><\/li><li> <a href=\"https:\/\/exceladvisor.org\/tr\/ressam-formati-1\/\">Ressam format\u0131<\/a><\/li><li> <a href=\"https:\/\/exceladvisor.org\/tr\/metni-sar\/\">Metni kayd\u0131r<\/a><\/li><li> <a href=\"https:\/\/exceladvisor.org\/tr\/yorum-ekle\/\">Yorum ekle<\/a> <\/li><\/ul><\/div><\/div><div class=\"gb-grid-column gb-grid-column-766d598b\"><div class=\"gb-container gb-container-766d598b\"><\/div><\/div><\/div><\/div>","protected":false},"excerpt":{"rendered":"","protected":false},"author":1,"featured_media":0,"parent":0,"menu_order":0,"comment_status":"open","ping_status":"closed","template":"","meta":{"ub_ctt_via":"","footnotes":""},"class_list":["post-2204","page","type-page","status-publish","hentry"],"featured_image_src":null,"yoast_head":"<!-- This site is optimized with the Yoast SEO plugin v25.4 - https:\/\/yoast.com\/wordpress\/plugins\/seo\/ -->\n<title>\u25b7 Excel k\u0131sayolu arac\u0131l\u0131\u011f\u0131yla kenarl\u0131k nas\u0131l uygulan\u0131r?<\/title>\n<meta name=\"description\" content=\"Bu e\u011fitimde, Excel&#039;de kenarl\u0131k uygulamak i\u00e7in klavye k\u0131sayolunun nas\u0131l kullan\u0131laca\u011f\u0131n\u0131 ve ilgili t\u00fcm bilgileri \u00f6\u011freneceksiniz.\" \/>\n<meta name=\"robots\" content=\"index, follow, max-snippet:-1, max-image-preview:large, max-video-preview:-1\" \/>\n<link rel=\"canonical\" href=\"https:\/\/exceladvisor.org\/tr\/sinirlari-uygula\/\" \/>\n<meta property=\"og:locale\" content=\"tr_TR\" \/>\n<meta property=\"og:type\" content=\"article\" \/>\n<meta property=\"og:title\" content=\"\u25b7 Excel k\u0131sayolu arac\u0131l\u0131\u011f\u0131yla kenarl\u0131k nas\u0131l uygulan\u0131r?\" \/>\n<meta property=\"og:description\" content=\"Bu e\u011fitimde, Excel&#039;de kenarl\u0131k uygulamak i\u00e7in klavye k\u0131sayolunun nas\u0131l kullan\u0131laca\u011f\u0131n\u0131 ve ilgili t\u00fcm bilgileri \u00f6\u011freneceksiniz.\" \/>\n<meta property=\"og:url\" content=\"https:\/\/exceladvisor.org\/tr\/sinirlari-uygula\/\" \/>\n<meta property=\"og:site_name\" content=\"Excel Advisor\" \/>\n<meta property=\"article:modified_time\" content=\"2023-12-10T05:59:43+00:00\" \/>\n<meta property=\"og:image\" content=\"https:\/\/exceladvisor.org\/wp-content\/uploads\/2023\/08\/1-raccourci-pour-appliquer-la-bordure.png\" \/>\n<meta name=\"twitter:card\" content=\"summary_large_image\" \/>\n<meta name=\"twitter:label1\" content=\"Tahmini okuma s\u00fcresi\" \/>\n\t<meta name=\"twitter:data1\" content=\"2 dakika\" \/>\n<script type=\"application\/ld+json\" class=\"yoast-schema-graph\">{\"@context\":\"https:\/\/schema.org\",\"@graph\":[{\"@type\":\"WebPage\",\"@id\":\"https:\/\/exceladvisor.org\/tr\/sinirlari-uygula\/\",\"url\":\"https:\/\/exceladvisor.org\/tr\/sinirlari-uygula\/\",\"name\":\"\u25b7 Excel k\u0131sayolu arac\u0131l\u0131\u011f\u0131yla kenarl\u0131k nas\u0131l uygulan\u0131r?\",\"isPartOf\":{\"@id\":\"https:\/\/exceladvisor.org\/tr\/#website\"},\"primaryImageOfPage\":{\"@id\":\"https:\/\/exceladvisor.org\/tr\/sinirlari-uygula\/#primaryimage\"},\"image\":{\"@id\":\"https:\/\/exceladvisor.org\/tr\/sinirlari-uygula\/#primaryimage\"},\"thumbnailUrl\":\"https:\/\/exceladvisor.org\/wp-content\/uploads\/2023\/08\/1-raccourci-pour-appliquer-la-bordure.png\",\"datePublished\":\"2023-09-25T00:44:32+00:00\",\"dateModified\":\"2023-12-10T05:59:43+00:00\",\"description\":\"Bu e\u011fitimde, Excel&#39;de kenarl\u0131k uygulamak i\u00e7in klavye k\u0131sayolunun nas\u0131l kullan\u0131laca\u011f\u0131n\u0131 ve ilgili t\u00fcm bilgileri \u00f6\u011freneceksiniz.\",\"breadcrumb\":{\"@id\":\"https:\/\/exceladvisor.org\/tr\/sinirlari-uygula\/#breadcrumb\"},\"inLanguage\":\"tr\",\"potentialAction\":[{\"@type\":\"ReadAction\",\"target\":[\"https:\/\/exceladvisor.org\/tr\/sinirlari-uygula\/\"]}]},{\"@type\":\"ImageObject\",\"inLanguage\":\"tr\",\"@id\":\"https:\/\/exceladvisor.org\/tr\/sinirlari-uygula\/#primaryimage\",\"url\":\"https:\/\/exceladvisor.org\/wp-content\/uploads\/2023\/08\/1-raccourci-pour-appliquer-la-bordure.png\",\"contentUrl\":\"https:\/\/exceladvisor.org\/wp-content\/uploads\/2023\/08\/1-raccourci-pour-appliquer-la-bordure.png\"},{\"@type\":\"BreadcrumbList\",\"@id\":\"https:\/\/exceladvisor.org\/tr\/sinirlari-uygula\/#breadcrumb\",\"itemListElement\":[{\"@type\":\"ListItem\",\"position\":1,\"name\":\"Ev\",\"item\":\"https:\/\/exceladvisor.org\/tr\/\"},{\"@type\":\"ListItem\",\"position\":2,\"name\":\"Excel k\u0131sayolu arac\u0131l\u0131\u011f\u0131yla kenarl\u0131k nas\u0131l uygulan\u0131r?\"}]},{\"@type\":\"WebSite\",\"@id\":\"https:\/\/exceladvisor.org\/tr\/#website\",\"url\":\"https:\/\/exceladvisor.org\/tr\/\",\"name\":\"Excel Advisor\",\"description\":\"Veri hakimiyetine y\u00f6nelik nihai rehberiniz!\",\"publisher\":{\"@id\":\"https:\/\/exceladvisor.org\/tr\/#organization\"},\"potentialAction\":[{\"@type\":\"SearchAction\",\"target\":{\"@type\":\"EntryPoint\",\"urlTemplate\":\"https:\/\/exceladvisor.org\/tr\/?s={search_term_string}\"},\"query-input\":{\"@type\":\"PropertyValueSpecification\",\"valueRequired\":true,\"valueName\":\"search_term_string\"}}],\"inLanguage\":\"tr\"},{\"@type\":\"Organization\",\"@id\":\"https:\/\/exceladvisor.org\/tr\/#organization\",\"name\":\"Excel Advisor\",\"url\":\"https:\/\/exceladvisor.org\/tr\/\",\"logo\":{\"@type\":\"ImageObject\",\"inLanguage\":\"tr\",\"@id\":\"https:\/\/exceladvisor.org\/tr\/#\/schema\/logo\/image\/\",\"url\":\"https:\/\/exceladvisor.org\/tr\/wp-content\/uploads\/2023\/12\/exceladvisor.org_.png\",\"contentUrl\":\"https:\/\/exceladvisor.org\/tr\/wp-content\/uploads\/2023\/12\/exceladvisor.org_.png\",\"width\":105,\"height\":36,\"caption\":\"Excel Advisor\"},\"image\":{\"@id\":\"https:\/\/exceladvisor.org\/tr\/#\/schema\/logo\/image\/\"}}]}<\/script>\n<!-- \/ Yoast SEO plugin. -->","yoast_head_json":{"title":"\u25b7 Excel k\u0131sayolu arac\u0131l\u0131\u011f\u0131yla kenarl\u0131k nas\u0131l uygulan\u0131r?","description":"Bu e\u011fitimde, Excel&#39;de kenarl\u0131k uygulamak i\u00e7in klavye k\u0131sayolunun nas\u0131l kullan\u0131laca\u011f\u0131n\u0131 ve ilgili t\u00fcm bilgileri \u00f6\u011freneceksiniz.","robots":{"index":"index","follow":"follow","max-snippet":"max-snippet:-1","max-image-preview":"max-image-preview:large","max-video-preview":"max-video-preview:-1"},"canonical":"https:\/\/exceladvisor.org\/tr\/sinirlari-uygula\/","og_locale":"tr_TR","og_type":"article","og_title":"\u25b7 Excel k\u0131sayolu arac\u0131l\u0131\u011f\u0131yla kenarl\u0131k nas\u0131l uygulan\u0131r?","og_description":"Bu e\u011fitimde, Excel&#39;de kenarl\u0131k uygulamak i\u00e7in klavye k\u0131sayolunun nas\u0131l kullan\u0131laca\u011f\u0131n\u0131 ve ilgili t\u00fcm bilgileri \u00f6\u011freneceksiniz.","og_url":"https:\/\/exceladvisor.org\/tr\/sinirlari-uygula\/","og_site_name":"Excel Advisor","article_modified_time":"2023-12-10T05:59:43+00:00","og_image":[{"url":"https:\/\/exceladvisor.org\/wp-content\/uploads\/2023\/08\/1-raccourci-pour-appliquer-la-bordure.png","type":"","width":"","height":""}],"twitter_card":"summary_large_image","twitter_misc":{"Tahmini okuma s\u00fcresi":"2 dakika"},"schema":{"@context":"https:\/\/schema.org","@graph":[{"@type":"WebPage","@id":"https:\/\/exceladvisor.org\/tr\/sinirlari-uygula\/","url":"https:\/\/exceladvisor.org\/tr\/sinirlari-uygula\/","name":"\u25b7 Excel k\u0131sayolu arac\u0131l\u0131\u011f\u0131yla kenarl\u0131k nas\u0131l uygulan\u0131r?","isPartOf":{"@id":"https:\/\/exceladvisor.org\/tr\/#website"},"primaryImageOfPage":{"@id":"https:\/\/exceladvisor.org\/tr\/sinirlari-uygula\/#primaryimage"},"image":{"@id":"https:\/\/exceladvisor.org\/tr\/sinirlari-uygula\/#primaryimage"},"thumbnailUrl":"https:\/\/exceladvisor.org\/wp-content\/uploads\/2023\/08\/1-raccourci-pour-appliquer-la-bordure.png","datePublished":"2023-09-25T00:44:32+00:00","dateModified":"2023-12-10T05:59:43+00:00","description":"Bu e\u011fitimde, Excel&#39;de kenarl\u0131k uygulamak i\u00e7in klavye k\u0131sayolunun nas\u0131l kullan\u0131laca\u011f\u0131n\u0131 ve ilgili t\u00fcm bilgileri \u00f6\u011freneceksiniz.","breadcrumb":{"@id":"https:\/\/exceladvisor.org\/tr\/sinirlari-uygula\/#breadcrumb"},"inLanguage":"tr","potentialAction":[{"@type":"ReadAction","target":["https:\/\/exceladvisor.org\/tr\/sinirlari-uygula\/"]}]},{"@type":"ImageObject","inLanguage":"tr","@id":"https:\/\/exceladvisor.org\/tr\/sinirlari-uygula\/#primaryimage","url":"https:\/\/exceladvisor.org\/wp-content\/uploads\/2023\/08\/1-raccourci-pour-appliquer-la-bordure.png","contentUrl":"https:\/\/exceladvisor.org\/wp-content\/uploads\/2023\/08\/1-raccourci-pour-appliquer-la-bordure.png"},{"@type":"BreadcrumbList","@id":"https:\/\/exceladvisor.org\/tr\/sinirlari-uygula\/#breadcrumb","itemListElement":[{"@type":"ListItem","position":1,"name":"Ev","item":"https:\/\/exceladvisor.org\/tr\/"},{"@type":"ListItem","position":2,"name":"Excel k\u0131sayolu arac\u0131l\u0131\u011f\u0131yla kenarl\u0131k nas\u0131l uygulan\u0131r?"}]},{"@type":"WebSite","@id":"https:\/\/exceladvisor.org\/tr\/#website","url":"https:\/\/exceladvisor.org\/tr\/","name":"Excel Advisor","description":"Veri hakimiyetine y\u00f6nelik nihai rehberiniz!","publisher":{"@id":"https:\/\/exceladvisor.org\/tr\/#organization"},"potentialAction":[{"@type":"SearchAction","target":{"@type":"EntryPoint","urlTemplate":"https:\/\/exceladvisor.org\/tr\/?s={search_term_string}"},"query-input":{"@type":"PropertyValueSpecification","valueRequired":true,"valueName":"search_term_string"}}],"inLanguage":"tr"},{"@type":"Organization","@id":"https:\/\/exceladvisor.org\/tr\/#organization","name":"Excel Advisor","url":"https:\/\/exceladvisor.org\/tr\/","logo":{"@type":"ImageObject","inLanguage":"tr","@id":"https:\/\/exceladvisor.org\/tr\/#\/schema\/logo\/image\/","url":"https:\/\/exceladvisor.org\/tr\/wp-content\/uploads\/2023\/12\/exceladvisor.org_.png","contentUrl":"https:\/\/exceladvisor.org\/tr\/wp-content\/uploads\/2023\/12\/exceladvisor.org_.png","width":105,"height":36,"caption":"Excel Advisor"},"image":{"@id":"https:\/\/exceladvisor.org\/tr\/#\/schema\/logo\/image\/"}}]}},"yoast_meta":{"yoast_wpseo_title":"","yoast_wpseo_metadesc":"","yoast_wpseo_canonical":""},"_links":{"self":[{"href":"https:\/\/exceladvisor.org\/tr\/wp-json\/wp\/v2\/pages\/2204","targetHints":{"allow":["GET"]}}],"collection":[{"href":"https:\/\/exceladvisor.org\/tr\/wp-json\/wp\/v2\/pages"}],"about":[{"href":"https:\/\/exceladvisor.org\/tr\/wp-json\/wp\/v2\/types\/page"}],"author":[{"embeddable":true,"href":"https:\/\/exceladvisor.org\/tr\/wp-json\/wp\/v2\/users\/1"}],"replies":[{"embeddable":true,"href":"https:\/\/exceladvisor.org\/tr\/wp-json\/wp\/v2\/comments?post=2204"}],"version-history":[{"count":1,"href":"https:\/\/exceladvisor.org\/tr\/wp-json\/wp\/v2\/pages\/2204\/revisions"}],"predecessor-version":[{"id":2347,"href":"https:\/\/exceladvisor.org\/tr\/wp-json\/wp\/v2\/pages\/2204\/revisions\/2347"}],"wp:attachment":[{"href":"https:\/\/exceladvisor.org\/tr\/wp-json\/wp\/v2\/media?parent=2204"}],"curies":[{"name":"wp","href":"https:\/\/api.w.org\/{rel}","templated":true}]}}