{"id":2205,"date":"2023-09-15T01:31:19","date_gmt":"2023-09-15T01:31:19","guid":{"rendered":"https:\/\/exceladvisor.org\/tr\/hizalama\/"},"modified":"2023-12-10T06:01:38","modified_gmt":"2023-12-10T06:01:38","slug":"hizalama","status":"publish","type":"page","link":"https:\/\/exceladvisor.org\/tr\/hizalama\/","title":{"rendered":"Excel&#39;de metin hizalamas\u0131 nas\u0131l de\u011fi\u015ftirilir?"},"content":{"rendered":"<div class=\"excel-icerikten-once\" id=\"excel-2642331599\"><script type=\"text\/javascript\">\r\n\tatOptions = {\r\n\t\t'key' : 'c1158f160081d6540a8409e6925dab94',\r\n\t\t'format' : 'iframe',\r\n\t\t'height' : 250,\r\n\t\t'width' : 300,\r\n\t\t'params' : {}\r\n\t};\r\n<\/script>\r\n<script type=\"text\/javascript\" src=\"\/\/www.highperformanceformat.com\/c1158f160081d6540a8409e6925dab94\/invoke.js\"><\/script><\/div> <p>Excel&#8217;de hizalama, \u00e7al\u0131\u015fma sayfas\u0131 h\u00fccrelerindeki metni ve de\u011ferleri hizalaman\u0131za yard\u0131mc\u0131 olur. Varsay\u0131lan olarak say\u0131 h\u00fccrenin sa\u011f alt k\u00f6\u015fesine, metin ise sol alt k\u00f6\u015fesine hizalan\u0131r. Bu derste metin hizalamas\u0131n\u0131 iki \u015fekilde nas\u0131l ayarlayaca\u011f\u0131m\u0131z\u0131 \u00f6\u011frenece\u011fiz: yatay ve dikey.<\/p><h2 class=\"wp-block-heading\"> \u015eeridi kullanarak hizalamay\u0131 de\u011fi\u015ftirme<\/h2><p> \u015eeritten Excel&#8217;deki metin hizalamas\u0131n\u0131 de\u011fi\u015ftirmek i\u00e7in.<\/p><ul><li> \u00d6ncelikle yeniden hizalamak istedi\u011finiz h\u00fccre aral\u0131\u011f\u0131n\u0131 se\u00e7in.<\/li><li> Daha sonra Giri\u015f sekmesine gidin ve Hizalama grubunu se\u00e7in. <\/li><\/ul><div class=\"wp-block-image\"><figure class=\"aligncenter size-full is-resized\"><img loading=\"lazy\" decoding=\"async\" class=\"wp-image-79600\" src=\"https:\/\/exceladvisor.org\/wp-content\/uploads\/2023\/08\/1-options-dalignement.png\" sizes=\"auto, \" srcset=\"\" alt=\"hizalama se\u00e7enekleri\" width=\"520\" height=\"246\"><\/figure><\/div><h2 class=\"wp-block-heading\"> Dikey hizalama<\/h2><p> Verileri dikey olarak hizalamak i\u00e7in a\u015fa\u011f\u0131daki se\u00e7enekleri kullanabilirsiniz.<\/p><ol type=\"1\"><li> \u00dcste Hizala \u2013 Metni ve h\u00fccrenin \u00fcst k\u0131sm\u0131ndaki say\u0131y\u0131 hizalaman\u0131za olanak tan\u0131r.<\/li><li> Orta \u2013 Verileri h\u00fccrenin merkezine hizalar.<\/li><li> Alt \u2013 Bu varsay\u0131lan se\u00e7enektir ve i\u00e7eri\u011fi h\u00fccrenin alt\u0131na yerle\u015ftirir. <\/li><\/ol><div class=\"wp-block-image\"><figure class=\"aligncenter size-full is-resized\"><img loading=\"lazy\" decoding=\"async\" class=\"wp-image-79601\" src=\"https:\/\/exceladvisor.org\/wp-content\/uploads\/2023\/08\/2-icones-dalignement-vertical.png\" sizes=\"auto, \" srcset=\"\" alt=\"dikey hizalama se\u00e7enekleri\" width=\"475\" height=\"234\"><\/figure><\/div><h2 class=\"wp-block-heading\"> Yatay hizalama<\/h2><p> Verileri yatay olarak hizalamak i\u00e7in a\u015fa\u011f\u0131daki se\u00e7enekleri kullan\u0131n:<\/p><ol type=\"1\"><li> Sola Hizala \u2013 Metni h\u00fccrenin sol kenar\u0131na hizalar.<\/li><li> Center-Metni ve say\u0131y\u0131 ortaya yerle\u015ftirir.<\/li><li> Sa\u011f \u2013 \u0130\u00e7eri\u011fi h\u00fccrenin sa\u011f taraf\u0131na hizalar. <\/li><\/ol><div class=\"wp-block-image\"><figure class=\"aligncenter size-full is-resized\"><img loading=\"lazy\" decoding=\"async\" class=\"wp-image-79602\" src=\"https:\/\/exceladvisor.org\/wp-content\/uploads\/2023\/08\/3-options-dalignement-horizontal.png\" sizes=\"auto, \" srcset=\"\" alt=\"yatay hizalama se\u00e7enekleri\" width=\"814\" height=\"169\"><\/figure><\/div><h2 class=\"wp-block-heading\"> Di\u011fer se\u00e7enekler<\/h2><ol type=\"1\"><li> <strong>Metin Y\u00f6n\u00fc (Metni D\u00f6nd\u00fcr)<\/strong> : Metnin y\u00f6n\u00fcn\u00fc dikey veya \u00e7apraz olarak de\u011fi\u015ftirmenizi sa\u011flar.<\/li><li> <strong>Metni Sar<\/strong> : Bu se\u00e7enek, uzun metni bir h\u00fccrede birden \u00e7ok sat\u0131ra sarman\u0131za yard\u0131mc\u0131 olur.<\/li><li> <strong>Out<\/strong> : Kadro grubunda iki out var. Girintiyi Art\u0131r simgesini t\u0131klatt\u0131\u011f\u0131n\u0131zda metniniz daha sa\u011fa ta\u015f\u0131n\u0131r. Ancak metni tekrar sola ta\u015f\u0131mak i\u00e7in Girintiyi Azalt simgesini t\u0131klay\u0131n.<\/li><li> <strong>Birle\u015ftir<\/strong> : Se\u00e7ilen h\u00fccreleri tek bir h\u00fccrede birle\u015ftirmek i\u00e7in kullan\u0131l\u0131r. <\/li><\/ol><div class=\"wp-block-image\"><figure class=\"aligncenter size-full is-resized\"><img loading=\"lazy\" decoding=\"async\" class=\"wp-image-79603\" src=\"https:\/\/exceladvisor.org\/wp-content\/uploads\/2023\/08\/4-options-dorientation-du-texte-et-de-fusion-du-texte-en-retrait.png\" sizes=\"auto, \" srcset=\"\" alt=\"metni sarma-girinti-metin y\u00f6n\u00fc-ve-birle\u015ftirme se\u00e7enekleri\" width=\"396\" height=\"218\"><\/figure><\/div><h2 class=\"wp-block-heading\"> H\u00fccreyi Bi\u00e7imlendir Se\u00e7eneklerinden Metin Hizalamas\u0131n\u0131 De\u011fi\u015ftirme<\/h2><p> Metin hizalamas\u0131n\u0131 de\u011fi\u015ftirmenin ba\u015fka bir yolu da H\u00fccreleri Bi\u00e7imlendir ileti\u015fim kutusunu kullanmakt\u0131r. Bunun i\u00e7in gerekli ad\u0131mlar\u0131 a\u015fa\u011f\u0131da bulabilirsiniz.<\/p><ul><li> Tekrar hizalamak istedi\u011finiz h\u00fccreyi se\u00e7meniz gerekir.<\/li><li> Daha sonra, Hizalama grubundaki sa\u011f alt oktan H\u00fccreleri Bi\u00e7imlendir ileti\u015fim kutusunu a\u00e7\u0131n. <\/li><\/ul><div class=\"wp-block-image\"><figure class=\"aligncenter size-full is-resized\"><img loading=\"lazy\" decoding=\"async\" class=\"wp-image-79604\" src=\"https:\/\/exceladvisor.org\/wp-content\/uploads\/2023\/08\/5-cliquez-sur-la-fleche-en-bas-a-droite.png\" sizes=\"auto, \" srcset=\"\" alt=\"sa\u011f alttaki oka t\u0131klay\u0131n\" width=\"582\" height=\"256\"><\/figure><\/div><ul><li> Daha sonra H\u00fccreleri Bi\u00e7imlendir ileti\u015fim kutusunda Hizalama sekmesini se\u00e7in. Bu durumda metni hizalamak i\u00e7in yatay ve dikey a\u00e7\u0131l\u0131r listeden istedi\u011finiz se\u00e7ene\u011fi se\u00e7in. <\/li><\/ul><div class=\"wp-block-image\"><figure class=\"aligncenter size-full is-resized\"><img loading=\"lazy\" decoding=\"async\" class=\"wp-image-79605\" src=\"https:\/\/exceladvisor.org\/wp-content\/uploads\/2023\/08\/Alignement-du-texte-de-la-boite-de-dialogue-de-format-6-cellules.png\" sizes=\"auto, \" srcset=\"\" alt=\"bi\u00e7im-h\u00fccreler-ileti\u015fim-metin-hizalama\" width=\"565\" height=\"558\"><\/figure><\/div><ul><li> \u015eimdi a\u00e7\u0131l\u0131r se\u00e7eneklerden yatay ve dikey metin hizalamas\u0131n\u0131 se\u00e7in ve bunu se\u00e7ilen h\u00fccrelere uygulamak i\u00e7in Tamam d\u00fc\u011fmesini t\u0131klay\u0131n.<\/li><\/ul><p> \u00d6rne\u011fin hem yatay hem de dikey metin hizalamas\u0131nda \u201cDa\u011f\u0131t\u0131lm\u0131\u015f\u201d se\u00e7ene\u011fini se\u00e7iyoruz. A\u015fa\u011f\u0131daki anl\u0131k g\u00f6r\u00fcnt\u00fc, h\u00fccreyi dolduracak \u015fekilde kelimeler aras\u0131ndaki bo\u015flu\u011fun art\u0131r\u0131lmas\u0131yla metnin y\u00fckseklik ve geni\u015flik boyunca e\u015fit \u015fekilde da\u011f\u0131t\u0131ld\u0131\u011f\u0131n\u0131 g\u00f6stermektedir. <\/p><div class=\"wp-block-image\"><figure class=\"aligncenter size-full is-resized\"><img loading=\"lazy\" decoding=\"async\" class=\"wp-image-79606\" src=\"https:\/\/exceladvisor.org\/wp-content\/uploads\/2023\/08\/7-alignement-de-texte-distribue.png\" sizes=\"auto, \" srcset=\"\" alt=\"da\u011f\u0131t\u0131lm\u0131\u015f metin hizalamas\u0131\" width=\"618\" height=\"332\"><\/figure><\/div><h3 class=\"wp-block-heading\"> Metin y\u00f6n\u00fcn\u00fc de\u011fi\u015ftirme<\/h3><p> H\u00fccreleri Bi\u00e7imlendir kutusunun alt\u0131nda metnin y\u00f6n\u00fcn\u00fc de\u011fi\u015ftirme se\u00e7ene\u011fi vard\u0131r. Varsay\u0131lan ayar Ba\u011flam&#8217;d\u0131r ancak bunu soldan sa\u011fa veya sa\u011fdan sola de\u011fi\u015ftirebilirsiniz.<\/p><ul><li> Varsay\u0131lan metin y\u00f6n\u00fc soldan sa\u011fad\u0131r.<\/li><li> Arap\u00e7a gibi baz\u0131 belirli dillerde ise sa\u011fdan sola se\u00e7ene\u011fi kullan\u0131l\u0131r. <\/li><\/ul><div class=\"wp-block-image\"><figure class=\"aligncenter size-full is-resized\"><img loading=\"lazy\" decoding=\"async\" class=\"wp-image-79607\" src=\"https:\/\/exceladvisor.org\/wp-content\/uploads\/2023\/08\/8-changer-la-direction-du-texte.png\" sizes=\"auto, \" srcset=\"\" alt=\"metnin y\u00f6n\u00fcn\u00fc de\u011fi\u015ftirme\" width=\"438\" height=\"218\"><\/figure><\/div><h3 class=\"wp-block-heading\"> Metin y\u00f6n\u00fcn\u00fc de\u011fi\u015ftirme<\/h3><p> Metin y\u00f6nlendirme se\u00e7ene\u011fi H\u00fccreleri Bi\u00e7imlendir ileti\u015fim kutusunda da mevcuttur. <\/p><div class=\"wp-block-image\"><figure class=\"aligncenter size-full is-resized\"><img loading=\"lazy\" decoding=\"async\" class=\"wp-image-79608\" src=\"https:\/\/exceladvisor.org\/wp-content\/uploads\/2023\/08\/9-options-dorientation-du-texte.png\" sizes=\"auto, \" srcset=\"\" alt=\"metin y\u00f6nlendirme se\u00e7ene\u011fi\" width=\"193\" height=\"235\"><\/figure><\/div><p> Metni saat y\u00f6n\u00fcnde, saat y\u00f6n\u00fcn\u00fcn tersine, yukar\u0131 ve a\u015fa\u011f\u0131 d\u00f6nd\u00fcrerek y\u00f6n\u00fcn\u00fc de\u011fi\u015ftirmek i\u00e7in kullan\u0131l\u0131r. Kutuya 90 ila -90 derece aras\u0131ndaki say\u0131y\u0131 girin veya metnin y\u00f6n\u00fcn\u00fc de\u011fi\u015ftirmek i\u00e7in y\u00f6nlendirme i\u015faret\u00e7isini de kullanabilir ve se\u00e7ilen h\u00fccrelere uygulamak i\u00e7in Tamam&#8217;\u0131 t\u0131klatabilirsiniz. <\/p><div class=\"wp-block-image\"><figure class=\"aligncenter size-full is-resized\"><img loading=\"lazy\" decoding=\"async\" class=\"wp-image-79609\" src=\"https:\/\/exceladvisor.org\/wp-content\/uploads\/2023\/08\/10-faire-pivoter-le-texte-de-45-degres.png\" sizes=\"auto, \" srcset=\"\" alt=\"metni 45 derece d\u00f6nd\u00fcr\" width=\"449\" height=\"234\"><\/figure><\/div><div class=\"gb-container gb-container-4db6181c gb-container-mt\"> <a class=\"gb-button gb-button-c5897111 gb-button-text gb-button-mt-button\" href=\"https:\/\/exceladvisor.org\/tr\/excelin-temelleri\/\">Microsoft Excel Temelleri (Bile\u015fenler, Par\u00e7alar ve Bilgi Notlar\u0131)<\/a><h2 class=\"gb-headline gb-headline-665e5f6b gb-headline-text gb-headline-mt-heading\"> \u0130lgili e\u011fitimler <\/h2><div class=\"gb-grid-wrapper gb-grid-wrapper-a20baf7c gb-grid-wrapper-mt-grid\"><div class=\"gb-grid-column gb-grid-column-65ddf67e\"><div class=\"gb-container gb-container-65ddf67e\"><ul><li> <a href=\"https:\/\/exceladvisor.org\/tr\/tamamen-hakli-cikarmak\/\">Excel&#8217;de Yasla&#8217;y\u0131 Doldurun<\/a><\/li><li> <a href=\"https:\/\/exceladvisor.org\/tr\/excel-formul-cubugu\/\">Excel&#8217;deki form\u00fcl \u00e7ubu\u011fu<\/a><\/li><li> <a href=\"https:\/\/exceladvisor.org\/tr\/altbilgi-basligi-ekle\/\">Excel&#8217;de \u00fcstbilgi ve altbilgi ekleme<\/a><\/li><li> <a href=\"https:\/\/exceladvisor.org\/tr\/cetvel\/\">Cetveli Excel&#8217;de g\u00f6ster<\/a><\/li><li> <a href=\"https:\/\/exceladvisor.org\/tr\/doldurma-kolu\/\">Excel&#8217;de doldurma tutamac\u0131<\/a> <\/li><\/ul><\/div><\/div><div class=\"gb-grid-column gb-grid-column-50067b57\"><div class=\"gb-container gb-container-50067b57\"><\/div><\/div><\/div><\/div>","protected":false},"excerpt":{"rendered":"","protected":false},"author":1,"featured_media":0,"parent":0,"menu_order":0,"comment_status":"open","ping_status":"closed","template":"","meta":{"ub_ctt_via":"","footnotes":""},"class_list":["post-2205","page","type-page","status-publish","hentry"],"featured_image_src":null,"yoast_head":"<!-- This site is optimized with the Yoast SEO plugin v25.4 - https:\/\/yoast.com\/wordpress\/plugins\/seo\/ -->\n<title>\u25b7 Excel&#039;de metin hizalamas\u0131 nas\u0131l de\u011fi\u015ftirilir?<\/title>\n<meta name=\"description\" content=\"Bu, h\u00fccredeki de\u011ferin hizalamas\u0131n\u0131 de\u011fi\u015ftirmeye y\u00f6nelik temel bir Microsoft Excel \u00f6\u011freticisidir. Bunun d\u0131\u015f\u0131nda birka\u00e7 se\u00e7enek daha var\u2026\" \/>\n<meta name=\"robots\" content=\"index, follow, max-snippet:-1, max-image-preview:large, max-video-preview:-1\" \/>\n<link rel=\"canonical\" href=\"https:\/\/exceladvisor.org\/tr\/hizalama\/\" \/>\n<meta property=\"og:locale\" content=\"tr_TR\" \/>\n<meta property=\"og:type\" content=\"article\" \/>\n<meta property=\"og:title\" content=\"\u25b7 Excel&#039;de metin hizalamas\u0131 nas\u0131l de\u011fi\u015ftirilir?\" \/>\n<meta property=\"og:description\" content=\"Bu, h\u00fccredeki de\u011ferin hizalamas\u0131n\u0131 de\u011fi\u015ftirmeye y\u00f6nelik temel bir Microsoft Excel \u00f6\u011freticisidir. Bunun d\u0131\u015f\u0131nda birka\u00e7 se\u00e7enek daha var\u2026\" \/>\n<meta property=\"og:url\" content=\"https:\/\/exceladvisor.org\/tr\/hizalama\/\" \/>\n<meta property=\"og:site_name\" content=\"Excel Advisor\" \/>\n<meta property=\"article:modified_time\" content=\"2023-12-10T06:01:38+00:00\" \/>\n<meta property=\"og:image\" content=\"https:\/\/exceladvisor.org\/wp-content\/uploads\/2023\/08\/1-options-dalignement.png\" \/>\n<meta name=\"twitter:card\" content=\"summary_large_image\" \/>\n<meta name=\"twitter:label1\" content=\"Tahmini okuma s\u00fcresi\" \/>\n\t<meta name=\"twitter:data1\" content=\"3 dakika\" \/>\n<script type=\"application\/ld+json\" class=\"yoast-schema-graph\">{\"@context\":\"https:\/\/schema.org\",\"@graph\":[{\"@type\":\"WebPage\",\"@id\":\"https:\/\/exceladvisor.org\/tr\/hizalama\/\",\"url\":\"https:\/\/exceladvisor.org\/tr\/hizalama\/\",\"name\":\"\u25b7 Excel&#39;de metin hizalamas\u0131 nas\u0131l de\u011fi\u015ftirilir?\",\"isPartOf\":{\"@id\":\"https:\/\/exceladvisor.org\/tr\/#website\"},\"primaryImageOfPage\":{\"@id\":\"https:\/\/exceladvisor.org\/tr\/hizalama\/#primaryimage\"},\"image\":{\"@id\":\"https:\/\/exceladvisor.org\/tr\/hizalama\/#primaryimage\"},\"thumbnailUrl\":\"https:\/\/exceladvisor.org\/wp-content\/uploads\/2023\/08\/1-options-dalignement.png\",\"datePublished\":\"2023-09-15T01:31:19+00:00\",\"dateModified\":\"2023-12-10T06:01:38+00:00\",\"description\":\"Bu, h\u00fccredeki de\u011ferin hizalamas\u0131n\u0131 de\u011fi\u015ftirmeye y\u00f6nelik temel bir Microsoft Excel \u00f6\u011freticisidir. Bunun d\u0131\u015f\u0131nda birka\u00e7 se\u00e7enek daha var\u2026\",\"breadcrumb\":{\"@id\":\"https:\/\/exceladvisor.org\/tr\/hizalama\/#breadcrumb\"},\"inLanguage\":\"tr\",\"potentialAction\":[{\"@type\":\"ReadAction\",\"target\":[\"https:\/\/exceladvisor.org\/tr\/hizalama\/\"]}]},{\"@type\":\"ImageObject\",\"inLanguage\":\"tr\",\"@id\":\"https:\/\/exceladvisor.org\/tr\/hizalama\/#primaryimage\",\"url\":\"https:\/\/exceladvisor.org\/wp-content\/uploads\/2023\/08\/1-options-dalignement.png\",\"contentUrl\":\"https:\/\/exceladvisor.org\/wp-content\/uploads\/2023\/08\/1-options-dalignement.png\"},{\"@type\":\"BreadcrumbList\",\"@id\":\"https:\/\/exceladvisor.org\/tr\/hizalama\/#breadcrumb\",\"itemListElement\":[{\"@type\":\"ListItem\",\"position\":1,\"name\":\"Ev\",\"item\":\"https:\/\/exceladvisor.org\/tr\/\"},{\"@type\":\"ListItem\",\"position\":2,\"name\":\"Excel&#39;de metin hizalamas\u0131 nas\u0131l de\u011fi\u015ftirilir?\"}]},{\"@type\":\"WebSite\",\"@id\":\"https:\/\/exceladvisor.org\/tr\/#website\",\"url\":\"https:\/\/exceladvisor.org\/tr\/\",\"name\":\"Excel Advisor\",\"description\":\"Veri hakimiyetine y\u00f6nelik nihai rehberiniz!\",\"publisher\":{\"@id\":\"https:\/\/exceladvisor.org\/tr\/#organization\"},\"potentialAction\":[{\"@type\":\"SearchAction\",\"target\":{\"@type\":\"EntryPoint\",\"urlTemplate\":\"https:\/\/exceladvisor.org\/tr\/?s={search_term_string}\"},\"query-input\":{\"@type\":\"PropertyValueSpecification\",\"valueRequired\":true,\"valueName\":\"search_term_string\"}}],\"inLanguage\":\"tr\"},{\"@type\":\"Organization\",\"@id\":\"https:\/\/exceladvisor.org\/tr\/#organization\",\"name\":\"Excel Advisor\",\"url\":\"https:\/\/exceladvisor.org\/tr\/\",\"logo\":{\"@type\":\"ImageObject\",\"inLanguage\":\"tr\",\"@id\":\"https:\/\/exceladvisor.org\/tr\/#\/schema\/logo\/image\/\",\"url\":\"https:\/\/exceladvisor.org\/tr\/wp-content\/uploads\/2023\/12\/exceladvisor.org_.png\",\"contentUrl\":\"https:\/\/exceladvisor.org\/tr\/wp-content\/uploads\/2023\/12\/exceladvisor.org_.png\",\"width\":105,\"height\":36,\"caption\":\"Excel Advisor\"},\"image\":{\"@id\":\"https:\/\/exceladvisor.org\/tr\/#\/schema\/logo\/image\/\"}}]}<\/script>\n<!-- \/ Yoast SEO plugin. -->","yoast_head_json":{"title":"\u25b7 Excel&#39;de metin hizalamas\u0131 nas\u0131l de\u011fi\u015ftirilir?","description":"Bu, h\u00fccredeki de\u011ferin hizalamas\u0131n\u0131 de\u011fi\u015ftirmeye y\u00f6nelik temel bir Microsoft Excel \u00f6\u011freticisidir. Bunun d\u0131\u015f\u0131nda birka\u00e7 se\u00e7enek daha var\u2026","robots":{"index":"index","follow":"follow","max-snippet":"max-snippet:-1","max-image-preview":"max-image-preview:large","max-video-preview":"max-video-preview:-1"},"canonical":"https:\/\/exceladvisor.org\/tr\/hizalama\/","og_locale":"tr_TR","og_type":"article","og_title":"\u25b7 Excel&#39;de metin hizalamas\u0131 nas\u0131l de\u011fi\u015ftirilir?","og_description":"Bu, h\u00fccredeki de\u011ferin hizalamas\u0131n\u0131 de\u011fi\u015ftirmeye y\u00f6nelik temel bir Microsoft Excel \u00f6\u011freticisidir. Bunun d\u0131\u015f\u0131nda birka\u00e7 se\u00e7enek daha var\u2026","og_url":"https:\/\/exceladvisor.org\/tr\/hizalama\/","og_site_name":"Excel Advisor","article_modified_time":"2023-12-10T06:01:38+00:00","og_image":[{"url":"https:\/\/exceladvisor.org\/wp-content\/uploads\/2023\/08\/1-options-dalignement.png","type":"","width":"","height":""}],"twitter_card":"summary_large_image","twitter_misc":{"Tahmini okuma s\u00fcresi":"3 dakika"},"schema":{"@context":"https:\/\/schema.org","@graph":[{"@type":"WebPage","@id":"https:\/\/exceladvisor.org\/tr\/hizalama\/","url":"https:\/\/exceladvisor.org\/tr\/hizalama\/","name":"\u25b7 Excel&#39;de metin hizalamas\u0131 nas\u0131l de\u011fi\u015ftirilir?","isPartOf":{"@id":"https:\/\/exceladvisor.org\/tr\/#website"},"primaryImageOfPage":{"@id":"https:\/\/exceladvisor.org\/tr\/hizalama\/#primaryimage"},"image":{"@id":"https:\/\/exceladvisor.org\/tr\/hizalama\/#primaryimage"},"thumbnailUrl":"https:\/\/exceladvisor.org\/wp-content\/uploads\/2023\/08\/1-options-dalignement.png","datePublished":"2023-09-15T01:31:19+00:00","dateModified":"2023-12-10T06:01:38+00:00","description":"Bu, h\u00fccredeki de\u011ferin hizalamas\u0131n\u0131 de\u011fi\u015ftirmeye y\u00f6nelik temel bir Microsoft Excel \u00f6\u011freticisidir. Bunun d\u0131\u015f\u0131nda birka\u00e7 se\u00e7enek daha var\u2026","breadcrumb":{"@id":"https:\/\/exceladvisor.org\/tr\/hizalama\/#breadcrumb"},"inLanguage":"tr","potentialAction":[{"@type":"ReadAction","target":["https:\/\/exceladvisor.org\/tr\/hizalama\/"]}]},{"@type":"ImageObject","inLanguage":"tr","@id":"https:\/\/exceladvisor.org\/tr\/hizalama\/#primaryimage","url":"https:\/\/exceladvisor.org\/wp-content\/uploads\/2023\/08\/1-options-dalignement.png","contentUrl":"https:\/\/exceladvisor.org\/wp-content\/uploads\/2023\/08\/1-options-dalignement.png"},{"@type":"BreadcrumbList","@id":"https:\/\/exceladvisor.org\/tr\/hizalama\/#breadcrumb","itemListElement":[{"@type":"ListItem","position":1,"name":"Ev","item":"https:\/\/exceladvisor.org\/tr\/"},{"@type":"ListItem","position":2,"name":"Excel&#39;de metin hizalamas\u0131 nas\u0131l de\u011fi\u015ftirilir?"}]},{"@type":"WebSite","@id":"https:\/\/exceladvisor.org\/tr\/#website","url":"https:\/\/exceladvisor.org\/tr\/","name":"Excel Advisor","description":"Veri hakimiyetine y\u00f6nelik nihai rehberiniz!","publisher":{"@id":"https:\/\/exceladvisor.org\/tr\/#organization"},"potentialAction":[{"@type":"SearchAction","target":{"@type":"EntryPoint","urlTemplate":"https:\/\/exceladvisor.org\/tr\/?s={search_term_string}"},"query-input":{"@type":"PropertyValueSpecification","valueRequired":true,"valueName":"search_term_string"}}],"inLanguage":"tr"},{"@type":"Organization","@id":"https:\/\/exceladvisor.org\/tr\/#organization","name":"Excel Advisor","url":"https:\/\/exceladvisor.org\/tr\/","logo":{"@type":"ImageObject","inLanguage":"tr","@id":"https:\/\/exceladvisor.org\/tr\/#\/schema\/logo\/image\/","url":"https:\/\/exceladvisor.org\/tr\/wp-content\/uploads\/2023\/12\/exceladvisor.org_.png","contentUrl":"https:\/\/exceladvisor.org\/tr\/wp-content\/uploads\/2023\/12\/exceladvisor.org_.png","width":105,"height":36,"caption":"Excel Advisor"},"image":{"@id":"https:\/\/exceladvisor.org\/tr\/#\/schema\/logo\/image\/"}}]}},"yoast_meta":{"yoast_wpseo_title":"","yoast_wpseo_metadesc":"","yoast_wpseo_canonical":""},"_links":{"self":[{"href":"https:\/\/exceladvisor.org\/tr\/wp-json\/wp\/v2\/pages\/2205","targetHints":{"allow":["GET"]}}],"collection":[{"href":"https:\/\/exceladvisor.org\/tr\/wp-json\/wp\/v2\/pages"}],"about":[{"href":"https:\/\/exceladvisor.org\/tr\/wp-json\/wp\/v2\/types\/page"}],"author":[{"embeddable":true,"href":"https:\/\/exceladvisor.org\/tr\/wp-json\/wp\/v2\/users\/1"}],"replies":[{"embeddable":true,"href":"https:\/\/exceladvisor.org\/tr\/wp-json\/wp\/v2\/comments?post=2205"}],"version-history":[{"count":1,"href":"https:\/\/exceladvisor.org\/tr\/wp-json\/wp\/v2\/pages\/2205\/revisions"}],"predecessor-version":[{"id":2546,"href":"https:\/\/exceladvisor.org\/tr\/wp-json\/wp\/v2\/pages\/2205\/revisions\/2546"}],"wp:attachment":[{"href":"https:\/\/exceladvisor.org\/tr\/wp-json\/wp\/v2\/media?parent=2205"}],"curies":[{"name":"wp","href":"https:\/\/api.w.org\/{rel}","templated":true}]}}