{"id":2206,"date":"2023-09-02T06:07:44","date_gmt":"2023-09-02T06:07:44","guid":{"rendered":"https:\/\/exceladvisor.org\/tr\/nesne-bu-ozelligi-veya-yontemi-desteklemiyor-hatasi-438\/"},"modified":"2023-12-10T06:02:51","modified_gmt":"2023-12-10T06:02:51","slug":"nesne-bu-ozelligi-veya-yontemi-desteklemiyor-hatasi-438","status":"publish","type":"page","link":"https:\/\/exceladvisor.org\/tr\/nesne-bu-ozelligi-veya-yontemi-desteklemiyor-hatasi-438\/","title":{"rendered":"Excel&#39;de vba hatas\u0131 438 nas\u0131l d\u00fczeltilir?"},"content":{"rendered":"<div class=\"excel-icerikten-once\" id=\"excel-3026424144\"><script type=\"text\/javascript\">\r\n\tatOptions = {\r\n\t\t'key' : 'c1158f160081d6540a8409e6925dab94',\r\n\t\t'format' : 'iframe',\r\n\t\t'height' : 250,\r\n\t\t'width' : 300,\r\n\t\t'params' : {}\r\n\t};\r\n<\/script>\r\n<script type=\"text\/javascript\" src=\"\/\/www.highperformanceformat.com\/c1158f160081d6540a8409e6925dab94\/invoke.js\"><\/script><\/div> <p>Bu nesneyi desteklemeyen bir \u00f6zelli\u011fi veya y\u00f6ntemi kullanmaya \u00e7al\u0131\u015ft\u0131\u011f\u0131n\u0131zda VBA hatas\u0131 438 olu\u015fuyor. Bildi\u011finiz gibi t\u00fcm nesnelerin kullanabilece\u011finiz \u00f6zellikleri ve y\u00f6ntemleri vard\u0131r ancak bir \u00f6zellik veya y\u00f6ntemi kullan\u0131rken belirli bir nesne i\u00e7in ge\u00e7erli olmayan bir durum olabilir.<\/p><p> <strong>Hata mesaj\u0131:<\/strong><\/p><ul><li> VBA nesnesi bu \u00f6zelli\u011fi veya y\u00f6ntem hatas\u0131n\u0131 desteklemiyor (Hata 438)<\/li><\/ul><p> Bunu anlamak i\u00e7in bir \u00f6rnek verelim: Elektronik tablo nesnesi ile elektronik tabloyu se\u00e7meye y\u00f6nelik bir y\u00f6ntem ortaya \u00e7\u0131kar. <\/p><div class=\"wp-block-image\"><figure class=\"aligncenter size-large is-resized\"><img loading=\"lazy\" decoding=\"async\" class=\"wp-image-57067\" src=\"https:\/\/exceladvisor.org\/wp-content\/uploads\/2023\/08\/1_vba_object_does_not_support_this_-propriete.png\" sizes=\"auto, \" srcset=\"\" alt=\"\u00f6zellik vba_object_does_not_support_this_\" width=\"368\" height=\"266\"><\/figure><\/div><p> Art\u0131k bildi\u011finiz gibi bir \u00e7al\u0131\u015fma kitab\u0131n\u0131 etkinle\u015ftirebilirsiniz ancak \u00e7al\u0131\u015fma kitab\u0131n\u0131 se\u00e7mek i\u00e7in kullanabilece\u011finiz bir y\u00f6ntem yoktur \u00e7\u00fcnk\u00fc bir \u00e7al\u0131\u015fma kitab\u0131n\u0131 se\u00e7emezsiniz yaln\u0131zca etkinle\u015ftirebilirsiniz. <\/p><div class=\"wp-block-image\"><figure class=\"aligncenter size-large is-resized\"><img loading=\"lazy\" decoding=\"async\" class=\"wp-image-57068\" src=\"https:\/\/exceladvisor.org\/wp-content\/uploads\/2023\/08\/2_activate_a_workbook.png\" sizes=\"auto, \" srcset=\"\" alt=\"\" width=\"555\" height=\"421\"><\/figure><\/div><p> Yani bu y\u00f6ntemi \u00e7al\u0131\u015fma kitab\u0131 nesnesi ile kullanmaya \u00e7al\u0131\u015ft\u0131\u011f\u0131n\u0131zda \u00e7al\u0131\u015fma zaman\u0131 hatas\u0131 438 al\u0131rs\u0131n\u0131z. Hatta bu y\u00f6ntemin \u00e7al\u0131\u015fma kitab\u0131 nesnesinin \u00f6zellikleri ve y\u00f6ntemleri listesinde olmad\u0131\u011f\u0131n\u0131 da g\u00f6rebilirsiniz. <\/p><div class=\"wp-block-image\"><figure class=\"aligncenter size-large is-resized\"><img loading=\"lazy\" decoding=\"async\" class=\"wp-image-57069\" src=\"https:\/\/exceladvisor.org\/wp-content\/uploads\/2023\/08\/3_runtime_error_438.png\" sizes=\"auto, \" srcset=\"\" alt=\"\" width=\"562\" height=\"374\"><\/figure><\/div><p> Art\u0131k bunun kodu yazan ki\u015fi taraf\u0131ndan yap\u0131lan bir hata olabilece\u011fini ve VBA konusunda uzman olsan\u0131z bile yap\u0131labilece\u011fini anlayabilirsiniz.<\/p><p class=\"qt-tip\"> <strong>Not:<\/strong> Microsoft Excel&#8217;in en son s\u00fcr\u00fcm\u00fcnde kod yazd\u0131\u011f\u0131n\u0131zda ve \u015fimdi onu daha eski bir s\u00fcr\u00fcmde \u00e7al\u0131\u015ft\u0131rmay\u0131 denedi\u011finizde, bu s\u00fcr\u00fcmde kulland\u0131\u011f\u0131n\u0131z nesne i\u00e7in bir y\u00f6ntem veya \u00f6zellik bulunmayabilir. .<\/p><h2 class=\"wp-block-heading\"> Bu \u00f6zelli\u011fi veya y\u00f6ntemi desteklemeyen bir nesne nas\u0131l d\u00fczeltilir?<\/h2><p> Bu 438 hatas\u0131n\u0131 (nesne bu \u00f6zelli\u011fi veya y\u00f6ntemi desteklemiyor) ele alman\u0131n en iyi yolu, kulland\u0131\u011f\u0131n\u0131z nesnenin destekledi\u011fi \u00f6zellikleri ve y\u00f6ntemleri bilmeniz gerekir.<\/p><p> Bir nesneyi tan\u0131mlad\u0131\u011f\u0131n\u0131zda nokta (.) yazd\u0131\u011f\u0131n\u0131zda t\u00fcm \u00f6zelliklerin ve y\u00f6ntemlerin listesini g\u00f6rebilirsiniz. <\/p><div class=\"wp-block-image\"><figure class=\"aligncenter size-large is-resized\"><img loading=\"lazy\" decoding=\"async\" class=\"wp-image-57070\" src=\"https:\/\/exceladvisor.org\/wp-content\/uploads\/2023\/08\/4_fix_object_doesnot_support_this_property.png\" sizes=\"auto, \" srcset=\"\" alt=\"\" width=\"603\" height=\"349\"><\/figure><\/div><p> Bu liste, kullanmak istedi\u011finiz y\u00f6ntemin mevcut olup olmad\u0131\u011f\u0131na karar vermenize yard\u0131mc\u0131 olabilir. E\u011fer i\u015fe yaramazsa, ger\u00e7ekle\u015ftirmek istedi\u011finiz g\u00f6rev i\u00e7in kod yazman\u0131n ba\u015fka bir yolunu bulman\u0131z gerekir. Alternatif olarak, bir nesnenin sahip oldu\u011fu \u00f6zellikleri ve y\u00f6ntemleri g\u00f6rmek i\u00e7in Nesne Taray\u0131c\u0131s\u0131n\u0131 (F2) da a\u00e7abilirsiniz.<\/p><div class=\"gb-container gb-container-4db6181c gb-container-mt\"> <a class=\"gb-button gb-button-c5897111 gb-button-text gb-button-mt-button\" href=\"https:\/\/exceladvisor.org\/tr\/vba\/\">VBA nedir<\/a><h2 class=\"gb-headline gb-headline-665e5f6b gb-headline-text gb-headline-mt-heading\"> \u0130lgili e\u011fitimler <\/h2><div class=\"gb-grid-wrapper gb-grid-wrapper-a20baf7c gb-grid-wrapper-mt-grid\"><div class=\"gb-grid-column gb-grid-column-65ddf67e\"><div class=\"gb-container gb-container-65ddf67e\"><ul><li> <a href=\"https:\/\/exceladvisor.org\/tr\/hata-yonetimi\/\">VBA hata i\u015fleme<\/a><\/li><li> <a href=\"https:\/\/exceladvisor.org\/tr\/otomasyon-hatasi-440\/\">VBA otomasyon hatas\u0131 (Hata 440)<\/a><\/li><li> <a href=\"https:\/\/exceladvisor.org\/tr\/hata-400\/\">VBA hatas\u0131 400<\/a><\/li><li> <a href=\"https:\/\/exceladvisor.org\/tr\/gecersiz-prosedur-cagrisi-veya-bagimsiz-degisken-hatasi-5\/\">Ge\u00e7ersiz VBA prosed\u00fcr\u00fc \u00e7a\u011fr\u0131s\u0131 veya ba\u011f\u0131ms\u0131z de\u011fi\u015fken hatas\u0131 (Hata 5)<\/a><\/li><li> <a href=\"https:\/\/exceladvisor.org\/tr\/nesne-gerekli-hata-424\/\">VBA Nesnesi Gerekli Hatas\u0131 (Hata 424)<\/a> <\/li><\/ul><\/div><\/div><div class=\"gb-grid-column gb-grid-column-50067b57\"><div class=\"gb-container gb-container-50067b57\"><\/div><\/div><\/div><\/div>","protected":false},"excerpt":{"rendered":"","protected":false},"author":1,"featured_media":0,"parent":0,"menu_order":0,"comment_status":"open","ping_status":"closed","template":"","meta":{"ub_ctt_via":"","footnotes":""},"class_list":["post-2206","page","type-page","status-publish","hentry"],"featured_image_src":null,"yoast_head":"<!-- This site is optimized with the Yoast SEO plugin v25.4 - https:\/\/yoast.com\/wordpress\/plugins\/seo\/ -->\n<title>\u25b7VBA hatas\u0131 438 nas\u0131l d\u00fczeltilir? - Excel Dan\u0131\u015fman\u0131<\/title>\n<meta name=\"description\" content=\"Bu e\u011fitimde, ge\u00e7ersiz VBA nesnesinin neden bu \u00f6zelli\u011fi veya y\u00f6ntem hatas\u0131n\u0131 (hata 438) desteklemedi\u011fini ve VBA kodu yazarken bunun nas\u0131l ele al\u0131naca\u011f\u0131n\u0131 \u00f6\u011freneceksiniz.\" \/>\n<meta name=\"robots\" content=\"index, follow, max-snippet:-1, max-image-preview:large, max-video-preview:-1\" \/>\n<link rel=\"canonical\" href=\"https:\/\/exceladvisor.org\/tr\/nesne-bu-ozelligi-veya-yontemi-desteklemiyor-hatasi-438\/\" \/>\n<meta property=\"og:locale\" content=\"tr_TR\" \/>\n<meta property=\"og:type\" content=\"article\" \/>\n<meta property=\"og:title\" content=\"\u25b7VBA hatas\u0131 438 nas\u0131l d\u00fczeltilir? - Excel Dan\u0131\u015fman\u0131\" \/>\n<meta property=\"og:description\" content=\"Bu e\u011fitimde, ge\u00e7ersiz VBA nesnesinin neden bu \u00f6zelli\u011fi veya y\u00f6ntem hatas\u0131n\u0131 (hata 438) desteklemedi\u011fini ve VBA kodu yazarken bunun nas\u0131l ele al\u0131naca\u011f\u0131n\u0131 \u00f6\u011freneceksiniz.\" \/>\n<meta property=\"og:url\" content=\"https:\/\/exceladvisor.org\/tr\/nesne-bu-ozelligi-veya-yontemi-desteklemiyor-hatasi-438\/\" \/>\n<meta property=\"og:site_name\" content=\"Excel Advisor\" \/>\n<meta property=\"article:modified_time\" content=\"2023-12-10T06:02:51+00:00\" \/>\n<meta property=\"og:image\" content=\"https:\/\/exceladvisor.org\/wp-content\/uploads\/2023\/08\/1_vba_object_does_not_support_this_-propriete.png\" \/>\n<meta name=\"twitter:card\" content=\"summary_large_image\" \/>\n<meta name=\"twitter:label1\" content=\"Tahmini okuma s\u00fcresi\" \/>\n\t<meta name=\"twitter:data1\" content=\"2 dakika\" \/>\n<script type=\"application\/ld+json\" class=\"yoast-schema-graph\">{\"@context\":\"https:\/\/schema.org\",\"@graph\":[{\"@type\":\"WebPage\",\"@id\":\"https:\/\/exceladvisor.org\/tr\/nesne-bu-ozelligi-veya-yontemi-desteklemiyor-hatasi-438\/\",\"url\":\"https:\/\/exceladvisor.org\/tr\/nesne-bu-ozelligi-veya-yontemi-desteklemiyor-hatasi-438\/\",\"name\":\"\u25b7VBA hatas\u0131 438 nas\u0131l d\u00fczeltilir? - Excel Dan\u0131\u015fman\u0131\",\"isPartOf\":{\"@id\":\"https:\/\/exceladvisor.org\/tr\/#website\"},\"primaryImageOfPage\":{\"@id\":\"https:\/\/exceladvisor.org\/tr\/nesne-bu-ozelligi-veya-yontemi-desteklemiyor-hatasi-438\/#primaryimage\"},\"image\":{\"@id\":\"https:\/\/exceladvisor.org\/tr\/nesne-bu-ozelligi-veya-yontemi-desteklemiyor-hatasi-438\/#primaryimage\"},\"thumbnailUrl\":\"https:\/\/exceladvisor.org\/wp-content\/uploads\/2023\/08\/1_vba_object_does_not_support_this_-propriete.png\",\"datePublished\":\"2023-09-02T06:07:44+00:00\",\"dateModified\":\"2023-12-10T06:02:51+00:00\",\"description\":\"Bu e\u011fitimde, ge\u00e7ersiz VBA nesnesinin neden bu \u00f6zelli\u011fi veya y\u00f6ntem hatas\u0131n\u0131 (hata 438) desteklemedi\u011fini ve VBA kodu yazarken bunun nas\u0131l ele al\u0131naca\u011f\u0131n\u0131 \u00f6\u011freneceksiniz.\",\"breadcrumb\":{\"@id\":\"https:\/\/exceladvisor.org\/tr\/nesne-bu-ozelligi-veya-yontemi-desteklemiyor-hatasi-438\/#breadcrumb\"},\"inLanguage\":\"tr\",\"potentialAction\":[{\"@type\":\"ReadAction\",\"target\":[\"https:\/\/exceladvisor.org\/tr\/nesne-bu-ozelligi-veya-yontemi-desteklemiyor-hatasi-438\/\"]}]},{\"@type\":\"ImageObject\",\"inLanguage\":\"tr\",\"@id\":\"https:\/\/exceladvisor.org\/tr\/nesne-bu-ozelligi-veya-yontemi-desteklemiyor-hatasi-438\/#primaryimage\",\"url\":\"https:\/\/exceladvisor.org\/wp-content\/uploads\/2023\/08\/1_vba_object_does_not_support_this_-propriete.png\",\"contentUrl\":\"https:\/\/exceladvisor.org\/wp-content\/uploads\/2023\/08\/1_vba_object_does_not_support_this_-propriete.png\"},{\"@type\":\"BreadcrumbList\",\"@id\":\"https:\/\/exceladvisor.org\/tr\/nesne-bu-ozelligi-veya-yontemi-desteklemiyor-hatasi-438\/#breadcrumb\",\"itemListElement\":[{\"@type\":\"ListItem\",\"position\":1,\"name\":\"Ev\",\"item\":\"https:\/\/exceladvisor.org\/tr\/\"},{\"@type\":\"ListItem\",\"position\":2,\"name\":\"Excel&#39;de vba hatas\u0131 438 nas\u0131l d\u00fczeltilir?\"}]},{\"@type\":\"WebSite\",\"@id\":\"https:\/\/exceladvisor.org\/tr\/#website\",\"url\":\"https:\/\/exceladvisor.org\/tr\/\",\"name\":\"Excel Advisor\",\"description\":\"Veri hakimiyetine y\u00f6nelik nihai rehberiniz!\",\"publisher\":{\"@id\":\"https:\/\/exceladvisor.org\/tr\/#organization\"},\"potentialAction\":[{\"@type\":\"SearchAction\",\"target\":{\"@type\":\"EntryPoint\",\"urlTemplate\":\"https:\/\/exceladvisor.org\/tr\/?s={search_term_string}\"},\"query-input\":{\"@type\":\"PropertyValueSpecification\",\"valueRequired\":true,\"valueName\":\"search_term_string\"}}],\"inLanguage\":\"tr\"},{\"@type\":\"Organization\",\"@id\":\"https:\/\/exceladvisor.org\/tr\/#organization\",\"name\":\"Excel Advisor\",\"url\":\"https:\/\/exceladvisor.org\/tr\/\",\"logo\":{\"@type\":\"ImageObject\",\"inLanguage\":\"tr\",\"@id\":\"https:\/\/exceladvisor.org\/tr\/#\/schema\/logo\/image\/\",\"url\":\"https:\/\/exceladvisor.org\/tr\/wp-content\/uploads\/2023\/12\/exceladvisor.org_.png\",\"contentUrl\":\"https:\/\/exceladvisor.org\/tr\/wp-content\/uploads\/2023\/12\/exceladvisor.org_.png\",\"width\":105,\"height\":36,\"caption\":\"Excel Advisor\"},\"image\":{\"@id\":\"https:\/\/exceladvisor.org\/tr\/#\/schema\/logo\/image\/\"}}]}<\/script>\n<!-- \/ Yoast SEO plugin. -->","yoast_head_json":{"title":"\u25b7VBA hatas\u0131 438 nas\u0131l d\u00fczeltilir? - Excel Dan\u0131\u015fman\u0131","description":"Bu e\u011fitimde, ge\u00e7ersiz VBA nesnesinin neden bu \u00f6zelli\u011fi veya y\u00f6ntem hatas\u0131n\u0131 (hata 438) desteklemedi\u011fini ve VBA kodu yazarken bunun nas\u0131l ele al\u0131naca\u011f\u0131n\u0131 \u00f6\u011freneceksiniz.","robots":{"index":"index","follow":"follow","max-snippet":"max-snippet:-1","max-image-preview":"max-image-preview:large","max-video-preview":"max-video-preview:-1"},"canonical":"https:\/\/exceladvisor.org\/tr\/nesne-bu-ozelligi-veya-yontemi-desteklemiyor-hatasi-438\/","og_locale":"tr_TR","og_type":"article","og_title":"\u25b7VBA hatas\u0131 438 nas\u0131l d\u00fczeltilir? - Excel Dan\u0131\u015fman\u0131","og_description":"Bu e\u011fitimde, ge\u00e7ersiz VBA nesnesinin neden bu \u00f6zelli\u011fi veya y\u00f6ntem hatas\u0131n\u0131 (hata 438) desteklemedi\u011fini ve VBA kodu yazarken bunun nas\u0131l ele al\u0131naca\u011f\u0131n\u0131 \u00f6\u011freneceksiniz.","og_url":"https:\/\/exceladvisor.org\/tr\/nesne-bu-ozelligi-veya-yontemi-desteklemiyor-hatasi-438\/","og_site_name":"Excel Advisor","article_modified_time":"2023-12-10T06:02:51+00:00","og_image":[{"url":"https:\/\/exceladvisor.org\/wp-content\/uploads\/2023\/08\/1_vba_object_does_not_support_this_-propriete.png","type":"","width":"","height":""}],"twitter_card":"summary_large_image","twitter_misc":{"Tahmini okuma s\u00fcresi":"2 dakika"},"schema":{"@context":"https:\/\/schema.org","@graph":[{"@type":"WebPage","@id":"https:\/\/exceladvisor.org\/tr\/nesne-bu-ozelligi-veya-yontemi-desteklemiyor-hatasi-438\/","url":"https:\/\/exceladvisor.org\/tr\/nesne-bu-ozelligi-veya-yontemi-desteklemiyor-hatasi-438\/","name":"\u25b7VBA hatas\u0131 438 nas\u0131l d\u00fczeltilir? - Excel Dan\u0131\u015fman\u0131","isPartOf":{"@id":"https:\/\/exceladvisor.org\/tr\/#website"},"primaryImageOfPage":{"@id":"https:\/\/exceladvisor.org\/tr\/nesne-bu-ozelligi-veya-yontemi-desteklemiyor-hatasi-438\/#primaryimage"},"image":{"@id":"https:\/\/exceladvisor.org\/tr\/nesne-bu-ozelligi-veya-yontemi-desteklemiyor-hatasi-438\/#primaryimage"},"thumbnailUrl":"https:\/\/exceladvisor.org\/wp-content\/uploads\/2023\/08\/1_vba_object_does_not_support_this_-propriete.png","datePublished":"2023-09-02T06:07:44+00:00","dateModified":"2023-12-10T06:02:51+00:00","description":"Bu e\u011fitimde, ge\u00e7ersiz VBA nesnesinin neden bu \u00f6zelli\u011fi veya y\u00f6ntem hatas\u0131n\u0131 (hata 438) desteklemedi\u011fini ve VBA kodu yazarken bunun nas\u0131l ele al\u0131naca\u011f\u0131n\u0131 \u00f6\u011freneceksiniz.","breadcrumb":{"@id":"https:\/\/exceladvisor.org\/tr\/nesne-bu-ozelligi-veya-yontemi-desteklemiyor-hatasi-438\/#breadcrumb"},"inLanguage":"tr","potentialAction":[{"@type":"ReadAction","target":["https:\/\/exceladvisor.org\/tr\/nesne-bu-ozelligi-veya-yontemi-desteklemiyor-hatasi-438\/"]}]},{"@type":"ImageObject","inLanguage":"tr","@id":"https:\/\/exceladvisor.org\/tr\/nesne-bu-ozelligi-veya-yontemi-desteklemiyor-hatasi-438\/#primaryimage","url":"https:\/\/exceladvisor.org\/wp-content\/uploads\/2023\/08\/1_vba_object_does_not_support_this_-propriete.png","contentUrl":"https:\/\/exceladvisor.org\/wp-content\/uploads\/2023\/08\/1_vba_object_does_not_support_this_-propriete.png"},{"@type":"BreadcrumbList","@id":"https:\/\/exceladvisor.org\/tr\/nesne-bu-ozelligi-veya-yontemi-desteklemiyor-hatasi-438\/#breadcrumb","itemListElement":[{"@type":"ListItem","position":1,"name":"Ev","item":"https:\/\/exceladvisor.org\/tr\/"},{"@type":"ListItem","position":2,"name":"Excel&#39;de vba hatas\u0131 438 nas\u0131l d\u00fczeltilir?"}]},{"@type":"WebSite","@id":"https:\/\/exceladvisor.org\/tr\/#website","url":"https:\/\/exceladvisor.org\/tr\/","name":"Excel Advisor","description":"Veri hakimiyetine y\u00f6nelik nihai rehberiniz!","publisher":{"@id":"https:\/\/exceladvisor.org\/tr\/#organization"},"potentialAction":[{"@type":"SearchAction","target":{"@type":"EntryPoint","urlTemplate":"https:\/\/exceladvisor.org\/tr\/?s={search_term_string}"},"query-input":{"@type":"PropertyValueSpecification","valueRequired":true,"valueName":"search_term_string"}}],"inLanguage":"tr"},{"@type":"Organization","@id":"https:\/\/exceladvisor.org\/tr\/#organization","name":"Excel Advisor","url":"https:\/\/exceladvisor.org\/tr\/","logo":{"@type":"ImageObject","inLanguage":"tr","@id":"https:\/\/exceladvisor.org\/tr\/#\/schema\/logo\/image\/","url":"https:\/\/exceladvisor.org\/tr\/wp-content\/uploads\/2023\/12\/exceladvisor.org_.png","contentUrl":"https:\/\/exceladvisor.org\/tr\/wp-content\/uploads\/2023\/12\/exceladvisor.org_.png","width":105,"height":36,"caption":"Excel Advisor"},"image":{"@id":"https:\/\/exceladvisor.org\/tr\/#\/schema\/logo\/image\/"}}]}},"yoast_meta":{"yoast_wpseo_title":"","yoast_wpseo_metadesc":"","yoast_wpseo_canonical":""},"_links":{"self":[{"href":"https:\/\/exceladvisor.org\/tr\/wp-json\/wp\/v2\/pages\/2206","targetHints":{"allow":["GET"]}}],"collection":[{"href":"https:\/\/exceladvisor.org\/tr\/wp-json\/wp\/v2\/pages"}],"about":[{"href":"https:\/\/exceladvisor.org\/tr\/wp-json\/wp\/v2\/types\/page"}],"author":[{"embeddable":true,"href":"https:\/\/exceladvisor.org\/tr\/wp-json\/wp\/v2\/users\/1"}],"replies":[{"embeddable":true,"href":"https:\/\/exceladvisor.org\/tr\/wp-json\/wp\/v2\/comments?post=2206"}],"version-history":[{"count":1,"href":"https:\/\/exceladvisor.org\/tr\/wp-json\/wp\/v2\/pages\/2206\/revisions"}],"predecessor-version":[{"id":2621,"href":"https:\/\/exceladvisor.org\/tr\/wp-json\/wp\/v2\/pages\/2206\/revisions\/2621"}],"wp:attachment":[{"href":"https:\/\/exceladvisor.org\/tr\/wp-json\/wp\/v2\/media?parent=2206"}],"curies":[{"name":"wp","href":"https:\/\/api.w.org\/{rel}","templated":true}]}}