{"id":2211,"date":"2023-09-01T07:09:32","date_gmt":"2023-09-01T07:09:32","guid":{"rendered":"https:\/\/exceladvisor.org\/tr\/modul\/"},"modified":"2023-12-10T06:02:59","modified_gmt":"2023-12-10T06:02:59","slug":"modul","status":"publish","type":"page","link":"https:\/\/exceladvisor.org\/tr\/modul\/","title":{"rendered":"Excel&#39;de vba mod\u00fclleri nas\u0131l kullan\u0131l\u0131r?"},"content":{"rendered":"<div class=\"excel-icerikten-once\" id=\"excel-2529491710\"><script type=\"text\/javascript\">\r\n\tatOptions = {\r\n\t\t'key' : 'c1158f160081d6540a8409e6925dab94',\r\n\t\t'format' : 'iframe',\r\n\t\t'height' : 250,\r\n\t\t'width' : 300,\r\n\t\t'params' : {}\r\n\t};\r\n<\/script>\r\n<script type=\"text\/javascript\" src=\"\/\/www.highperformanceformat.com\/c1158f160081d6540a8409e6925dab94\/invoke.js\"><\/script><\/div> <h2 class=\"wp-block-heading\">VBA mod\u00fcl\u00fc nedir<\/h2><p> VBA mod\u00fcl\u00fc, <a href=\"https:\/\/exceladvisor.org\/tr\/temel-gorsel-duzenleyici\/\">Visual Basic<\/a> d\u00fczenleyicisindeki kodu i\u00e7eren bir &#8220;.bcf&#8221; uzant\u0131l\u0131 dosyad\u0131r. Her mod\u00fcl\u00fcn yazabilece\u011finiz kendi kod penceresi vard\u0131r. Yeni bir mod\u00fcl ekleyebilir, silebilir, kaydedebilir ve i\u00e7e aktarabilirsiniz. Basit bir ifadeyle Not Defteri&#8217;nde a\u00e7t\u0131\u011f\u0131n\u0131z bir metin dosyas\u0131na benzer.<\/p><p> Bu e\u011fitimde VBA&#8217;da mod\u00fcl kullan\u0131m\u0131na ili\u015fkin her \u015feyi \u00f6\u011frenece\u011fiz.<\/p><h2 class=\"wp-block-heading\"> VBA mod\u00fcl\u00fc ekleme<\/h2><ol type=\"1\"><li> \u0130lk olarak, hen\u00fcz orada de\u011filse proje penceresini a\u00e7\u0131n.<\/li><li> Daha sonra mod\u00fcl eklemek istedi\u011finiz projeye ( <a href=\"https:\/\/exceladvisor.org\/tr\/baglayici\/\">Excel dosyas\u0131<\/a> ) sa\u011f t\u0131klay\u0131n.<\/li><li> Bundan sonra Ekle&#8217;ye gidin ve \u201cMod\u00fcl\u201d e t\u0131klay\u0131n.<\/li><li> Bunu yapt\u0131\u011f\u0131n\u0131zda an\u0131nda yeni bir mod\u00fcl alacaks\u0131n\u0131z ve kodu yazmak i\u00e7in kod penceresini a\u00e7abilirsiniz. <\/li><\/ol><div class=\"wp-block-image\"><figure class=\"aligncenter size-large is-resized\"><img loading=\"lazy\" decoding=\"async\" class=\"wp-image-55674\" src=\"https:\/\/exceladvisor.org\/wp-content\/uploads\/2023\/08\/1-inserer-un-module-vba.png\" sizes=\"auto, \" srcset=\"\" alt=\"vba mod\u00fcl\u00fcne ekle\" width=\"543\" height=\"414\"><\/figure><\/div><p> Ayr\u0131ca eklemek i\u00e7in mod\u00fcldeki ekleme men\u00fcs\u00fcne de gidebilirsiniz. <\/p><div class=\"wp-block-image\"><figure class=\"aligncenter size-large is-resized\"><img loading=\"lazy\" decoding=\"async\" class=\"wp-image-55675\" src=\"https:\/\/exceladvisor.org\/wp-content\/uploads\/2023\/08\/2-inserer-menu-puis-module.png\" sizes=\"auto, \" srcset=\"\" alt=\"\" width=\"536\" height=\"368\"><\/figure><\/div><p> Yeni bir mod\u00fcl ekledi\u011finizde VBA, projedeki t\u00fcm mod\u00fcller i\u00e7in ayr\u0131 bir klas\u00f6r olu\u015fturur. <\/p><div class=\"wp-block-image\"><figure class=\"aligncenter size-large is-resized\"><img loading=\"lazy\" decoding=\"async\" class=\"wp-image-55676\" src=\"https:\/\/exceladvisor.org\/wp-content\/uploads\/2023\/08\/3-vba-cree-un-dossier-separe.png\" sizes=\"auto, \" srcset=\"\" alt=\"\" width=\"512\" height=\"406\"><\/figure><\/div><h2 class=\"wp-block-heading\"> VBA mod\u00fcl\u00fcn\u00fc silme<\/h2><ol type=\"1\"><li> Mod\u00fcl\u00fcn\u00fc silmek istedi\u011finiz projeye t\u0131klay\u0131n.<\/li><li> \u015eimdi kald\u0131rmak istedi\u011finiz mod\u00fcle sa\u011f t\u0131klay\u0131n ve \u201cKald\u0131r\u201da t\u0131klay\u0131n.<\/li><li> Bundan sonra mod\u00fcl\u00fc silmeden \u00f6nce kaydetmek isteyip istemedi\u011finizi onaylaman\u0131z gerekir.<\/li><li> Sonunda silmek i\u00e7in \u201cEvet\u201d e t\u0131klay\u0131n. <\/li><\/ol><div class=\"wp-block-image\"><figure class=\"aligncenter size-large is-resized\"><img loading=\"lazy\" decoding=\"async\" class=\"wp-image-55677\" src=\"https:\/\/exceladvisor.org\/wp-content\/uploads\/2023\/08\/4-supprimer-un-module-vba.png\" sizes=\"auto, \" srcset=\"\" alt=\"\" width=\"505\" height=\"540\"><\/figure><\/div><p> Burada bilmeniz gereken bir \u015fey var, silme se\u00e7ene\u011fine t\u0131klad\u0131\u011f\u0131n\u0131zda mod\u00fcl\u00fcn\u00fcz\u00fc silmeden \u00f6nce (e\u011fer isterseniz) yedeklemenizi istiyor. <\/p><div class=\"wp-block-image\"><figure class=\"aligncenter size-large is-resized\"><img loading=\"lazy\" decoding=\"async\" class=\"wp-image-55678\" src=\"https:\/\/exceladvisor.org\/wp-content\/uploads\/2023\/08\/5-sauvegarder-votre-module.png\" sizes=\"auto, \" srcset=\"\" alt=\"\" width=\"405\" height=\"189\"><\/figure><\/div><p> Bu, mod\u00fcl yede\u011fini alman\u0131z\u0131 hat\u0131rlatman\u0131n ak\u0131ll\u0131 bir yoludur.<\/p><h2 class=\"wp-block-heading\"> VBA mod\u00fcl\u00fcn\u00fc d\u0131\u015fa ve i\u00e7e aktar\u0131n<\/h2><p> Ayr\u0131ca kodlar\u0131 kopyalay\u0131p yap\u0131\u015ft\u0131rmak yerine, bir mod\u00fcl\u00fc bir Excel dosyas\u0131ndan di\u011ferine aktarabilir ve verebilirsiniz. Bu, kodlar\u0131n\u0131z\u0131 ba\u015fkalar\u0131yla payla\u015fman\u0131n en iyi yollar\u0131ndan biridir. Bir mod\u00fcle sa\u011f t\u0131klad\u0131\u011f\u0131n\u0131zda her iki se\u00e7ene\u011finiz de vard\u0131r. <\/p><div class=\"wp-block-image\"><figure class=\"aligncenter size-large is-resized\"><img loading=\"lazy\" decoding=\"async\" class=\"wp-image-55679\" src=\"https:\/\/exceladvisor.org\/wp-content\/uploads\/2023\/08\/6-exporter-et-importer-un-module-vba.png\" sizes=\"auto, \" srcset=\"\" alt=\"\" width=\"420\" height=\"420\"><\/figure><\/div><p> Daha \u00f6nce de s\u00f6yledi\u011fim gibi bir mod\u00fcl\u00fc \u201c.bcf\u201d dosyas\u0131 olarak kaydedip daha sonra veya ba\u015fka bir Excel dosyas\u0131na aktarabilirsiniz.<\/p><p class=\"qt-tip\"> <strong>\u0130pucu:<\/strong> Bir mod\u00fcl\u00fcn tamam\u0131n\u0131 o anda Excel dosyas\u0131 a\u00e7\u0131k olan ba\u015fka bir projeye kopyalamak istiyorsan\u0131z. Bu mod\u00fcl\u00fc kopyalamak istedi\u011finiz projeye s\u00fcr\u00fckleyip b\u0131rak\u0131n. <\/p><div class=\"wp-block-image\"><figure class=\"aligncenter size-large is-resized\"><img loading=\"lazy\" decoding=\"async\" class=\"wp-image-55680\" src=\"https:\/\/exceladvisor.org\/wp-content\/uploads\/2023\/08\/7-glisser-deposer-un-module.png\" sizes=\"auto, \" srcset=\"\" alt=\"\" width=\"473\" height=\"405\"><\/figure><\/div><h2 class=\"wp-block-heading\"> Normal VBA Mod\u00fclleri ile S\u0131n\u0131f Mod\u00fclleri Kar\u015f\u0131la\u015ft\u0131rmas\u0131<\/h2><p> Yeni bir mod\u00fcl ekledi\u011finizde s\u0131n\u0131f mod\u00fcl\u00fc ekleme se\u00e7ene\u011fini g\u00f6rebilirsiniz. Ancak iki mod\u00fcl aras\u0131nda ufak bir fark var. <strong>Standart mod\u00fcller hakk\u0131nda her \u015feyi anlad\u0131\u011f\u0131n\u0131z i\u00e7in s\u0131n\u0131f mod\u00fclleri, \u00f6zel nesnelerinizi olu\u015fturman\u0131za yard\u0131mc\u0131 olabilecek \u00f6zel mod\u00fcllerdir.<\/strong> Bu nesneler i\u00e7in y\u00f6ntemleri, \u00f6zellikleri ve olaylar\u0131 da tan\u0131mlayabilirsiniz. S\u0131n\u0131f mod\u00fcl\u00fcnden yeni bir nesne olu\u015fturdu\u011funuzda, ona standart mod\u00fclden de ba\u015fvurabilirsiniz.<\/p><div class=\"gb-container gb-container-4db6181c gb-container-mt\"> <a class=\"gb-button gb-button-c5897111 gb-button-text gb-button-mt-button\" href=\"https:\/\/exceladvisor.org\/tr\/vba\/\">VBA nedir<\/a><h2 class=\"gb-headline gb-headline-665e5f6b gb-headline-text gb-headline-mt-heading\"> \u0130lgili e\u011fitimler <\/h2><div class=\"gb-grid-wrapper gb-grid-wrapper-a20baf7c gb-grid-wrapper-mt-grid\"><div class=\"gb-grid-column gb-grid-column-65ddf67e\"><div class=\"gb-container gb-container-65ddf67e\"><ul><li> <a href=\"https:\/\/exceladvisor.org\/tr\/gorusme-sorulari\/\">VBA M\u00fclakat Sorular\u0131<\/a><\/li><li> <a href=\"https:\/\/exceladvisor.org\/tr\/yorum\/\">VBA koduna yorum ekleme<\/a><\/li><li> <a href=\"https:\/\/exceladvisor.org\/tr\/satir-sonu\/\">VBA koduna sat\u0131r sonu ekleme<\/a><\/li><li> <a href=\"https:\/\/exceladvisor.org\/tr\/yeni-hat\/\">VBA&#8217;da bir dizeye yeni bir sat\u0131r (sat\u0131r ba\u015f\u0131) ekleyin<\/a><\/li><li> <a href=\"https:\/\/exceladvisor.org\/tr\/makro-2yi-calistir\/\">Excel&#8217;de Makro \u00c7al\u0131\u015ft\u0131rma (VBA Kodunu \u00c7al\u0131\u015ft\u0131rma)<\/a> <\/li><\/ul><\/div><\/div><div class=\"gb-grid-column gb-grid-column-50067b57\"><div class=\"gb-container gb-container-50067b57\"><\/div><\/div><\/div><\/div>","protected":false},"excerpt":{"rendered":"","protected":false},"author":1,"featured_media":0,"parent":0,"menu_order":0,"comment_status":"open","ping_status":"closed","template":"","meta":{"ub_ctt_via":"","footnotes":""},"class_list":["post-2211","page","type-page","status-publish","hentry"],"featured_image_src":null,"yoast_head":"<!-- This site is optimized with the Yoast SEO plugin v25.4 - https:\/\/yoast.com\/wordpress\/plugins\/seo\/ -->\n<title>VBA Mod\u00fclleri | Ekle, Sil, Geri Y\u00fckle ve Yedekle<\/title>\n<meta name=\"description\" content=\"VBA mod\u00fcl\u00fc, Visual Basic d\u00fczenleyicisindeki kodu i\u00e7eren &quot;.bcf&quot; uzant\u0131l\u0131 bir dosyad\u0131r. Her mod\u00fcl\u00fcn kendi penceresi vard\u0131r\" \/>\n<meta name=\"robots\" content=\"index, follow, max-snippet:-1, max-image-preview:large, max-video-preview:-1\" \/>\n<link rel=\"canonical\" href=\"https:\/\/exceladvisor.org\/tr\/modul\/\" \/>\n<meta property=\"og:locale\" content=\"tr_TR\" \/>\n<meta property=\"og:type\" content=\"article\" \/>\n<meta property=\"og:title\" content=\"VBA Mod\u00fclleri | Ekle, Sil, Geri Y\u00fckle ve Yedekle\" \/>\n<meta property=\"og:description\" content=\"VBA mod\u00fcl\u00fc, Visual Basic d\u00fczenleyicisindeki kodu i\u00e7eren &quot;.bcf&quot; uzant\u0131l\u0131 bir dosyad\u0131r. Her mod\u00fcl\u00fcn kendi penceresi vard\u0131r\" \/>\n<meta property=\"og:url\" content=\"https:\/\/exceladvisor.org\/tr\/modul\/\" \/>\n<meta property=\"og:site_name\" content=\"Excel Advisor\" \/>\n<meta property=\"article:modified_time\" content=\"2023-12-10T06:02:59+00:00\" \/>\n<meta property=\"og:image\" content=\"https:\/\/exceladvisor.org\/wp-content\/uploads\/2023\/08\/1-inserer-un-module-vba.png\" \/>\n<meta name=\"twitter:card\" content=\"summary_large_image\" \/>\n<meta name=\"twitter:label1\" content=\"Tahmini okuma s\u00fcresi\" \/>\n\t<meta name=\"twitter:data1\" content=\"3 dakika\" \/>\n<script type=\"application\/ld+json\" class=\"yoast-schema-graph\">{\"@context\":\"https:\/\/schema.org\",\"@graph\":[{\"@type\":\"WebPage\",\"@id\":\"https:\/\/exceladvisor.org\/tr\/modul\/\",\"url\":\"https:\/\/exceladvisor.org\/tr\/modul\/\",\"name\":\"VBA Mod\u00fclleri | Ekle, Sil, Geri Y\u00fckle ve Yedekle\",\"isPartOf\":{\"@id\":\"https:\/\/exceladvisor.org\/tr\/#website\"},\"primaryImageOfPage\":{\"@id\":\"https:\/\/exceladvisor.org\/tr\/modul\/#primaryimage\"},\"image\":{\"@id\":\"https:\/\/exceladvisor.org\/tr\/modul\/#primaryimage\"},\"thumbnailUrl\":\"https:\/\/exceladvisor.org\/wp-content\/uploads\/2023\/08\/1-inserer-un-module-vba.png\",\"datePublished\":\"2023-09-01T07:09:32+00:00\",\"dateModified\":\"2023-12-10T06:02:59+00:00\",\"description\":\"VBA mod\u00fcl\u00fc, Visual Basic d\u00fczenleyicisindeki kodu i\u00e7eren &quot;.bcf&quot; uzant\u0131l\u0131 bir dosyad\u0131r. Her mod\u00fcl\u00fcn kendi penceresi vard\u0131r\",\"breadcrumb\":{\"@id\":\"https:\/\/exceladvisor.org\/tr\/modul\/#breadcrumb\"},\"inLanguage\":\"tr\",\"potentialAction\":[{\"@type\":\"ReadAction\",\"target\":[\"https:\/\/exceladvisor.org\/tr\/modul\/\"]}]},{\"@type\":\"ImageObject\",\"inLanguage\":\"tr\",\"@id\":\"https:\/\/exceladvisor.org\/tr\/modul\/#primaryimage\",\"url\":\"https:\/\/exceladvisor.org\/wp-content\/uploads\/2023\/08\/1-inserer-un-module-vba.png\",\"contentUrl\":\"https:\/\/exceladvisor.org\/wp-content\/uploads\/2023\/08\/1-inserer-un-module-vba.png\"},{\"@type\":\"BreadcrumbList\",\"@id\":\"https:\/\/exceladvisor.org\/tr\/modul\/#breadcrumb\",\"itemListElement\":[{\"@type\":\"ListItem\",\"position\":1,\"name\":\"Ev\",\"item\":\"https:\/\/exceladvisor.org\/tr\/\"},{\"@type\":\"ListItem\",\"position\":2,\"name\":\"Excel&#39;de vba mod\u00fclleri nas\u0131l kullan\u0131l\u0131r?\"}]},{\"@type\":\"WebSite\",\"@id\":\"https:\/\/exceladvisor.org\/tr\/#website\",\"url\":\"https:\/\/exceladvisor.org\/tr\/\",\"name\":\"Excel Advisor\",\"description\":\"Veri hakimiyetine y\u00f6nelik nihai rehberiniz!\",\"publisher\":{\"@id\":\"https:\/\/exceladvisor.org\/tr\/#organization\"},\"potentialAction\":[{\"@type\":\"SearchAction\",\"target\":{\"@type\":\"EntryPoint\",\"urlTemplate\":\"https:\/\/exceladvisor.org\/tr\/?s={search_term_string}\"},\"query-input\":{\"@type\":\"PropertyValueSpecification\",\"valueRequired\":true,\"valueName\":\"search_term_string\"}}],\"inLanguage\":\"tr\"},{\"@type\":\"Organization\",\"@id\":\"https:\/\/exceladvisor.org\/tr\/#organization\",\"name\":\"Excel Advisor\",\"url\":\"https:\/\/exceladvisor.org\/tr\/\",\"logo\":{\"@type\":\"ImageObject\",\"inLanguage\":\"tr\",\"@id\":\"https:\/\/exceladvisor.org\/tr\/#\/schema\/logo\/image\/\",\"url\":\"https:\/\/exceladvisor.org\/tr\/wp-content\/uploads\/2023\/12\/exceladvisor.org_.png\",\"contentUrl\":\"https:\/\/exceladvisor.org\/tr\/wp-content\/uploads\/2023\/12\/exceladvisor.org_.png\",\"width\":105,\"height\":36,\"caption\":\"Excel Advisor\"},\"image\":{\"@id\":\"https:\/\/exceladvisor.org\/tr\/#\/schema\/logo\/image\/\"}}]}<\/script>\n<!-- \/ Yoast SEO plugin. -->","yoast_head_json":{"title":"VBA Mod\u00fclleri | Ekle, Sil, Geri Y\u00fckle ve Yedekle","description":"VBA mod\u00fcl\u00fc, Visual Basic d\u00fczenleyicisindeki kodu i\u00e7eren &quot;.bcf&quot; uzant\u0131l\u0131 bir dosyad\u0131r. Her mod\u00fcl\u00fcn kendi penceresi vard\u0131r","robots":{"index":"index","follow":"follow","max-snippet":"max-snippet:-1","max-image-preview":"max-image-preview:large","max-video-preview":"max-video-preview:-1"},"canonical":"https:\/\/exceladvisor.org\/tr\/modul\/","og_locale":"tr_TR","og_type":"article","og_title":"VBA Mod\u00fclleri | Ekle, Sil, Geri Y\u00fckle ve Yedekle","og_description":"VBA mod\u00fcl\u00fc, Visual Basic d\u00fczenleyicisindeki kodu i\u00e7eren &quot;.bcf&quot; uzant\u0131l\u0131 bir dosyad\u0131r. Her mod\u00fcl\u00fcn kendi penceresi vard\u0131r","og_url":"https:\/\/exceladvisor.org\/tr\/modul\/","og_site_name":"Excel Advisor","article_modified_time":"2023-12-10T06:02:59+00:00","og_image":[{"url":"https:\/\/exceladvisor.org\/wp-content\/uploads\/2023\/08\/1-inserer-un-module-vba.png","type":"","width":"","height":""}],"twitter_card":"summary_large_image","twitter_misc":{"Tahmini okuma s\u00fcresi":"3 dakika"},"schema":{"@context":"https:\/\/schema.org","@graph":[{"@type":"WebPage","@id":"https:\/\/exceladvisor.org\/tr\/modul\/","url":"https:\/\/exceladvisor.org\/tr\/modul\/","name":"VBA Mod\u00fclleri | Ekle, Sil, Geri Y\u00fckle ve Yedekle","isPartOf":{"@id":"https:\/\/exceladvisor.org\/tr\/#website"},"primaryImageOfPage":{"@id":"https:\/\/exceladvisor.org\/tr\/modul\/#primaryimage"},"image":{"@id":"https:\/\/exceladvisor.org\/tr\/modul\/#primaryimage"},"thumbnailUrl":"https:\/\/exceladvisor.org\/wp-content\/uploads\/2023\/08\/1-inserer-un-module-vba.png","datePublished":"2023-09-01T07:09:32+00:00","dateModified":"2023-12-10T06:02:59+00:00","description":"VBA mod\u00fcl\u00fc, Visual Basic d\u00fczenleyicisindeki kodu i\u00e7eren &quot;.bcf&quot; uzant\u0131l\u0131 bir dosyad\u0131r. Her mod\u00fcl\u00fcn kendi penceresi vard\u0131r","breadcrumb":{"@id":"https:\/\/exceladvisor.org\/tr\/modul\/#breadcrumb"},"inLanguage":"tr","potentialAction":[{"@type":"ReadAction","target":["https:\/\/exceladvisor.org\/tr\/modul\/"]}]},{"@type":"ImageObject","inLanguage":"tr","@id":"https:\/\/exceladvisor.org\/tr\/modul\/#primaryimage","url":"https:\/\/exceladvisor.org\/wp-content\/uploads\/2023\/08\/1-inserer-un-module-vba.png","contentUrl":"https:\/\/exceladvisor.org\/wp-content\/uploads\/2023\/08\/1-inserer-un-module-vba.png"},{"@type":"BreadcrumbList","@id":"https:\/\/exceladvisor.org\/tr\/modul\/#breadcrumb","itemListElement":[{"@type":"ListItem","position":1,"name":"Ev","item":"https:\/\/exceladvisor.org\/tr\/"},{"@type":"ListItem","position":2,"name":"Excel&#39;de vba mod\u00fclleri nas\u0131l kullan\u0131l\u0131r?"}]},{"@type":"WebSite","@id":"https:\/\/exceladvisor.org\/tr\/#website","url":"https:\/\/exceladvisor.org\/tr\/","name":"Excel Advisor","description":"Veri hakimiyetine y\u00f6nelik nihai rehberiniz!","publisher":{"@id":"https:\/\/exceladvisor.org\/tr\/#organization"},"potentialAction":[{"@type":"SearchAction","target":{"@type":"EntryPoint","urlTemplate":"https:\/\/exceladvisor.org\/tr\/?s={search_term_string}"},"query-input":{"@type":"PropertyValueSpecification","valueRequired":true,"valueName":"search_term_string"}}],"inLanguage":"tr"},{"@type":"Organization","@id":"https:\/\/exceladvisor.org\/tr\/#organization","name":"Excel Advisor","url":"https:\/\/exceladvisor.org\/tr\/","logo":{"@type":"ImageObject","inLanguage":"tr","@id":"https:\/\/exceladvisor.org\/tr\/#\/schema\/logo\/image\/","url":"https:\/\/exceladvisor.org\/tr\/wp-content\/uploads\/2023\/12\/exceladvisor.org_.png","contentUrl":"https:\/\/exceladvisor.org\/tr\/wp-content\/uploads\/2023\/12\/exceladvisor.org_.png","width":105,"height":36,"caption":"Excel Advisor"},"image":{"@id":"https:\/\/exceladvisor.org\/tr\/#\/schema\/logo\/image\/"}}]}},"yoast_meta":{"yoast_wpseo_title":"","yoast_wpseo_metadesc":"","yoast_wpseo_canonical":""},"_links":{"self":[{"href":"https:\/\/exceladvisor.org\/tr\/wp-json\/wp\/v2\/pages\/2211","targetHints":{"allow":["GET"]}}],"collection":[{"href":"https:\/\/exceladvisor.org\/tr\/wp-json\/wp\/v2\/pages"}],"about":[{"href":"https:\/\/exceladvisor.org\/tr\/wp-json\/wp\/v2\/types\/page"}],"author":[{"embeddable":true,"href":"https:\/\/exceladvisor.org\/tr\/wp-json\/wp\/v2\/users\/1"}],"replies":[{"embeddable":true,"href":"https:\/\/exceladvisor.org\/tr\/wp-json\/wp\/v2\/comments?post=2211"}],"version-history":[{"count":1,"href":"https:\/\/exceladvisor.org\/tr\/wp-json\/wp\/v2\/pages\/2211\/revisions"}],"predecessor-version":[{"id":2628,"href":"https:\/\/exceladvisor.org\/tr\/wp-json\/wp\/v2\/pages\/2211\/revisions\/2628"}],"wp:attachment":[{"href":"https:\/\/exceladvisor.org\/tr\/wp-json\/wp\/v2\/media?parent=2211"}],"curies":[{"name":"wp","href":"https:\/\/api.w.org\/{rel}","templated":true}]}}