{"id":2212,"date":"2023-09-01T06:43:31","date_gmt":"2023-09-01T06:43:31","guid":{"rendered":"https:\/\/exceladvisor.org\/tr\/otomasyon-hatasi-440\/"},"modified":"2023-12-10T06:06:48","modified_gmt":"2023-12-10T06:06:48","slug":"otomasyon-hatasi-440","status":"publish","type":"page","link":"https:\/\/exceladvisor.org\/tr\/otomasyon-hatasi-440\/","title":{"rendered":"Vba otomasyon hatas\u0131 nas\u0131l d\u00fczeltilir?"},"content":{"rendered":"<div class=\"excel-icerikten-once\" id=\"excel-1211644552\"><script type=\"text\/javascript\">\r\n\tatOptions = {\r\n\t\t'key' : 'c1158f160081d6540a8409e6925dab94',\r\n\t\t'format' : 'iframe',\r\n\t\t'height' : 250,\r\n\t\t'width' : 300,\r\n\t\t'params' : {}\r\n\t};\r\n<\/script>\r\n<script type=\"text\/javascript\" src=\"\/\/www.highperformanceformat.com\/c1158f160081d6540a8409e6925dab94\/invoke.js\"><\/script><\/div> <p>VBA&#8217;da otomasyon nesnelerine (di\u011fer uygulamalar veya programlama ara\u00e7lar\u0131 taraf\u0131ndan kullan\u0131lan nesneler) eri\u015fmeye \u00e7al\u0131\u015ft\u0131\u011f\u0131n\u0131zda otomasyon hatas\u0131 (440) olu\u015fur. Bu, kod y\u00fcr\u00fct\u00fcl\u00fcrken olu\u015fabilecek bir \u00e7al\u0131\u015fma zaman\u0131 hatas\u0131d\u0131r. Microsoft&#8217;un dedi\u011fi gibi bu hatan\u0131n olu\u015fmas\u0131na neden olabilecek a\u015fa\u011f\u0131daki nedenler olabilir:<\/p><ol type=\"1\"><li> Bir uygulaman\u0131n Excel&#8217;den bir nesneye eri\u015fmesine izin verdi\u011finizde veya o nesneyle bir y\u00f6ntem veya \u00f6zellik kullan\u0131rken Excel ile kullan\u0131labilecek bir nesne olu\u015fturdu\u011funuzda bu hata olu\u015fabilir.<\/li><li> Veya sistem y\u00f6neticisi taraf\u0131ndan engellenen veya devre d\u0131\u015f\u0131 b\u0131rak\u0131lan bir hatay\u0131 kullanmaya \u00e7al\u0131\u015f\u0131yorsunuz.<\/li><\/ol><h2 class=\"wp-block-heading\"> <strong>Otomasyon hatas\u0131yla nas\u0131l ba\u015f edilir<\/strong><\/h2><p> Otomasyon hatas\u0131n\u0131 ele alman\u0131n en iyi yolu, hatadan ba\u011f\u0131ms\u0131z olarak bir sonraki kod sat\u0131r\u0131na ge\u00e7en &#8220;Hata Durumunda Sonraki Devam Et&#8221; ifadesini kullanmakt\u0131r. Hatan\u0131n kayna\u011f\u0131 ve niteli\u011fi hakk\u0131nda bilgi edinmek i\u00e7in Err nesnesini de kullanabilirsiniz.<\/p><div class=\"gb-container gb-container-4db6181c gb-container-mt\"> <a class=\"gb-button gb-button-c5897111 gb-button-text gb-button-mt-button\" href=\"https:\/\/exceladvisor.org\/tr\/vba\/\">VBA nedir<\/a><h2 class=\"gb-headline gb-headline-665e5f6b gb-headline-text gb-headline-mt-heading\"> \u0130lgili e\u011fitimler <\/h2><div class=\"gb-grid-wrapper gb-grid-wrapper-a20baf7c gb-grid-wrapper-mt-grid\"><div class=\"gb-grid-column gb-grid-column-65ddf67e\"><div class=\"gb-container gb-container-65ddf67e\"><ul><li> <a href=\"https:\/\/exceladvisor.org\/tr\/otomasyon-hatasi-440\/\">VBA otomasyon hatas\u0131 (Hata 440)<\/a><\/li><li> <a href=\"https:\/\/exceladvisor.org\/tr\/hata-400\/\">VBA hatas\u0131 400<\/a><\/li><li> <a href=\"https:\/\/exceladvisor.org\/tr\/gecersiz-prosedur-cagrisi-veya-bagimsiz-degisken-hatasi-5\/\">Ge\u00e7ersiz VBA prosed\u00fcr\u00fc \u00e7a\u011fr\u0131s\u0131 veya ba\u011f\u0131ms\u0131z de\u011fi\u015fken hatas\u0131 (Hata 5)<\/a><\/li><li> <a href=\"https:\/\/exceladvisor.org\/tr\/nesne-bu-ozelligi-veya-yontemi-desteklemiyor-hatasi-438\/\">VBA nesnesi bu \u00f6zelli\u011fi veya y\u00f6ntem hatas\u0131n\u0131 desteklemiyor (Hata 438)<\/a><\/li><li> <a href=\"https:\/\/exceladvisor.org\/tr\/nesne-gerekli-hata-424\/\">VBA Nesnesi Gerekli Hatas\u0131 (Hata 424)<\/a> <\/li><\/ul><\/div><\/div><div class=\"gb-grid-column gb-grid-column-50067b57\"><div class=\"gb-container gb-container-50067b57\"><\/div><\/div><\/div><\/div>","protected":false},"excerpt":{"rendered":"","protected":false},"author":1,"featured_media":0,"parent":0,"menu_order":0,"comment_status":"open","ping_status":"closed","template":"","meta":{"ub_ctt_via":"","footnotes":""},"class_list":["post-2212","page","type-page","status-publish","hentry"],"featured_image_src":null,"yoast_head":"<!-- This site is optimized with the Yoast SEO plugin v25.4 - https:\/\/yoast.com\/wordpress\/plugins\/seo\/ -->\n<title>\u25b7 VBA otomasyon hatas\u0131 (Hata 440) nas\u0131l d\u00fczeltilir?<\/title>\n<meta name=\"description\" content=\"Bu derste otomasyon hatas\u0131n\u0131n (hata 440) neden olu\u015ftu\u011funu ve bir metin yazarken bununla nas\u0131l ba\u015fa \u00e7\u0131k\u0131laca\u011f\u0131n\u0131 \u00f6\u011freneceksiniz.\" \/>\n<meta name=\"robots\" content=\"index, follow, max-snippet:-1, max-image-preview:large, max-video-preview:-1\" \/>\n<link rel=\"canonical\" href=\"https:\/\/exceladvisor.org\/tr\/otomasyon-hatasi-440\/\" \/>\n<meta property=\"og:locale\" content=\"tr_TR\" \/>\n<meta property=\"og:type\" content=\"article\" \/>\n<meta property=\"og:title\" content=\"\u25b7 VBA otomasyon hatas\u0131 (Hata 440) nas\u0131l d\u00fczeltilir?\" \/>\n<meta property=\"og:description\" content=\"Bu derste otomasyon hatas\u0131n\u0131n (hata 440) neden olu\u015ftu\u011funu ve bir metin yazarken bununla nas\u0131l ba\u015fa \u00e7\u0131k\u0131laca\u011f\u0131n\u0131 \u00f6\u011freneceksiniz.\" \/>\n<meta property=\"og:url\" content=\"https:\/\/exceladvisor.org\/tr\/otomasyon-hatasi-440\/\" \/>\n<meta property=\"og:site_name\" content=\"Excel Advisor\" \/>\n<meta property=\"article:modified_time\" content=\"2023-12-10T06:06:48+00:00\" \/>\n<meta name=\"twitter:card\" content=\"summary_large_image\" \/>\n<meta name=\"twitter:label1\" content=\"Tahmini okuma s\u00fcresi\" \/>\n\t<meta name=\"twitter:data1\" content=\"1 dakika\" \/>\n<script type=\"application\/ld+json\" class=\"yoast-schema-graph\">{\"@context\":\"https:\/\/schema.org\",\"@graph\":[{\"@type\":\"WebPage\",\"@id\":\"https:\/\/exceladvisor.org\/tr\/otomasyon-hatasi-440\/\",\"url\":\"https:\/\/exceladvisor.org\/tr\/otomasyon-hatasi-440\/\",\"name\":\"\u25b7 VBA otomasyon hatas\u0131 (Hata 440) nas\u0131l d\u00fczeltilir?\",\"isPartOf\":{\"@id\":\"https:\/\/exceladvisor.org\/tr\/#website\"},\"datePublished\":\"2023-09-01T06:43:31+00:00\",\"dateModified\":\"2023-12-10T06:06:48+00:00\",\"description\":\"Bu derste otomasyon hatas\u0131n\u0131n (hata 440) neden olu\u015ftu\u011funu ve bir metin yazarken bununla nas\u0131l ba\u015fa \u00e7\u0131k\u0131laca\u011f\u0131n\u0131 \u00f6\u011freneceksiniz.\",\"breadcrumb\":{\"@id\":\"https:\/\/exceladvisor.org\/tr\/otomasyon-hatasi-440\/#breadcrumb\"},\"inLanguage\":\"tr\",\"potentialAction\":[{\"@type\":\"ReadAction\",\"target\":[\"https:\/\/exceladvisor.org\/tr\/otomasyon-hatasi-440\/\"]}]},{\"@type\":\"BreadcrumbList\",\"@id\":\"https:\/\/exceladvisor.org\/tr\/otomasyon-hatasi-440\/#breadcrumb\",\"itemListElement\":[{\"@type\":\"ListItem\",\"position\":1,\"name\":\"Ev\",\"item\":\"https:\/\/exceladvisor.org\/tr\/\"},{\"@type\":\"ListItem\",\"position\":2,\"name\":\"Vba otomasyon hatas\u0131 nas\u0131l d\u00fczeltilir?\"}]},{\"@type\":\"WebSite\",\"@id\":\"https:\/\/exceladvisor.org\/tr\/#website\",\"url\":\"https:\/\/exceladvisor.org\/tr\/\",\"name\":\"Excel Advisor\",\"description\":\"Veri hakimiyetine y\u00f6nelik nihai rehberiniz!\",\"publisher\":{\"@id\":\"https:\/\/exceladvisor.org\/tr\/#organization\"},\"potentialAction\":[{\"@type\":\"SearchAction\",\"target\":{\"@type\":\"EntryPoint\",\"urlTemplate\":\"https:\/\/exceladvisor.org\/tr\/?s={search_term_string}\"},\"query-input\":{\"@type\":\"PropertyValueSpecification\",\"valueRequired\":true,\"valueName\":\"search_term_string\"}}],\"inLanguage\":\"tr\"},{\"@type\":\"Organization\",\"@id\":\"https:\/\/exceladvisor.org\/tr\/#organization\",\"name\":\"Excel Advisor\",\"url\":\"https:\/\/exceladvisor.org\/tr\/\",\"logo\":{\"@type\":\"ImageObject\",\"inLanguage\":\"tr\",\"@id\":\"https:\/\/exceladvisor.org\/tr\/#\/schema\/logo\/image\/\",\"url\":\"https:\/\/exceladvisor.org\/tr\/wp-content\/uploads\/2023\/12\/exceladvisor.org_.png\",\"contentUrl\":\"https:\/\/exceladvisor.org\/tr\/wp-content\/uploads\/2023\/12\/exceladvisor.org_.png\",\"width\":105,\"height\":36,\"caption\":\"Excel Advisor\"},\"image\":{\"@id\":\"https:\/\/exceladvisor.org\/tr\/#\/schema\/logo\/image\/\"}}]}<\/script>\n<!-- \/ Yoast SEO plugin. -->","yoast_head_json":{"title":"\u25b7 VBA otomasyon hatas\u0131 (Hata 440) nas\u0131l d\u00fczeltilir?","description":"Bu derste otomasyon hatas\u0131n\u0131n (hata 440) neden olu\u015ftu\u011funu ve bir metin yazarken bununla nas\u0131l ba\u015fa \u00e7\u0131k\u0131laca\u011f\u0131n\u0131 \u00f6\u011freneceksiniz.","robots":{"index":"index","follow":"follow","max-snippet":"max-snippet:-1","max-image-preview":"max-image-preview:large","max-video-preview":"max-video-preview:-1"},"canonical":"https:\/\/exceladvisor.org\/tr\/otomasyon-hatasi-440\/","og_locale":"tr_TR","og_type":"article","og_title":"\u25b7 VBA otomasyon hatas\u0131 (Hata 440) nas\u0131l d\u00fczeltilir?","og_description":"Bu derste otomasyon hatas\u0131n\u0131n (hata 440) neden olu\u015ftu\u011funu ve bir metin yazarken bununla nas\u0131l ba\u015fa \u00e7\u0131k\u0131laca\u011f\u0131n\u0131 \u00f6\u011freneceksiniz.","og_url":"https:\/\/exceladvisor.org\/tr\/otomasyon-hatasi-440\/","og_site_name":"Excel Advisor","article_modified_time":"2023-12-10T06:06:48+00:00","twitter_card":"summary_large_image","twitter_misc":{"Tahmini okuma s\u00fcresi":"1 dakika"},"schema":{"@context":"https:\/\/schema.org","@graph":[{"@type":"WebPage","@id":"https:\/\/exceladvisor.org\/tr\/otomasyon-hatasi-440\/","url":"https:\/\/exceladvisor.org\/tr\/otomasyon-hatasi-440\/","name":"\u25b7 VBA otomasyon hatas\u0131 (Hata 440) nas\u0131l d\u00fczeltilir?","isPartOf":{"@id":"https:\/\/exceladvisor.org\/tr\/#website"},"datePublished":"2023-09-01T06:43:31+00:00","dateModified":"2023-12-10T06:06:48+00:00","description":"Bu derste otomasyon hatas\u0131n\u0131n (hata 440) neden olu\u015ftu\u011funu ve bir metin yazarken bununla nas\u0131l ba\u015fa \u00e7\u0131k\u0131laca\u011f\u0131n\u0131 \u00f6\u011freneceksiniz.","breadcrumb":{"@id":"https:\/\/exceladvisor.org\/tr\/otomasyon-hatasi-440\/#breadcrumb"},"inLanguage":"tr","potentialAction":[{"@type":"ReadAction","target":["https:\/\/exceladvisor.org\/tr\/otomasyon-hatasi-440\/"]}]},{"@type":"BreadcrumbList","@id":"https:\/\/exceladvisor.org\/tr\/otomasyon-hatasi-440\/#breadcrumb","itemListElement":[{"@type":"ListItem","position":1,"name":"Ev","item":"https:\/\/exceladvisor.org\/tr\/"},{"@type":"ListItem","position":2,"name":"Vba otomasyon hatas\u0131 nas\u0131l d\u00fczeltilir?"}]},{"@type":"WebSite","@id":"https:\/\/exceladvisor.org\/tr\/#website","url":"https:\/\/exceladvisor.org\/tr\/","name":"Excel Advisor","description":"Veri hakimiyetine y\u00f6nelik nihai rehberiniz!","publisher":{"@id":"https:\/\/exceladvisor.org\/tr\/#organization"},"potentialAction":[{"@type":"SearchAction","target":{"@type":"EntryPoint","urlTemplate":"https:\/\/exceladvisor.org\/tr\/?s={search_term_string}"},"query-input":{"@type":"PropertyValueSpecification","valueRequired":true,"valueName":"search_term_string"}}],"inLanguage":"tr"},{"@type":"Organization","@id":"https:\/\/exceladvisor.org\/tr\/#organization","name":"Excel Advisor","url":"https:\/\/exceladvisor.org\/tr\/","logo":{"@type":"ImageObject","inLanguage":"tr","@id":"https:\/\/exceladvisor.org\/tr\/#\/schema\/logo\/image\/","url":"https:\/\/exceladvisor.org\/tr\/wp-content\/uploads\/2023\/12\/exceladvisor.org_.png","contentUrl":"https:\/\/exceladvisor.org\/tr\/wp-content\/uploads\/2023\/12\/exceladvisor.org_.png","width":105,"height":36,"caption":"Excel Advisor"},"image":{"@id":"https:\/\/exceladvisor.org\/tr\/#\/schema\/logo\/image\/"}}]}},"yoast_meta":{"yoast_wpseo_title":"","yoast_wpseo_metadesc":"","yoast_wpseo_canonical":""},"_links":{"self":[{"href":"https:\/\/exceladvisor.org\/tr\/wp-json\/wp\/v2\/pages\/2212","targetHints":{"allow":["GET"]}}],"collection":[{"href":"https:\/\/exceladvisor.org\/tr\/wp-json\/wp\/v2\/pages"}],"about":[{"href":"https:\/\/exceladvisor.org\/tr\/wp-json\/wp\/v2\/types\/page"}],"author":[{"embeddable":true,"href":"https:\/\/exceladvisor.org\/tr\/wp-json\/wp\/v2\/users\/1"}],"replies":[{"embeddable":true,"href":"https:\/\/exceladvisor.org\/tr\/wp-json\/wp\/v2\/comments?post=2212"}],"version-history":[{"count":1,"href":"https:\/\/exceladvisor.org\/tr\/wp-json\/wp\/v2\/pages\/2212\/revisions"}],"predecessor-version":[{"id":2892,"href":"https:\/\/exceladvisor.org\/tr\/wp-json\/wp\/v2\/pages\/2212\/revisions\/2892"}],"wp:attachment":[{"href":"https:\/\/exceladvisor.org\/tr\/wp-json\/wp\/v2\/media?parent=2212"}],"curies":[{"name":"wp","href":"https:\/\/api.w.org\/{rel}","templated":true}]}}