{"id":2213,"date":"2023-09-01T06:37:58","date_gmt":"2023-09-01T06:37:58","guid":{"rendered":"https:\/\/exceladvisor.org\/tr\/nesne-gerekli-hata-424\/"},"modified":"2023-12-10T06:06:44","modified_gmt":"2023-12-10T06:06:44","slug":"nesne-gerekli-hata-424","status":"publish","type":"page","link":"https:\/\/exceladvisor.org\/tr\/nesne-gerekli-hata-424\/","title":{"rendered":"Vba nesnesi gerekli hatas\u0131 nas\u0131l d\u00fczeltilir?"},"content":{"rendered":"<div class=\"excel-icerikten-once\" id=\"excel-271638599\"><script type=\"text\/javascript\">\r\n\tatOptions = {\r\n\t\t'key' : 'c1158f160081d6540a8409e6925dab94',\r\n\t\t'format' : 'iframe',\r\n\t\t'height' : 250,\r\n\t\t'width' : 300,\r\n\t\t'params' : {}\r\n\t};\r\n<\/script>\r\n<script type=\"text\/javascript\" src=\"\/\/www.highperformanceformat.com\/c1158f160081d6540a8409e6925dab94\/invoke.js\"><\/script><\/div> <p>VBA, \u00f6zelli\u011fi veya y\u00f6ntemi referans ald\u0131\u011f\u0131n\u0131z nesneyi tan\u0131yamazsa Nesne Gerekli hatas\u0131n\u0131 g\u00f6r\u00fcnt\u00fcler. Basit bir ifadeyle, bir nesneye ba\u015fvuruyorsan\u0131z ancak o nesnenin ad\u0131 do\u011fru de\u011filse (o nesne VBA&#8217;n\u0131n nesne hiyerar\u015fisinde de\u011filse), a\u015fa\u011f\u0131daki gibi 424 hatas\u0131n\u0131 g\u00f6sterir. <\/p><div class=\"wp-block-image\"><figure class=\"aligncenter size-large is-resized\"><img loading=\"lazy\" decoding=\"async\" class=\"wp-image-57075\" src=\"https:\/\/exceladvisor.org\/wp-content\/uploads\/2023\/08\/1-erreur-dobjet-vba-requise.png\" sizes=\"auto, \" srcset=\"\" alt=\"vba-nesne-gerekli-hata\" width=\"593\" height=\"408\"><\/figure><\/div><p> Yukar\u0131daki kodda g\u00f6rd\u00fc\u011f\u00fcn\u00fcz gibi aktif h\u00fccre nesnesini yanl\u0131\u015f yazd\u0131m ve VBA bu kod sat\u0131r\u0131n\u0131 \u00e7al\u0131\u015ft\u0131rd\u0131\u011f\u0131nda bu isimde bir nesne olmad\u0131\u011f\u0131ndan (yanl\u0131\u015f yazd\u0131\u011f\u0131m i\u00e7in) bu nesne kullan\u0131lam\u0131yor.<\/p><p class=\"qt-tip\"> <strong>Not<\/strong> : Mod\u00fclde Option Explicit deyimini kulland\u0131ysan\u0131z farkl\u0131 bir hata al\u0131rs\u0131n\u0131z (a\u015fa\u011f\u0131daki resme bak\u0131n\u0131z). <\/p><div class=\"wp-block-image\"><figure class=\"aligncenter size-large is-resized\"><img loading=\"lazy\" decoding=\"async\" class=\"wp-image-57076\" src=\"https:\/\/exceladvisor.org\/wp-content\/uploads\/2023\/08\/2-variables-non-definies.png\" sizes=\"auto, \" srcset=\"\" alt=\"\" width=\"481\" height=\"421\"><\/figure><\/div><h2 class=\"wp-block-heading\"> Nesne olmayan bir de\u011fi\u015fken i\u00e7in \u201cSet\u201d anahtar s\u00f6zc\u00fc\u011f\u00fcn\u00fc kullanma<\/h2><p> Bir de\u011fi\u015fkene bir nesne atamak i\u00e7in kulland\u0131\u011f\u0131n\u0131zda \u201cSet\u201d anahtar s\u00f6zc\u00fc\u011f\u00fcn\u00fc kullanman\u0131z gerekir. A\u015fa\u011f\u0131daki \u00f6rnekte, \u00e7al\u0131\u015fma sayfas\u0131 i\u00e7in myWKS&#8217;niz ve A1 h\u00fccresindeki de\u011fer i\u00e7in iVal&#8217;iniz var. <\/p><div class=\"wp-block-image\"><figure class=\"aligncenter size-large is-resized\"><img loading=\"lazy\" decoding=\"async\" class=\"wp-image-57077\" src=\"https:\/\/exceladvisor.org\/wp-content\/uploads\/2023\/08\/3-mot-cle-set-utilise-pour-une-variable-non-objet.png\" sizes=\"auto, \" srcset=\"\" alt=\"\" width=\"554\" height=\"485\"><\/figure><\/div><p> G\u00f6rd\u00fc\u011f\u00fcn\u00fcz gibi, yukar\u0131daki kodda de\u011fi\u015fkenleriniz var; bunlardan biri \u00e7al\u0131\u015fma sayfas\u0131 nesnesi, ikincisi ise dize olarak bildirildi. Ancak de\u011feri atarken, nesne olarak de\u011fil string olarak bildirilen \u201ciVal\u201d de\u011fi\u015fkenine \u201cSet\u201d anahtar kelimesini kulland\u0131k.<\/p><h2 class=\"wp-block-heading\"> VBA&#8217;da Gerekli Nesne (Hata 424) Nas\u0131l Onar\u0131l\u0131r<\/h2><ol type=\"1\"><li> Visual Basic d\u00fczenleyicinizin Hata Ay\u0131klama men\u00fcs\u00fcne gidin.<\/li><li> Kodun tamam\u0131n\u0131 ad\u0131m ad\u0131m \u00e7al\u0131\u015ft\u0131rmak i\u00e7in ad\u0131m\u0131 kullan\u0131n.<\/li><li> Hata ald\u0131\u011f\u0131n\u0131z sat\u0131ra geldi\u011finiz an VBA size hatay\u0131 g\u00f6sterecektir.<\/li><li> Bu kod sat\u0131r\u0131n\u0131 d\u00fczeltin. <\/li><\/ol><div class=\"wp-block-image\"><figure class=\"aligncenter size-large is-resized\"><img loading=\"lazy\" decoding=\"async\" class=\"wp-image-57078\" src=\"https:\/\/exceladvisor.org\/wp-content\/uploads\/2023\/08\/4-comment-reparer-object_required.png\" sizes=\"auto, \" srcset=\"\" alt=\"\" width=\"589\" height=\"338\"><\/figure><\/div><p> Di\u011fer yol ise, do\u011fru nesnelere at\u0131fta bulundu\u011funuzdan ve de\u011fi\u015fkenlerin ve nesnelerin do\u011fru ad\u0131n\u0131 kulland\u0131\u011f\u0131n\u0131zdan emin olmak i\u00e7in kod sat\u0131r\u0131n\u0131 sat\u0131r sat\u0131r okumak olabilir.<\/p><p> GOTO deyimini, bir hatay\u0131 a\u015fmak veya bir hata olu\u015ftuktan sonra kullan\u0131c\u0131lara bir mesaj g\u00f6r\u00fcnt\u00fclemek i\u00e7in de kullanabilirsiniz.<\/p><div class=\"gb-container gb-container-4db6181c gb-container-mt\"> <a class=\"gb-button gb-button-c5897111 gb-button-text gb-button-mt-button\" href=\"https:\/\/exceladvisor.org\/tr\/vba\/\">VBA nedir<\/a><h2 class=\"gb-headline gb-headline-665e5f6b gb-headline-text gb-headline-mt-heading\"> \u0130lgili e\u011fitimler <\/h2><div class=\"gb-grid-wrapper gb-grid-wrapper-a20baf7c gb-grid-wrapper-mt-grid\"><div class=\"gb-grid-column gb-grid-column-65ddf67e\"><div class=\"gb-container gb-container-65ddf67e\"><ul><li> <a href=\"https:\/\/exceladvisor.org\/tr\/hata-yonetimi\/\">VBA hata i\u015fleme<\/a><\/li><li> <a href=\"https:\/\/exceladvisor.org\/tr\/otomasyon-hatasi-440\/\">VBA otomasyon hatas\u0131 (Hata 440)<\/a><\/li><li> <a href=\"https:\/\/exceladvisor.org\/tr\/hata-400\/\">VBA hatas\u0131 400<\/a><\/li><li> <a href=\"https:\/\/exceladvisor.org\/tr\/gecersiz-prosedur-cagrisi-veya-bagimsiz-degisken-hatasi-5\/\">Ge\u00e7ersiz VBA prosed\u00fcr\u00fc \u00e7a\u011fr\u0131s\u0131 veya ba\u011f\u0131ms\u0131z de\u011fi\u015fken hatas\u0131 (Hata 5)<\/a><\/li><li> <a href=\"https:\/\/exceladvisor.org\/tr\/nesne-bu-ozelligi-veya-yontemi-desteklemiyor-hatasi-438\/\">VBA nesnesi bu \u00f6zelli\u011fi veya y\u00f6ntem hatas\u0131n\u0131 desteklemiyor (Hata 438)<\/a> <\/li><\/ul><\/div><\/div><div class=\"gb-grid-column gb-grid-column-50067b57\"><div class=\"gb-container gb-container-50067b57\"><\/div><\/div><\/div><\/div>","protected":false},"excerpt":{"rendered":"","protected":false},"author":1,"featured_media":0,"parent":0,"menu_order":0,"comment_status":"open","ping_status":"closed","template":"","meta":{"ub_ctt_via":"","footnotes":""},"class_list":["post-2213","page","type-page","status-publish","hentry"],"featured_image_src":null,"yoast_head":"<!-- This site is optimized with the Yoast SEO plugin v25.4 - https:\/\/yoast.com\/wordpress\/plugins\/seo\/ -->\n<title>VBA nesnesi gerekli hatas\u0131 nas\u0131l d\u00fczeltilir? (Hata 424)<\/title>\n<meta name=\"description\" content=\"Bu e\u011fitimde, gerekli nesnenin (424 hatas\u0131) neden olu\u015ftu\u011funu ve VBA kodu yazarken bunun nas\u0131l ele al\u0131naca\u011f\u0131n\u0131 \u00f6\u011freneceksiniz.\" \/>\n<meta name=\"robots\" content=\"index, follow, max-snippet:-1, max-image-preview:large, max-video-preview:-1\" \/>\n<link rel=\"canonical\" href=\"https:\/\/exceladvisor.org\/tr\/nesne-gerekli-hata-424\/\" \/>\n<meta property=\"og:locale\" content=\"tr_TR\" \/>\n<meta property=\"og:type\" content=\"article\" \/>\n<meta property=\"og:title\" content=\"VBA nesnesi gerekli hatas\u0131 nas\u0131l d\u00fczeltilir? (Hata 424)\" \/>\n<meta property=\"og:description\" content=\"Bu e\u011fitimde, gerekli nesnenin (424 hatas\u0131) neden olu\u015ftu\u011funu ve VBA kodu yazarken bunun nas\u0131l ele al\u0131naca\u011f\u0131n\u0131 \u00f6\u011freneceksiniz.\" \/>\n<meta property=\"og:url\" content=\"https:\/\/exceladvisor.org\/tr\/nesne-gerekli-hata-424\/\" \/>\n<meta property=\"og:site_name\" content=\"Excel Advisor\" \/>\n<meta property=\"article:modified_time\" content=\"2023-12-10T06:06:44+00:00\" \/>\n<meta property=\"og:image\" content=\"https:\/\/exceladvisor.org\/wp-content\/uploads\/2023\/08\/1-erreur-dobjet-vba-requise.png\" \/>\n<meta name=\"twitter:card\" content=\"summary_large_image\" \/>\n<meta name=\"twitter:label1\" content=\"Tahmini okuma s\u00fcresi\" \/>\n\t<meta name=\"twitter:data1\" content=\"2 dakika\" \/>\n<script type=\"application\/ld+json\" class=\"yoast-schema-graph\">{\"@context\":\"https:\/\/schema.org\",\"@graph\":[{\"@type\":\"WebPage\",\"@id\":\"https:\/\/exceladvisor.org\/tr\/nesne-gerekli-hata-424\/\",\"url\":\"https:\/\/exceladvisor.org\/tr\/nesne-gerekli-hata-424\/\",\"name\":\"VBA nesnesi gerekli hatas\u0131 nas\u0131l d\u00fczeltilir? (Hata 424)\",\"isPartOf\":{\"@id\":\"https:\/\/exceladvisor.org\/tr\/#website\"},\"primaryImageOfPage\":{\"@id\":\"https:\/\/exceladvisor.org\/tr\/nesne-gerekli-hata-424\/#primaryimage\"},\"image\":{\"@id\":\"https:\/\/exceladvisor.org\/tr\/nesne-gerekli-hata-424\/#primaryimage\"},\"thumbnailUrl\":\"https:\/\/exceladvisor.org\/wp-content\/uploads\/2023\/08\/1-erreur-dobjet-vba-requise.png\",\"datePublished\":\"2023-09-01T06:37:58+00:00\",\"dateModified\":\"2023-12-10T06:06:44+00:00\",\"description\":\"Bu e\u011fitimde, gerekli nesnenin (424 hatas\u0131) neden olu\u015ftu\u011funu ve VBA kodu yazarken bunun nas\u0131l ele al\u0131naca\u011f\u0131n\u0131 \u00f6\u011freneceksiniz.\",\"breadcrumb\":{\"@id\":\"https:\/\/exceladvisor.org\/tr\/nesne-gerekli-hata-424\/#breadcrumb\"},\"inLanguage\":\"tr\",\"potentialAction\":[{\"@type\":\"ReadAction\",\"target\":[\"https:\/\/exceladvisor.org\/tr\/nesne-gerekli-hata-424\/\"]}]},{\"@type\":\"ImageObject\",\"inLanguage\":\"tr\",\"@id\":\"https:\/\/exceladvisor.org\/tr\/nesne-gerekli-hata-424\/#primaryimage\",\"url\":\"https:\/\/exceladvisor.org\/wp-content\/uploads\/2023\/08\/1-erreur-dobjet-vba-requise.png\",\"contentUrl\":\"https:\/\/exceladvisor.org\/wp-content\/uploads\/2023\/08\/1-erreur-dobjet-vba-requise.png\"},{\"@type\":\"BreadcrumbList\",\"@id\":\"https:\/\/exceladvisor.org\/tr\/nesne-gerekli-hata-424\/#breadcrumb\",\"itemListElement\":[{\"@type\":\"ListItem\",\"position\":1,\"name\":\"Ev\",\"item\":\"https:\/\/exceladvisor.org\/tr\/\"},{\"@type\":\"ListItem\",\"position\":2,\"name\":\"Vba nesnesi gerekli hatas\u0131 nas\u0131l d\u00fczeltilir?\"}]},{\"@type\":\"WebSite\",\"@id\":\"https:\/\/exceladvisor.org\/tr\/#website\",\"url\":\"https:\/\/exceladvisor.org\/tr\/\",\"name\":\"Excel Advisor\",\"description\":\"Veri hakimiyetine y\u00f6nelik nihai rehberiniz!\",\"publisher\":{\"@id\":\"https:\/\/exceladvisor.org\/tr\/#organization\"},\"potentialAction\":[{\"@type\":\"SearchAction\",\"target\":{\"@type\":\"EntryPoint\",\"urlTemplate\":\"https:\/\/exceladvisor.org\/tr\/?s={search_term_string}\"},\"query-input\":{\"@type\":\"PropertyValueSpecification\",\"valueRequired\":true,\"valueName\":\"search_term_string\"}}],\"inLanguage\":\"tr\"},{\"@type\":\"Organization\",\"@id\":\"https:\/\/exceladvisor.org\/tr\/#organization\",\"name\":\"Excel Advisor\",\"url\":\"https:\/\/exceladvisor.org\/tr\/\",\"logo\":{\"@type\":\"ImageObject\",\"inLanguage\":\"tr\",\"@id\":\"https:\/\/exceladvisor.org\/tr\/#\/schema\/logo\/image\/\",\"url\":\"https:\/\/exceladvisor.org\/tr\/wp-content\/uploads\/2023\/12\/exceladvisor.org_.png\",\"contentUrl\":\"https:\/\/exceladvisor.org\/tr\/wp-content\/uploads\/2023\/12\/exceladvisor.org_.png\",\"width\":105,\"height\":36,\"caption\":\"Excel Advisor\"},\"image\":{\"@id\":\"https:\/\/exceladvisor.org\/tr\/#\/schema\/logo\/image\/\"}}]}<\/script>\n<!-- \/ Yoast SEO plugin. -->","yoast_head_json":{"title":"VBA nesnesi gerekli hatas\u0131 nas\u0131l d\u00fczeltilir? (Hata 424)","description":"Bu e\u011fitimde, gerekli nesnenin (424 hatas\u0131) neden olu\u015ftu\u011funu ve VBA kodu yazarken bunun nas\u0131l ele al\u0131naca\u011f\u0131n\u0131 \u00f6\u011freneceksiniz.","robots":{"index":"index","follow":"follow","max-snippet":"max-snippet:-1","max-image-preview":"max-image-preview:large","max-video-preview":"max-video-preview:-1"},"canonical":"https:\/\/exceladvisor.org\/tr\/nesne-gerekli-hata-424\/","og_locale":"tr_TR","og_type":"article","og_title":"VBA nesnesi gerekli hatas\u0131 nas\u0131l d\u00fczeltilir? (Hata 424)","og_description":"Bu e\u011fitimde, gerekli nesnenin (424 hatas\u0131) neden olu\u015ftu\u011funu ve VBA kodu yazarken bunun nas\u0131l ele al\u0131naca\u011f\u0131n\u0131 \u00f6\u011freneceksiniz.","og_url":"https:\/\/exceladvisor.org\/tr\/nesne-gerekli-hata-424\/","og_site_name":"Excel Advisor","article_modified_time":"2023-12-10T06:06:44+00:00","og_image":[{"url":"https:\/\/exceladvisor.org\/wp-content\/uploads\/2023\/08\/1-erreur-dobjet-vba-requise.png","type":"","width":"","height":""}],"twitter_card":"summary_large_image","twitter_misc":{"Tahmini okuma s\u00fcresi":"2 dakika"},"schema":{"@context":"https:\/\/schema.org","@graph":[{"@type":"WebPage","@id":"https:\/\/exceladvisor.org\/tr\/nesne-gerekli-hata-424\/","url":"https:\/\/exceladvisor.org\/tr\/nesne-gerekli-hata-424\/","name":"VBA nesnesi gerekli hatas\u0131 nas\u0131l d\u00fczeltilir? (Hata 424)","isPartOf":{"@id":"https:\/\/exceladvisor.org\/tr\/#website"},"primaryImageOfPage":{"@id":"https:\/\/exceladvisor.org\/tr\/nesne-gerekli-hata-424\/#primaryimage"},"image":{"@id":"https:\/\/exceladvisor.org\/tr\/nesne-gerekli-hata-424\/#primaryimage"},"thumbnailUrl":"https:\/\/exceladvisor.org\/wp-content\/uploads\/2023\/08\/1-erreur-dobjet-vba-requise.png","datePublished":"2023-09-01T06:37:58+00:00","dateModified":"2023-12-10T06:06:44+00:00","description":"Bu e\u011fitimde, gerekli nesnenin (424 hatas\u0131) neden olu\u015ftu\u011funu ve VBA kodu yazarken bunun nas\u0131l ele al\u0131naca\u011f\u0131n\u0131 \u00f6\u011freneceksiniz.","breadcrumb":{"@id":"https:\/\/exceladvisor.org\/tr\/nesne-gerekli-hata-424\/#breadcrumb"},"inLanguage":"tr","potentialAction":[{"@type":"ReadAction","target":["https:\/\/exceladvisor.org\/tr\/nesne-gerekli-hata-424\/"]}]},{"@type":"ImageObject","inLanguage":"tr","@id":"https:\/\/exceladvisor.org\/tr\/nesne-gerekli-hata-424\/#primaryimage","url":"https:\/\/exceladvisor.org\/wp-content\/uploads\/2023\/08\/1-erreur-dobjet-vba-requise.png","contentUrl":"https:\/\/exceladvisor.org\/wp-content\/uploads\/2023\/08\/1-erreur-dobjet-vba-requise.png"},{"@type":"BreadcrumbList","@id":"https:\/\/exceladvisor.org\/tr\/nesne-gerekli-hata-424\/#breadcrumb","itemListElement":[{"@type":"ListItem","position":1,"name":"Ev","item":"https:\/\/exceladvisor.org\/tr\/"},{"@type":"ListItem","position":2,"name":"Vba nesnesi gerekli hatas\u0131 nas\u0131l d\u00fczeltilir?"}]},{"@type":"WebSite","@id":"https:\/\/exceladvisor.org\/tr\/#website","url":"https:\/\/exceladvisor.org\/tr\/","name":"Excel Advisor","description":"Veri hakimiyetine y\u00f6nelik nihai rehberiniz!","publisher":{"@id":"https:\/\/exceladvisor.org\/tr\/#organization"},"potentialAction":[{"@type":"SearchAction","target":{"@type":"EntryPoint","urlTemplate":"https:\/\/exceladvisor.org\/tr\/?s={search_term_string}"},"query-input":{"@type":"PropertyValueSpecification","valueRequired":true,"valueName":"search_term_string"}}],"inLanguage":"tr"},{"@type":"Organization","@id":"https:\/\/exceladvisor.org\/tr\/#organization","name":"Excel Advisor","url":"https:\/\/exceladvisor.org\/tr\/","logo":{"@type":"ImageObject","inLanguage":"tr","@id":"https:\/\/exceladvisor.org\/tr\/#\/schema\/logo\/image\/","url":"https:\/\/exceladvisor.org\/tr\/wp-content\/uploads\/2023\/12\/exceladvisor.org_.png","contentUrl":"https:\/\/exceladvisor.org\/tr\/wp-content\/uploads\/2023\/12\/exceladvisor.org_.png","width":105,"height":36,"caption":"Excel Advisor"},"image":{"@id":"https:\/\/exceladvisor.org\/tr\/#\/schema\/logo\/image\/"}}]}},"yoast_meta":{"yoast_wpseo_title":"","yoast_wpseo_metadesc":"","yoast_wpseo_canonical":""},"_links":{"self":[{"href":"https:\/\/exceladvisor.org\/tr\/wp-json\/wp\/v2\/pages\/2213","targetHints":{"allow":["GET"]}}],"collection":[{"href":"https:\/\/exceladvisor.org\/tr\/wp-json\/wp\/v2\/pages"}],"about":[{"href":"https:\/\/exceladvisor.org\/tr\/wp-json\/wp\/v2\/types\/page"}],"author":[{"embeddable":true,"href":"https:\/\/exceladvisor.org\/tr\/wp-json\/wp\/v2\/users\/1"}],"replies":[{"embeddable":true,"href":"https:\/\/exceladvisor.org\/tr\/wp-json\/wp\/v2\/comments?post=2213"}],"version-history":[{"count":1,"href":"https:\/\/exceladvisor.org\/tr\/wp-json\/wp\/v2\/pages\/2213\/revisions"}],"predecessor-version":[{"id":2888,"href":"https:\/\/exceladvisor.org\/tr\/wp-json\/wp\/v2\/pages\/2213\/revisions\/2888"}],"wp:attachment":[{"href":"https:\/\/exceladvisor.org\/tr\/wp-json\/wp\/v2\/media?parent=2213"}],"curies":[{"name":"wp","href":"https:\/\/api.w.org\/{rel}","templated":true}]}}